{"id":16895,"date":"2024-12-05T15:51:46","date_gmt":"2024-12-05T13:51:46","guid":{"rendered":"https:\/\/teknologiateollisuus.fi\/jasenille\/?post_type=product&#038;p=16895"},"modified":"2026-04-28T10:33:10","modified_gmt":"2026-04-28T07:33:10","slug":"palkkarakenneopas-teknologiateollisuuden-tyoehtosopimus","status":"publish","type":"product","link":"https:\/\/teknologiateollisuus.fi\/jasenille\/julkaisu\/palkkarakenneopas-teknologiateollisuuden-tyoehtosopimus\/","title":{"rendered":"Palkkarakenneopas (Teknologiateollisuuden ty\u00f6ehtosopimus)"},"content":{"rendered":"<p>Teknologiateollisuuden ty\u00f6ehtosopimuksen palkkam\u00e4\u00e4r\u00e4ysten pohjalta Teknologiateollisuus ry ja Teollisuusliitto ry ovat yhdess\u00e4 laatineet oppaan, joka on tarkoitettu k\u00e4ytett\u00e4v\u00e4ksi sek\u00e4 liittojen j\u00e4rjest\u00e4m\u00e4ss\u00e4 ett\u00e4 ty\u00f6paikkojen omassa palkkarakennekoulutuksessa.<\/p>\n<p>Opasta voidaan k\u00e4ytt\u00e4\u00e4 my\u00f6s erilaisissa palkkaj\u00e4rjestelmien kehitt\u00e4mis- ja yll\u00e4pitotilanteissa. Oppaassa esitet\u00e4\u00e4n Teknologiateollisuuden ty\u00f6ehtosopimuksessa sovitut ja kirjatut palkitsemisen l\u00e4ht\u00f6kohdat palkkauksen perusteista, ty\u00f6n vaativuuden ja henkil\u00f6n p\u00e4tevyyden m\u00e4\u00e4ritt\u00e4misest\u00e4, k\u00e4ytett\u00e4vist\u00e4 palkkaustavoista, t\u00e4ydent\u00e4vist\u00e4 palkkioista sek\u00e4 palkkaj\u00e4rjestelmien muutostilanteista, yll\u00e4pidosta ja kehitt\u00e4misest\u00e4. Keskeisten k\u00e4sitteiden ja lyhenteiden merkitys on koottu oppaan loppuun.<\/p>\n<p>Teknologiateollisuuden palkkarakenteen avulla toteutetaan oikeudenmukaista ja kannustavaa palkkaporrastusta ty\u00f6paikoilla. Opas tarjoaa perusteita ja kehyksi\u00e4 toimivan ty\u00f6paikkakohtaisesti laaditun palkkausj\u00e4rjestelm\u00e4n rakentamiseen. Oppaassa otetaan kantaa my\u00f6s palkitsemisen kokonaisuuteen ja palkkaukseen osana yrityksen johtamisj\u00e4rjestelm\u00e4\u00e4. Ty\u00f6paikoilla k\u00e4ytetty palkkatermist\u00f6 saattaa olla hieman erilaista kuin ty\u00f6ehtosopimuksen palkkarakenteeseen kirjoitettu; samoista asioista saatetaan k\u00e4ytt\u00e4\u00e4 toisistaan poikkeavia nimityksi\u00e4 ja erilaisia ilmaisuja. Tarpeettomien ep\u00e4selvyyksien v\u00e4ltt\u00e4miseksi on suositeltavaa selvitt\u00e4\u00e4 paikallisen palkkarakennesovelluksen sis\u00e4lt\u00f6 ja tarkoitus suhteessa oppaassa k\u00e4ytettyihin k\u00e4sitteisiin.<\/p>\n<p>Palkkarakenneaineisto ja aineistossa esitetyt k\u00e4sitteet kattavat kaikki tarpeelliset ja tavanomaiset palkanm\u00e4\u00e4ritystilanteet. Kokonaisvaltaisten palkitsemisen kehityshankkeiden yhteydess\u00e4 suosittelemme tutustumista my\u00f6s muuhun liittojen yhteisesti laatimaan palkitsemismateriaaliin ja tarvittaessa ottamaan yhteytt\u00e4 liittojen edustajiin.<\/p>\n","protected":false},"excerpt":{"rendered":"<p>Teknologiateollisuuden ty\u00f6ehtosopimuksen palkkam\u00e4\u00e4r\u00e4ysten pohjalta Teknologiateollisuus ry ja Teollisuusliitto ry ovat yhdess\u00e4 laatineet oppaan, joka on tarkoitettu k\u00e4ytett\u00e4v\u00e4ksi sek\u00e4 liittojen j\u00e4rjest\u00e4m\u00e4ss\u00e4 ett\u00e4 ty\u00f6paikkojen omassa palkkarakennekoulutuksessa. Opasta voidaan k\u00e4ytt\u00e4\u00e4 my\u00f6s erilaisissa palkkaj\u00e4rjestelmien kehitt\u00e4mis- ja yll\u00e4pitotilanteissa.<\/p>\n","protected":false},"featured_media":29862,"template":"","meta":{"_acf_changed":false,"_relevanssi_hide_post":"","_relevanssi_hide_content":"","_relevanssi_pin_for_all":"","_relevanssi_pin_keywords":"","_relevanssi_unpin_keywords":"","_relevanssi_related_keywords":"","_relevanssi_related_include_ids":"","_relevanssi_related_exclude_ids":"","_relevanssi_related_no_append":"","_relevanssi_related_not_related":"","_relevanssi_related_posts":"","_relevanssi_noindex_reason":"Relevanssin liitetiedostojen k\u00e4sittelyWooCommerce Yoast SEO Relevanssin indeksointiesto","inline_featured_image":false,"growthstack-ab-test":[],"growthstack-ab-test-views":[]},"product_brand":[],"product_cat":[809],"product_tag":[834,728],"class_list":{"0":"post-16895","1":"product","2":"type-product","3":"status-publish","4":"has-post-thumbnail","6":"product_cat-oppaat","7":"product_tag-teknologiateollisuuden-tes","8":"product_tag-tyosuhdeasiat-ja-tyoelama","9":"product_shipping_class-kirja","11":"first","12":"instock","13":"taxable","14":"shipping-taxable","15":"purchasable","16":"product-type-simple"},"acf":{"creators":"","member_discount":15,"attachments":null,"links":null,"product_recommendations":{"number_of_products":10,"recommendation_basis":"date"}},"yoast_head":"<!-- This site is optimized with the Yoast SEO Premium plugin v27.5 (Yoast SEO v27.5) - https:\/\/yoast.com\/product\/yoast-seo-premium-wordpress\/ -->\n<title>Palkkarakenneopas (Teknologiateollisuuden ty\u00f6ehtosopimus) - Teknologiateollisuus - J\u00e4senille<\/title>\n<meta name=\"robots\" content=\"index, follow, max-snippet:-1, max-image-preview:large, max-video-preview:-1\" \/>\n<link rel=\"canonical\" href=\"https:\/\/teknologiateollisuus.fi\/jasenille\/julkaisu\/palkkarakenneopas-teknologiateollisuuden-tyoehtosopimus\/\" \/>\n<meta property=\"og:locale\" content=\"fi_FI\" \/>\n<meta property=\"og:type\" content=\"article\" \/>\n<meta property=\"og:title\" content=\"Palkkarakenneopas (Teknologiateollisuuden ty\u00f6ehtosopimus)\" \/>\n<meta property=\"og:description\" content=\"Teknologiateollisuuden ty\u00f6ehtosopimuksen palkkam\u00e4\u00e4r\u00e4ysten pohjalta Teknologiateollisuus ry ja Teollisuusliitto ry ovat yhdess\u00e4 laatineet oppaan, joka on tarkoitettu k\u00e4ytett\u00e4v\u00e4ksi sek\u00e4 liittojen j\u00e4rjest\u00e4m\u00e4ss\u00e4 ett\u00e4 ty\u00f6paikkojen omassa palkkarakennekoulutuksessa. Opasta voidaan k\u00e4ytt\u00e4\u00e4 my\u00f6s erilaisissa palkkaj\u00e4rjestelmien kehitt\u00e4mis- ja yll\u00e4pitotilanteissa.\" \/>\n<meta property=\"og:url\" content=\"https:\/\/teknologiateollisuus.fi\/jasenille\/julkaisu\/palkkarakenneopas-teknologiateollisuuden-tyoehtosopimus\/\" \/>\n<meta property=\"og:site_name\" content=\"Teknologiateollisuus - J\u00e4senille\" \/>\n<meta property=\"article:modified_time\" content=\"2026-04-28T07:33:10+00:00\" \/>\n<meta property=\"og:image\" content=\"https:\/\/teknologiateollisuus.fi\/jasenille\/wp-content\/uploads\/sites\/1\/2026\/04\/kirja-palkkarakenneopas-with-small-pdf-icon-770-900-vihrea-2.png\" \/>\n\t<meta property=\"og:image:width\" content=\"770\" \/>\n\t<meta property=\"og:image:height\" content=\"900\" \/>\n\t<meta property=\"og:image:type\" content=\"image\/png\" \/>\n<meta name=\"twitter:card\" content=\"summary_large_image\" \/>\n<meta name=\"twitter:label1\" content=\"Arvioitu lukuaika\" \/>\n\t<meta name=\"twitter:data1\" content=\"2 minuuttia\" \/>\n<script type=\"application\/ld+json\" class=\"yoast-schema-graph\">{\"@context\":\"https:\\\/\\\/schema.org\",\"@graph\":[{\"@type\":\"WebPage\",\"@id\":\"https:\\\/\\\/teknologiateollisuus.fi\\\/jasenille\\\/julkaisu\\\/palkkarakenneopas-teknologiateollisuuden-tyoehtosopimus\\\/\",\"url\":\"https:\\\/\\\/teknologiateollisuus.fi\\\/jasenille\\\/julkaisu\\\/palkkarakenneopas-teknologiateollisuuden-tyoehtosopimus\\\/\",\"name\":\"Palkkarakenneopas (Teknologiateollisuuden ty\u00f6ehtosopimus) - Teknologiateollisuus - J\u00e4senille\",\"isPartOf\":{\"@id\":\"https:\\\/\\\/teknologiateollisuus.fi\\\/jasenille\\\/#website\"},\"primaryImageOfPage\":{\"@id\":\"https:\\\/\\\/teknologiateollisuus.fi\\\/jasenille\\\/julkaisu\\\/palkkarakenneopas-teknologiateollisuuden-tyoehtosopimus\\\/#primaryimage\"},\"image\":{\"@id\":\"https:\\\/\\\/teknologiateollisuus.fi\\\/jasenille\\\/julkaisu\\\/palkkarakenneopas-teknologiateollisuuden-tyoehtosopimus\\\/#primaryimage\"},\"thumbnailUrl\":\"https:\\\/\\\/teknologiateollisuus.fi\\\/jasenille\\\/wp-content\\\/uploads\\\/sites\\\/1\\\/2026\\\/04\\\/kirja-palkkarakenneopas-with-small-pdf-icon-770-900-vihrea-2.png\",\"datePublished\":\"2024-12-05T13:51:46+00:00\",\"dateModified\":\"2026-04-28T07:33:10+00:00\",\"breadcrumb\":{\"@id\":\"https:\\\/\\\/teknologiateollisuus.fi\\\/jasenille\\\/julkaisu\\\/palkkarakenneopas-teknologiateollisuuden-tyoehtosopimus\\\/#breadcrumb\"},\"inLanguage\":\"fi\",\"potentialAction\":[{\"@type\":\"ReadAction\",\"target\":[\"https:\\\/\\\/teknologiateollisuus.fi\\\/jasenille\\\/julkaisu\\\/palkkarakenneopas-teknologiateollisuuden-tyoehtosopimus\\\/\"]}]},{\"@type\":\"ImageObject\",\"inLanguage\":\"fi\",\"@id\":\"https:\\\/\\\/teknologiateollisuus.fi\\\/jasenille\\\/julkaisu\\\/palkkarakenneopas-teknologiateollisuuden-tyoehtosopimus\\\/#primaryimage\",\"url\":\"https:\\\/\\\/teknologiateollisuus.fi\\\/jasenille\\\/wp-content\\\/uploads\\\/sites\\\/1\\\/2026\\\/04\\\/kirja-palkkarakenneopas-with-small-pdf-icon-770-900-vihrea-2.png\",\"contentUrl\":\"https:\\\/\\\/teknologiateollisuus.fi\\\/jasenille\\\/wp-content\\\/uploads\\\/sites\\\/1\\\/2026\\\/04\\\/kirja-palkkarakenneopas-with-small-pdf-icon-770-900-vihrea-2.png\",\"width\":770,\"height\":900},{\"@type\":\"BreadcrumbList\",\"@id\":\"https:\\\/\\\/teknologiateollisuus.fi\\\/jasenille\\\/julkaisu\\\/palkkarakenneopas-teknologiateollisuuden-tyoehtosopimus\\\/#breadcrumb\",\"itemListElement\":[{\"@type\":\"ListItem\",\"position\":1,\"name\":\"Home\",\"item\":\"https:\\\/\\\/teknologiateollisuus.fi\\\/jasenille\\\/\"},{\"@type\":\"ListItem\",\"position\":2,\"name\":\"Kaikki julkaisut\",\"item\":\"https:\\\/\\\/teknologiateollisuus.fi\\\/jasenille\\\/palvelut\\\/julkaisut\\\/kaikki-julkaisut\\\/\"},{\"@type\":\"ListItem\",\"position\":3,\"name\":\"Palkkarakenneopas (Teknologiateollisuuden ty\u00f6ehtosopimus)\"}]},{\"@type\":\"WebSite\",\"@id\":\"https:\\\/\\\/teknologiateollisuus.fi\\\/jasenille\\\/#website\",\"url\":\"https:\\\/\\\/teknologiateollisuus.fi\\\/jasenille\\\/\",\"name\":\"Teknologiateollisuus - J\u00e4senille\",\"description\":\"\",\"publisher\":{\"@id\":\"https:\\\/\\\/teknologiateollisuus.fi\\\/jasenille\\\/#organization\"},\"potentialAction\":[{\"@type\":\"SearchAction\",\"target\":{\"@type\":\"EntryPoint\",\"urlTemplate\":\"https:\\\/\\\/teknologiateollisuus.fi\\\/jasenille\\\/?s={search_term_string}\"},\"query-input\":{\"@type\":\"PropertyValueSpecification\",\"valueRequired\":true,\"valueName\":\"search_term_string\"}}],\"inLanguage\":\"fi\"},{\"@type\":\"Organization\",\"@id\":\"https:\\\/\\\/teknologiateollisuus.fi\\\/jasenille\\\/#organization\",\"name\":\"Teknologiateollisuus - J\u00e4senille\",\"url\":\"https:\\\/\\\/teknologiateollisuus.fi\\\/jasenille\\\/\",\"logo\":{\"@type\":\"ImageObject\",\"inLanguage\":\"fi\",\"@id\":\"https:\\\/\\\/teknologiateollisuus.fi\\\/jasenille\\\/#\\\/schema\\\/logo\\\/image\\\/\",\"url\":\"https:\\\/\\\/teknologiateollisuus.fi\\\/jasenille\\\/wp-content\\\/uploads\\\/sites\\\/1\\\/2023\\\/10\\\/placeholder.png\",\"contentUrl\":\"https:\\\/\\\/teknologiateollisuus.fi\\\/jasenille\\\/wp-content\\\/uploads\\\/sites\\\/1\\\/2023\\\/10\\\/placeholder.png\",\"width\":2560,\"height\":1920,\"caption\":\"Teknologiateollisuus - J\u00e4senille\"},\"image\":{\"@id\":\"https:\\\/\\\/teknologiateollisuus.fi\\\/jasenille\\\/#\\\/schema\\\/logo\\\/image\\\/\"}}]}<\/script>\n<!-- \/ Yoast SEO Premium plugin. -->","yoast_head_json":{"title":"Palkkarakenneopas (Teknologiateollisuuden ty\u00f6ehtosopimus) - Teknologiateollisuus - J\u00e4senille","robots":{"index":"index","follow":"follow","max-snippet":"max-snippet:-1","max-image-preview":"max-image-preview:large","max-video-preview":"max-video-preview:-1"},"canonical":"https:\/\/teknologiateollisuus.fi\/jasenille\/julkaisu\/palkkarakenneopas-teknologiateollisuuden-tyoehtosopimus\/","og_locale":"fi_FI","og_type":"article","og_title":"Palkkarakenneopas (Teknologiateollisuuden ty\u00f6ehtosopimus)","og_description":"Teknologiateollisuuden ty\u00f6ehtosopimuksen palkkam\u00e4\u00e4r\u00e4ysten pohjalta Teknologiateollisuus ry ja Teollisuusliitto ry ovat yhdess\u00e4 laatineet oppaan, joka on tarkoitettu k\u00e4ytett\u00e4v\u00e4ksi sek\u00e4 liittojen j\u00e4rjest\u00e4m\u00e4ss\u00e4 ett\u00e4 ty\u00f6paikkojen omassa palkkarakennekoulutuksessa. Opasta voidaan k\u00e4ytt\u00e4\u00e4 my\u00f6s erilaisissa palkkaj\u00e4rjestelmien kehitt\u00e4mis- ja yll\u00e4pitotilanteissa.","og_url":"https:\/\/teknologiateollisuus.fi\/jasenille\/julkaisu\/palkkarakenneopas-teknologiateollisuuden-tyoehtosopimus\/","og_site_name":"Teknologiateollisuus - J\u00e4senille","article_modified_time":"2026-04-28T07:33:10+00:00","og_image":[{"width":770,"height":900,"url":"https:\/\/teknologiateollisuus.fi\/jasenille\/wp-content\/uploads\/sites\/1\/2026\/04\/kirja-palkkarakenneopas-with-small-pdf-icon-770-900-vihrea-2.png","type":"image\/png"}],"twitter_card":"summary_large_image","twitter_misc":{"Arvioitu lukuaika":"2 minuuttia"},"schema":{"@context":"https:\/\/schema.org","@graph":[{"@type":"WebPage","@id":"https:\/\/teknologiateollisuus.fi\/jasenille\/julkaisu\/palkkarakenneopas-teknologiateollisuuden-tyoehtosopimus\/","url":"https:\/\/teknologiateollisuus.fi\/jasenille\/julkaisu\/palkkarakenneopas-teknologiateollisuuden-tyoehtosopimus\/","name":"Palkkarakenneopas (Teknologiateollisuuden ty\u00f6ehtosopimus) - Teknologiateollisuus - J\u00e4senille","isPartOf":{"@id":"https:\/\/teknologiateollisuus.fi\/jasenille\/#website"},"primaryImageOfPage":{"@id":"https:\/\/teknologiateollisuus.fi\/jasenille\/julkaisu\/palkkarakenneopas-teknologiateollisuuden-tyoehtosopimus\/#primaryimage"},"image":{"@id":"https:\/\/teknologiateollisuus.fi\/jasenille\/julkaisu\/palkkarakenneopas-teknologiateollisuuden-tyoehtosopimus\/#primaryimage"},"thumbnailUrl":"https:\/\/teknologiateollisuus.fi\/jasenille\/wp-content\/uploads\/sites\/1\/2026\/04\/kirja-palkkarakenneopas-with-small-pdf-icon-770-900-vihrea-2.png","datePublished":"2024-12-05T13:51:46+00:00","dateModified":"2026-04-28T07:33:10+00:00","breadcrumb":{"@id":"https:\/\/teknologiateollisuus.fi\/jasenille\/julkaisu\/palkkarakenneopas-teknologiateollisuuden-tyoehtosopimus\/#breadcrumb"},"inLanguage":"fi","potentialAction":[{"@type":"ReadAction","target":["https:\/\/teknologiateollisuus.fi\/jasenille\/julkaisu\/palkkarakenneopas-teknologiateollisuuden-tyoehtosopimus\/"]}]},{"@type":"ImageObject","inLanguage":"fi","@id":"https:\/\/teknologiateollisuus.fi\/jasenille\/julkaisu\/palkkarakenneopas-teknologiateollisuuden-tyoehtosopimus\/#primaryimage","url":"https:\/\/teknologiateollisuus.fi\/jasenille\/wp-content\/uploads\/sites\/1\/2026\/04\/kirja-palkkarakenneopas-with-small-pdf-icon-770-900-vihrea-2.png","contentUrl":"https:\/\/teknologiateollisuus.fi\/jasenille\/wp-content\/uploads\/sites\/1\/2026\/04\/kirja-palkkarakenneopas-with-small-pdf-icon-770-900-vihrea-2.png","width":770,"height":900},{"@type":"BreadcrumbList","@id":"https:\/\/teknologiateollisuus.fi\/jasenille\/julkaisu\/palkkarakenneopas-teknologiateollisuuden-tyoehtosopimus\/#breadcrumb","itemListElement":[{"@type":"ListItem","position":1,"name":"Home","item":"https:\/\/teknologiateollisuus.fi\/jasenille\/"},{"@type":"ListItem","position":2,"name":"Kaikki julkaisut","item":"https:\/\/teknologiateollisuus.fi\/jasenille\/palvelut\/julkaisut\/kaikki-julkaisut\/"},{"@type":"ListItem","position":3,"name":"Palkkarakenneopas (Teknologiateollisuuden ty\u00f6ehtosopimus)"}]},{"@type":"WebSite","@id":"https:\/\/teknologiateollisuus.fi\/jasenille\/#website","url":"https:\/\/teknologiateollisuus.fi\/jasenille\/","name":"Teknologiateollisuus - J\u00e4senille","description":"","publisher":{"@id":"https:\/\/teknologiateollisuus.fi\/jasenille\/#organization"},"potentialAction":[{"@type":"SearchAction","target":{"@type":"EntryPoint","urlTemplate":"https:\/\/teknologiateollisuus.fi\/jasenille\/?s={search_term_string}"},"query-input":{"@type":"PropertyValueSpecification","valueRequired":true,"valueName":"search_term_string"}}],"inLanguage":"fi"},{"@type":"Organization","@id":"https:\/\/teknologiateollisuus.fi\/jasenille\/#organization","name":"Teknologiateollisuus - J\u00e4senille","url":"https:\/\/teknologiateollisuus.fi\/jasenille\/","logo":{"@type":"ImageObject","inLanguage":"fi","@id":"https:\/\/teknologiateollisuus.fi\/jasenille\/#\/schema\/logo\/image\/","url":"https:\/\/teknologiateollisuus.fi\/jasenille\/wp-content\/uploads\/sites\/1\/2023\/10\/placeholder.png","contentUrl":"https:\/\/teknologiateollisuus.fi\/jasenille\/wp-content\/uploads\/sites\/1\/2023\/10\/placeholder.png","width":2560,"height":1920,"caption":"Teknologiateollisuus - J\u00e4senille"},"image":{"@id":"https:\/\/teknologiateollisuus.fi\/jasenille\/#\/schema\/logo\/image\/"}}]}},"_links":{"self":[{"href":"https:\/\/teknologiateollisuus.fi\/jasenille\/wp-json\/wp\/v2\/product\/16895","targetHints":{"allow":["GET"]}}],"collection":[{"href":"https:\/\/teknologiateollisuus.fi\/jasenille\/wp-json\/wp\/v2\/product"}],"about":[{"href":"https:\/\/teknologiateollisuus.fi\/jasenille\/wp-json\/wp\/v2\/types\/product"}],"wp:featuredmedia":[{"embeddable":true,"href":"https:\/\/teknologiateollisuus.fi\/jasenille\/wp-json\/wp\/v2\/media\/29862"}],"wp:attachment":[{"href":"https:\/\/teknologiateollisuus.fi\/jasenille\/wp-json\/wp\/v2\/media?parent=16895"}],"wp:term":[{"taxonomy":"product_brand","embeddable":true,"href":"https:\/\/teknologiateollisuus.fi\/jasenille\/wp-json\/wp\/v2\/product_brand?post=16895"},{"taxonomy":"product_cat","embeddable":true,"href":"https:\/\/teknologiateollisuus.fi\/jasenille\/wp-json\/wp\/v2\/product_cat?post=16895"},{"taxonomy":"product_tag","embeddable":true,"href":"https:\/\/teknologiateollisuus.fi\/jasenille\/wp-json\/wp\/v2\/product_tag?post=16895"}],"curies":[{"name":"wp","href":"https:\/\/api.w.org\/{rel}","templated":true}]}}