{"id":16896,"date":"2024-12-05T15:53:51","date_gmt":"2024-12-05T13:53:51","guid":{"rendered":"https:\/\/teknologiateollisuus.fi\/jasenille\/?post_type=product&#038;p=16896"},"modified":"2026-01-02T12:01:55","modified_gmt":"2026-01-02T10:01:55","slug":"ruostumattomat-terakset-5-eripainos","status":"publish","type":"product","link":"https:\/\/teknologiateollisuus.fi\/jasenille\/julkaisu\/ruostumattomat-terakset-5-eripainos\/","title":{"rendered":"Ruostumattomat ter\u00e4kset 5. eripainos"},"content":{"rendered":"<p>Ruostumattomat ter\u00e4kset ovat v\u00e4hint\u00e4\u00e4n 10,5 painoprosenttia kromia sis\u00e4lt\u00e4vi\u00e4 seoster\u00e4ksi\u00e4. Niill\u00e4 on monipuoliset k\u00e4ytt\u00f6ominaisuudet ja matalat elinkaarikustannukset sek\u00e4 ovat t\u00e4ysin kierr\u00e4tett\u00e4vi\u00e4 materiaaleja.<\/p>\n<p>T\u00e4m\u00e4 ruostumattomien ter\u00e4sten ominaisuuksiin ja k\u00e4ytt\u00f6\u00f6n paneutuva kirja pohjautuu vuonna 2001 julkaistun Raaka-ainek\u00e4sikirjan osaan Muokatut ter\u00e4kset. Kyseiseen kirjaan tehtiin tuolloin tiivis ruostumattomien ter\u00e4sten osio, josta on my\u00f6hemmin tehty eripainoksia. T\u00e4m\u00e4 kirja on viides eripainos.<\/p>\n<p>Aineisto on p\u00e4ivitetty vastaamaan paremmin nykyist\u00e4 ruostumattomien ter\u00e4sten valikoimaa ja k\u00e4ytt\u00f6\u00e4. Ferriittisten ter\u00e4sten ominaisuuksien aiempaa laajempi esittely on otettu mukaan niiden k\u00e4yt\u00f6n kasvun my\u00f6t\u00e4.<\/p>\n<p>P\u00e4\u00e4tavoitteena on esitell\u00e4 perusasiat tiiviiss\u00e4 ja lukijayst\u00e4v\u00e4llisess\u00e4 muodossa. Kirjassa on hakemisto, johon on lis\u00e4tty sanojen englanninkieliset k\u00e4\u00e4nn\u00f6kset. Uutena, kirjan k\u00e4ytt\u00f6\u00e4 laajentavana lis\u00e4yksen\u00e4 ovat kunkin kappaleen lopussa olevat kertauskysymykset. N\u00e4in kirja soveltuu aiempaa paremmin opiskelumateriaaliksi esimerkiksi ammatilliseen koulutukseen.<\/p>\n","protected":false},"excerpt":{"rendered":"<p>T\u00e4m\u00e4 ruostumattomien ter\u00e4sten ominaisuuksiin ja k\u00e4ytt\u00f6\u00f6n paneutuva kirja esittelee nykyist\u00e4 ruostumattomien ter\u00e4sten valikoimaa ja k\u00e4ytt\u00f6\u00e4. Ferriittisten ter\u00e4sten ominaisuuksien aiempaa laajempi esittely on otettu mukaan niiden k\u00e4yt\u00f6n kasvun my\u00f6t\u00e4.<\/p>\n","protected":false},"featured_media":25631,"template":"","meta":{"_acf_changed":false,"_relevanssi_hide_post":"","_relevanssi_hide_content":"","_relevanssi_pin_for_all":"","_relevanssi_pin_keywords":"","_relevanssi_unpin_keywords":"","_relevanssi_related_keywords":"","_relevanssi_related_include_ids":"","_relevanssi_related_exclude_ids":"","_relevanssi_related_no_append":"","_relevanssi_related_not_related":"","_relevanssi_related_posts":"","_relevanssi_noindex_reason":"","inline_featured_image":false,"growthstack-ab-test":[],"growthstack-ab-test-views":[]},"product_brand":[],"product_cat":[808],"product_tag":[731],"class_list":{"0":"post-16896","1":"product","2":"type-product","3":"status-publish","4":"has-post-thumbnail","6":"product_cat-muut-julkaisut","7":"product_tag-materiaalit","8":"product_shipping_class-kirja","10":"first","11":"instock","12":"taxable","13":"shipping-taxable","14":"purchasable","15":"product-type-simple"},"acf":{"creators":"Tero Taulavuori, Antero Kyr\u00f6l\u00e4inen, Timo Manninen","member_discount":15,"attachments":null,"links":null,"product_recommendations":{"number_of_products":10,"recommendation_basis":"date"}},"yoast_head":"<!-- This site is optimized with the Yoast SEO Premium plugin v27.1 (Yoast SEO v27.3) - https:\/\/yoast.com\/product\/yoast-seo-premium-wordpress\/ -->\n<title>Ruostumattomat ter\u00e4kset 5. eripainos - Teknologiateollisuus - J\u00e4senille<\/title>\n<meta name=\"robots\" content=\"index, follow, max-snippet:-1, max-image-preview:large, max-video-preview:-1\" \/>\n<link rel=\"canonical\" href=\"https:\/\/teknologiateollisuus.fi\/jasenille\/julkaisu\/ruostumattomat-terakset-5-eripainos\/\" \/>\n<meta property=\"og:locale\" content=\"fi_FI\" \/>\n<meta property=\"og:type\" content=\"article\" \/>\n<meta property=\"og:title\" content=\"Ruostumattomat ter\u00e4kset 5. eripainos\" \/>\n<meta property=\"og:description\" content=\"T\u00e4m\u00e4 ruostumattomien ter\u00e4sten ominaisuuksiin ja k\u00e4ytt\u00f6\u00f6n paneutuva kirja esittelee nykyist\u00e4 ruostumattomien ter\u00e4sten valikoimaa ja k\u00e4ytt\u00f6\u00e4. Ferriittisten ter\u00e4sten ominaisuuksien aiempaa laajempi esittely on otettu mukaan niiden k\u00e4yt\u00f6n kasvun my\u00f6t\u00e4.\" \/>\n<meta property=\"og:url\" content=\"https:\/\/teknologiateollisuus.fi\/jasenille\/julkaisu\/ruostumattomat-terakset-5-eripainos\/\" \/>\n<meta property=\"og:site_name\" content=\"Teknologiateollisuus - J\u00e4senille\" \/>\n<meta property=\"article:modified_time\" content=\"2026-01-02T10:01:55+00:00\" \/>\n<meta property=\"og:image\" content=\"https:\/\/teknologiateollisuus.fi\/jasenille\/wp-content\/uploads\/sites\/1\/2024\/12\/kirja-ruostumattomat-terakset-770-900.jpg\" \/>\n\t<meta property=\"og:image:width\" content=\"770\" \/>\n\t<meta property=\"og:image:height\" content=\"900\" \/>\n\t<meta property=\"og:image:type\" content=\"image\/jpeg\" \/>\n<meta name=\"twitter:card\" content=\"summary_large_image\" \/>\n<meta name=\"twitter:label1\" content=\"Arvioitu lukuaika\" \/>\n\t<meta name=\"twitter:data1\" content=\"1 minuutti\" \/>\n<script type=\"application\/ld+json\" class=\"yoast-schema-graph\">{\"@context\":\"https:\\\/\\\/schema.org\",\"@graph\":[{\"@type\":\"WebPage\",\"@id\":\"https:\\\/\\\/teknologiateollisuus.fi\\\/jasenille\\\/julkaisu\\\/ruostumattomat-terakset-5-eripainos\\\/\",\"url\":\"https:\\\/\\\/teknologiateollisuus.fi\\\/jasenille\\\/julkaisu\\\/ruostumattomat-terakset-5-eripainos\\\/\",\"name\":\"Ruostumattomat ter\u00e4kset 5. eripainos - Teknologiateollisuus - J\u00e4senille\",\"isPartOf\":{\"@id\":\"https:\\\/\\\/teknologiateollisuus.fi\\\/jasenille\\\/#website\"},\"primaryImageOfPage\":{\"@id\":\"https:\\\/\\\/teknologiateollisuus.fi\\\/jasenille\\\/julkaisu\\\/ruostumattomat-terakset-5-eripainos\\\/#primaryimage\"},\"image\":{\"@id\":\"https:\\\/\\\/teknologiateollisuus.fi\\\/jasenille\\\/julkaisu\\\/ruostumattomat-terakset-5-eripainos\\\/#primaryimage\"},\"thumbnailUrl\":\"https:\\\/\\\/teknologiateollisuus.fi\\\/jasenille\\\/wp-content\\\/uploads\\\/sites\\\/1\\\/2024\\\/12\\\/kirja-ruostumattomat-terakset-770-900.jpg\",\"datePublished\":\"2024-12-05T13:53:51+00:00\",\"dateModified\":\"2026-01-02T10:01:55+00:00\",\"breadcrumb\":{\"@id\":\"https:\\\/\\\/teknologiateollisuus.fi\\\/jasenille\\\/julkaisu\\\/ruostumattomat-terakset-5-eripainos\\\/#breadcrumb\"},\"inLanguage\":\"fi\",\"potentialAction\":[{\"@type\":\"ReadAction\",\"target\":[\"https:\\\/\\\/teknologiateollisuus.fi\\\/jasenille\\\/julkaisu\\\/ruostumattomat-terakset-5-eripainos\\\/\"]}]},{\"@type\":\"ImageObject\",\"inLanguage\":\"fi\",\"@id\":\"https:\\\/\\\/teknologiateollisuus.fi\\\/jasenille\\\/julkaisu\\\/ruostumattomat-terakset-5-eripainos\\\/#primaryimage\",\"url\":\"https:\\\/\\\/teknologiateollisuus.fi\\\/jasenille\\\/wp-content\\\/uploads\\\/sites\\\/1\\\/2024\\\/12\\\/kirja-ruostumattomat-terakset-770-900.jpg\",\"contentUrl\":\"https:\\\/\\\/teknologiateollisuus.fi\\\/jasenille\\\/wp-content\\\/uploads\\\/sites\\\/1\\\/2024\\\/12\\\/kirja-ruostumattomat-terakset-770-900.jpg\",\"width\":770,\"height\":900},{\"@type\":\"BreadcrumbList\",\"@id\":\"https:\\\/\\\/teknologiateollisuus.fi\\\/jasenille\\\/julkaisu\\\/ruostumattomat-terakset-5-eripainos\\\/#breadcrumb\",\"itemListElement\":[{\"@type\":\"ListItem\",\"position\":1,\"name\":\"Home\",\"item\":\"https:\\\/\\\/teknologiateollisuus.fi\\\/jasenille\\\/\"},{\"@type\":\"ListItem\",\"position\":2,\"name\":\"Kaikki julkaisut\",\"item\":\"https:\\\/\\\/teknologiateollisuus.fi\\\/jasenille\\\/palvelut\\\/julkaisut\\\/kaikki-julkaisut\\\/\"},{\"@type\":\"ListItem\",\"position\":3,\"name\":\"Ruostumattomat ter\u00e4kset 5. eripainos\"}]},{\"@type\":\"WebSite\",\"@id\":\"https:\\\/\\\/teknologiateollisuus.fi\\\/jasenille\\\/#website\",\"url\":\"https:\\\/\\\/teknologiateollisuus.fi\\\/jasenille\\\/\",\"name\":\"Teknologiateollisuus - J\u00e4senille\",\"description\":\"\",\"publisher\":{\"@id\":\"https:\\\/\\\/teknologiateollisuus.fi\\\/jasenille\\\/#organization\"},\"potentialAction\":[{\"@type\":\"SearchAction\",\"target\":{\"@type\":\"EntryPoint\",\"urlTemplate\":\"https:\\\/\\\/teknologiateollisuus.fi\\\/jasenille\\\/?s={search_term_string}\"},\"query-input\":{\"@type\":\"PropertyValueSpecification\",\"valueRequired\":true,\"valueName\":\"search_term_string\"}}],\"inLanguage\":\"fi\"},{\"@type\":\"Organization\",\"@id\":\"https:\\\/\\\/teknologiateollisuus.fi\\\/jasenille\\\/#organization\",\"name\":\"Teknologiateollisuus - J\u00e4senille\",\"url\":\"https:\\\/\\\/teknologiateollisuus.fi\\\/jasenille\\\/\",\"logo\":{\"@type\":\"ImageObject\",\"inLanguage\":\"fi\",\"@id\":\"https:\\\/\\\/teknologiateollisuus.fi\\\/jasenille\\\/#\\\/schema\\\/logo\\\/image\\\/\",\"url\":\"https:\\\/\\\/teknologiateollisuus.fi\\\/jasenille\\\/wp-content\\\/uploads\\\/sites\\\/1\\\/2023\\\/10\\\/placeholder.png\",\"contentUrl\":\"https:\\\/\\\/teknologiateollisuus.fi\\\/jasenille\\\/wp-content\\\/uploads\\\/sites\\\/1\\\/2023\\\/10\\\/placeholder.png\",\"width\":2560,\"height\":1920,\"caption\":\"Teknologiateollisuus - J\u00e4senille\"},\"image\":{\"@id\":\"https:\\\/\\\/teknologiateollisuus.fi\\\/jasenille\\\/#\\\/schema\\\/logo\\\/image\\\/\"}}]}<\/script>\n<!-- \/ Yoast SEO Premium plugin. -->","yoast_head_json":{"title":"Ruostumattomat ter\u00e4kset 5. eripainos - Teknologiateollisuus - J\u00e4senille","robots":{"index":"index","follow":"follow","max-snippet":"max-snippet:-1","max-image-preview":"max-image-preview:large","max-video-preview":"max-video-preview:-1"},"canonical":"https:\/\/teknologiateollisuus.fi\/jasenille\/julkaisu\/ruostumattomat-terakset-5-eripainos\/","og_locale":"fi_FI","og_type":"article","og_title":"Ruostumattomat ter\u00e4kset 5. eripainos","og_description":"T\u00e4m\u00e4 ruostumattomien ter\u00e4sten ominaisuuksiin ja k\u00e4ytt\u00f6\u00f6n paneutuva kirja esittelee nykyist\u00e4 ruostumattomien ter\u00e4sten valikoimaa ja k\u00e4ytt\u00f6\u00e4. Ferriittisten ter\u00e4sten ominaisuuksien aiempaa laajempi esittely on otettu mukaan niiden k\u00e4yt\u00f6n kasvun my\u00f6t\u00e4.","og_url":"https:\/\/teknologiateollisuus.fi\/jasenille\/julkaisu\/ruostumattomat-terakset-5-eripainos\/","og_site_name":"Teknologiateollisuus - J\u00e4senille","article_modified_time":"2026-01-02T10:01:55+00:00","og_image":[{"width":770,"height":900,"url":"https:\/\/teknologiateollisuus.fi\/jasenille\/wp-content\/uploads\/sites\/1\/2024\/12\/kirja-ruostumattomat-terakset-770-900.jpg","type":"image\/jpeg"}],"twitter_card":"summary_large_image","twitter_misc":{"Arvioitu lukuaika":"1 minuutti"},"schema":{"@context":"https:\/\/schema.org","@graph":[{"@type":"WebPage","@id":"https:\/\/teknologiateollisuus.fi\/jasenille\/julkaisu\/ruostumattomat-terakset-5-eripainos\/","url":"https:\/\/teknologiateollisuus.fi\/jasenille\/julkaisu\/ruostumattomat-terakset-5-eripainos\/","name":"Ruostumattomat ter\u00e4kset 5. eripainos - Teknologiateollisuus - J\u00e4senille","isPartOf":{"@id":"https:\/\/teknologiateollisuus.fi\/jasenille\/#website"},"primaryImageOfPage":{"@id":"https:\/\/teknologiateollisuus.fi\/jasenille\/julkaisu\/ruostumattomat-terakset-5-eripainos\/#primaryimage"},"image":{"@id":"https:\/\/teknologiateollisuus.fi\/jasenille\/julkaisu\/ruostumattomat-terakset-5-eripainos\/#primaryimage"},"thumbnailUrl":"https:\/\/teknologiateollisuus.fi\/jasenille\/wp-content\/uploads\/sites\/1\/2024\/12\/kirja-ruostumattomat-terakset-770-900.jpg","datePublished":"2024-12-05T13:53:51+00:00","dateModified":"2026-01-02T10:01:55+00:00","breadcrumb":{"@id":"https:\/\/teknologiateollisuus.fi\/jasenille\/julkaisu\/ruostumattomat-terakset-5-eripainos\/#breadcrumb"},"inLanguage":"fi","potentialAction":[{"@type":"ReadAction","target":["https:\/\/teknologiateollisuus.fi\/jasenille\/julkaisu\/ruostumattomat-terakset-5-eripainos\/"]}]},{"@type":"ImageObject","inLanguage":"fi","@id":"https:\/\/teknologiateollisuus.fi\/jasenille\/julkaisu\/ruostumattomat-terakset-5-eripainos\/#primaryimage","url":"https:\/\/teknologiateollisuus.fi\/jasenille\/wp-content\/uploads\/sites\/1\/2024\/12\/kirja-ruostumattomat-terakset-770-900.jpg","contentUrl":"https:\/\/teknologiateollisuus.fi\/jasenille\/wp-content\/uploads\/sites\/1\/2024\/12\/kirja-ruostumattomat-terakset-770-900.jpg","width":770,"height":900},{"@type":"BreadcrumbList","@id":"https:\/\/teknologiateollisuus.fi\/jasenille\/julkaisu\/ruostumattomat-terakset-5-eripainos\/#breadcrumb","itemListElement":[{"@type":"ListItem","position":1,"name":"Home","item":"https:\/\/teknologiateollisuus.fi\/jasenille\/"},{"@type":"ListItem","position":2,"name":"Kaikki julkaisut","item":"https:\/\/teknologiateollisuus.fi\/jasenille\/palvelut\/julkaisut\/kaikki-julkaisut\/"},{"@type":"ListItem","position":3,"name":"Ruostumattomat ter\u00e4kset 5. eripainos"}]},{"@type":"WebSite","@id":"https:\/\/teknologiateollisuus.fi\/jasenille\/#website","url":"https:\/\/teknologiateollisuus.fi\/jasenille\/","name":"Teknologiateollisuus - J\u00e4senille","description":"","publisher":{"@id":"https:\/\/teknologiateollisuus.fi\/jasenille\/#organization"},"potentialAction":[{"@type":"SearchAction","target":{"@type":"EntryPoint","urlTemplate":"https:\/\/teknologiateollisuus.fi\/jasenille\/?s={search_term_string}"},"query-input":{"@type":"PropertyValueSpecification","valueRequired":true,"valueName":"search_term_string"}}],"inLanguage":"fi"},{"@type":"Organization","@id":"https:\/\/teknologiateollisuus.fi\/jasenille\/#organization","name":"Teknologiateollisuus - J\u00e4senille","url":"https:\/\/teknologiateollisuus.fi\/jasenille\/","logo":{"@type":"ImageObject","inLanguage":"fi","@id":"https:\/\/teknologiateollisuus.fi\/jasenille\/#\/schema\/logo\/image\/","url":"https:\/\/teknologiateollisuus.fi\/jasenille\/wp-content\/uploads\/sites\/1\/2023\/10\/placeholder.png","contentUrl":"https:\/\/teknologiateollisuus.fi\/jasenille\/wp-content\/uploads\/sites\/1\/2023\/10\/placeholder.png","width":2560,"height":1920,"caption":"Teknologiateollisuus - J\u00e4senille"},"image":{"@id":"https:\/\/teknologiateollisuus.fi\/jasenille\/#\/schema\/logo\/image\/"}}]}},"_links":{"self":[{"href":"https:\/\/teknologiateollisuus.fi\/jasenille\/wp-json\/wp\/v2\/product\/16896","targetHints":{"allow":["GET"]}}],"collection":[{"href":"https:\/\/teknologiateollisuus.fi\/jasenille\/wp-json\/wp\/v2\/product"}],"about":[{"href":"https:\/\/teknologiateollisuus.fi\/jasenille\/wp-json\/wp\/v2\/types\/product"}],"wp:featuredmedia":[{"embeddable":true,"href":"https:\/\/teknologiateollisuus.fi\/jasenille\/wp-json\/wp\/v2\/media\/25631"}],"wp:attachment":[{"href":"https:\/\/teknologiateollisuus.fi\/jasenille\/wp-json\/wp\/v2\/media?parent=16896"}],"wp:term":[{"taxonomy":"product_brand","embeddable":true,"href":"https:\/\/teknologiateollisuus.fi\/jasenille\/wp-json\/wp\/v2\/product_brand?post=16896"},{"taxonomy":"product_cat","embeddable":true,"href":"https:\/\/teknologiateollisuus.fi\/jasenille\/wp-json\/wp\/v2\/product_cat?post=16896"},{"taxonomy":"product_tag","embeddable":true,"href":"https:\/\/teknologiateollisuus.fi\/jasenille\/wp-json\/wp\/v2\/product_tag?post=16896"}],"curies":[{"name":"wp","href":"https:\/\/api.w.org\/{rel}","templated":true}]}}