{"id":16898,"date":"2024-12-05T15:56:46","date_gmt":"2024-12-05T13:56:46","guid":{"rendered":"https:\/\/teknologiateollisuus.fi\/jasenille\/?post_type=product&#038;p=16898"},"modified":"2026-01-02T11:57:47","modified_gmt":"2026-01-02T09:57:47","slug":"suorituskykyiset-prosessit-hyodynna-spc-2-uudistettu-painos","status":"publish","type":"product","link":"https:\/\/teknologiateollisuus.fi\/jasenille\/julkaisu\/suorituskykyiset-prosessit-hyodynna-spc-2-uudistettu-painos\/","title":{"rendered":"Suorituskykyiset prosessit &#8211; hy\u00f6dynn\u00e4 SPC, 2. uudistettu painos"},"content":{"rendered":"<p>Tilastolliset menetelm\u00e4t prosessien ohjauksessa (SPC, Statistical Process Control) ovat laajalti k\u00e4yt\u00f6ss\u00e4 suomalaissa yrityksiss\u00e4. SPC soveltuu sek\u00e4 tuotanto- ett\u00e4 toimintoprosessien ohjaukseen. SPC:n avulla yritykset saavat luotettavaa tietoa prosessiensa suorituskyvyst\u00e4, jolloin sit\u00e4 voidaan jatkuvasti parantaa. Kirjassa kerrotaan k\u00e4yt\u00e4nn\u00f6nl\u00e4heisesti tilastollisten menetelmien k\u00e4ytt\u00f6\u00f6notosta ja soveltamisesta. Kirja johdattelee laatuajattelun ytimeen, esittelee tilastolliset laatuty\u00f6kalut ja sis\u00e4lt\u00e4\u00e4 runsaasti sovellusesimerkkej\u00e4. Kirja on tarkoitettu kaikille laadusta kiinnostuneille teht\u00e4v\u00e4st\u00e4, koulutuksesta ja organisaatiosta riippumatta. Kirjan ensimm\u00e4inen painos sai hyv\u00e4n vastaanoton.<\/p>\n<p>Toiseen painokseen kirjoittaja on tehnyt muutoksia, joissa sis\u00e4lt\u00f6\u00e4 on korjattu, lis\u00e4tty ja ajankohtaistettu lukijoiden antaman palautteen perusteella. Edelleen sis\u00e4lt\u00f6 on k\u00e4yt\u00e4nn\u00f6nl\u00e4heinen ja soveltuu kaikenlaisiin organisaatioihin.<\/p>\n","protected":false},"excerpt":{"rendered":"<p>SPC, Statistical Process Control -menetelm\u00e4t ovat laajalti k\u00e4yt\u00f6ss\u00e4 suomalaissa yrityksiss\u00e4 tuotanto- ja toimintoprosessien ohjauksessa. SPC:n avulla yritykset saavat luotettavaa tietoa prosessiensa suorituskyvyst\u00e4, jolloin sit\u00e4 voidaan jatkuvasti parantaa. Kirjassa kerrotaan k\u00e4yt\u00e4nn\u00f6nl\u00e4heisesti tilastollisten menetelmien k\u00e4ytt\u00f6\u00f6notosta ja soveltamisesta.<\/p>\n","protected":false},"featured_media":25629,"template":"","meta":{"_acf_changed":false,"_relevanssi_hide_post":"","_relevanssi_hide_content":"","_relevanssi_pin_for_all":"","_relevanssi_pin_keywords":"","_relevanssi_unpin_keywords":"","_relevanssi_related_keywords":"","_relevanssi_related_include_ids":"","_relevanssi_related_exclude_ids":"","_relevanssi_related_no_append":"","_relevanssi_related_not_related":"","_relevanssi_related_posts":"","_relevanssi_noindex_reason":"","inline_featured_image":false,"growthstack-ab-test":[],"growthstack-ab-test-views":[]},"product_brand":[],"product_cat":[808],"product_tag":[732],"class_list":{"0":"post-16898","1":"product","2":"type-product","3":"status-publish","4":"has-post-thumbnail","6":"product_cat-muut-julkaisut","7":"product_tag-laatu","8":"product_shipping_class-kirja","10":"first","11":"instock","12":"taxable","13":"shipping-taxable","14":"purchasable","15":"product-type-simple"},"acf":{"creators":"Rauno Salom\u00e4ki","member_discount":15,"attachments":null,"links":null,"product_recommendations":{"number_of_products":10,"recommendation_basis":"date"}},"yoast_head":"<!-- This site is optimized with the Yoast SEO Premium plugin v27.1 (Yoast SEO v27.3) - https:\/\/yoast.com\/product\/yoast-seo-premium-wordpress\/ -->\n<title>Suorituskykyiset prosessit - hy\u00f6dynn\u00e4 SPC, 2. uudistettu painos - Teknologiateollisuus - J\u00e4senille<\/title>\n<meta name=\"robots\" content=\"index, follow, max-snippet:-1, max-image-preview:large, max-video-preview:-1\" \/>\n<link rel=\"canonical\" href=\"https:\/\/teknologiateollisuus.fi\/jasenille\/julkaisu\/suorituskykyiset-prosessit-hyodynna-spc-2-uudistettu-painos\/\" \/>\n<meta property=\"og:locale\" content=\"fi_FI\" \/>\n<meta property=\"og:type\" content=\"article\" \/>\n<meta property=\"og:title\" content=\"Suorituskykyiset prosessit - hy\u00f6dynn\u00e4 SPC, 2. uudistettu painos\" \/>\n<meta property=\"og:description\" content=\"SPC, Statistical Process Control -menetelm\u00e4t ovat laajalti k\u00e4yt\u00f6ss\u00e4 suomalaissa yrityksiss\u00e4 tuotanto- ja toimintoprosessien ohjauksessa. SPC:n avulla yritykset saavat luotettavaa tietoa prosessiensa suorituskyvyst\u00e4, jolloin sit\u00e4 voidaan jatkuvasti parantaa. Kirjassa kerrotaan k\u00e4yt\u00e4nn\u00f6nl\u00e4heisesti tilastollisten menetelmien k\u00e4ytt\u00f6\u00f6notosta ja soveltamisesta.\" \/>\n<meta property=\"og:url\" content=\"https:\/\/teknologiateollisuus.fi\/jasenille\/julkaisu\/suorituskykyiset-prosessit-hyodynna-spc-2-uudistettu-painos\/\" \/>\n<meta property=\"og:site_name\" content=\"Teknologiateollisuus - J\u00e4senille\" \/>\n<meta property=\"article:modified_time\" content=\"2026-01-02T09:57:47+00:00\" \/>\n<meta property=\"og:image\" content=\"https:\/\/teknologiateollisuus.fi\/jasenille\/wp-content\/uploads\/sites\/1\/2024\/12\/kirja-hyodynna-spc-770-900.png\" \/>\n\t<meta property=\"og:image:width\" content=\"770\" \/>\n\t<meta property=\"og:image:height\" content=\"900\" \/>\n\t<meta property=\"og:image:type\" content=\"image\/png\" \/>\n<meta name=\"twitter:card\" content=\"summary_large_image\" \/>\n<meta name=\"twitter:label1\" content=\"Arvioitu lukuaika\" \/>\n\t<meta name=\"twitter:data1\" content=\"1 minuutti\" \/>\n<script type=\"application\/ld+json\" class=\"yoast-schema-graph\">{\"@context\":\"https:\\\/\\\/schema.org\",\"@graph\":[{\"@type\":\"WebPage\",\"@id\":\"https:\\\/\\\/teknologiateollisuus.fi\\\/jasenille\\\/julkaisu\\\/suorituskykyiset-prosessit-hyodynna-spc-2-uudistettu-painos\\\/\",\"url\":\"https:\\\/\\\/teknologiateollisuus.fi\\\/jasenille\\\/julkaisu\\\/suorituskykyiset-prosessit-hyodynna-spc-2-uudistettu-painos\\\/\",\"name\":\"Suorituskykyiset prosessit - hy\u00f6dynn\u00e4 SPC, 2. uudistettu painos - Teknologiateollisuus - J\u00e4senille\",\"isPartOf\":{\"@id\":\"https:\\\/\\\/teknologiateollisuus.fi\\\/jasenille\\\/#website\"},\"primaryImageOfPage\":{\"@id\":\"https:\\\/\\\/teknologiateollisuus.fi\\\/jasenille\\\/julkaisu\\\/suorituskykyiset-prosessit-hyodynna-spc-2-uudistettu-painos\\\/#primaryimage\"},\"image\":{\"@id\":\"https:\\\/\\\/teknologiateollisuus.fi\\\/jasenille\\\/julkaisu\\\/suorituskykyiset-prosessit-hyodynna-spc-2-uudistettu-painos\\\/#primaryimage\"},\"thumbnailUrl\":\"https:\\\/\\\/teknologiateollisuus.fi\\\/jasenille\\\/wp-content\\\/uploads\\\/sites\\\/1\\\/2024\\\/12\\\/kirja-hyodynna-spc-770-900.png\",\"datePublished\":\"2024-12-05T13:56:46+00:00\",\"dateModified\":\"2026-01-02T09:57:47+00:00\",\"breadcrumb\":{\"@id\":\"https:\\\/\\\/teknologiateollisuus.fi\\\/jasenille\\\/julkaisu\\\/suorituskykyiset-prosessit-hyodynna-spc-2-uudistettu-painos\\\/#breadcrumb\"},\"inLanguage\":\"fi\",\"potentialAction\":[{\"@type\":\"ReadAction\",\"target\":[\"https:\\\/\\\/teknologiateollisuus.fi\\\/jasenille\\\/julkaisu\\\/suorituskykyiset-prosessit-hyodynna-spc-2-uudistettu-painos\\\/\"]}]},{\"@type\":\"ImageObject\",\"inLanguage\":\"fi\",\"@id\":\"https:\\\/\\\/teknologiateollisuus.fi\\\/jasenille\\\/julkaisu\\\/suorituskykyiset-prosessit-hyodynna-spc-2-uudistettu-painos\\\/#primaryimage\",\"url\":\"https:\\\/\\\/teknologiateollisuus.fi\\\/jasenille\\\/wp-content\\\/uploads\\\/sites\\\/1\\\/2024\\\/12\\\/kirja-hyodynna-spc-770-900.png\",\"contentUrl\":\"https:\\\/\\\/teknologiateollisuus.fi\\\/jasenille\\\/wp-content\\\/uploads\\\/sites\\\/1\\\/2024\\\/12\\\/kirja-hyodynna-spc-770-900.png\",\"width\":770,\"height\":900},{\"@type\":\"BreadcrumbList\",\"@id\":\"https:\\\/\\\/teknologiateollisuus.fi\\\/jasenille\\\/julkaisu\\\/suorituskykyiset-prosessit-hyodynna-spc-2-uudistettu-painos\\\/#breadcrumb\",\"itemListElement\":[{\"@type\":\"ListItem\",\"position\":1,\"name\":\"Home\",\"item\":\"https:\\\/\\\/teknologiateollisuus.fi\\\/jasenille\\\/\"},{\"@type\":\"ListItem\",\"position\":2,\"name\":\"Kaikki julkaisut\",\"item\":\"https:\\\/\\\/teknologiateollisuus.fi\\\/jasenille\\\/palvelut\\\/julkaisut\\\/kaikki-julkaisut\\\/\"},{\"@type\":\"ListItem\",\"position\":3,\"name\":\"Suorituskykyiset prosessit &#8211; hy\u00f6dynn\u00e4 SPC, 2. uudistettu painos\"}]},{\"@type\":\"WebSite\",\"@id\":\"https:\\\/\\\/teknologiateollisuus.fi\\\/jasenille\\\/#website\",\"url\":\"https:\\\/\\\/teknologiateollisuus.fi\\\/jasenille\\\/\",\"name\":\"Teknologiateollisuus - J\u00e4senille\",\"description\":\"\",\"publisher\":{\"@id\":\"https:\\\/\\\/teknologiateollisuus.fi\\\/jasenille\\\/#organization\"},\"potentialAction\":[{\"@type\":\"SearchAction\",\"target\":{\"@type\":\"EntryPoint\",\"urlTemplate\":\"https:\\\/\\\/teknologiateollisuus.fi\\\/jasenille\\\/?s={search_term_string}\"},\"query-input\":{\"@type\":\"PropertyValueSpecification\",\"valueRequired\":true,\"valueName\":\"search_term_string\"}}],\"inLanguage\":\"fi\"},{\"@type\":\"Organization\",\"@id\":\"https:\\\/\\\/teknologiateollisuus.fi\\\/jasenille\\\/#organization\",\"name\":\"Teknologiateollisuus - J\u00e4senille\",\"url\":\"https:\\\/\\\/teknologiateollisuus.fi\\\/jasenille\\\/\",\"logo\":{\"@type\":\"ImageObject\",\"inLanguage\":\"fi\",\"@id\":\"https:\\\/\\\/teknologiateollisuus.fi\\\/jasenille\\\/#\\\/schema\\\/logo\\\/image\\\/\",\"url\":\"https:\\\/\\\/teknologiateollisuus.fi\\\/jasenille\\\/wp-content\\\/uploads\\\/sites\\\/1\\\/2023\\\/10\\\/placeholder.png\",\"contentUrl\":\"https:\\\/\\\/teknologiateollisuus.fi\\\/jasenille\\\/wp-content\\\/uploads\\\/sites\\\/1\\\/2023\\\/10\\\/placeholder.png\",\"width\":2560,\"height\":1920,\"caption\":\"Teknologiateollisuus - J\u00e4senille\"},\"image\":{\"@id\":\"https:\\\/\\\/teknologiateollisuus.fi\\\/jasenille\\\/#\\\/schema\\\/logo\\\/image\\\/\"}}]}<\/script>\n<!-- \/ Yoast SEO Premium plugin. -->","yoast_head_json":{"title":"Suorituskykyiset prosessit - hy\u00f6dynn\u00e4 SPC, 2. uudistettu painos - Teknologiateollisuus - J\u00e4senille","robots":{"index":"index","follow":"follow","max-snippet":"max-snippet:-1","max-image-preview":"max-image-preview:large","max-video-preview":"max-video-preview:-1"},"canonical":"https:\/\/teknologiateollisuus.fi\/jasenille\/julkaisu\/suorituskykyiset-prosessit-hyodynna-spc-2-uudistettu-painos\/","og_locale":"fi_FI","og_type":"article","og_title":"Suorituskykyiset prosessit - hy\u00f6dynn\u00e4 SPC, 2. uudistettu painos","og_description":"SPC, Statistical Process Control -menetelm\u00e4t ovat laajalti k\u00e4yt\u00f6ss\u00e4 suomalaissa yrityksiss\u00e4 tuotanto- ja toimintoprosessien ohjauksessa. SPC:n avulla yritykset saavat luotettavaa tietoa prosessiensa suorituskyvyst\u00e4, jolloin sit\u00e4 voidaan jatkuvasti parantaa. Kirjassa kerrotaan k\u00e4yt\u00e4nn\u00f6nl\u00e4heisesti tilastollisten menetelmien k\u00e4ytt\u00f6\u00f6notosta ja soveltamisesta.","og_url":"https:\/\/teknologiateollisuus.fi\/jasenille\/julkaisu\/suorituskykyiset-prosessit-hyodynna-spc-2-uudistettu-painos\/","og_site_name":"Teknologiateollisuus - J\u00e4senille","article_modified_time":"2026-01-02T09:57:47+00:00","og_image":[{"width":770,"height":900,"url":"https:\/\/teknologiateollisuus.fi\/jasenille\/wp-content\/uploads\/sites\/1\/2024\/12\/kirja-hyodynna-spc-770-900.png","type":"image\/png"}],"twitter_card":"summary_large_image","twitter_misc":{"Arvioitu lukuaika":"1 minuutti"},"schema":{"@context":"https:\/\/schema.org","@graph":[{"@type":"WebPage","@id":"https:\/\/teknologiateollisuus.fi\/jasenille\/julkaisu\/suorituskykyiset-prosessit-hyodynna-spc-2-uudistettu-painos\/","url":"https:\/\/teknologiateollisuus.fi\/jasenille\/julkaisu\/suorituskykyiset-prosessit-hyodynna-spc-2-uudistettu-painos\/","name":"Suorituskykyiset prosessit - hy\u00f6dynn\u00e4 SPC, 2. uudistettu painos - Teknologiateollisuus - J\u00e4senille","isPartOf":{"@id":"https:\/\/teknologiateollisuus.fi\/jasenille\/#website"},"primaryImageOfPage":{"@id":"https:\/\/teknologiateollisuus.fi\/jasenille\/julkaisu\/suorituskykyiset-prosessit-hyodynna-spc-2-uudistettu-painos\/#primaryimage"},"image":{"@id":"https:\/\/teknologiateollisuus.fi\/jasenille\/julkaisu\/suorituskykyiset-prosessit-hyodynna-spc-2-uudistettu-painos\/#primaryimage"},"thumbnailUrl":"https:\/\/teknologiateollisuus.fi\/jasenille\/wp-content\/uploads\/sites\/1\/2024\/12\/kirja-hyodynna-spc-770-900.png","datePublished":"2024-12-05T13:56:46+00:00","dateModified":"2026-01-02T09:57:47+00:00","breadcrumb":{"@id":"https:\/\/teknologiateollisuus.fi\/jasenille\/julkaisu\/suorituskykyiset-prosessit-hyodynna-spc-2-uudistettu-painos\/#breadcrumb"},"inLanguage":"fi","potentialAction":[{"@type":"ReadAction","target":["https:\/\/teknologiateollisuus.fi\/jasenille\/julkaisu\/suorituskykyiset-prosessit-hyodynna-spc-2-uudistettu-painos\/"]}]},{"@type":"ImageObject","inLanguage":"fi","@id":"https:\/\/teknologiateollisuus.fi\/jasenille\/julkaisu\/suorituskykyiset-prosessit-hyodynna-spc-2-uudistettu-painos\/#primaryimage","url":"https:\/\/teknologiateollisuus.fi\/jasenille\/wp-content\/uploads\/sites\/1\/2024\/12\/kirja-hyodynna-spc-770-900.png","contentUrl":"https:\/\/teknologiateollisuus.fi\/jasenille\/wp-content\/uploads\/sites\/1\/2024\/12\/kirja-hyodynna-spc-770-900.png","width":770,"height":900},{"@type":"BreadcrumbList","@id":"https:\/\/teknologiateollisuus.fi\/jasenille\/julkaisu\/suorituskykyiset-prosessit-hyodynna-spc-2-uudistettu-painos\/#breadcrumb","itemListElement":[{"@type":"ListItem","position":1,"name":"Home","item":"https:\/\/teknologiateollisuus.fi\/jasenille\/"},{"@type":"ListItem","position":2,"name":"Kaikki julkaisut","item":"https:\/\/teknologiateollisuus.fi\/jasenille\/palvelut\/julkaisut\/kaikki-julkaisut\/"},{"@type":"ListItem","position":3,"name":"Suorituskykyiset prosessit &#8211; hy\u00f6dynn\u00e4 SPC, 2. uudistettu painos"}]},{"@type":"WebSite","@id":"https:\/\/teknologiateollisuus.fi\/jasenille\/#website","url":"https:\/\/teknologiateollisuus.fi\/jasenille\/","name":"Teknologiateollisuus - J\u00e4senille","description":"","publisher":{"@id":"https:\/\/teknologiateollisuus.fi\/jasenille\/#organization"},"potentialAction":[{"@type":"SearchAction","target":{"@type":"EntryPoint","urlTemplate":"https:\/\/teknologiateollisuus.fi\/jasenille\/?s={search_term_string}"},"query-input":{"@type":"PropertyValueSpecification","valueRequired":true,"valueName":"search_term_string"}}],"inLanguage":"fi"},{"@type":"Organization","@id":"https:\/\/teknologiateollisuus.fi\/jasenille\/#organization","name":"Teknologiateollisuus - J\u00e4senille","url":"https:\/\/teknologiateollisuus.fi\/jasenille\/","logo":{"@type":"ImageObject","inLanguage":"fi","@id":"https:\/\/teknologiateollisuus.fi\/jasenille\/#\/schema\/logo\/image\/","url":"https:\/\/teknologiateollisuus.fi\/jasenille\/wp-content\/uploads\/sites\/1\/2023\/10\/placeholder.png","contentUrl":"https:\/\/teknologiateollisuus.fi\/jasenille\/wp-content\/uploads\/sites\/1\/2023\/10\/placeholder.png","width":2560,"height":1920,"caption":"Teknologiateollisuus - J\u00e4senille"},"image":{"@id":"https:\/\/teknologiateollisuus.fi\/jasenille\/#\/schema\/logo\/image\/"}}]}},"_links":{"self":[{"href":"https:\/\/teknologiateollisuus.fi\/jasenille\/wp-json\/wp\/v2\/product\/16898","targetHints":{"allow":["GET"]}}],"collection":[{"href":"https:\/\/teknologiateollisuus.fi\/jasenille\/wp-json\/wp\/v2\/product"}],"about":[{"href":"https:\/\/teknologiateollisuus.fi\/jasenille\/wp-json\/wp\/v2\/types\/product"}],"wp:featuredmedia":[{"embeddable":true,"href":"https:\/\/teknologiateollisuus.fi\/jasenille\/wp-json\/wp\/v2\/media\/25629"}],"wp:attachment":[{"href":"https:\/\/teknologiateollisuus.fi\/jasenille\/wp-json\/wp\/v2\/media?parent=16898"}],"wp:term":[{"taxonomy":"product_brand","embeddable":true,"href":"https:\/\/teknologiateollisuus.fi\/jasenille\/wp-json\/wp\/v2\/product_brand?post=16898"},{"taxonomy":"product_cat","embeddable":true,"href":"https:\/\/teknologiateollisuus.fi\/jasenille\/wp-json\/wp\/v2\/product_cat?post=16898"},{"taxonomy":"product_tag","embeddable":true,"href":"https:\/\/teknologiateollisuus.fi\/jasenille\/wp-json\/wp\/v2\/product_tag?post=16898"}],"curies":[{"name":"wp","href":"https:\/\/api.w.org\/{rel}","templated":true}]}}