{"id":16899,"date":"2024-12-05T15:58:00","date_gmt":"2024-12-05T13:58:00","guid":{"rendered":"https:\/\/teknologiateollisuus.fi\/jasenille\/?post_type=product&#038;p=16899"},"modified":"2026-01-02T11:45:57","modified_gmt":"2026-01-02T09:45:57","slug":"teknologia-potenssiin-x-kohtaa-tulevaisuus","status":"publish","type":"product","link":"https:\/\/teknologiateollisuus.fi\/jasenille\/julkaisu\/teknologia-potenssiin-x-kohtaa-tulevaisuus\/","title":{"rendered":"Teknologia potenssiin x \u2013 Kohtaa tulevaisuus"},"content":{"rendered":"<p>Teoksessa havainnollistetaan siirtym\u00e4\u00e4 lineaarisesta eksponentiaaliseen kasvuun. Kirjan ovat laatineet tanskalaiset disruption asiantuntijat Jannick B. Pedersen ja Anders Hvid.<\/p>\n<p>Kirjan tekij\u00f6iden tavoitteena on ennen muuta tehd\u00e4 eksponentiaalinen kehitys ymm\u00e4rrett\u00e4v\u00e4ksi ja saada aikaan keskustelua siit\u00e4, miten meid\u00e4n tulisi suhtautua uuden teknologian tuomiin muutoksiin. Teos my\u00f6s haastaa lukijansa kysym\u00e4ll\u00e4, miten teknologian muutos vaikuttaa h\u00e4nen el\u00e4m\u00e4\u00e4ns\u00e4 ja yrityksens\u00e4 toimintaan.<\/p>\n<p>Helppolukuisessa kirjassa kuvataan tietotekniikan, teko\u00e4lyn, 3D-tulostuksen, bioteknologian ja nanoteknologian kehityst\u00e4 ja odotettavissa olevia kehitysmurroksia. Yritysesimerkit havainnollistavat, miten teknologian muutos on tuhonnut yrityksi\u00e4 ja samalla luonut uusia markkinoita.<\/p>\n","protected":false},"excerpt":{"rendered":"<p>Kirjan tekij\u00f6iden tavoitteena on ennen muuta tehd\u00e4 eksponentiaalinen kehitys ymm\u00e4rrett\u00e4v\u00e4ksi ja saada aikaan keskustelua siit\u00e4, miten meid\u00e4n tulisi suhtautua uuden teknologian tuomiin muutoksiin. Teos my\u00f6s haastaa lukijansa kysym\u00e4ll\u00e4, miten teknologian muutos vaikuttaa h\u00e4nen el\u00e4m\u00e4\u00e4ns\u00e4 ja yrityksens\u00e4 toimintaan.<\/p>\n","protected":false},"featured_media":25679,"template":"","meta":{"_acf_changed":false,"_relevanssi_hide_post":"","_relevanssi_hide_content":"","_relevanssi_pin_for_all":"","_relevanssi_pin_keywords":"","_relevanssi_unpin_keywords":"","_relevanssi_related_keywords":"","_relevanssi_related_include_ids":"","_relevanssi_related_exclude_ids":"","_relevanssi_related_no_append":"","_relevanssi_related_not_related":"","_relevanssi_related_posts":"","_relevanssi_noindex_reason":"","inline_featured_image":false,"growthstack-ab-test":[],"growthstack-ab-test-views":[]},"product_brand":[],"product_cat":[808],"product_tag":[730],"class_list":{"0":"post-16899","1":"product","2":"type-product","3":"status-publish","4":"has-post-thumbnail","6":"product_cat-muut-julkaisut","7":"product_tag-liiketoiminta-ja-innovaatiot","8":"product_shipping_class-kirja","10":"first","11":"instock","12":"taxable","13":"shipping-taxable","14":"purchasable","15":"product-type-simple"},"acf":{"creators":"Jannick B. Pedersen,  Anders Hvid","member_discount":15,"attachments":null,"links":null,"product_recommendations":{"number_of_products":10,"recommendation_basis":"date"}},"yoast_head":"<!-- This site is optimized with the Yoast SEO Premium plugin v27.1 (Yoast SEO v27.4) - https:\/\/yoast.com\/product\/yoast-seo-premium-wordpress\/ -->\n<title>Teknologia potenssiin x \u2013 Kohtaa tulevaisuus - Teknologiateollisuus - J\u00e4senille<\/title>\n<meta name=\"robots\" content=\"index, follow, max-snippet:-1, max-image-preview:large, max-video-preview:-1\" \/>\n<link rel=\"canonical\" href=\"https:\/\/teknologiateollisuus.fi\/jasenille\/julkaisu\/teknologia-potenssiin-x-kohtaa-tulevaisuus\/\" \/>\n<meta property=\"og:locale\" content=\"fi_FI\" \/>\n<meta property=\"og:type\" content=\"article\" \/>\n<meta property=\"og:title\" content=\"Teknologia potenssiin x \u2013 Kohtaa tulevaisuus\" \/>\n<meta property=\"og:description\" content=\"Kirjan tekij\u00f6iden tavoitteena on ennen muuta tehd\u00e4 eksponentiaalinen kehitys ymm\u00e4rrett\u00e4v\u00e4ksi ja saada aikaan keskustelua siit\u00e4, miten meid\u00e4n tulisi suhtautua uuden teknologian tuomiin muutoksiin. Teos my\u00f6s haastaa lukijansa kysym\u00e4ll\u00e4, miten teknologian muutos vaikuttaa h\u00e4nen el\u00e4m\u00e4\u00e4ns\u00e4 ja yrityksens\u00e4 toimintaan.\" \/>\n<meta property=\"og:url\" content=\"https:\/\/teknologiateollisuus.fi\/jasenille\/julkaisu\/teknologia-potenssiin-x-kohtaa-tulevaisuus\/\" \/>\n<meta property=\"og:site_name\" content=\"Teknologiateollisuus - J\u00e4senille\" \/>\n<meta property=\"article:modified_time\" content=\"2026-01-02T09:45:57+00:00\" \/>\n<meta property=\"og:image\" content=\"https:\/\/teknologiateollisuus.fi\/jasenille\/wp-content\/uploads\/sites\/1\/2024\/12\/kirja-teknologia-tulevaisuus-770-900.png\" \/>\n\t<meta property=\"og:image:width\" content=\"770\" \/>\n\t<meta property=\"og:image:height\" content=\"900\" \/>\n\t<meta property=\"og:image:type\" content=\"image\/png\" \/>\n<meta name=\"twitter:card\" content=\"summary_large_image\" \/>\n<meta name=\"twitter:label1\" content=\"Arvioitu lukuaika\" \/>\n\t<meta name=\"twitter:data1\" content=\"1 minuutti\" \/>\n<script type=\"application\/ld+json\" class=\"yoast-schema-graph\">{\"@context\":\"https:\\\/\\\/schema.org\",\"@graph\":[{\"@type\":\"WebPage\",\"@id\":\"https:\\\/\\\/teknologiateollisuus.fi\\\/jasenille\\\/julkaisu\\\/teknologia-potenssiin-x-kohtaa-tulevaisuus\\\/\",\"url\":\"https:\\\/\\\/teknologiateollisuus.fi\\\/jasenille\\\/julkaisu\\\/teknologia-potenssiin-x-kohtaa-tulevaisuus\\\/\",\"name\":\"Teknologia potenssiin x \u2013 Kohtaa tulevaisuus - Teknologiateollisuus - J\u00e4senille\",\"isPartOf\":{\"@id\":\"https:\\\/\\\/teknologiateollisuus.fi\\\/jasenille\\\/#website\"},\"primaryImageOfPage\":{\"@id\":\"https:\\\/\\\/teknologiateollisuus.fi\\\/jasenille\\\/julkaisu\\\/teknologia-potenssiin-x-kohtaa-tulevaisuus\\\/#primaryimage\"},\"image\":{\"@id\":\"https:\\\/\\\/teknologiateollisuus.fi\\\/jasenille\\\/julkaisu\\\/teknologia-potenssiin-x-kohtaa-tulevaisuus\\\/#primaryimage\"},\"thumbnailUrl\":\"https:\\\/\\\/teknologiateollisuus.fi\\\/jasenille\\\/wp-content\\\/uploads\\\/sites\\\/1\\\/2024\\\/12\\\/kirja-teknologia-tulevaisuus-770-900.png\",\"datePublished\":\"2024-12-05T13:58:00+00:00\",\"dateModified\":\"2026-01-02T09:45:57+00:00\",\"breadcrumb\":{\"@id\":\"https:\\\/\\\/teknologiateollisuus.fi\\\/jasenille\\\/julkaisu\\\/teknologia-potenssiin-x-kohtaa-tulevaisuus\\\/#breadcrumb\"},\"inLanguage\":\"fi\",\"potentialAction\":[{\"@type\":\"ReadAction\",\"target\":[\"https:\\\/\\\/teknologiateollisuus.fi\\\/jasenille\\\/julkaisu\\\/teknologia-potenssiin-x-kohtaa-tulevaisuus\\\/\"]}]},{\"@type\":\"ImageObject\",\"inLanguage\":\"fi\",\"@id\":\"https:\\\/\\\/teknologiateollisuus.fi\\\/jasenille\\\/julkaisu\\\/teknologia-potenssiin-x-kohtaa-tulevaisuus\\\/#primaryimage\",\"url\":\"https:\\\/\\\/teknologiateollisuus.fi\\\/jasenille\\\/wp-content\\\/uploads\\\/sites\\\/1\\\/2024\\\/12\\\/kirja-teknologia-tulevaisuus-770-900.png\",\"contentUrl\":\"https:\\\/\\\/teknologiateollisuus.fi\\\/jasenille\\\/wp-content\\\/uploads\\\/sites\\\/1\\\/2024\\\/12\\\/kirja-teknologia-tulevaisuus-770-900.png\",\"width\":770,\"height\":900},{\"@type\":\"BreadcrumbList\",\"@id\":\"https:\\\/\\\/teknologiateollisuus.fi\\\/jasenille\\\/julkaisu\\\/teknologia-potenssiin-x-kohtaa-tulevaisuus\\\/#breadcrumb\",\"itemListElement\":[{\"@type\":\"ListItem\",\"position\":1,\"name\":\"Home\",\"item\":\"https:\\\/\\\/teknologiateollisuus.fi\\\/jasenille\\\/\"},{\"@type\":\"ListItem\",\"position\":2,\"name\":\"Kaikki julkaisut\",\"item\":\"https:\\\/\\\/teknologiateollisuus.fi\\\/jasenille\\\/palvelut\\\/julkaisut\\\/kaikki-julkaisut\\\/\"},{\"@type\":\"ListItem\",\"position\":3,\"name\":\"Teknologia potenssiin x \u2013 Kohtaa tulevaisuus\"}]},{\"@type\":\"WebSite\",\"@id\":\"https:\\\/\\\/teknologiateollisuus.fi\\\/jasenille\\\/#website\",\"url\":\"https:\\\/\\\/teknologiateollisuus.fi\\\/jasenille\\\/\",\"name\":\"Teknologiateollisuus - J\u00e4senille\",\"description\":\"\",\"publisher\":{\"@id\":\"https:\\\/\\\/teknologiateollisuus.fi\\\/jasenille\\\/#organization\"},\"potentialAction\":[{\"@type\":\"SearchAction\",\"target\":{\"@type\":\"EntryPoint\",\"urlTemplate\":\"https:\\\/\\\/teknologiateollisuus.fi\\\/jasenille\\\/?s={search_term_string}\"},\"query-input\":{\"@type\":\"PropertyValueSpecification\",\"valueRequired\":true,\"valueName\":\"search_term_string\"}}],\"inLanguage\":\"fi\"},{\"@type\":\"Organization\",\"@id\":\"https:\\\/\\\/teknologiateollisuus.fi\\\/jasenille\\\/#organization\",\"name\":\"Teknologiateollisuus - J\u00e4senille\",\"url\":\"https:\\\/\\\/teknologiateollisuus.fi\\\/jasenille\\\/\",\"logo\":{\"@type\":\"ImageObject\",\"inLanguage\":\"fi\",\"@id\":\"https:\\\/\\\/teknologiateollisuus.fi\\\/jasenille\\\/#\\\/schema\\\/logo\\\/image\\\/\",\"url\":\"https:\\\/\\\/teknologiateollisuus.fi\\\/jasenille\\\/wp-content\\\/uploads\\\/sites\\\/1\\\/2023\\\/10\\\/placeholder.png\",\"contentUrl\":\"https:\\\/\\\/teknologiateollisuus.fi\\\/jasenille\\\/wp-content\\\/uploads\\\/sites\\\/1\\\/2023\\\/10\\\/placeholder.png\",\"width\":2560,\"height\":1920,\"caption\":\"Teknologiateollisuus - J\u00e4senille\"},\"image\":{\"@id\":\"https:\\\/\\\/teknologiateollisuus.fi\\\/jasenille\\\/#\\\/schema\\\/logo\\\/image\\\/\"}}]}<\/script>\n<!-- \/ Yoast SEO Premium plugin. -->","yoast_head_json":{"title":"Teknologia potenssiin x \u2013 Kohtaa tulevaisuus - Teknologiateollisuus - J\u00e4senille","robots":{"index":"index","follow":"follow","max-snippet":"max-snippet:-1","max-image-preview":"max-image-preview:large","max-video-preview":"max-video-preview:-1"},"canonical":"https:\/\/teknologiateollisuus.fi\/jasenille\/julkaisu\/teknologia-potenssiin-x-kohtaa-tulevaisuus\/","og_locale":"fi_FI","og_type":"article","og_title":"Teknologia potenssiin x \u2013 Kohtaa tulevaisuus","og_description":"Kirjan tekij\u00f6iden tavoitteena on ennen muuta tehd\u00e4 eksponentiaalinen kehitys ymm\u00e4rrett\u00e4v\u00e4ksi ja saada aikaan keskustelua siit\u00e4, miten meid\u00e4n tulisi suhtautua uuden teknologian tuomiin muutoksiin. Teos my\u00f6s haastaa lukijansa kysym\u00e4ll\u00e4, miten teknologian muutos vaikuttaa h\u00e4nen el\u00e4m\u00e4\u00e4ns\u00e4 ja yrityksens\u00e4 toimintaan.","og_url":"https:\/\/teknologiateollisuus.fi\/jasenille\/julkaisu\/teknologia-potenssiin-x-kohtaa-tulevaisuus\/","og_site_name":"Teknologiateollisuus - J\u00e4senille","article_modified_time":"2026-01-02T09:45:57+00:00","og_image":[{"width":770,"height":900,"url":"https:\/\/teknologiateollisuus.fi\/jasenille\/wp-content\/uploads\/sites\/1\/2024\/12\/kirja-teknologia-tulevaisuus-770-900.png","type":"image\/png"}],"twitter_card":"summary_large_image","twitter_misc":{"Arvioitu lukuaika":"1 minuutti"},"schema":{"@context":"https:\/\/schema.org","@graph":[{"@type":"WebPage","@id":"https:\/\/teknologiateollisuus.fi\/jasenille\/julkaisu\/teknologia-potenssiin-x-kohtaa-tulevaisuus\/","url":"https:\/\/teknologiateollisuus.fi\/jasenille\/julkaisu\/teknologia-potenssiin-x-kohtaa-tulevaisuus\/","name":"Teknologia potenssiin x \u2013 Kohtaa tulevaisuus - Teknologiateollisuus - J\u00e4senille","isPartOf":{"@id":"https:\/\/teknologiateollisuus.fi\/jasenille\/#website"},"primaryImageOfPage":{"@id":"https:\/\/teknologiateollisuus.fi\/jasenille\/julkaisu\/teknologia-potenssiin-x-kohtaa-tulevaisuus\/#primaryimage"},"image":{"@id":"https:\/\/teknologiateollisuus.fi\/jasenille\/julkaisu\/teknologia-potenssiin-x-kohtaa-tulevaisuus\/#primaryimage"},"thumbnailUrl":"https:\/\/teknologiateollisuus.fi\/jasenille\/wp-content\/uploads\/sites\/1\/2024\/12\/kirja-teknologia-tulevaisuus-770-900.png","datePublished":"2024-12-05T13:58:00+00:00","dateModified":"2026-01-02T09:45:57+00:00","breadcrumb":{"@id":"https:\/\/teknologiateollisuus.fi\/jasenille\/julkaisu\/teknologia-potenssiin-x-kohtaa-tulevaisuus\/#breadcrumb"},"inLanguage":"fi","potentialAction":[{"@type":"ReadAction","target":["https:\/\/teknologiateollisuus.fi\/jasenille\/julkaisu\/teknologia-potenssiin-x-kohtaa-tulevaisuus\/"]}]},{"@type":"ImageObject","inLanguage":"fi","@id":"https:\/\/teknologiateollisuus.fi\/jasenille\/julkaisu\/teknologia-potenssiin-x-kohtaa-tulevaisuus\/#primaryimage","url":"https:\/\/teknologiateollisuus.fi\/jasenille\/wp-content\/uploads\/sites\/1\/2024\/12\/kirja-teknologia-tulevaisuus-770-900.png","contentUrl":"https:\/\/teknologiateollisuus.fi\/jasenille\/wp-content\/uploads\/sites\/1\/2024\/12\/kirja-teknologia-tulevaisuus-770-900.png","width":770,"height":900},{"@type":"BreadcrumbList","@id":"https:\/\/teknologiateollisuus.fi\/jasenille\/julkaisu\/teknologia-potenssiin-x-kohtaa-tulevaisuus\/#breadcrumb","itemListElement":[{"@type":"ListItem","position":1,"name":"Home","item":"https:\/\/teknologiateollisuus.fi\/jasenille\/"},{"@type":"ListItem","position":2,"name":"Kaikki julkaisut","item":"https:\/\/teknologiateollisuus.fi\/jasenille\/palvelut\/julkaisut\/kaikki-julkaisut\/"},{"@type":"ListItem","position":3,"name":"Teknologia potenssiin x \u2013 Kohtaa tulevaisuus"}]},{"@type":"WebSite","@id":"https:\/\/teknologiateollisuus.fi\/jasenille\/#website","url":"https:\/\/teknologiateollisuus.fi\/jasenille\/","name":"Teknologiateollisuus - J\u00e4senille","description":"","publisher":{"@id":"https:\/\/teknologiateollisuus.fi\/jasenille\/#organization"},"potentialAction":[{"@type":"SearchAction","target":{"@type":"EntryPoint","urlTemplate":"https:\/\/teknologiateollisuus.fi\/jasenille\/?s={search_term_string}"},"query-input":{"@type":"PropertyValueSpecification","valueRequired":true,"valueName":"search_term_string"}}],"inLanguage":"fi"},{"@type":"Organization","@id":"https:\/\/teknologiateollisuus.fi\/jasenille\/#organization","name":"Teknologiateollisuus - J\u00e4senille","url":"https:\/\/teknologiateollisuus.fi\/jasenille\/","logo":{"@type":"ImageObject","inLanguage":"fi","@id":"https:\/\/teknologiateollisuus.fi\/jasenille\/#\/schema\/logo\/image\/","url":"https:\/\/teknologiateollisuus.fi\/jasenille\/wp-content\/uploads\/sites\/1\/2023\/10\/placeholder.png","contentUrl":"https:\/\/teknologiateollisuus.fi\/jasenille\/wp-content\/uploads\/sites\/1\/2023\/10\/placeholder.png","width":2560,"height":1920,"caption":"Teknologiateollisuus - J\u00e4senille"},"image":{"@id":"https:\/\/teknologiateollisuus.fi\/jasenille\/#\/schema\/logo\/image\/"}}]}},"_links":{"self":[{"href":"https:\/\/teknologiateollisuus.fi\/jasenille\/wp-json\/wp\/v2\/product\/16899","targetHints":{"allow":["GET"]}}],"collection":[{"href":"https:\/\/teknologiateollisuus.fi\/jasenille\/wp-json\/wp\/v2\/product"}],"about":[{"href":"https:\/\/teknologiateollisuus.fi\/jasenille\/wp-json\/wp\/v2\/types\/product"}],"wp:featuredmedia":[{"embeddable":true,"href":"https:\/\/teknologiateollisuus.fi\/jasenille\/wp-json\/wp\/v2\/media\/25679"}],"wp:attachment":[{"href":"https:\/\/teknologiateollisuus.fi\/jasenille\/wp-json\/wp\/v2\/media?parent=16899"}],"wp:term":[{"taxonomy":"product_brand","embeddable":true,"href":"https:\/\/teknologiateollisuus.fi\/jasenille\/wp-json\/wp\/v2\/product_brand?post=16899"},{"taxonomy":"product_cat","embeddable":true,"href":"https:\/\/teknologiateollisuus.fi\/jasenille\/wp-json\/wp\/v2\/product_cat?post=16899"},{"taxonomy":"product_tag","embeddable":true,"href":"https:\/\/teknologiateollisuus.fi\/jasenille\/wp-json\/wp\/v2\/product_tag?post=16899"}],"curies":[{"name":"wp","href":"https:\/\/api.w.org\/{rel}","templated":true}]}}