{"id":16902,"date":"2024-12-05T16:04:36","date_gmt":"2024-12-05T14:04:36","guid":{"rendered":"https:\/\/teknologiateollisuus.fi\/jasenille\/?post_type=product&#038;p=16902"},"modified":"2026-01-08T15:10:51","modified_gmt":"2026-01-08T13:10:51","slug":"uudistettu-miekk-ojan-metallioppi-osat-1-ja-2-edullisemmin-yhdessa","status":"publish","type":"product","link":"https:\/\/teknologiateollisuus.fi\/jasenille\/julkaisu\/uudistettu-miekk-ojan-metallioppi-osat-1-ja-2-edullisemmin-yhdessa\/","title":{"rendered":"Uudistettu Miekk-ojan Metallioppi, osat 1 ja 2 edullisemmin yhdess\u00e4"},"content":{"rendered":"<div class=\"field field-name-field-available-from field-type-link-field field-label-hidden\">\n<div class=\"field-items\">\n<div class=\"field-item even\"><a href=\"https:\/\/www.ellibs.com\/fi\/book\/978-952-238-261-0\/uudistettu-miekk-ohjan-metallioppi-osa-1\">Saatavana my\u00f6s ekirjana Ellibs Oy:st\u00e4, osa 1<\/a><\/div>\n<div class=\"field-item odd\"><a href=\"https:\/\/www.ellibs.com\/fi\/book\/978-952-238-263-4\/uudistettu-miekk-ohjan-metallioppi-osa-2\">Saatavana my\u00f6s ekirjana Ellibs Oy:st\u00e4, osa 2<\/a><\/div>\n<\/div>\n<\/div>\n<div class=\"field field-name-body field-type-text-with-summary field-label-hidden\">\n<div class=\"field-items\">\n<div class=\"field-item even\">\n<p>Professori Heikki M. Miekk-ojan Metallioppi on saavuttanut poikkeuksellisen aseman erikoisalansa perusoppikirjana ja k\u00e4sikirjana. Tarvetta t\u00e4llaiseen oppikirjaan on eri oppilaitoksissa ja teollisuudessa edelleen. Vaikka metalliopin teoriaa opiskellaan yh\u00e4 useammin englanniksi, tarve termien ja k\u00e4sitteiden hallitsemiseksi my\u00f6s suomeksi on edelleen olemassa. Teos on nyt uudistettu ja p\u00e4ivitetty. Sen uudistamisty\u00f6h\u00f6n on osallistunut laaja joukko alan asiantuntijoita maamme korkeakouluista ja alan teollisuudesta.<\/p>\n<p>Uudistetun Miekk-ojan Metalliopin ensimm\u00e4isess\u00e4 osassa keskityt\u00e4\u00e4n metalliopin teoriaan, kidevirheisiin, faasitransformaatioon ja metallien korroosioilmi\u00f6ihin. Kirjan lopussa on laaja hakemisto, jossa on esitelty termin suomenkielinen termist\u00f6 ja termien englanninkieliset vastineet.\u00a0Toisessa osassa k\u00e4sitell\u00e4\u00e4n ter\u00e4ksen valmistusta, k\u00e4sittelyj\u00e4 mikrorakenteen hallitsemiseksi sek\u00e4 ter\u00e4sten ominaisuuksia.<\/p>\n<\/div>\n<\/div>\n<\/div>\n","protected":false},"excerpt":{"rendered":"<p>Uudistetut Miekk-ojan Metallioppi 1 ja 2 -kirjat edullisemmin yhdess\u00e4<\/p>\n","protected":false},"featured_media":16950,"template":"","meta":{"_acf_changed":false,"_relevanssi_hide_post":"","_relevanssi_hide_content":"","_relevanssi_pin_for_all":"","_relevanssi_pin_keywords":"","_relevanssi_unpin_keywords":"","_relevanssi_related_keywords":"","_relevanssi_related_include_ids":"","_relevanssi_related_exclude_ids":"","_relevanssi_related_no_append":"","_relevanssi_related_not_related":"","_relevanssi_related_posts":"","_relevanssi_noindex_reason":"","inline_featured_image":false,"growthstack-ab-test":[],"growthstack-ab-test-views":[]},"product_brand":[],"product_cat":[808],"product_tag":[731],"class_list":{"0":"post-16902","1":"product","2":"type-product","3":"status-publish","4":"has-post-thumbnail","6":"product_cat-muut-julkaisut","7":"product_tag-materiaalit","8":"product_shipping_class-kirja","10":"first","11":"instock","12":"taxable","13":"shipping-taxable","14":"purchasable","15":"product-type-simple"},"acf":{"creators":"Toim. Simo-Pekka Hannula, Eero Haimi, Veikko Lindroos","member_discount":15,"attachments":null,"links":null,"product_recommendations":{"number_of_products":10,"recommendation_basis":"date"}},"yoast_head":"<!-- This site is optimized with the Yoast SEO Premium plugin v27.1 (Yoast SEO v27.3) - https:\/\/yoast.com\/product\/yoast-seo-premium-wordpress\/ -->\n<title>Uudistettu Miekk-ojan Metallioppi, osat 1 ja 2 edullisemmin yhdess\u00e4 - Teknologiateollisuus - J\u00e4senille<\/title>\n<meta name=\"robots\" content=\"index, follow, max-snippet:-1, max-image-preview:large, max-video-preview:-1\" \/>\n<link rel=\"canonical\" href=\"https:\/\/teknologiateollisuus.fi\/jasenille\/julkaisu\/uudistettu-miekk-ojan-metallioppi-osat-1-ja-2-edullisemmin-yhdessa\/\" \/>\n<meta property=\"og:locale\" content=\"fi_FI\" \/>\n<meta property=\"og:type\" content=\"article\" \/>\n<meta property=\"og:title\" content=\"Uudistettu Miekk-ojan Metallioppi, osat 1 ja 2 edullisemmin yhdess\u00e4\" \/>\n<meta property=\"og:description\" content=\"Uudistetut Miekk-ojan Metallioppi 1 ja 2 -kirjat edullisemmin yhdess\u00e4\" \/>\n<meta property=\"og:url\" content=\"https:\/\/teknologiateollisuus.fi\/jasenille\/julkaisu\/uudistettu-miekk-ojan-metallioppi-osat-1-ja-2-edullisemmin-yhdessa\/\" \/>\n<meta property=\"og:site_name\" content=\"Teknologiateollisuus - J\u00e4senille\" \/>\n<meta property=\"article:modified_time\" content=\"2026-01-08T13:10:51+00:00\" \/>\n<meta property=\"og:image\" content=\"https:\/\/teknologiateollisuus.fi\/jasenille\/wp-content\/uploads\/sites\/1\/2024\/12\/Metalliopit-1-ja-2.png\" \/>\n\t<meta property=\"og:image:width\" content=\"420\" \/>\n\t<meta property=\"og:image:height\" content=\"363\" \/>\n\t<meta property=\"og:image:type\" content=\"image\/png\" \/>\n<meta name=\"twitter:card\" content=\"summary_large_image\" \/>\n<meta name=\"twitter:label1\" content=\"Arvioitu lukuaika\" \/>\n\t<meta name=\"twitter:data1\" content=\"1 minuutti\" \/>\n<script type=\"application\/ld+json\" class=\"yoast-schema-graph\">{\"@context\":\"https:\\\/\\\/schema.org\",\"@graph\":[{\"@type\":\"WebPage\",\"@id\":\"https:\\\/\\\/teknologiateollisuus.fi\\\/jasenille\\\/julkaisu\\\/uudistettu-miekk-ojan-metallioppi-osat-1-ja-2-edullisemmin-yhdessa\\\/\",\"url\":\"https:\\\/\\\/teknologiateollisuus.fi\\\/jasenille\\\/julkaisu\\\/uudistettu-miekk-ojan-metallioppi-osat-1-ja-2-edullisemmin-yhdessa\\\/\",\"name\":\"Uudistettu Miekk-ojan Metallioppi, osat 1 ja 2 edullisemmin yhdess\u00e4 - Teknologiateollisuus - J\u00e4senille\",\"isPartOf\":{\"@id\":\"https:\\\/\\\/teknologiateollisuus.fi\\\/jasenille\\\/#website\"},\"primaryImageOfPage\":{\"@id\":\"https:\\\/\\\/teknologiateollisuus.fi\\\/jasenille\\\/julkaisu\\\/uudistettu-miekk-ojan-metallioppi-osat-1-ja-2-edullisemmin-yhdessa\\\/#primaryimage\"},\"image\":{\"@id\":\"https:\\\/\\\/teknologiateollisuus.fi\\\/jasenille\\\/julkaisu\\\/uudistettu-miekk-ojan-metallioppi-osat-1-ja-2-edullisemmin-yhdessa\\\/#primaryimage\"},\"thumbnailUrl\":\"https:\\\/\\\/teknologiateollisuus.fi\\\/jasenille\\\/wp-content\\\/uploads\\\/sites\\\/1\\\/2024\\\/12\\\/Metalliopit-1-ja-2.png\",\"datePublished\":\"2024-12-05T14:04:36+00:00\",\"dateModified\":\"2026-01-08T13:10:51+00:00\",\"breadcrumb\":{\"@id\":\"https:\\\/\\\/teknologiateollisuus.fi\\\/jasenille\\\/julkaisu\\\/uudistettu-miekk-ojan-metallioppi-osat-1-ja-2-edullisemmin-yhdessa\\\/#breadcrumb\"},\"inLanguage\":\"fi\",\"potentialAction\":[{\"@type\":\"ReadAction\",\"target\":[\"https:\\\/\\\/teknologiateollisuus.fi\\\/jasenille\\\/julkaisu\\\/uudistettu-miekk-ojan-metallioppi-osat-1-ja-2-edullisemmin-yhdessa\\\/\"]}]},{\"@type\":\"ImageObject\",\"inLanguage\":\"fi\",\"@id\":\"https:\\\/\\\/teknologiateollisuus.fi\\\/jasenille\\\/julkaisu\\\/uudistettu-miekk-ojan-metallioppi-osat-1-ja-2-edullisemmin-yhdessa\\\/#primaryimage\",\"url\":\"https:\\\/\\\/teknologiateollisuus.fi\\\/jasenille\\\/wp-content\\\/uploads\\\/sites\\\/1\\\/2024\\\/12\\\/Metalliopit-1-ja-2.png\",\"contentUrl\":\"https:\\\/\\\/teknologiateollisuus.fi\\\/jasenille\\\/wp-content\\\/uploads\\\/sites\\\/1\\\/2024\\\/12\\\/Metalliopit-1-ja-2.png\",\"width\":420,\"height\":363},{\"@type\":\"BreadcrumbList\",\"@id\":\"https:\\\/\\\/teknologiateollisuus.fi\\\/jasenille\\\/julkaisu\\\/uudistettu-miekk-ojan-metallioppi-osat-1-ja-2-edullisemmin-yhdessa\\\/#breadcrumb\",\"itemListElement\":[{\"@type\":\"ListItem\",\"position\":1,\"name\":\"Home\",\"item\":\"https:\\\/\\\/teknologiateollisuus.fi\\\/jasenille\\\/\"},{\"@type\":\"ListItem\",\"position\":2,\"name\":\"Kaikki julkaisut\",\"item\":\"https:\\\/\\\/teknologiateollisuus.fi\\\/jasenille\\\/palvelut\\\/julkaisut\\\/kaikki-julkaisut\\\/\"},{\"@type\":\"ListItem\",\"position\":3,\"name\":\"Uudistettu Miekk-ojan Metallioppi, osat 1 ja 2 edullisemmin yhdess\u00e4\"}]},{\"@type\":\"WebSite\",\"@id\":\"https:\\\/\\\/teknologiateollisuus.fi\\\/jasenille\\\/#website\",\"url\":\"https:\\\/\\\/teknologiateollisuus.fi\\\/jasenille\\\/\",\"name\":\"Teknologiateollisuus - J\u00e4senille\",\"description\":\"\",\"publisher\":{\"@id\":\"https:\\\/\\\/teknologiateollisuus.fi\\\/jasenille\\\/#organization\"},\"potentialAction\":[{\"@type\":\"SearchAction\",\"target\":{\"@type\":\"EntryPoint\",\"urlTemplate\":\"https:\\\/\\\/teknologiateollisuus.fi\\\/jasenille\\\/?s={search_term_string}\"},\"query-input\":{\"@type\":\"PropertyValueSpecification\",\"valueRequired\":true,\"valueName\":\"search_term_string\"}}],\"inLanguage\":\"fi\"},{\"@type\":\"Organization\",\"@id\":\"https:\\\/\\\/teknologiateollisuus.fi\\\/jasenille\\\/#organization\",\"name\":\"Teknologiateollisuus - J\u00e4senille\",\"url\":\"https:\\\/\\\/teknologiateollisuus.fi\\\/jasenille\\\/\",\"logo\":{\"@type\":\"ImageObject\",\"inLanguage\":\"fi\",\"@id\":\"https:\\\/\\\/teknologiateollisuus.fi\\\/jasenille\\\/#\\\/schema\\\/logo\\\/image\\\/\",\"url\":\"https:\\\/\\\/teknologiateollisuus.fi\\\/jasenille\\\/wp-content\\\/uploads\\\/sites\\\/1\\\/2023\\\/10\\\/placeholder.png\",\"contentUrl\":\"https:\\\/\\\/teknologiateollisuus.fi\\\/jasenille\\\/wp-content\\\/uploads\\\/sites\\\/1\\\/2023\\\/10\\\/placeholder.png\",\"width\":2560,\"height\":1920,\"caption\":\"Teknologiateollisuus - J\u00e4senille\"},\"image\":{\"@id\":\"https:\\\/\\\/teknologiateollisuus.fi\\\/jasenille\\\/#\\\/schema\\\/logo\\\/image\\\/\"}}]}<\/script>\n<!-- \/ Yoast SEO Premium plugin. -->","yoast_head_json":{"title":"Uudistettu Miekk-ojan Metallioppi, osat 1 ja 2 edullisemmin yhdess\u00e4 - Teknologiateollisuus - J\u00e4senille","robots":{"index":"index","follow":"follow","max-snippet":"max-snippet:-1","max-image-preview":"max-image-preview:large","max-video-preview":"max-video-preview:-1"},"canonical":"https:\/\/teknologiateollisuus.fi\/jasenille\/julkaisu\/uudistettu-miekk-ojan-metallioppi-osat-1-ja-2-edullisemmin-yhdessa\/","og_locale":"fi_FI","og_type":"article","og_title":"Uudistettu Miekk-ojan Metallioppi, osat 1 ja 2 edullisemmin yhdess\u00e4","og_description":"Uudistetut Miekk-ojan Metallioppi 1 ja 2 -kirjat edullisemmin yhdess\u00e4","og_url":"https:\/\/teknologiateollisuus.fi\/jasenille\/julkaisu\/uudistettu-miekk-ojan-metallioppi-osat-1-ja-2-edullisemmin-yhdessa\/","og_site_name":"Teknologiateollisuus - J\u00e4senille","article_modified_time":"2026-01-08T13:10:51+00:00","og_image":[{"width":420,"height":363,"url":"https:\/\/teknologiateollisuus.fi\/jasenille\/wp-content\/uploads\/sites\/1\/2024\/12\/Metalliopit-1-ja-2.png","type":"image\/png"}],"twitter_card":"summary_large_image","twitter_misc":{"Arvioitu lukuaika":"1 minuutti"},"schema":{"@context":"https:\/\/schema.org","@graph":[{"@type":"WebPage","@id":"https:\/\/teknologiateollisuus.fi\/jasenille\/julkaisu\/uudistettu-miekk-ojan-metallioppi-osat-1-ja-2-edullisemmin-yhdessa\/","url":"https:\/\/teknologiateollisuus.fi\/jasenille\/julkaisu\/uudistettu-miekk-ojan-metallioppi-osat-1-ja-2-edullisemmin-yhdessa\/","name":"Uudistettu Miekk-ojan Metallioppi, osat 1 ja 2 edullisemmin yhdess\u00e4 - Teknologiateollisuus - J\u00e4senille","isPartOf":{"@id":"https:\/\/teknologiateollisuus.fi\/jasenille\/#website"},"primaryImageOfPage":{"@id":"https:\/\/teknologiateollisuus.fi\/jasenille\/julkaisu\/uudistettu-miekk-ojan-metallioppi-osat-1-ja-2-edullisemmin-yhdessa\/#primaryimage"},"image":{"@id":"https:\/\/teknologiateollisuus.fi\/jasenille\/julkaisu\/uudistettu-miekk-ojan-metallioppi-osat-1-ja-2-edullisemmin-yhdessa\/#primaryimage"},"thumbnailUrl":"https:\/\/teknologiateollisuus.fi\/jasenille\/wp-content\/uploads\/sites\/1\/2024\/12\/Metalliopit-1-ja-2.png","datePublished":"2024-12-05T14:04:36+00:00","dateModified":"2026-01-08T13:10:51+00:00","breadcrumb":{"@id":"https:\/\/teknologiateollisuus.fi\/jasenille\/julkaisu\/uudistettu-miekk-ojan-metallioppi-osat-1-ja-2-edullisemmin-yhdessa\/#breadcrumb"},"inLanguage":"fi","potentialAction":[{"@type":"ReadAction","target":["https:\/\/teknologiateollisuus.fi\/jasenille\/julkaisu\/uudistettu-miekk-ojan-metallioppi-osat-1-ja-2-edullisemmin-yhdessa\/"]}]},{"@type":"ImageObject","inLanguage":"fi","@id":"https:\/\/teknologiateollisuus.fi\/jasenille\/julkaisu\/uudistettu-miekk-ojan-metallioppi-osat-1-ja-2-edullisemmin-yhdessa\/#primaryimage","url":"https:\/\/teknologiateollisuus.fi\/jasenille\/wp-content\/uploads\/sites\/1\/2024\/12\/Metalliopit-1-ja-2.png","contentUrl":"https:\/\/teknologiateollisuus.fi\/jasenille\/wp-content\/uploads\/sites\/1\/2024\/12\/Metalliopit-1-ja-2.png","width":420,"height":363},{"@type":"BreadcrumbList","@id":"https:\/\/teknologiateollisuus.fi\/jasenille\/julkaisu\/uudistettu-miekk-ojan-metallioppi-osat-1-ja-2-edullisemmin-yhdessa\/#breadcrumb","itemListElement":[{"@type":"ListItem","position":1,"name":"Home","item":"https:\/\/teknologiateollisuus.fi\/jasenille\/"},{"@type":"ListItem","position":2,"name":"Kaikki julkaisut","item":"https:\/\/teknologiateollisuus.fi\/jasenille\/palvelut\/julkaisut\/kaikki-julkaisut\/"},{"@type":"ListItem","position":3,"name":"Uudistettu Miekk-ojan Metallioppi, osat 1 ja 2 edullisemmin yhdess\u00e4"}]},{"@type":"WebSite","@id":"https:\/\/teknologiateollisuus.fi\/jasenille\/#website","url":"https:\/\/teknologiateollisuus.fi\/jasenille\/","name":"Teknologiateollisuus - J\u00e4senille","description":"","publisher":{"@id":"https:\/\/teknologiateollisuus.fi\/jasenille\/#organization"},"potentialAction":[{"@type":"SearchAction","target":{"@type":"EntryPoint","urlTemplate":"https:\/\/teknologiateollisuus.fi\/jasenille\/?s={search_term_string}"},"query-input":{"@type":"PropertyValueSpecification","valueRequired":true,"valueName":"search_term_string"}}],"inLanguage":"fi"},{"@type":"Organization","@id":"https:\/\/teknologiateollisuus.fi\/jasenille\/#organization","name":"Teknologiateollisuus - J\u00e4senille","url":"https:\/\/teknologiateollisuus.fi\/jasenille\/","logo":{"@type":"ImageObject","inLanguage":"fi","@id":"https:\/\/teknologiateollisuus.fi\/jasenille\/#\/schema\/logo\/image\/","url":"https:\/\/teknologiateollisuus.fi\/jasenille\/wp-content\/uploads\/sites\/1\/2023\/10\/placeholder.png","contentUrl":"https:\/\/teknologiateollisuus.fi\/jasenille\/wp-content\/uploads\/sites\/1\/2023\/10\/placeholder.png","width":2560,"height":1920,"caption":"Teknologiateollisuus - J\u00e4senille"},"image":{"@id":"https:\/\/teknologiateollisuus.fi\/jasenille\/#\/schema\/logo\/image\/"}}]}},"_links":{"self":[{"href":"https:\/\/teknologiateollisuus.fi\/jasenille\/wp-json\/wp\/v2\/product\/16902","targetHints":{"allow":["GET"]}}],"collection":[{"href":"https:\/\/teknologiateollisuus.fi\/jasenille\/wp-json\/wp\/v2\/product"}],"about":[{"href":"https:\/\/teknologiateollisuus.fi\/jasenille\/wp-json\/wp\/v2\/types\/product"}],"wp:featuredmedia":[{"embeddable":true,"href":"https:\/\/teknologiateollisuus.fi\/jasenille\/wp-json\/wp\/v2\/media\/16950"}],"wp:attachment":[{"href":"https:\/\/teknologiateollisuus.fi\/jasenille\/wp-json\/wp\/v2\/media?parent=16902"}],"wp:term":[{"taxonomy":"product_brand","embeddable":true,"href":"https:\/\/teknologiateollisuus.fi\/jasenille\/wp-json\/wp\/v2\/product_brand?post=16902"},{"taxonomy":"product_cat","embeddable":true,"href":"https:\/\/teknologiateollisuus.fi\/jasenille\/wp-json\/wp\/v2\/product_cat?post=16902"},{"taxonomy":"product_tag","embeddable":true,"href":"https:\/\/teknologiateollisuus.fi\/jasenille\/wp-json\/wp\/v2\/product_tag?post=16902"}],"curies":[{"name":"wp","href":"https:\/\/api.w.org\/{rel}","templated":true}]}}