{"id":16944,"date":"2024-12-09T16:02:15","date_gmt":"2024-12-09T14:02:15","guid":{"rendered":"https:\/\/teknologiateollisuus.fi\/jasenille\/?post_type=product&#038;p=16944"},"modified":"2026-01-02T10:44:32","modified_gmt":"2026-01-02T08:44:32","slug":"tulosta-ja-palkkaa-nakokohtia-teknologiateollisuuden-palkkaustavoista-ja-niita-taydentavista-tulos-ja-voittopalkkioista","status":"publish","type":"product","link":"https:\/\/teknologiateollisuus.fi\/jasenille\/julkaisu\/tulosta-ja-palkkaa-nakokohtia-teknologiateollisuuden-palkkaustavoista-ja-niita-taydentavista-tulos-ja-voittopalkkioista\/","title":{"rendered":"Tulosta ja palkkaa. N\u00e4k\u00f6kohtia teknologiateollisuuden palkkaustavoista ja niit\u00e4 t\u00e4ydent\u00e4vist\u00e4 tulos- ja voittopalkkioista"},"content":{"rendered":"<div class=\"field field-name-body field-type-text-with-summary field-label-hidden\">\n<div class=\"field-items\">\n<div class=\"field-item even\">\n<p>Teknologiateollisuuden toimintaymp\u00e4rist\u00f6 muuttuu alati. Yritysten on sopeuduttava ennakoivasti kysynn\u00e4n, kilpailun ja markkinoiden muutoksiin. Toimintatapoja on kehitett\u00e4v\u00e4 kilpailukyvyn ja kannattavuuden s\u00e4ilytt\u00e4miseksi ja parantamiseksi. Asiakastarpeiden t\u00e4ytt\u00e4miseksi toiminnan on oltava joustavaa ja lis\u00e4arvon tuottamisen asiakkaalle on ohjattava yrityksen toimintaa. Jalostusarvon lis\u00e4\u00e4miseksi kalliit koneet ja laitteet on saatava toimimaan nykyist\u00e4 tehokkaammin ja tuottavammin.<\/p>\n<p>Monipuolisen palkkaustapojen k\u00e4yt\u00f6n ja oikein sovellettujen, niit\u00e4 t\u00e4ydent\u00e4vien tulos- ja voittopalkkioiden avulla rahallinen palkitseminen saadaan kattamaan sek\u00e4 v\u00e4litt\u00f6miin ty\u00f6suorituksiin perustuvan yksil\u00f6llinen palkitseminen ett\u00e4 yrityksen kokonaistavoitteita tukeva koko henkil\u00f6st\u00f6n yhteinen, tulosten mukainen palkitseminen. Toimintaymp\u00e4rist\u00f6n muutoksiin sopeutumista ja tavoitteiden saavuttamista voidaan parantaa my\u00f6s aidolla ty\u00f6paikkakohtaisella yhteistoiminnalla.<\/p>\n<p>Teknologiateollisuuden ty\u00f6nantajat ry:n ja Teollisuusliitto ry:n\u00a0 julkaisussa k\u00e4sitell\u00e4\u00e4n palkkaustapoja ja tulos- ja voittopalkkioita sek\u00e4 niiden palkkahallinnollisia sovellutuksia. Palkitsemisen lis\u00e4ksi julkaisussa k\u00e4sitell\u00e4\u00e4n tuotannon kannalta kolmea keskeist\u00e4 tuottavuus- ja kannattavuustekij\u00e4\u00e4 (tuotannon l\u00e4p\u00e4isyaika, toimitusvarmuus ja ty\u00f6voimakustannukset tuotetta kohti)\u00a0 ja n\u00e4ihin vaikuttavia asioita sek\u00e4 yhteistoiminnan merkityst\u00e4 tavoitteiden saavuttamiseksi. Julkaisun tekij\u00e4t toivovat, ett\u00e4 julkaisusta on apua ty\u00f6paikkakohtaisissa palkitsemista koskevissa keskusteluissa.<\/p>\n<p>&nbsp;<\/p>\n<\/div>\n<\/div>\n<\/div>\n","protected":false},"excerpt":{"rendered":"<p>Teknologiateollisuuden ty\u00f6nantajat ry:n ja Teollisuusliitto ry:n\u00a0 julkaisussa k\u00e4sitell\u00e4\u00e4n palkkaustapoja ja tulos- ja voittopalkkioita sek\u00e4 niiden palkkahallinnollisia sovellutuksia. Palkitsemisen lis\u00e4ksi julkaisussa k\u00e4sitell\u00e4\u00e4n tuotannon kannalta kolmea keskeist\u00e4 tuottavuus- ja kannattavuustekij\u00e4\u00e4 (tuotannon l\u00e4p\u00e4isyaika, toimitusvarmuus ja ty\u00f6voimakustannukset tuotetta kohti)\u00a0 ja n\u00e4ihin vaikuttavia asioita sek\u00e4 yhteistoiminnan merkityst\u00e4 tavoitteiden saavuttamiseksi. Julkaisun tekij\u00e4t toivovat, ett\u00e4 julkaisusta on apua ty\u00f6paikkakohtaisissa palkitsemista koskevissa keskusteluissa.<\/p>\n","protected":false},"featured_media":25664,"template":"","meta":{"_acf_changed":false,"_relevanssi_hide_post":"","_relevanssi_hide_content":"","_relevanssi_pin_for_all":"","_relevanssi_pin_keywords":"","_relevanssi_unpin_keywords":"","_relevanssi_related_keywords":"","_relevanssi_related_include_ids":"","_relevanssi_related_exclude_ids":"","_relevanssi_related_no_append":"","_relevanssi_related_not_related":"","_relevanssi_related_posts":"","_relevanssi_noindex_reason":"","inline_featured_image":false,"growthstack-ab-test":[],"growthstack-ab-test-views":[]},"product_brand":[],"product_cat":[809],"product_tag":[728],"class_list":{"0":"post-16944","1":"product","2":"type-product","3":"status-publish","4":"has-post-thumbnail","6":"product_cat-oppaat","7":"product_tag-tyosuhdeasiat-ja-tyoelama","8":"product_shipping_class-kirja","10":"first","11":"instock","12":"taxable","13":"shipping-taxable","14":"purchasable","15":"product-type-simple"},"acf":{"creators":"","member_discount":15,"attachments":null,"links":null,"product_recommendations":{"number_of_products":10,"recommendation_basis":"date"}},"yoast_head":"<!-- This site is optimized with the Yoast SEO Premium plugin v27.5 (Yoast SEO v27.5) - https:\/\/yoast.com\/product\/yoast-seo-premium-wordpress\/ -->\n<title>Tulosta ja palkkaa. N\u00e4k\u00f6kohtia teknologiateollisuuden palkkaustavoista ja niit\u00e4 t\u00e4ydent\u00e4vist\u00e4 tulos- ja voittopalkkioista - Teknologiateollisuus - J\u00e4senille<\/title>\n<meta name=\"robots\" content=\"index, follow, max-snippet:-1, max-image-preview:large, max-video-preview:-1\" \/>\n<link rel=\"canonical\" href=\"https:\/\/teknologiateollisuus.fi\/jasenille\/julkaisu\/tulosta-ja-palkkaa-nakokohtia-teknologiateollisuuden-palkkaustavoista-ja-niita-taydentavista-tulos-ja-voittopalkkioista\/\" \/>\n<meta property=\"og:locale\" content=\"fi_FI\" \/>\n<meta property=\"og:type\" content=\"article\" \/>\n<meta property=\"og:title\" content=\"Tulosta ja palkkaa. N\u00e4k\u00f6kohtia teknologiateollisuuden palkkaustavoista ja niit\u00e4 t\u00e4ydent\u00e4vist\u00e4 tulos- ja voittopalkkioista\" \/>\n<meta property=\"og:description\" content=\"Teknologiateollisuuden ty\u00f6nantajat ry:n ja Teollisuusliitto ry:n\u00a0 julkaisussa k\u00e4sitell\u00e4\u00e4n palkkaustapoja ja tulos- ja voittopalkkioita sek\u00e4 niiden palkkahallinnollisia sovellutuksia. Palkitsemisen lis\u00e4ksi julkaisussa k\u00e4sitell\u00e4\u00e4n tuotannon kannalta kolmea keskeist\u00e4 tuottavuus- ja kannattavuustekij\u00e4\u00e4 (tuotannon l\u00e4p\u00e4isyaika, toimitusvarmuus ja ty\u00f6voimakustannukset tuotetta kohti)\u00a0 ja n\u00e4ihin vaikuttavia asioita sek\u00e4 yhteistoiminnan merkityst\u00e4 tavoitteiden saavuttamiseksi. Julkaisun tekij\u00e4t toivovat, ett\u00e4 julkaisusta on apua ty\u00f6paikkakohtaisissa palkitsemista koskevissa keskusteluissa.\" \/>\n<meta property=\"og:url\" content=\"https:\/\/teknologiateollisuus.fi\/jasenille\/julkaisu\/tulosta-ja-palkkaa-nakokohtia-teknologiateollisuuden-palkkaustavoista-ja-niita-taydentavista-tulos-ja-voittopalkkioista\/\" \/>\n<meta property=\"og:site_name\" content=\"Teknologiateollisuus - J\u00e4senille\" \/>\n<meta property=\"article:modified_time\" content=\"2026-01-02T08:44:32+00:00\" \/>\n<meta property=\"og:image\" content=\"https:\/\/teknologiateollisuus.fi\/jasenille\/wp-content\/uploads\/sites\/1\/2024\/12\/kirja-tulosta-ja-palkkaa-770-900.png\" \/>\n\t<meta property=\"og:image:width\" content=\"770\" \/>\n\t<meta property=\"og:image:height\" content=\"900\" \/>\n\t<meta property=\"og:image:type\" content=\"image\/png\" \/>\n<meta name=\"twitter:card\" content=\"summary_large_image\" \/>\n<meta name=\"twitter:label1\" content=\"Arvioitu lukuaika\" \/>\n\t<meta name=\"twitter:data1\" content=\"2 minuuttia\" \/>\n<script type=\"application\/ld+json\" class=\"yoast-schema-graph\">{\"@context\":\"https:\\\/\\\/schema.org\",\"@graph\":[{\"@type\":\"WebPage\",\"@id\":\"https:\\\/\\\/teknologiateollisuus.fi\\\/jasenille\\\/julkaisu\\\/tulosta-ja-palkkaa-nakokohtia-teknologiateollisuuden-palkkaustavoista-ja-niita-taydentavista-tulos-ja-voittopalkkioista\\\/\",\"url\":\"https:\\\/\\\/teknologiateollisuus.fi\\\/jasenille\\\/julkaisu\\\/tulosta-ja-palkkaa-nakokohtia-teknologiateollisuuden-palkkaustavoista-ja-niita-taydentavista-tulos-ja-voittopalkkioista\\\/\",\"name\":\"Tulosta ja palkkaa. N\u00e4k\u00f6kohtia teknologiateollisuuden palkkaustavoista ja niit\u00e4 t\u00e4ydent\u00e4vist\u00e4 tulos- ja voittopalkkioista - Teknologiateollisuus - J\u00e4senille\",\"isPartOf\":{\"@id\":\"https:\\\/\\\/teknologiateollisuus.fi\\\/jasenille\\\/#website\"},\"primaryImageOfPage\":{\"@id\":\"https:\\\/\\\/teknologiateollisuus.fi\\\/jasenille\\\/julkaisu\\\/tulosta-ja-palkkaa-nakokohtia-teknologiateollisuuden-palkkaustavoista-ja-niita-taydentavista-tulos-ja-voittopalkkioista\\\/#primaryimage\"},\"image\":{\"@id\":\"https:\\\/\\\/teknologiateollisuus.fi\\\/jasenille\\\/julkaisu\\\/tulosta-ja-palkkaa-nakokohtia-teknologiateollisuuden-palkkaustavoista-ja-niita-taydentavista-tulos-ja-voittopalkkioista\\\/#primaryimage\"},\"thumbnailUrl\":\"https:\\\/\\\/teknologiateollisuus.fi\\\/jasenille\\\/wp-content\\\/uploads\\\/sites\\\/1\\\/2024\\\/12\\\/kirja-tulosta-ja-palkkaa-770-900.png\",\"datePublished\":\"2024-12-09T14:02:15+00:00\",\"dateModified\":\"2026-01-02T08:44:32+00:00\",\"breadcrumb\":{\"@id\":\"https:\\\/\\\/teknologiateollisuus.fi\\\/jasenille\\\/julkaisu\\\/tulosta-ja-palkkaa-nakokohtia-teknologiateollisuuden-palkkaustavoista-ja-niita-taydentavista-tulos-ja-voittopalkkioista\\\/#breadcrumb\"},\"inLanguage\":\"fi\",\"potentialAction\":[{\"@type\":\"ReadAction\",\"target\":[\"https:\\\/\\\/teknologiateollisuus.fi\\\/jasenille\\\/julkaisu\\\/tulosta-ja-palkkaa-nakokohtia-teknologiateollisuuden-palkkaustavoista-ja-niita-taydentavista-tulos-ja-voittopalkkioista\\\/\"]}]},{\"@type\":\"ImageObject\",\"inLanguage\":\"fi\",\"@id\":\"https:\\\/\\\/teknologiateollisuus.fi\\\/jasenille\\\/julkaisu\\\/tulosta-ja-palkkaa-nakokohtia-teknologiateollisuuden-palkkaustavoista-ja-niita-taydentavista-tulos-ja-voittopalkkioista\\\/#primaryimage\",\"url\":\"https:\\\/\\\/teknologiateollisuus.fi\\\/jasenille\\\/wp-content\\\/uploads\\\/sites\\\/1\\\/2024\\\/12\\\/kirja-tulosta-ja-palkkaa-770-900.png\",\"contentUrl\":\"https:\\\/\\\/teknologiateollisuus.fi\\\/jasenille\\\/wp-content\\\/uploads\\\/sites\\\/1\\\/2024\\\/12\\\/kirja-tulosta-ja-palkkaa-770-900.png\",\"width\":770,\"height\":900},{\"@type\":\"BreadcrumbList\",\"@id\":\"https:\\\/\\\/teknologiateollisuus.fi\\\/jasenille\\\/julkaisu\\\/tulosta-ja-palkkaa-nakokohtia-teknologiateollisuuden-palkkaustavoista-ja-niita-taydentavista-tulos-ja-voittopalkkioista\\\/#breadcrumb\",\"itemListElement\":[{\"@type\":\"ListItem\",\"position\":1,\"name\":\"Home\",\"item\":\"https:\\\/\\\/teknologiateollisuus.fi\\\/jasenille\\\/\"},{\"@type\":\"ListItem\",\"position\":2,\"name\":\"Kaikki julkaisut\",\"item\":\"https:\\\/\\\/teknologiateollisuus.fi\\\/jasenille\\\/palvelut\\\/julkaisut\\\/kaikki-julkaisut\\\/\"},{\"@type\":\"ListItem\",\"position\":3,\"name\":\"Tulosta ja palkkaa. N\u00e4k\u00f6kohtia teknologiateollisuuden palkkaustavoista ja niit\u00e4 t\u00e4ydent\u00e4vist\u00e4 tulos- ja voittopalkkioista\"}]},{\"@type\":\"WebSite\",\"@id\":\"https:\\\/\\\/teknologiateollisuus.fi\\\/jasenille\\\/#website\",\"url\":\"https:\\\/\\\/teknologiateollisuus.fi\\\/jasenille\\\/\",\"name\":\"Teknologiateollisuus - J\u00e4senille\",\"description\":\"\",\"publisher\":{\"@id\":\"https:\\\/\\\/teknologiateollisuus.fi\\\/jasenille\\\/#organization\"},\"potentialAction\":[{\"@type\":\"SearchAction\",\"target\":{\"@type\":\"EntryPoint\",\"urlTemplate\":\"https:\\\/\\\/teknologiateollisuus.fi\\\/jasenille\\\/?s={search_term_string}\"},\"query-input\":{\"@type\":\"PropertyValueSpecification\",\"valueRequired\":true,\"valueName\":\"search_term_string\"}}],\"inLanguage\":\"fi\"},{\"@type\":\"Organization\",\"@id\":\"https:\\\/\\\/teknologiateollisuus.fi\\\/jasenille\\\/#organization\",\"name\":\"Teknologiateollisuus - J\u00e4senille\",\"url\":\"https:\\\/\\\/teknologiateollisuus.fi\\\/jasenille\\\/\",\"logo\":{\"@type\":\"ImageObject\",\"inLanguage\":\"fi\",\"@id\":\"https:\\\/\\\/teknologiateollisuus.fi\\\/jasenille\\\/#\\\/schema\\\/logo\\\/image\\\/\",\"url\":\"https:\\\/\\\/teknologiateollisuus.fi\\\/jasenille\\\/wp-content\\\/uploads\\\/sites\\\/1\\\/2023\\\/10\\\/placeholder.png\",\"contentUrl\":\"https:\\\/\\\/teknologiateollisuus.fi\\\/jasenille\\\/wp-content\\\/uploads\\\/sites\\\/1\\\/2023\\\/10\\\/placeholder.png\",\"width\":2560,\"height\":1920,\"caption\":\"Teknologiateollisuus - J\u00e4senille\"},\"image\":{\"@id\":\"https:\\\/\\\/teknologiateollisuus.fi\\\/jasenille\\\/#\\\/schema\\\/logo\\\/image\\\/\"}}]}<\/script>\n<!-- \/ Yoast SEO Premium plugin. -->","yoast_head_json":{"title":"Tulosta ja palkkaa. N\u00e4k\u00f6kohtia teknologiateollisuuden palkkaustavoista ja niit\u00e4 t\u00e4ydent\u00e4vist\u00e4 tulos- ja voittopalkkioista - Teknologiateollisuus - J\u00e4senille","robots":{"index":"index","follow":"follow","max-snippet":"max-snippet:-1","max-image-preview":"max-image-preview:large","max-video-preview":"max-video-preview:-1"},"canonical":"https:\/\/teknologiateollisuus.fi\/jasenille\/julkaisu\/tulosta-ja-palkkaa-nakokohtia-teknologiateollisuuden-palkkaustavoista-ja-niita-taydentavista-tulos-ja-voittopalkkioista\/","og_locale":"fi_FI","og_type":"article","og_title":"Tulosta ja palkkaa. N\u00e4k\u00f6kohtia teknologiateollisuuden palkkaustavoista ja niit\u00e4 t\u00e4ydent\u00e4vist\u00e4 tulos- ja voittopalkkioista","og_description":"Teknologiateollisuuden ty\u00f6nantajat ry:n ja Teollisuusliitto ry:n\u00a0 julkaisussa k\u00e4sitell\u00e4\u00e4n palkkaustapoja ja tulos- ja voittopalkkioita sek\u00e4 niiden palkkahallinnollisia sovellutuksia. Palkitsemisen lis\u00e4ksi julkaisussa k\u00e4sitell\u00e4\u00e4n tuotannon kannalta kolmea keskeist\u00e4 tuottavuus- ja kannattavuustekij\u00e4\u00e4 (tuotannon l\u00e4p\u00e4isyaika, toimitusvarmuus ja ty\u00f6voimakustannukset tuotetta kohti)\u00a0 ja n\u00e4ihin vaikuttavia asioita sek\u00e4 yhteistoiminnan merkityst\u00e4 tavoitteiden saavuttamiseksi. Julkaisun tekij\u00e4t toivovat, ett\u00e4 julkaisusta on apua ty\u00f6paikkakohtaisissa palkitsemista koskevissa keskusteluissa.","og_url":"https:\/\/teknologiateollisuus.fi\/jasenille\/julkaisu\/tulosta-ja-palkkaa-nakokohtia-teknologiateollisuuden-palkkaustavoista-ja-niita-taydentavista-tulos-ja-voittopalkkioista\/","og_site_name":"Teknologiateollisuus - J\u00e4senille","article_modified_time":"2026-01-02T08:44:32+00:00","og_image":[{"width":770,"height":900,"url":"https:\/\/teknologiateollisuus.fi\/jasenille\/wp-content\/uploads\/sites\/1\/2024\/12\/kirja-tulosta-ja-palkkaa-770-900.png","type":"image\/png"}],"twitter_card":"summary_large_image","twitter_misc":{"Arvioitu lukuaika":"2 minuuttia"},"schema":{"@context":"https:\/\/schema.org","@graph":[{"@type":"WebPage","@id":"https:\/\/teknologiateollisuus.fi\/jasenille\/julkaisu\/tulosta-ja-palkkaa-nakokohtia-teknologiateollisuuden-palkkaustavoista-ja-niita-taydentavista-tulos-ja-voittopalkkioista\/","url":"https:\/\/teknologiateollisuus.fi\/jasenille\/julkaisu\/tulosta-ja-palkkaa-nakokohtia-teknologiateollisuuden-palkkaustavoista-ja-niita-taydentavista-tulos-ja-voittopalkkioista\/","name":"Tulosta ja palkkaa. N\u00e4k\u00f6kohtia teknologiateollisuuden palkkaustavoista ja niit\u00e4 t\u00e4ydent\u00e4vist\u00e4 tulos- ja voittopalkkioista - Teknologiateollisuus - J\u00e4senille","isPartOf":{"@id":"https:\/\/teknologiateollisuus.fi\/jasenille\/#website"},"primaryImageOfPage":{"@id":"https:\/\/teknologiateollisuus.fi\/jasenille\/julkaisu\/tulosta-ja-palkkaa-nakokohtia-teknologiateollisuuden-palkkaustavoista-ja-niita-taydentavista-tulos-ja-voittopalkkioista\/#primaryimage"},"image":{"@id":"https:\/\/teknologiateollisuus.fi\/jasenille\/julkaisu\/tulosta-ja-palkkaa-nakokohtia-teknologiateollisuuden-palkkaustavoista-ja-niita-taydentavista-tulos-ja-voittopalkkioista\/#primaryimage"},"thumbnailUrl":"https:\/\/teknologiateollisuus.fi\/jasenille\/wp-content\/uploads\/sites\/1\/2024\/12\/kirja-tulosta-ja-palkkaa-770-900.png","datePublished":"2024-12-09T14:02:15+00:00","dateModified":"2026-01-02T08:44:32+00:00","breadcrumb":{"@id":"https:\/\/teknologiateollisuus.fi\/jasenille\/julkaisu\/tulosta-ja-palkkaa-nakokohtia-teknologiateollisuuden-palkkaustavoista-ja-niita-taydentavista-tulos-ja-voittopalkkioista\/#breadcrumb"},"inLanguage":"fi","potentialAction":[{"@type":"ReadAction","target":["https:\/\/teknologiateollisuus.fi\/jasenille\/julkaisu\/tulosta-ja-palkkaa-nakokohtia-teknologiateollisuuden-palkkaustavoista-ja-niita-taydentavista-tulos-ja-voittopalkkioista\/"]}]},{"@type":"ImageObject","inLanguage":"fi","@id":"https:\/\/teknologiateollisuus.fi\/jasenille\/julkaisu\/tulosta-ja-palkkaa-nakokohtia-teknologiateollisuuden-palkkaustavoista-ja-niita-taydentavista-tulos-ja-voittopalkkioista\/#primaryimage","url":"https:\/\/teknologiateollisuus.fi\/jasenille\/wp-content\/uploads\/sites\/1\/2024\/12\/kirja-tulosta-ja-palkkaa-770-900.png","contentUrl":"https:\/\/teknologiateollisuus.fi\/jasenille\/wp-content\/uploads\/sites\/1\/2024\/12\/kirja-tulosta-ja-palkkaa-770-900.png","width":770,"height":900},{"@type":"BreadcrumbList","@id":"https:\/\/teknologiateollisuus.fi\/jasenille\/julkaisu\/tulosta-ja-palkkaa-nakokohtia-teknologiateollisuuden-palkkaustavoista-ja-niita-taydentavista-tulos-ja-voittopalkkioista\/#breadcrumb","itemListElement":[{"@type":"ListItem","position":1,"name":"Home","item":"https:\/\/teknologiateollisuus.fi\/jasenille\/"},{"@type":"ListItem","position":2,"name":"Kaikki julkaisut","item":"https:\/\/teknologiateollisuus.fi\/jasenille\/palvelut\/julkaisut\/kaikki-julkaisut\/"},{"@type":"ListItem","position":3,"name":"Tulosta ja palkkaa. N\u00e4k\u00f6kohtia teknologiateollisuuden palkkaustavoista ja niit\u00e4 t\u00e4ydent\u00e4vist\u00e4 tulos- ja voittopalkkioista"}]},{"@type":"WebSite","@id":"https:\/\/teknologiateollisuus.fi\/jasenille\/#website","url":"https:\/\/teknologiateollisuus.fi\/jasenille\/","name":"Teknologiateollisuus - J\u00e4senille","description":"","publisher":{"@id":"https:\/\/teknologiateollisuus.fi\/jasenille\/#organization"},"potentialAction":[{"@type":"SearchAction","target":{"@type":"EntryPoint","urlTemplate":"https:\/\/teknologiateollisuus.fi\/jasenille\/?s={search_term_string}"},"query-input":{"@type":"PropertyValueSpecification","valueRequired":true,"valueName":"search_term_string"}}],"inLanguage":"fi"},{"@type":"Organization","@id":"https:\/\/teknologiateollisuus.fi\/jasenille\/#organization","name":"Teknologiateollisuus - J\u00e4senille","url":"https:\/\/teknologiateollisuus.fi\/jasenille\/","logo":{"@type":"ImageObject","inLanguage":"fi","@id":"https:\/\/teknologiateollisuus.fi\/jasenille\/#\/schema\/logo\/image\/","url":"https:\/\/teknologiateollisuus.fi\/jasenille\/wp-content\/uploads\/sites\/1\/2023\/10\/placeholder.png","contentUrl":"https:\/\/teknologiateollisuus.fi\/jasenille\/wp-content\/uploads\/sites\/1\/2023\/10\/placeholder.png","width":2560,"height":1920,"caption":"Teknologiateollisuus - J\u00e4senille"},"image":{"@id":"https:\/\/teknologiateollisuus.fi\/jasenille\/#\/schema\/logo\/image\/"}}]}},"_links":{"self":[{"href":"https:\/\/teknologiateollisuus.fi\/jasenille\/wp-json\/wp\/v2\/product\/16944","targetHints":{"allow":["GET"]}}],"collection":[{"href":"https:\/\/teknologiateollisuus.fi\/jasenille\/wp-json\/wp\/v2\/product"}],"about":[{"href":"https:\/\/teknologiateollisuus.fi\/jasenille\/wp-json\/wp\/v2\/types\/product"}],"wp:featuredmedia":[{"embeddable":true,"href":"https:\/\/teknologiateollisuus.fi\/jasenille\/wp-json\/wp\/v2\/media\/25664"}],"wp:attachment":[{"href":"https:\/\/teknologiateollisuus.fi\/jasenille\/wp-json\/wp\/v2\/media?parent=16944"}],"wp:term":[{"taxonomy":"product_brand","embeddable":true,"href":"https:\/\/teknologiateollisuus.fi\/jasenille\/wp-json\/wp\/v2\/product_brand?post=16944"},{"taxonomy":"product_cat","embeddable":true,"href":"https:\/\/teknologiateollisuus.fi\/jasenille\/wp-json\/wp\/v2\/product_cat?post=16944"},{"taxonomy":"product_tag","embeddable":true,"href":"https:\/\/teknologiateollisuus.fi\/jasenille\/wp-json\/wp\/v2\/product_tag?post=16944"}],"curies":[{"name":"wp","href":"https:\/\/api.w.org\/{rel}","templated":true}]}}