{"id":16946,"date":"2024-12-09T16:08:26","date_gmt":"2024-12-09T14:08:26","guid":{"rendered":"https:\/\/teknologiateollisuus.fi\/jasenille\/?post_type=product&#038;p=16946"},"modified":"2026-01-02T11:07:12","modified_gmt":"2026-01-02T09:07:12","slug":"tyoehdot-ulkomaantyossa","status":"publish","type":"product","link":"https:\/\/teknologiateollisuus.fi\/jasenille\/julkaisu\/tyoehdot-ulkomaantyossa\/","title":{"rendered":"Ty\u00f6ehdot ulkomaanty\u00f6ss\u00e4"},"content":{"rendered":"<div class=\"maindesc\">\n<p>Teknologiateollisuus on kansainv\u00e4linen toimiala. Yh\u00e4 useamman teknologiateollisuuden ty\u00f6ntekij\u00e4n ty\u00f6h\u00f6n kuuluvat komennukset ulkomaille. Oppaaseen on koottu keskeiset asiat, jotka tulee ottaa huomioon, kun sovitaan ulkomaanty\u00f6n ty\u00f6ehdoista. Tavoitteena on ollut mahdollisimman k\u00e4yt\u00e4nn\u00f6nl\u00e4heinen n\u00e4k\u00f6kulma, jossa huomioidaan tasapuolisesti ty\u00f6ntekij\u00f6iden, luottamushenkil\u00f6iden, yritysten henkil\u00f6st\u00f6hallinnon ja esimiesten tarpeet.<\/p>\n<p>Kev\u00e4\u00e4ll\u00e4 2020 uudistetun oppaan lis\u00e4tietoja-kohtaan on ker\u00e4tty ulkomaan ty\u00f6komennuksiin liittyvi\u00e4 linkkej\u00e4 Kelan, verohallinnon ja El\u00e4keturvakeskuksen kotisivuilta.<\/p>\n<p>HUOM. Opas on laadittu pit\u00e4en silm\u00e4ll\u00e4 ainoastaan Teknologiateollisuus ry:n ja Teollisuusliitto ry:n v\u00e4lill\u00e4 solmitun teknologiateollisuuden ty\u00f6ehtosopimuksen soveltamisalan piiriss\u00e4 olevia <strong>ty\u00f6ntekij\u00f6it\u00e4<\/strong>. Kaikkea oppaassa esitetty\u00e4 ei siten voida sellaisenaan soveltaa muiden ty\u00f6ehtosopimusten piiriin kuuluviin ty\u00f6ntekij\u00f6ihin tai toimihenkil\u00f6ihin.<\/p>\n<\/div>\n","protected":false},"excerpt":{"rendered":"<p>Oppaaseen on koottu keskeiset asiat, jotka tulee ottaa huomioon, kun sovitaan ulkomaanty\u00f6n ty\u00f6ehdoista. Tavoitteena on ollut mahdollisimman k\u00e4yt\u00e4nn\u00f6nl\u00e4heinen n\u00e4k\u00f6kulma, jossa huomioidaan tasapuolisesti ty\u00f6ntekij\u00f6iden, luottamushenkil\u00f6iden, yritysten henkil\u00f6st\u00f6hallinnon ja esimiesten tarpeet. HUOM. Opas on laadittu pit\u00e4en silm\u00e4ll\u00e4 ainoastaan Teknologiateollisuus ry:n ja Teollisuusliitto ry:n v\u00e4lill\u00e4 solmitun teknologiateollisuuden ty\u00f6ehtosopimuksen soveltamisalan piiriss\u00e4 olevia <strong>ty\u00f6ntekij\u00f6it\u00e4<\/strong>. Kaikkea oppaassa esitetty\u00e4 ei siten voida sellaisenaan soveltaa muiden ty\u00f6ehtosopimusten piiriin kuuluviin ty\u00f6ntekij\u00f6ihin tai toimihenkil\u00f6ihin.<\/p>\n","protected":false},"featured_media":25665,"template":"","meta":{"_acf_changed":false,"_relevanssi_hide_post":"","_relevanssi_hide_content":"","_relevanssi_pin_for_all":"","_relevanssi_pin_keywords":"","_relevanssi_unpin_keywords":"","_relevanssi_related_keywords":"","_relevanssi_related_include_ids":"","_relevanssi_related_exclude_ids":"","_relevanssi_related_no_append":"","_relevanssi_related_not_related":"","_relevanssi_related_posts":"","_relevanssi_noindex_reason":"","inline_featured_image":false,"growthstack-ab-test":[],"growthstack-ab-test-views":[]},"product_brand":[],"product_cat":[809],"product_tag":[728],"class_list":{"0":"post-16946","1":"product","2":"type-product","3":"status-publish","4":"has-post-thumbnail","6":"product_cat-oppaat","7":"product_tag-tyosuhdeasiat-ja-tyoelama","8":"product_shipping_class-kirja","10":"first","11":"instock","12":"taxable","13":"shipping-taxable","14":"purchasable","15":"product-type-simple"},"acf":{"creators":"","member_discount":15,"attachments":null,"links":null,"product_recommendations":{"number_of_products":10,"recommendation_basis":"date"}},"yoast_head":"<!-- This site is optimized with the Yoast SEO Premium plugin v27.1 (Yoast SEO v27.4) - https:\/\/yoast.com\/product\/yoast-seo-premium-wordpress\/ -->\n<title>Ty\u00f6ehdot ulkomaanty\u00f6ss\u00e4 - Teknologiateollisuus - J\u00e4senille<\/title>\n<meta name=\"robots\" content=\"index, follow, max-snippet:-1, max-image-preview:large, max-video-preview:-1\" \/>\n<link rel=\"canonical\" href=\"https:\/\/teknologiateollisuus.fi\/jasenille\/julkaisu\/tyoehdot-ulkomaantyossa\/\" \/>\n<meta property=\"og:locale\" content=\"fi_FI\" \/>\n<meta property=\"og:type\" content=\"article\" \/>\n<meta property=\"og:title\" content=\"Ty\u00f6ehdot ulkomaanty\u00f6ss\u00e4\" \/>\n<meta property=\"og:description\" content=\"Oppaaseen on koottu keskeiset asiat, jotka tulee ottaa huomioon, kun sovitaan ulkomaanty\u00f6n ty\u00f6ehdoista. Tavoitteena on ollut mahdollisimman k\u00e4yt\u00e4nn\u00f6nl\u00e4heinen n\u00e4k\u00f6kulma, jossa huomioidaan tasapuolisesti ty\u00f6ntekij\u00f6iden, luottamushenkil\u00f6iden, yritysten henkil\u00f6st\u00f6hallinnon ja esimiesten tarpeet. HUOM. Opas on laadittu pit\u00e4en silm\u00e4ll\u00e4 ainoastaan Teknologiateollisuus ry:n ja Teollisuusliitto ry:n v\u00e4lill\u00e4 solmitun teknologiateollisuuden ty\u00f6ehtosopimuksen soveltamisalan piiriss\u00e4 olevia ty\u00f6ntekij\u00f6it\u00e4. Kaikkea oppaassa esitetty\u00e4 ei siten voida sellaisenaan soveltaa muiden ty\u00f6ehtosopimusten piiriin kuuluviin ty\u00f6ntekij\u00f6ihin tai toimihenkil\u00f6ihin.\" \/>\n<meta property=\"og:url\" content=\"https:\/\/teknologiateollisuus.fi\/jasenille\/julkaisu\/tyoehdot-ulkomaantyossa\/\" \/>\n<meta property=\"og:site_name\" content=\"Teknologiateollisuus - J\u00e4senille\" \/>\n<meta property=\"article:modified_time\" content=\"2026-01-02T09:07:12+00:00\" \/>\n<meta property=\"og:image\" content=\"https:\/\/teknologiateollisuus.fi\/jasenille\/wp-content\/uploads\/sites\/1\/2024\/12\/kirja-tyoehdot-ulkomaantyossa-770-900.png\" \/>\n\t<meta property=\"og:image:width\" content=\"770\" \/>\n\t<meta property=\"og:image:height\" content=\"900\" \/>\n\t<meta property=\"og:image:type\" content=\"image\/png\" \/>\n<meta name=\"twitter:card\" content=\"summary_large_image\" \/>\n<meta name=\"twitter:label1\" content=\"Arvioitu lukuaika\" \/>\n\t<meta name=\"twitter:data1\" content=\"1 minuutti\" \/>\n<script type=\"application\/ld+json\" class=\"yoast-schema-graph\">{\"@context\":\"https:\\\/\\\/schema.org\",\"@graph\":[{\"@type\":\"WebPage\",\"@id\":\"https:\\\/\\\/teknologiateollisuus.fi\\\/jasenille\\\/julkaisu\\\/tyoehdot-ulkomaantyossa\\\/\",\"url\":\"https:\\\/\\\/teknologiateollisuus.fi\\\/jasenille\\\/julkaisu\\\/tyoehdot-ulkomaantyossa\\\/\",\"name\":\"Ty\u00f6ehdot ulkomaanty\u00f6ss\u00e4 - Teknologiateollisuus - J\u00e4senille\",\"isPartOf\":{\"@id\":\"https:\\\/\\\/teknologiateollisuus.fi\\\/jasenille\\\/#website\"},\"primaryImageOfPage\":{\"@id\":\"https:\\\/\\\/teknologiateollisuus.fi\\\/jasenille\\\/julkaisu\\\/tyoehdot-ulkomaantyossa\\\/#primaryimage\"},\"image\":{\"@id\":\"https:\\\/\\\/teknologiateollisuus.fi\\\/jasenille\\\/julkaisu\\\/tyoehdot-ulkomaantyossa\\\/#primaryimage\"},\"thumbnailUrl\":\"https:\\\/\\\/teknologiateollisuus.fi\\\/jasenille\\\/wp-content\\\/uploads\\\/sites\\\/1\\\/2024\\\/12\\\/kirja-tyoehdot-ulkomaantyossa-770-900.png\",\"datePublished\":\"2024-12-09T14:08:26+00:00\",\"dateModified\":\"2026-01-02T09:07:12+00:00\",\"breadcrumb\":{\"@id\":\"https:\\\/\\\/teknologiateollisuus.fi\\\/jasenille\\\/julkaisu\\\/tyoehdot-ulkomaantyossa\\\/#breadcrumb\"},\"inLanguage\":\"fi\",\"potentialAction\":[{\"@type\":\"ReadAction\",\"target\":[\"https:\\\/\\\/teknologiateollisuus.fi\\\/jasenille\\\/julkaisu\\\/tyoehdot-ulkomaantyossa\\\/\"]}]},{\"@type\":\"ImageObject\",\"inLanguage\":\"fi\",\"@id\":\"https:\\\/\\\/teknologiateollisuus.fi\\\/jasenille\\\/julkaisu\\\/tyoehdot-ulkomaantyossa\\\/#primaryimage\",\"url\":\"https:\\\/\\\/teknologiateollisuus.fi\\\/jasenille\\\/wp-content\\\/uploads\\\/sites\\\/1\\\/2024\\\/12\\\/kirja-tyoehdot-ulkomaantyossa-770-900.png\",\"contentUrl\":\"https:\\\/\\\/teknologiateollisuus.fi\\\/jasenille\\\/wp-content\\\/uploads\\\/sites\\\/1\\\/2024\\\/12\\\/kirja-tyoehdot-ulkomaantyossa-770-900.png\",\"width\":770,\"height\":900},{\"@type\":\"BreadcrumbList\",\"@id\":\"https:\\\/\\\/teknologiateollisuus.fi\\\/jasenille\\\/julkaisu\\\/tyoehdot-ulkomaantyossa\\\/#breadcrumb\",\"itemListElement\":[{\"@type\":\"ListItem\",\"position\":1,\"name\":\"Home\",\"item\":\"https:\\\/\\\/teknologiateollisuus.fi\\\/jasenille\\\/\"},{\"@type\":\"ListItem\",\"position\":2,\"name\":\"Kaikki julkaisut\",\"item\":\"https:\\\/\\\/teknologiateollisuus.fi\\\/jasenille\\\/palvelut\\\/julkaisut\\\/kaikki-julkaisut\\\/\"},{\"@type\":\"ListItem\",\"position\":3,\"name\":\"Ty\u00f6ehdot ulkomaanty\u00f6ss\u00e4\"}]},{\"@type\":\"WebSite\",\"@id\":\"https:\\\/\\\/teknologiateollisuus.fi\\\/jasenille\\\/#website\",\"url\":\"https:\\\/\\\/teknologiateollisuus.fi\\\/jasenille\\\/\",\"name\":\"Teknologiateollisuus - J\u00e4senille\",\"description\":\"\",\"publisher\":{\"@id\":\"https:\\\/\\\/teknologiateollisuus.fi\\\/jasenille\\\/#organization\"},\"potentialAction\":[{\"@type\":\"SearchAction\",\"target\":{\"@type\":\"EntryPoint\",\"urlTemplate\":\"https:\\\/\\\/teknologiateollisuus.fi\\\/jasenille\\\/?s={search_term_string}\"},\"query-input\":{\"@type\":\"PropertyValueSpecification\",\"valueRequired\":true,\"valueName\":\"search_term_string\"}}],\"inLanguage\":\"fi\"},{\"@type\":\"Organization\",\"@id\":\"https:\\\/\\\/teknologiateollisuus.fi\\\/jasenille\\\/#organization\",\"name\":\"Teknologiateollisuus - J\u00e4senille\",\"url\":\"https:\\\/\\\/teknologiateollisuus.fi\\\/jasenille\\\/\",\"logo\":{\"@type\":\"ImageObject\",\"inLanguage\":\"fi\",\"@id\":\"https:\\\/\\\/teknologiateollisuus.fi\\\/jasenille\\\/#\\\/schema\\\/logo\\\/image\\\/\",\"url\":\"https:\\\/\\\/teknologiateollisuus.fi\\\/jasenille\\\/wp-content\\\/uploads\\\/sites\\\/1\\\/2023\\\/10\\\/placeholder.png\",\"contentUrl\":\"https:\\\/\\\/teknologiateollisuus.fi\\\/jasenille\\\/wp-content\\\/uploads\\\/sites\\\/1\\\/2023\\\/10\\\/placeholder.png\",\"width\":2560,\"height\":1920,\"caption\":\"Teknologiateollisuus - J\u00e4senille\"},\"image\":{\"@id\":\"https:\\\/\\\/teknologiateollisuus.fi\\\/jasenille\\\/#\\\/schema\\\/logo\\\/image\\\/\"}}]}<\/script>\n<!-- \/ Yoast SEO Premium plugin. -->","yoast_head_json":{"title":"Ty\u00f6ehdot ulkomaanty\u00f6ss\u00e4 - Teknologiateollisuus - J\u00e4senille","robots":{"index":"index","follow":"follow","max-snippet":"max-snippet:-1","max-image-preview":"max-image-preview:large","max-video-preview":"max-video-preview:-1"},"canonical":"https:\/\/teknologiateollisuus.fi\/jasenille\/julkaisu\/tyoehdot-ulkomaantyossa\/","og_locale":"fi_FI","og_type":"article","og_title":"Ty\u00f6ehdot ulkomaanty\u00f6ss\u00e4","og_description":"Oppaaseen on koottu keskeiset asiat, jotka tulee ottaa huomioon, kun sovitaan ulkomaanty\u00f6n ty\u00f6ehdoista. Tavoitteena on ollut mahdollisimman k\u00e4yt\u00e4nn\u00f6nl\u00e4heinen n\u00e4k\u00f6kulma, jossa huomioidaan tasapuolisesti ty\u00f6ntekij\u00f6iden, luottamushenkil\u00f6iden, yritysten henkil\u00f6st\u00f6hallinnon ja esimiesten tarpeet. HUOM. Opas on laadittu pit\u00e4en silm\u00e4ll\u00e4 ainoastaan Teknologiateollisuus ry:n ja Teollisuusliitto ry:n v\u00e4lill\u00e4 solmitun teknologiateollisuuden ty\u00f6ehtosopimuksen soveltamisalan piiriss\u00e4 olevia ty\u00f6ntekij\u00f6it\u00e4. Kaikkea oppaassa esitetty\u00e4 ei siten voida sellaisenaan soveltaa muiden ty\u00f6ehtosopimusten piiriin kuuluviin ty\u00f6ntekij\u00f6ihin tai toimihenkil\u00f6ihin.","og_url":"https:\/\/teknologiateollisuus.fi\/jasenille\/julkaisu\/tyoehdot-ulkomaantyossa\/","og_site_name":"Teknologiateollisuus - J\u00e4senille","article_modified_time":"2026-01-02T09:07:12+00:00","og_image":[{"width":770,"height":900,"url":"https:\/\/teknologiateollisuus.fi\/jasenille\/wp-content\/uploads\/sites\/1\/2024\/12\/kirja-tyoehdot-ulkomaantyossa-770-900.png","type":"image\/png"}],"twitter_card":"summary_large_image","twitter_misc":{"Arvioitu lukuaika":"1 minuutti"},"schema":{"@context":"https:\/\/schema.org","@graph":[{"@type":"WebPage","@id":"https:\/\/teknologiateollisuus.fi\/jasenille\/julkaisu\/tyoehdot-ulkomaantyossa\/","url":"https:\/\/teknologiateollisuus.fi\/jasenille\/julkaisu\/tyoehdot-ulkomaantyossa\/","name":"Ty\u00f6ehdot ulkomaanty\u00f6ss\u00e4 - Teknologiateollisuus - J\u00e4senille","isPartOf":{"@id":"https:\/\/teknologiateollisuus.fi\/jasenille\/#website"},"primaryImageOfPage":{"@id":"https:\/\/teknologiateollisuus.fi\/jasenille\/julkaisu\/tyoehdot-ulkomaantyossa\/#primaryimage"},"image":{"@id":"https:\/\/teknologiateollisuus.fi\/jasenille\/julkaisu\/tyoehdot-ulkomaantyossa\/#primaryimage"},"thumbnailUrl":"https:\/\/teknologiateollisuus.fi\/jasenille\/wp-content\/uploads\/sites\/1\/2024\/12\/kirja-tyoehdot-ulkomaantyossa-770-900.png","datePublished":"2024-12-09T14:08:26+00:00","dateModified":"2026-01-02T09:07:12+00:00","breadcrumb":{"@id":"https:\/\/teknologiateollisuus.fi\/jasenille\/julkaisu\/tyoehdot-ulkomaantyossa\/#breadcrumb"},"inLanguage":"fi","potentialAction":[{"@type":"ReadAction","target":["https:\/\/teknologiateollisuus.fi\/jasenille\/julkaisu\/tyoehdot-ulkomaantyossa\/"]}]},{"@type":"ImageObject","inLanguage":"fi","@id":"https:\/\/teknologiateollisuus.fi\/jasenille\/julkaisu\/tyoehdot-ulkomaantyossa\/#primaryimage","url":"https:\/\/teknologiateollisuus.fi\/jasenille\/wp-content\/uploads\/sites\/1\/2024\/12\/kirja-tyoehdot-ulkomaantyossa-770-900.png","contentUrl":"https:\/\/teknologiateollisuus.fi\/jasenille\/wp-content\/uploads\/sites\/1\/2024\/12\/kirja-tyoehdot-ulkomaantyossa-770-900.png","width":770,"height":900},{"@type":"BreadcrumbList","@id":"https:\/\/teknologiateollisuus.fi\/jasenille\/julkaisu\/tyoehdot-ulkomaantyossa\/#breadcrumb","itemListElement":[{"@type":"ListItem","position":1,"name":"Home","item":"https:\/\/teknologiateollisuus.fi\/jasenille\/"},{"@type":"ListItem","position":2,"name":"Kaikki julkaisut","item":"https:\/\/teknologiateollisuus.fi\/jasenille\/palvelut\/julkaisut\/kaikki-julkaisut\/"},{"@type":"ListItem","position":3,"name":"Ty\u00f6ehdot ulkomaanty\u00f6ss\u00e4"}]},{"@type":"WebSite","@id":"https:\/\/teknologiateollisuus.fi\/jasenille\/#website","url":"https:\/\/teknologiateollisuus.fi\/jasenille\/","name":"Teknologiateollisuus - J\u00e4senille","description":"","publisher":{"@id":"https:\/\/teknologiateollisuus.fi\/jasenille\/#organization"},"potentialAction":[{"@type":"SearchAction","target":{"@type":"EntryPoint","urlTemplate":"https:\/\/teknologiateollisuus.fi\/jasenille\/?s={search_term_string}"},"query-input":{"@type":"PropertyValueSpecification","valueRequired":true,"valueName":"search_term_string"}}],"inLanguage":"fi"},{"@type":"Organization","@id":"https:\/\/teknologiateollisuus.fi\/jasenille\/#organization","name":"Teknologiateollisuus - J\u00e4senille","url":"https:\/\/teknologiateollisuus.fi\/jasenille\/","logo":{"@type":"ImageObject","inLanguage":"fi","@id":"https:\/\/teknologiateollisuus.fi\/jasenille\/#\/schema\/logo\/image\/","url":"https:\/\/teknologiateollisuus.fi\/jasenille\/wp-content\/uploads\/sites\/1\/2023\/10\/placeholder.png","contentUrl":"https:\/\/teknologiateollisuus.fi\/jasenille\/wp-content\/uploads\/sites\/1\/2023\/10\/placeholder.png","width":2560,"height":1920,"caption":"Teknologiateollisuus - J\u00e4senille"},"image":{"@id":"https:\/\/teknologiateollisuus.fi\/jasenille\/#\/schema\/logo\/image\/"}}]}},"_links":{"self":[{"href":"https:\/\/teknologiateollisuus.fi\/jasenille\/wp-json\/wp\/v2\/product\/16946","targetHints":{"allow":["GET"]}}],"collection":[{"href":"https:\/\/teknologiateollisuus.fi\/jasenille\/wp-json\/wp\/v2\/product"}],"about":[{"href":"https:\/\/teknologiateollisuus.fi\/jasenille\/wp-json\/wp\/v2\/types\/product"}],"wp:featuredmedia":[{"embeddable":true,"href":"https:\/\/teknologiateollisuus.fi\/jasenille\/wp-json\/wp\/v2\/media\/25665"}],"wp:attachment":[{"href":"https:\/\/teknologiateollisuus.fi\/jasenille\/wp-json\/wp\/v2\/media?parent=16946"}],"wp:term":[{"taxonomy":"product_brand","embeddable":true,"href":"https:\/\/teknologiateollisuus.fi\/jasenille\/wp-json\/wp\/v2\/product_brand?post=16946"},{"taxonomy":"product_cat","embeddable":true,"href":"https:\/\/teknologiateollisuus.fi\/jasenille\/wp-json\/wp\/v2\/product_cat?post=16946"},{"taxonomy":"product_tag","embeddable":true,"href":"https:\/\/teknologiateollisuus.fi\/jasenille\/wp-json\/wp\/v2\/product_tag?post=16946"}],"curies":[{"name":"wp","href":"https:\/\/api.w.org\/{rel}","templated":true}]}}