{"id":24263,"date":"2025-02-17T14:41:03","date_gmt":"2025-02-17T12:41:03","guid":{"rendered":"https:\/\/teknologiateollisuus.fi\/jasenille\/?post_type=product&#038;p=24263"},"modified":"2025-05-27T14:05:22","modified_gmt":"2025-05-27T11:05:22","slug":"nlm-19e-pohjoismaiset-yleiset-asennustoimitusehdot-pdf-muodossa-englanti","status":"publish","type":"product","link":"https:\/\/teknologiateollisuus.fi\/jasenille\/julkaisu\/nlm-19e-pohjoismaiset-yleiset-asennustoimitusehdot-pdf-muodossa-englanti\/","title":{"rendered":"Yleiset asennustoimitusehdot (NLM 19, pdf, Pohjoismaat, englanti)"},"content":{"rendered":"<p>NLM 19 -ehdot on tarkoitettu k\u00e4ytett\u00e4v\u00e4ksi koneiden sek\u00e4 mekaanisten, s\u00e4hk\u00f6isten ja elektronisten laitteiden asennustoimituksissa Suomessa, Ruotsissa, Norjassa ja Tanskassa sek\u00e4 n\u00e4iden maiden v\u00e4lill\u00e4. NLM 19 -ehdot ovat korvanneet aikaisemmat NLM 10 -ehdot.<\/p>\n<p>Ehdot laatineet pohjoismaiset teknologiateollisuuden j\u00e4rjest\u00f6t uudistivat pohjoismaiset yleiset asennustoimitusehdot, koska koneiden toimitusk\u00e4yt\u00e4nt\u00f6 on muuttunut, ne haluttiin yhten\u00e4ist\u00e4\u00e4 NL 17 -ehtojen kanssa, kieliasu ja k\u00e4sitteist\u00f6 kaipasivat modernisointia ja selkeytt\u00e4mist\u00e4, ne piti sopeuttaa nykyaikaisiin viestint\u00e4tapoihin ja pohjoismaista tuotevastuuta koskevat kohdat kaipasivat yksinkertaistamista.<\/p>\n<p>Liitteen\u00e4 on NLM 19 -ehtoja varten laadittu mallisopimus.<\/p>\n","protected":false},"excerpt":{"rendered":"<p>NLM 19 -ehdot on tarkoitettu k\u00e4ytett\u00e4v\u00e4ksi koneiden sek\u00e4 mekaanisten, s\u00e4hk\u00f6isten ja elektronisten laitteiden asennustoimituksissa Suomessa, Ruotsissa, Norjassa ja Tanskassa sek\u00e4 n\u00e4iden maiden v\u00e4lill\u00e4. NLM 19 -ehdot ovat korvanneet aikaisemmat NLM 10 -ehdot.<\/p>\n","protected":false},"featured_media":25647,"template":"","meta":{"_acf_changed":false,"_relevanssi_hide_post":"","_relevanssi_hide_content":"","_relevanssi_pin_for_all":"","_relevanssi_pin_keywords":"","_relevanssi_unpin_keywords":"","_relevanssi_related_keywords":"","_relevanssi_related_include_ids":"","_relevanssi_related_exclude_ids":"","_relevanssi_related_no_append":"","_relevanssi_related_not_related":"","_relevanssi_related_posts":"","_relevanssi_noindex_reason":"","inline_featured_image":false,"growthstack-ab-test":[],"growthstack-ab-test-views":[]},"product_brand":[],"product_cat":[813,807],"product_tag":[730],"class_list":{"0":"post-24263","1":"product","2":"type-product","3":"status-publish","4":"has-post-thumbnail","6":"product_cat-asennustoimitukset","7":"product_cat-sopimusehdot","8":"product_tag-liiketoiminta-ja-innovaatiot","10":"first","11":"instock","12":"sold-individually","13":"taxable","14":"shipping-taxable","15":"purchasable","16":"product-type-variable"},"acf":{"creators":"","member_discount":50,"attachments":[{"attachment":24440},{"attachment":""}],"links":null,"product_recommendations":{"number_of_products":10,"recommendation_basis":"date"}},"yoast_head":"<!-- This site is optimized with the Yoast SEO Premium plugin v27.1 (Yoast SEO v27.3) - https:\/\/yoast.com\/product\/yoast-seo-premium-wordpress\/ -->\n<title>Yleiset asennustoimitusehdot (NLM 19, pdf, Pohjoismaat, englanti) - Teknologiateollisuus - J\u00e4senille<\/title>\n<meta name=\"robots\" content=\"index, follow, max-snippet:-1, max-image-preview:large, max-video-preview:-1\" \/>\n<link rel=\"canonical\" href=\"https:\/\/teknologiateollisuus.fi\/jasenille\/julkaisu\/nlm-19e-pohjoismaiset-yleiset-asennustoimitusehdot-pdf-muodossa-englanti\/\" \/>\n<meta property=\"og:locale\" content=\"fi_FI\" \/>\n<meta property=\"og:type\" content=\"article\" \/>\n<meta property=\"og:title\" content=\"Yleiset asennustoimitusehdot (NLM 19, pdf, Pohjoismaat, englanti)\" \/>\n<meta property=\"og:description\" content=\"NLM 19 -ehdot on tarkoitettu k\u00e4ytett\u00e4v\u00e4ksi koneiden sek\u00e4 mekaanisten, s\u00e4hk\u00f6isten ja elektronisten laitteiden asennustoimituksissa Suomessa, Ruotsissa, Norjassa ja Tanskassa sek\u00e4 n\u00e4iden maiden v\u00e4lill\u00e4. NLM 19 -ehdot ovat korvanneet aikaisemmat NLM 10 -ehdot.\" \/>\n<meta property=\"og:url\" content=\"https:\/\/teknologiateollisuus.fi\/jasenille\/julkaisu\/nlm-19e-pohjoismaiset-yleiset-asennustoimitusehdot-pdf-muodossa-englanti\/\" \/>\n<meta property=\"og:site_name\" content=\"Teknologiateollisuus - J\u00e4senille\" \/>\n<meta property=\"article:modified_time\" content=\"2025-05-27T11:05:22+00:00\" \/>\n<meta property=\"og:image\" content=\"https:\/\/teknologiateollisuus.fi\/jasenille\/wp-content\/uploads\/sites\/1\/2025\/02\/kuvitus-paperinippu-aakkosittain-liitot-pdf-770-900.png\" \/>\n\t<meta property=\"og:image:width\" content=\"770\" \/>\n\t<meta property=\"og:image:height\" content=\"900\" \/>\n\t<meta property=\"og:image:type\" content=\"image\/png\" \/>\n<meta name=\"twitter:card\" content=\"summary_large_image\" \/>\n<meta name=\"twitter:label1\" content=\"Arvioitu lukuaika\" \/>\n\t<meta name=\"twitter:data1\" content=\"1 minuutti\" \/>\n<script type=\"application\/ld+json\" class=\"yoast-schema-graph\">{\"@context\":\"https:\\\/\\\/schema.org\",\"@graph\":[{\"@type\":\"WebPage\",\"@id\":\"https:\\\/\\\/teknologiateollisuus.fi\\\/jasenille\\\/julkaisu\\\/nlm-19e-pohjoismaiset-yleiset-asennustoimitusehdot-pdf-muodossa-englanti\\\/\",\"url\":\"https:\\\/\\\/teknologiateollisuus.fi\\\/jasenille\\\/julkaisu\\\/nlm-19e-pohjoismaiset-yleiset-asennustoimitusehdot-pdf-muodossa-englanti\\\/\",\"name\":\"Yleiset asennustoimitusehdot (NLM 19, pdf, Pohjoismaat, englanti) - Teknologiateollisuus - J\u00e4senille\",\"isPartOf\":{\"@id\":\"https:\\\/\\\/teknologiateollisuus.fi\\\/jasenille\\\/#website\"},\"primaryImageOfPage\":{\"@id\":\"https:\\\/\\\/teknologiateollisuus.fi\\\/jasenille\\\/julkaisu\\\/nlm-19e-pohjoismaiset-yleiset-asennustoimitusehdot-pdf-muodossa-englanti\\\/#primaryimage\"},\"image\":{\"@id\":\"https:\\\/\\\/teknologiateollisuus.fi\\\/jasenille\\\/julkaisu\\\/nlm-19e-pohjoismaiset-yleiset-asennustoimitusehdot-pdf-muodossa-englanti\\\/#primaryimage\"},\"thumbnailUrl\":\"https:\\\/\\\/teknologiateollisuus.fi\\\/jasenille\\\/wp-content\\\/uploads\\\/sites\\\/1\\\/2025\\\/02\\\/kuvitus-paperinippu-aakkosittain-liitot-pdf-770-900.png\",\"datePublished\":\"2025-02-17T12:41:03+00:00\",\"dateModified\":\"2025-05-27T11:05:22+00:00\",\"breadcrumb\":{\"@id\":\"https:\\\/\\\/teknologiateollisuus.fi\\\/jasenille\\\/julkaisu\\\/nlm-19e-pohjoismaiset-yleiset-asennustoimitusehdot-pdf-muodossa-englanti\\\/#breadcrumb\"},\"inLanguage\":\"fi\",\"potentialAction\":[{\"@type\":\"ReadAction\",\"target\":[\"https:\\\/\\\/teknologiateollisuus.fi\\\/jasenille\\\/julkaisu\\\/nlm-19e-pohjoismaiset-yleiset-asennustoimitusehdot-pdf-muodossa-englanti\\\/\"]}]},{\"@type\":\"ImageObject\",\"inLanguage\":\"fi\",\"@id\":\"https:\\\/\\\/teknologiateollisuus.fi\\\/jasenille\\\/julkaisu\\\/nlm-19e-pohjoismaiset-yleiset-asennustoimitusehdot-pdf-muodossa-englanti\\\/#primaryimage\",\"url\":\"https:\\\/\\\/teknologiateollisuus.fi\\\/jasenille\\\/wp-content\\\/uploads\\\/sites\\\/1\\\/2025\\\/02\\\/kuvitus-paperinippu-aakkosittain-liitot-pdf-770-900.png\",\"contentUrl\":\"https:\\\/\\\/teknologiateollisuus.fi\\\/jasenille\\\/wp-content\\\/uploads\\\/sites\\\/1\\\/2025\\\/02\\\/kuvitus-paperinippu-aakkosittain-liitot-pdf-770-900.png\",\"width\":770,\"height\":900},{\"@type\":\"BreadcrumbList\",\"@id\":\"https:\\\/\\\/teknologiateollisuus.fi\\\/jasenille\\\/julkaisu\\\/nlm-19e-pohjoismaiset-yleiset-asennustoimitusehdot-pdf-muodossa-englanti\\\/#breadcrumb\",\"itemListElement\":[{\"@type\":\"ListItem\",\"position\":1,\"name\":\"Home\",\"item\":\"https:\\\/\\\/teknologiateollisuus.fi\\\/jasenille\\\/\"},{\"@type\":\"ListItem\",\"position\":2,\"name\":\"Kaikki julkaisut\",\"item\":\"https:\\\/\\\/teknologiateollisuus.fi\\\/jasenille\\\/palvelut\\\/julkaisut\\\/kaikki-julkaisut\\\/\"},{\"@type\":\"ListItem\",\"position\":3,\"name\":\"Yleiset asennustoimitusehdot (NLM 19, pdf, Pohjoismaat, englanti)\"}]},{\"@type\":\"WebSite\",\"@id\":\"https:\\\/\\\/teknologiateollisuus.fi\\\/jasenille\\\/#website\",\"url\":\"https:\\\/\\\/teknologiateollisuus.fi\\\/jasenille\\\/\",\"name\":\"Teknologiateollisuus - J\u00e4senille\",\"description\":\"\",\"publisher\":{\"@id\":\"https:\\\/\\\/teknologiateollisuus.fi\\\/jasenille\\\/#organization\"},\"potentialAction\":[{\"@type\":\"SearchAction\",\"target\":{\"@type\":\"EntryPoint\",\"urlTemplate\":\"https:\\\/\\\/teknologiateollisuus.fi\\\/jasenille\\\/?s={search_term_string}\"},\"query-input\":{\"@type\":\"PropertyValueSpecification\",\"valueRequired\":true,\"valueName\":\"search_term_string\"}}],\"inLanguage\":\"fi\"},{\"@type\":\"Organization\",\"@id\":\"https:\\\/\\\/teknologiateollisuus.fi\\\/jasenille\\\/#organization\",\"name\":\"Teknologiateollisuus - J\u00e4senille\",\"url\":\"https:\\\/\\\/teknologiateollisuus.fi\\\/jasenille\\\/\",\"logo\":{\"@type\":\"ImageObject\",\"inLanguage\":\"fi\",\"@id\":\"https:\\\/\\\/teknologiateollisuus.fi\\\/jasenille\\\/#\\\/schema\\\/logo\\\/image\\\/\",\"url\":\"https:\\\/\\\/teknologiateollisuus.fi\\\/jasenille\\\/wp-content\\\/uploads\\\/sites\\\/1\\\/2023\\\/10\\\/placeholder.png\",\"contentUrl\":\"https:\\\/\\\/teknologiateollisuus.fi\\\/jasenille\\\/wp-content\\\/uploads\\\/sites\\\/1\\\/2023\\\/10\\\/placeholder.png\",\"width\":2560,\"height\":1920,\"caption\":\"Teknologiateollisuus - J\u00e4senille\"},\"image\":{\"@id\":\"https:\\\/\\\/teknologiateollisuus.fi\\\/jasenille\\\/#\\\/schema\\\/logo\\\/image\\\/\"}}]}<\/script>\n<!-- \/ Yoast SEO Premium plugin. -->","yoast_head_json":{"title":"Yleiset asennustoimitusehdot (NLM 19, pdf, Pohjoismaat, englanti) - Teknologiateollisuus - J\u00e4senille","robots":{"index":"index","follow":"follow","max-snippet":"max-snippet:-1","max-image-preview":"max-image-preview:large","max-video-preview":"max-video-preview:-1"},"canonical":"https:\/\/teknologiateollisuus.fi\/jasenille\/julkaisu\/nlm-19e-pohjoismaiset-yleiset-asennustoimitusehdot-pdf-muodossa-englanti\/","og_locale":"fi_FI","og_type":"article","og_title":"Yleiset asennustoimitusehdot (NLM 19, pdf, Pohjoismaat, englanti)","og_description":"NLM 19 -ehdot on tarkoitettu k\u00e4ytett\u00e4v\u00e4ksi koneiden sek\u00e4 mekaanisten, s\u00e4hk\u00f6isten ja elektronisten laitteiden asennustoimituksissa Suomessa, Ruotsissa, Norjassa ja Tanskassa sek\u00e4 n\u00e4iden maiden v\u00e4lill\u00e4. NLM 19 -ehdot ovat korvanneet aikaisemmat NLM 10 -ehdot.","og_url":"https:\/\/teknologiateollisuus.fi\/jasenille\/julkaisu\/nlm-19e-pohjoismaiset-yleiset-asennustoimitusehdot-pdf-muodossa-englanti\/","og_site_name":"Teknologiateollisuus - J\u00e4senille","article_modified_time":"2025-05-27T11:05:22+00:00","og_image":[{"width":770,"height":900,"url":"https:\/\/teknologiateollisuus.fi\/jasenille\/wp-content\/uploads\/sites\/1\/2025\/02\/kuvitus-paperinippu-aakkosittain-liitot-pdf-770-900.png","type":"image\/png"}],"twitter_card":"summary_large_image","twitter_misc":{"Arvioitu lukuaika":"1 minuutti"},"schema":{"@context":"https:\/\/schema.org","@graph":[{"@type":"WebPage","@id":"https:\/\/teknologiateollisuus.fi\/jasenille\/julkaisu\/nlm-19e-pohjoismaiset-yleiset-asennustoimitusehdot-pdf-muodossa-englanti\/","url":"https:\/\/teknologiateollisuus.fi\/jasenille\/julkaisu\/nlm-19e-pohjoismaiset-yleiset-asennustoimitusehdot-pdf-muodossa-englanti\/","name":"Yleiset asennustoimitusehdot (NLM 19, pdf, Pohjoismaat, englanti) - Teknologiateollisuus - J\u00e4senille","isPartOf":{"@id":"https:\/\/teknologiateollisuus.fi\/jasenille\/#website"},"primaryImageOfPage":{"@id":"https:\/\/teknologiateollisuus.fi\/jasenille\/julkaisu\/nlm-19e-pohjoismaiset-yleiset-asennustoimitusehdot-pdf-muodossa-englanti\/#primaryimage"},"image":{"@id":"https:\/\/teknologiateollisuus.fi\/jasenille\/julkaisu\/nlm-19e-pohjoismaiset-yleiset-asennustoimitusehdot-pdf-muodossa-englanti\/#primaryimage"},"thumbnailUrl":"https:\/\/teknologiateollisuus.fi\/jasenille\/wp-content\/uploads\/sites\/1\/2025\/02\/kuvitus-paperinippu-aakkosittain-liitot-pdf-770-900.png","datePublished":"2025-02-17T12:41:03+00:00","dateModified":"2025-05-27T11:05:22+00:00","breadcrumb":{"@id":"https:\/\/teknologiateollisuus.fi\/jasenille\/julkaisu\/nlm-19e-pohjoismaiset-yleiset-asennustoimitusehdot-pdf-muodossa-englanti\/#breadcrumb"},"inLanguage":"fi","potentialAction":[{"@type":"ReadAction","target":["https:\/\/teknologiateollisuus.fi\/jasenille\/julkaisu\/nlm-19e-pohjoismaiset-yleiset-asennustoimitusehdot-pdf-muodossa-englanti\/"]}]},{"@type":"ImageObject","inLanguage":"fi","@id":"https:\/\/teknologiateollisuus.fi\/jasenille\/julkaisu\/nlm-19e-pohjoismaiset-yleiset-asennustoimitusehdot-pdf-muodossa-englanti\/#primaryimage","url":"https:\/\/teknologiateollisuus.fi\/jasenille\/wp-content\/uploads\/sites\/1\/2025\/02\/kuvitus-paperinippu-aakkosittain-liitot-pdf-770-900.png","contentUrl":"https:\/\/teknologiateollisuus.fi\/jasenille\/wp-content\/uploads\/sites\/1\/2025\/02\/kuvitus-paperinippu-aakkosittain-liitot-pdf-770-900.png","width":770,"height":900},{"@type":"BreadcrumbList","@id":"https:\/\/teknologiateollisuus.fi\/jasenille\/julkaisu\/nlm-19e-pohjoismaiset-yleiset-asennustoimitusehdot-pdf-muodossa-englanti\/#breadcrumb","itemListElement":[{"@type":"ListItem","position":1,"name":"Home","item":"https:\/\/teknologiateollisuus.fi\/jasenille\/"},{"@type":"ListItem","position":2,"name":"Kaikki julkaisut","item":"https:\/\/teknologiateollisuus.fi\/jasenille\/palvelut\/julkaisut\/kaikki-julkaisut\/"},{"@type":"ListItem","position":3,"name":"Yleiset asennustoimitusehdot (NLM 19, pdf, Pohjoismaat, englanti)"}]},{"@type":"WebSite","@id":"https:\/\/teknologiateollisuus.fi\/jasenille\/#website","url":"https:\/\/teknologiateollisuus.fi\/jasenille\/","name":"Teknologiateollisuus - J\u00e4senille","description":"","publisher":{"@id":"https:\/\/teknologiateollisuus.fi\/jasenille\/#organization"},"potentialAction":[{"@type":"SearchAction","target":{"@type":"EntryPoint","urlTemplate":"https:\/\/teknologiateollisuus.fi\/jasenille\/?s={search_term_string}"},"query-input":{"@type":"PropertyValueSpecification","valueRequired":true,"valueName":"search_term_string"}}],"inLanguage":"fi"},{"@type":"Organization","@id":"https:\/\/teknologiateollisuus.fi\/jasenille\/#organization","name":"Teknologiateollisuus - J\u00e4senille","url":"https:\/\/teknologiateollisuus.fi\/jasenille\/","logo":{"@type":"ImageObject","inLanguage":"fi","@id":"https:\/\/teknologiateollisuus.fi\/jasenille\/#\/schema\/logo\/image\/","url":"https:\/\/teknologiateollisuus.fi\/jasenille\/wp-content\/uploads\/sites\/1\/2023\/10\/placeholder.png","contentUrl":"https:\/\/teknologiateollisuus.fi\/jasenille\/wp-content\/uploads\/sites\/1\/2023\/10\/placeholder.png","width":2560,"height":1920,"caption":"Teknologiateollisuus - J\u00e4senille"},"image":{"@id":"https:\/\/teknologiateollisuus.fi\/jasenille\/#\/schema\/logo\/image\/"}}]}},"_links":{"self":[{"href":"https:\/\/teknologiateollisuus.fi\/jasenille\/wp-json\/wp\/v2\/product\/24263","targetHints":{"allow":["GET"]}}],"collection":[{"href":"https:\/\/teknologiateollisuus.fi\/jasenille\/wp-json\/wp\/v2\/product"}],"about":[{"href":"https:\/\/teknologiateollisuus.fi\/jasenille\/wp-json\/wp\/v2\/types\/product"}],"wp:featuredmedia":[{"embeddable":true,"href":"https:\/\/teknologiateollisuus.fi\/jasenille\/wp-json\/wp\/v2\/media\/25647"}],"wp:attachment":[{"href":"https:\/\/teknologiateollisuus.fi\/jasenille\/wp-json\/wp\/v2\/media?parent=24263"}],"wp:term":[{"taxonomy":"product_brand","embeddable":true,"href":"https:\/\/teknologiateollisuus.fi\/jasenille\/wp-json\/wp\/v2\/product_brand?post=24263"},{"taxonomy":"product_cat","embeddable":true,"href":"https:\/\/teknologiateollisuus.fi\/jasenille\/wp-json\/wp\/v2\/product_cat?post=24263"},{"taxonomy":"product_tag","embeddable":true,"href":"https:\/\/teknologiateollisuus.fi\/jasenille\/wp-json\/wp\/v2\/product_tag?post=24263"}],"curies":[{"name":"wp","href":"https:\/\/api.w.org\/{rel}","templated":true}]}}