{"id":25266,"date":"2025-04-03T15:47:44","date_gmt":"2025-04-03T12:47:44","guid":{"rendered":"https:\/\/teknologiateollisuus.fi\/jasenille\/?post_type=product&#038;p=25266"},"modified":"2025-05-02T18:46:26","modified_gmt":"2025-05-02T15:46:26","slug":"general-conditions-for-the-supply-end-erection-of-plant-and-machinery-for-import-and-export-ece-188a-painettu-maailmanlaajuinen-englanti-kopio","status":"publish","type":"product","link":"https:\/\/teknologiateollisuus.fi\/jasenille\/julkaisu\/general-conditions-for-the-supply-end-erection-of-plant-and-machinery-for-import-and-export-ece-188a-painettu-maailmanlaajuinen-englanti-kopio\/","title":{"rendered":"Yleiset asennustoimitusehdot (ECE 188 A, painettu, maailmanlaajuinen, englanti)"},"content":{"rendered":"<div class=\"maindesc\">\n<div class=\"maindesc\">\n<p><span style=\"color: var(--color-text);font-family: var(--font-family-sans);font-size: var(--font-size-md);font-weight: var(--font-weight-regular);background-color: var(--color-white)\">General conditions for the supply and erection of plant and machinery for import and export &#8211; Koneiden ja laitteiden yleiset toimitus- ja asennusehdot kansainv\u00e4liseen kauppaan<\/span><\/p>\n<p><span style=\"color: var(--color-text);font-family: var(--font-family-sans);font-size: var(--font-size-md);font-weight: var(--font-weight-regular);background-color: var(--color-white)\">Sis\u00e4lt\u00e4\u00e4 Addendum to ECE 188 A:n, joka on pohjoismaisten teknologiateollisuuden j\u00e4rjest\u00f6jen vuonna 2009\u00a0 laatima t\u00e4ydennys ECE 188 -ehtoihin.<\/span><\/p>\n<p>Yleiset asennustoimitusehdot kansainv\u00e4lisiin toimituksiin, kun toimittaja on sitoutunut asentamaan laitteet ostajan tiloihin. Ehdot on laatinut Yhdistyneiden kansakuntien Euroopan talouskomission asiantuntijaryhm\u00e4.<\/p>\n<p>Ehdot ovat vuodelta 1957, mutta niit\u00e4 voi edelleen poikkeuksellisesti esiinty\u00e4 kansainv\u00e4lisiss\u00e4 kaupoissa. Ehdot eiv\u00e4t kuitenkaan ole t\u00e4ydelliset, vaan osapuolten on t\u00e4ydennett\u00e4v\u00e4 niit\u00e4 t\u00e4rkeiss\u00e4 kohdissa. T\u00e4m\u00e4 voidaan tehd\u00e4 helposti k\u00e4ytt\u00e4m\u00e4ll\u00e4 pohjoismaisten teknologiateollisuuden j\u00e4rjest\u00f6jen laatimaa muutos- ja lis\u00e4ehtoasiakirjaa. T\u00e4m\u00e4n niin sanotun addendumin sis\u00e4lt\u00f6 on otettu (nyt jo vanhentuneista) NLM 10:st\u00e4. N\u00e4iden kahden ehdon rakenteen erojen vuoksi ECE 188 A:n ja NLM 10:n v\u00e4lill\u00e4 on kuitenkin edelleen merkitt\u00e4vi\u00e4 eroja. My\u00f6hempi\u00e4 lis\u00e4yksi\u00e4 ei ole tehty, koska ECE 188 A &#8211; ainakin Euroopan kauppaa varten &#8211; on korvattu nykyaikaisemmilla asennustoimitusehdoilla Orgalime SI 24.<\/p>\n<\/div>\n<\/div>\n","protected":false},"excerpt":{"rendered":"<p><span style=\"color: var(--color-text);font-family: var(--font-family-sans);font-size: var(--font-size-md);font-weight: var(--font-weight-regular);background-color: var(--color-white)\">General conditions for the supply and erection of plant and machinery for import and export &#8211; Koneiden ja laitteiden yleiset toimitus- ja asennusehdot kansainv\u00e4liseen kauppaan.<\/span><\/p>\n","protected":false},"featured_media":25648,"template":"","meta":{"_acf_changed":false,"_relevanssi_hide_post":"","_relevanssi_hide_content":"","_relevanssi_pin_for_all":"","_relevanssi_pin_keywords":"","_relevanssi_unpin_keywords":"","_relevanssi_related_keywords":"","_relevanssi_related_include_ids":"","_relevanssi_related_exclude_ids":"","_relevanssi_related_no_append":"","_relevanssi_related_not_related":"","_relevanssi_related_posts":"","_relevanssi_noindex_reason":"","inline_featured_image":false,"growthstack-ab-test":[],"growthstack-ab-test-views":[]},"product_brand":[],"product_cat":[813,807],"product_tag":[730],"class_list":{"0":"post-25266","1":"product","2":"type-product","3":"status-publish","4":"has-post-thumbnail","6":"product_cat-asennustoimitukset","7":"product_cat-sopimusehdot","8":"product_tag-liiketoiminta-ja-innovaatiot","10":"first","11":"instock","12":"taxable","13":"shipping-taxable","14":"purchasable","15":"product-type-simple"},"acf":{"creators":"","member_discount":50,"attachments":null,"links":null,"product_recommendations":{"number_of_products":10,"recommendation_basis":"date"}},"yoast_head":"<!-- This site is optimized with the Yoast SEO Premium plugin v27.1 (Yoast SEO v27.3) - https:\/\/yoast.com\/product\/yoast-seo-premium-wordpress\/ -->\n<title>Yleiset asennustoimitusehdot (ECE 188 A, painettu, maailmanlaajuinen, englanti) - Teknologiateollisuus - J\u00e4senille<\/title>\n<meta name=\"robots\" content=\"index, follow, max-snippet:-1, max-image-preview:large, max-video-preview:-1\" \/>\n<link rel=\"canonical\" href=\"https:\/\/teknologiateollisuus.fi\/jasenille\/julkaisu\/general-conditions-for-the-supply-end-erection-of-plant-and-machinery-for-import-and-export-ece-188a-painettu-maailmanlaajuinen-englanti-kopio\/\" \/>\n<meta property=\"og:locale\" content=\"fi_FI\" \/>\n<meta property=\"og:type\" content=\"article\" \/>\n<meta property=\"og:title\" content=\"Yleiset asennustoimitusehdot (ECE 188 A, painettu, maailmanlaajuinen, englanti)\" \/>\n<meta property=\"og:description\" content=\"General conditions for the supply and erection of plant and machinery for import and export - Koneiden ja laitteiden yleiset toimitus- ja asennusehdot kansainv\u00e4liseen kauppaan.\" \/>\n<meta property=\"og:url\" content=\"https:\/\/teknologiateollisuus.fi\/jasenille\/julkaisu\/general-conditions-for-the-supply-end-erection-of-plant-and-machinery-for-import-and-export-ece-188a-painettu-maailmanlaajuinen-englanti-kopio\/\" \/>\n<meta property=\"og:site_name\" content=\"Teknologiateollisuus - J\u00e4senille\" \/>\n<meta property=\"article:modified_time\" content=\"2025-05-02T15:46:26+00:00\" \/>\n<meta property=\"og:image\" content=\"https:\/\/teknologiateollisuus.fi\/jasenille\/wp-content\/uploads\/sites\/1\/2024\/11\/kuvitus-paperinippu-unece-ikoni-770-900.png\" \/>\n\t<meta property=\"og:image:width\" content=\"770\" \/>\n\t<meta property=\"og:image:height\" content=\"900\" \/>\n\t<meta property=\"og:image:type\" content=\"image\/png\" \/>\n<meta name=\"twitter:card\" content=\"summary_large_image\" \/>\n<meta name=\"twitter:label1\" content=\"Arvioitu lukuaika\" \/>\n\t<meta name=\"twitter:data1\" content=\"2 minuuttia\" \/>\n<script type=\"application\/ld+json\" class=\"yoast-schema-graph\">{\"@context\":\"https:\\\/\\\/schema.org\",\"@graph\":[{\"@type\":\"WebPage\",\"@id\":\"https:\\\/\\\/teknologiateollisuus.fi\\\/jasenille\\\/julkaisu\\\/general-conditions-for-the-supply-end-erection-of-plant-and-machinery-for-import-and-export-ece-188a-painettu-maailmanlaajuinen-englanti-kopio\\\/\",\"url\":\"https:\\\/\\\/teknologiateollisuus.fi\\\/jasenille\\\/julkaisu\\\/general-conditions-for-the-supply-end-erection-of-plant-and-machinery-for-import-and-export-ece-188a-painettu-maailmanlaajuinen-englanti-kopio\\\/\",\"name\":\"Yleiset asennustoimitusehdot (ECE 188 A, painettu, maailmanlaajuinen, englanti) - Teknologiateollisuus - J\u00e4senille\",\"isPartOf\":{\"@id\":\"https:\\\/\\\/teknologiateollisuus.fi\\\/jasenille\\\/#website\"},\"primaryImageOfPage\":{\"@id\":\"https:\\\/\\\/teknologiateollisuus.fi\\\/jasenille\\\/julkaisu\\\/general-conditions-for-the-supply-end-erection-of-plant-and-machinery-for-import-and-export-ece-188a-painettu-maailmanlaajuinen-englanti-kopio\\\/#primaryimage\"},\"image\":{\"@id\":\"https:\\\/\\\/teknologiateollisuus.fi\\\/jasenille\\\/julkaisu\\\/general-conditions-for-the-supply-end-erection-of-plant-and-machinery-for-import-and-export-ece-188a-painettu-maailmanlaajuinen-englanti-kopio\\\/#primaryimage\"},\"thumbnailUrl\":\"https:\\\/\\\/teknologiateollisuus.fi\\\/jasenille\\\/wp-content\\\/uploads\\\/sites\\\/1\\\/2024\\\/11\\\/kuvitus-paperinippu-unece-ikoni-770-900.png\",\"datePublished\":\"2025-04-03T12:47:44+00:00\",\"dateModified\":\"2025-05-02T15:46:26+00:00\",\"breadcrumb\":{\"@id\":\"https:\\\/\\\/teknologiateollisuus.fi\\\/jasenille\\\/julkaisu\\\/general-conditions-for-the-supply-end-erection-of-plant-and-machinery-for-import-and-export-ece-188a-painettu-maailmanlaajuinen-englanti-kopio\\\/#breadcrumb\"},\"inLanguage\":\"fi\",\"potentialAction\":[{\"@type\":\"ReadAction\",\"target\":[\"https:\\\/\\\/teknologiateollisuus.fi\\\/jasenille\\\/julkaisu\\\/general-conditions-for-the-supply-end-erection-of-plant-and-machinery-for-import-and-export-ece-188a-painettu-maailmanlaajuinen-englanti-kopio\\\/\"]}]},{\"@type\":\"ImageObject\",\"inLanguage\":\"fi\",\"@id\":\"https:\\\/\\\/teknologiateollisuus.fi\\\/jasenille\\\/julkaisu\\\/general-conditions-for-the-supply-end-erection-of-plant-and-machinery-for-import-and-export-ece-188a-painettu-maailmanlaajuinen-englanti-kopio\\\/#primaryimage\",\"url\":\"https:\\\/\\\/teknologiateollisuus.fi\\\/jasenille\\\/wp-content\\\/uploads\\\/sites\\\/1\\\/2024\\\/11\\\/kuvitus-paperinippu-unece-ikoni-770-900.png\",\"contentUrl\":\"https:\\\/\\\/teknologiateollisuus.fi\\\/jasenille\\\/wp-content\\\/uploads\\\/sites\\\/1\\\/2024\\\/11\\\/kuvitus-paperinippu-unece-ikoni-770-900.png\",\"width\":770,\"height\":900},{\"@type\":\"BreadcrumbList\",\"@id\":\"https:\\\/\\\/teknologiateollisuus.fi\\\/jasenille\\\/julkaisu\\\/general-conditions-for-the-supply-end-erection-of-plant-and-machinery-for-import-and-export-ece-188a-painettu-maailmanlaajuinen-englanti-kopio\\\/#breadcrumb\",\"itemListElement\":[{\"@type\":\"ListItem\",\"position\":1,\"name\":\"Home\",\"item\":\"https:\\\/\\\/teknologiateollisuus.fi\\\/jasenille\\\/\"},{\"@type\":\"ListItem\",\"position\":2,\"name\":\"Kaikki julkaisut\",\"item\":\"https:\\\/\\\/teknologiateollisuus.fi\\\/jasenille\\\/palvelut\\\/julkaisut\\\/kaikki-julkaisut\\\/\"},{\"@type\":\"ListItem\",\"position\":3,\"name\":\"Yleiset asennustoimitusehdot (ECE 188 A, painettu, maailmanlaajuinen, englanti)\"}]},{\"@type\":\"WebSite\",\"@id\":\"https:\\\/\\\/teknologiateollisuus.fi\\\/jasenille\\\/#website\",\"url\":\"https:\\\/\\\/teknologiateollisuus.fi\\\/jasenille\\\/\",\"name\":\"Teknologiateollisuus - J\u00e4senille\",\"description\":\"\",\"publisher\":{\"@id\":\"https:\\\/\\\/teknologiateollisuus.fi\\\/jasenille\\\/#organization\"},\"potentialAction\":[{\"@type\":\"SearchAction\",\"target\":{\"@type\":\"EntryPoint\",\"urlTemplate\":\"https:\\\/\\\/teknologiateollisuus.fi\\\/jasenille\\\/?s={search_term_string}\"},\"query-input\":{\"@type\":\"PropertyValueSpecification\",\"valueRequired\":true,\"valueName\":\"search_term_string\"}}],\"inLanguage\":\"fi\"},{\"@type\":\"Organization\",\"@id\":\"https:\\\/\\\/teknologiateollisuus.fi\\\/jasenille\\\/#organization\",\"name\":\"Teknologiateollisuus - J\u00e4senille\",\"url\":\"https:\\\/\\\/teknologiateollisuus.fi\\\/jasenille\\\/\",\"logo\":{\"@type\":\"ImageObject\",\"inLanguage\":\"fi\",\"@id\":\"https:\\\/\\\/teknologiateollisuus.fi\\\/jasenille\\\/#\\\/schema\\\/logo\\\/image\\\/\",\"url\":\"https:\\\/\\\/teknologiateollisuus.fi\\\/jasenille\\\/wp-content\\\/uploads\\\/sites\\\/1\\\/2023\\\/10\\\/placeholder.png\",\"contentUrl\":\"https:\\\/\\\/teknologiateollisuus.fi\\\/jasenille\\\/wp-content\\\/uploads\\\/sites\\\/1\\\/2023\\\/10\\\/placeholder.png\",\"width\":2560,\"height\":1920,\"caption\":\"Teknologiateollisuus - J\u00e4senille\"},\"image\":{\"@id\":\"https:\\\/\\\/teknologiateollisuus.fi\\\/jasenille\\\/#\\\/schema\\\/logo\\\/image\\\/\"}}]}<\/script>\n<!-- \/ Yoast SEO Premium plugin. -->","yoast_head_json":{"title":"Yleiset asennustoimitusehdot (ECE 188 A, painettu, maailmanlaajuinen, englanti) - Teknologiateollisuus - J\u00e4senille","robots":{"index":"index","follow":"follow","max-snippet":"max-snippet:-1","max-image-preview":"max-image-preview:large","max-video-preview":"max-video-preview:-1"},"canonical":"https:\/\/teknologiateollisuus.fi\/jasenille\/julkaisu\/general-conditions-for-the-supply-end-erection-of-plant-and-machinery-for-import-and-export-ece-188a-painettu-maailmanlaajuinen-englanti-kopio\/","og_locale":"fi_FI","og_type":"article","og_title":"Yleiset asennustoimitusehdot (ECE 188 A, painettu, maailmanlaajuinen, englanti)","og_description":"General conditions for the supply and erection of plant and machinery for import and export - Koneiden ja laitteiden yleiset toimitus- ja asennusehdot kansainv\u00e4liseen kauppaan.","og_url":"https:\/\/teknologiateollisuus.fi\/jasenille\/julkaisu\/general-conditions-for-the-supply-end-erection-of-plant-and-machinery-for-import-and-export-ece-188a-painettu-maailmanlaajuinen-englanti-kopio\/","og_site_name":"Teknologiateollisuus - J\u00e4senille","article_modified_time":"2025-05-02T15:46:26+00:00","og_image":[{"width":770,"height":900,"url":"https:\/\/teknologiateollisuus.fi\/jasenille\/wp-content\/uploads\/sites\/1\/2024\/11\/kuvitus-paperinippu-unece-ikoni-770-900.png","type":"image\/png"}],"twitter_card":"summary_large_image","twitter_misc":{"Arvioitu lukuaika":"2 minuuttia"},"schema":{"@context":"https:\/\/schema.org","@graph":[{"@type":"WebPage","@id":"https:\/\/teknologiateollisuus.fi\/jasenille\/julkaisu\/general-conditions-for-the-supply-end-erection-of-plant-and-machinery-for-import-and-export-ece-188a-painettu-maailmanlaajuinen-englanti-kopio\/","url":"https:\/\/teknologiateollisuus.fi\/jasenille\/julkaisu\/general-conditions-for-the-supply-end-erection-of-plant-and-machinery-for-import-and-export-ece-188a-painettu-maailmanlaajuinen-englanti-kopio\/","name":"Yleiset asennustoimitusehdot (ECE 188 A, painettu, maailmanlaajuinen, englanti) - Teknologiateollisuus - J\u00e4senille","isPartOf":{"@id":"https:\/\/teknologiateollisuus.fi\/jasenille\/#website"},"primaryImageOfPage":{"@id":"https:\/\/teknologiateollisuus.fi\/jasenille\/julkaisu\/general-conditions-for-the-supply-end-erection-of-plant-and-machinery-for-import-and-export-ece-188a-painettu-maailmanlaajuinen-englanti-kopio\/#primaryimage"},"image":{"@id":"https:\/\/teknologiateollisuus.fi\/jasenille\/julkaisu\/general-conditions-for-the-supply-end-erection-of-plant-and-machinery-for-import-and-export-ece-188a-painettu-maailmanlaajuinen-englanti-kopio\/#primaryimage"},"thumbnailUrl":"https:\/\/teknologiateollisuus.fi\/jasenille\/wp-content\/uploads\/sites\/1\/2024\/11\/kuvitus-paperinippu-unece-ikoni-770-900.png","datePublished":"2025-04-03T12:47:44+00:00","dateModified":"2025-05-02T15:46:26+00:00","breadcrumb":{"@id":"https:\/\/teknologiateollisuus.fi\/jasenille\/julkaisu\/general-conditions-for-the-supply-end-erection-of-plant-and-machinery-for-import-and-export-ece-188a-painettu-maailmanlaajuinen-englanti-kopio\/#breadcrumb"},"inLanguage":"fi","potentialAction":[{"@type":"ReadAction","target":["https:\/\/teknologiateollisuus.fi\/jasenille\/julkaisu\/general-conditions-for-the-supply-end-erection-of-plant-and-machinery-for-import-and-export-ece-188a-painettu-maailmanlaajuinen-englanti-kopio\/"]}]},{"@type":"ImageObject","inLanguage":"fi","@id":"https:\/\/teknologiateollisuus.fi\/jasenille\/julkaisu\/general-conditions-for-the-supply-end-erection-of-plant-and-machinery-for-import-and-export-ece-188a-painettu-maailmanlaajuinen-englanti-kopio\/#primaryimage","url":"https:\/\/teknologiateollisuus.fi\/jasenille\/wp-content\/uploads\/sites\/1\/2024\/11\/kuvitus-paperinippu-unece-ikoni-770-900.png","contentUrl":"https:\/\/teknologiateollisuus.fi\/jasenille\/wp-content\/uploads\/sites\/1\/2024\/11\/kuvitus-paperinippu-unece-ikoni-770-900.png","width":770,"height":900},{"@type":"BreadcrumbList","@id":"https:\/\/teknologiateollisuus.fi\/jasenille\/julkaisu\/general-conditions-for-the-supply-end-erection-of-plant-and-machinery-for-import-and-export-ece-188a-painettu-maailmanlaajuinen-englanti-kopio\/#breadcrumb","itemListElement":[{"@type":"ListItem","position":1,"name":"Home","item":"https:\/\/teknologiateollisuus.fi\/jasenille\/"},{"@type":"ListItem","position":2,"name":"Kaikki julkaisut","item":"https:\/\/teknologiateollisuus.fi\/jasenille\/palvelut\/julkaisut\/kaikki-julkaisut\/"},{"@type":"ListItem","position":3,"name":"Yleiset asennustoimitusehdot (ECE 188 A, painettu, maailmanlaajuinen, englanti)"}]},{"@type":"WebSite","@id":"https:\/\/teknologiateollisuus.fi\/jasenille\/#website","url":"https:\/\/teknologiateollisuus.fi\/jasenille\/","name":"Teknologiateollisuus - J\u00e4senille","description":"","publisher":{"@id":"https:\/\/teknologiateollisuus.fi\/jasenille\/#organization"},"potentialAction":[{"@type":"SearchAction","target":{"@type":"EntryPoint","urlTemplate":"https:\/\/teknologiateollisuus.fi\/jasenille\/?s={search_term_string}"},"query-input":{"@type":"PropertyValueSpecification","valueRequired":true,"valueName":"search_term_string"}}],"inLanguage":"fi"},{"@type":"Organization","@id":"https:\/\/teknologiateollisuus.fi\/jasenille\/#organization","name":"Teknologiateollisuus - J\u00e4senille","url":"https:\/\/teknologiateollisuus.fi\/jasenille\/","logo":{"@type":"ImageObject","inLanguage":"fi","@id":"https:\/\/teknologiateollisuus.fi\/jasenille\/#\/schema\/logo\/image\/","url":"https:\/\/teknologiateollisuus.fi\/jasenille\/wp-content\/uploads\/sites\/1\/2023\/10\/placeholder.png","contentUrl":"https:\/\/teknologiateollisuus.fi\/jasenille\/wp-content\/uploads\/sites\/1\/2023\/10\/placeholder.png","width":2560,"height":1920,"caption":"Teknologiateollisuus - J\u00e4senille"},"image":{"@id":"https:\/\/teknologiateollisuus.fi\/jasenille\/#\/schema\/logo\/image\/"}}]}},"_links":{"self":[{"href":"https:\/\/teknologiateollisuus.fi\/jasenille\/wp-json\/wp\/v2\/product\/25266","targetHints":{"allow":["GET"]}}],"collection":[{"href":"https:\/\/teknologiateollisuus.fi\/jasenille\/wp-json\/wp\/v2\/product"}],"about":[{"href":"https:\/\/teknologiateollisuus.fi\/jasenille\/wp-json\/wp\/v2\/types\/product"}],"wp:featuredmedia":[{"embeddable":true,"href":"https:\/\/teknologiateollisuus.fi\/jasenille\/wp-json\/wp\/v2\/media\/25648"}],"wp:attachment":[{"href":"https:\/\/teknologiateollisuus.fi\/jasenille\/wp-json\/wp\/v2\/media?parent=25266"}],"wp:term":[{"taxonomy":"product_brand","embeddable":true,"href":"https:\/\/teknologiateollisuus.fi\/jasenille\/wp-json\/wp\/v2\/product_brand?post=25266"},{"taxonomy":"product_cat","embeddable":true,"href":"https:\/\/teknologiateollisuus.fi\/jasenille\/wp-json\/wp\/v2\/product_cat?post=25266"},{"taxonomy":"product_tag","embeddable":true,"href":"https:\/\/teknologiateollisuus.fi\/jasenille\/wp-json\/wp\/v2\/product_tag?post=25266"}],"curies":[{"name":"wp","href":"https:\/\/api.w.org\/{rel}","templated":true}]}}