{"id":26053,"date":"2025-10-23T09:42:36","date_gmt":"2025-10-23T06:42:36","guid":{"rendered":"https:\/\/teknologiateollisuus.fi\/jasenille\/?post_type=product&#038;p=26053"},"modified":"2026-01-02T10:01:43","modified_gmt":"2026-01-02T08:01:43","slug":"ulkomainen-tyovoima-teknologiateollisuudessa-teknologiateollisuus-ryn-ja-teollisuusliitto-ryn-opas-yrityksille-ja-niiden-tyontekijoille","status":"publish","type":"product","link":"https:\/\/teknologiateollisuus.fi\/jasenille\/julkaisu\/ulkomainen-tyovoima-teknologiateollisuudessa-teknologiateollisuus-ryn-ja-teollisuusliitto-ryn-opas-yrityksille-ja-niiden-tyontekijoille\/","title":{"rendered":"Ulkomainen ty\u00f6voima teknologiateollisuudessa \u2013 Teknologiateollisuus ry:n ja Teollisuusliitto ry:n opas yrityksille ja niiden ty\u00f6ntekij\u00f6ille"},"content":{"rendered":"","protected":false},"excerpt":{"rendered":"<p>Ty\u00f6perusteiseen maahanmuuttoon ja ulkomaisen ty\u00f6voiman k\u00e4ytt\u00f6\u00f6n liittyy joukko lains\u00e4\u00e4nn\u00f6ksi\u00e4 ja ty\u00f6ehtosopimuksen m\u00e4\u00e4r\u00e4yksi\u00e4, joiden hahmottaminen eri tilanteissa on usein vaikeaa. T\u00e4m\u00e4n liittojen yhteisen oppaan tarkoituksena on lyhyesti selvitt\u00e4\u00e4 n\u00e4iden s\u00e4\u00e4nn\u00f6sten ja m\u00e4\u00e4r\u00e4ysten sis\u00e4lt\u00f6\u00e4 yrityksille ja niiden ty\u00f6ntekij\u00f6ille, sek\u00e4 ohjata paikalliset osapuolet oikean tiedon l\u00e4hteille, ja t\u00e4ll\u00e4 tavoin edist\u00e4\u00e4 ulkomaisen ty\u00f6voiman luontevaa k\u00e4ytt\u00f6\u00e4 teknologiateollisuudessa.<\/p>\n","protected":false},"featured_media":26199,"template":"","meta":{"_acf_changed":false,"_relevanssi_hide_post":"","_relevanssi_hide_content":"","_relevanssi_pin_for_all":"","_relevanssi_pin_keywords":"","_relevanssi_unpin_keywords":"","_relevanssi_related_keywords":"","_relevanssi_related_include_ids":"","_relevanssi_related_exclude_ids":"","_relevanssi_related_no_append":"","_relevanssi_related_not_related":"","_relevanssi_related_posts":"","_relevanssi_noindex_reason":"","inline_featured_image":false,"growthstack-ab-test":[],"growthstack-ab-test-views":[]},"product_brand":[],"product_cat":[809],"product_tag":[728],"class_list":{"0":"post-26053","1":"product","2":"type-product","3":"status-publish","4":"has-post-thumbnail","6":"product_cat-oppaat","7":"product_tag-tyosuhdeasiat-ja-tyoelama","9":"first","10":"instock","11":"downloadable","12":"virtual","13":"product-type-simple"},"acf":{"creators":"","member_discount":"","attachments":null,"links":null,"product_recommendations":{"number_of_products":10,"recommendation_basis":"date"}},"yoast_head":"<!-- This site is optimized with the Yoast SEO Premium plugin v27.1 (Yoast SEO v27.4) - https:\/\/yoast.com\/product\/yoast-seo-premium-wordpress\/ -->\n<title>Ulkomainen ty\u00f6voima teknologiateollisuudessa \u2013 Teknologiateollisuus ry:n ja Teollisuusliitto ry:n opas yrityksille ja niiden ty\u00f6ntekij\u00f6ille - Teknologiateollisuus - J\u00e4senille<\/title>\n<meta name=\"robots\" content=\"index, follow, max-snippet:-1, max-image-preview:large, max-video-preview:-1\" \/>\n<link rel=\"canonical\" href=\"https:\/\/teknologiateollisuus.fi\/jasenille\/julkaisu\/ulkomainen-tyovoima-teknologiateollisuudessa-teknologiateollisuus-ryn-ja-teollisuusliitto-ryn-opas-yrityksille-ja-niiden-tyontekijoille\/\" \/>\n<meta property=\"og:locale\" content=\"fi_FI\" \/>\n<meta property=\"og:type\" content=\"article\" \/>\n<meta property=\"og:title\" content=\"Ulkomainen ty\u00f6voima teknologiateollisuudessa \u2013 Teknologiateollisuus ry:n ja Teollisuusliitto ry:n opas yrityksille ja niiden ty\u00f6ntekij\u00f6ille\" \/>\n<meta property=\"og:description\" content=\"Ty\u00f6perusteiseen maahanmuuttoon ja ulkomaisen ty\u00f6voiman k\u00e4ytt\u00f6\u00f6n liittyy joukko lains\u00e4\u00e4nn\u00f6ksi\u00e4 ja ty\u00f6ehtosopimuksen m\u00e4\u00e4r\u00e4yksi\u00e4, joiden hahmottaminen eri tilanteissa on usein vaikeaa. T\u00e4m\u00e4n liittojen yhteisen oppaan tarkoituksena on lyhyesti selvitt\u00e4\u00e4 n\u00e4iden s\u00e4\u00e4nn\u00f6sten ja m\u00e4\u00e4r\u00e4ysten sis\u00e4lt\u00f6\u00e4 yrityksille ja niiden ty\u00f6ntekij\u00f6ille, sek\u00e4 ohjata paikalliset osapuolet oikean tiedon l\u00e4hteille, ja t\u00e4ll\u00e4 tavoin edist\u00e4\u00e4 ulkomaisen ty\u00f6voiman luontevaa k\u00e4ytt\u00f6\u00e4 teknologiateollisuudessa.\" \/>\n<meta property=\"og:url\" content=\"https:\/\/teknologiateollisuus.fi\/jasenille\/julkaisu\/ulkomainen-tyovoima-teknologiateollisuudessa-teknologiateollisuus-ryn-ja-teollisuusliitto-ryn-opas-yrityksille-ja-niiden-tyontekijoille\/\" \/>\n<meta property=\"og:site_name\" content=\"Teknologiateollisuus - J\u00e4senille\" \/>\n<meta property=\"article:modified_time\" content=\"2026-01-02T08:01:43+00:00\" \/>\n<meta property=\"og:image\" content=\"https:\/\/teknologiateollisuus.fi\/jasenille\/wp-content\/uploads\/sites\/1\/2025\/06\/Ulkomainen-tyovoima-teknologiateollisuudessa.jpg\" \/>\n\t<meta property=\"og:image:width\" content=\"770\" \/>\n\t<meta property=\"og:image:height\" content=\"900\" \/>\n\t<meta property=\"og:image:type\" content=\"image\/jpeg\" \/>\n<meta name=\"twitter:card\" content=\"summary_large_image\" \/>\n<meta name=\"twitter:label1\" content=\"Arvioitu lukuaika\" \/>\n\t<meta name=\"twitter:data1\" content=\"1 minuutti\" \/>\n<script type=\"application\/ld+json\" class=\"yoast-schema-graph\">{\"@context\":\"https:\\\/\\\/schema.org\",\"@graph\":[{\"@type\":\"WebPage\",\"@id\":\"https:\\\/\\\/teknologiateollisuus.fi\\\/jasenille\\\/julkaisu\\\/ulkomainen-tyovoima-teknologiateollisuudessa-teknologiateollisuus-ryn-ja-teollisuusliitto-ryn-opas-yrityksille-ja-niiden-tyontekijoille\\\/\",\"url\":\"https:\\\/\\\/teknologiateollisuus.fi\\\/jasenille\\\/julkaisu\\\/ulkomainen-tyovoima-teknologiateollisuudessa-teknologiateollisuus-ryn-ja-teollisuusliitto-ryn-opas-yrityksille-ja-niiden-tyontekijoille\\\/\",\"name\":\"Ulkomainen ty\u00f6voima teknologiateollisuudessa \u2013 Teknologiateollisuus ry:n ja Teollisuusliitto ry:n opas yrityksille ja niiden ty\u00f6ntekij\u00f6ille - Teknologiateollisuus - J\u00e4senille\",\"isPartOf\":{\"@id\":\"https:\\\/\\\/teknologiateollisuus.fi\\\/jasenille\\\/#website\"},\"primaryImageOfPage\":{\"@id\":\"https:\\\/\\\/teknologiateollisuus.fi\\\/jasenille\\\/julkaisu\\\/ulkomainen-tyovoima-teknologiateollisuudessa-teknologiateollisuus-ryn-ja-teollisuusliitto-ryn-opas-yrityksille-ja-niiden-tyontekijoille\\\/#primaryimage\"},\"image\":{\"@id\":\"https:\\\/\\\/teknologiateollisuus.fi\\\/jasenille\\\/julkaisu\\\/ulkomainen-tyovoima-teknologiateollisuudessa-teknologiateollisuus-ryn-ja-teollisuusliitto-ryn-opas-yrityksille-ja-niiden-tyontekijoille\\\/#primaryimage\"},\"thumbnailUrl\":\"https:\\\/\\\/teknologiateollisuus.fi\\\/jasenille\\\/wp-content\\\/uploads\\\/sites\\\/1\\\/2025\\\/06\\\/Ulkomainen-tyovoima-teknologiateollisuudessa.jpg\",\"datePublished\":\"2025-10-23T06:42:36+00:00\",\"dateModified\":\"2026-01-02T08:01:43+00:00\",\"breadcrumb\":{\"@id\":\"https:\\\/\\\/teknologiateollisuus.fi\\\/jasenille\\\/julkaisu\\\/ulkomainen-tyovoima-teknologiateollisuudessa-teknologiateollisuus-ryn-ja-teollisuusliitto-ryn-opas-yrityksille-ja-niiden-tyontekijoille\\\/#breadcrumb\"},\"inLanguage\":\"fi\",\"potentialAction\":[{\"@type\":\"ReadAction\",\"target\":[\"https:\\\/\\\/teknologiateollisuus.fi\\\/jasenille\\\/julkaisu\\\/ulkomainen-tyovoima-teknologiateollisuudessa-teknologiateollisuus-ryn-ja-teollisuusliitto-ryn-opas-yrityksille-ja-niiden-tyontekijoille\\\/\"]}]},{\"@type\":\"ImageObject\",\"inLanguage\":\"fi\",\"@id\":\"https:\\\/\\\/teknologiateollisuus.fi\\\/jasenille\\\/julkaisu\\\/ulkomainen-tyovoima-teknologiateollisuudessa-teknologiateollisuus-ryn-ja-teollisuusliitto-ryn-opas-yrityksille-ja-niiden-tyontekijoille\\\/#primaryimage\",\"url\":\"https:\\\/\\\/teknologiateollisuus.fi\\\/jasenille\\\/wp-content\\\/uploads\\\/sites\\\/1\\\/2025\\\/06\\\/Ulkomainen-tyovoima-teknologiateollisuudessa.jpg\",\"contentUrl\":\"https:\\\/\\\/teknologiateollisuus.fi\\\/jasenille\\\/wp-content\\\/uploads\\\/sites\\\/1\\\/2025\\\/06\\\/Ulkomainen-tyovoima-teknologiateollisuudessa.jpg\",\"width\":770,\"height\":900},{\"@type\":\"BreadcrumbList\",\"@id\":\"https:\\\/\\\/teknologiateollisuus.fi\\\/jasenille\\\/julkaisu\\\/ulkomainen-tyovoima-teknologiateollisuudessa-teknologiateollisuus-ryn-ja-teollisuusliitto-ryn-opas-yrityksille-ja-niiden-tyontekijoille\\\/#breadcrumb\",\"itemListElement\":[{\"@type\":\"ListItem\",\"position\":1,\"name\":\"Home\",\"item\":\"https:\\\/\\\/teknologiateollisuus.fi\\\/jasenille\\\/\"},{\"@type\":\"ListItem\",\"position\":2,\"name\":\"Kaikki julkaisut\",\"item\":\"https:\\\/\\\/teknologiateollisuus.fi\\\/jasenille\\\/palvelut\\\/julkaisut\\\/kaikki-julkaisut\\\/\"},{\"@type\":\"ListItem\",\"position\":3,\"name\":\"Ulkomainen ty\u00f6voima teknologiateollisuudessa \u2013 Teknologiateollisuus ry:n ja Teollisuusliitto ry:n opas yrityksille ja niiden ty\u00f6ntekij\u00f6ille\"}]},{\"@type\":\"WebSite\",\"@id\":\"https:\\\/\\\/teknologiateollisuus.fi\\\/jasenille\\\/#website\",\"url\":\"https:\\\/\\\/teknologiateollisuus.fi\\\/jasenille\\\/\",\"name\":\"Teknologiateollisuus - J\u00e4senille\",\"description\":\"\",\"publisher\":{\"@id\":\"https:\\\/\\\/teknologiateollisuus.fi\\\/jasenille\\\/#organization\"},\"potentialAction\":[{\"@type\":\"SearchAction\",\"target\":{\"@type\":\"EntryPoint\",\"urlTemplate\":\"https:\\\/\\\/teknologiateollisuus.fi\\\/jasenille\\\/?s={search_term_string}\"},\"query-input\":{\"@type\":\"PropertyValueSpecification\",\"valueRequired\":true,\"valueName\":\"search_term_string\"}}],\"inLanguage\":\"fi\"},{\"@type\":\"Organization\",\"@id\":\"https:\\\/\\\/teknologiateollisuus.fi\\\/jasenille\\\/#organization\",\"name\":\"Teknologiateollisuus - J\u00e4senille\",\"url\":\"https:\\\/\\\/teknologiateollisuus.fi\\\/jasenille\\\/\",\"logo\":{\"@type\":\"ImageObject\",\"inLanguage\":\"fi\",\"@id\":\"https:\\\/\\\/teknologiateollisuus.fi\\\/jasenille\\\/#\\\/schema\\\/logo\\\/image\\\/\",\"url\":\"https:\\\/\\\/teknologiateollisuus.fi\\\/jasenille\\\/wp-content\\\/uploads\\\/sites\\\/1\\\/2023\\\/10\\\/placeholder.png\",\"contentUrl\":\"https:\\\/\\\/teknologiateollisuus.fi\\\/jasenille\\\/wp-content\\\/uploads\\\/sites\\\/1\\\/2023\\\/10\\\/placeholder.png\",\"width\":2560,\"height\":1920,\"caption\":\"Teknologiateollisuus - J\u00e4senille\"},\"image\":{\"@id\":\"https:\\\/\\\/teknologiateollisuus.fi\\\/jasenille\\\/#\\\/schema\\\/logo\\\/image\\\/\"}}]}<\/script>\n<!-- \/ Yoast SEO Premium plugin. -->","yoast_head_json":{"title":"Ulkomainen ty\u00f6voima teknologiateollisuudessa \u2013 Teknologiateollisuus ry:n ja Teollisuusliitto ry:n opas yrityksille ja niiden ty\u00f6ntekij\u00f6ille - Teknologiateollisuus - J\u00e4senille","robots":{"index":"index","follow":"follow","max-snippet":"max-snippet:-1","max-image-preview":"max-image-preview:large","max-video-preview":"max-video-preview:-1"},"canonical":"https:\/\/teknologiateollisuus.fi\/jasenille\/julkaisu\/ulkomainen-tyovoima-teknologiateollisuudessa-teknologiateollisuus-ryn-ja-teollisuusliitto-ryn-opas-yrityksille-ja-niiden-tyontekijoille\/","og_locale":"fi_FI","og_type":"article","og_title":"Ulkomainen ty\u00f6voima teknologiateollisuudessa \u2013 Teknologiateollisuus ry:n ja Teollisuusliitto ry:n opas yrityksille ja niiden ty\u00f6ntekij\u00f6ille","og_description":"Ty\u00f6perusteiseen maahanmuuttoon ja ulkomaisen ty\u00f6voiman k\u00e4ytt\u00f6\u00f6n liittyy joukko lains\u00e4\u00e4nn\u00f6ksi\u00e4 ja ty\u00f6ehtosopimuksen m\u00e4\u00e4r\u00e4yksi\u00e4, joiden hahmottaminen eri tilanteissa on usein vaikeaa. T\u00e4m\u00e4n liittojen yhteisen oppaan tarkoituksena on lyhyesti selvitt\u00e4\u00e4 n\u00e4iden s\u00e4\u00e4nn\u00f6sten ja m\u00e4\u00e4r\u00e4ysten sis\u00e4lt\u00f6\u00e4 yrityksille ja niiden ty\u00f6ntekij\u00f6ille, sek\u00e4 ohjata paikalliset osapuolet oikean tiedon l\u00e4hteille, ja t\u00e4ll\u00e4 tavoin edist\u00e4\u00e4 ulkomaisen ty\u00f6voiman luontevaa k\u00e4ytt\u00f6\u00e4 teknologiateollisuudessa.","og_url":"https:\/\/teknologiateollisuus.fi\/jasenille\/julkaisu\/ulkomainen-tyovoima-teknologiateollisuudessa-teknologiateollisuus-ryn-ja-teollisuusliitto-ryn-opas-yrityksille-ja-niiden-tyontekijoille\/","og_site_name":"Teknologiateollisuus - J\u00e4senille","article_modified_time":"2026-01-02T08:01:43+00:00","og_image":[{"width":770,"height":900,"url":"https:\/\/teknologiateollisuus.fi\/jasenille\/wp-content\/uploads\/sites\/1\/2025\/06\/Ulkomainen-tyovoima-teknologiateollisuudessa.jpg","type":"image\/jpeg"}],"twitter_card":"summary_large_image","twitter_misc":{"Arvioitu lukuaika":"1 minuutti"},"schema":{"@context":"https:\/\/schema.org","@graph":[{"@type":"WebPage","@id":"https:\/\/teknologiateollisuus.fi\/jasenille\/julkaisu\/ulkomainen-tyovoima-teknologiateollisuudessa-teknologiateollisuus-ryn-ja-teollisuusliitto-ryn-opas-yrityksille-ja-niiden-tyontekijoille\/","url":"https:\/\/teknologiateollisuus.fi\/jasenille\/julkaisu\/ulkomainen-tyovoima-teknologiateollisuudessa-teknologiateollisuus-ryn-ja-teollisuusliitto-ryn-opas-yrityksille-ja-niiden-tyontekijoille\/","name":"Ulkomainen ty\u00f6voima teknologiateollisuudessa \u2013 Teknologiateollisuus ry:n ja Teollisuusliitto ry:n opas yrityksille ja niiden ty\u00f6ntekij\u00f6ille - Teknologiateollisuus - J\u00e4senille","isPartOf":{"@id":"https:\/\/teknologiateollisuus.fi\/jasenille\/#website"},"primaryImageOfPage":{"@id":"https:\/\/teknologiateollisuus.fi\/jasenille\/julkaisu\/ulkomainen-tyovoima-teknologiateollisuudessa-teknologiateollisuus-ryn-ja-teollisuusliitto-ryn-opas-yrityksille-ja-niiden-tyontekijoille\/#primaryimage"},"image":{"@id":"https:\/\/teknologiateollisuus.fi\/jasenille\/julkaisu\/ulkomainen-tyovoima-teknologiateollisuudessa-teknologiateollisuus-ryn-ja-teollisuusliitto-ryn-opas-yrityksille-ja-niiden-tyontekijoille\/#primaryimage"},"thumbnailUrl":"https:\/\/teknologiateollisuus.fi\/jasenille\/wp-content\/uploads\/sites\/1\/2025\/06\/Ulkomainen-tyovoima-teknologiateollisuudessa.jpg","datePublished":"2025-10-23T06:42:36+00:00","dateModified":"2026-01-02T08:01:43+00:00","breadcrumb":{"@id":"https:\/\/teknologiateollisuus.fi\/jasenille\/julkaisu\/ulkomainen-tyovoima-teknologiateollisuudessa-teknologiateollisuus-ryn-ja-teollisuusliitto-ryn-opas-yrityksille-ja-niiden-tyontekijoille\/#breadcrumb"},"inLanguage":"fi","potentialAction":[{"@type":"ReadAction","target":["https:\/\/teknologiateollisuus.fi\/jasenille\/julkaisu\/ulkomainen-tyovoima-teknologiateollisuudessa-teknologiateollisuus-ryn-ja-teollisuusliitto-ryn-opas-yrityksille-ja-niiden-tyontekijoille\/"]}]},{"@type":"ImageObject","inLanguage":"fi","@id":"https:\/\/teknologiateollisuus.fi\/jasenille\/julkaisu\/ulkomainen-tyovoima-teknologiateollisuudessa-teknologiateollisuus-ryn-ja-teollisuusliitto-ryn-opas-yrityksille-ja-niiden-tyontekijoille\/#primaryimage","url":"https:\/\/teknologiateollisuus.fi\/jasenille\/wp-content\/uploads\/sites\/1\/2025\/06\/Ulkomainen-tyovoima-teknologiateollisuudessa.jpg","contentUrl":"https:\/\/teknologiateollisuus.fi\/jasenille\/wp-content\/uploads\/sites\/1\/2025\/06\/Ulkomainen-tyovoima-teknologiateollisuudessa.jpg","width":770,"height":900},{"@type":"BreadcrumbList","@id":"https:\/\/teknologiateollisuus.fi\/jasenille\/julkaisu\/ulkomainen-tyovoima-teknologiateollisuudessa-teknologiateollisuus-ryn-ja-teollisuusliitto-ryn-opas-yrityksille-ja-niiden-tyontekijoille\/#breadcrumb","itemListElement":[{"@type":"ListItem","position":1,"name":"Home","item":"https:\/\/teknologiateollisuus.fi\/jasenille\/"},{"@type":"ListItem","position":2,"name":"Kaikki julkaisut","item":"https:\/\/teknologiateollisuus.fi\/jasenille\/palvelut\/julkaisut\/kaikki-julkaisut\/"},{"@type":"ListItem","position":3,"name":"Ulkomainen ty\u00f6voima teknologiateollisuudessa \u2013 Teknologiateollisuus ry:n ja Teollisuusliitto ry:n opas yrityksille ja niiden ty\u00f6ntekij\u00f6ille"}]},{"@type":"WebSite","@id":"https:\/\/teknologiateollisuus.fi\/jasenille\/#website","url":"https:\/\/teknologiateollisuus.fi\/jasenille\/","name":"Teknologiateollisuus - J\u00e4senille","description":"","publisher":{"@id":"https:\/\/teknologiateollisuus.fi\/jasenille\/#organization"},"potentialAction":[{"@type":"SearchAction","target":{"@type":"EntryPoint","urlTemplate":"https:\/\/teknologiateollisuus.fi\/jasenille\/?s={search_term_string}"},"query-input":{"@type":"PropertyValueSpecification","valueRequired":true,"valueName":"search_term_string"}}],"inLanguage":"fi"},{"@type":"Organization","@id":"https:\/\/teknologiateollisuus.fi\/jasenille\/#organization","name":"Teknologiateollisuus - J\u00e4senille","url":"https:\/\/teknologiateollisuus.fi\/jasenille\/","logo":{"@type":"ImageObject","inLanguage":"fi","@id":"https:\/\/teknologiateollisuus.fi\/jasenille\/#\/schema\/logo\/image\/","url":"https:\/\/teknologiateollisuus.fi\/jasenille\/wp-content\/uploads\/sites\/1\/2023\/10\/placeholder.png","contentUrl":"https:\/\/teknologiateollisuus.fi\/jasenille\/wp-content\/uploads\/sites\/1\/2023\/10\/placeholder.png","width":2560,"height":1920,"caption":"Teknologiateollisuus - J\u00e4senille"},"image":{"@id":"https:\/\/teknologiateollisuus.fi\/jasenille\/#\/schema\/logo\/image\/"}}]}},"_links":{"self":[{"href":"https:\/\/teknologiateollisuus.fi\/jasenille\/wp-json\/wp\/v2\/product\/26053","targetHints":{"allow":["GET"]}}],"collection":[{"href":"https:\/\/teknologiateollisuus.fi\/jasenille\/wp-json\/wp\/v2\/product"}],"about":[{"href":"https:\/\/teknologiateollisuus.fi\/jasenille\/wp-json\/wp\/v2\/types\/product"}],"wp:featuredmedia":[{"embeddable":true,"href":"https:\/\/teknologiateollisuus.fi\/jasenille\/wp-json\/wp\/v2\/media\/26199"}],"wp:attachment":[{"href":"https:\/\/teknologiateollisuus.fi\/jasenille\/wp-json\/wp\/v2\/media?parent=26053"}],"wp:term":[{"taxonomy":"product_brand","embeddable":true,"href":"https:\/\/teknologiateollisuus.fi\/jasenille\/wp-json\/wp\/v2\/product_brand?post=26053"},{"taxonomy":"product_cat","embeddable":true,"href":"https:\/\/teknologiateollisuus.fi\/jasenille\/wp-json\/wp\/v2\/product_cat?post=26053"},{"taxonomy":"product_tag","embeddable":true,"href":"https:\/\/teknologiateollisuus.fi\/jasenille\/wp-json\/wp\/v2\/product_tag?post=26053"}],"curies":[{"name":"wp","href":"https:\/\/api.w.org\/{rel}","templated":true}]}}