{"id":26293,"date":"2025-10-23T09:52:52","date_gmt":"2025-10-23T06:52:52","guid":{"rendered":"https:\/\/teknologiateollisuus.fi\/jasenille\/?post_type=product&#038;p=26293"},"modified":"2025-10-23T09:52:53","modified_gmt":"2025-10-23T06:52:53","slug":"tyoehdot-ulkomaantyossa-tietotekniikan-palvelualalla","status":"publish","type":"product","link":"https:\/\/teknologiateollisuus.fi\/jasenille\/julkaisu\/tyoehdot-ulkomaantyossa-tietotekniikan-palvelualalla\/","title":{"rendered":"Ty\u00f6ehdot ulkomaanty\u00f6ss\u00e4 tietotekniikan palvelualalla"},"content":{"rendered":"<p>Ulkomaille suuntautuvat ty\u00f6matkat ja komennukset ovat yleistyneet viime vuosina tietoalalla merkitt\u00e4v\u00e4sti. Tietotekniikan palvelualan ty\u00f6ehtosopimuksessa ei ole huomioitu ulkomaan matkaty\u00f6t\u00e4. Siksi liitot ovat yhteisty\u00f6ss\u00e4 valmistelleet t\u00e4m\u00e4n suositusluonteisen oppaan. T\u00e4m\u00e4n oppaan tarkoituksena ei ole kuitenkaan muuttaa yrityksiss\u00e4 jo olevia ulkomaanty\u00f6n sovittuja k\u00e4yt\u00e4nt\u00f6j\u00e4.<\/p>\n","protected":false},"excerpt":{"rendered":"<p>Ulkomaille suuntautuvat ty\u00f6matkat ja komennukset ovat yleistyneet viime vuosina tietoalalla merkitt\u00e4v\u00e4sti. Tietotekniikan palvelualan ty\u00f6ehtosopimuksessa ei ole huomioitu ulkomaan matkaty\u00f6t\u00e4. Siksi liitot ovat yhteisty\u00f6ss\u00e4 valmistelleet t\u00e4m\u00e4n suositusluonteisen oppaan. T\u00e4m\u00e4n oppaan tarkoituksena ei ole kuitenkaan muuttaa yrityksiss\u00e4 jo olevia ulkomaanty\u00f6n sovittuja k\u00e4yt\u00e4nt\u00f6j\u00e4.<\/p>\n","protected":false},"featured_media":26262,"template":"","meta":{"_acf_changed":false,"_relevanssi_hide_post":"","_relevanssi_hide_content":"","_relevanssi_pin_for_all":"","_relevanssi_pin_keywords":"","_relevanssi_unpin_keywords":"","_relevanssi_related_keywords":"","_relevanssi_related_include_ids":"","_relevanssi_related_exclude_ids":"","_relevanssi_related_no_append":"","_relevanssi_related_not_related":"","_relevanssi_related_posts":"","_relevanssi_noindex_reason":"","inline_featured_image":false,"growthstack-ab-test":[],"growthstack-ab-test-views":[]},"product_brand":[],"product_cat":[809],"product_tag":[835,728],"class_list":{"0":"post-26293","1":"product","2":"type-product","3":"status-publish","4":"has-post-thumbnail","6":"product_cat-oppaat","7":"product_tag-tietotekniikan-palvelualan-tes","8":"product_tag-tyosuhdeasiat-ja-tyoelama","10":"first","11":"instock","12":"downloadable","13":"virtual","14":"product-type-simple"},"acf":{"creators":"","member_discount":"","attachments":null,"links":null,"product_recommendations":{"number_of_products":10,"recommendation_basis":"date"}},"yoast_head":"<!-- This site is optimized with the Yoast SEO Premium plugin v27.1 (Yoast SEO v27.4) - https:\/\/yoast.com\/product\/yoast-seo-premium-wordpress\/ -->\n<title>Ty\u00f6ehdot ulkomaanty\u00f6ss\u00e4 tietotekniikan palvelualalla - Teknologiateollisuus - J\u00e4senille<\/title>\n<meta name=\"robots\" content=\"index, follow, max-snippet:-1, max-image-preview:large, max-video-preview:-1\" \/>\n<link rel=\"canonical\" href=\"https:\/\/teknologiateollisuus.fi\/jasenille\/julkaisu\/tyoehdot-ulkomaantyossa-tietotekniikan-palvelualalla\/\" \/>\n<meta property=\"og:locale\" content=\"fi_FI\" \/>\n<meta property=\"og:type\" content=\"article\" \/>\n<meta property=\"og:title\" content=\"Ty\u00f6ehdot ulkomaanty\u00f6ss\u00e4 tietotekniikan palvelualalla\" \/>\n<meta property=\"og:description\" content=\"Ulkomaille suuntautuvat ty\u00f6matkat ja komennukset ovat yleistyneet viime vuosina tietoalalla merkitt\u00e4v\u00e4sti. Tietotekniikan palvelualan ty\u00f6ehtosopimuksessa ei ole huomioitu ulkomaan matkaty\u00f6t\u00e4. Siksi liitot ovat yhteisty\u00f6ss\u00e4 valmistelleet t\u00e4m\u00e4n suositusluonteisen oppaan. T\u00e4m\u00e4n oppaan tarkoituksena ei ole kuitenkaan muuttaa yrityksiss\u00e4 jo olevia ulkomaanty\u00f6n sovittuja k\u00e4yt\u00e4nt\u00f6j\u00e4.\" \/>\n<meta property=\"og:url\" content=\"https:\/\/teknologiateollisuus.fi\/jasenille\/julkaisu\/tyoehdot-ulkomaantyossa-tietotekniikan-palvelualalla\/\" \/>\n<meta property=\"og:site_name\" content=\"Teknologiateollisuus - J\u00e4senille\" \/>\n<meta property=\"article:modified_time\" content=\"2025-10-23T06:52:53+00:00\" \/>\n<meta property=\"og:image\" content=\"https:\/\/teknologiateollisuus.fi\/jasenille\/wp-content\/uploads\/sites\/1\/2025\/06\/Tyoehdot-ulkomaantyossa-TIPAL.png\" \/>\n\t<meta property=\"og:image:width\" content=\"770\" \/>\n\t<meta property=\"og:image:height\" content=\"900\" \/>\n\t<meta property=\"og:image:type\" content=\"image\/png\" \/>\n<meta name=\"twitter:card\" content=\"summary_large_image\" \/>\n<meta name=\"twitter:label1\" content=\"Arvioitu lukuaika\" \/>\n\t<meta name=\"twitter:data1\" content=\"1 minuutti\" \/>\n<script type=\"application\/ld+json\" class=\"yoast-schema-graph\">{\"@context\":\"https:\\\/\\\/schema.org\",\"@graph\":[{\"@type\":\"WebPage\",\"@id\":\"https:\\\/\\\/teknologiateollisuus.fi\\\/jasenille\\\/julkaisu\\\/tyoehdot-ulkomaantyossa-tietotekniikan-palvelualalla\\\/\",\"url\":\"https:\\\/\\\/teknologiateollisuus.fi\\\/jasenille\\\/julkaisu\\\/tyoehdot-ulkomaantyossa-tietotekniikan-palvelualalla\\\/\",\"name\":\"Ty\u00f6ehdot ulkomaanty\u00f6ss\u00e4 tietotekniikan palvelualalla - Teknologiateollisuus - J\u00e4senille\",\"isPartOf\":{\"@id\":\"https:\\\/\\\/teknologiateollisuus.fi\\\/jasenille\\\/#website\"},\"primaryImageOfPage\":{\"@id\":\"https:\\\/\\\/teknologiateollisuus.fi\\\/jasenille\\\/julkaisu\\\/tyoehdot-ulkomaantyossa-tietotekniikan-palvelualalla\\\/#primaryimage\"},\"image\":{\"@id\":\"https:\\\/\\\/teknologiateollisuus.fi\\\/jasenille\\\/julkaisu\\\/tyoehdot-ulkomaantyossa-tietotekniikan-palvelualalla\\\/#primaryimage\"},\"thumbnailUrl\":\"https:\\\/\\\/teknologiateollisuus.fi\\\/jasenille\\\/wp-content\\\/uploads\\\/sites\\\/1\\\/2025\\\/06\\\/Tyoehdot-ulkomaantyossa-TIPAL.png\",\"datePublished\":\"2025-10-23T06:52:52+00:00\",\"dateModified\":\"2025-10-23T06:52:53+00:00\",\"breadcrumb\":{\"@id\":\"https:\\\/\\\/teknologiateollisuus.fi\\\/jasenille\\\/julkaisu\\\/tyoehdot-ulkomaantyossa-tietotekniikan-palvelualalla\\\/#breadcrumb\"},\"inLanguage\":\"fi\",\"potentialAction\":[{\"@type\":\"ReadAction\",\"target\":[\"https:\\\/\\\/teknologiateollisuus.fi\\\/jasenille\\\/julkaisu\\\/tyoehdot-ulkomaantyossa-tietotekniikan-palvelualalla\\\/\"]}]},{\"@type\":\"ImageObject\",\"inLanguage\":\"fi\",\"@id\":\"https:\\\/\\\/teknologiateollisuus.fi\\\/jasenille\\\/julkaisu\\\/tyoehdot-ulkomaantyossa-tietotekniikan-palvelualalla\\\/#primaryimage\",\"url\":\"https:\\\/\\\/teknologiateollisuus.fi\\\/jasenille\\\/wp-content\\\/uploads\\\/sites\\\/1\\\/2025\\\/06\\\/Tyoehdot-ulkomaantyossa-TIPAL.png\",\"contentUrl\":\"https:\\\/\\\/teknologiateollisuus.fi\\\/jasenille\\\/wp-content\\\/uploads\\\/sites\\\/1\\\/2025\\\/06\\\/Tyoehdot-ulkomaantyossa-TIPAL.png\",\"width\":770,\"height\":900},{\"@type\":\"BreadcrumbList\",\"@id\":\"https:\\\/\\\/teknologiateollisuus.fi\\\/jasenille\\\/julkaisu\\\/tyoehdot-ulkomaantyossa-tietotekniikan-palvelualalla\\\/#breadcrumb\",\"itemListElement\":[{\"@type\":\"ListItem\",\"position\":1,\"name\":\"Home\",\"item\":\"https:\\\/\\\/teknologiateollisuus.fi\\\/jasenille\\\/\"},{\"@type\":\"ListItem\",\"position\":2,\"name\":\"Kaikki julkaisut\",\"item\":\"https:\\\/\\\/teknologiateollisuus.fi\\\/jasenille\\\/palvelut\\\/julkaisut\\\/kaikki-julkaisut\\\/\"},{\"@type\":\"ListItem\",\"position\":3,\"name\":\"Ty\u00f6ehdot ulkomaanty\u00f6ss\u00e4 tietotekniikan palvelualalla\"}]},{\"@type\":\"WebSite\",\"@id\":\"https:\\\/\\\/teknologiateollisuus.fi\\\/jasenille\\\/#website\",\"url\":\"https:\\\/\\\/teknologiateollisuus.fi\\\/jasenille\\\/\",\"name\":\"Teknologiateollisuus - J\u00e4senille\",\"description\":\"\",\"publisher\":{\"@id\":\"https:\\\/\\\/teknologiateollisuus.fi\\\/jasenille\\\/#organization\"},\"potentialAction\":[{\"@type\":\"SearchAction\",\"target\":{\"@type\":\"EntryPoint\",\"urlTemplate\":\"https:\\\/\\\/teknologiateollisuus.fi\\\/jasenille\\\/?s={search_term_string}\"},\"query-input\":{\"@type\":\"PropertyValueSpecification\",\"valueRequired\":true,\"valueName\":\"search_term_string\"}}],\"inLanguage\":\"fi\"},{\"@type\":\"Organization\",\"@id\":\"https:\\\/\\\/teknologiateollisuus.fi\\\/jasenille\\\/#organization\",\"name\":\"Teknologiateollisuus - J\u00e4senille\",\"url\":\"https:\\\/\\\/teknologiateollisuus.fi\\\/jasenille\\\/\",\"logo\":{\"@type\":\"ImageObject\",\"inLanguage\":\"fi\",\"@id\":\"https:\\\/\\\/teknologiateollisuus.fi\\\/jasenille\\\/#\\\/schema\\\/logo\\\/image\\\/\",\"url\":\"https:\\\/\\\/teknologiateollisuus.fi\\\/jasenille\\\/wp-content\\\/uploads\\\/sites\\\/1\\\/2023\\\/10\\\/placeholder.png\",\"contentUrl\":\"https:\\\/\\\/teknologiateollisuus.fi\\\/jasenille\\\/wp-content\\\/uploads\\\/sites\\\/1\\\/2023\\\/10\\\/placeholder.png\",\"width\":2560,\"height\":1920,\"caption\":\"Teknologiateollisuus - J\u00e4senille\"},\"image\":{\"@id\":\"https:\\\/\\\/teknologiateollisuus.fi\\\/jasenille\\\/#\\\/schema\\\/logo\\\/image\\\/\"}}]}<\/script>\n<!-- \/ Yoast SEO Premium plugin. -->","yoast_head_json":{"title":"Ty\u00f6ehdot ulkomaanty\u00f6ss\u00e4 tietotekniikan palvelualalla - Teknologiateollisuus - J\u00e4senille","robots":{"index":"index","follow":"follow","max-snippet":"max-snippet:-1","max-image-preview":"max-image-preview:large","max-video-preview":"max-video-preview:-1"},"canonical":"https:\/\/teknologiateollisuus.fi\/jasenille\/julkaisu\/tyoehdot-ulkomaantyossa-tietotekniikan-palvelualalla\/","og_locale":"fi_FI","og_type":"article","og_title":"Ty\u00f6ehdot ulkomaanty\u00f6ss\u00e4 tietotekniikan palvelualalla","og_description":"Ulkomaille suuntautuvat ty\u00f6matkat ja komennukset ovat yleistyneet viime vuosina tietoalalla merkitt\u00e4v\u00e4sti. Tietotekniikan palvelualan ty\u00f6ehtosopimuksessa ei ole huomioitu ulkomaan matkaty\u00f6t\u00e4. Siksi liitot ovat yhteisty\u00f6ss\u00e4 valmistelleet t\u00e4m\u00e4n suositusluonteisen oppaan. T\u00e4m\u00e4n oppaan tarkoituksena ei ole kuitenkaan muuttaa yrityksiss\u00e4 jo olevia ulkomaanty\u00f6n sovittuja k\u00e4yt\u00e4nt\u00f6j\u00e4.","og_url":"https:\/\/teknologiateollisuus.fi\/jasenille\/julkaisu\/tyoehdot-ulkomaantyossa-tietotekniikan-palvelualalla\/","og_site_name":"Teknologiateollisuus - J\u00e4senille","article_modified_time":"2025-10-23T06:52:53+00:00","og_image":[{"width":770,"height":900,"url":"https:\/\/teknologiateollisuus.fi\/jasenille\/wp-content\/uploads\/sites\/1\/2025\/06\/Tyoehdot-ulkomaantyossa-TIPAL.png","type":"image\/png"}],"twitter_card":"summary_large_image","twitter_misc":{"Arvioitu lukuaika":"1 minuutti"},"schema":{"@context":"https:\/\/schema.org","@graph":[{"@type":"WebPage","@id":"https:\/\/teknologiateollisuus.fi\/jasenille\/julkaisu\/tyoehdot-ulkomaantyossa-tietotekniikan-palvelualalla\/","url":"https:\/\/teknologiateollisuus.fi\/jasenille\/julkaisu\/tyoehdot-ulkomaantyossa-tietotekniikan-palvelualalla\/","name":"Ty\u00f6ehdot ulkomaanty\u00f6ss\u00e4 tietotekniikan palvelualalla - Teknologiateollisuus - J\u00e4senille","isPartOf":{"@id":"https:\/\/teknologiateollisuus.fi\/jasenille\/#website"},"primaryImageOfPage":{"@id":"https:\/\/teknologiateollisuus.fi\/jasenille\/julkaisu\/tyoehdot-ulkomaantyossa-tietotekniikan-palvelualalla\/#primaryimage"},"image":{"@id":"https:\/\/teknologiateollisuus.fi\/jasenille\/julkaisu\/tyoehdot-ulkomaantyossa-tietotekniikan-palvelualalla\/#primaryimage"},"thumbnailUrl":"https:\/\/teknologiateollisuus.fi\/jasenille\/wp-content\/uploads\/sites\/1\/2025\/06\/Tyoehdot-ulkomaantyossa-TIPAL.png","datePublished":"2025-10-23T06:52:52+00:00","dateModified":"2025-10-23T06:52:53+00:00","breadcrumb":{"@id":"https:\/\/teknologiateollisuus.fi\/jasenille\/julkaisu\/tyoehdot-ulkomaantyossa-tietotekniikan-palvelualalla\/#breadcrumb"},"inLanguage":"fi","potentialAction":[{"@type":"ReadAction","target":["https:\/\/teknologiateollisuus.fi\/jasenille\/julkaisu\/tyoehdot-ulkomaantyossa-tietotekniikan-palvelualalla\/"]}]},{"@type":"ImageObject","inLanguage":"fi","@id":"https:\/\/teknologiateollisuus.fi\/jasenille\/julkaisu\/tyoehdot-ulkomaantyossa-tietotekniikan-palvelualalla\/#primaryimage","url":"https:\/\/teknologiateollisuus.fi\/jasenille\/wp-content\/uploads\/sites\/1\/2025\/06\/Tyoehdot-ulkomaantyossa-TIPAL.png","contentUrl":"https:\/\/teknologiateollisuus.fi\/jasenille\/wp-content\/uploads\/sites\/1\/2025\/06\/Tyoehdot-ulkomaantyossa-TIPAL.png","width":770,"height":900},{"@type":"BreadcrumbList","@id":"https:\/\/teknologiateollisuus.fi\/jasenille\/julkaisu\/tyoehdot-ulkomaantyossa-tietotekniikan-palvelualalla\/#breadcrumb","itemListElement":[{"@type":"ListItem","position":1,"name":"Home","item":"https:\/\/teknologiateollisuus.fi\/jasenille\/"},{"@type":"ListItem","position":2,"name":"Kaikki julkaisut","item":"https:\/\/teknologiateollisuus.fi\/jasenille\/palvelut\/julkaisut\/kaikki-julkaisut\/"},{"@type":"ListItem","position":3,"name":"Ty\u00f6ehdot ulkomaanty\u00f6ss\u00e4 tietotekniikan palvelualalla"}]},{"@type":"WebSite","@id":"https:\/\/teknologiateollisuus.fi\/jasenille\/#website","url":"https:\/\/teknologiateollisuus.fi\/jasenille\/","name":"Teknologiateollisuus - J\u00e4senille","description":"","publisher":{"@id":"https:\/\/teknologiateollisuus.fi\/jasenille\/#organization"},"potentialAction":[{"@type":"SearchAction","target":{"@type":"EntryPoint","urlTemplate":"https:\/\/teknologiateollisuus.fi\/jasenille\/?s={search_term_string}"},"query-input":{"@type":"PropertyValueSpecification","valueRequired":true,"valueName":"search_term_string"}}],"inLanguage":"fi"},{"@type":"Organization","@id":"https:\/\/teknologiateollisuus.fi\/jasenille\/#organization","name":"Teknologiateollisuus - J\u00e4senille","url":"https:\/\/teknologiateollisuus.fi\/jasenille\/","logo":{"@type":"ImageObject","inLanguage":"fi","@id":"https:\/\/teknologiateollisuus.fi\/jasenille\/#\/schema\/logo\/image\/","url":"https:\/\/teknologiateollisuus.fi\/jasenille\/wp-content\/uploads\/sites\/1\/2023\/10\/placeholder.png","contentUrl":"https:\/\/teknologiateollisuus.fi\/jasenille\/wp-content\/uploads\/sites\/1\/2023\/10\/placeholder.png","width":2560,"height":1920,"caption":"Teknologiateollisuus - J\u00e4senille"},"image":{"@id":"https:\/\/teknologiateollisuus.fi\/jasenille\/#\/schema\/logo\/image\/"}}]}},"_links":{"self":[{"href":"https:\/\/teknologiateollisuus.fi\/jasenille\/wp-json\/wp\/v2\/product\/26293","targetHints":{"allow":["GET"]}}],"collection":[{"href":"https:\/\/teknologiateollisuus.fi\/jasenille\/wp-json\/wp\/v2\/product"}],"about":[{"href":"https:\/\/teknologiateollisuus.fi\/jasenille\/wp-json\/wp\/v2\/types\/product"}],"wp:featuredmedia":[{"embeddable":true,"href":"https:\/\/teknologiateollisuus.fi\/jasenille\/wp-json\/wp\/v2\/media\/26262"}],"wp:attachment":[{"href":"https:\/\/teknologiateollisuus.fi\/jasenille\/wp-json\/wp\/v2\/media?parent=26293"}],"wp:term":[{"taxonomy":"product_brand","embeddable":true,"href":"https:\/\/teknologiateollisuus.fi\/jasenille\/wp-json\/wp\/v2\/product_brand?post=26293"},{"taxonomy":"product_cat","embeddable":true,"href":"https:\/\/teknologiateollisuus.fi\/jasenille\/wp-json\/wp\/v2\/product_cat?post=26293"},{"taxonomy":"product_tag","embeddable":true,"href":"https:\/\/teknologiateollisuus.fi\/jasenille\/wp-json\/wp\/v2\/product_tag?post=26293"}],"curies":[{"name":"wp","href":"https:\/\/api.w.org\/{rel}","templated":true}]}}