{"id":29435,"date":"2026-03-23T12:54:13","date_gmt":"2026-03-23T10:54:13","guid":{"rendered":"https:\/\/teknologiateollisuus.fi\/jasenille\/?post_type=product&#038;p=29435"},"modified":"2026-03-30T15:37:01","modified_gmt":"2026-03-30T12:37:01","slug":"teknologiateollisuuden-datan-malliehdot","status":"publish","type":"product","link":"https:\/\/teknologiateollisuus.fi\/jasenille\/julkaisu\/teknologiateollisuuden-datan-malliehdot\/","title":{"rendered":"Teknologiateollisuuden datan jakamisen ja k\u00e4yt\u00f6n malliehdot, suomi, sopimuspohjat word"},"content":{"rendered":"<p>EU:n datas\u00e4\u00e4d\u00f6s tuli sovellettavaksi syyskuussa 2025. S\u00e4\u00e4d\u00f6s muuttaa kytkettyjen laitteiden k\u00e4yt\u00f6st\u00e4 syntyv\u00e4n datan hy\u00f6dynt\u00e4misen reunaehtoja ja antaa k\u00e4ytt\u00e4jille p\u00e4\u00e4syn laitteiden k\u00e4ytt\u00f6dataan. Datan k\u00e4ytt\u00e4minen edellytt\u00e4\u00e4 sopimuksia. N\u00e4m\u00e4 malliehdot auttavat laitteiden valmistajia, k\u00e4ytt\u00e4ji\u00e4 ja datan hy\u00f6dynt\u00e4ji\u00e4 sopimaan datan k\u00e4yt\u00f6st\u00e4.<\/p>\n<p>Malliehdot on laadittu kolmeen eri tilanteeseen:<\/p>\n<ol>\n<li>Datan haltija ja k\u00e4ytt\u00e4j\u00e4n v\u00e4lille,<\/li>\n<li>Datan haltijan ja datan vastaanottajan v\u00e4lille, ja<\/li>\n<li>K\u00e4ytt\u00e4j\u00e4n ja datan vastaanottajan v\u00e4lille.<\/li>\n<\/ol>\n<p>Malliehdot ja sopimukset tarjoavat osapuolille valmiiksi mietittyj\u00e4 ratkaisuja sopimuslausekkeiksi tai sopimuksiksi, mutta osapuolten tulee t\u00e4ydent\u00e4\u00e4 ja viimeistell\u00e4 ehdot omaan k\u00e4ytt\u00f6\u00f6ns\u00e4 sopiviksi mm. datan, siihen p\u00e4\u00e4syn, liikesalaisuuksien ja henkil\u00f6tietojen k\u00e4sittelyn osalta.<br \/>\nEhdot on julkaistu 27 p\u00e4iv\u00e4n\u00e4 maaliskuuta 2026 suomen kielell\u00e4. Englannin kielinen versio julkaistaan k\u00e4\u00e4nn\u00f6ksen valmistuttua.<\/p>\n<p>EU:n datas\u00e4\u00e4d\u00f6s tuli sovellettavaksi 12 p\u00e4iv\u00e4 syyskuuta 2025. Teknologiateollisuuden vuoden 2019 datan jakamisen malliehdot eiv\u00e4t ole en\u00e4\u00e4 ajankohtaiset EU:n uuden s\u00e4\u00e4ntelyn my\u00f6t\u00e4. Teknologiateollisuus suosittaa k\u00e4ytett\u00e4v\u00e4ksi nyt maaliskuussa 2026 julkaistuja Datan jakamisen malliehtoja.<\/p>\n","protected":false},"excerpt":{"rendered":"<p>Teknologiateollisuus tarjoaa j\u00e4senilleen ja kaikille datan hy\u00f6dynt\u00e4misest\u00e4 kiinnostuneille yksinkertaiset malliehdot datan k\u00e4yt\u00f6st\u00e4 sopimiseksi.<\/p>\n","protected":false},"featured_media":29525,"template":"","meta":{"_acf_changed":false,"_relevanssi_hide_post":"","_relevanssi_hide_content":"","_relevanssi_pin_for_all":"","_relevanssi_pin_keywords":"","_relevanssi_unpin_keywords":"","_relevanssi_related_keywords":"","_relevanssi_related_include_ids":"","_relevanssi_related_exclude_ids":"","_relevanssi_related_no_append":"","_relevanssi_related_not_related":"","_relevanssi_related_posts":"","_relevanssi_noindex_reason":"Relevanssin liitetiedostojen k\u00e4sittelyWooCommerce Yoast SEO Relevanssin indeksointiesto","inline_featured_image":false,"growthstack-ab-test":[],"growthstack-ab-test-views":[]},"product_brand":[],"product_cat":[817,807,812],"product_tag":[734,730],"class_list":{"0":"post-29435","1":"product","2":"type-product","3":"status-publish","4":"has-post-thumbnail","6":"product_cat-muut-sopimusehdot-ja-mallit","7":"product_cat-sopimusehdot","8":"product_cat-sopimusmallit","9":"product_tag-digitalisaatio-ja-tekoaly","10":"product_tag-liiketoiminta-ja-innovaatiot","12":"first","13":"instock","14":"sold-individually","15":"taxable","16":"shipping-taxable","17":"purchasable","18":"product-type-variable"},"acf":{"creators":"","member_discount":100,"attachments":null,"links":null,"product_recommendations":{"number_of_products":10,"recommendation_basis":"date"}},"yoast_head":"<!-- This site is optimized with the Yoast SEO Premium plugin v27.1 (Yoast SEO v27.4) - https:\/\/yoast.com\/product\/yoast-seo-premium-wordpress\/ -->\n<title>Teknologiateollisuuden datan jakamisen ja k\u00e4yt\u00f6n malliehdot, suomi, sopimuspohjat word - Teknologiateollisuus - J\u00e4senille<\/title>\n<meta name=\"robots\" content=\"index, follow, max-snippet:-1, max-image-preview:large, max-video-preview:-1\" \/>\n<link rel=\"canonical\" href=\"https:\/\/teknologiateollisuus.fi\/jasenille\/julkaisu\/teknologiateollisuuden-datan-malliehdot\/\" \/>\n<meta property=\"og:locale\" content=\"fi_FI\" \/>\n<meta property=\"og:type\" content=\"article\" \/>\n<meta property=\"og:title\" content=\"Teknologiateollisuuden datan jakamisen ja k\u00e4yt\u00f6n malliehdot, suomi, sopimuspohjat word\" \/>\n<meta property=\"og:description\" content=\"Teknologiateollisuus tarjoaa j\u00e4senilleen ja kaikille datan hy\u00f6dynt\u00e4misest\u00e4 kiinnostuneille yksinkertaiset malliehdot datan k\u00e4yt\u00f6st\u00e4 sopimiseksi.\" \/>\n<meta property=\"og:url\" content=\"https:\/\/teknologiateollisuus.fi\/jasenille\/julkaisu\/teknologiateollisuuden-datan-malliehdot\/\" \/>\n<meta property=\"og:site_name\" content=\"Teknologiateollisuus - J\u00e4senille\" \/>\n<meta property=\"article:modified_time\" content=\"2026-03-30T12:37:01+00:00\" \/>\n<meta property=\"og:image\" content=\"https:\/\/teknologiateollisuus.fi\/jasenille\/wp-content\/uploads\/sites\/1\/2026\/03\/datan-jakamisen-ja-kayton-malliehdot.png\" \/>\n\t<meta property=\"og:image:width\" content=\"770\" \/>\n\t<meta property=\"og:image:height\" content=\"900\" \/>\n\t<meta property=\"og:image:type\" content=\"image\/png\" \/>\n<meta name=\"twitter:card\" content=\"summary_large_image\" \/>\n<meta name=\"twitter:label1\" content=\"Arvioitu lukuaika\" \/>\n\t<meta name=\"twitter:data1\" content=\"2 minuuttia\" \/>\n<script type=\"application\/ld+json\" class=\"yoast-schema-graph\">{\"@context\":\"https:\\\/\\\/schema.org\",\"@graph\":[{\"@type\":\"WebPage\",\"@id\":\"https:\\\/\\\/teknologiateollisuus.fi\\\/jasenille\\\/julkaisu\\\/teknologiateollisuuden-datan-malliehdot\\\/\",\"url\":\"https:\\\/\\\/teknologiateollisuus.fi\\\/jasenille\\\/julkaisu\\\/teknologiateollisuuden-datan-malliehdot\\\/\",\"name\":\"Teknologiateollisuuden datan jakamisen ja k\u00e4yt\u00f6n malliehdot, suomi, sopimuspohjat word - Teknologiateollisuus - J\u00e4senille\",\"isPartOf\":{\"@id\":\"https:\\\/\\\/teknologiateollisuus.fi\\\/jasenille\\\/#website\"},\"primaryImageOfPage\":{\"@id\":\"https:\\\/\\\/teknologiateollisuus.fi\\\/jasenille\\\/julkaisu\\\/teknologiateollisuuden-datan-malliehdot\\\/#primaryimage\"},\"image\":{\"@id\":\"https:\\\/\\\/teknologiateollisuus.fi\\\/jasenille\\\/julkaisu\\\/teknologiateollisuuden-datan-malliehdot\\\/#primaryimage\"},\"thumbnailUrl\":\"https:\\\/\\\/teknologiateollisuus.fi\\\/jasenille\\\/wp-content\\\/uploads\\\/sites\\\/1\\\/2026\\\/03\\\/datan-jakamisen-ja-kayton-malliehdot.png\",\"datePublished\":\"2026-03-23T10:54:13+00:00\",\"dateModified\":\"2026-03-30T12:37:01+00:00\",\"breadcrumb\":{\"@id\":\"https:\\\/\\\/teknologiateollisuus.fi\\\/jasenille\\\/julkaisu\\\/teknologiateollisuuden-datan-malliehdot\\\/#breadcrumb\"},\"inLanguage\":\"fi\",\"potentialAction\":[{\"@type\":\"ReadAction\",\"target\":[\"https:\\\/\\\/teknologiateollisuus.fi\\\/jasenille\\\/julkaisu\\\/teknologiateollisuuden-datan-malliehdot\\\/\"]}]},{\"@type\":\"ImageObject\",\"inLanguage\":\"fi\",\"@id\":\"https:\\\/\\\/teknologiateollisuus.fi\\\/jasenille\\\/julkaisu\\\/teknologiateollisuuden-datan-malliehdot\\\/#primaryimage\",\"url\":\"https:\\\/\\\/teknologiateollisuus.fi\\\/jasenille\\\/wp-content\\\/uploads\\\/sites\\\/1\\\/2026\\\/03\\\/datan-jakamisen-ja-kayton-malliehdot.png\",\"contentUrl\":\"https:\\\/\\\/teknologiateollisuus.fi\\\/jasenille\\\/wp-content\\\/uploads\\\/sites\\\/1\\\/2026\\\/03\\\/datan-jakamisen-ja-kayton-malliehdot.png\",\"width\":770,\"height\":900},{\"@type\":\"BreadcrumbList\",\"@id\":\"https:\\\/\\\/teknologiateollisuus.fi\\\/jasenille\\\/julkaisu\\\/teknologiateollisuuden-datan-malliehdot\\\/#breadcrumb\",\"itemListElement\":[{\"@type\":\"ListItem\",\"position\":1,\"name\":\"Home\",\"item\":\"https:\\\/\\\/teknologiateollisuus.fi\\\/jasenille\\\/\"},{\"@type\":\"ListItem\",\"position\":2,\"name\":\"Kaikki julkaisut\",\"item\":\"https:\\\/\\\/teknologiateollisuus.fi\\\/jasenille\\\/palvelut\\\/julkaisut\\\/kaikki-julkaisut\\\/\"},{\"@type\":\"ListItem\",\"position\":3,\"name\":\"Teknologiateollisuuden datan jakamisen ja k\u00e4yt\u00f6n malliehdot, suomi, sopimuspohjat word\"}]},{\"@type\":\"WebSite\",\"@id\":\"https:\\\/\\\/teknologiateollisuus.fi\\\/jasenille\\\/#website\",\"url\":\"https:\\\/\\\/teknologiateollisuus.fi\\\/jasenille\\\/\",\"name\":\"Teknologiateollisuus - J\u00e4senille\",\"description\":\"\",\"publisher\":{\"@id\":\"https:\\\/\\\/teknologiateollisuus.fi\\\/jasenille\\\/#organization\"},\"potentialAction\":[{\"@type\":\"SearchAction\",\"target\":{\"@type\":\"EntryPoint\",\"urlTemplate\":\"https:\\\/\\\/teknologiateollisuus.fi\\\/jasenille\\\/?s={search_term_string}\"},\"query-input\":{\"@type\":\"PropertyValueSpecification\",\"valueRequired\":true,\"valueName\":\"search_term_string\"}}],\"inLanguage\":\"fi\"},{\"@type\":\"Organization\",\"@id\":\"https:\\\/\\\/teknologiateollisuus.fi\\\/jasenille\\\/#organization\",\"name\":\"Teknologiateollisuus - J\u00e4senille\",\"url\":\"https:\\\/\\\/teknologiateollisuus.fi\\\/jasenille\\\/\",\"logo\":{\"@type\":\"ImageObject\",\"inLanguage\":\"fi\",\"@id\":\"https:\\\/\\\/teknologiateollisuus.fi\\\/jasenille\\\/#\\\/schema\\\/logo\\\/image\\\/\",\"url\":\"https:\\\/\\\/teknologiateollisuus.fi\\\/jasenille\\\/wp-content\\\/uploads\\\/sites\\\/1\\\/2023\\\/10\\\/placeholder.png\",\"contentUrl\":\"https:\\\/\\\/teknologiateollisuus.fi\\\/jasenille\\\/wp-content\\\/uploads\\\/sites\\\/1\\\/2023\\\/10\\\/placeholder.png\",\"width\":2560,\"height\":1920,\"caption\":\"Teknologiateollisuus - J\u00e4senille\"},\"image\":{\"@id\":\"https:\\\/\\\/teknologiateollisuus.fi\\\/jasenille\\\/#\\\/schema\\\/logo\\\/image\\\/\"}}]}<\/script>\n<!-- \/ Yoast SEO Premium plugin. -->","yoast_head_json":{"title":"Teknologiateollisuuden datan jakamisen ja k\u00e4yt\u00f6n malliehdot, suomi, sopimuspohjat word - Teknologiateollisuus - J\u00e4senille","robots":{"index":"index","follow":"follow","max-snippet":"max-snippet:-1","max-image-preview":"max-image-preview:large","max-video-preview":"max-video-preview:-1"},"canonical":"https:\/\/teknologiateollisuus.fi\/jasenille\/julkaisu\/teknologiateollisuuden-datan-malliehdot\/","og_locale":"fi_FI","og_type":"article","og_title":"Teknologiateollisuuden datan jakamisen ja k\u00e4yt\u00f6n malliehdot, suomi, sopimuspohjat word","og_description":"Teknologiateollisuus tarjoaa j\u00e4senilleen ja kaikille datan hy\u00f6dynt\u00e4misest\u00e4 kiinnostuneille yksinkertaiset malliehdot datan k\u00e4yt\u00f6st\u00e4 sopimiseksi.","og_url":"https:\/\/teknologiateollisuus.fi\/jasenille\/julkaisu\/teknologiateollisuuden-datan-malliehdot\/","og_site_name":"Teknologiateollisuus - J\u00e4senille","article_modified_time":"2026-03-30T12:37:01+00:00","og_image":[{"width":770,"height":900,"url":"https:\/\/teknologiateollisuus.fi\/jasenille\/wp-content\/uploads\/sites\/1\/2026\/03\/datan-jakamisen-ja-kayton-malliehdot.png","type":"image\/png"}],"twitter_card":"summary_large_image","twitter_misc":{"Arvioitu lukuaika":"2 minuuttia"},"schema":{"@context":"https:\/\/schema.org","@graph":[{"@type":"WebPage","@id":"https:\/\/teknologiateollisuus.fi\/jasenille\/julkaisu\/teknologiateollisuuden-datan-malliehdot\/","url":"https:\/\/teknologiateollisuus.fi\/jasenille\/julkaisu\/teknologiateollisuuden-datan-malliehdot\/","name":"Teknologiateollisuuden datan jakamisen ja k\u00e4yt\u00f6n malliehdot, suomi, sopimuspohjat word - Teknologiateollisuus - J\u00e4senille","isPartOf":{"@id":"https:\/\/teknologiateollisuus.fi\/jasenille\/#website"},"primaryImageOfPage":{"@id":"https:\/\/teknologiateollisuus.fi\/jasenille\/julkaisu\/teknologiateollisuuden-datan-malliehdot\/#primaryimage"},"image":{"@id":"https:\/\/teknologiateollisuus.fi\/jasenille\/julkaisu\/teknologiateollisuuden-datan-malliehdot\/#primaryimage"},"thumbnailUrl":"https:\/\/teknologiateollisuus.fi\/jasenille\/wp-content\/uploads\/sites\/1\/2026\/03\/datan-jakamisen-ja-kayton-malliehdot.png","datePublished":"2026-03-23T10:54:13+00:00","dateModified":"2026-03-30T12:37:01+00:00","breadcrumb":{"@id":"https:\/\/teknologiateollisuus.fi\/jasenille\/julkaisu\/teknologiateollisuuden-datan-malliehdot\/#breadcrumb"},"inLanguage":"fi","potentialAction":[{"@type":"ReadAction","target":["https:\/\/teknologiateollisuus.fi\/jasenille\/julkaisu\/teknologiateollisuuden-datan-malliehdot\/"]}]},{"@type":"ImageObject","inLanguage":"fi","@id":"https:\/\/teknologiateollisuus.fi\/jasenille\/julkaisu\/teknologiateollisuuden-datan-malliehdot\/#primaryimage","url":"https:\/\/teknologiateollisuus.fi\/jasenille\/wp-content\/uploads\/sites\/1\/2026\/03\/datan-jakamisen-ja-kayton-malliehdot.png","contentUrl":"https:\/\/teknologiateollisuus.fi\/jasenille\/wp-content\/uploads\/sites\/1\/2026\/03\/datan-jakamisen-ja-kayton-malliehdot.png","width":770,"height":900},{"@type":"BreadcrumbList","@id":"https:\/\/teknologiateollisuus.fi\/jasenille\/julkaisu\/teknologiateollisuuden-datan-malliehdot\/#breadcrumb","itemListElement":[{"@type":"ListItem","position":1,"name":"Home","item":"https:\/\/teknologiateollisuus.fi\/jasenille\/"},{"@type":"ListItem","position":2,"name":"Kaikki julkaisut","item":"https:\/\/teknologiateollisuus.fi\/jasenille\/palvelut\/julkaisut\/kaikki-julkaisut\/"},{"@type":"ListItem","position":3,"name":"Teknologiateollisuuden datan jakamisen ja k\u00e4yt\u00f6n malliehdot, suomi, sopimuspohjat word"}]},{"@type":"WebSite","@id":"https:\/\/teknologiateollisuus.fi\/jasenille\/#website","url":"https:\/\/teknologiateollisuus.fi\/jasenille\/","name":"Teknologiateollisuus - J\u00e4senille","description":"","publisher":{"@id":"https:\/\/teknologiateollisuus.fi\/jasenille\/#organization"},"potentialAction":[{"@type":"SearchAction","target":{"@type":"EntryPoint","urlTemplate":"https:\/\/teknologiateollisuus.fi\/jasenille\/?s={search_term_string}"},"query-input":{"@type":"PropertyValueSpecification","valueRequired":true,"valueName":"search_term_string"}}],"inLanguage":"fi"},{"@type":"Organization","@id":"https:\/\/teknologiateollisuus.fi\/jasenille\/#organization","name":"Teknologiateollisuus - J\u00e4senille","url":"https:\/\/teknologiateollisuus.fi\/jasenille\/","logo":{"@type":"ImageObject","inLanguage":"fi","@id":"https:\/\/teknologiateollisuus.fi\/jasenille\/#\/schema\/logo\/image\/","url":"https:\/\/teknologiateollisuus.fi\/jasenille\/wp-content\/uploads\/sites\/1\/2023\/10\/placeholder.png","contentUrl":"https:\/\/teknologiateollisuus.fi\/jasenille\/wp-content\/uploads\/sites\/1\/2023\/10\/placeholder.png","width":2560,"height":1920,"caption":"Teknologiateollisuus - J\u00e4senille"},"image":{"@id":"https:\/\/teknologiateollisuus.fi\/jasenille\/#\/schema\/logo\/image\/"}}]}},"_links":{"self":[{"href":"https:\/\/teknologiateollisuus.fi\/jasenille\/wp-json\/wp\/v2\/product\/29435","targetHints":{"allow":["GET"]}}],"collection":[{"href":"https:\/\/teknologiateollisuus.fi\/jasenille\/wp-json\/wp\/v2\/product"}],"about":[{"href":"https:\/\/teknologiateollisuus.fi\/jasenille\/wp-json\/wp\/v2\/types\/product"}],"wp:featuredmedia":[{"embeddable":true,"href":"https:\/\/teknologiateollisuus.fi\/jasenille\/wp-json\/wp\/v2\/media\/29525"}],"wp:attachment":[{"href":"https:\/\/teknologiateollisuus.fi\/jasenille\/wp-json\/wp\/v2\/media?parent=29435"}],"wp:term":[{"taxonomy":"product_brand","embeddable":true,"href":"https:\/\/teknologiateollisuus.fi\/jasenille\/wp-json\/wp\/v2\/product_brand?post=29435"},{"taxonomy":"product_cat","embeddable":true,"href":"https:\/\/teknologiateollisuus.fi\/jasenille\/wp-json\/wp\/v2\/product_cat?post=29435"},{"taxonomy":"product_tag","embeddable":true,"href":"https:\/\/teknologiateollisuus.fi\/jasenille\/wp-json\/wp\/v2\/product_tag?post=29435"}],"curies":[{"name":"wp","href":"https:\/\/api.w.org\/{rel}","templated":true}]}}