{"id":1146,"date":"2024-08-13T15:57:30","date_gmt":"2024-08-13T12:57:30","guid":{"rendered":"https:\/\/meriteollisuus.teknologiateollisuus.fi\/?page_id=1146"},"modified":"2026-04-10T11:45:11","modified_gmt":"2026-04-10T08:45:11","slug":"jasenyys","status":"publish","type":"page","link":"https:\/\/teknologiateollisuus.fi\/meriteollisuus\/jasenyys\/","title":{"rendered":"J\u00e4senyys"},"content":{"rendered":"\n<div class=\"em-block-hero hero-has-background-color has-background has-petrol-background-color has-image media-position-right \">\n\t<div class=\"em-block-hero__container\">\n\t\t<div class=\"em-block-hero__content\">\n\t\t\t<div class=\"yoast-breadcrumbs\"><span><span><a href=\"https:\/\/teknologiateollisuus.fi\/meriteollisuus\/\">Etusivu<\/a><\/span> <span class=\"separator\"><\/span> <span class=\"breadcrumb_last\" aria-current=\"page\">J\u00e4senyys<\/span><\/span><\/div>\t\t\t\n<h1 class=\"wp-block-heading\" id=\"h-liity-jaseneksi\">Liity j\u00e4seneksi<\/h1>\n\n<p><\/p>\n\t\t\t<div class=\"em-block-hero__modified-date\"> P\u00e4ivitetty 10.04.2026 klo 11:45<\/div>\t\t<\/div>\n\t\t\t\t\t<figure class=\"em-block-hero__image\">\n\t\t\t\t<img loading=\"lazy\" decoding=\"async\" width=\"1280\" height=\"853\" src=\"https:\/\/teknologiateollisuus.fi\/meriteollisuus\/wp-content\/uploads\/sites\/5\/2024\/10\/handshake-6701408_1280.jpg\" class=\"attachment-hero size-hero\" alt=\"\" srcset=\"https:\/\/teknologiateollisuus.fi\/meriteollisuus\/wp-content\/uploads\/sites\/5\/2024\/10\/handshake-6701408_1280.jpg 1280w, https:\/\/teknologiateollisuus.fi\/meriteollisuus\/wp-content\/uploads\/sites\/5\/2024\/10\/handshake-6701408_1280-400x267.jpg 400w, https:\/\/teknologiateollisuus.fi\/meriteollisuus\/wp-content\/uploads\/sites\/5\/2024\/10\/handshake-6701408_1280-968x645.jpg 968w, https:\/\/teknologiateollisuus.fi\/meriteollisuus\/wp-content\/uploads\/sites\/5\/2024\/10\/handshake-6701408_1280-768x512.jpg 768w\" sizes=\"auto, (max-width: 1280px) 100vw, 1280px\" \/>\t\t\t<\/figure>\n\t\t\t<\/div>\n<\/div>\n\n\n\n<h2 class=\"wp-block-heading\" id=\"h-ryhdy-toimialasi-vaikuttajaksi\" id=\"ryhdy-toimialasi-vaikuttajaksi\">Ryhdy toimialasi vaikuttajaksi!<\/h2>\n\n\n\n<p><strong>Meriteollisuus ry:n noin <a href=\"https:\/\/teknologiateollisuus.fi\/meriteollisuus\/jasenluettelo\/\"><mark class=\"has-inline-color has-petrol-color\">100 j\u00e4senyrityksen<\/mark><\/a> verkostossa ty\u00f6skentelee tuhansia meriteollisuuden asiantuntijoita. Liity j\u00e4seneksemme ja vaikuta!<\/strong><\/p>\n\n\n\n<p>Mahdollistamme verkostoitumisen alan muihin toimijoihin ja luomme kanavan vaikuttaa. Kauttamme kuulet alan uutiset, tulevat tapahtumat sek\u00e4 saat ajankohtaista markkinatietoa. Tuomme my\u00f6s j\u00e4sentemme osaamista esiin kansallisesti ja kansainv\u00e4lisesti.<\/p>\n\n\n\n<p>J\u00e4senen\u00e4mme p\u00e4\u00e4set mukaan tapahtumiimme, ty\u00f6ryhmiimme sek\u00e4 teemakohtaisiin seminaareihimme.<\/p>\n\n\n\n<p><strong>J\u00e4senemme:<\/strong><\/p>\n\n\n\n<ul class=\"wp-block-list\">\n<li>&nbsp; &nbsp; M\u00e4\u00e4rittelev\u00e4t yhteisty\u00f6ss\u00e4 alan tarpeet ja viestit<\/li>\n\n\n\n<li>&nbsp; &nbsp; Vaikuttavat kansallisesti ja kansainv\u00e4lisesti alalle t\u00e4rkeiss\u00e4 teemoissa<\/li>\n\n\n\n<li>&nbsp; &nbsp; Ovat tervetulleita mukaan yhteisty\u00f6h\u00f6n my\u00f6s SEA Europen foorumeissa<\/li>\n\n\n\n<li>&nbsp; &nbsp; Saavat tietoa alan ajankohtaisista sek\u00e4 mahdollisuuden tuoda omia tarpeitaan esiin&nbsp;<\/li>\n\n\n\n<li>&nbsp; &nbsp; Saavat n\u00e4kyvyytt\u00e4 julkaisuissamme, viestinn\u00e4ss\u00e4mme ja esitelmiss\u00e4mme.&nbsp; &nbsp; &nbsp;<\/li>\n<\/ul>\n\n\n\n<p><strong>Liity j\u00e4seneksi t\u00e4ytt\u00e4m\u00e4ll\u00e4&nbsp;<a href=\"https:\/\/teknologiateollisuus.fi\/meriteollisuus\/wp-content\/uploads\/sites\/5\/2024\/10\/Jasenhakemus.pdf\"><mark class=\"has-inline-color has-petrol-color\">j\u00e4senhakemus<\/mark><\/a><\/strong> ja palauttamalla hakemus osoitteeseen meriteollisuus(a)teknologiateollisuus.fi.<\/p>\n\n\n\n<p>Meriteollisuus ry:n hallitus k\u00e4sittelee hakemukset seuraavassa kokouksessaan. Hallitus voi hyv\u00e4ksy\u00e4 j\u00e4seniksi meritekniikan alalla Suomessa toimivia liikeyrityksi\u00e4.<\/p>\n","protected":false},"excerpt":{"rendered":"<p>Ryhdy toimialasi vaikuttajaksi! Meriteollisuus ry:n noin 100 j\u00e4senyrityksen verkostossa ty\u00f6skentelee tuhansia meriteollisuuden asiantuntijoita. Liity j\u00e4seneksemme ja vaikuta! Mahdollistamme verkostoitumisen alan muihin toimijoihin ja luomme kanavan vaikuttaa. Kauttamme kuulet alan uutiset, tulevat tapahtumat sek\u00e4 saat ajankohtaista markkinatietoa. Tuomme my\u00f6s j\u00e4sentemme osaamista esiin kansallisesti ja kansainv\u00e4lisesti. J\u00e4senen\u00e4mme p\u00e4\u00e4set mukaan tapahtumiimme, ty\u00f6ryhmiimme sek\u00e4 teemakohtaisiin seminaareihimme. J\u00e4senemme: Liity j\u00e4seneksi [&hellip;]<\/p>\n","protected":false},"author":59,"featured_media":0,"parent":0,"menu_order":0,"comment_status":"closed","ping_status":"closed","template":"","meta":{"_acf_changed":false,"_relevanssi_hide_post":"","_relevanssi_hide_content":"","_relevanssi_pin_for_all":"","_relevanssi_pin_keywords":"","_relevanssi_unpin_keywords":"","_relevanssi_related_keywords":"","_relevanssi_related_include_ids":"","_relevanssi_related_exclude_ids":"","_relevanssi_related_no_append":"","_relevanssi_related_not_related":"","_relevanssi_related_posts":"53,54,48,56,55,57","_relevanssi_noindex_reason":"","inline_featured_image":false,"footnotes":""},"class_list":["post-1146","page","type-page","status-publish","hentry"],"acf":[],"yoast_head":"<!-- This site is optimized with the Yoast SEO Premium plugin v27.1 (Yoast SEO v27.4) - https:\/\/yoast.com\/product\/yoast-seo-premium-wordpress\/ -->\n<title>J\u00e4senyys - Meriteollisuus ry<\/title>\n<meta name=\"robots\" content=\"index, follow, max-snippet:-1, max-image-preview:large, max-video-preview:-1\" \/>\n<link rel=\"canonical\" href=\"https:\/\/teknologiateollisuus.fi\/meriteollisuus\/jasenyys\/\" \/>\n<meta property=\"og:locale\" content=\"fi_FI\" \/>\n<meta property=\"og:type\" content=\"article\" \/>\n<meta property=\"og:title\" content=\"J\u00e4senyys\" \/>\n<meta property=\"og:description\" content=\"Ryhdy toimialasi vaikuttajaksi! Meriteollisuus ry:n noin 100 j\u00e4senyrityksen verkostossa ty\u00f6skentelee tuhansia meriteollisuuden asiantuntijoita. Liity j\u00e4seneksemme ja vaikuta! Mahdollistamme verkostoitumisen alan muihin toimijoihin ja luomme kanavan vaikuttaa. Kauttamme kuulet alan uutiset, tulevat tapahtumat sek\u00e4 saat ajankohtaista markkinatietoa. Tuomme my\u00f6s j\u00e4sentemme osaamista esiin kansallisesti ja kansainv\u00e4lisesti. J\u00e4senen\u00e4mme p\u00e4\u00e4set mukaan tapahtumiimme, ty\u00f6ryhmiimme sek\u00e4 teemakohtaisiin seminaareihimme. J\u00e4senemme: Liity j\u00e4seneksi [&hellip;]\" \/>\n<meta property=\"og:url\" content=\"https:\/\/teknologiateollisuus.fi\/meriteollisuus\/jasenyys\/\" \/>\n<meta property=\"og:site_name\" content=\"Meriteollisuus ry\" \/>\n<meta property=\"article:modified_time\" content=\"2026-04-10T08:45:11+00:00\" \/>\n<meta name=\"twitter:card\" content=\"summary_large_image\" \/>\n<meta name=\"twitter:label1\" content=\"Arvioitu lukuaika\" \/>\n\t<meta name=\"twitter:data1\" content=\"1 minuutti\" \/>\n<script type=\"application\/ld+json\" class=\"yoast-schema-graph\">{\"@context\":\"https:\\\/\\\/schema.org\",\"@graph\":[{\"@type\":\"WebPage\",\"@id\":\"https:\\\/\\\/teknologiateollisuus.fi\\\/meriteollisuus\\\/jasenyys\\\/\",\"url\":\"https:\\\/\\\/teknologiateollisuus.fi\\\/meriteollisuus\\\/jasenyys\\\/\",\"name\":\"J\u00e4senyys - Meriteollisuus ry\",\"isPartOf\":{\"@id\":\"https:\\\/\\\/teknologiateollisuus.fi\\\/meriteollisuus\\\/#website\"},\"datePublished\":\"2024-08-13T12:57:30+00:00\",\"dateModified\":\"2026-04-10T08:45:11+00:00\",\"breadcrumb\":{\"@id\":\"https:\\\/\\\/teknologiateollisuus.fi\\\/meriteollisuus\\\/jasenyys\\\/#breadcrumb\"},\"inLanguage\":\"fi\",\"potentialAction\":[{\"@type\":\"ReadAction\",\"target\":[\"https:\\\/\\\/teknologiateollisuus.fi\\\/meriteollisuus\\\/jasenyys\\\/\"]}]},{\"@type\":\"BreadcrumbList\",\"@id\":\"https:\\\/\\\/teknologiateollisuus.fi\\\/meriteollisuus\\\/jasenyys\\\/#breadcrumb\",\"itemListElement\":[{\"@type\":\"ListItem\",\"position\":1,\"name\":\"Etusivu\",\"item\":\"https:\\\/\\\/teknologiateollisuus.fi\\\/meriteollisuus\\\/\"},{\"@type\":\"ListItem\",\"position\":2,\"name\":\"J\u00e4senyys\"}]},{\"@type\":\"WebSite\",\"@id\":\"https:\\\/\\\/teknologiateollisuus.fi\\\/meriteollisuus\\\/#website\",\"url\":\"https:\\\/\\\/teknologiateollisuus.fi\\\/meriteollisuus\\\/\",\"name\":\"Meriteollisuus ry\",\"description\":\"\",\"potentialAction\":[{\"@type\":\"SearchAction\",\"target\":{\"@type\":\"EntryPoint\",\"urlTemplate\":\"https:\\\/\\\/teknologiateollisuus.fi\\\/meriteollisuus\\\/?s={search_term_string}\"},\"query-input\":{\"@type\":\"PropertyValueSpecification\",\"valueRequired\":true,\"valueName\":\"search_term_string\"}}],\"inLanguage\":\"fi\"}]}<\/script>\n<!-- \/ Yoast SEO Premium plugin. -->","yoast_head_json":{"title":"J\u00e4senyys - Meriteollisuus ry","robots":{"index":"index","follow":"follow","max-snippet":"max-snippet:-1","max-image-preview":"max-image-preview:large","max-video-preview":"max-video-preview:-1"},"canonical":"https:\/\/teknologiateollisuus.fi\/meriteollisuus\/jasenyys\/","og_locale":"fi_FI","og_type":"article","og_title":"J\u00e4senyys","og_description":"Ryhdy toimialasi vaikuttajaksi! Meriteollisuus ry:n noin 100 j\u00e4senyrityksen verkostossa ty\u00f6skentelee tuhansia meriteollisuuden asiantuntijoita. Liity j\u00e4seneksemme ja vaikuta! Mahdollistamme verkostoitumisen alan muihin toimijoihin ja luomme kanavan vaikuttaa. Kauttamme kuulet alan uutiset, tulevat tapahtumat sek\u00e4 saat ajankohtaista markkinatietoa. Tuomme my\u00f6s j\u00e4sentemme osaamista esiin kansallisesti ja kansainv\u00e4lisesti. J\u00e4senen\u00e4mme p\u00e4\u00e4set mukaan tapahtumiimme, ty\u00f6ryhmiimme sek\u00e4 teemakohtaisiin seminaareihimme. J\u00e4senemme: Liity j\u00e4seneksi [&hellip;]","og_url":"https:\/\/teknologiateollisuus.fi\/meriteollisuus\/jasenyys\/","og_site_name":"Meriteollisuus ry","article_modified_time":"2026-04-10T08:45:11+00:00","twitter_card":"summary_large_image","twitter_misc":{"Arvioitu lukuaika":"1 minuutti"},"schema":{"@context":"https:\/\/schema.org","@graph":[{"@type":"WebPage","@id":"https:\/\/teknologiateollisuus.fi\/meriteollisuus\/jasenyys\/","url":"https:\/\/teknologiateollisuus.fi\/meriteollisuus\/jasenyys\/","name":"J\u00e4senyys - Meriteollisuus ry","isPartOf":{"@id":"https:\/\/teknologiateollisuus.fi\/meriteollisuus\/#website"},"datePublished":"2024-08-13T12:57:30+00:00","dateModified":"2026-04-10T08:45:11+00:00","breadcrumb":{"@id":"https:\/\/teknologiateollisuus.fi\/meriteollisuus\/jasenyys\/#breadcrumb"},"inLanguage":"fi","potentialAction":[{"@type":"ReadAction","target":["https:\/\/teknologiateollisuus.fi\/meriteollisuus\/jasenyys\/"]}]},{"@type":"BreadcrumbList","@id":"https:\/\/teknologiateollisuus.fi\/meriteollisuus\/jasenyys\/#breadcrumb","itemListElement":[{"@type":"ListItem","position":1,"name":"Etusivu","item":"https:\/\/teknologiateollisuus.fi\/meriteollisuus\/"},{"@type":"ListItem","position":2,"name":"J\u00e4senyys"}]},{"@type":"WebSite","@id":"https:\/\/teknologiateollisuus.fi\/meriteollisuus\/#website","url":"https:\/\/teknologiateollisuus.fi\/meriteollisuus\/","name":"Meriteollisuus ry","description":"","potentialAction":[{"@type":"SearchAction","target":{"@type":"EntryPoint","urlTemplate":"https:\/\/teknologiateollisuus.fi\/meriteollisuus\/?s={search_term_string}"},"query-input":{"@type":"PropertyValueSpecification","valueRequired":true,"valueName":"search_term_string"}}],"inLanguage":"fi"}]}},"lang":"fi","translations":{"fi":1146},"pll_sync_post":[],"_links":{"self":[{"href":"https:\/\/teknologiateollisuus.fi\/meriteollisuus\/wp-json\/wp\/v2\/pages\/1146","targetHints":{"allow":["GET"]}}],"collection":[{"href":"https:\/\/teknologiateollisuus.fi\/meriteollisuus\/wp-json\/wp\/v2\/pages"}],"about":[{"href":"https:\/\/teknologiateollisuus.fi\/meriteollisuus\/wp-json\/wp\/v2\/types\/page"}],"author":[{"embeddable":true,"href":"https:\/\/teknologiateollisuus.fi\/meriteollisuus\/wp-json\/wp\/v2\/users\/59"}],"replies":[{"embeddable":true,"href":"https:\/\/teknologiateollisuus.fi\/meriteollisuus\/wp-json\/wp\/v2\/comments?post=1146"}],"version-history":[{"count":13,"href":"https:\/\/teknologiateollisuus.fi\/meriteollisuus\/wp-json\/wp\/v2\/pages\/1146\/revisions"}],"predecessor-version":[{"id":3494,"href":"https:\/\/teknologiateollisuus.fi\/meriteollisuus\/wp-json\/wp\/v2\/pages\/1146\/revisions\/3494"}],"wp:attachment":[{"href":"https:\/\/teknologiateollisuus.fi\/meriteollisuus\/wp-json\/wp\/v2\/media?parent=1146"}],"curies":[{"name":"wp","href":"https:\/\/api.w.org\/{rel}","templated":true}]}}