{"id":1149,"date":"2024-08-13T16:00:58","date_gmt":"2024-08-13T13:00:58","guid":{"rendered":"https:\/\/meriteollisuus.teknologiateollisuus.fi\/?page_id=1149"},"modified":"2026-01-05T11:12:07","modified_gmt":"2026-01-05T09:12:07","slug":"jasenmaksut","status":"publish","type":"page","link":"https:\/\/teknologiateollisuus.fi\/meriteollisuus\/jasenyys\/jasenmaksut\/","title":{"rendered":"J\u00e4senmaksut"},"content":{"rendered":"\n<div class=\"em-block-hero hero-has-background-color has-background has-petrol-background-color collapse media-position-right \">\n\t<div class=\"em-block-hero__container\">\n\t\t<div class=\"em-block-hero__content\">\n\t\t\t<div class=\"yoast-breadcrumbs\"><span><span><a href=\"https:\/\/teknologiateollisuus.fi\/meriteollisuus\/\">Etusivu<\/a><\/span> <span class=\"separator\"><\/span> <span><a href=\"https:\/\/teknologiateollisuus.fi\/meriteollisuus\/jasenyys\/\">J\u00e4senyys<\/a><\/span> <span class=\"separator\"><\/span> <span class=\"breadcrumb_last\" aria-current=\"page\">J\u00e4senmaksut<\/span><\/span><\/div>\t\t\t\n<h1 class=\"wp-block-heading\" id=\"h-jasenmaksut\">J\u00e4senmaksut<\/h1>\n\n<p><\/p>\n\t\t\t<div class=\"em-block-hero__modified-date\"> P\u00e4ivitetty 05.01.2026 klo 11:12<\/div>\t\t<\/div>\n\t\t\t\t\t<figure class=\"em-block-hero__image\">\n\t\t\t\t\t\t\t<\/figure>\n\t\t\t<\/div>\n<\/div>\n\n\n\n<h2 class=\"wp-block-heading\" id=\"h-meriteollisuus-ry-n-jasenmaksut-vuonna-2026\" id=\"meriteollisuus-ryn-jasenmaksut-vuonna-2026\">Meriteollisuus ry:n j\u00e4senmaksut vuonna 2026<\/h2>\n\n\n\n<p>Yhdistyksen j\u00e4senmaksu perustuu yrityksen viimeisimp\u00e4\u00e4n liikevaihtotietoon. Vuonna 2026 j\u00e4senmaksumme m\u00e4\u00e4r\u00e4ytyv\u00e4t seuraavasti:<\/p>\n\n\n\n<ul class=\"wp-block-list\">\n<li>550 euroa yrityksilt\u00e4, joiden liikevaihto on \u02c2 0,5 milj. euroa<\/li>\n\n\n\n<li>1 850 euroa yrityksilt\u00e4, joiden liikevaihto on \u2265 0,5 milj. euroa, mutta \u02c2 15 milj. euroa<\/li>\n\n\n\n<li>3 700 euroa yrityksilt\u00e4, joiden liikevaihto on \u2265 15 milj. euroa, mutta \u02c2 50 milj. euroa<\/li>\n\n\n\n<li>6 200 euroa yrityksilt\u00e4, joiden liikevaihto on \u2265 50 miljoonaa euroa<\/li>\n<\/ul>\n\n\n\n<ul class=\"wp-block-list\">\n<li>Lis\u00e4ksi SEA Europen j\u00e4senmaksu (3 400 euroa) lis\u00e4t\u00e4\u00e4n suurille j\u00e4senyrityksille, joiden merisektorin osuus liikevaihdosta on yli 50 miljoonaa euroa.<\/li>\n<\/ul>\n","protected":false},"excerpt":{"rendered":"<p>Meriteollisuus ry:n j\u00e4senmaksut vuonna 2026 Yhdistyksen j\u00e4senmaksu perustuu yrityksen viimeisimp\u00e4\u00e4n liikevaihtotietoon. Vuonna 2026 j\u00e4senmaksumme m\u00e4\u00e4r\u00e4ytyv\u00e4t seuraavasti:<\/p>\n","protected":false},"author":59,"featured_media":0,"parent":1146,"menu_order":2,"comment_status":"closed","ping_status":"closed","template":"","meta":{"_acf_changed":false,"_relevanssi_hide_post":"","_relevanssi_hide_content":"","_relevanssi_pin_for_all":"","_relevanssi_pin_keywords":"","_relevanssi_unpin_keywords":"","_relevanssi_related_keywords":"","_relevanssi_related_include_ids":"","_relevanssi_related_exclude_ids":"","_relevanssi_related_no_append":"","_relevanssi_related_not_related":"","_relevanssi_related_posts":"56,48,55,54,53,57","_relevanssi_noindex_reason":"","inline_featured_image":false,"footnotes":""},"class_list":["post-1149","page","type-page","status-publish","hentry"],"acf":[],"yoast_head":"<!-- This site is optimized with the Yoast SEO Premium plugin v27.1 (Yoast SEO v27.3) - https:\/\/yoast.com\/product\/yoast-seo-premium-wordpress\/ -->\n<title>J\u00e4senmaksut - Meriteollisuus ry<\/title>\n<meta name=\"robots\" content=\"index, follow, max-snippet:-1, max-image-preview:large, max-video-preview:-1\" \/>\n<link rel=\"canonical\" href=\"https:\/\/teknologiateollisuus.fi\/meriteollisuus\/jasenyys\/jasenmaksut\/\" \/>\n<meta property=\"og:locale\" content=\"fi_FI\" \/>\n<meta property=\"og:type\" content=\"article\" \/>\n<meta property=\"og:title\" content=\"J\u00e4senmaksut\" \/>\n<meta property=\"og:description\" content=\"Meriteollisuus ry:n j\u00e4senmaksut vuonna 2026 Yhdistyksen j\u00e4senmaksu perustuu yrityksen viimeisimp\u00e4\u00e4n liikevaihtotietoon. Vuonna 2026 j\u00e4senmaksumme m\u00e4\u00e4r\u00e4ytyv\u00e4t seuraavasti:\" \/>\n<meta property=\"og:url\" content=\"https:\/\/teknologiateollisuus.fi\/meriteollisuus\/jasenyys\/jasenmaksut\/\" \/>\n<meta property=\"og:site_name\" content=\"Meriteollisuus ry\" \/>\n<meta property=\"article:modified_time\" content=\"2026-01-05T09:12:07+00:00\" \/>\n<meta name=\"twitter:card\" content=\"summary_large_image\" \/>\n<meta name=\"twitter:label1\" content=\"Arvioitu lukuaika\" \/>\n\t<meta name=\"twitter:data1\" content=\"1 minuutti\" \/>\n<script type=\"application\/ld+json\" class=\"yoast-schema-graph\">{\"@context\":\"https:\\\/\\\/schema.org\",\"@graph\":[{\"@type\":\"WebPage\",\"@id\":\"https:\\\/\\\/teknologiateollisuus.fi\\\/meriteollisuus\\\/jasenyys\\\/jasenmaksut\\\/\",\"url\":\"https:\\\/\\\/teknologiateollisuus.fi\\\/meriteollisuus\\\/jasenyys\\\/jasenmaksut\\\/\",\"name\":\"J\u00e4senmaksut - Meriteollisuus ry\",\"isPartOf\":{\"@id\":\"https:\\\/\\\/teknologiateollisuus.fi\\\/meriteollisuus\\\/#website\"},\"datePublished\":\"2024-08-13T13:00:58+00:00\",\"dateModified\":\"2026-01-05T09:12:07+00:00\",\"breadcrumb\":{\"@id\":\"https:\\\/\\\/teknologiateollisuus.fi\\\/meriteollisuus\\\/jasenyys\\\/jasenmaksut\\\/#breadcrumb\"},\"inLanguage\":\"fi\",\"potentialAction\":[{\"@type\":\"ReadAction\",\"target\":[\"https:\\\/\\\/teknologiateollisuus.fi\\\/meriteollisuus\\\/jasenyys\\\/jasenmaksut\\\/\"]}]},{\"@type\":\"BreadcrumbList\",\"@id\":\"https:\\\/\\\/teknologiateollisuus.fi\\\/meriteollisuus\\\/jasenyys\\\/jasenmaksut\\\/#breadcrumb\",\"itemListElement\":[{\"@type\":\"ListItem\",\"position\":1,\"name\":\"Etusivu\",\"item\":\"https:\\\/\\\/teknologiateollisuus.fi\\\/meriteollisuus\\\/\"},{\"@type\":\"ListItem\",\"position\":2,\"name\":\"J\u00e4senyys\",\"item\":\"https:\\\/\\\/teknologiateollisuus.fi\\\/meriteollisuus\\\/jasenyys\\\/\"},{\"@type\":\"ListItem\",\"position\":3,\"name\":\"J\u00e4senmaksut\"}]},{\"@type\":\"WebSite\",\"@id\":\"https:\\\/\\\/teknologiateollisuus.fi\\\/meriteollisuus\\\/#website\",\"url\":\"https:\\\/\\\/teknologiateollisuus.fi\\\/meriteollisuus\\\/\",\"name\":\"Meriteollisuus ry\",\"description\":\"\",\"potentialAction\":[{\"@type\":\"SearchAction\",\"target\":{\"@type\":\"EntryPoint\",\"urlTemplate\":\"https:\\\/\\\/teknologiateollisuus.fi\\\/meriteollisuus\\\/?s={search_term_string}\"},\"query-input\":{\"@type\":\"PropertyValueSpecification\",\"valueRequired\":true,\"valueName\":\"search_term_string\"}}],\"inLanguage\":\"fi\"}]}<\/script>\n<!-- \/ Yoast SEO Premium plugin. -->","yoast_head_json":{"title":"J\u00e4senmaksut - Meriteollisuus ry","robots":{"index":"index","follow":"follow","max-snippet":"max-snippet:-1","max-image-preview":"max-image-preview:large","max-video-preview":"max-video-preview:-1"},"canonical":"https:\/\/teknologiateollisuus.fi\/meriteollisuus\/jasenyys\/jasenmaksut\/","og_locale":"fi_FI","og_type":"article","og_title":"J\u00e4senmaksut","og_description":"Meriteollisuus ry:n j\u00e4senmaksut vuonna 2026 Yhdistyksen j\u00e4senmaksu perustuu yrityksen viimeisimp\u00e4\u00e4n liikevaihtotietoon. Vuonna 2026 j\u00e4senmaksumme m\u00e4\u00e4r\u00e4ytyv\u00e4t seuraavasti:","og_url":"https:\/\/teknologiateollisuus.fi\/meriteollisuus\/jasenyys\/jasenmaksut\/","og_site_name":"Meriteollisuus ry","article_modified_time":"2026-01-05T09:12:07+00:00","twitter_card":"summary_large_image","twitter_misc":{"Arvioitu lukuaika":"1 minuutti"},"schema":{"@context":"https:\/\/schema.org","@graph":[{"@type":"WebPage","@id":"https:\/\/teknologiateollisuus.fi\/meriteollisuus\/jasenyys\/jasenmaksut\/","url":"https:\/\/teknologiateollisuus.fi\/meriteollisuus\/jasenyys\/jasenmaksut\/","name":"J\u00e4senmaksut - Meriteollisuus ry","isPartOf":{"@id":"https:\/\/teknologiateollisuus.fi\/meriteollisuus\/#website"},"datePublished":"2024-08-13T13:00:58+00:00","dateModified":"2026-01-05T09:12:07+00:00","breadcrumb":{"@id":"https:\/\/teknologiateollisuus.fi\/meriteollisuus\/jasenyys\/jasenmaksut\/#breadcrumb"},"inLanguage":"fi","potentialAction":[{"@type":"ReadAction","target":["https:\/\/teknologiateollisuus.fi\/meriteollisuus\/jasenyys\/jasenmaksut\/"]}]},{"@type":"BreadcrumbList","@id":"https:\/\/teknologiateollisuus.fi\/meriteollisuus\/jasenyys\/jasenmaksut\/#breadcrumb","itemListElement":[{"@type":"ListItem","position":1,"name":"Etusivu","item":"https:\/\/teknologiateollisuus.fi\/meriteollisuus\/"},{"@type":"ListItem","position":2,"name":"J\u00e4senyys","item":"https:\/\/teknologiateollisuus.fi\/meriteollisuus\/jasenyys\/"},{"@type":"ListItem","position":3,"name":"J\u00e4senmaksut"}]},{"@type":"WebSite","@id":"https:\/\/teknologiateollisuus.fi\/meriteollisuus\/#website","url":"https:\/\/teknologiateollisuus.fi\/meriteollisuus\/","name":"Meriteollisuus ry","description":"","potentialAction":[{"@type":"SearchAction","target":{"@type":"EntryPoint","urlTemplate":"https:\/\/teknologiateollisuus.fi\/meriteollisuus\/?s={search_term_string}"},"query-input":{"@type":"PropertyValueSpecification","valueRequired":true,"valueName":"search_term_string"}}],"inLanguage":"fi"}]}},"lang":"fi","translations":{"fi":1149},"pll_sync_post":[],"_links":{"self":[{"href":"https:\/\/teknologiateollisuus.fi\/meriteollisuus\/wp-json\/wp\/v2\/pages\/1149","targetHints":{"allow":["GET"]}}],"collection":[{"href":"https:\/\/teknologiateollisuus.fi\/meriteollisuus\/wp-json\/wp\/v2\/pages"}],"about":[{"href":"https:\/\/teknologiateollisuus.fi\/meriteollisuus\/wp-json\/wp\/v2\/types\/page"}],"author":[{"embeddable":true,"href":"https:\/\/teknologiateollisuus.fi\/meriteollisuus\/wp-json\/wp\/v2\/users\/59"}],"replies":[{"embeddable":true,"href":"https:\/\/teknologiateollisuus.fi\/meriteollisuus\/wp-json\/wp\/v2\/comments?post=1149"}],"version-history":[{"count":7,"href":"https:\/\/teknologiateollisuus.fi\/meriteollisuus\/wp-json\/wp\/v2\/pages\/1149\/revisions"}],"predecessor-version":[{"id":3301,"href":"https:\/\/teknologiateollisuus.fi\/meriteollisuus\/wp-json\/wp\/v2\/pages\/1149\/revisions\/3301"}],"up":[{"embeddable":true,"href":"https:\/\/teknologiateollisuus.fi\/meriteollisuus\/wp-json\/wp\/v2\/pages\/1146"}],"wp:attachment":[{"href":"https:\/\/teknologiateollisuus.fi\/meriteollisuus\/wp-json\/wp\/v2\/media?parent=1149"}],"curies":[{"name":"wp","href":"https:\/\/api.w.org\/{rel}","templated":true}]}}