{"id":1170,"date":"2024-08-16T13:32:40","date_gmt":"2024-08-16T10:32:40","guid":{"rendered":"https:\/\/meriteollisuus.teknologiateollisuus.fi\/?page_id=1170"},"modified":"2024-10-17T10:15:57","modified_gmt":"2024-10-17T07:15:57","slug":"jasensivusto","status":"publish","type":"page","link":"https:\/\/teknologiateollisuus.fi\/meriteollisuus\/jasenyys\/jasensivusto\/","title":{"rendered":"J\u00e4sensivusto"},"content":{"rendered":"\n<div class=\"em-block-hero hero-has-background-color has-background has-petrol-background-color has-image media-position-right \">\n\t<div class=\"em-block-hero__container\">\n\t\t<div class=\"em-block-hero__content\">\n\t\t\t<div class=\"yoast-breadcrumbs\"><span><span><a href=\"https:\/\/teknologiateollisuus.fi\/meriteollisuus\/\">Etusivu<\/a><\/span> <span class=\"separator\"><\/span> <span><a href=\"https:\/\/teknologiateollisuus.fi\/meriteollisuus\/jasenyys\/\">J\u00e4senyys<\/a><\/span> <span class=\"separator\"><\/span> <span class=\"breadcrumb_last\" aria-current=\"page\">J\u00e4sensivusto<\/span><\/span><\/div>\t\t\t\n<h1 class=\"wp-block-heading\" id=\"jasensivusto\">J\u00e4sensivusto<\/h1>\n\n<p>Meriteollisuus ry:n j\u00e4senten k\u00e4yt\u00f6ss\u00e4 on oma j\u00e4sensivusto<\/p>\n\t\t\t<div class=\"em-block-hero__modified-date\"> P\u00e4ivitetty 17.10.2024 klo 10:15<\/div>\t\t<\/div>\n\t\t\t\t\t<figure class=\"em-block-hero__image\">\n\t\t\t\t<img loading=\"lazy\" decoding=\"async\" width=\"1200\" height=\"703\" src=\"https:\/\/teknologiateollisuus.fi\/meriteollisuus\/wp-content\/uploads\/sites\/5\/2024\/10\/Jasensivusto-2.jpg\" class=\"attachment-hero size-hero\" alt=\"\" srcset=\"https:\/\/teknologiateollisuus.fi\/meriteollisuus\/wp-content\/uploads\/sites\/5\/2024\/10\/Jasensivusto-2.jpg 1200w, https:\/\/teknologiateollisuus.fi\/meriteollisuus\/wp-content\/uploads\/sites\/5\/2024\/10\/Jasensivusto-2-400x234.jpg 400w, https:\/\/teknologiateollisuus.fi\/meriteollisuus\/wp-content\/uploads\/sites\/5\/2024\/10\/Jasensivusto-2-968x567.jpg 968w, https:\/\/teknologiateollisuus.fi\/meriteollisuus\/wp-content\/uploads\/sites\/5\/2024\/10\/Jasensivusto-2-768x450.jpg 768w\" sizes=\"auto, (max-width: 1200px) 100vw, 1200px\" \/>\t\t\t<\/figure>\n\t\t\t<\/div>\n<\/div>\n\n\n\n<p>J\u00e4sensivustoltamme l\u00f6yd\u00e4t kootusti toimintaamme liittyvi\u00e4 materiaaleja, kuten:&nbsp;<\/p>\n\n\n\n<ul class=\"wp-block-list\">\n<li>ty\u00f6ryhmiemme kokousmateriaalit<\/li>\n\n\n\n<li>seminaariemme esitysmateriaalit<\/li>\n\n\n\n<li>antamamme lausunnot<\/li>\n\n\n\n<li>toimintasuunnitelmat ja toimintakertomuksemme<\/li>\n\n\n\n<li>muuta alaan liittyv\u00e4\u00e4 aineistoa sek\u00e4 tapahtumakalenterimme.<\/li>\n<\/ul>\n\n\n\n<h2 class=\"wp-block-heading\" id=\"kirjautuminen-jasensivustolle\">Kirjautuminen j\u00e4sensivustolle<\/h2>\n\n\n\n<p>Sivustolle kirjaudutaan omalla s\u00e4hk\u00f6postilla. Kirjautuminen edellytt\u00e4\u00e4, ett\u00e4 s\u00e4hk\u00f6postiosoite on tallennettu j\u00e4senrekisteriimme ja sille on my\u00f6nnetty kirjautumisoikeus. J\u00e4senyritystemme edustajat voivat pyyt\u00e4\u00e4 oikeuden lis\u00e4\u00e4mist\u00e4 olemalla yhteydess\u00e4 meriteollisuus(a)teknologiateollisuus.fi.&nbsp;<\/p>\n\n\n\n<p>Kun k\u00e4ytt\u00f6oikeutesi on lis\u00e4tty, saat kutsun j\u00e4sensivuston k\u00e4ytt\u00e4j\u00e4ksi osoitteesta invites(a)microsoft.com. K\u00e4ytt\u00f6oikeudet sivustolle astuvat voimaan n. 30 min kuluessa Microsoftin automaattis\u00e4hk\u00f6postiviestin saapumisesta.<\/p>\n\n\n\n<p>Lis\u00e4tietoja ja neuvoja kirjautumiseen saat osoitteesta meriteollisuus(a)teknologiateollisuus.fi. L\u00f6yd\u00e4t lis\u00e4tietoja tietojenk\u00e4sittelyst\u00e4 Meriteollisuus ry:ss\u00e4 <a href=\"https:\/\/teknologiateollisuus.fi\/tietosuojaseloste\/\"><mark class=\"has-inline-color has-petrol-color\">t\u00e4st\u00e4 linkist\u00e4<\/mark><\/a><mark class=\"has-inline-color has-petrol-color\">. <\/mark><\/p>\n\n\n\n<div class=\"wp-block-buttons is-layout-flex wp-block-buttons-is-layout-flex\">\n<div class=\"wp-block-button has-custom-width wp-block-button__width-50 icon-right is-style-fill\"><a class=\"wp-block-button__link wp-element-button\" href=\"https:\/\/teknologiateollisuus.sharepoint.com\/sites\/Meriteollisuusryjsensivusto\">Siirry j\u00e4sensivustolle<\/a><\/div>\n<\/div>\n","protected":false},"excerpt":{"rendered":"<p>J\u00e4sensivustoltamme l\u00f6yd\u00e4t kootusti toimintaamme liittyvi\u00e4 materiaaleja, kuten:&nbsp; Kirjautuminen j\u00e4sensivustolle Sivustolle kirjaudutaan omalla s\u00e4hk\u00f6postilla. Kirjautuminen edellytt\u00e4\u00e4, ett\u00e4 s\u00e4hk\u00f6postiosoite on tallennettu j\u00e4senrekisteriimme ja sille on my\u00f6nnetty kirjautumisoikeus. J\u00e4senyritystemme edustajat voivat pyyt\u00e4\u00e4 oikeuden lis\u00e4\u00e4mist\u00e4 olemalla yhteydess\u00e4 meriteollisuus(a)teknologiateollisuus.fi.&nbsp; Kun k\u00e4ytt\u00f6oikeutesi on lis\u00e4tty, saat kutsun j\u00e4sensivuston k\u00e4ytt\u00e4j\u00e4ksi osoitteesta invites(a)microsoft.com. K\u00e4ytt\u00f6oikeudet sivustolle astuvat voimaan n. 30 min kuluessa Microsoftin automaattis\u00e4hk\u00f6postiviestin saapumisesta. [&hellip;]<\/p>\n","protected":false},"author":49,"featured_media":0,"parent":1146,"menu_order":3,"comment_status":"closed","ping_status":"closed","template":"","meta":{"_acf_changed":false,"_relevanssi_hide_post":"","_relevanssi_hide_content":"","_relevanssi_pin_for_all":"","_relevanssi_pin_keywords":"","_relevanssi_unpin_keywords":"","_relevanssi_related_keywords":"","_relevanssi_related_include_ids":"","_relevanssi_related_exclude_ids":"","_relevanssi_related_no_append":"","_relevanssi_related_not_related":"","_relevanssi_related_posts":"55,57,56,53,54,48","_relevanssi_noindex_reason":"","inline_featured_image":false,"footnotes":""},"class_list":["post-1170","page","type-page","status-publish","hentry"],"acf":[],"yoast_head":"<!-- This site is optimized with the Yoast SEO Premium plugin v27.1 (Yoast SEO v27.3) - https:\/\/yoast.com\/product\/yoast-seo-premium-wordpress\/ -->\n<title>J\u00e4sensivusto - Meriteollisuus ry<\/title>\n<meta name=\"robots\" content=\"index, follow, max-snippet:-1, max-image-preview:large, max-video-preview:-1\" \/>\n<link rel=\"canonical\" href=\"https:\/\/teknologiateollisuus.fi\/meriteollisuus\/jasenyys\/jasensivusto\/\" \/>\n<meta property=\"og:locale\" content=\"fi_FI\" \/>\n<meta property=\"og:type\" content=\"article\" \/>\n<meta property=\"og:title\" content=\"J\u00e4sensivusto\" \/>\n<meta property=\"og:description\" content=\"J\u00e4sensivustoltamme l\u00f6yd\u00e4t kootusti toimintaamme liittyvi\u00e4 materiaaleja, kuten:&nbsp; Kirjautuminen j\u00e4sensivustolle Sivustolle kirjaudutaan omalla s\u00e4hk\u00f6postilla. Kirjautuminen edellytt\u00e4\u00e4, ett\u00e4 s\u00e4hk\u00f6postiosoite on tallennettu j\u00e4senrekisteriimme ja sille on my\u00f6nnetty kirjautumisoikeus. J\u00e4senyritystemme edustajat voivat pyyt\u00e4\u00e4 oikeuden lis\u00e4\u00e4mist\u00e4 olemalla yhteydess\u00e4 meriteollisuus(a)teknologiateollisuus.fi.&nbsp; Kun k\u00e4ytt\u00f6oikeutesi on lis\u00e4tty, saat kutsun j\u00e4sensivuston k\u00e4ytt\u00e4j\u00e4ksi osoitteesta invites(a)microsoft.com. K\u00e4ytt\u00f6oikeudet sivustolle astuvat voimaan n. 30 min kuluessa Microsoftin automaattis\u00e4hk\u00f6postiviestin saapumisesta. [&hellip;]\" \/>\n<meta property=\"og:url\" content=\"https:\/\/teknologiateollisuus.fi\/meriteollisuus\/jasenyys\/jasensivusto\/\" \/>\n<meta property=\"og:site_name\" content=\"Meriteollisuus ry\" \/>\n<meta property=\"article:modified_time\" content=\"2024-10-17T07:15:57+00:00\" \/>\n<meta name=\"twitter:card\" content=\"summary_large_image\" \/>\n<meta name=\"twitter:label1\" content=\"Arvioitu lukuaika\" \/>\n\t<meta name=\"twitter:data1\" content=\"1 minuutti\" \/>\n<script type=\"application\/ld+json\" class=\"yoast-schema-graph\">{\"@context\":\"https:\\\/\\\/schema.org\",\"@graph\":[{\"@type\":\"WebPage\",\"@id\":\"https:\\\/\\\/teknologiateollisuus.fi\\\/meriteollisuus\\\/jasenyys\\\/jasensivusto\\\/\",\"url\":\"https:\\\/\\\/teknologiateollisuus.fi\\\/meriteollisuus\\\/jasenyys\\\/jasensivusto\\\/\",\"name\":\"J\u00e4sensivusto - Meriteollisuus ry\",\"isPartOf\":{\"@id\":\"https:\\\/\\\/teknologiateollisuus.fi\\\/meriteollisuus\\\/#website\"},\"datePublished\":\"2024-08-16T10:32:40+00:00\",\"dateModified\":\"2024-10-17T07:15:57+00:00\",\"breadcrumb\":{\"@id\":\"https:\\\/\\\/teknologiateollisuus.fi\\\/meriteollisuus\\\/jasenyys\\\/jasensivusto\\\/#breadcrumb\"},\"inLanguage\":\"fi\",\"potentialAction\":[{\"@type\":\"ReadAction\",\"target\":[\"https:\\\/\\\/teknologiateollisuus.fi\\\/meriteollisuus\\\/jasenyys\\\/jasensivusto\\\/\"]}]},{\"@type\":\"BreadcrumbList\",\"@id\":\"https:\\\/\\\/teknologiateollisuus.fi\\\/meriteollisuus\\\/jasenyys\\\/jasensivusto\\\/#breadcrumb\",\"itemListElement\":[{\"@type\":\"ListItem\",\"position\":1,\"name\":\"Etusivu\",\"item\":\"https:\\\/\\\/teknologiateollisuus.fi\\\/meriteollisuus\\\/\"},{\"@type\":\"ListItem\",\"position\":2,\"name\":\"J\u00e4senyys\",\"item\":\"https:\\\/\\\/teknologiateollisuus.fi\\\/meriteollisuus\\\/jasenyys\\\/\"},{\"@type\":\"ListItem\",\"position\":3,\"name\":\"J\u00e4sensivusto\"}]},{\"@type\":\"WebSite\",\"@id\":\"https:\\\/\\\/teknologiateollisuus.fi\\\/meriteollisuus\\\/#website\",\"url\":\"https:\\\/\\\/teknologiateollisuus.fi\\\/meriteollisuus\\\/\",\"name\":\"Meriteollisuus ry\",\"description\":\"\",\"potentialAction\":[{\"@type\":\"SearchAction\",\"target\":{\"@type\":\"EntryPoint\",\"urlTemplate\":\"https:\\\/\\\/teknologiateollisuus.fi\\\/meriteollisuus\\\/?s={search_term_string}\"},\"query-input\":{\"@type\":\"PropertyValueSpecification\",\"valueRequired\":true,\"valueName\":\"search_term_string\"}}],\"inLanguage\":\"fi\"}]}<\/script>\n<!-- \/ Yoast SEO Premium plugin. -->","yoast_head_json":{"title":"J\u00e4sensivusto - Meriteollisuus ry","robots":{"index":"index","follow":"follow","max-snippet":"max-snippet:-1","max-image-preview":"max-image-preview:large","max-video-preview":"max-video-preview:-1"},"canonical":"https:\/\/teknologiateollisuus.fi\/meriteollisuus\/jasenyys\/jasensivusto\/","og_locale":"fi_FI","og_type":"article","og_title":"J\u00e4sensivusto","og_description":"J\u00e4sensivustoltamme l\u00f6yd\u00e4t kootusti toimintaamme liittyvi\u00e4 materiaaleja, kuten:&nbsp; Kirjautuminen j\u00e4sensivustolle Sivustolle kirjaudutaan omalla s\u00e4hk\u00f6postilla. Kirjautuminen edellytt\u00e4\u00e4, ett\u00e4 s\u00e4hk\u00f6postiosoite on tallennettu j\u00e4senrekisteriimme ja sille on my\u00f6nnetty kirjautumisoikeus. J\u00e4senyritystemme edustajat voivat pyyt\u00e4\u00e4 oikeuden lis\u00e4\u00e4mist\u00e4 olemalla yhteydess\u00e4 meriteollisuus(a)teknologiateollisuus.fi.&nbsp; Kun k\u00e4ytt\u00f6oikeutesi on lis\u00e4tty, saat kutsun j\u00e4sensivuston k\u00e4ytt\u00e4j\u00e4ksi osoitteesta invites(a)microsoft.com. K\u00e4ytt\u00f6oikeudet sivustolle astuvat voimaan n. 30 min kuluessa Microsoftin automaattis\u00e4hk\u00f6postiviestin saapumisesta. [&hellip;]","og_url":"https:\/\/teknologiateollisuus.fi\/meriteollisuus\/jasenyys\/jasensivusto\/","og_site_name":"Meriteollisuus ry","article_modified_time":"2024-10-17T07:15:57+00:00","twitter_card":"summary_large_image","twitter_misc":{"Arvioitu lukuaika":"1 minuutti"},"schema":{"@context":"https:\/\/schema.org","@graph":[{"@type":"WebPage","@id":"https:\/\/teknologiateollisuus.fi\/meriteollisuus\/jasenyys\/jasensivusto\/","url":"https:\/\/teknologiateollisuus.fi\/meriteollisuus\/jasenyys\/jasensivusto\/","name":"J\u00e4sensivusto - Meriteollisuus ry","isPartOf":{"@id":"https:\/\/teknologiateollisuus.fi\/meriteollisuus\/#website"},"datePublished":"2024-08-16T10:32:40+00:00","dateModified":"2024-10-17T07:15:57+00:00","breadcrumb":{"@id":"https:\/\/teknologiateollisuus.fi\/meriteollisuus\/jasenyys\/jasensivusto\/#breadcrumb"},"inLanguage":"fi","potentialAction":[{"@type":"ReadAction","target":["https:\/\/teknologiateollisuus.fi\/meriteollisuus\/jasenyys\/jasensivusto\/"]}]},{"@type":"BreadcrumbList","@id":"https:\/\/teknologiateollisuus.fi\/meriteollisuus\/jasenyys\/jasensivusto\/#breadcrumb","itemListElement":[{"@type":"ListItem","position":1,"name":"Etusivu","item":"https:\/\/teknologiateollisuus.fi\/meriteollisuus\/"},{"@type":"ListItem","position":2,"name":"J\u00e4senyys","item":"https:\/\/teknologiateollisuus.fi\/meriteollisuus\/jasenyys\/"},{"@type":"ListItem","position":3,"name":"J\u00e4sensivusto"}]},{"@type":"WebSite","@id":"https:\/\/teknologiateollisuus.fi\/meriteollisuus\/#website","url":"https:\/\/teknologiateollisuus.fi\/meriteollisuus\/","name":"Meriteollisuus ry","description":"","potentialAction":[{"@type":"SearchAction","target":{"@type":"EntryPoint","urlTemplate":"https:\/\/teknologiateollisuus.fi\/meriteollisuus\/?s={search_term_string}"},"query-input":{"@type":"PropertyValueSpecification","valueRequired":true,"valueName":"search_term_string"}}],"inLanguage":"fi"}]}},"lang":"fi","translations":{"fi":1170},"pll_sync_post":[],"_links":{"self":[{"href":"https:\/\/teknologiateollisuus.fi\/meriteollisuus\/wp-json\/wp\/v2\/pages\/1170","targetHints":{"allow":["GET"]}}],"collection":[{"href":"https:\/\/teknologiateollisuus.fi\/meriteollisuus\/wp-json\/wp\/v2\/pages"}],"about":[{"href":"https:\/\/teknologiateollisuus.fi\/meriteollisuus\/wp-json\/wp\/v2\/types\/page"}],"author":[{"embeddable":true,"href":"https:\/\/teknologiateollisuus.fi\/meriteollisuus\/wp-json\/wp\/v2\/users\/49"}],"replies":[{"embeddable":true,"href":"https:\/\/teknologiateollisuus.fi\/meriteollisuus\/wp-json\/wp\/v2\/comments?post=1170"}],"version-history":[{"count":11,"href":"https:\/\/teknologiateollisuus.fi\/meriteollisuus\/wp-json\/wp\/v2\/pages\/1170\/revisions"}],"predecessor-version":[{"id":1803,"href":"https:\/\/teknologiateollisuus.fi\/meriteollisuus\/wp-json\/wp\/v2\/pages\/1170\/revisions\/1803"}],"up":[{"embeddable":true,"href":"https:\/\/teknologiateollisuus.fi\/meriteollisuus\/wp-json\/wp\/v2\/pages\/1146"}],"wp:attachment":[{"href":"https:\/\/teknologiateollisuus.fi\/meriteollisuus\/wp-json\/wp\/v2\/media?parent=1170"}],"curies":[{"name":"wp","href":"https:\/\/api.w.org\/{rel}","templated":true}]}}