{"id":1174,"date":"2024-08-16T14:24:30","date_gmt":"2024-08-16T11:24:30","guid":{"rendered":"https:\/\/meriteollisuus.teknologiateollisuus.fi\/?page_id=1174"},"modified":"2025-12-31T09:39:29","modified_gmt":"2025-12-31T07:39:29","slug":"sea-europe","status":"publish","type":"page","link":"https:\/\/teknologiateollisuus.fi\/meriteollisuus\/meriteollisuus-uusi\/sea-europe\/","title":{"rendered":"SEA Europe"},"content":{"rendered":"\n<div class=\"em-block-hero hero-has-background-color has-background has-petrol-background-color has-image media-position-right \">\n\t<div class=\"em-block-hero__container\">\n\t\t<div class=\"em-block-hero__content\">\n\t\t\t<div class=\"yoast-breadcrumbs\"><span><span><a href=\"https:\/\/teknologiateollisuus.fi\/meriteollisuus\/\">Etusivu<\/a><\/span> <span class=\"separator\"><\/span> <span><a href=\"https:\/\/teknologiateollisuus.fi\/meriteollisuus\/meriteollisuus-uusi\/\">Toimiala<\/a><\/span> <span class=\"separator\"><\/span> <span class=\"breadcrumb_last\" aria-current=\"page\">SEA Europe<\/span><\/span><\/div>\t\t\t\n<h1 class=\"wp-block-heading\" id=\"h-sea-europe\">SEA Europe<\/h1>\n\n<p>SEA Europe edustaa Euroopan meriteollisuutta.<\/p>\n\t\t\t<div class=\"em-block-hero__modified-date\"> P\u00e4ivitetty 31.12.2025 klo 09:39<\/div>\t\t<\/div>\n\t\t\t\t\t<figure class=\"em-block-hero__image\">\n\t\t\t\t<img loading=\"lazy\" decoding=\"async\" width=\"1500\" height=\"1184\" src=\"https:\/\/teknologiateollisuus.fi\/meriteollisuus\/wp-content\/uploads\/sites\/5\/2024\/10\/SEA-Europe-uusi-logo-2021-valkoinen-2.jpg\" class=\"attachment-hero size-hero\" alt=\"\" srcset=\"https:\/\/teknologiateollisuus.fi\/meriteollisuus\/wp-content\/uploads\/sites\/5\/2024\/10\/SEA-Europe-uusi-logo-2021-valkoinen-2.jpg 1500w, https:\/\/teknologiateollisuus.fi\/meriteollisuus\/wp-content\/uploads\/sites\/5\/2024\/10\/SEA-Europe-uusi-logo-2021-valkoinen-2-400x316.jpg 400w, https:\/\/teknologiateollisuus.fi\/meriteollisuus\/wp-content\/uploads\/sites\/5\/2024\/10\/SEA-Europe-uusi-logo-2021-valkoinen-2-968x764.jpg 968w, https:\/\/teknologiateollisuus.fi\/meriteollisuus\/wp-content\/uploads\/sites\/5\/2024\/10\/SEA-Europe-uusi-logo-2021-valkoinen-2-768x606.jpg 768w, https:\/\/teknologiateollisuus.fi\/meriteollisuus\/wp-content\/uploads\/sites\/5\/2024\/10\/SEA-Europe-uusi-logo-2021-valkoinen-2-1300x1026.jpg 1300w, https:\/\/teknologiateollisuus.fi\/meriteollisuus\/wp-content\/uploads\/sites\/5\/2024\/10\/SEA-Europe-uusi-logo-2021-valkoinen-2-1440x1137.jpg 1440w\" sizes=\"auto, (max-width: 1500px) 100vw, 1500px\" \/>\t\t\t<\/figure>\n\t\t\t<\/div>\n<\/div>\n\n\n\n<p>European Ships and Maritime Equipment Association, lyhyemmin SEA Europe, on Euroopan maiden meriteollisuusyhdistysten edunvalvontaj\u00e4rjest\u00f6. SEA Europe edustaa eurooppalaisia yrityksi\u00e4, jotka rakentavat, huoltavat ja korjaavat aluksia sek\u00e4 tarjoavat laivoissa ja merell\u00e4 k\u00e4ytett\u00e4vi\u00e4 laitteita, j\u00e4rjestelmi\u00e4 ja palveluita. Meriteollisuus ry on SEA Europen j\u00e4sen.<\/p>\n\n\n\n<h3 class=\"wp-block-heading\" id=\"h-edunvalvonta\" id=\"edunvalvonta\">Edunvalvonta<\/h3>\n\n\n\n<p>SEA Europe keskittyy edunvalvonnassaan kahdeksaan alueeseen:<\/p>\n\n\n\n<ul class=\"wp-block-list\">\n<li>ty\u00f6llisyys ja osaaminen<\/li>\n\n\n\n<li>kauppapolitiikka<\/li>\n\n\n\n<li>rahoituksen kehitt\u00e4minen<\/li>\n\n\n\n<li>tutkimus- ja kehitystoiminta<\/li>\n\n\n\n<li>ymp\u00e4rist\u00f6asiat<\/li>\n\n\n\n<li>liikenne<\/li>\n\n\n\n<li>merenkulku<\/li>\n\n\n\n<li>puolustuspolitiikka.<\/li>\n<\/ul>\n\n\n\n<h3 class=\"wp-block-heading\" id=\"h-organisaatio\" id=\"organisaatio\">Organisaatio<\/h3>\n\n\n\n<p><strong>Yleiskokous <\/strong>on j\u00e4rjest\u00f6n korkein p\u00e4\u00e4tt\u00e4v\u00e4 elin. Kokoukseen osallistuvat jokaisen maan yhdistyksen edustajat sek\u00e4 j\u00e4senyritysten edustajia. Kokous nimitt\u00e4\u00e4 puheenjohtajan sek\u00e4 kuusi varapuheenjohtajaa kahdeksi vuodeksi kerrallaan.<\/p>\n\n\n\n<p><strong>Hallitus <\/strong>johtaa yhdistyst\u00e4. Hallitukseen kuuluu kaksi j\u00e4sent\u00e4 jokaisesta j\u00e4senyhdistyksest\u00e4.<\/p>\n\n\n\n<p><strong>Johtajien komitean<\/strong> muodostavat kansallisten j\u00e4senj\u00e4rjest\u00f6jen johtajat. Sen teht\u00e4v\u00e4n\u00e4 on yleiskokouksen alaisena tunnistaa j\u00e4rjest\u00f6\u00e4 kiinnostavat kehityssuunnat.<\/p>\n\n\n\n<p><strong>Sihteerist\u00f6 <\/strong>huolehtii yhdistyksen p\u00e4ivitt\u00e4isest\u00e4 ty\u00f6skentelyst\u00e4. Sit\u00e4 johtaa p\u00e4\u00e4sihteeri, joka yhteisty\u00f6ss\u00e4 puheenjohtajan ja varapuheenjohtajien kanssa toimeenpanee yhdistyksen strategiaa hallituksen ohjeiden mukaan.<\/p>\n\n\n\n<p><strong>Meriteollisuus ry:t\u00e4 SEA Europessa edustavat:<\/strong><\/p>\n\n\n\n<ul class=\"wp-block-list\">\n<li>hallituksessa Meriteollisuus ry:n hallituksen puheenjohtaja sek\u00e4 varapuheenjohtaja<\/li>\n\n\n\n<li>johtajien komiteassa Meriteollisuus ry:n toimitusjohtaja.<\/li>\n<\/ul>\n\n\n\n<h3 class=\"wp-block-heading\" id=\"h-tyoryhmat\" id=\"tyoryhmat\">Ty\u00f6ryhm\u00e4t<\/h3>\n\n\n\n<p>SEA Europessa toimii lukuisia ty\u00f6ryhmi\u00e4:<\/p>\n\n\n\n<ul class=\"wp-block-list\">\n<li>RDI-tutkimustoimikunta<\/li>\n\n\n\n<li>tekninen ja ymp\u00e4rist\u00f6komitea<\/li>\n\n\n\n<li>tekij\u00e4noikeusty\u00f6ryhm\u00e4<\/li>\n\n\n\n<li>markkinaseurantaty\u00f6ryhm\u00e4<\/li>\n\n\n\n<li>markkinoiden ennustamisen ty\u00f6ryhm\u00e4<\/li>\n\n\n\n<li>luokitusty\u00f6ryhm\u00e4<\/li>\n\n\n\n<li>osaamisen varmistamisen ty\u00f6ryhm\u00e4<\/li>\n\n\n\n<li>rahoitusty\u00f6ryhm\u00e4.<\/li>\n<\/ul>\n\n\n\n<div class=\"wp-block-buttons is-layout-flex wp-block-buttons-is-layout-flex\">\n<div class=\"wp-block-button  icon-right\"><a class=\"wp-block-button__link wp-element-button\" href=\"https:\/\/www.seaeurope.eu\/\">SEA Europen sivuille<\/a><\/div>\n<\/div>\n\n\n\n<p><\/p>\n","protected":false},"excerpt":{"rendered":"<p>European Ships and Maritime Equipment Association, lyhyemmin SEA Europe, on Euroopan maiden meriteollisuusyhdistysten edunvalvontaj\u00e4rjest\u00f6. SEA Europe edustaa eurooppalaisia yrityksi\u00e4, jotka rakentavat, huoltavat ja korjaavat aluksia sek\u00e4 tarjoavat laivoissa ja merell\u00e4 k\u00e4ytett\u00e4vi\u00e4 laitteita, j\u00e4rjestelmi\u00e4 ja palveluita. Meriteollisuus ry on SEA Europen j\u00e4sen. Edunvalvonta SEA Europe keskittyy edunvalvonnassaan kahdeksaan alueeseen: Organisaatio Yleiskokous on j\u00e4rjest\u00f6n korkein p\u00e4\u00e4tt\u00e4v\u00e4 elin. [&hellip;]<\/p>\n","protected":false},"author":59,"featured_media":25,"parent":1197,"menu_order":3,"comment_status":"closed","ping_status":"closed","template":"","meta":{"_acf_changed":false,"_relevanssi_hide_post":"","_relevanssi_hide_content":"","_relevanssi_pin_for_all":"","_relevanssi_pin_keywords":"","_relevanssi_unpin_keywords":"","_relevanssi_related_keywords":"","_relevanssi_related_include_ids":"","_relevanssi_related_exclude_ids":"","_relevanssi_related_no_append":"","_relevanssi_related_not_related":"","_relevanssi_related_posts":"1","_relevanssi_noindex_reason":"","inline_featured_image":false,"footnotes":""},"class_list":["post-1174","page","type-page","status-publish","has-post-thumbnail","hentry"],"acf":[],"yoast_head":"<!-- This site is optimized with the Yoast SEO Premium plugin v27.1 (Yoast SEO v27.3) - https:\/\/yoast.com\/product\/yoast-seo-premium-wordpress\/ -->\n<title>SEA Europe - Meriteollisuus ry<\/title>\n<meta name=\"robots\" content=\"index, follow, max-snippet:-1, max-image-preview:large, max-video-preview:-1\" \/>\n<link rel=\"canonical\" href=\"https:\/\/teknologiateollisuus.fi\/meriteollisuus\/meriteollisuus-uusi\/sea-europe\/\" \/>\n<meta property=\"og:locale\" content=\"fi_FI\" \/>\n<meta property=\"og:type\" content=\"article\" \/>\n<meta property=\"og:title\" content=\"SEA Europe\" \/>\n<meta property=\"og:description\" content=\"European Ships and Maritime Equipment Association, lyhyemmin SEA Europe, on Euroopan maiden meriteollisuusyhdistysten edunvalvontaj\u00e4rjest\u00f6. SEA Europe edustaa eurooppalaisia yrityksi\u00e4, jotka rakentavat, huoltavat ja korjaavat aluksia sek\u00e4 tarjoavat laivoissa ja merell\u00e4 k\u00e4ytett\u00e4vi\u00e4 laitteita, j\u00e4rjestelmi\u00e4 ja palveluita. Meriteollisuus ry on SEA Europen j\u00e4sen. Edunvalvonta SEA Europe keskittyy edunvalvonnassaan kahdeksaan alueeseen: Organisaatio Yleiskokous on j\u00e4rjest\u00f6n korkein p\u00e4\u00e4tt\u00e4v\u00e4 elin. [&hellip;]\" \/>\n<meta property=\"og:url\" content=\"https:\/\/teknologiateollisuus.fi\/meriteollisuus\/meriteollisuus-uusi\/sea-europe\/\" \/>\n<meta property=\"og:site_name\" content=\"Meriteollisuus ry\" \/>\n<meta property=\"article:modified_time\" content=\"2025-12-31T07:39:29+00:00\" \/>\n<meta property=\"og:image\" content=\"https:\/\/teknologiateollisuus.fi\/meriteollisuus\/wp-content\/uploads\/sites\/5\/2024\/06\/tekno-fallback.png\" \/>\n\t<meta property=\"og:image:width\" content=\"1300\" \/>\n\t<meta property=\"og:image:height\" content=\"975\" \/>\n\t<meta property=\"og:image:type\" content=\"image\/png\" \/>\n<meta name=\"twitter:card\" content=\"summary_large_image\" \/>\n<meta name=\"twitter:label1\" content=\"Arvioitu lukuaika\" \/>\n\t<meta name=\"twitter:data1\" content=\"2 minuuttia\" \/>\n<script type=\"application\/ld+json\" class=\"yoast-schema-graph\">{\"@context\":\"https:\\\/\\\/schema.org\",\"@graph\":[{\"@type\":\"WebPage\",\"@id\":\"https:\\\/\\\/teknologiateollisuus.fi\\\/meriteollisuus\\\/meriteollisuus-uusi\\\/sea-europe\\\/\",\"url\":\"https:\\\/\\\/teknologiateollisuus.fi\\\/meriteollisuus\\\/meriteollisuus-uusi\\\/sea-europe\\\/\",\"name\":\"SEA Europe - Meriteollisuus ry\",\"isPartOf\":{\"@id\":\"https:\\\/\\\/teknologiateollisuus.fi\\\/meriteollisuus\\\/#website\"},\"primaryImageOfPage\":{\"@id\":\"https:\\\/\\\/teknologiateollisuus.fi\\\/meriteollisuus\\\/meriteollisuus-uusi\\\/sea-europe\\\/#primaryimage\"},\"image\":{\"@id\":\"https:\\\/\\\/teknologiateollisuus.fi\\\/meriteollisuus\\\/meriteollisuus-uusi\\\/sea-europe\\\/#primaryimage\"},\"thumbnailUrl\":\"https:\\\/\\\/teknologiateollisuus.fi\\\/meriteollisuus\\\/wp-content\\\/uploads\\\/sites\\\/5\\\/2024\\\/06\\\/tekno-fallback.png\",\"datePublished\":\"2024-08-16T11:24:30+00:00\",\"dateModified\":\"2025-12-31T07:39:29+00:00\",\"breadcrumb\":{\"@id\":\"https:\\\/\\\/teknologiateollisuus.fi\\\/meriteollisuus\\\/meriteollisuus-uusi\\\/sea-europe\\\/#breadcrumb\"},\"inLanguage\":\"fi\",\"potentialAction\":[{\"@type\":\"ReadAction\",\"target\":[\"https:\\\/\\\/teknologiateollisuus.fi\\\/meriteollisuus\\\/meriteollisuus-uusi\\\/sea-europe\\\/\"]}]},{\"@type\":\"ImageObject\",\"inLanguage\":\"fi\",\"@id\":\"https:\\\/\\\/teknologiateollisuus.fi\\\/meriteollisuus\\\/meriteollisuus-uusi\\\/sea-europe\\\/#primaryimage\",\"url\":\"https:\\\/\\\/teknologiateollisuus.fi\\\/meriteollisuus\\\/wp-content\\\/uploads\\\/sites\\\/5\\\/2024\\\/06\\\/tekno-fallback.png\",\"contentUrl\":\"https:\\\/\\\/teknologiateollisuus.fi\\\/meriteollisuus\\\/wp-content\\\/uploads\\\/sites\\\/5\\\/2024\\\/06\\\/tekno-fallback.png\",\"width\":1300,\"height\":975},{\"@type\":\"BreadcrumbList\",\"@id\":\"https:\\\/\\\/teknologiateollisuus.fi\\\/meriteollisuus\\\/meriteollisuus-uusi\\\/sea-europe\\\/#breadcrumb\",\"itemListElement\":[{\"@type\":\"ListItem\",\"position\":1,\"name\":\"Etusivu\",\"item\":\"https:\\\/\\\/teknologiateollisuus.fi\\\/meriteollisuus\\\/\"},{\"@type\":\"ListItem\",\"position\":2,\"name\":\"Toimiala\",\"item\":\"https:\\\/\\\/teknologiateollisuus.fi\\\/meriteollisuus\\\/meriteollisuus-uusi\\\/\"},{\"@type\":\"ListItem\",\"position\":3,\"name\":\"SEA Europe\"}]},{\"@type\":\"WebSite\",\"@id\":\"https:\\\/\\\/teknologiateollisuus.fi\\\/meriteollisuus\\\/#website\",\"url\":\"https:\\\/\\\/teknologiateollisuus.fi\\\/meriteollisuus\\\/\",\"name\":\"Meriteollisuus ry\",\"description\":\"\",\"potentialAction\":[{\"@type\":\"SearchAction\",\"target\":{\"@type\":\"EntryPoint\",\"urlTemplate\":\"https:\\\/\\\/teknologiateollisuus.fi\\\/meriteollisuus\\\/?s={search_term_string}\"},\"query-input\":{\"@type\":\"PropertyValueSpecification\",\"valueRequired\":true,\"valueName\":\"search_term_string\"}}],\"inLanguage\":\"fi\"}]}<\/script>\n<!-- \/ Yoast SEO Premium plugin. -->","yoast_head_json":{"title":"SEA Europe - Meriteollisuus ry","robots":{"index":"index","follow":"follow","max-snippet":"max-snippet:-1","max-image-preview":"max-image-preview:large","max-video-preview":"max-video-preview:-1"},"canonical":"https:\/\/teknologiateollisuus.fi\/meriteollisuus\/meriteollisuus-uusi\/sea-europe\/","og_locale":"fi_FI","og_type":"article","og_title":"SEA Europe","og_description":"European Ships and Maritime Equipment Association, lyhyemmin SEA Europe, on Euroopan maiden meriteollisuusyhdistysten edunvalvontaj\u00e4rjest\u00f6. SEA Europe edustaa eurooppalaisia yrityksi\u00e4, jotka rakentavat, huoltavat ja korjaavat aluksia sek\u00e4 tarjoavat laivoissa ja merell\u00e4 k\u00e4ytett\u00e4vi\u00e4 laitteita, j\u00e4rjestelmi\u00e4 ja palveluita. Meriteollisuus ry on SEA Europen j\u00e4sen. Edunvalvonta SEA Europe keskittyy edunvalvonnassaan kahdeksaan alueeseen: Organisaatio Yleiskokous on j\u00e4rjest\u00f6n korkein p\u00e4\u00e4tt\u00e4v\u00e4 elin. [&hellip;]","og_url":"https:\/\/teknologiateollisuus.fi\/meriteollisuus\/meriteollisuus-uusi\/sea-europe\/","og_site_name":"Meriteollisuus ry","article_modified_time":"2025-12-31T07:39:29+00:00","og_image":[{"width":1300,"height":975,"url":"https:\/\/teknologiateollisuus.fi\/meriteollisuus\/wp-content\/uploads\/sites\/5\/2024\/06\/tekno-fallback.png","type":"image\/png"}],"twitter_card":"summary_large_image","twitter_misc":{"Arvioitu lukuaika":"2 minuuttia"},"schema":{"@context":"https:\/\/schema.org","@graph":[{"@type":"WebPage","@id":"https:\/\/teknologiateollisuus.fi\/meriteollisuus\/meriteollisuus-uusi\/sea-europe\/","url":"https:\/\/teknologiateollisuus.fi\/meriteollisuus\/meriteollisuus-uusi\/sea-europe\/","name":"SEA Europe - Meriteollisuus ry","isPartOf":{"@id":"https:\/\/teknologiateollisuus.fi\/meriteollisuus\/#website"},"primaryImageOfPage":{"@id":"https:\/\/teknologiateollisuus.fi\/meriteollisuus\/meriteollisuus-uusi\/sea-europe\/#primaryimage"},"image":{"@id":"https:\/\/teknologiateollisuus.fi\/meriteollisuus\/meriteollisuus-uusi\/sea-europe\/#primaryimage"},"thumbnailUrl":"https:\/\/teknologiateollisuus.fi\/meriteollisuus\/wp-content\/uploads\/sites\/5\/2024\/06\/tekno-fallback.png","datePublished":"2024-08-16T11:24:30+00:00","dateModified":"2025-12-31T07:39:29+00:00","breadcrumb":{"@id":"https:\/\/teknologiateollisuus.fi\/meriteollisuus\/meriteollisuus-uusi\/sea-europe\/#breadcrumb"},"inLanguage":"fi","potentialAction":[{"@type":"ReadAction","target":["https:\/\/teknologiateollisuus.fi\/meriteollisuus\/meriteollisuus-uusi\/sea-europe\/"]}]},{"@type":"ImageObject","inLanguage":"fi","@id":"https:\/\/teknologiateollisuus.fi\/meriteollisuus\/meriteollisuus-uusi\/sea-europe\/#primaryimage","url":"https:\/\/teknologiateollisuus.fi\/meriteollisuus\/wp-content\/uploads\/sites\/5\/2024\/06\/tekno-fallback.png","contentUrl":"https:\/\/teknologiateollisuus.fi\/meriteollisuus\/wp-content\/uploads\/sites\/5\/2024\/06\/tekno-fallback.png","width":1300,"height":975},{"@type":"BreadcrumbList","@id":"https:\/\/teknologiateollisuus.fi\/meriteollisuus\/meriteollisuus-uusi\/sea-europe\/#breadcrumb","itemListElement":[{"@type":"ListItem","position":1,"name":"Etusivu","item":"https:\/\/teknologiateollisuus.fi\/meriteollisuus\/"},{"@type":"ListItem","position":2,"name":"Toimiala","item":"https:\/\/teknologiateollisuus.fi\/meriteollisuus\/meriteollisuus-uusi\/"},{"@type":"ListItem","position":3,"name":"SEA Europe"}]},{"@type":"WebSite","@id":"https:\/\/teknologiateollisuus.fi\/meriteollisuus\/#website","url":"https:\/\/teknologiateollisuus.fi\/meriteollisuus\/","name":"Meriteollisuus ry","description":"","potentialAction":[{"@type":"SearchAction","target":{"@type":"EntryPoint","urlTemplate":"https:\/\/teknologiateollisuus.fi\/meriteollisuus\/?s={search_term_string}"},"query-input":{"@type":"PropertyValueSpecification","valueRequired":true,"valueName":"search_term_string"}}],"inLanguage":"fi"}]}},"lang":"fi","translations":{"fi":1174},"pll_sync_post":[],"_links":{"self":[{"href":"https:\/\/teknologiateollisuus.fi\/meriteollisuus\/wp-json\/wp\/v2\/pages\/1174","targetHints":{"allow":["GET"]}}],"collection":[{"href":"https:\/\/teknologiateollisuus.fi\/meriteollisuus\/wp-json\/wp\/v2\/pages"}],"about":[{"href":"https:\/\/teknologiateollisuus.fi\/meriteollisuus\/wp-json\/wp\/v2\/types\/page"}],"author":[{"embeddable":true,"href":"https:\/\/teknologiateollisuus.fi\/meriteollisuus\/wp-json\/wp\/v2\/users\/59"}],"replies":[{"embeddable":true,"href":"https:\/\/teknologiateollisuus.fi\/meriteollisuus\/wp-json\/wp\/v2\/comments?post=1174"}],"version-history":[{"count":11,"href":"https:\/\/teknologiateollisuus.fi\/meriteollisuus\/wp-json\/wp\/v2\/pages\/1174\/revisions"}],"predecessor-version":[{"id":3265,"href":"https:\/\/teknologiateollisuus.fi\/meriteollisuus\/wp-json\/wp\/v2\/pages\/1174\/revisions\/3265"}],"up":[{"embeddable":true,"href":"https:\/\/teknologiateollisuus.fi\/meriteollisuus\/wp-json\/wp\/v2\/pages\/1197"}],"wp:featuredmedia":[{"embeddable":true,"href":"https:\/\/teknologiateollisuus.fi\/meriteollisuus\/wp-json\/wp\/v2\/media\/25"}],"wp:attachment":[{"href":"https:\/\/teknologiateollisuus.fi\/meriteollisuus\/wp-json\/wp\/v2\/media?parent=1174"}],"curies":[{"name":"wp","href":"https:\/\/api.w.org\/{rel}","templated":true}]}}