{"id":1197,"date":"2024-08-16T14:23:10","date_gmt":"2024-08-16T11:23:10","guid":{"rendered":"https:\/\/meriteollisuus.teknologiateollisuus.fi\/?page_id=1197"},"modified":"2025-04-11T14:39:14","modified_gmt":"2025-04-11T11:39:14","slug":"meriteollisuus-uusi","status":"publish","type":"page","link":"https:\/\/teknologiateollisuus.fi\/meriteollisuus\/meriteollisuus-uusi\/","title":{"rendered":"Toimiala"},"content":{"rendered":"\n<div class=\"em-block-hero hero-has-background-color has-background has-petrol-background-color has-image media-position-right \">\n\t<div class=\"em-block-hero__container\">\n\t\t<div class=\"em-block-hero__content\">\n\t\t\t<div class=\"yoast-breadcrumbs\"><span><span><a href=\"https:\/\/teknologiateollisuus.fi\/meriteollisuus\/\">Etusivu<\/a><\/span> <span class=\"separator\"><\/span> <span class=\"breadcrumb_last\" aria-current=\"page\">Toimiala<\/span><\/span><\/div>\t\t\t\n<h1 class=\"wp-block-heading\" id=\"h-suomen-meriteollisuus-on-monipuolinen-kokonaisuus\">Suomen meriteollisuus on monipuolinen kokonaisuus<\/h1>\n\n<p><\/p>\n\t\t\t<div class=\"em-block-hero__modified-date\"> P\u00e4ivitetty 11.04.2025 klo 14:39<\/div>\t\t<\/div>\n\t\t\t\t\t<figure class=\"em-block-hero__image\">\n\t\t\t\t<img loading=\"lazy\" decoding=\"async\" width=\"1996\" height=\"1241\" src=\"https:\/\/teknologiateollisuus.fi\/meriteollisuus\/wp-content\/uploads\/sites\/5\/2024\/10\/PolarisLOW2.jpg\" class=\"attachment-hero size-hero\" alt=\"\" srcset=\"https:\/\/teknologiateollisuus.fi\/meriteollisuus\/wp-content\/uploads\/sites\/5\/2024\/10\/PolarisLOW2.jpg 1996w, https:\/\/teknologiateollisuus.fi\/meriteollisuus\/wp-content\/uploads\/sites\/5\/2024\/10\/PolarisLOW2-400x249.jpg 400w, https:\/\/teknologiateollisuus.fi\/meriteollisuus\/wp-content\/uploads\/sites\/5\/2024\/10\/PolarisLOW2-968x602.jpg 968w, https:\/\/teknologiateollisuus.fi\/meriteollisuus\/wp-content\/uploads\/sites\/5\/2024\/10\/PolarisLOW2-768x477.jpg 768w, https:\/\/teknologiateollisuus.fi\/meriteollisuus\/wp-content\/uploads\/sites\/5\/2024\/10\/PolarisLOW2-1536x955.jpg 1536w, https:\/\/teknologiateollisuus.fi\/meriteollisuus\/wp-content\/uploads\/sites\/5\/2024\/10\/PolarisLOW2-1300x808.jpg 1300w, https:\/\/teknologiateollisuus.fi\/meriteollisuus\/wp-content\/uploads\/sites\/5\/2024\/10\/PolarisLOW2-1440x895.jpg 1440w\" sizes=\"auto, (max-width: 1996px) 100vw, 1996px\" \/>\t\t\t<\/figure>\n\t\t\t<\/div>\n<\/div>\n\n\n\n<p>Suomen meriteollisuus muodostuu meriteknisen alan laitevalmistajista, kokonaistoimittajista, suunnittelutoimistoista, ohjelmisto- ja j\u00e4rjestelm\u00e4toimittajista sek\u00e4 laivanrakennus-, korjaus- ja offshore-telakoista.<\/p>\n\n\n\n<p><strong>Meriteollisuuden tunnusluvut (vuoden 2023 tiedon mukaan):<\/strong><\/p>\n\n\n\n<ul class=\"wp-block-list\">\n<li>n. 1 200 yrityst\u00e4 toimii alalla<\/li>\n\n\n\n<li>ty\u00f6llist\u00e4\u00e4 n. 30 500 henkil\u00f6\u00e4<\/li>\n\n\n\n<li>liikevaihto n. 12 miljardia euroa<\/li>\n\n\n\n<li>viennin osuus tyypillisesti yli 90 prosenttia<\/li>\n<\/ul>\n\n\n\n<h3 class=\"wp-block-heading\" id=\"h-telakat-ja-korjaustelakat\" id=\"telakat-ja-korjaustelakat\">Telakat ja korjaustelakat<\/h3>\n\n\n\n<p>Vuonna 2022 Suomessa on kymmenen telakkaa: Meyer Turku, Helsinki Shipyard, Enersense Offshore Oy, Rauma Marine Constructions, Turun Korjaustelakka, Uudenkaupungin Ty\u00f6vene, Western Shipyard, Laitaatsillan telakka, Suomenlahden telakka sek\u00e4 Suomenlinnan telakka. Valtaosa telakoista on uudisrakennustelakoita. Ainoastaan Turun Korjaustelakka keskittyy pelk\u00e4st\u00e4\u00e4n alusten korjauksiin.<\/p>\n\n\n\n<h3 class=\"wp-block-heading\" id=\"h-kokonaistoimittajat\" id=\"kokonaistoimittajat\">Kokonaistoimittajat<\/h3>\n\n\n\n<p>Kokonaistoimittajat valmistavat nimens\u00e4 mukaisesti kokonaistoimituksina laivan eri alueita, kuten esimerkiksi ravintoloita, kylpyl\u00f6it\u00e4 ja teattereita. Kokonaistoimittajiin lukeutuvien yritysten m\u00e4\u00e4r\u00e4\u00e4 on vaikea laskea, sill\u00e4 osa yrityksist\u00e4 voidaan luokitella my\u00f6s j\u00e4rjestelm\u00e4- ja laitetoimittajiin. Kokonaistoimittajien ero alihankintayrityksiin on hiuksenhieno, ja se riippuu sopimustekniikasta.<\/p>\n\n\n\n<h3 class=\"wp-block-heading\" id=\"h-suunnittelutoimistot-ja-ohjelmistojen-tuottajat\" id=\"suunnittelutoimistot-ja-ohjelmistojen-tuottajat\">Suunnittelutoimistot ja ohjelmistojen tuottajat<\/h3>\n\n\n\n<p>Suunnittelu- ja konsulttitoimistoja on Suomessa yhteens\u00e4 viitisenkymment\u00e4, joista suuria, yli sadan hengen toimistoja on muutama, kuten Elomatic ja Deltamarin. Vain muutama toimisto keskittyy yksinomaan meriteollisuuteen, sill\u00e4 valtaosa myy resurssejaan my\u00f6s muille liiketoimintasektoreille. Esimerkiksi NAPA on globaali, yli sata henke\u00e4 Suomessakin ty\u00f6llist\u00e4v\u00e4 meritekniikan ohjelmisto- ja palvelutalo. Muista ohjelmistotoimittajista voidaan mainita Cadmatic.<\/p>\n\n\n\n<h3 class=\"wp-block-heading\" id=\"h-jarjestelma-eli-laitetoimittajat\" id=\"jarjestelma-eli-laitetoimittajat\">J\u00e4rjestelm\u00e4- eli laitetoimittajat<\/h3>\n\n\n\n<p>J\u00e4rjestelm\u00e4- ja laitetoimittajien merkitys on meriteollisuudessa suuri, sill\u00e4 kategorian yritysten liikevaihdon osuus meriteollisuuden liikevaihdosta on suuri. Alan suurehkoja yrityksi\u00e4 lasketaan olevan Suomessa noin viitisenkymment\u00e4. Merkitt\u00e4vi\u00e4 toimijoita ovat mm. ABB Oy, Alfa Laval Aalborg Oy, Evac Oy, Helkama Bica Oy, Koja Oy, KONE, Marioff Corporation Oy, Metos Oy ja W\u00e4rtsil\u00e4 Oyj.<\/p>\n\n\n\n<h3 class=\"wp-block-heading\" id=\"h-offshore\" id=\"offshore\">Offshore<\/h3>\n\n\n\n<p>Offshore-toimiala k\u00e4sitt\u00e4\u00e4 \u00f6ljyn ja kaasun etsinn\u00e4n ja tuotannon merenpohjasta sek\u00e4 t\u00e4t\u00e4 tukevan liiketoiminnan. Usein my\u00f6s muunlainen tuotanto ja tukitoiminnot merell\u00e4 luetaan offshore-toiminnaksi; esimerkkein\u00e4 merituuli- ja aaltovoima sek\u00e4 merell\u00e4 tapahtuva kaivostoiminta.<\/p>\n\n\n\n<div class=\"wp-block-evermade-accordion em-block-accordion js-accordion-group\">\n<div class=\"wp-block-evermade-accordion-item em-block-accordion-item js-accordion-item\"><h6 class=\"em-block-accordion-item__title-wrapper\"><button class=\"em-block-accordion-item__title js-accordion-controller\">Lue lis\u00e4\u00e4<\/button><\/h6><div id=\"accordion-item-content-0\" class=\"em-block-accordion-item__content js-accordion-content\">\n<p><a href=\"https:\/\/teknologiateollisuus.fi\/meriteollisuus\/wp-content\/uploads\/sites\/5\/2024\/10\/Suomen-meriklusterin-taloudelliset-tunnusluvut-2020.pdf\">Meriklusterin tunnusluvut 2020 -selvitys<\/a><\/p>\n\n\n\n<p><a href=\"https:\/\/teknologiateollisuus.fi\/meriteollisuus\/wp-content\/uploads\/sites\/5\/2024\/10\/TEM-Suomen-meriklusteri-kohti-2020-lukua.pdf\">Suomen Meriklusteri kohti 2020-lukua -selvitys<\/a><\/p>\n\n\n\n<p><a href=\"http:\/\/finnishmaritimecluster.fi\/\">Suomen Meriklusterin nettisivut<\/a><\/p>\n<\/div><\/div>\n<\/div>\n","protected":false},"excerpt":{"rendered":"<p>Suomen meriteollisuus muodostuu meriteknisen alan laitevalmistajista, kokonaistoimittajista, suunnittelutoimistoista, ohjelmisto- ja j\u00e4rjestelm\u00e4toimittajista sek\u00e4 laivanrakennus-, korjaus- ja offshore-telakoista. Meriteollisuuden tunnusluvut (vuoden 2023 tiedon mukaan): Telakat ja korjaustelakat Vuonna 2022 Suomessa on kymmenen telakkaa: Meyer Turku, Helsinki Shipyard, Enersense Offshore Oy, Rauma Marine Constructions, Turun Korjaustelakka, Uudenkaupungin Ty\u00f6vene, Western Shipyard, Laitaatsillan telakka, Suomenlahden telakka sek\u00e4 Suomenlinnan telakka. Valtaosa [&hellip;]<\/p>\n","protected":false},"author":59,"featured_media":25,"parent":0,"menu_order":0,"comment_status":"closed","ping_status":"closed","template":"","meta":{"_acf_changed":false,"_relevanssi_hide_post":"","_relevanssi_hide_content":"","_relevanssi_pin_for_all":"","_relevanssi_pin_keywords":"","_relevanssi_unpin_keywords":"","_relevanssi_related_keywords":"","_relevanssi_related_include_ids":"","_relevanssi_related_exclude_ids":"","_relevanssi_related_no_append":"","_relevanssi_related_not_related":"","_relevanssi_related_posts":"1","_relevanssi_noindex_reason":"","inline_featured_image":false,"footnotes":""},"class_list":["post-1197","page","type-page","status-publish","has-post-thumbnail","hentry"],"acf":[],"yoast_head":"<!-- This site is optimized with the Yoast SEO Premium plugin v27.1 (Yoast SEO v27.3) - https:\/\/yoast.com\/product\/yoast-seo-premium-wordpress\/ -->\n<title>Toimiala - Meriteollisuus ry<\/title>\n<meta name=\"robots\" content=\"index, follow, max-snippet:-1, max-image-preview:large, max-video-preview:-1\" \/>\n<link rel=\"canonical\" href=\"https:\/\/teknologiateollisuus.fi\/meriteollisuus\/meriteollisuus-uusi\/\" \/>\n<meta property=\"og:locale\" content=\"fi_FI\" \/>\n<meta property=\"og:type\" content=\"article\" \/>\n<meta property=\"og:title\" content=\"Toimiala\" \/>\n<meta property=\"og:description\" content=\"Suomen meriteollisuus muodostuu meriteknisen alan laitevalmistajista, kokonaistoimittajista, suunnittelutoimistoista, ohjelmisto- ja j\u00e4rjestelm\u00e4toimittajista sek\u00e4 laivanrakennus-, korjaus- ja offshore-telakoista. Meriteollisuuden tunnusluvut (vuoden 2023 tiedon mukaan): Telakat ja korjaustelakat Vuonna 2022 Suomessa on kymmenen telakkaa: Meyer Turku, Helsinki Shipyard, Enersense Offshore Oy, Rauma Marine Constructions, Turun Korjaustelakka, Uudenkaupungin Ty\u00f6vene, Western Shipyard, Laitaatsillan telakka, Suomenlahden telakka sek\u00e4 Suomenlinnan telakka. Valtaosa [&hellip;]\" \/>\n<meta property=\"og:url\" content=\"https:\/\/teknologiateollisuus.fi\/meriteollisuus\/meriteollisuus-uusi\/\" \/>\n<meta property=\"og:site_name\" content=\"Meriteollisuus ry\" \/>\n<meta property=\"article:modified_time\" content=\"2025-04-11T11:39:14+00:00\" \/>\n<meta property=\"og:image\" content=\"https:\/\/teknologiateollisuus.fi\/meriteollisuus\/wp-content\/uploads\/sites\/5\/2024\/06\/tekno-fallback.png\" \/>\n\t<meta property=\"og:image:width\" content=\"1300\" \/>\n\t<meta property=\"og:image:height\" content=\"975\" \/>\n\t<meta property=\"og:image:type\" content=\"image\/png\" \/>\n<meta name=\"twitter:card\" content=\"summary_large_image\" \/>\n<meta name=\"twitter:label1\" content=\"Arvioitu lukuaika\" \/>\n\t<meta name=\"twitter:data1\" content=\"2 minuuttia\" \/>\n<script type=\"application\/ld+json\" class=\"yoast-schema-graph\">{\"@context\":\"https:\\\/\\\/schema.org\",\"@graph\":[{\"@type\":\"WebPage\",\"@id\":\"https:\\\/\\\/teknologiateollisuus.fi\\\/meriteollisuus\\\/meriteollisuus-uusi\\\/\",\"url\":\"https:\\\/\\\/teknologiateollisuus.fi\\\/meriteollisuus\\\/meriteollisuus-uusi\\\/\",\"name\":\"Toimiala - Meriteollisuus ry\",\"isPartOf\":{\"@id\":\"https:\\\/\\\/teknologiateollisuus.fi\\\/meriteollisuus\\\/#website\"},\"primaryImageOfPage\":{\"@id\":\"https:\\\/\\\/teknologiateollisuus.fi\\\/meriteollisuus\\\/meriteollisuus-uusi\\\/#primaryimage\"},\"image\":{\"@id\":\"https:\\\/\\\/teknologiateollisuus.fi\\\/meriteollisuus\\\/meriteollisuus-uusi\\\/#primaryimage\"},\"thumbnailUrl\":\"https:\\\/\\\/teknologiateollisuus.fi\\\/meriteollisuus\\\/wp-content\\\/uploads\\\/sites\\\/5\\\/2024\\\/06\\\/tekno-fallback.png\",\"datePublished\":\"2024-08-16T11:23:10+00:00\",\"dateModified\":\"2025-04-11T11:39:14+00:00\",\"breadcrumb\":{\"@id\":\"https:\\\/\\\/teknologiateollisuus.fi\\\/meriteollisuus\\\/meriteollisuus-uusi\\\/#breadcrumb\"},\"inLanguage\":\"fi\",\"potentialAction\":[{\"@type\":\"ReadAction\",\"target\":[\"https:\\\/\\\/teknologiateollisuus.fi\\\/meriteollisuus\\\/meriteollisuus-uusi\\\/\"]}]},{\"@type\":\"ImageObject\",\"inLanguage\":\"fi\",\"@id\":\"https:\\\/\\\/teknologiateollisuus.fi\\\/meriteollisuus\\\/meriteollisuus-uusi\\\/#primaryimage\",\"url\":\"https:\\\/\\\/teknologiateollisuus.fi\\\/meriteollisuus\\\/wp-content\\\/uploads\\\/sites\\\/5\\\/2024\\\/06\\\/tekno-fallback.png\",\"contentUrl\":\"https:\\\/\\\/teknologiateollisuus.fi\\\/meriteollisuus\\\/wp-content\\\/uploads\\\/sites\\\/5\\\/2024\\\/06\\\/tekno-fallback.png\",\"width\":1300,\"height\":975},{\"@type\":\"BreadcrumbList\",\"@id\":\"https:\\\/\\\/teknologiateollisuus.fi\\\/meriteollisuus\\\/meriteollisuus-uusi\\\/#breadcrumb\",\"itemListElement\":[{\"@type\":\"ListItem\",\"position\":1,\"name\":\"Etusivu\",\"item\":\"https:\\\/\\\/teknologiateollisuus.fi\\\/meriteollisuus\\\/\"},{\"@type\":\"ListItem\",\"position\":2,\"name\":\"Toimiala\"}]},{\"@type\":\"WebSite\",\"@id\":\"https:\\\/\\\/teknologiateollisuus.fi\\\/meriteollisuus\\\/#website\",\"url\":\"https:\\\/\\\/teknologiateollisuus.fi\\\/meriteollisuus\\\/\",\"name\":\"Meriteollisuus ry\",\"description\":\"\",\"potentialAction\":[{\"@type\":\"SearchAction\",\"target\":{\"@type\":\"EntryPoint\",\"urlTemplate\":\"https:\\\/\\\/teknologiateollisuus.fi\\\/meriteollisuus\\\/?s={search_term_string}\"},\"query-input\":{\"@type\":\"PropertyValueSpecification\",\"valueRequired\":true,\"valueName\":\"search_term_string\"}}],\"inLanguage\":\"fi\"}]}<\/script>\n<!-- \/ Yoast SEO Premium plugin. -->","yoast_head_json":{"title":"Toimiala - Meriteollisuus ry","robots":{"index":"index","follow":"follow","max-snippet":"max-snippet:-1","max-image-preview":"max-image-preview:large","max-video-preview":"max-video-preview:-1"},"canonical":"https:\/\/teknologiateollisuus.fi\/meriteollisuus\/meriteollisuus-uusi\/","og_locale":"fi_FI","og_type":"article","og_title":"Toimiala","og_description":"Suomen meriteollisuus muodostuu meriteknisen alan laitevalmistajista, kokonaistoimittajista, suunnittelutoimistoista, ohjelmisto- ja j\u00e4rjestelm\u00e4toimittajista sek\u00e4 laivanrakennus-, korjaus- ja offshore-telakoista. Meriteollisuuden tunnusluvut (vuoden 2023 tiedon mukaan): Telakat ja korjaustelakat Vuonna 2022 Suomessa on kymmenen telakkaa: Meyer Turku, Helsinki Shipyard, Enersense Offshore Oy, Rauma Marine Constructions, Turun Korjaustelakka, Uudenkaupungin Ty\u00f6vene, Western Shipyard, Laitaatsillan telakka, Suomenlahden telakka sek\u00e4 Suomenlinnan telakka. Valtaosa [&hellip;]","og_url":"https:\/\/teknologiateollisuus.fi\/meriteollisuus\/meriteollisuus-uusi\/","og_site_name":"Meriteollisuus ry","article_modified_time":"2025-04-11T11:39:14+00:00","og_image":[{"width":1300,"height":975,"url":"https:\/\/teknologiateollisuus.fi\/meriteollisuus\/wp-content\/uploads\/sites\/5\/2024\/06\/tekno-fallback.png","type":"image\/png"}],"twitter_card":"summary_large_image","twitter_misc":{"Arvioitu lukuaika":"2 minuuttia"},"schema":{"@context":"https:\/\/schema.org","@graph":[{"@type":"WebPage","@id":"https:\/\/teknologiateollisuus.fi\/meriteollisuus\/meriteollisuus-uusi\/","url":"https:\/\/teknologiateollisuus.fi\/meriteollisuus\/meriteollisuus-uusi\/","name":"Toimiala - Meriteollisuus ry","isPartOf":{"@id":"https:\/\/teknologiateollisuus.fi\/meriteollisuus\/#website"},"primaryImageOfPage":{"@id":"https:\/\/teknologiateollisuus.fi\/meriteollisuus\/meriteollisuus-uusi\/#primaryimage"},"image":{"@id":"https:\/\/teknologiateollisuus.fi\/meriteollisuus\/meriteollisuus-uusi\/#primaryimage"},"thumbnailUrl":"https:\/\/teknologiateollisuus.fi\/meriteollisuus\/wp-content\/uploads\/sites\/5\/2024\/06\/tekno-fallback.png","datePublished":"2024-08-16T11:23:10+00:00","dateModified":"2025-04-11T11:39:14+00:00","breadcrumb":{"@id":"https:\/\/teknologiateollisuus.fi\/meriteollisuus\/meriteollisuus-uusi\/#breadcrumb"},"inLanguage":"fi","potentialAction":[{"@type":"ReadAction","target":["https:\/\/teknologiateollisuus.fi\/meriteollisuus\/meriteollisuus-uusi\/"]}]},{"@type":"ImageObject","inLanguage":"fi","@id":"https:\/\/teknologiateollisuus.fi\/meriteollisuus\/meriteollisuus-uusi\/#primaryimage","url":"https:\/\/teknologiateollisuus.fi\/meriteollisuus\/wp-content\/uploads\/sites\/5\/2024\/06\/tekno-fallback.png","contentUrl":"https:\/\/teknologiateollisuus.fi\/meriteollisuus\/wp-content\/uploads\/sites\/5\/2024\/06\/tekno-fallback.png","width":1300,"height":975},{"@type":"BreadcrumbList","@id":"https:\/\/teknologiateollisuus.fi\/meriteollisuus\/meriteollisuus-uusi\/#breadcrumb","itemListElement":[{"@type":"ListItem","position":1,"name":"Etusivu","item":"https:\/\/teknologiateollisuus.fi\/meriteollisuus\/"},{"@type":"ListItem","position":2,"name":"Toimiala"}]},{"@type":"WebSite","@id":"https:\/\/teknologiateollisuus.fi\/meriteollisuus\/#website","url":"https:\/\/teknologiateollisuus.fi\/meriteollisuus\/","name":"Meriteollisuus ry","description":"","potentialAction":[{"@type":"SearchAction","target":{"@type":"EntryPoint","urlTemplate":"https:\/\/teknologiateollisuus.fi\/meriteollisuus\/?s={search_term_string}"},"query-input":{"@type":"PropertyValueSpecification","valueRequired":true,"valueName":"search_term_string"}}],"inLanguage":"fi"}]}},"lang":"fi","translations":{"fi":1197},"pll_sync_post":[],"_links":{"self":[{"href":"https:\/\/teknologiateollisuus.fi\/meriteollisuus\/wp-json\/wp\/v2\/pages\/1197","targetHints":{"allow":["GET"]}}],"collection":[{"href":"https:\/\/teknologiateollisuus.fi\/meriteollisuus\/wp-json\/wp\/v2\/pages"}],"about":[{"href":"https:\/\/teknologiateollisuus.fi\/meriteollisuus\/wp-json\/wp\/v2\/types\/page"}],"author":[{"embeddable":true,"href":"https:\/\/teknologiateollisuus.fi\/meriteollisuus\/wp-json\/wp\/v2\/users\/59"}],"replies":[{"embeddable":true,"href":"https:\/\/teknologiateollisuus.fi\/meriteollisuus\/wp-json\/wp\/v2\/comments?post=1197"}],"version-history":[{"count":12,"href":"https:\/\/teknologiateollisuus.fi\/meriteollisuus\/wp-json\/wp\/v2\/pages\/1197\/revisions"}],"predecessor-version":[{"id":2793,"href":"https:\/\/teknologiateollisuus.fi\/meriteollisuus\/wp-json\/wp\/v2\/pages\/1197\/revisions\/2793"}],"wp:featuredmedia":[{"embeddable":true,"href":"https:\/\/teknologiateollisuus.fi\/meriteollisuus\/wp-json\/wp\/v2\/media\/25"}],"wp:attachment":[{"href":"https:\/\/teknologiateollisuus.fi\/meriteollisuus\/wp-json\/wp\/v2\/media?parent=1197"}],"curies":[{"name":"wp","href":"https:\/\/api.w.org\/{rel}","templated":true}]}}