{"id":1221,"date":"2024-08-16T15:46:29","date_gmt":"2024-08-16T12:46:29","guid":{"rendered":"https:\/\/meriteollisuus.teknologiateollisuus.fi\/?page_id=1221"},"modified":"2026-03-24T09:02:19","modified_gmt":"2026-03-24T07:02:19","slug":"toihin-meriteollisuuteen","status":"publish","type":"page","link":"https:\/\/teknologiateollisuus.fi\/meriteollisuus\/toihin-meriteollisuuteen\/","title":{"rendered":"T\u00f6ihin meriteollisuuteen"},"content":{"rendered":"\n<div class=\"em-block-hero hero-has-background-color has-background has-petrol-background-color has-image media-position-right \">\n\t<div class=\"em-block-hero__container\">\n\t\t<div class=\"em-block-hero__content\">\n\t\t\t<div class=\"yoast-breadcrumbs\"><span><span><a href=\"https:\/\/teknologiateollisuus.fi\/meriteollisuus\/\">Etusivu<\/a><\/span> <span class=\"separator\"><\/span> <span class=\"breadcrumb_last\" aria-current=\"page\">T\u00f6ihin meriteollisuuteen<\/span><\/span><\/div>\t\t\t\n<h1 class=\"wp-block-heading\" id=\"h-meriteollisuus-tarvitsee-uusia-osaajia\">Meriteollisuus tarvitsee uusia osaajia<\/h1>\n\n<p><\/p>\n\t\t\t<div class=\"em-block-hero__modified-date\"> P\u00e4ivitetty 24.03.2026 klo 09:02<\/div>\t\t<\/div>\n\t\t\t\t\t<figure class=\"em-block-hero__image\">\n\t\t\t\t<img loading=\"lazy\" decoding=\"async\" width=\"1200\" height=\"574\" src=\"https:\/\/teknologiateollisuus.fi\/meriteollisuus\/wp-content\/uploads\/sites\/5\/2024\/10\/Toihin-meriteollisuuteen-2.jpg\" class=\"attachment-hero size-hero\" alt=\"\" srcset=\"https:\/\/teknologiateollisuus.fi\/meriteollisuus\/wp-content\/uploads\/sites\/5\/2024\/10\/Toihin-meriteollisuuteen-2.jpg 1200w, https:\/\/teknologiateollisuus.fi\/meriteollisuus\/wp-content\/uploads\/sites\/5\/2024\/10\/Toihin-meriteollisuuteen-2-400x191.jpg 400w, https:\/\/teknologiateollisuus.fi\/meriteollisuus\/wp-content\/uploads\/sites\/5\/2024\/10\/Toihin-meriteollisuuteen-2-968x463.jpg 968w, https:\/\/teknologiateollisuus.fi\/meriteollisuus\/wp-content\/uploads\/sites\/5\/2024\/10\/Toihin-meriteollisuuteen-2-768x367.jpg 768w\" sizes=\"auto, (max-width: 1200px) 100vw, 1200px\" \/>\t\t\t<\/figure>\n\t\t\t<\/div>\n<\/div>\n\n\n\n<p>Meriteollisuus on kansainv\u00e4linen korkean teknologian kasvuala. Alan projektit ovat kiehtovia suuruudessaan ja monipuolisuudessaan. Suomen meriteollisuus panostaa merenkulun kest\u00e4vyyden kasvattamiseen teknologian avulla, joten alalla p\u00e4\u00e4set vaikuttamaan kest\u00e4v\u00e4n tulevaisuuden rakentamiseen globaalissa mittakaavassa sek\u00e4 ottamaan k\u00e4ytt\u00f6\u00f6n uusinta \u00e4lyk\u00e4st\u00e4 teknologiaa! Ala tarjoaakin mahdollisuuksia monien alojen asiantuntijoille.<\/p>\n\n\n\n<div class=\"wp-block-buttons is-layout-flex wp-block-buttons-is-layout-flex\">\n<div class=\"wp-block-button has-custom-width wp-block-button__width-25  icon-right size-sm\"><a class=\"wp-block-button__link wp-element-button\" href=\"https:\/\/teknologiateollisuus.fi\/meriteollisuus\/toihin-meriteollisuuteen\/opiskelupaikat\/\">Alan opiskelupaikat<\/a><\/div>\n<\/div>\n\n\n\n<div class=\"wp-block-buttons is-layout-flex wp-block-buttons-is-layout-flex\">\n<div class=\"wp-block-button  icon-right\"><a class=\"wp-block-button__link wp-element-button\" href=\"https:\/\/teknologiateollisuus.fi\/meriteollisuus\/toihin-meriteollisuuteen\/kesatyot-2026\/\">Kes\u00e4ty\u00f6t 2026<\/a><\/div>\n<\/div>\n\n\n\n<div class=\"wp-block-buttons is-layout-flex wp-block-buttons-is-layout-flex\">\n<div class=\"wp-block-button has-custom-width wp-block-button__width-25  icon-right size-sm\"><a class=\"wp-block-button__link wp-element-button\" href=\"https:\/\/teknologiateollisuus.fi\/meriteollisuus\/toihin-meriteollisuuteen\/tyopaikat\/\">Alan ty\u00f6paikat<\/a><\/div>\n<\/div>\n\n\n\n<div class=\"wp-block-media-text is-stacked-on-mobile\" style=\"grid-template-columns:42% auto\"><figure class=\"wp-block-media-text__media\"><img loading=\"lazy\" decoding=\"async\" width=\"968\" height=\"778\" src=\"https:\/\/teknologiateollisuus.fi\/meriteollisuus\/wp-content\/uploads\/sites\/5\/2025\/01\/Ramin-Forouzesh-2-968x778.jpg\" alt=\"\" class=\"wp-image-2504 size-full\" srcset=\"https:\/\/teknologiateollisuus.fi\/meriteollisuus\/wp-content\/uploads\/sites\/5\/2025\/01\/Ramin-Forouzesh-2-968x778.jpg 968w, https:\/\/teknologiateollisuus.fi\/meriteollisuus\/wp-content\/uploads\/sites\/5\/2025\/01\/Ramin-Forouzesh-2-400x321.jpg 400w, https:\/\/teknologiateollisuus.fi\/meriteollisuus\/wp-content\/uploads\/sites\/5\/2025\/01\/Ramin-Forouzesh-2-768x617.jpg 768w, https:\/\/teknologiateollisuus.fi\/meriteollisuus\/wp-content\/uploads\/sites\/5\/2025\/01\/Ramin-Forouzesh-2-1300x1044.jpg 1300w, https:\/\/teknologiateollisuus.fi\/meriteollisuus\/wp-content\/uploads\/sites\/5\/2025\/01\/Ramin-Forouzesh-2-1440x1157.jpg 1440w, https:\/\/teknologiateollisuus.fi\/meriteollisuus\/wp-content\/uploads\/sites\/5\/2025\/01\/Ramin-Forouzesh-2.jpg 1500w\" sizes=\"auto, (max-width: 968px) 100vw, 968px\" \/><\/figure><div class=\"wp-block-media-text__content\">\n<p class=\"is-style-pre-headline\"><\/p>\n\n\n\n<h5 class=\"wp-block-heading has-h-1-regular-font-size\" id=\"h-tutustu-alan-uraesittelyihin-instagramissa\" id=\"tutustu-alan-uraesittelyihin-instagramissa\">Tutustu alan uraesittelyihin Instagramissa<\/h5>\n\n\n\n<p class=\"mt-auto\">Millaista on ty\u00f6skennell\u00e4 meriteollisuudessa? Instagram-tililt\u00e4mme l\u00f6yd\u00e4t uratarinoita j\u00e4senyritystemme ty\u00f6ntekij\u00f6ilt\u00e4, jotka kertovat ty\u00f6nkuvastaan ja koulutuksestaan. L\u00f6yd\u00e4t esittelyt tunnisteella <strong>#PeopleInMaritime<\/strong>.<\/p>\n\n\n\n<div class=\"wp-block-buttons is-layout-flex wp-block-buttons-is-layout-flex\">\n<div class=\"wp-block-button  icon-right\"><a class=\"wp-block-button__link wp-element-button\" href=\"https:\/\/www.instagram.com\/meriteollisuus\/\">Meriteollisuus Instagramissa<\/a><\/div>\n<\/div>\n<\/div><\/div>\n\n\n\n<h2 class=\"wp-block-heading\" id=\"h-tutustu-alan-monipuolisiin-uravaihtoehtoihin\" id=\"tutustu-alan-monipuolisiin-uravaihtoehtoihin\">Tutustu alan monipuolisiin uravaihtoehtoihin<\/h2>\n\n\n\n<figure class=\"wp-block-embed is-type-video is-provider-vimeo wp-block-embed-vimeo wp-embed-aspect-16-9 wp-has-aspect-ratio\"><div class=\"wp-block-embed__wrapper\">\n<iframe loading=\"lazy\" title=\"Ota suunnaksi meriteollisuus_Tussitaikurit 2024\" src=\"https:\/\/player.vimeo.com\/video\/1027241281?h=56cb7fd3cd&amp;dnt=1&amp;app_id=122963\" width=\"500\" height=\"281\" frameborder=\"0\" allow=\"autoplay; fullscreen; picture-in-picture; clipboard-write; encrypted-media; web-share\" referrerpolicy=\"strict-origin-when-cross-origin\"><\/iframe>\n<\/div><\/figure>\n","protected":false},"excerpt":{"rendered":"<p>Meriteollisuus on kansainv\u00e4linen korkean teknologian kasvuala. Alan projektit ovat kiehtovia suuruudessaan ja monipuolisuudessaan. Suomen meriteollisuus panostaa merenkulun kest\u00e4vyyden kasvattamiseen teknologian avulla, joten alalla p\u00e4\u00e4set vaikuttamaan kest\u00e4v\u00e4n tulevaisuuden rakentamiseen globaalissa mittakaavassa sek\u00e4 ottamaan k\u00e4ytt\u00f6\u00f6n uusinta \u00e4lyk\u00e4st\u00e4 teknologiaa! Ala tarjoaakin mahdollisuuksia monien alojen asiantuntijoille. Tutustu alan monipuolisiin uravaihtoehtoihin<\/p>\n","protected":false},"author":59,"featured_media":25,"parent":0,"menu_order":0,"comment_status":"closed","ping_status":"closed","template":"","meta":{"_acf_changed":false,"_relevanssi_hide_post":"","_relevanssi_hide_content":"","_relevanssi_pin_for_all":"","_relevanssi_pin_keywords":"","_relevanssi_unpin_keywords":"","_relevanssi_related_keywords":"","_relevanssi_related_include_ids":"","_relevanssi_related_exclude_ids":"","_relevanssi_related_no_append":"","_relevanssi_related_not_related":"","_relevanssi_related_posts":"1","_relevanssi_noindex_reason":"","inline_featured_image":false,"footnotes":""},"class_list":["post-1221","page","type-page","status-publish","has-post-thumbnail","hentry"],"acf":[],"yoast_head":"<!-- This site is optimized with the Yoast SEO Premium plugin v27.1 (Yoast SEO v27.3) - https:\/\/yoast.com\/product\/yoast-seo-premium-wordpress\/ -->\n<title>T\u00f6ihin meriteollisuuteen - Meriteollisuus ry<\/title>\n<meta name=\"robots\" content=\"index, follow, max-snippet:-1, max-image-preview:large, max-video-preview:-1\" \/>\n<link rel=\"canonical\" href=\"https:\/\/teknologiateollisuus.fi\/meriteollisuus\/toihin-meriteollisuuteen\/\" \/>\n<meta property=\"og:locale\" content=\"fi_FI\" \/>\n<meta property=\"og:type\" content=\"article\" \/>\n<meta property=\"og:title\" content=\"T\u00f6ihin meriteollisuuteen\" \/>\n<meta property=\"og:description\" content=\"Meriteollisuus on kansainv\u00e4linen korkean teknologian kasvuala. Alan projektit ovat kiehtovia suuruudessaan ja monipuolisuudessaan. Suomen meriteollisuus panostaa merenkulun kest\u00e4vyyden kasvattamiseen teknologian avulla, joten alalla p\u00e4\u00e4set vaikuttamaan kest\u00e4v\u00e4n tulevaisuuden rakentamiseen globaalissa mittakaavassa sek\u00e4 ottamaan k\u00e4ytt\u00f6\u00f6n uusinta \u00e4lyk\u00e4st\u00e4 teknologiaa! Ala tarjoaakin mahdollisuuksia monien alojen asiantuntijoille. Tutustu alan monipuolisiin uravaihtoehtoihin\" \/>\n<meta property=\"og:url\" content=\"https:\/\/teknologiateollisuus.fi\/meriteollisuus\/toihin-meriteollisuuteen\/\" \/>\n<meta property=\"og:site_name\" content=\"Meriteollisuus ry\" \/>\n<meta property=\"article:modified_time\" content=\"2026-03-24T07:02:19+00:00\" \/>\n<meta property=\"og:image\" content=\"https:\/\/teknologiateollisuus.fi\/meriteollisuus\/wp-content\/uploads\/sites\/5\/2024\/06\/tekno-fallback.png\" \/>\n\t<meta property=\"og:image:width\" content=\"1300\" \/>\n\t<meta property=\"og:image:height\" content=\"975\" \/>\n\t<meta property=\"og:image:type\" content=\"image\/png\" \/>\n<meta name=\"twitter:card\" content=\"summary_large_image\" \/>\n<meta name=\"twitter:label1\" content=\"Arvioitu lukuaika\" \/>\n\t<meta name=\"twitter:data1\" content=\"1 minuutti\" \/>\n<script type=\"application\/ld+json\" class=\"yoast-schema-graph\">{\"@context\":\"https:\\\/\\\/schema.org\",\"@graph\":[{\"@type\":\"WebPage\",\"@id\":\"https:\\\/\\\/teknologiateollisuus.fi\\\/meriteollisuus\\\/toihin-meriteollisuuteen\\\/\",\"url\":\"https:\\\/\\\/teknologiateollisuus.fi\\\/meriteollisuus\\\/toihin-meriteollisuuteen\\\/\",\"name\":\"T\u00f6ihin meriteollisuuteen - Meriteollisuus ry\",\"isPartOf\":{\"@id\":\"https:\\\/\\\/teknologiateollisuus.fi\\\/meriteollisuus\\\/#website\"},\"primaryImageOfPage\":{\"@id\":\"https:\\\/\\\/teknologiateollisuus.fi\\\/meriteollisuus\\\/toihin-meriteollisuuteen\\\/#primaryimage\"},\"image\":{\"@id\":\"https:\\\/\\\/teknologiateollisuus.fi\\\/meriteollisuus\\\/toihin-meriteollisuuteen\\\/#primaryimage\"},\"thumbnailUrl\":\"https:\\\/\\\/teknologiateollisuus.fi\\\/meriteollisuus\\\/wp-content\\\/uploads\\\/sites\\\/5\\\/2024\\\/06\\\/tekno-fallback.png\",\"datePublished\":\"2024-08-16T12:46:29+00:00\",\"dateModified\":\"2026-03-24T07:02:19+00:00\",\"breadcrumb\":{\"@id\":\"https:\\\/\\\/teknologiateollisuus.fi\\\/meriteollisuus\\\/toihin-meriteollisuuteen\\\/#breadcrumb\"},\"inLanguage\":\"fi\",\"potentialAction\":[{\"@type\":\"ReadAction\",\"target\":[\"https:\\\/\\\/teknologiateollisuus.fi\\\/meriteollisuus\\\/toihin-meriteollisuuteen\\\/\"]}]},{\"@type\":\"ImageObject\",\"inLanguage\":\"fi\",\"@id\":\"https:\\\/\\\/teknologiateollisuus.fi\\\/meriteollisuus\\\/toihin-meriteollisuuteen\\\/#primaryimage\",\"url\":\"https:\\\/\\\/teknologiateollisuus.fi\\\/meriteollisuus\\\/wp-content\\\/uploads\\\/sites\\\/5\\\/2024\\\/06\\\/tekno-fallback.png\",\"contentUrl\":\"https:\\\/\\\/teknologiateollisuus.fi\\\/meriteollisuus\\\/wp-content\\\/uploads\\\/sites\\\/5\\\/2024\\\/06\\\/tekno-fallback.png\",\"width\":1300,\"height\":975},{\"@type\":\"BreadcrumbList\",\"@id\":\"https:\\\/\\\/teknologiateollisuus.fi\\\/meriteollisuus\\\/toihin-meriteollisuuteen\\\/#breadcrumb\",\"itemListElement\":[{\"@type\":\"ListItem\",\"position\":1,\"name\":\"Etusivu\",\"item\":\"https:\\\/\\\/teknologiateollisuus.fi\\\/meriteollisuus\\\/\"},{\"@type\":\"ListItem\",\"position\":2,\"name\":\"T\u00f6ihin meriteollisuuteen\"}]},{\"@type\":\"WebSite\",\"@id\":\"https:\\\/\\\/teknologiateollisuus.fi\\\/meriteollisuus\\\/#website\",\"url\":\"https:\\\/\\\/teknologiateollisuus.fi\\\/meriteollisuus\\\/\",\"name\":\"Meriteollisuus ry\",\"description\":\"\",\"potentialAction\":[{\"@type\":\"SearchAction\",\"target\":{\"@type\":\"EntryPoint\",\"urlTemplate\":\"https:\\\/\\\/teknologiateollisuus.fi\\\/meriteollisuus\\\/?s={search_term_string}\"},\"query-input\":{\"@type\":\"PropertyValueSpecification\",\"valueRequired\":true,\"valueName\":\"search_term_string\"}}],\"inLanguage\":\"fi\"}]}<\/script>\n<!-- \/ Yoast SEO Premium plugin. -->","yoast_head_json":{"title":"T\u00f6ihin meriteollisuuteen - Meriteollisuus ry","robots":{"index":"index","follow":"follow","max-snippet":"max-snippet:-1","max-image-preview":"max-image-preview:large","max-video-preview":"max-video-preview:-1"},"canonical":"https:\/\/teknologiateollisuus.fi\/meriteollisuus\/toihin-meriteollisuuteen\/","og_locale":"fi_FI","og_type":"article","og_title":"T\u00f6ihin meriteollisuuteen","og_description":"Meriteollisuus on kansainv\u00e4linen korkean teknologian kasvuala. Alan projektit ovat kiehtovia suuruudessaan ja monipuolisuudessaan. Suomen meriteollisuus panostaa merenkulun kest\u00e4vyyden kasvattamiseen teknologian avulla, joten alalla p\u00e4\u00e4set vaikuttamaan kest\u00e4v\u00e4n tulevaisuuden rakentamiseen globaalissa mittakaavassa sek\u00e4 ottamaan k\u00e4ytt\u00f6\u00f6n uusinta \u00e4lyk\u00e4st\u00e4 teknologiaa! Ala tarjoaakin mahdollisuuksia monien alojen asiantuntijoille. Tutustu alan monipuolisiin uravaihtoehtoihin","og_url":"https:\/\/teknologiateollisuus.fi\/meriteollisuus\/toihin-meriteollisuuteen\/","og_site_name":"Meriteollisuus ry","article_modified_time":"2026-03-24T07:02:19+00:00","og_image":[{"width":1300,"height":975,"url":"https:\/\/teknologiateollisuus.fi\/meriteollisuus\/wp-content\/uploads\/sites\/5\/2024\/06\/tekno-fallback.png","type":"image\/png"}],"twitter_card":"summary_large_image","twitter_misc":{"Arvioitu lukuaika":"1 minuutti"},"schema":{"@context":"https:\/\/schema.org","@graph":[{"@type":"WebPage","@id":"https:\/\/teknologiateollisuus.fi\/meriteollisuus\/toihin-meriteollisuuteen\/","url":"https:\/\/teknologiateollisuus.fi\/meriteollisuus\/toihin-meriteollisuuteen\/","name":"T\u00f6ihin meriteollisuuteen - Meriteollisuus ry","isPartOf":{"@id":"https:\/\/teknologiateollisuus.fi\/meriteollisuus\/#website"},"primaryImageOfPage":{"@id":"https:\/\/teknologiateollisuus.fi\/meriteollisuus\/toihin-meriteollisuuteen\/#primaryimage"},"image":{"@id":"https:\/\/teknologiateollisuus.fi\/meriteollisuus\/toihin-meriteollisuuteen\/#primaryimage"},"thumbnailUrl":"https:\/\/teknologiateollisuus.fi\/meriteollisuus\/wp-content\/uploads\/sites\/5\/2024\/06\/tekno-fallback.png","datePublished":"2024-08-16T12:46:29+00:00","dateModified":"2026-03-24T07:02:19+00:00","breadcrumb":{"@id":"https:\/\/teknologiateollisuus.fi\/meriteollisuus\/toihin-meriteollisuuteen\/#breadcrumb"},"inLanguage":"fi","potentialAction":[{"@type":"ReadAction","target":["https:\/\/teknologiateollisuus.fi\/meriteollisuus\/toihin-meriteollisuuteen\/"]}]},{"@type":"ImageObject","inLanguage":"fi","@id":"https:\/\/teknologiateollisuus.fi\/meriteollisuus\/toihin-meriteollisuuteen\/#primaryimage","url":"https:\/\/teknologiateollisuus.fi\/meriteollisuus\/wp-content\/uploads\/sites\/5\/2024\/06\/tekno-fallback.png","contentUrl":"https:\/\/teknologiateollisuus.fi\/meriteollisuus\/wp-content\/uploads\/sites\/5\/2024\/06\/tekno-fallback.png","width":1300,"height":975},{"@type":"BreadcrumbList","@id":"https:\/\/teknologiateollisuus.fi\/meriteollisuus\/toihin-meriteollisuuteen\/#breadcrumb","itemListElement":[{"@type":"ListItem","position":1,"name":"Etusivu","item":"https:\/\/teknologiateollisuus.fi\/meriteollisuus\/"},{"@type":"ListItem","position":2,"name":"T\u00f6ihin meriteollisuuteen"}]},{"@type":"WebSite","@id":"https:\/\/teknologiateollisuus.fi\/meriteollisuus\/#website","url":"https:\/\/teknologiateollisuus.fi\/meriteollisuus\/","name":"Meriteollisuus ry","description":"","potentialAction":[{"@type":"SearchAction","target":{"@type":"EntryPoint","urlTemplate":"https:\/\/teknologiateollisuus.fi\/meriteollisuus\/?s={search_term_string}"},"query-input":{"@type":"PropertyValueSpecification","valueRequired":true,"valueName":"search_term_string"}}],"inLanguage":"fi"}]}},"lang":"fi","translations":{"fi":1221},"pll_sync_post":[],"_links":{"self":[{"href":"https:\/\/teknologiateollisuus.fi\/meriteollisuus\/wp-json\/wp\/v2\/pages\/1221","targetHints":{"allow":["GET"]}}],"collection":[{"href":"https:\/\/teknologiateollisuus.fi\/meriteollisuus\/wp-json\/wp\/v2\/pages"}],"about":[{"href":"https:\/\/teknologiateollisuus.fi\/meriteollisuus\/wp-json\/wp\/v2\/types\/page"}],"author":[{"embeddable":true,"href":"https:\/\/teknologiateollisuus.fi\/meriteollisuus\/wp-json\/wp\/v2\/users\/59"}],"replies":[{"embeddable":true,"href":"https:\/\/teknologiateollisuus.fi\/meriteollisuus\/wp-json\/wp\/v2\/comments?post=1221"}],"version-history":[{"count":30,"href":"https:\/\/teknologiateollisuus.fi\/meriteollisuus\/wp-json\/wp\/v2\/pages\/1221\/revisions"}],"predecessor-version":[{"id":3341,"href":"https:\/\/teknologiateollisuus.fi\/meriteollisuus\/wp-json\/wp\/v2\/pages\/1221\/revisions\/3341"}],"wp:featuredmedia":[{"embeddable":true,"href":"https:\/\/teknologiateollisuus.fi\/meriteollisuus\/wp-json\/wp\/v2\/media\/25"}],"wp:attachment":[{"href":"https:\/\/teknologiateollisuus.fi\/meriteollisuus\/wp-json\/wp\/v2\/media?parent=1221"}],"curies":[{"name":"wp","href":"https:\/\/api.w.org\/{rel}","templated":true}]}}