{"id":1228,"date":"2024-08-21T10:38:18","date_gmt":"2024-08-21T07:38:18","guid":{"rendered":"https:\/\/meriteollisuus.teknologiateollisuus.fi\/?page_id=1228"},"modified":"2024-11-20T12:50:14","modified_gmt":"2024-11-20T10:50:14","slug":"kehitys","status":"publish","type":"page","link":"https:\/\/teknologiateollisuus.fi\/meriteollisuus\/kehitys\/","title":{"rendered":"Kehitys"},"content":{"rendered":"\n<div class=\"em-block-hero hero-has-background-color has-background has-petrol-background-color has-image media-position-right \">\n\t<div class=\"em-block-hero__container\">\n\t\t<div class=\"em-block-hero__content\">\n\t\t\t<div class=\"yoast-breadcrumbs\"><span><span><a href=\"https:\/\/teknologiateollisuus.fi\/meriteollisuus\/\">Etusivu<\/a><\/span> <span class=\"separator\"><\/span> <span class=\"breadcrumb_last\" aria-current=\"page\">Kehitys<\/span><\/span><\/div>\t\t\t\n<h1 class=\"wp-block-heading\" id=\"kehitys\">Kehitys<\/h1>\n\n<p><\/p>\n\t\t\t<div class=\"em-block-hero__modified-date\"> P\u00e4ivitetty 20.11.2024 klo 12:50<\/div>\t\t<\/div>\n\t\t\t\t\t<figure class=\"em-block-hero__image\">\n\t\t\t\t<img loading=\"lazy\" decoding=\"async\" width=\"1240\" height=\"440\" src=\"https:\/\/teknologiateollisuus.fi\/meriteollisuus\/wp-content\/uploads\/sites\/5\/2024\/08\/Mobimar-flow-rider.jpg\" class=\"attachment-hero size-hero\" alt=\"\" srcset=\"https:\/\/teknologiateollisuus.fi\/meriteollisuus\/wp-content\/uploads\/sites\/5\/2024\/08\/Mobimar-flow-rider.jpg 1240w, https:\/\/teknologiateollisuus.fi\/meriteollisuus\/wp-content\/uploads\/sites\/5\/2024\/08\/Mobimar-flow-rider-400x142.jpg 400w, https:\/\/teknologiateollisuus.fi\/meriteollisuus\/wp-content\/uploads\/sites\/5\/2024\/08\/Mobimar-flow-rider-968x343.jpg 968w, https:\/\/teknologiateollisuus.fi\/meriteollisuus\/wp-content\/uploads\/sites\/5\/2024\/08\/Mobimar-flow-rider-768x273.jpg 768w\" sizes=\"auto, (max-width: 1240px) 100vw, 1240px\" \/>\t\t\t<\/figure>\n\t\t\t<\/div>\n<\/div>\n\n\n\n<h2 class=\"wp-block-heading\" id=\"meriteollisuus-ry-edustaa-toimialaa-kansainvalisen-tutkimus-ja-tuotekehitysyhteistyon-foorumeissa-tekee-yhteistyota-alan-eri-toimijoiden-kanssa-ja-vaikuttaa-tutkimusohjelmien-sisaltoon\">Meriteollisuus ry edustaa toimialaa kansainv\u00e4lisen tutkimus- ja tuotekehitysyhteisty\u00f6n foorumeissa, tekee yhteisty\u00f6t\u00e4 alan eri toimijoiden kanssa ja vaikuttaa tutkimusohjelmien sis\u00e4lt\u00f6\u00f6n<\/h2>\n\n\n\n<p>Tutkimuskoordinaation tavoitteena on alan kansallisen ja kansainv\u00e4lisen tutkimustoiminnan seuraaminen ja siihen vaikuttaminen yhteisty\u00f6ss\u00e4 muiden meriklusterin toimijoiden, tiedeyhteis\u00f6n ja viranomaisten kanssa. Yhdistys osallistuu aktiivisesti tuotekehityksen tulevaisuuden suuntien m\u00e4\u00e4ritt\u00e4miseen sek\u00e4 tiedottaa j\u00e4seni\u00e4\u00e4n ajankohtaisista aiheista kuten toimintaymp\u00e4rist\u00f6n muutoksista, tuotekehityksen rahoituskanavista, tutkimustarpeista ja k\u00e4ynniss\u00e4 olevista hankkeista.<\/p>\n\n\n\n<p>Meriteollisuuden tutkimuskoordinaatiota ohjaa yrityksist\u00e4 ja sidosryhmist\u00e4 koostuva <strong>tutkimustoimikunta<\/strong>, joka taustaty\u00f6n perusteella hahmottelee kehityksen suuntaviivoja. Lis\u00e4ksi toimikunta seuraa toimintaymp\u00e4rist\u00f6n muutoksia mm. s\u00e4\u00e4ntelyss\u00e4, ymp\u00e4rist\u00f6kysymyksiss\u00e4 ja uusissa teknologioissa. Seurannan perusteella m\u00e4\u00e4ritell\u00e4\u00e4n tulevaisuuden tutkimustarpeet esimerkiksi teknologioiden, liiketoimintamallien, ymp\u00e4rist\u00f6yst\u00e4v\u00e4llisyyden ja tuottavuuden kehitt\u00e4miseksi. Useat projektit ovat l\u00e4hteneet kehittym\u00e4\u00e4n tutkimustoimikunnassa esitetyst\u00e4 ideasta.<\/p>\n\n\n\n<p>Kuva: Mobimar, RCCL Voyager Class FlowRider<\/p>\n","protected":false},"excerpt":{"rendered":"<p>Meriteollisuus ry edustaa toimialaa kansainv\u00e4lisen tutkimus- ja tuotekehitysyhteisty\u00f6n foorumeissa, tekee yhteisty\u00f6t\u00e4 alan eri toimijoiden kanssa ja vaikuttaa tutkimusohjelmien sis\u00e4lt\u00f6\u00f6n Tutkimuskoordinaation tavoitteena on alan kansallisen ja kansainv\u00e4lisen tutkimustoiminnan seuraaminen ja siihen vaikuttaminen yhteisty\u00f6ss\u00e4 muiden meriklusterin toimijoiden, tiedeyhteis\u00f6n ja viranomaisten kanssa. Yhdistys osallistuu aktiivisesti tuotekehityksen tulevaisuuden suuntien m\u00e4\u00e4ritt\u00e4miseen sek\u00e4 tiedottaa j\u00e4seni\u00e4\u00e4n ajankohtaisista aiheista kuten toimintaymp\u00e4rist\u00f6n muutoksista, tuotekehityksen [&hellip;]<\/p>\n","protected":false},"author":59,"featured_media":25,"parent":0,"menu_order":0,"comment_status":"closed","ping_status":"closed","template":"","meta":{"_acf_changed":false,"_relevanssi_hide_post":"","_relevanssi_hide_content":"","_relevanssi_pin_for_all":"","_relevanssi_pin_keywords":"","_relevanssi_unpin_keywords":"","_relevanssi_related_keywords":"","_relevanssi_related_include_ids":"","_relevanssi_related_exclude_ids":"","_relevanssi_related_no_append":"","_relevanssi_related_not_related":"","_relevanssi_related_posts":"1","_relevanssi_noindex_reason":"","inline_featured_image":false,"footnotes":""},"class_list":["post-1228","page","type-page","status-publish","has-post-thumbnail","hentry"],"acf":[],"yoast_head":"<!-- This site is optimized with the Yoast SEO Premium plugin v27.1 (Yoast SEO v27.3) - https:\/\/yoast.com\/product\/yoast-seo-premium-wordpress\/ -->\n<title>Kehitys - Meriteollisuus ry<\/title>\n<meta name=\"robots\" content=\"index, follow, max-snippet:-1, max-image-preview:large, max-video-preview:-1\" \/>\n<link rel=\"canonical\" href=\"https:\/\/teknologiateollisuus.fi\/meriteollisuus\/kehitys\/\" \/>\n<meta property=\"og:locale\" content=\"fi_FI\" \/>\n<meta property=\"og:type\" content=\"article\" \/>\n<meta property=\"og:title\" content=\"Kehitys\" \/>\n<meta property=\"og:description\" content=\"Meriteollisuus ry edustaa toimialaa kansainv\u00e4lisen tutkimus- ja tuotekehitysyhteisty\u00f6n foorumeissa, tekee yhteisty\u00f6t\u00e4 alan eri toimijoiden kanssa ja vaikuttaa tutkimusohjelmien sis\u00e4lt\u00f6\u00f6n Tutkimuskoordinaation tavoitteena on alan kansallisen ja kansainv\u00e4lisen tutkimustoiminnan seuraaminen ja siihen vaikuttaminen yhteisty\u00f6ss\u00e4 muiden meriklusterin toimijoiden, tiedeyhteis\u00f6n ja viranomaisten kanssa. Yhdistys osallistuu aktiivisesti tuotekehityksen tulevaisuuden suuntien m\u00e4\u00e4ritt\u00e4miseen sek\u00e4 tiedottaa j\u00e4seni\u00e4\u00e4n ajankohtaisista aiheista kuten toimintaymp\u00e4rist\u00f6n muutoksista, tuotekehityksen [&hellip;]\" \/>\n<meta property=\"og:url\" content=\"https:\/\/teknologiateollisuus.fi\/meriteollisuus\/kehitys\/\" \/>\n<meta property=\"og:site_name\" content=\"Meriteollisuus ry\" \/>\n<meta property=\"article:modified_time\" content=\"2024-11-20T10:50:14+00:00\" \/>\n<meta property=\"og:image\" content=\"https:\/\/teknologiateollisuus.fi\/meriteollisuus\/wp-content\/uploads\/sites\/5\/2024\/06\/tekno-fallback.png\" \/>\n\t<meta property=\"og:image:width\" content=\"1300\" \/>\n\t<meta property=\"og:image:height\" content=\"975\" \/>\n\t<meta property=\"og:image:type\" content=\"image\/png\" \/>\n<meta name=\"twitter:card\" content=\"summary_large_image\" \/>\n<meta name=\"twitter:label1\" content=\"Arvioitu lukuaika\" \/>\n\t<meta name=\"twitter:data1\" content=\"1 minuutti\" \/>\n<script type=\"application\/ld+json\" class=\"yoast-schema-graph\">{\"@context\":\"https:\\\/\\\/schema.org\",\"@graph\":[{\"@type\":\"WebPage\",\"@id\":\"https:\\\/\\\/teknologiateollisuus.fi\\\/meriteollisuus\\\/kehitys\\\/\",\"url\":\"https:\\\/\\\/teknologiateollisuus.fi\\\/meriteollisuus\\\/kehitys\\\/\",\"name\":\"Kehitys - Meriteollisuus ry\",\"isPartOf\":{\"@id\":\"https:\\\/\\\/teknologiateollisuus.fi\\\/meriteollisuus\\\/#website\"},\"primaryImageOfPage\":{\"@id\":\"https:\\\/\\\/teknologiateollisuus.fi\\\/meriteollisuus\\\/kehitys\\\/#primaryimage\"},\"image\":{\"@id\":\"https:\\\/\\\/teknologiateollisuus.fi\\\/meriteollisuus\\\/kehitys\\\/#primaryimage\"},\"thumbnailUrl\":\"https:\\\/\\\/teknologiateollisuus.fi\\\/meriteollisuus\\\/wp-content\\\/uploads\\\/sites\\\/5\\\/2024\\\/06\\\/tekno-fallback.png\",\"datePublished\":\"2024-08-21T07:38:18+00:00\",\"dateModified\":\"2024-11-20T10:50:14+00:00\",\"breadcrumb\":{\"@id\":\"https:\\\/\\\/teknologiateollisuus.fi\\\/meriteollisuus\\\/kehitys\\\/#breadcrumb\"},\"inLanguage\":\"fi\",\"potentialAction\":[{\"@type\":\"ReadAction\",\"target\":[\"https:\\\/\\\/teknologiateollisuus.fi\\\/meriteollisuus\\\/kehitys\\\/\"]}]},{\"@type\":\"ImageObject\",\"inLanguage\":\"fi\",\"@id\":\"https:\\\/\\\/teknologiateollisuus.fi\\\/meriteollisuus\\\/kehitys\\\/#primaryimage\",\"url\":\"https:\\\/\\\/teknologiateollisuus.fi\\\/meriteollisuus\\\/wp-content\\\/uploads\\\/sites\\\/5\\\/2024\\\/06\\\/tekno-fallback.png\",\"contentUrl\":\"https:\\\/\\\/teknologiateollisuus.fi\\\/meriteollisuus\\\/wp-content\\\/uploads\\\/sites\\\/5\\\/2024\\\/06\\\/tekno-fallback.png\",\"width\":1300,\"height\":975},{\"@type\":\"BreadcrumbList\",\"@id\":\"https:\\\/\\\/teknologiateollisuus.fi\\\/meriteollisuus\\\/kehitys\\\/#breadcrumb\",\"itemListElement\":[{\"@type\":\"ListItem\",\"position\":1,\"name\":\"Etusivu\",\"item\":\"https:\\\/\\\/teknologiateollisuus.fi\\\/meriteollisuus\\\/\"},{\"@type\":\"ListItem\",\"position\":2,\"name\":\"Kehitys\"}]},{\"@type\":\"WebSite\",\"@id\":\"https:\\\/\\\/teknologiateollisuus.fi\\\/meriteollisuus\\\/#website\",\"url\":\"https:\\\/\\\/teknologiateollisuus.fi\\\/meriteollisuus\\\/\",\"name\":\"Meriteollisuus ry\",\"description\":\"\",\"potentialAction\":[{\"@type\":\"SearchAction\",\"target\":{\"@type\":\"EntryPoint\",\"urlTemplate\":\"https:\\\/\\\/teknologiateollisuus.fi\\\/meriteollisuus\\\/?s={search_term_string}\"},\"query-input\":{\"@type\":\"PropertyValueSpecification\",\"valueRequired\":true,\"valueName\":\"search_term_string\"}}],\"inLanguage\":\"fi\"}]}<\/script>\n<!-- \/ Yoast SEO Premium plugin. -->","yoast_head_json":{"title":"Kehitys - Meriteollisuus ry","robots":{"index":"index","follow":"follow","max-snippet":"max-snippet:-1","max-image-preview":"max-image-preview:large","max-video-preview":"max-video-preview:-1"},"canonical":"https:\/\/teknologiateollisuus.fi\/meriteollisuus\/kehitys\/","og_locale":"fi_FI","og_type":"article","og_title":"Kehitys","og_description":"Meriteollisuus ry edustaa toimialaa kansainv\u00e4lisen tutkimus- ja tuotekehitysyhteisty\u00f6n foorumeissa, tekee yhteisty\u00f6t\u00e4 alan eri toimijoiden kanssa ja vaikuttaa tutkimusohjelmien sis\u00e4lt\u00f6\u00f6n Tutkimuskoordinaation tavoitteena on alan kansallisen ja kansainv\u00e4lisen tutkimustoiminnan seuraaminen ja siihen vaikuttaminen yhteisty\u00f6ss\u00e4 muiden meriklusterin toimijoiden, tiedeyhteis\u00f6n ja viranomaisten kanssa. Yhdistys osallistuu aktiivisesti tuotekehityksen tulevaisuuden suuntien m\u00e4\u00e4ritt\u00e4miseen sek\u00e4 tiedottaa j\u00e4seni\u00e4\u00e4n ajankohtaisista aiheista kuten toimintaymp\u00e4rist\u00f6n muutoksista, tuotekehityksen [&hellip;]","og_url":"https:\/\/teknologiateollisuus.fi\/meriteollisuus\/kehitys\/","og_site_name":"Meriteollisuus ry","article_modified_time":"2024-11-20T10:50:14+00:00","og_image":[{"width":1300,"height":975,"url":"https:\/\/teknologiateollisuus.fi\/meriteollisuus\/wp-content\/uploads\/sites\/5\/2024\/06\/tekno-fallback.png","type":"image\/png"}],"twitter_card":"summary_large_image","twitter_misc":{"Arvioitu lukuaika":"1 minuutti"},"schema":{"@context":"https:\/\/schema.org","@graph":[{"@type":"WebPage","@id":"https:\/\/teknologiateollisuus.fi\/meriteollisuus\/kehitys\/","url":"https:\/\/teknologiateollisuus.fi\/meriteollisuus\/kehitys\/","name":"Kehitys - Meriteollisuus ry","isPartOf":{"@id":"https:\/\/teknologiateollisuus.fi\/meriteollisuus\/#website"},"primaryImageOfPage":{"@id":"https:\/\/teknologiateollisuus.fi\/meriteollisuus\/kehitys\/#primaryimage"},"image":{"@id":"https:\/\/teknologiateollisuus.fi\/meriteollisuus\/kehitys\/#primaryimage"},"thumbnailUrl":"https:\/\/teknologiateollisuus.fi\/meriteollisuus\/wp-content\/uploads\/sites\/5\/2024\/06\/tekno-fallback.png","datePublished":"2024-08-21T07:38:18+00:00","dateModified":"2024-11-20T10:50:14+00:00","breadcrumb":{"@id":"https:\/\/teknologiateollisuus.fi\/meriteollisuus\/kehitys\/#breadcrumb"},"inLanguage":"fi","potentialAction":[{"@type":"ReadAction","target":["https:\/\/teknologiateollisuus.fi\/meriteollisuus\/kehitys\/"]}]},{"@type":"ImageObject","inLanguage":"fi","@id":"https:\/\/teknologiateollisuus.fi\/meriteollisuus\/kehitys\/#primaryimage","url":"https:\/\/teknologiateollisuus.fi\/meriteollisuus\/wp-content\/uploads\/sites\/5\/2024\/06\/tekno-fallback.png","contentUrl":"https:\/\/teknologiateollisuus.fi\/meriteollisuus\/wp-content\/uploads\/sites\/5\/2024\/06\/tekno-fallback.png","width":1300,"height":975},{"@type":"BreadcrumbList","@id":"https:\/\/teknologiateollisuus.fi\/meriteollisuus\/kehitys\/#breadcrumb","itemListElement":[{"@type":"ListItem","position":1,"name":"Etusivu","item":"https:\/\/teknologiateollisuus.fi\/meriteollisuus\/"},{"@type":"ListItem","position":2,"name":"Kehitys"}]},{"@type":"WebSite","@id":"https:\/\/teknologiateollisuus.fi\/meriteollisuus\/#website","url":"https:\/\/teknologiateollisuus.fi\/meriteollisuus\/","name":"Meriteollisuus ry","description":"","potentialAction":[{"@type":"SearchAction","target":{"@type":"EntryPoint","urlTemplate":"https:\/\/teknologiateollisuus.fi\/meriteollisuus\/?s={search_term_string}"},"query-input":{"@type":"PropertyValueSpecification","valueRequired":true,"valueName":"search_term_string"}}],"inLanguage":"fi"}]}},"lang":"fi","translations":{"fi":1228},"pll_sync_post":[],"_links":{"self":[{"href":"https:\/\/teknologiateollisuus.fi\/meriteollisuus\/wp-json\/wp\/v2\/pages\/1228","targetHints":{"allow":["GET"]}}],"collection":[{"href":"https:\/\/teknologiateollisuus.fi\/meriteollisuus\/wp-json\/wp\/v2\/pages"}],"about":[{"href":"https:\/\/teknologiateollisuus.fi\/meriteollisuus\/wp-json\/wp\/v2\/types\/page"}],"author":[{"embeddable":true,"href":"https:\/\/teknologiateollisuus.fi\/meriteollisuus\/wp-json\/wp\/v2\/users\/59"}],"replies":[{"embeddable":true,"href":"https:\/\/teknologiateollisuus.fi\/meriteollisuus\/wp-json\/wp\/v2\/comments?post=1228"}],"version-history":[{"count":10,"href":"https:\/\/teknologiateollisuus.fi\/meriteollisuus\/wp-json\/wp\/v2\/pages\/1228\/revisions"}],"predecessor-version":[{"id":2394,"href":"https:\/\/teknologiateollisuus.fi\/meriteollisuus\/wp-json\/wp\/v2\/pages\/1228\/revisions\/2394"}],"wp:featuredmedia":[{"embeddable":true,"href":"https:\/\/teknologiateollisuus.fi\/meriteollisuus\/wp-json\/wp\/v2\/media\/25"}],"wp:attachment":[{"href":"https:\/\/teknologiateollisuus.fi\/meriteollisuus\/wp-json\/wp\/v2\/media?parent=1228"}],"curies":[{"name":"wp","href":"https:\/\/api.w.org\/{rel}","templated":true}]}}