{"id":1232,"date":"2024-08-21T10:32:50","date_gmt":"2024-08-21T07:32:50","guid":{"rendered":"https:\/\/meriteollisuus.teknologiateollisuus.fi\/?page_id=1232"},"modified":"2025-12-31T09:49:35","modified_gmt":"2025-12-31T07:49:35","slug":"rahoitusta-kehitykseen","status":"publish","type":"page","link":"https:\/\/teknologiateollisuus.fi\/meriteollisuus\/kehitys\/rahoitusta-kehitykseen\/","title":{"rendered":"Rahoitusta kehitykseen"},"content":{"rendered":"\n<div class=\"em-block-hero hero-has-background-color has-background has-petrol-background-color collapse media-position-right \">\n\t<div class=\"em-block-hero__container\">\n\t\t<div class=\"em-block-hero__content\">\n\t\t\t<div class=\"yoast-breadcrumbs\"><span><span><a href=\"https:\/\/teknologiateollisuus.fi\/meriteollisuus\/\">Etusivu<\/a><\/span> <span class=\"separator\"><\/span> <span><a href=\"https:\/\/teknologiateollisuus.fi\/meriteollisuus\/kehitys\/\">Kehitys<\/a><\/span> <span class=\"separator\"><\/span> <span class=\"breadcrumb_last\" aria-current=\"page\">Rahoitusta kehitykseen<\/span><\/span><\/div>\t\t\t\n<h1 class=\"wp-block-heading\" id=\"h-rahoitusta-kehitykseen\">Rahoitusta kehitykseen<\/h1>\n\n<p><\/p>\n\t\t\t<div class=\"em-block-hero__modified-date\"> P\u00e4ivitetty 31.12.2025 klo 09:49<\/div>\t\t<\/div>\n\t\t\t\t\t<figure class=\"em-block-hero__image\">\n\t\t\t\t\t\t\t<\/figure>\n\t\t\t<\/div>\n<\/div>\n\n\n\n<p>Alan tutkimukseen ja kehitykseen on saatavissa rahoitusta erilaisista julkisista l\u00e4hteist\u00e4<\/p>\n\n\n\n<p>Rahoitus keskittyy&nbsp;erityisesti&nbsp;<strong>Business Finlandin<\/strong>&nbsp;ohjelmiin sek\u00e4&nbsp;<strong>EU:n tutkimuksen puiteohjelmiin<\/strong>, joista t\u00e4ll\u00e4 hetkell\u00e4 k\u00e4ynniss\u00e4 on&nbsp;<a href=\"https:\/\/www.businessfinland.fi\/suomalaisille-asiakkaille\/palvelut\/rahoitus\/horisontti-eurooppa\">Horisontti Eurooppa<\/a>. &nbsp;<\/p>\n\n\n\n<p>My\u00f6s esimerkiksi&nbsp;<strong>Merenkulun s\u00e4\u00e4ti\u00f6<\/strong>&nbsp;tarjoaa apurahoja.&nbsp;S\u00e4\u00e4ti\u00f6&nbsp;on perustettu vuonna 1945, ja sen&nbsp;tarkoituksena on maamme merenkulun ja laivanrakennusteollisuuden tukeminen ja edist\u00e4minen my\u00f6nt\u00e4m\u00e4ll\u00e4 apurahoja n\u00e4iden alojen tutkijoille ja opiskelijoille.&nbsp;<a href=\"http:\/\/www.merenkulunsaatio.fi\/?page_id=30\" target=\"_blank\" rel=\"noreferrer noopener\">Lue lis\u00e4\u00e4<\/a><\/p>\n\n\n\n<p>Osana ty\u00f6- ja elinkeinoministeri\u00f6n\u00a0<strong>Kest\u00e4v\u00e4n meriteollisuuden kehitt\u00e4misohjelmaa<\/strong>\u00a0on ker\u00e4tty kattava tietopaketti meriteollisuuden erilaisista kotimaisista ja kansainv\u00e4lisist\u00e4 rahoitus- ja tukimahdollisuuksista.\u00a0<\/p>\n\n\n\n<h2 class=\"wp-block-heading\" id=\"h-business-finland\" id=\"business-finland\">Business Finland<\/h2>\n\n\n\n<p>Business Finland tukee yritysten kansainv\u00e4listymist\u00e4 ja innovointia useilla eri ohjelmakokonaisuuksilla. Voit tutustua kaikkiin ohjelmiin <a href=\"https:\/\/www.businessfinland.fi\/suomalaisille-asiakkaille\/palvelut\/ohjelmat\">t\u00e4st\u00e4 linkist\u00e4<\/a>.<\/p>\n\n\n\n<h2 class=\"wp-block-heading\" id=\"h-euroopan-unioni\" id=\"euroopan-unioni\">Euroopan unioni<\/h2>\n\n\n\n<p>EU:n eri ohjelmat tarjoavat rahoitusta meriteollisuuden T&amp;K-projekteihin.<\/p>\n\n\n\n<h3 class=\"wp-block-heading\" id=\"h-horisontti-eurooppa-puiteohjelma\" id=\"horisontti-eurooppa-puiteohjelma\">Horisontti Eurooppa -puiteohjelma<\/h3>\n\n\n\n<p>Horisontti Eurooppa on yksi EU:n tutkimuksen ja innovoinnin keskeisist\u00e4 rahoitusohjelmista. Sen tavoitteena on torjua ilmastonmuutosta, auttaa saavuttamaan YK:n kest\u00e4v\u00e4n kehityksen tavoitteet ja tukea EU:n kilpailukyky\u00e4 ja kasvua. Ohjelma tukee tutkimusta ja innovointia Euroopassa 95 miljardilla eurolla vuosina 2021-2027. Voit lukea lis\u00e4\u00e4 ohjelmasta <a href=\"https:\/\/commission.europa.eu\/funding-tenders\/find-funding\/eu-funding-programmes\/horizon-europe_en?prefLang=fi\">Euroopan komission sivuilla<\/a> sek\u00e4 <a href=\"https:\/\/research-and-innovation.ec.europa.eu\/funding\/funding-opportunities\/funding-programmes-and-open-calls\/horizon-europe_en\">ohjelman omilla nettisivuilla<\/a>. L\u00f6yd\u00e4t ohjelmasta lis\u00e4tietoja my\u00f6s <a href=\"https:\/\/www.businessfinland.fi\/suomalaisille-asiakkaille\/palvelut\/rahoitus\/horisontti-eurooppa\">Business Finlandin nettisivuilta<\/a>. <\/p>\n\n\n\n<h3 class=\"wp-block-heading\" id=\"h-cef-verkkojen-eurooppa\" id=\"cef-verkkojen-eurooppa\">CEF Verkkojen Eurooppa<\/h3>\n\n\n\n<p>CEF Verkkojen Eurooppa (Connecting Europe Facility) -v\u00e4lineen kautta rahoitetaan hankkeita, joilla kehitet\u00e4\u00e4n Euroopan unionin energia-, liikenne- ja digitaalisia yhteyksi\u00e4. CEF2-rahoituskausi on k\u00e4ynniss\u00e4 vuosina 2021\u20132027, ja sen budjetti on n. 30 miljardia euroa, josta liikennealan osuus on n. 23 miljardia euroa. Voit lukea lis\u00e4\u00e4 CEF-liikennehauista <a href=\"https:\/\/www.traficom.fi\/fi\/liikenne\/liikennejarjestelma\/tietoa-cef-liikennehauista\">Traficomin nettisivuilla<\/a>.<\/p>\n\n\n\n<p>CEF2-ohjelman tavoitteena on<\/p>\n\n\n\n<ul class=\"wp-block-list\">\n<li>rakentaa, kehitt\u00e4\u00e4, modernisoida ja saattaa valmiiksi Euroopan laajuiset liikenne-, energia- ja digitaaliset verkot.<\/li>\n\n\n\n<li>ydinverkon toteuttaminen vuoteen 2030 menness\u00e4 ja kattavan verkon vuoteen 2050 menness\u00e4.<\/li>\n\n\n\n<li>ilmastotavoitteiden saavuttaminen.<\/li>\n\n\n\n<li>kehitt\u00e4\u00e4 TEN-T -verkon osia sek\u00e4 siviili- ett\u00e4 sotilaallisen liikkuvuuden parantamiseksi.<\/li>\n<\/ul>\n","protected":false},"excerpt":{"rendered":"<p>Alan tutkimukseen ja kehitykseen on saatavissa rahoitusta erilaisista julkisista l\u00e4hteist\u00e4 Rahoitus keskittyy&nbsp;erityisesti&nbsp;Business Finlandin&nbsp;ohjelmiin sek\u00e4&nbsp;EU:n tutkimuksen puiteohjelmiin, joista t\u00e4ll\u00e4 hetkell\u00e4 k\u00e4ynniss\u00e4 on&nbsp;Horisontti Eurooppa. &nbsp; My\u00f6s esimerkiksi&nbsp;Merenkulun s\u00e4\u00e4ti\u00f6&nbsp;tarjoaa apurahoja.&nbsp;S\u00e4\u00e4ti\u00f6&nbsp;on perustettu vuonna 1945, ja sen&nbsp;tarkoituksena on maamme merenkulun ja laivanrakennusteollisuuden tukeminen ja edist\u00e4minen my\u00f6nt\u00e4m\u00e4ll\u00e4 apurahoja n\u00e4iden alojen tutkijoille ja opiskelijoille.&nbsp;Lue lis\u00e4\u00e4 Osana ty\u00f6- ja elinkeinoministeri\u00f6n\u00a0Kest\u00e4v\u00e4n meriteollisuuden kehitt\u00e4misohjelmaa\u00a0on ker\u00e4tty [&hellip;]<\/p>\n","protected":false},"author":49,"featured_media":0,"parent":1228,"menu_order":1,"comment_status":"closed","ping_status":"closed","template":"","meta":{"_acf_changed":false,"_relevanssi_hide_post":"","_relevanssi_hide_content":"","_relevanssi_pin_for_all":"","_relevanssi_pin_keywords":"","_relevanssi_unpin_keywords":"","_relevanssi_related_keywords":"","_relevanssi_related_include_ids":"","_relevanssi_related_exclude_ids":"","_relevanssi_related_no_append":"","_relevanssi_related_not_related":"","_relevanssi_related_posts":"48,54,55,57,53,56","_relevanssi_noindex_reason":"","inline_featured_image":false,"footnotes":""},"class_list":["post-1232","page","type-page","status-publish","hentry"],"acf":[],"yoast_head":"<!-- This site is optimized with the Yoast SEO Premium plugin v27.1 (Yoast SEO v27.3) - https:\/\/yoast.com\/product\/yoast-seo-premium-wordpress\/ -->\n<title>Rahoitusta kehitykseen - Meriteollisuus ry<\/title>\n<meta name=\"robots\" content=\"index, follow, max-snippet:-1, max-image-preview:large, max-video-preview:-1\" \/>\n<link rel=\"canonical\" href=\"https:\/\/teknologiateollisuus.fi\/meriteollisuus\/kehitys\/rahoitusta-kehitykseen\/\" \/>\n<meta property=\"og:locale\" content=\"fi_FI\" \/>\n<meta property=\"og:type\" content=\"article\" \/>\n<meta property=\"og:title\" content=\"Rahoitusta kehitykseen\" \/>\n<meta property=\"og:description\" content=\"Alan tutkimukseen ja kehitykseen on saatavissa rahoitusta erilaisista julkisista l\u00e4hteist\u00e4 Rahoitus keskittyy&nbsp;erityisesti&nbsp;Business Finlandin&nbsp;ohjelmiin sek\u00e4&nbsp;EU:n tutkimuksen puiteohjelmiin, joista t\u00e4ll\u00e4 hetkell\u00e4 k\u00e4ynniss\u00e4 on&nbsp;Horisontti Eurooppa. &nbsp; My\u00f6s esimerkiksi&nbsp;Merenkulun s\u00e4\u00e4ti\u00f6&nbsp;tarjoaa apurahoja.&nbsp;S\u00e4\u00e4ti\u00f6&nbsp;on perustettu vuonna 1945, ja sen&nbsp;tarkoituksena on maamme merenkulun ja laivanrakennusteollisuuden tukeminen ja edist\u00e4minen my\u00f6nt\u00e4m\u00e4ll\u00e4 apurahoja n\u00e4iden alojen tutkijoille ja opiskelijoille.&nbsp;Lue lis\u00e4\u00e4 Osana ty\u00f6- ja elinkeinoministeri\u00f6n\u00a0Kest\u00e4v\u00e4n meriteollisuuden kehitt\u00e4misohjelmaa\u00a0on ker\u00e4tty [&hellip;]\" \/>\n<meta property=\"og:url\" content=\"https:\/\/teknologiateollisuus.fi\/meriteollisuus\/kehitys\/rahoitusta-kehitykseen\/\" \/>\n<meta property=\"og:site_name\" content=\"Meriteollisuus ry\" \/>\n<meta property=\"article:modified_time\" content=\"2025-12-31T07:49:35+00:00\" \/>\n<meta name=\"twitter:card\" content=\"summary_large_image\" \/>\n<meta name=\"twitter:label1\" content=\"Arvioitu lukuaika\" \/>\n\t<meta name=\"twitter:data1\" content=\"2 minuuttia\" \/>\n<script type=\"application\/ld+json\" class=\"yoast-schema-graph\">{\"@context\":\"https:\\\/\\\/schema.org\",\"@graph\":[{\"@type\":\"WebPage\",\"@id\":\"https:\\\/\\\/teknologiateollisuus.fi\\\/meriteollisuus\\\/kehitys\\\/rahoitusta-kehitykseen\\\/\",\"url\":\"https:\\\/\\\/teknologiateollisuus.fi\\\/meriteollisuus\\\/kehitys\\\/rahoitusta-kehitykseen\\\/\",\"name\":\"Rahoitusta kehitykseen - Meriteollisuus ry\",\"isPartOf\":{\"@id\":\"https:\\\/\\\/teknologiateollisuus.fi\\\/meriteollisuus\\\/#website\"},\"datePublished\":\"2024-08-21T07:32:50+00:00\",\"dateModified\":\"2025-12-31T07:49:35+00:00\",\"breadcrumb\":{\"@id\":\"https:\\\/\\\/teknologiateollisuus.fi\\\/meriteollisuus\\\/kehitys\\\/rahoitusta-kehitykseen\\\/#breadcrumb\"},\"inLanguage\":\"fi\",\"potentialAction\":[{\"@type\":\"ReadAction\",\"target\":[\"https:\\\/\\\/teknologiateollisuus.fi\\\/meriteollisuus\\\/kehitys\\\/rahoitusta-kehitykseen\\\/\"]}]},{\"@type\":\"BreadcrumbList\",\"@id\":\"https:\\\/\\\/teknologiateollisuus.fi\\\/meriteollisuus\\\/kehitys\\\/rahoitusta-kehitykseen\\\/#breadcrumb\",\"itemListElement\":[{\"@type\":\"ListItem\",\"position\":1,\"name\":\"Etusivu\",\"item\":\"https:\\\/\\\/teknologiateollisuus.fi\\\/meriteollisuus\\\/\"},{\"@type\":\"ListItem\",\"position\":2,\"name\":\"Kehitys\",\"item\":\"https:\\\/\\\/teknologiateollisuus.fi\\\/meriteollisuus\\\/kehitys\\\/\"},{\"@type\":\"ListItem\",\"position\":3,\"name\":\"Rahoitusta kehitykseen\"}]},{\"@type\":\"WebSite\",\"@id\":\"https:\\\/\\\/teknologiateollisuus.fi\\\/meriteollisuus\\\/#website\",\"url\":\"https:\\\/\\\/teknologiateollisuus.fi\\\/meriteollisuus\\\/\",\"name\":\"Meriteollisuus ry\",\"description\":\"\",\"potentialAction\":[{\"@type\":\"SearchAction\",\"target\":{\"@type\":\"EntryPoint\",\"urlTemplate\":\"https:\\\/\\\/teknologiateollisuus.fi\\\/meriteollisuus\\\/?s={search_term_string}\"},\"query-input\":{\"@type\":\"PropertyValueSpecification\",\"valueRequired\":true,\"valueName\":\"search_term_string\"}}],\"inLanguage\":\"fi\"}]}<\/script>\n<!-- \/ Yoast SEO Premium plugin. -->","yoast_head_json":{"title":"Rahoitusta kehitykseen - Meriteollisuus ry","robots":{"index":"index","follow":"follow","max-snippet":"max-snippet:-1","max-image-preview":"max-image-preview:large","max-video-preview":"max-video-preview:-1"},"canonical":"https:\/\/teknologiateollisuus.fi\/meriteollisuus\/kehitys\/rahoitusta-kehitykseen\/","og_locale":"fi_FI","og_type":"article","og_title":"Rahoitusta kehitykseen","og_description":"Alan tutkimukseen ja kehitykseen on saatavissa rahoitusta erilaisista julkisista l\u00e4hteist\u00e4 Rahoitus keskittyy&nbsp;erityisesti&nbsp;Business Finlandin&nbsp;ohjelmiin sek\u00e4&nbsp;EU:n tutkimuksen puiteohjelmiin, joista t\u00e4ll\u00e4 hetkell\u00e4 k\u00e4ynniss\u00e4 on&nbsp;Horisontti Eurooppa. &nbsp; My\u00f6s esimerkiksi&nbsp;Merenkulun s\u00e4\u00e4ti\u00f6&nbsp;tarjoaa apurahoja.&nbsp;S\u00e4\u00e4ti\u00f6&nbsp;on perustettu vuonna 1945, ja sen&nbsp;tarkoituksena on maamme merenkulun ja laivanrakennusteollisuuden tukeminen ja edist\u00e4minen my\u00f6nt\u00e4m\u00e4ll\u00e4 apurahoja n\u00e4iden alojen tutkijoille ja opiskelijoille.&nbsp;Lue lis\u00e4\u00e4 Osana ty\u00f6- ja elinkeinoministeri\u00f6n\u00a0Kest\u00e4v\u00e4n meriteollisuuden kehitt\u00e4misohjelmaa\u00a0on ker\u00e4tty [&hellip;]","og_url":"https:\/\/teknologiateollisuus.fi\/meriteollisuus\/kehitys\/rahoitusta-kehitykseen\/","og_site_name":"Meriteollisuus ry","article_modified_time":"2025-12-31T07:49:35+00:00","twitter_card":"summary_large_image","twitter_misc":{"Arvioitu lukuaika":"2 minuuttia"},"schema":{"@context":"https:\/\/schema.org","@graph":[{"@type":"WebPage","@id":"https:\/\/teknologiateollisuus.fi\/meriteollisuus\/kehitys\/rahoitusta-kehitykseen\/","url":"https:\/\/teknologiateollisuus.fi\/meriteollisuus\/kehitys\/rahoitusta-kehitykseen\/","name":"Rahoitusta kehitykseen - Meriteollisuus ry","isPartOf":{"@id":"https:\/\/teknologiateollisuus.fi\/meriteollisuus\/#website"},"datePublished":"2024-08-21T07:32:50+00:00","dateModified":"2025-12-31T07:49:35+00:00","breadcrumb":{"@id":"https:\/\/teknologiateollisuus.fi\/meriteollisuus\/kehitys\/rahoitusta-kehitykseen\/#breadcrumb"},"inLanguage":"fi","potentialAction":[{"@type":"ReadAction","target":["https:\/\/teknologiateollisuus.fi\/meriteollisuus\/kehitys\/rahoitusta-kehitykseen\/"]}]},{"@type":"BreadcrumbList","@id":"https:\/\/teknologiateollisuus.fi\/meriteollisuus\/kehitys\/rahoitusta-kehitykseen\/#breadcrumb","itemListElement":[{"@type":"ListItem","position":1,"name":"Etusivu","item":"https:\/\/teknologiateollisuus.fi\/meriteollisuus\/"},{"@type":"ListItem","position":2,"name":"Kehitys","item":"https:\/\/teknologiateollisuus.fi\/meriteollisuus\/kehitys\/"},{"@type":"ListItem","position":3,"name":"Rahoitusta kehitykseen"}]},{"@type":"WebSite","@id":"https:\/\/teknologiateollisuus.fi\/meriteollisuus\/#website","url":"https:\/\/teknologiateollisuus.fi\/meriteollisuus\/","name":"Meriteollisuus ry","description":"","potentialAction":[{"@type":"SearchAction","target":{"@type":"EntryPoint","urlTemplate":"https:\/\/teknologiateollisuus.fi\/meriteollisuus\/?s={search_term_string}"},"query-input":{"@type":"PropertyValueSpecification","valueRequired":true,"valueName":"search_term_string"}}],"inLanguage":"fi"}]}},"lang":"fi","translations":{"fi":1232},"pll_sync_post":[],"_links":{"self":[{"href":"https:\/\/teknologiateollisuus.fi\/meriteollisuus\/wp-json\/wp\/v2\/pages\/1232","targetHints":{"allow":["GET"]}}],"collection":[{"href":"https:\/\/teknologiateollisuus.fi\/meriteollisuus\/wp-json\/wp\/v2\/pages"}],"about":[{"href":"https:\/\/teknologiateollisuus.fi\/meriteollisuus\/wp-json\/wp\/v2\/types\/page"}],"author":[{"embeddable":true,"href":"https:\/\/teknologiateollisuus.fi\/meriteollisuus\/wp-json\/wp\/v2\/users\/49"}],"replies":[{"embeddable":true,"href":"https:\/\/teknologiateollisuus.fi\/meriteollisuus\/wp-json\/wp\/v2\/comments?post=1232"}],"version-history":[{"count":11,"href":"https:\/\/teknologiateollisuus.fi\/meriteollisuus\/wp-json\/wp\/v2\/pages\/1232\/revisions"}],"predecessor-version":[{"id":3268,"href":"https:\/\/teknologiateollisuus.fi\/meriteollisuus\/wp-json\/wp\/v2\/pages\/1232\/revisions\/3268"}],"up":[{"embeddable":true,"href":"https:\/\/teknologiateollisuus.fi\/meriteollisuus\/wp-json\/wp\/v2\/pages\/1228"}],"wp:attachment":[{"href":"https:\/\/teknologiateollisuus.fi\/meriteollisuus\/wp-json\/wp\/v2\/media?parent=1232"}],"curies":[{"name":"wp","href":"https:\/\/api.w.org\/{rel}","templated":true}]}}