{"id":1245,"date":"2024-08-21T11:25:50","date_gmt":"2024-08-21T08:25:50","guid":{"rendered":"https:\/\/meriteollisuus.teknologiateollisuus.fi\/?page_id=1245"},"modified":"2024-11-12T13:18:59","modified_gmt":"2024-11-12T11:18:59","slug":"meriteollisuus-ryn-hankkeet","status":"publish","type":"page","link":"https:\/\/teknologiateollisuus.fi\/meriteollisuus\/kehitys\/meriteollisuus-ryn-hankkeet\/","title":{"rendered":"Meriteollisuus ry:n hankkeet"},"content":{"rendered":"\n<div class=\"em-block-hero hero-has-background-color has-background has-petrol-background-color collapse media-position-right \">\n\t<div class=\"em-block-hero__container\">\n\t\t<div class=\"em-block-hero__content\">\n\t\t\t<div class=\"yoast-breadcrumbs\"><span><span><a href=\"https:\/\/teknologiateollisuus.fi\/meriteollisuus\/\">Etusivu<\/a><\/span> <span class=\"separator\"><\/span> <span><a href=\"https:\/\/teknologiateollisuus.fi\/meriteollisuus\/kehitys\/\">Kehitys<\/a><\/span> <span class=\"separator\"><\/span> <span class=\"breadcrumb_last\" aria-current=\"page\">Meriteollisuus ry:n hankkeet<\/span><\/span><\/div>\t\t\t\n<h1 class=\"wp-block-heading\" id=\"meriteollisuus-ryn-hankkeet\">Meriteollisuus ry:n hankkeet<\/h1>\n\n<p><\/p>\n\t\t\t<div class=\"em-block-hero__modified-date\"> P\u00e4ivitetty 12.11.2024 klo 13:18<\/div>\t\t<\/div>\n\t\t\t\t\t<figure class=\"em-block-hero__image\">\n\t\t\t\t\t\t\t<\/figure>\n\t\t\t<\/div>\n<\/div>\n\n\n\n<p>Meriteollisuus ry osallistuu aktiivisesti toimialansa kehitt\u00e4miseen, ja yhdistys on toteuttanut erilaisia toimialan yhteisty\u00f6t\u00e4, kansainv\u00e4listymist\u00e4 ja tuotekehityst\u00e4 edist\u00e4neit\u00e4 hankkeita. Voit lukea lis\u00e4\u00e4 hankkeista ao. linkeist\u00e4.<\/p>\n\n\n\n<div class=\"wp-block-evermade-links em-block-links has-columns-1 has-petrol-color has-text-color has-link-color wp-elements-0e32b665d20d185a4bd1e02ad12ae247\">\n<a\n\tclass=\"wp-block-evermade-internal-link em-block-link is-internal   has-subtitle\"\n\thref=\"https:\/\/teknologiateollisuus.fi\/meriteollisuus\/kehitys\/meriteollisuus-ryn-hankkeet\/meriklusterihanke\/\"\n\taria-label=\"Avaa samassa v\u00e4lilehdess\u00e4\"\n\ttarget=\"_self\"\n\trel=\"noopener\"\n>\n\t<div class=\"em-block-link__content\">\n\t\t<span class=\"em-block-link__title\">\n\t\t\tMeriklusterihanke\t\t<\/span>\n\t\t\t\t\t<span class=\"em-block-link__subtitle\">\n\t\t\t\tSuomen Meriklusterin elinkeinotoimijoiden yhteisty\u00f6hanke\t\t\t<\/span>\n\t\t\t<\/div>\n\t\t\t<div class=\"em-block-link__arrow\"><\/div>\n\t\t<div class=\"em-block-link__pressable\"><\/div>\n\t<\/a>\n\n\n\n<a\n\tclass=\"wp-block-evermade-internal-link em-block-link is-internal   \"\n\thref=\"https:\/\/teknologiateollisuus.fi\/meriteollisuus\/kehitys\/meriteollisuus-ryn-hankkeet\/paattyneet-hankkeet\/\"\n\taria-label=\"Avaa samassa v\u00e4lilehdess\u00e4\"\n\ttarget=\"_self\"\n\trel=\"noopener\"\n>\n\t<div class=\"em-block-link__content\">\n\t\t<span class=\"em-block-link__title\">\n\t\t\tP\u00e4\u00e4ttyneet hankkeet\t\t<\/span>\n\t\t\t<\/div>\n\t\t\t<div class=\"em-block-link__arrow\"><\/div>\n\t\t<div class=\"em-block-link__pressable\"><\/div>\n\t<\/a>\n<\/div>\n","protected":false},"excerpt":{"rendered":"<p>Meriteollisuus ry osallistuu aktiivisesti toimialansa kehitt\u00e4miseen, ja yhdistys on toteuttanut erilaisia toimialan yhteisty\u00f6t\u00e4, kansainv\u00e4listymist\u00e4 ja tuotekehityst\u00e4 edist\u00e4neit\u00e4 hankkeita. Voit lukea lis\u00e4\u00e4 hankkeista ao. linkeist\u00e4.<\/p>\n","protected":false},"author":59,"featured_media":25,"parent":1228,"menu_order":8,"comment_status":"closed","ping_status":"closed","template":"","meta":{"_acf_changed":false,"_relevanssi_hide_post":"","_relevanssi_hide_content":"","_relevanssi_pin_for_all":"","_relevanssi_pin_keywords":"","_relevanssi_unpin_keywords":"","_relevanssi_related_keywords":"","_relevanssi_related_include_ids":"","_relevanssi_related_exclude_ids":"","_relevanssi_related_no_append":"","_relevanssi_related_not_related":"","_relevanssi_related_posts":"1","_relevanssi_noindex_reason":"","inline_featured_image":false,"footnotes":""},"class_list":["post-1245","page","type-page","status-publish","has-post-thumbnail","hentry"],"acf":[],"yoast_head":"<!-- This site is optimized with the Yoast SEO Premium plugin v27.1 (Yoast SEO v27.3) - https:\/\/yoast.com\/product\/yoast-seo-premium-wordpress\/ -->\n<title>Meriteollisuus ry:n hankkeet - Meriteollisuus ry<\/title>\n<meta name=\"robots\" content=\"index, follow, max-snippet:-1, max-image-preview:large, max-video-preview:-1\" \/>\n<link rel=\"canonical\" href=\"https:\/\/teknologiateollisuus.fi\/meriteollisuus\/kehitys\/meriteollisuus-ryn-hankkeet\/\" \/>\n<meta property=\"og:locale\" content=\"fi_FI\" \/>\n<meta property=\"og:type\" content=\"article\" \/>\n<meta property=\"og:title\" content=\"Meriteollisuus ry:n hankkeet\" \/>\n<meta property=\"og:description\" content=\"Meriteollisuus ry osallistuu aktiivisesti toimialansa kehitt\u00e4miseen, ja yhdistys on toteuttanut erilaisia toimialan yhteisty\u00f6t\u00e4, kansainv\u00e4listymist\u00e4 ja tuotekehityst\u00e4 edist\u00e4neit\u00e4 hankkeita. Voit lukea lis\u00e4\u00e4 hankkeista ao. linkeist\u00e4.\" \/>\n<meta property=\"og:url\" content=\"https:\/\/teknologiateollisuus.fi\/meriteollisuus\/kehitys\/meriteollisuus-ryn-hankkeet\/\" \/>\n<meta property=\"og:site_name\" content=\"Meriteollisuus ry\" \/>\n<meta property=\"article:modified_time\" content=\"2024-11-12T11:18:59+00:00\" \/>\n<meta property=\"og:image\" content=\"https:\/\/teknologiateollisuus.fi\/meriteollisuus\/wp-content\/uploads\/sites\/5\/2024\/06\/tekno-fallback.png\" \/>\n\t<meta property=\"og:image:width\" content=\"1300\" \/>\n\t<meta property=\"og:image:height\" content=\"975\" \/>\n\t<meta property=\"og:image:type\" content=\"image\/png\" \/>\n<meta name=\"twitter:card\" content=\"summary_large_image\" \/>\n<meta name=\"twitter:label1\" content=\"Arvioitu lukuaika\" \/>\n\t<meta name=\"twitter:data1\" content=\"1 minuutti\" \/>\n<script type=\"application\/ld+json\" class=\"yoast-schema-graph\">{\"@context\":\"https:\\\/\\\/schema.org\",\"@graph\":[{\"@type\":\"WebPage\",\"@id\":\"https:\\\/\\\/teknologiateollisuus.fi\\\/meriteollisuus\\\/kehitys\\\/meriteollisuus-ryn-hankkeet\\\/\",\"url\":\"https:\\\/\\\/teknologiateollisuus.fi\\\/meriteollisuus\\\/kehitys\\\/meriteollisuus-ryn-hankkeet\\\/\",\"name\":\"Meriteollisuus ry:n hankkeet - Meriteollisuus ry\",\"isPartOf\":{\"@id\":\"https:\\\/\\\/teknologiateollisuus.fi\\\/meriteollisuus\\\/#website\"},\"primaryImageOfPage\":{\"@id\":\"https:\\\/\\\/teknologiateollisuus.fi\\\/meriteollisuus\\\/kehitys\\\/meriteollisuus-ryn-hankkeet\\\/#primaryimage\"},\"image\":{\"@id\":\"https:\\\/\\\/teknologiateollisuus.fi\\\/meriteollisuus\\\/kehitys\\\/meriteollisuus-ryn-hankkeet\\\/#primaryimage\"},\"thumbnailUrl\":\"https:\\\/\\\/teknologiateollisuus.fi\\\/meriteollisuus\\\/wp-content\\\/uploads\\\/sites\\\/5\\\/2024\\\/06\\\/tekno-fallback.png\",\"datePublished\":\"2024-08-21T08:25:50+00:00\",\"dateModified\":\"2024-11-12T11:18:59+00:00\",\"breadcrumb\":{\"@id\":\"https:\\\/\\\/teknologiateollisuus.fi\\\/meriteollisuus\\\/kehitys\\\/meriteollisuus-ryn-hankkeet\\\/#breadcrumb\"},\"inLanguage\":\"fi\",\"potentialAction\":[{\"@type\":\"ReadAction\",\"target\":[\"https:\\\/\\\/teknologiateollisuus.fi\\\/meriteollisuus\\\/kehitys\\\/meriteollisuus-ryn-hankkeet\\\/\"]}]},{\"@type\":\"ImageObject\",\"inLanguage\":\"fi\",\"@id\":\"https:\\\/\\\/teknologiateollisuus.fi\\\/meriteollisuus\\\/kehitys\\\/meriteollisuus-ryn-hankkeet\\\/#primaryimage\",\"url\":\"https:\\\/\\\/teknologiateollisuus.fi\\\/meriteollisuus\\\/wp-content\\\/uploads\\\/sites\\\/5\\\/2024\\\/06\\\/tekno-fallback.png\",\"contentUrl\":\"https:\\\/\\\/teknologiateollisuus.fi\\\/meriteollisuus\\\/wp-content\\\/uploads\\\/sites\\\/5\\\/2024\\\/06\\\/tekno-fallback.png\",\"width\":1300,\"height\":975},{\"@type\":\"BreadcrumbList\",\"@id\":\"https:\\\/\\\/teknologiateollisuus.fi\\\/meriteollisuus\\\/kehitys\\\/meriteollisuus-ryn-hankkeet\\\/#breadcrumb\",\"itemListElement\":[{\"@type\":\"ListItem\",\"position\":1,\"name\":\"Etusivu\",\"item\":\"https:\\\/\\\/teknologiateollisuus.fi\\\/meriteollisuus\\\/\"},{\"@type\":\"ListItem\",\"position\":2,\"name\":\"Kehitys\",\"item\":\"https:\\\/\\\/teknologiateollisuus.fi\\\/meriteollisuus\\\/kehitys\\\/\"},{\"@type\":\"ListItem\",\"position\":3,\"name\":\"Meriteollisuus ry:n hankkeet\"}]},{\"@type\":\"WebSite\",\"@id\":\"https:\\\/\\\/teknologiateollisuus.fi\\\/meriteollisuus\\\/#website\",\"url\":\"https:\\\/\\\/teknologiateollisuus.fi\\\/meriteollisuus\\\/\",\"name\":\"Meriteollisuus ry\",\"description\":\"\",\"potentialAction\":[{\"@type\":\"SearchAction\",\"target\":{\"@type\":\"EntryPoint\",\"urlTemplate\":\"https:\\\/\\\/teknologiateollisuus.fi\\\/meriteollisuus\\\/?s={search_term_string}\"},\"query-input\":{\"@type\":\"PropertyValueSpecification\",\"valueRequired\":true,\"valueName\":\"search_term_string\"}}],\"inLanguage\":\"fi\"}]}<\/script>\n<!-- \/ Yoast SEO Premium plugin. -->","yoast_head_json":{"title":"Meriteollisuus ry:n hankkeet - Meriteollisuus ry","robots":{"index":"index","follow":"follow","max-snippet":"max-snippet:-1","max-image-preview":"max-image-preview:large","max-video-preview":"max-video-preview:-1"},"canonical":"https:\/\/teknologiateollisuus.fi\/meriteollisuus\/kehitys\/meriteollisuus-ryn-hankkeet\/","og_locale":"fi_FI","og_type":"article","og_title":"Meriteollisuus ry:n hankkeet","og_description":"Meriteollisuus ry osallistuu aktiivisesti toimialansa kehitt\u00e4miseen, ja yhdistys on toteuttanut erilaisia toimialan yhteisty\u00f6t\u00e4, kansainv\u00e4listymist\u00e4 ja tuotekehityst\u00e4 edist\u00e4neit\u00e4 hankkeita. Voit lukea lis\u00e4\u00e4 hankkeista ao. linkeist\u00e4.","og_url":"https:\/\/teknologiateollisuus.fi\/meriteollisuus\/kehitys\/meriteollisuus-ryn-hankkeet\/","og_site_name":"Meriteollisuus ry","article_modified_time":"2024-11-12T11:18:59+00:00","og_image":[{"width":1300,"height":975,"url":"https:\/\/teknologiateollisuus.fi\/meriteollisuus\/wp-content\/uploads\/sites\/5\/2024\/06\/tekno-fallback.png","type":"image\/png"}],"twitter_card":"summary_large_image","twitter_misc":{"Arvioitu lukuaika":"1 minuutti"},"schema":{"@context":"https:\/\/schema.org","@graph":[{"@type":"WebPage","@id":"https:\/\/teknologiateollisuus.fi\/meriteollisuus\/kehitys\/meriteollisuus-ryn-hankkeet\/","url":"https:\/\/teknologiateollisuus.fi\/meriteollisuus\/kehitys\/meriteollisuus-ryn-hankkeet\/","name":"Meriteollisuus ry:n hankkeet - Meriteollisuus ry","isPartOf":{"@id":"https:\/\/teknologiateollisuus.fi\/meriteollisuus\/#website"},"primaryImageOfPage":{"@id":"https:\/\/teknologiateollisuus.fi\/meriteollisuus\/kehitys\/meriteollisuus-ryn-hankkeet\/#primaryimage"},"image":{"@id":"https:\/\/teknologiateollisuus.fi\/meriteollisuus\/kehitys\/meriteollisuus-ryn-hankkeet\/#primaryimage"},"thumbnailUrl":"https:\/\/teknologiateollisuus.fi\/meriteollisuus\/wp-content\/uploads\/sites\/5\/2024\/06\/tekno-fallback.png","datePublished":"2024-08-21T08:25:50+00:00","dateModified":"2024-11-12T11:18:59+00:00","breadcrumb":{"@id":"https:\/\/teknologiateollisuus.fi\/meriteollisuus\/kehitys\/meriteollisuus-ryn-hankkeet\/#breadcrumb"},"inLanguage":"fi","potentialAction":[{"@type":"ReadAction","target":["https:\/\/teknologiateollisuus.fi\/meriteollisuus\/kehitys\/meriteollisuus-ryn-hankkeet\/"]}]},{"@type":"ImageObject","inLanguage":"fi","@id":"https:\/\/teknologiateollisuus.fi\/meriteollisuus\/kehitys\/meriteollisuus-ryn-hankkeet\/#primaryimage","url":"https:\/\/teknologiateollisuus.fi\/meriteollisuus\/wp-content\/uploads\/sites\/5\/2024\/06\/tekno-fallback.png","contentUrl":"https:\/\/teknologiateollisuus.fi\/meriteollisuus\/wp-content\/uploads\/sites\/5\/2024\/06\/tekno-fallback.png","width":1300,"height":975},{"@type":"BreadcrumbList","@id":"https:\/\/teknologiateollisuus.fi\/meriteollisuus\/kehitys\/meriteollisuus-ryn-hankkeet\/#breadcrumb","itemListElement":[{"@type":"ListItem","position":1,"name":"Etusivu","item":"https:\/\/teknologiateollisuus.fi\/meriteollisuus\/"},{"@type":"ListItem","position":2,"name":"Kehitys","item":"https:\/\/teknologiateollisuus.fi\/meriteollisuus\/kehitys\/"},{"@type":"ListItem","position":3,"name":"Meriteollisuus ry:n hankkeet"}]},{"@type":"WebSite","@id":"https:\/\/teknologiateollisuus.fi\/meriteollisuus\/#website","url":"https:\/\/teknologiateollisuus.fi\/meriteollisuus\/","name":"Meriteollisuus ry","description":"","potentialAction":[{"@type":"SearchAction","target":{"@type":"EntryPoint","urlTemplate":"https:\/\/teknologiateollisuus.fi\/meriteollisuus\/?s={search_term_string}"},"query-input":{"@type":"PropertyValueSpecification","valueRequired":true,"valueName":"search_term_string"}}],"inLanguage":"fi"}]}},"lang":"fi","translations":{"fi":1245},"pll_sync_post":[],"_links":{"self":[{"href":"https:\/\/teknologiateollisuus.fi\/meriteollisuus\/wp-json\/wp\/v2\/pages\/1245","targetHints":{"allow":["GET"]}}],"collection":[{"href":"https:\/\/teknologiateollisuus.fi\/meriteollisuus\/wp-json\/wp\/v2\/pages"}],"about":[{"href":"https:\/\/teknologiateollisuus.fi\/meriteollisuus\/wp-json\/wp\/v2\/types\/page"}],"author":[{"embeddable":true,"href":"https:\/\/teknologiateollisuus.fi\/meriteollisuus\/wp-json\/wp\/v2\/users\/59"}],"replies":[{"embeddable":true,"href":"https:\/\/teknologiateollisuus.fi\/meriteollisuus\/wp-json\/wp\/v2\/comments?post=1245"}],"version-history":[{"count":9,"href":"https:\/\/teknologiateollisuus.fi\/meriteollisuus\/wp-json\/wp\/v2\/pages\/1245\/revisions"}],"predecessor-version":[{"id":2320,"href":"https:\/\/teknologiateollisuus.fi\/meriteollisuus\/wp-json\/wp\/v2\/pages\/1245\/revisions\/2320"}],"up":[{"embeddable":true,"href":"https:\/\/teknologiateollisuus.fi\/meriteollisuus\/wp-json\/wp\/v2\/pages\/1228"}],"wp:featuredmedia":[{"embeddable":true,"href":"https:\/\/teknologiateollisuus.fi\/meriteollisuus\/wp-json\/wp\/v2\/media\/25"}],"wp:attachment":[{"href":"https:\/\/teknologiateollisuus.fi\/meriteollisuus\/wp-json\/wp\/v2\/media?parent=1245"}],"curies":[{"name":"wp","href":"https:\/\/api.w.org\/{rel}","templated":true}]}}