{"id":1249,"date":"2024-08-21T10:41:31","date_gmt":"2024-08-21T07:41:31","guid":{"rendered":"https:\/\/meriteollisuus.teknologiateollisuus.fi\/?page_id=1249"},"modified":"2026-02-02T13:14:37","modified_gmt":"2026-02-02T11:14:37","slug":"projektit-ja-ohjelmat","status":"publish","type":"page","link":"https:\/\/teknologiateollisuus.fi\/meriteollisuus\/kehitys\/projektit-ja-ohjelmat\/","title":{"rendered":"Projektit ja ohjelmat"},"content":{"rendered":"\n<div class=\"em-block-hero hero-has-background-color has-background has-petrol-background-color has-image media-position-right \">\n\t<div class=\"em-block-hero__container\">\n\t\t<div class=\"em-block-hero__content\">\n\t\t\t<div class=\"yoast-breadcrumbs\"><span><span><a href=\"https:\/\/teknologiateollisuus.fi\/meriteollisuus\/\">Etusivu<\/a><\/span> <span class=\"separator\"><\/span> <span><a href=\"https:\/\/teknologiateollisuus.fi\/meriteollisuus\/kehitys\/\">Kehitys<\/a><\/span> <span class=\"separator\"><\/span> <span class=\"breadcrumb_last\" aria-current=\"page\">Projektit ja ohjelmat<\/span><\/span><\/div>\t\t\t\n<h1 class=\"wp-block-heading\" id=\"h-projektit-ja-ohjelmat\">Projektit ja ohjelmat<\/h1>\n\n<p><\/p>\n\t\t\t<div class=\"em-block-hero__modified-date\"> P\u00e4ivitetty 02.02.2026 klo 13:14<\/div>\t\t<\/div>\n\t\t\t\t\t<figure class=\"em-block-hero__image\">\n\t\t\t\t<img loading=\"lazy\" decoding=\"async\" width=\"1044\" height=\"696\" src=\"https:\/\/teknologiateollisuus.fi\/meriteollisuus\/wp-content\/uploads\/sites\/5\/2025\/03\/pienitiedosto_Meriteollisuus_8613.jpeg\" class=\"attachment-hero size-hero\" alt=\"Aker Arctic, Vuosaari, Helsinki. Kuva: Liisa Takala\" srcset=\"https:\/\/teknologiateollisuus.fi\/meriteollisuus\/wp-content\/uploads\/sites\/5\/2025\/03\/pienitiedosto_Meriteollisuus_8613.jpeg 1044w, https:\/\/teknologiateollisuus.fi\/meriteollisuus\/wp-content\/uploads\/sites\/5\/2025\/03\/pienitiedosto_Meriteollisuus_8613-400x267.jpeg 400w, https:\/\/teknologiateollisuus.fi\/meriteollisuus\/wp-content\/uploads\/sites\/5\/2025\/03\/pienitiedosto_Meriteollisuus_8613-968x645.jpeg 968w, https:\/\/teknologiateollisuus.fi\/meriteollisuus\/wp-content\/uploads\/sites\/5\/2025\/03\/pienitiedosto_Meriteollisuus_8613-768x512.jpeg 768w\" sizes=\"auto, (max-width: 1044px) 100vw, 1044px\" \/>\t\t\t<\/figure>\n\t\t\t<\/div>\n<\/div>\n\n\n\n<p>Suomalainen meriteollisuus on kansainv\u00e4lisesti tunnettu innovatiivisuudestaan ja edell\u00e4k\u00e4vijyydest\u00e4\u00e4n. Meriteollisuuden yritykset ovatkin aktiivisesti mukana erilaisissa suurissa tuotekehitysprojekteissa kansallisesti ja kansainv\u00e4lisesti. Kehitys painottuu erityisesti Business Finlandin ohjelmiin sek\u00e4 EU:n tutkimuksen puiteohjelmiin, joista uusimpana Horisontti Eurooppa.<\/p>\n\n\n\n<h2 class=\"wp-block-heading\" id=\"h-merkittavimpia-projekteja\"><strong>Merkitt\u00e4vimpi\u00e4 projekteja<\/strong><\/h2>\n\n\n\n<p><strong>Esimerkkiprojekteja<\/strong><\/p>\n\n\n\n<p><strong>Meyer Turun NEcOLEAP-veturiohjelma 2022-<\/strong><\/p>\n\n\n\n<p>Meyer Turku on valittu mukaan Business Finlandin veturiyritysten ja -ekosysteemien rahoitusohjelmaan. NEcOLEAP-ohjelman p\u00e4\u00e4tavoitteena on nopeuttaa telakan liiketoiminnan sopeutumista vihre\u00e4\u00e4n siirtym\u00e4\u00e4n ja vastaamaan ilmastonmuutokseen liittyviin vaatimuksiin yhdess\u00e4 ekosysteemikumppaneiden kanssa. Telakan tavoitteena on kehitt\u00e4\u00e4 ilmastoneutraali risteilyaluskonsepti vuoteen 2025 menness\u00e4. Tavoitteena on my\u00f6s, ett\u00e4 laivanrakentaminen olisi telakalla CO2-neutraalia vuoteen 2030 menness\u00e4. Lue lis\u00e4\u00e4&nbsp;<a href=\"https:\/\/necoleap.fi\/\">ohjelman nettisivuilla<\/a>.<\/p>\n\n\n\n<p><strong>W\u00e4rtsil\u00e4n&nbsp;\u201dZero Emission Marine\u201d -veturiohjelma 2022-<\/strong><\/p>\n\n\n\n<p>W\u00e4rtsil\u00e4 on k\u00e4ynnist\u00e4nyt merkitt\u00e4v\u00e4n&nbsp;tutkimus-, kehitys- ja innovaatiohankkeen nollap\u00e4\u00e4st\u00f6isen merenkulun edist\u00e4miseksi yhdess\u00e4 l\u00e4hes 200 toimijan kanssa. Hankkeelle on my\u00f6nnetty 20 miljoonan euron rahoitus Business Finlandin veturiyritysten haastekilpailussa.&nbsp;W\u00e4rtsil\u00e4n johtaman nelivuotisen yhteisty\u00f6hankkeen tavoitteena on mahdollistaa nollap\u00e4\u00e4st\u00f6inen meriliikenne-ekosysteemi, joka kehitt\u00e4\u00e4 kest\u00e4vi\u00e4 teknologiaratkaisuja. Lis\u00e4ksi tavoitteena on v\u00e4hent\u00e4\u00e4 meriliikenteen kasvihuonekaasup\u00e4\u00e4st\u00f6j\u00e4 60 prosentilla vuoteen 2030 menness\u00e4. Kaikki ekosysteemin tuotteet ovat hiilineutraaleja tai hiilinegatiivisia vuoteen 2050 menness\u00e4.&nbsp;Lue lis\u00e4\u00e4&nbsp;<a href=\"https:\/\/www.zemecosystem.com\/\">ohjelman nettisivuilla<\/a>.<\/p>\n\n\n\n<p><strong>Merikartta 2020-2022<\/strong><\/p>\n\n\n\n<p>Projektin tavoitteena on rakentaa ekosysteemi, joka auttaa merenkulkua siirtym\u00e4\u00e4n kohti hiilineutraalia kiertotaloutta ja joka samalla vastaa niin ilmastonmuutoksen kuin luonnon monimuotoisuuden turvaamisen haasteisiin. Projekti ker\u00e4\u00e4 my\u00f6s aikaisempien hankkeiden tulokset, osaamisen ja teknologiat yhteisen sateenvarjon alle. Lue lis\u00e4\u00e4&nbsp;<a href=\"https:\/\/merikartta.turkuamk.fi\/\">projektin nettisivuilta<\/a>.<\/p>\n\n\n\n<p><strong>INTENS 2018-2021<\/strong><\/p>\n\n\n\n<p>VTT:n koordinoiman suomalaisen INTENS-tutkimusyhteisty\u00f6konsortion j\u00e4senet ovat yhdess\u00e4 p\u00e4\u00e4tt\u00e4neet panostaa kolmen vuoden aikana yli 13 miljoonaa euroa suomalaisen meriteollisuuden kehitt\u00e4miseen ja digitalisoinnin edist\u00e4miseen. T\u00e4h\u00e4n sis\u00e4ltyy Business Finlandin my\u00f6nt\u00e4m\u00e4 5,6 miljoonan euron rahoitus. Hankkeessa keskityt\u00e4\u00e4n erityisesti parantamaan alusten energiatehokkuutta ja v\u00e4hent\u00e4m\u00e4\u00e4n niiden aiheuttamia p\u00e4\u00e4st\u00f6j\u00e4.&nbsp;<\/p>\n\n\n\n<p><strong>Rebus&nbsp;2014-2017<\/strong><\/p>\n\n\n\n<p>DIMECCin Rebus-ohjelma kehitti verkostoja ja liiketoiminnan ekosysteemej\u00e4.&nbsp;<a href=\"http:\/\/www.dimecc.com\/dimecc-services\/rebus\/\" target=\"_blank\" rel=\"noreferrer noopener\">Lis\u00e4tietoja<\/a><\/p>\n\n\n\n<p><strong>BSA&nbsp;2014-2017<\/strong><\/p>\n\n\n\n<p>DIMECCin Breakthrough Steels and Applications (BSA) -projekti rakennettiin ter\u00e4ksen arvoketjun ymp\u00e4rille ja sen tavoitteena oli kehitt\u00e4\u00e4 ter\u00e4stuotteiden elinkaaritehokkuutta, konsepteja,&nbsp;suunnittelumenetelmi\u00e4 ja digitaalisia ty\u00f6kaluja.&nbsp;<a href=\"http:\/\/www.dimecc.com\/dimecc-services\/bsa-breakthrough-steels-applications\/\" target=\"_blank\" rel=\"noreferrer noopener\">Lis\u00e4tietoja<\/a><\/p>\n\n\n\n<p><strong>JOULES 2013-2017<\/strong><\/p>\n\n\n\n<p>Vuonna 2013 alkanut ja nelj\u00e4 vuotta kest\u00e4nyt EU-projekti (Joint Operation for Ultra Low Emission Shipping) t\u00e4ht\u00e4si v\u00e4h\u00e4p\u00e4\u00e4st\u00f6isen teknologian&nbsp;kehitt\u00e4miseen yritysten ja tutkimuslaitosten yhteisty\u00f6n\u00e4. Tarkoituksena oli integroida v\u00e4h\u00e4p\u00e4\u00e4st\u00f6ist\u00e4 teknologiaa&nbsp;laivoihin jo suunnitteluvaiheessa. Projektissa oli mukana kaikkiaan 39 j\u00e4sent\u00e4, joista viisi Suomesta. Projektia rahoitti Euroopan unioni.&nbsp;<a href=\"https:\/\/cordis.europa.eu\/project\/id\/605190\">Lis\u00e4tietoja<\/a><\/p>\n\n\n\n<p><strong>MANU 2012-2016<\/strong><\/p>\n\n\n\n<p>DIMECCin MANU keskittyi valmistusteknologioihin ja niiden digitalisointiin.&nbsp;<a href=\"https:\/\/www.dimecc.com\/final-report-manu-future-digital-manufacturing-technologies-and-system\/\">Lis\u00e4tietoja<\/a><\/p>\n\n\n\n<p><strong>Hercules C 2012-2014<\/strong><\/p>\n\n\n\n<p>Hercules C oli kolmas vaihe Hercules-projektien ketjussa. Projektin tarkoituksena oli kehitt\u00e4\u00e4 uusia teknologioita meriteollisuudessa k\u00e4ytett\u00e4vien moottorien p\u00e4\u00e4st\u00f6jen v\u00e4hent\u00e4miseksi sek\u00e4 samalla lis\u00e4t\u00e4 niiden tehokkuutta ja luotettavuutta.&nbsp;<a href=\"https:\/\/cordis.europa.eu\/project\/id\/284354\">Lis\u00e4tietoja<\/a><\/p>\n\n\n\n<p><strong>Innovations &amp; Network 2009-2013<\/strong><\/p>\n\n\n\n<p>FIMECC -SHOKin Innovations &amp; Network -ohjelman&nbsp;tarkoituksena oli kehitt\u00e4\u00e4 uusia innovaatioita ja liiketoimintamalleja perustutkimuksen ja teollisuuden innovaatioiden avulla. Meriteollisuus oli vahvasti mukana ohjelmassa.&nbsp;<a href=\"https:\/\/teknologiateollisuus.fi\/meriteollisuus\/wp-content\/uploads\/sites\/5\/2024\/10\/fimecc-innovations-and-network.pdf\">Lis\u00e4tietoja<\/a><\/p>\n\n\n\n<p><strong>BESST 2009-2013<\/strong><\/p>\n\n\n\n<p>Seitsem\u00e4nnen puiteohjelman BESST (Breakthrough in European Ship and Shipbuilding Technologies) EU\u2013projektin tavoitteena oli kehitt\u00e4\u00e4 suurten matkustaja-alusten rakentamista. Projekti kehitti laivanrakennukseen systemaattista l\u00e4hestymistapaa, ja sen tavoitteena oli huomioida&nbsp;laivan koko elinkaari.&nbsp;<a href=\"https:\/\/cordis.europa.eu\/project\/id\/233980\">Lis\u00e4tietoja<\/a><\/p>\n\n\n\n<h2 class=\"wp-block-heading\" id=\"h-toimintaympariston-kehitysohjelmia\"><strong>Toimintaymp\u00e4rist\u00f6n kehitysohjelmia<\/strong><\/h2>\n\n\n\n<p><strong>Ty\u00f6- ja elinkeinoministeri\u00f6n Kest\u00e4v\u00e4n meriteollisuuden kehitt\u00e4misohjelma<\/strong><\/p>\n\n\n\n<p>Ty\u00f6- ja elinkeinoministeri\u00f6 toteutti Kest\u00e4v\u00e4n meriteollisuuden kehitt\u00e4misohjelman vuosina 2022-2023 varmistaakseen meriteollisuusekosysteemin yritysten kilpailukyvyn kasvattamista tukevat toimenpiteet. Ohjelmaan sis\u00e4ltyi viisi toimenpidekokonaisuutta, jotka k\u00e4sitteliv\u00e4t koordinoitua viestint\u00e4\u00e4, julkisen rahoituksen soveltuvuuden varmistamista, osaamisen ja ty\u00f6voiman monipuolista saatavuutta, julkisen sektorin suotuisaa toimintaymp\u00e4rist\u00f6\u00e4 ja kansainv\u00e4list\u00e4 toimintaymp\u00e4rist\u00f6\u00e4. My\u00f6s Meriteollisuus ry oli aktiivisesti mukana ohjelman toimenpiteiden valmistelussa ja toteutuksessa.<\/p>\n\n\n\n<p><strong>Ty\u00f6- ja elinkeinoministeri\u00f6n meriteollisuuden toimintaymp\u00e4rist\u00f6n kehitt\u00e4misohjelma<\/strong><\/p>\n\n\n\n<p>Ty\u00f6- ja elinkeinoministeri\u00f6 k\u00e4ynnisti meriteollisuuden toimintaymp\u00e4rist\u00f6n kehitt\u00e4misohjelman vuosille 2014-2016 Meriteollisuus 2020 -ty\u00f6ryhm\u00e4n suositusten mukaisesti. Ohjelma toteutettiin&nbsp;toimintaymp\u00e4rist\u00f6\u00e4 kehitt\u00e4vien hankkeiden avulla.&nbsp;<\/p>\n\n\n\n<p><strong>Meriklusteriohjelma 2007-2013<\/strong><\/p>\n\n\n\n<p>Meriklusteriohjelman&nbsp;teht\u00e4v\u00e4n\u00e4 oli aktivoida, yhdist\u00e4\u00e4 ja edist\u00e4\u00e4 meriteollisuuden, merenkulun ja n\u00e4it\u00e4 tukevien pk-yritysten kehityst\u00e4, koulutusta ja tutkimusta sek\u00e4 parantaa meriklusterin n\u00e4kyvyytt\u00e4.&nbsp;<\/p>\n\n\n\n<p><\/p>\n\n\n\n<p><\/p>\n\n\n\n<p><em>Yl\u00e4kuva: Liisa Takala<\/em><\/p>\n\n\n\n<p><\/p>\n","protected":false},"excerpt":{"rendered":"<p>Suomalainen meriteollisuus on kansainv\u00e4lisesti tunnettu innovatiivisuudestaan ja edell\u00e4k\u00e4vijyydest\u00e4\u00e4n. Meriteollisuuden yritykset ovatkin aktiivisesti mukana erilaisissa suurissa tuotekehitysprojekteissa kansallisesti ja kansainv\u00e4lisesti. Kehitys painottuu erityisesti Business Finlandin ohjelmiin sek\u00e4 EU:n tutkimuksen puiteohjelmiin, joista uusimpana Horisontti Eurooppa. Merkitt\u00e4vimpi\u00e4 projekteja Esimerkkiprojekteja Meyer Turun NEcOLEAP-veturiohjelma 2022- Meyer Turku on valittu mukaan Business Finlandin veturiyritysten ja -ekosysteemien rahoitusohjelmaan. NEcOLEAP-ohjelman p\u00e4\u00e4tavoitteena on nopeuttaa [&hellip;]<\/p>\n","protected":false},"author":49,"featured_media":2717,"parent":1228,"menu_order":5,"comment_status":"closed","ping_status":"closed","template":"","meta":{"_acf_changed":false,"_relevanssi_hide_post":"","_relevanssi_hide_content":"","_relevanssi_pin_for_all":"","_relevanssi_pin_keywords":"","_relevanssi_unpin_keywords":"","_relevanssi_related_keywords":"","_relevanssi_related_include_ids":"","_relevanssi_related_exclude_ids":"","_relevanssi_related_no_append":"","_relevanssi_related_not_related":"","_relevanssi_related_posts":"55,53,48,54,57,56","_relevanssi_noindex_reason":"","inline_featured_image":false,"footnotes":""},"class_list":["post-1249","page","type-page","status-publish","has-post-thumbnail","hentry"],"acf":[],"yoast_head":"<!-- This site is optimized with the Yoast SEO Premium plugin v27.1 (Yoast SEO v27.3) - https:\/\/yoast.com\/product\/yoast-seo-premium-wordpress\/ -->\n<title>Projektit ja ohjelmat - Meriteollisuus ry<\/title>\n<meta name=\"robots\" content=\"index, follow, max-snippet:-1, max-image-preview:large, max-video-preview:-1\" \/>\n<link rel=\"canonical\" href=\"https:\/\/teknologiateollisuus.fi\/meriteollisuus\/kehitys\/projektit-ja-ohjelmat\/\" \/>\n<meta property=\"og:locale\" content=\"fi_FI\" \/>\n<meta property=\"og:type\" content=\"article\" \/>\n<meta property=\"og:title\" content=\"Projektit ja ohjelmat\" \/>\n<meta property=\"og:description\" content=\"Suomalainen meriteollisuus on kansainv\u00e4lisesti tunnettu innovatiivisuudestaan ja edell\u00e4k\u00e4vijyydest\u00e4\u00e4n. Meriteollisuuden yritykset ovatkin aktiivisesti mukana erilaisissa suurissa tuotekehitysprojekteissa kansallisesti ja kansainv\u00e4lisesti. Kehitys painottuu erityisesti Business Finlandin ohjelmiin sek\u00e4 EU:n tutkimuksen puiteohjelmiin, joista uusimpana Horisontti Eurooppa. Merkitt\u00e4vimpi\u00e4 projekteja Esimerkkiprojekteja Meyer Turun NEcOLEAP-veturiohjelma 2022- Meyer Turku on valittu mukaan Business Finlandin veturiyritysten ja -ekosysteemien rahoitusohjelmaan. NEcOLEAP-ohjelman p\u00e4\u00e4tavoitteena on nopeuttaa [&hellip;]\" \/>\n<meta property=\"og:url\" content=\"https:\/\/teknologiateollisuus.fi\/meriteollisuus\/kehitys\/projektit-ja-ohjelmat\/\" \/>\n<meta property=\"og:site_name\" content=\"Meriteollisuus ry\" \/>\n<meta property=\"article:modified_time\" content=\"2026-02-02T11:14:37+00:00\" \/>\n<meta property=\"og:image\" content=\"https:\/\/teknologiateollisuus.fi\/meriteollisuus\/wp-content\/uploads\/sites\/5\/2025\/03\/pienitiedosto_Meriteollisuus_8613.jpeg\" \/>\n\t<meta property=\"og:image:width\" content=\"1044\" \/>\n\t<meta property=\"og:image:height\" content=\"696\" \/>\n\t<meta property=\"og:image:type\" content=\"image\/jpeg\" \/>\n<meta name=\"twitter:card\" content=\"summary_large_image\" \/>\n<meta name=\"twitter:label1\" content=\"Arvioitu lukuaika\" \/>\n\t<meta name=\"twitter:data1\" content=\"4 minuuttia\" \/>\n<script type=\"application\/ld+json\" class=\"yoast-schema-graph\">{\"@context\":\"https:\\\/\\\/schema.org\",\"@graph\":[{\"@type\":\"WebPage\",\"@id\":\"https:\\\/\\\/teknologiateollisuus.fi\\\/meriteollisuus\\\/kehitys\\\/projektit-ja-ohjelmat\\\/\",\"url\":\"https:\\\/\\\/teknologiateollisuus.fi\\\/meriteollisuus\\\/kehitys\\\/projektit-ja-ohjelmat\\\/\",\"name\":\"Projektit ja ohjelmat - Meriteollisuus ry\",\"isPartOf\":{\"@id\":\"https:\\\/\\\/teknologiateollisuus.fi\\\/meriteollisuus\\\/#website\"},\"primaryImageOfPage\":{\"@id\":\"https:\\\/\\\/teknologiateollisuus.fi\\\/meriteollisuus\\\/kehitys\\\/projektit-ja-ohjelmat\\\/#primaryimage\"},\"image\":{\"@id\":\"https:\\\/\\\/teknologiateollisuus.fi\\\/meriteollisuus\\\/kehitys\\\/projektit-ja-ohjelmat\\\/#primaryimage\"},\"thumbnailUrl\":\"https:\\\/\\\/teknologiateollisuus.fi\\\/meriteollisuus\\\/wp-content\\\/uploads\\\/sites\\\/5\\\/2025\\\/03\\\/pienitiedosto_Meriteollisuus_8613.jpeg\",\"datePublished\":\"2024-08-21T07:41:31+00:00\",\"dateModified\":\"2026-02-02T11:14:37+00:00\",\"breadcrumb\":{\"@id\":\"https:\\\/\\\/teknologiateollisuus.fi\\\/meriteollisuus\\\/kehitys\\\/projektit-ja-ohjelmat\\\/#breadcrumb\"},\"inLanguage\":\"fi\",\"potentialAction\":[{\"@type\":\"ReadAction\",\"target\":[\"https:\\\/\\\/teknologiateollisuus.fi\\\/meriteollisuus\\\/kehitys\\\/projektit-ja-ohjelmat\\\/\"]}]},{\"@type\":\"ImageObject\",\"inLanguage\":\"fi\",\"@id\":\"https:\\\/\\\/teknologiateollisuus.fi\\\/meriteollisuus\\\/kehitys\\\/projektit-ja-ohjelmat\\\/#primaryimage\",\"url\":\"https:\\\/\\\/teknologiateollisuus.fi\\\/meriteollisuus\\\/wp-content\\\/uploads\\\/sites\\\/5\\\/2025\\\/03\\\/pienitiedosto_Meriteollisuus_8613.jpeg\",\"contentUrl\":\"https:\\\/\\\/teknologiateollisuus.fi\\\/meriteollisuus\\\/wp-content\\\/uploads\\\/sites\\\/5\\\/2025\\\/03\\\/pienitiedosto_Meriteollisuus_8613.jpeg\",\"width\":1044,\"height\":696,\"caption\":\"Aker Arctic, Vuosaari, Helsinki. Kuva: Liisa Takala\"},{\"@type\":\"BreadcrumbList\",\"@id\":\"https:\\\/\\\/teknologiateollisuus.fi\\\/meriteollisuus\\\/kehitys\\\/projektit-ja-ohjelmat\\\/#breadcrumb\",\"itemListElement\":[{\"@type\":\"ListItem\",\"position\":1,\"name\":\"Etusivu\",\"item\":\"https:\\\/\\\/teknologiateollisuus.fi\\\/meriteollisuus\\\/\"},{\"@type\":\"ListItem\",\"position\":2,\"name\":\"Kehitys\",\"item\":\"https:\\\/\\\/teknologiateollisuus.fi\\\/meriteollisuus\\\/kehitys\\\/\"},{\"@type\":\"ListItem\",\"position\":3,\"name\":\"Projektit ja ohjelmat\"}]},{\"@type\":\"WebSite\",\"@id\":\"https:\\\/\\\/teknologiateollisuus.fi\\\/meriteollisuus\\\/#website\",\"url\":\"https:\\\/\\\/teknologiateollisuus.fi\\\/meriteollisuus\\\/\",\"name\":\"Meriteollisuus ry\",\"description\":\"\",\"potentialAction\":[{\"@type\":\"SearchAction\",\"target\":{\"@type\":\"EntryPoint\",\"urlTemplate\":\"https:\\\/\\\/teknologiateollisuus.fi\\\/meriteollisuus\\\/?s={search_term_string}\"},\"query-input\":{\"@type\":\"PropertyValueSpecification\",\"valueRequired\":true,\"valueName\":\"search_term_string\"}}],\"inLanguage\":\"fi\"}]}<\/script>\n<!-- \/ Yoast SEO Premium plugin. -->","yoast_head_json":{"title":"Projektit ja ohjelmat - Meriteollisuus ry","robots":{"index":"index","follow":"follow","max-snippet":"max-snippet:-1","max-image-preview":"max-image-preview:large","max-video-preview":"max-video-preview:-1"},"canonical":"https:\/\/teknologiateollisuus.fi\/meriteollisuus\/kehitys\/projektit-ja-ohjelmat\/","og_locale":"fi_FI","og_type":"article","og_title":"Projektit ja ohjelmat","og_description":"Suomalainen meriteollisuus on kansainv\u00e4lisesti tunnettu innovatiivisuudestaan ja edell\u00e4k\u00e4vijyydest\u00e4\u00e4n. Meriteollisuuden yritykset ovatkin aktiivisesti mukana erilaisissa suurissa tuotekehitysprojekteissa kansallisesti ja kansainv\u00e4lisesti. Kehitys painottuu erityisesti Business Finlandin ohjelmiin sek\u00e4 EU:n tutkimuksen puiteohjelmiin, joista uusimpana Horisontti Eurooppa. Merkitt\u00e4vimpi\u00e4 projekteja Esimerkkiprojekteja Meyer Turun NEcOLEAP-veturiohjelma 2022- Meyer Turku on valittu mukaan Business Finlandin veturiyritysten ja -ekosysteemien rahoitusohjelmaan. NEcOLEAP-ohjelman p\u00e4\u00e4tavoitteena on nopeuttaa [&hellip;]","og_url":"https:\/\/teknologiateollisuus.fi\/meriteollisuus\/kehitys\/projektit-ja-ohjelmat\/","og_site_name":"Meriteollisuus ry","article_modified_time":"2026-02-02T11:14:37+00:00","og_image":[{"width":1044,"height":696,"url":"https:\/\/teknologiateollisuus.fi\/meriteollisuus\/wp-content\/uploads\/sites\/5\/2025\/03\/pienitiedosto_Meriteollisuus_8613.jpeg","type":"image\/jpeg"}],"twitter_card":"summary_large_image","twitter_misc":{"Arvioitu lukuaika":"4 minuuttia"},"schema":{"@context":"https:\/\/schema.org","@graph":[{"@type":"WebPage","@id":"https:\/\/teknologiateollisuus.fi\/meriteollisuus\/kehitys\/projektit-ja-ohjelmat\/","url":"https:\/\/teknologiateollisuus.fi\/meriteollisuus\/kehitys\/projektit-ja-ohjelmat\/","name":"Projektit ja ohjelmat - Meriteollisuus ry","isPartOf":{"@id":"https:\/\/teknologiateollisuus.fi\/meriteollisuus\/#website"},"primaryImageOfPage":{"@id":"https:\/\/teknologiateollisuus.fi\/meriteollisuus\/kehitys\/projektit-ja-ohjelmat\/#primaryimage"},"image":{"@id":"https:\/\/teknologiateollisuus.fi\/meriteollisuus\/kehitys\/projektit-ja-ohjelmat\/#primaryimage"},"thumbnailUrl":"https:\/\/teknologiateollisuus.fi\/meriteollisuus\/wp-content\/uploads\/sites\/5\/2025\/03\/pienitiedosto_Meriteollisuus_8613.jpeg","datePublished":"2024-08-21T07:41:31+00:00","dateModified":"2026-02-02T11:14:37+00:00","breadcrumb":{"@id":"https:\/\/teknologiateollisuus.fi\/meriteollisuus\/kehitys\/projektit-ja-ohjelmat\/#breadcrumb"},"inLanguage":"fi","potentialAction":[{"@type":"ReadAction","target":["https:\/\/teknologiateollisuus.fi\/meriteollisuus\/kehitys\/projektit-ja-ohjelmat\/"]}]},{"@type":"ImageObject","inLanguage":"fi","@id":"https:\/\/teknologiateollisuus.fi\/meriteollisuus\/kehitys\/projektit-ja-ohjelmat\/#primaryimage","url":"https:\/\/teknologiateollisuus.fi\/meriteollisuus\/wp-content\/uploads\/sites\/5\/2025\/03\/pienitiedosto_Meriteollisuus_8613.jpeg","contentUrl":"https:\/\/teknologiateollisuus.fi\/meriteollisuus\/wp-content\/uploads\/sites\/5\/2025\/03\/pienitiedosto_Meriteollisuus_8613.jpeg","width":1044,"height":696,"caption":"Aker Arctic, Vuosaari, Helsinki. Kuva: Liisa Takala"},{"@type":"BreadcrumbList","@id":"https:\/\/teknologiateollisuus.fi\/meriteollisuus\/kehitys\/projektit-ja-ohjelmat\/#breadcrumb","itemListElement":[{"@type":"ListItem","position":1,"name":"Etusivu","item":"https:\/\/teknologiateollisuus.fi\/meriteollisuus\/"},{"@type":"ListItem","position":2,"name":"Kehitys","item":"https:\/\/teknologiateollisuus.fi\/meriteollisuus\/kehitys\/"},{"@type":"ListItem","position":3,"name":"Projektit ja ohjelmat"}]},{"@type":"WebSite","@id":"https:\/\/teknologiateollisuus.fi\/meriteollisuus\/#website","url":"https:\/\/teknologiateollisuus.fi\/meriteollisuus\/","name":"Meriteollisuus ry","description":"","potentialAction":[{"@type":"SearchAction","target":{"@type":"EntryPoint","urlTemplate":"https:\/\/teknologiateollisuus.fi\/meriteollisuus\/?s={search_term_string}"},"query-input":{"@type":"PropertyValueSpecification","valueRequired":true,"valueName":"search_term_string"}}],"inLanguage":"fi"}]}},"lang":"fi","translations":{"fi":1249},"pll_sync_post":[],"_links":{"self":[{"href":"https:\/\/teknologiateollisuus.fi\/meriteollisuus\/wp-json\/wp\/v2\/pages\/1249","targetHints":{"allow":["GET"]}}],"collection":[{"href":"https:\/\/teknologiateollisuus.fi\/meriteollisuus\/wp-json\/wp\/v2\/pages"}],"about":[{"href":"https:\/\/teknologiateollisuus.fi\/meriteollisuus\/wp-json\/wp\/v2\/types\/page"}],"author":[{"embeddable":true,"href":"https:\/\/teknologiateollisuus.fi\/meriteollisuus\/wp-json\/wp\/v2\/users\/49"}],"replies":[{"embeddable":true,"href":"https:\/\/teknologiateollisuus.fi\/meriteollisuus\/wp-json\/wp\/v2\/comments?post=1249"}],"version-history":[{"count":12,"href":"https:\/\/teknologiateollisuus.fi\/meriteollisuus\/wp-json\/wp\/v2\/pages\/1249\/revisions"}],"predecessor-version":[{"id":3399,"href":"https:\/\/teknologiateollisuus.fi\/meriteollisuus\/wp-json\/wp\/v2\/pages\/1249\/revisions\/3399"}],"up":[{"embeddable":true,"href":"https:\/\/teknologiateollisuus.fi\/meriteollisuus\/wp-json\/wp\/v2\/pages\/1228"}],"wp:featuredmedia":[{"embeddable":true,"href":"https:\/\/teknologiateollisuus.fi\/meriteollisuus\/wp-json\/wp\/v2\/media\/2717"}],"wp:attachment":[{"href":"https:\/\/teknologiateollisuus.fi\/meriteollisuus\/wp-json\/wp\/v2\/media?parent=1249"}],"curies":[{"name":"wp","href":"https:\/\/api.w.org\/{rel}","templated":true}]}}