{"id":1254,"date":"2024-08-21T11:25:01","date_gmt":"2024-08-21T08:25:01","guid":{"rendered":"https:\/\/meriteollisuus.teknologiateollisuus.fi\/?page_id=1254"},"modified":"2025-03-27T15:03:39","modified_gmt":"2025-03-27T13:03:39","slug":"alan-saavutuksia","status":"publish","type":"page","link":"https:\/\/teknologiateollisuus.fi\/meriteollisuus\/kehitys\/alan-saavutuksia\/","title":{"rendered":"Alan innovaatioita"},"content":{"rendered":"\n<div class=\"em-block-hero hero-has-background-color has-background has-violet-background-color has-image media-position-background \">\n\t<div class=\"em-block-hero__container\">\n\t\t<div class=\"em-block-hero__content\">\n\t\t\t<div class=\"yoast-breadcrumbs\"><span><span><a href=\"https:\/\/teknologiateollisuus.fi\/meriteollisuus\/\">Etusivu<\/a><\/span> <span class=\"separator\"><\/span> <span><a href=\"https:\/\/teknologiateollisuus.fi\/meriteollisuus\/kehitys\/\">Kehitys<\/a><\/span> <span class=\"separator\"><\/span> <span class=\"breadcrumb_last\" aria-current=\"page\">Alan innovaatioita<\/span><\/span><\/div>\t\t\t\n<h1 class=\"wp-block-heading is-style-default\" id=\"h-alan-innovaatioita\">Alan innovaatioita<\/h1>\n\t\t\t<div class=\"em-block-hero__modified-date\"> P\u00e4ivitetty 27.03.2025 klo 15:03<\/div>\t\t<\/div>\n\t\t\t\t\t<figure class=\"em-block-hero__image\">\n\t\t\t\t<img loading=\"lazy\" decoding=\"async\" width=\"1044\" height=\"696\" src=\"https:\/\/teknologiateollisuus.fi\/meriteollisuus\/wp-content\/uploads\/sites\/5\/2025\/03\/pienitiedosto_Meriteollisuus_8925.jpg\" class=\"attachment-hero size-hero\" alt=\"Teknologiateollisuus, toimialat 20250108 Kuva Liisa Takala. Meriteollisuus., Aker Arctic, Vuosaari, Helsinki.\" srcset=\"https:\/\/teknologiateollisuus.fi\/meriteollisuus\/wp-content\/uploads\/sites\/5\/2025\/03\/pienitiedosto_Meriteollisuus_8925.jpg 1044w, https:\/\/teknologiateollisuus.fi\/meriteollisuus\/wp-content\/uploads\/sites\/5\/2025\/03\/pienitiedosto_Meriteollisuus_8925-400x267.jpg 400w, https:\/\/teknologiateollisuus.fi\/meriteollisuus\/wp-content\/uploads\/sites\/5\/2025\/03\/pienitiedosto_Meriteollisuus_8925-968x645.jpg 968w, https:\/\/teknologiateollisuus.fi\/meriteollisuus\/wp-content\/uploads\/sites\/5\/2025\/03\/pienitiedosto_Meriteollisuus_8925-768x512.jpg 768w\" sizes=\"auto, (max-width: 1044px) 100vw, 1044px\" \/>\t\t\t<\/figure>\n\t\t\t<\/div>\n<\/div>\n\n\n\n<p>Vuosikymmenten kokemuksella, huippuosaamisella ja vahvalla yhteisty\u00f6ll\u00e4 suomalaiset meriteollisuuden yritykset ovat onnistuneet luomaan lukuisia maailmanluokan tuotteita ja ratkaisuja, jotka ovat l\u00f6yt\u00e4neet tiens\u00e4 my\u00f6s kansainv\u00e4lisille markkinoille. Alla olevista linkeist\u00e4 voit tutustua tarkemmin alan yritysten tuotekehityksest\u00e4, innovaatioista ja yhteisty\u00f6st\u00e4 syntyneihin menestystarinoihin.<\/p>\n\n\n\n<div class=\"wp-block-evermade-links em-block-links has-columns-1 has-petrol-color has-text-color has-link-color wp-elements-c26568e04bb0402175d2a12d4ba49644\">\n<a\n\tclass=\"wp-block-evermade-internal-link em-block-link is-internal   has-subtitle\"\n\thref=\"https:\/\/teknologiateollisuus.fi\/meriteollisuus\/azipod\/\"\n\taria-label=\"Avaa samassa v\u00e4lilehdess\u00e4\"\n\ttarget=\"_self\"\n\trel=\"noopener\"\n>\n\t<div class=\"em-block-link__content\">\n\t\t<span class=\"em-block-link__title\">\n\t\t\tAzipod-ruoripotkurij\u00e4rjestelm\u00e4\t\t<\/span>\n\t\t\t\t\t<span class=\"em-block-link__subtitle\">\n\t\t\t\tRuoripotkurilaitteen prototyyppi osoittautui menestykseksi\t\t\t<\/span>\n\t\t\t<\/div>\n\t\t\t<div class=\"em-block-link__arrow\"><\/div>\n\t\t<div class=\"em-block-link__pressable\"><\/div>\n\t<\/a>\n\n\n\n<a\n\tclass=\"wp-block-evermade-internal-link em-block-link is-internal   has-subtitle\"\n\thref=\"https:\/\/teknologiateollisuus.fi\/meriteollisuus\/sumusammutus\/\"\n\taria-label=\"Avaa samassa v\u00e4lilehdess\u00e4\"\n\ttarget=\"_self\"\n\trel=\"noopener\"\n>\n\t<div class=\"em-block-link__content\">\n\t\t<span class=\"em-block-link__title\">\n\t\t\tSumusammutusj\u00e4rjestelm\u00e4\t\t<\/span>\n\t\t\t\t\t<span class=\"em-block-link__subtitle\">\n\t\t\t\tAiempaa tehokkaampaa ja turvallisempaa sammutustehokkuutta\t\t\t<\/span>\n\t\t\t<\/div>\n\t\t\t<div class=\"em-block-link__arrow\"><\/div>\n\t\t<div class=\"em-block-link__pressable\"><\/div>\n\t<\/a>\n\n\n\n<a\n\tclass=\"wp-block-evermade-internal-link em-block-link is-internal   has-subtitle\"\n\thref=\"https:\/\/teknologiateollisuus.fi\/meriteollisuus\/baltika\/\"\n\taria-label=\"Avaa samassa v\u00e4lilehdess\u00e4\"\n\ttarget=\"_self\"\n\trel=\"noopener\"\n>\n\t<div class=\"em-block-link__content\">\n\t\t<span class=\"em-block-link__title\">\n\t\t\tVinomurtaja Baltika\t\t<\/span>\n\t\t\t\t\t<span class=\"em-block-link__subtitle\">\n\t\t\t\tMaailman ensimm\u00e4inen laiva, joka pystyy murtamaan j\u00e4\u00e4t\u00e4 vinottain\t\t\t<\/span>\n\t\t\t<\/div>\n\t\t\t<div class=\"em-block-link__arrow\"><\/div>\n\t\t<div class=\"em-block-link__pressable\"><\/div>\n\t<\/a>\n<\/div>\n\n\n\n<p><em>Yl\u00e4kuva: Liisa Takala<\/em><\/p>\n","protected":false},"excerpt":{"rendered":"<p>Vuosikymmenten kokemuksella, huippuosaamisella ja vahvalla yhteisty\u00f6ll\u00e4 suomalaiset meriteollisuuden yritykset ovat onnistuneet luomaan lukuisia maailmanluokan tuotteita ja ratkaisuja, jotka ovat l\u00f6yt\u00e4neet tiens\u00e4 my\u00f6s kansainv\u00e4lisille markkinoille. Alla olevista linkeist\u00e4 voit tutustua tarkemmin alan yritysten tuotekehityksest\u00e4, innovaatioista ja yhteisty\u00f6st\u00e4 syntyneihin menestystarinoihin. Yl\u00e4kuva: Liisa Takala<\/p>\n","protected":false},"author":59,"featured_media":25,"parent":1228,"menu_order":7,"comment_status":"closed","ping_status":"closed","template":"","meta":{"_acf_changed":false,"_relevanssi_hide_post":"","_relevanssi_hide_content":"","_relevanssi_pin_for_all":"","_relevanssi_pin_keywords":"","_relevanssi_unpin_keywords":"","_relevanssi_related_keywords":"","_relevanssi_related_include_ids":"","_relevanssi_related_exclude_ids":"","_relevanssi_related_no_append":"","_relevanssi_related_not_related":"","_relevanssi_related_posts":"1","_relevanssi_noindex_reason":"","inline_featured_image":false,"footnotes":""},"class_list":["post-1254","page","type-page","status-publish","has-post-thumbnail","hentry"],"acf":[],"yoast_head":"<!-- This site is optimized with the Yoast SEO Premium plugin v27.1 (Yoast SEO v27.3) - https:\/\/yoast.com\/product\/yoast-seo-premium-wordpress\/ -->\n<title>Alan innovaatioita - Meriteollisuus ry<\/title>\n<meta name=\"robots\" content=\"index, follow, max-snippet:-1, max-image-preview:large, max-video-preview:-1\" \/>\n<link rel=\"canonical\" href=\"https:\/\/teknologiateollisuus.fi\/meriteollisuus\/kehitys\/alan-saavutuksia\/\" \/>\n<meta property=\"og:locale\" content=\"fi_FI\" \/>\n<meta property=\"og:type\" content=\"article\" \/>\n<meta property=\"og:title\" content=\"Alan innovaatioita\" \/>\n<meta property=\"og:description\" content=\"Vuosikymmenten kokemuksella, huippuosaamisella ja vahvalla yhteisty\u00f6ll\u00e4 suomalaiset meriteollisuuden yritykset ovat onnistuneet luomaan lukuisia maailmanluokan tuotteita ja ratkaisuja, jotka ovat l\u00f6yt\u00e4neet tiens\u00e4 my\u00f6s kansainv\u00e4lisille markkinoille. Alla olevista linkeist\u00e4 voit tutustua tarkemmin alan yritysten tuotekehityksest\u00e4, innovaatioista ja yhteisty\u00f6st\u00e4 syntyneihin menestystarinoihin. Yl\u00e4kuva: Liisa Takala\" \/>\n<meta property=\"og:url\" content=\"https:\/\/teknologiateollisuus.fi\/meriteollisuus\/kehitys\/alan-saavutuksia\/\" \/>\n<meta property=\"og:site_name\" content=\"Meriteollisuus ry\" \/>\n<meta property=\"article:modified_time\" content=\"2025-03-27T13:03:39+00:00\" \/>\n<meta property=\"og:image\" content=\"https:\/\/teknologiateollisuus.fi\/meriteollisuus\/wp-content\/uploads\/sites\/5\/2024\/06\/tekno-fallback.png\" \/>\n\t<meta property=\"og:image:width\" content=\"1300\" \/>\n\t<meta property=\"og:image:height\" content=\"975\" \/>\n\t<meta property=\"og:image:type\" content=\"image\/png\" \/>\n<meta name=\"twitter:card\" content=\"summary_large_image\" \/>\n<meta name=\"twitter:label1\" content=\"Arvioitu lukuaika\" \/>\n\t<meta name=\"twitter:data1\" content=\"1 minuutti\" \/>\n<script type=\"application\/ld+json\" class=\"yoast-schema-graph\">{\"@context\":\"https:\\\/\\\/schema.org\",\"@graph\":[{\"@type\":\"WebPage\",\"@id\":\"https:\\\/\\\/teknologiateollisuus.fi\\\/meriteollisuus\\\/kehitys\\\/alan-saavutuksia\\\/\",\"url\":\"https:\\\/\\\/teknologiateollisuus.fi\\\/meriteollisuus\\\/kehitys\\\/alan-saavutuksia\\\/\",\"name\":\"Alan innovaatioita - Meriteollisuus ry\",\"isPartOf\":{\"@id\":\"https:\\\/\\\/teknologiateollisuus.fi\\\/meriteollisuus\\\/#website\"},\"primaryImageOfPage\":{\"@id\":\"https:\\\/\\\/teknologiateollisuus.fi\\\/meriteollisuus\\\/kehitys\\\/alan-saavutuksia\\\/#primaryimage\"},\"image\":{\"@id\":\"https:\\\/\\\/teknologiateollisuus.fi\\\/meriteollisuus\\\/kehitys\\\/alan-saavutuksia\\\/#primaryimage\"},\"thumbnailUrl\":\"https:\\\/\\\/teknologiateollisuus.fi\\\/meriteollisuus\\\/wp-content\\\/uploads\\\/sites\\\/5\\\/2024\\\/06\\\/tekno-fallback.png\",\"datePublished\":\"2024-08-21T08:25:01+00:00\",\"dateModified\":\"2025-03-27T13:03:39+00:00\",\"breadcrumb\":{\"@id\":\"https:\\\/\\\/teknologiateollisuus.fi\\\/meriteollisuus\\\/kehitys\\\/alan-saavutuksia\\\/#breadcrumb\"},\"inLanguage\":\"fi\",\"potentialAction\":[{\"@type\":\"ReadAction\",\"target\":[\"https:\\\/\\\/teknologiateollisuus.fi\\\/meriteollisuus\\\/kehitys\\\/alan-saavutuksia\\\/\"]}]},{\"@type\":\"ImageObject\",\"inLanguage\":\"fi\",\"@id\":\"https:\\\/\\\/teknologiateollisuus.fi\\\/meriteollisuus\\\/kehitys\\\/alan-saavutuksia\\\/#primaryimage\",\"url\":\"https:\\\/\\\/teknologiateollisuus.fi\\\/meriteollisuus\\\/wp-content\\\/uploads\\\/sites\\\/5\\\/2024\\\/06\\\/tekno-fallback.png\",\"contentUrl\":\"https:\\\/\\\/teknologiateollisuus.fi\\\/meriteollisuus\\\/wp-content\\\/uploads\\\/sites\\\/5\\\/2024\\\/06\\\/tekno-fallback.png\",\"width\":1300,\"height\":975},{\"@type\":\"BreadcrumbList\",\"@id\":\"https:\\\/\\\/teknologiateollisuus.fi\\\/meriteollisuus\\\/kehitys\\\/alan-saavutuksia\\\/#breadcrumb\",\"itemListElement\":[{\"@type\":\"ListItem\",\"position\":1,\"name\":\"Etusivu\",\"item\":\"https:\\\/\\\/teknologiateollisuus.fi\\\/meriteollisuus\\\/\"},{\"@type\":\"ListItem\",\"position\":2,\"name\":\"Kehitys\",\"item\":\"https:\\\/\\\/teknologiateollisuus.fi\\\/meriteollisuus\\\/kehitys\\\/\"},{\"@type\":\"ListItem\",\"position\":3,\"name\":\"Alan innovaatioita\"}]},{\"@type\":\"WebSite\",\"@id\":\"https:\\\/\\\/teknologiateollisuus.fi\\\/meriteollisuus\\\/#website\",\"url\":\"https:\\\/\\\/teknologiateollisuus.fi\\\/meriteollisuus\\\/\",\"name\":\"Meriteollisuus ry\",\"description\":\"\",\"potentialAction\":[{\"@type\":\"SearchAction\",\"target\":{\"@type\":\"EntryPoint\",\"urlTemplate\":\"https:\\\/\\\/teknologiateollisuus.fi\\\/meriteollisuus\\\/?s={search_term_string}\"},\"query-input\":{\"@type\":\"PropertyValueSpecification\",\"valueRequired\":true,\"valueName\":\"search_term_string\"}}],\"inLanguage\":\"fi\"}]}<\/script>\n<!-- \/ Yoast SEO Premium plugin. -->","yoast_head_json":{"title":"Alan innovaatioita - Meriteollisuus ry","robots":{"index":"index","follow":"follow","max-snippet":"max-snippet:-1","max-image-preview":"max-image-preview:large","max-video-preview":"max-video-preview:-1"},"canonical":"https:\/\/teknologiateollisuus.fi\/meriteollisuus\/kehitys\/alan-saavutuksia\/","og_locale":"fi_FI","og_type":"article","og_title":"Alan innovaatioita","og_description":"Vuosikymmenten kokemuksella, huippuosaamisella ja vahvalla yhteisty\u00f6ll\u00e4 suomalaiset meriteollisuuden yritykset ovat onnistuneet luomaan lukuisia maailmanluokan tuotteita ja ratkaisuja, jotka ovat l\u00f6yt\u00e4neet tiens\u00e4 my\u00f6s kansainv\u00e4lisille markkinoille. Alla olevista linkeist\u00e4 voit tutustua tarkemmin alan yritysten tuotekehityksest\u00e4, innovaatioista ja yhteisty\u00f6st\u00e4 syntyneihin menestystarinoihin. Yl\u00e4kuva: Liisa Takala","og_url":"https:\/\/teknologiateollisuus.fi\/meriteollisuus\/kehitys\/alan-saavutuksia\/","og_site_name":"Meriteollisuus ry","article_modified_time":"2025-03-27T13:03:39+00:00","og_image":[{"width":1300,"height":975,"url":"https:\/\/teknologiateollisuus.fi\/meriteollisuus\/wp-content\/uploads\/sites\/5\/2024\/06\/tekno-fallback.png","type":"image\/png"}],"twitter_card":"summary_large_image","twitter_misc":{"Arvioitu lukuaika":"1 minuutti"},"schema":{"@context":"https:\/\/schema.org","@graph":[{"@type":"WebPage","@id":"https:\/\/teknologiateollisuus.fi\/meriteollisuus\/kehitys\/alan-saavutuksia\/","url":"https:\/\/teknologiateollisuus.fi\/meriteollisuus\/kehitys\/alan-saavutuksia\/","name":"Alan innovaatioita - Meriteollisuus ry","isPartOf":{"@id":"https:\/\/teknologiateollisuus.fi\/meriteollisuus\/#website"},"primaryImageOfPage":{"@id":"https:\/\/teknologiateollisuus.fi\/meriteollisuus\/kehitys\/alan-saavutuksia\/#primaryimage"},"image":{"@id":"https:\/\/teknologiateollisuus.fi\/meriteollisuus\/kehitys\/alan-saavutuksia\/#primaryimage"},"thumbnailUrl":"https:\/\/teknologiateollisuus.fi\/meriteollisuus\/wp-content\/uploads\/sites\/5\/2024\/06\/tekno-fallback.png","datePublished":"2024-08-21T08:25:01+00:00","dateModified":"2025-03-27T13:03:39+00:00","breadcrumb":{"@id":"https:\/\/teknologiateollisuus.fi\/meriteollisuus\/kehitys\/alan-saavutuksia\/#breadcrumb"},"inLanguage":"fi","potentialAction":[{"@type":"ReadAction","target":["https:\/\/teknologiateollisuus.fi\/meriteollisuus\/kehitys\/alan-saavutuksia\/"]}]},{"@type":"ImageObject","inLanguage":"fi","@id":"https:\/\/teknologiateollisuus.fi\/meriteollisuus\/kehitys\/alan-saavutuksia\/#primaryimage","url":"https:\/\/teknologiateollisuus.fi\/meriteollisuus\/wp-content\/uploads\/sites\/5\/2024\/06\/tekno-fallback.png","contentUrl":"https:\/\/teknologiateollisuus.fi\/meriteollisuus\/wp-content\/uploads\/sites\/5\/2024\/06\/tekno-fallback.png","width":1300,"height":975},{"@type":"BreadcrumbList","@id":"https:\/\/teknologiateollisuus.fi\/meriteollisuus\/kehitys\/alan-saavutuksia\/#breadcrumb","itemListElement":[{"@type":"ListItem","position":1,"name":"Etusivu","item":"https:\/\/teknologiateollisuus.fi\/meriteollisuus\/"},{"@type":"ListItem","position":2,"name":"Kehitys","item":"https:\/\/teknologiateollisuus.fi\/meriteollisuus\/kehitys\/"},{"@type":"ListItem","position":3,"name":"Alan innovaatioita"}]},{"@type":"WebSite","@id":"https:\/\/teknologiateollisuus.fi\/meriteollisuus\/#website","url":"https:\/\/teknologiateollisuus.fi\/meriteollisuus\/","name":"Meriteollisuus ry","description":"","potentialAction":[{"@type":"SearchAction","target":{"@type":"EntryPoint","urlTemplate":"https:\/\/teknologiateollisuus.fi\/meriteollisuus\/?s={search_term_string}"},"query-input":{"@type":"PropertyValueSpecification","valueRequired":true,"valueName":"search_term_string"}}],"inLanguage":"fi"}]}},"lang":"fi","translations":{"fi":1254},"pll_sync_post":[],"_links":{"self":[{"href":"https:\/\/teknologiateollisuus.fi\/meriteollisuus\/wp-json\/wp\/v2\/pages\/1254","targetHints":{"allow":["GET"]}}],"collection":[{"href":"https:\/\/teknologiateollisuus.fi\/meriteollisuus\/wp-json\/wp\/v2\/pages"}],"about":[{"href":"https:\/\/teknologiateollisuus.fi\/meriteollisuus\/wp-json\/wp\/v2\/types\/page"}],"author":[{"embeddable":true,"href":"https:\/\/teknologiateollisuus.fi\/meriteollisuus\/wp-json\/wp\/v2\/users\/59"}],"replies":[{"embeddable":true,"href":"https:\/\/teknologiateollisuus.fi\/meriteollisuus\/wp-json\/wp\/v2\/comments?post=1254"}],"version-history":[{"count":14,"href":"https:\/\/teknologiateollisuus.fi\/meriteollisuus\/wp-json\/wp\/v2\/pages\/1254\/revisions"}],"predecessor-version":[{"id":2735,"href":"https:\/\/teknologiateollisuus.fi\/meriteollisuus\/wp-json\/wp\/v2\/pages\/1254\/revisions\/2735"}],"up":[{"embeddable":true,"href":"https:\/\/teknologiateollisuus.fi\/meriteollisuus\/wp-json\/wp\/v2\/pages\/1228"}],"wp:featuredmedia":[{"embeddable":true,"href":"https:\/\/teknologiateollisuus.fi\/meriteollisuus\/wp-json\/wp\/v2\/media\/25"}],"wp:attachment":[{"href":"https:\/\/teknologiateollisuus.fi\/meriteollisuus\/wp-json\/wp\/v2\/media?parent=1254"}],"curies":[{"name":"wp","href":"https:\/\/api.w.org\/{rel}","templated":true}]}}