{"id":1274,"date":"2024-08-29T14:23:18","date_gmt":"2024-08-29T11:23:18","guid":{"rendered":"https:\/\/meriteollisuus.teknologiateollisuus.fi\/?page_id=1274"},"modified":"2024-11-07T16:53:50","modified_gmt":"2024-11-07T14:53:50","slug":"azipod","status":"publish","type":"page","link":"https:\/\/teknologiateollisuus.fi\/meriteollisuus\/azipod\/","title":{"rendered":"Azipod-ruoripotkurij\u00e4rjestelm\u00e4"},"content":{"rendered":"\n<div class=\"em-block-hero hero-has-background-color has-background has-petrol-background-color has-image media-position-right \">\n\t<div class=\"em-block-hero__container\">\n\t\t<div class=\"em-block-hero__content\">\n\t\t\t<div class=\"yoast-breadcrumbs\"><span><span><a href=\"https:\/\/teknologiateollisuus.fi\/meriteollisuus\/\">Etusivu<\/a><\/span> <span class=\"separator\"><\/span> <span class=\"breadcrumb_last\" aria-current=\"page\">Azipod-ruoripotkurij\u00e4rjestelm\u00e4<\/span><\/span><\/div>\t\t\t\n<h1 class=\"wp-block-heading\" id=\"azipod-ruoripotkurijarjestelma\">Azipod-ruoripotkurij\u00e4rjestelm\u00e4<\/h1>\n\n<p>Azipod-ruoripotkurij\u00e4rjestelm\u00e4 suomalaisen innovaatioyhteisty\u00f6n tuloksena<\/p>\n\t\t\t<div class=\"em-block-hero__modified-date\"> P\u00e4ivitetty 07.11.2024 klo 16:53<\/div>\t\t<\/div>\n\t\t\t\t\t<figure class=\"em-block-hero__image\">\n\t\t\t\t<img loading=\"lazy\" decoding=\"async\" width=\"1280\" height=\"899\" src=\"https:\/\/teknologiateollisuus.fi\/meriteollisuus\/wp-content\/uploads\/sites\/5\/2024\/08\/ABB-Large-Azipod_Propulsion_System_1.jpg\" class=\"attachment-hero size-hero\" alt=\"\" srcset=\"https:\/\/teknologiateollisuus.fi\/meriteollisuus\/wp-content\/uploads\/sites\/5\/2024\/08\/ABB-Large-Azipod_Propulsion_System_1.jpg 1280w, https:\/\/teknologiateollisuus.fi\/meriteollisuus\/wp-content\/uploads\/sites\/5\/2024\/08\/ABB-Large-Azipod_Propulsion_System_1-400x281.jpg 400w, https:\/\/teknologiateollisuus.fi\/meriteollisuus\/wp-content\/uploads\/sites\/5\/2024\/08\/ABB-Large-Azipod_Propulsion_System_1-968x680.jpg 968w, https:\/\/teknologiateollisuus.fi\/meriteollisuus\/wp-content\/uploads\/sites\/5\/2024\/08\/ABB-Large-Azipod_Propulsion_System_1-768x539.jpg 768w\" sizes=\"auto, (max-width: 1280px) 100vw, 1280px\" \/>\t\t\t<\/figure>\n\t\t\t<\/div>\n<\/div>\n\n\n\n<p>Azipod\u00ae -ruoripotkurij\u00e4rjestelm\u00e4 on hyv\u00e4 esimerkki suomalaisesta innovoinnista ja laitetoimittajan, telakan ja laivan k\u00e4ytt\u00e4j\u00e4n yhteisty\u00f6st\u00e4 kehitett\u00e4ess\u00e4 uusia ja parempia ratkaisuja markkinoille. 1980-luvun lopussa ABB, Helsingin telakka ja silloinen Merenkulkulaitos ideoivat ruoripotkurilaitetta, jossa s\u00e4hk\u00f6moottori on laivan ulkopuolella suoraan py\u00f6ritt\u00e4m\u00e4ss\u00e4 potkuria. J\u00e4rjestelm\u00e4ll\u00e4 uskottiin saatavan parempi j\u00e4\u00e4nmurtokyky.<\/p>\n\n\n\n<p>Yhdess\u00e4 p\u00e4\u00e4tettiin tehd\u00e4 laitteesta prototyyppi, joka asennettiin v\u00e4yl\u00e4alus Seiliin vuonna 1990.&nbsp;<strong>Prototyyppi osoittautui menestykseksi, joten telakka ja ABB jatkoivat yhdess\u00e4 kehitysty\u00f6t\u00e4 kaupallisen tuotteen aikaansaamiseksi.<\/strong>&nbsp;Pian saatiin muutamia tilauksia ja 1995 ensimm\u00e4iset kaupat matkustajaristeilij\u00f6ihin, joista onkin tullut toinen suuri markkina j\u00e4\u00e4nmurtajien ja j\u00e4iss\u00e4 kulkevien rahtilaivojen lis\u00e4ksi. Azipod-propulsiosta tuli ABB:n tuote ja ABB on panostanut sen tuotekehitykseen, markkinointiin ja valmistukseen. Perinteisen Azipod-potkurilaitteen rinnalle kehitettiin pienitehoisempi ja tekniikaltaan yksinkertaisempi Compact Azipod.<\/p>\n\n\n\n<p>Azipod-propulsio soveltuu moniin laivatyyppeihin. Matkustajaristeilij\u00f6iss\u00e4 ja korkean j\u00e4\u00e4luokan aluksissa Azipod-propulsio on nykyisin yleisin potkurik\u00e4ytt\u00f6j\u00e4rjestelm\u00e4. N\u00e4iden lis\u00e4ksi j\u00e4rjestelm\u00e4\u00e4 k\u00e4ytet\u00e4\u00e4n eri tyyppisiss\u00e4 lautoissa, offshore-aluksissa, loistojahdeissa, tutkimuslaivoissa ja monissa muissa laivatyypeiss\u00e4. ABB valmistaa suuren teholuokan Azipod-potkuriyksik\u00f6it\u00e4 Helsingin Vuosaaressa ja kokoonpanee k\u00e4\u00e4nt\u00f6j\u00e4rjestelmi\u00e4 vuoden 2015 alusta l\u00e4htien Haminassa. Alle 5 MW yksik\u00f6t rakennetaan Shanghaissa Kiinassa. Kaikkien potkurilaitteiden tuotekehitystoiminta on Helsingiss\u00e4.<\/p>\n\n\n\n<p>Azipod-potkurij\u00e4rjestelm\u00e4n t\u00e4rkeimm\u00e4t edut ovat polttoaines\u00e4\u00e4st\u00f6, ymp\u00e4rist\u00f6yst\u00e4v\u00e4llisyys, ohjailtavuus, tilans\u00e4\u00e4st\u00f6, pienempi t\u00e4rin\u00e4- ja \u00e4\u00e4nitaso sek\u00e4 erityisesti j\u00e4iss\u00e4 kulkevissa aluksissa ly\u00f6m\u00e4t\u00f6n suorituskyky. Telakalle j\u00e4rjestelm\u00e4 tarjoaa yksinkertaisemman laivanrakennusprosessin.<\/p>\n\n\n\n<p>Vuonna 2021\u00a0ABB Azipod\u00ae-ruoripotkurij\u00e4rjestelm\u00e4lle my\u00f6nnettiin Suomalainen insin\u00f6\u00f6rity\u00f6palkinto (<a href=\"https:\/\/new.abb.com\/news\/fi\/detail\/85101\/abb-azipodr-ruoripotkurijarjestelmalle-suomalainen-insinoorityopalkinto\">Uutinen<\/a>).<\/p>\n\n\n\n<p>Lue lis\u00e4\u00e4 Azipod-propulsiosta&nbsp;<a href=\"https:\/\/new.abb.com\/marine\/systems-and-solutions\/electric-propulsion\/azipod\" target=\"_blank\" rel=\"noreferrer noopener\">t\u00e4\u00e4ll\u00e4<\/a>.&nbsp;<\/p>\n\n\n\n<p><em>Kuva:&nbsp;ABB Oy<\/em><\/p>\n","protected":false},"excerpt":{"rendered":"<p>Azipod\u00ae -ruoripotkurij\u00e4rjestelm\u00e4 on hyv\u00e4 esimerkki suomalaisesta innovoinnista ja laitetoimittajan, telakan ja laivan k\u00e4ytt\u00e4j\u00e4n yhteisty\u00f6st\u00e4 kehitett\u00e4ess\u00e4 uusia ja parempia ratkaisuja markkinoille. 1980-luvun lopussa ABB, Helsingin telakka ja silloinen Merenkulkulaitos ideoivat ruoripotkurilaitetta, jossa s\u00e4hk\u00f6moottori on laivan ulkopuolella suoraan py\u00f6ritt\u00e4m\u00e4ss\u00e4 potkuria. J\u00e4rjestelm\u00e4ll\u00e4 uskottiin saatavan parempi j\u00e4\u00e4nmurtokyky. Yhdess\u00e4 p\u00e4\u00e4tettiin tehd\u00e4 laitteesta prototyyppi, joka asennettiin v\u00e4yl\u00e4alus Seiliin vuonna 1990.&nbsp;Prototyyppi osoittautui [&hellip;]<\/p>\n","protected":false},"author":49,"featured_media":238,"parent":0,"menu_order":0,"comment_status":"closed","ping_status":"closed","template":"","meta":{"_acf_changed":false,"_relevanssi_hide_post":"","_relevanssi_hide_content":"","_relevanssi_pin_for_all":"","_relevanssi_pin_keywords":"","_relevanssi_unpin_keywords":"","_relevanssi_related_keywords":"","_relevanssi_related_include_ids":"","_relevanssi_related_exclude_ids":"","_relevanssi_related_no_append":"","_relevanssi_related_not_related":"","_relevanssi_related_posts":"57,48,56,55,54,53","_relevanssi_noindex_reason":"","inline_featured_image":false,"footnotes":""},"class_list":["post-1274","page","type-page","status-publish","has-post-thumbnail","hentry"],"acf":[],"yoast_head":"<!-- This site is optimized with the Yoast SEO Premium plugin v27.1 (Yoast SEO v27.3) - https:\/\/yoast.com\/product\/yoast-seo-premium-wordpress\/ -->\n<title>Azipod-ruoripotkurij\u00e4rjestelm\u00e4 - Meriteollisuus ry<\/title>\n<meta name=\"robots\" content=\"index, follow, max-snippet:-1, max-image-preview:large, max-video-preview:-1\" \/>\n<link rel=\"canonical\" href=\"https:\/\/teknologiateollisuus.fi\/meriteollisuus\/azipod\/\" \/>\n<meta property=\"og:locale\" content=\"fi_FI\" \/>\n<meta property=\"og:type\" content=\"article\" \/>\n<meta property=\"og:title\" content=\"Azipod-ruoripotkurij\u00e4rjestelm\u00e4\" \/>\n<meta property=\"og:description\" content=\"Azipod\u00ae -ruoripotkurij\u00e4rjestelm\u00e4 on hyv\u00e4 esimerkki suomalaisesta innovoinnista ja laitetoimittajan, telakan ja laivan k\u00e4ytt\u00e4j\u00e4n yhteisty\u00f6st\u00e4 kehitett\u00e4ess\u00e4 uusia ja parempia ratkaisuja markkinoille. 1980-luvun lopussa ABB, Helsingin telakka ja silloinen Merenkulkulaitos ideoivat ruoripotkurilaitetta, jossa s\u00e4hk\u00f6moottori on laivan ulkopuolella suoraan py\u00f6ritt\u00e4m\u00e4ss\u00e4 potkuria. J\u00e4rjestelm\u00e4ll\u00e4 uskottiin saatavan parempi j\u00e4\u00e4nmurtokyky. Yhdess\u00e4 p\u00e4\u00e4tettiin tehd\u00e4 laitteesta prototyyppi, joka asennettiin v\u00e4yl\u00e4alus Seiliin vuonna 1990.&nbsp;Prototyyppi osoittautui [&hellip;]\" \/>\n<meta property=\"og:url\" content=\"https:\/\/teknologiateollisuus.fi\/meriteollisuus\/azipod\/\" \/>\n<meta property=\"og:site_name\" content=\"Meriteollisuus ry\" \/>\n<meta property=\"article:modified_time\" content=\"2024-11-07T14:53:50+00:00\" \/>\n<meta property=\"og:image\" content=\"https:\/\/teknologiateollisuus.fi\/meriteollisuus\/wp-content\/uploads\/sites\/5\/2024\/08\/ABB-Large-Azipod_Propulsion_System_1.jpg\" \/>\n\t<meta property=\"og:image:width\" content=\"1280\" \/>\n\t<meta property=\"og:image:height\" content=\"899\" \/>\n\t<meta property=\"og:image:type\" content=\"image\/jpeg\" \/>\n<meta name=\"twitter:card\" content=\"summary_large_image\" \/>\n<meta name=\"twitter:label1\" content=\"Arvioitu lukuaika\" \/>\n\t<meta name=\"twitter:data1\" content=\"2 minuuttia\" \/>\n<script type=\"application\/ld+json\" class=\"yoast-schema-graph\">{\"@context\":\"https:\\\/\\\/schema.org\",\"@graph\":[{\"@type\":\"WebPage\",\"@id\":\"https:\\\/\\\/teknologiateollisuus.fi\\\/meriteollisuus\\\/azipod\\\/\",\"url\":\"https:\\\/\\\/teknologiateollisuus.fi\\\/meriteollisuus\\\/azipod\\\/\",\"name\":\"Azipod-ruoripotkurij\u00e4rjestelm\u00e4 - Meriteollisuus ry\",\"isPartOf\":{\"@id\":\"https:\\\/\\\/teknologiateollisuus.fi\\\/meriteollisuus\\\/#website\"},\"primaryImageOfPage\":{\"@id\":\"https:\\\/\\\/teknologiateollisuus.fi\\\/meriteollisuus\\\/azipod\\\/#primaryimage\"},\"image\":{\"@id\":\"https:\\\/\\\/teknologiateollisuus.fi\\\/meriteollisuus\\\/azipod\\\/#primaryimage\"},\"thumbnailUrl\":\"https:\\\/\\\/teknologiateollisuus.fi\\\/meriteollisuus\\\/wp-content\\\/uploads\\\/sites\\\/5\\\/2024\\\/08\\\/ABB-Large-Azipod_Propulsion_System_1.jpg\",\"datePublished\":\"2024-08-29T11:23:18+00:00\",\"dateModified\":\"2024-11-07T14:53:50+00:00\",\"breadcrumb\":{\"@id\":\"https:\\\/\\\/teknologiateollisuus.fi\\\/meriteollisuus\\\/azipod\\\/#breadcrumb\"},\"inLanguage\":\"fi\",\"potentialAction\":[{\"@type\":\"ReadAction\",\"target\":[\"https:\\\/\\\/teknologiateollisuus.fi\\\/meriteollisuus\\\/azipod\\\/\"]}]},{\"@type\":\"ImageObject\",\"inLanguage\":\"fi\",\"@id\":\"https:\\\/\\\/teknologiateollisuus.fi\\\/meriteollisuus\\\/azipod\\\/#primaryimage\",\"url\":\"https:\\\/\\\/teknologiateollisuus.fi\\\/meriteollisuus\\\/wp-content\\\/uploads\\\/sites\\\/5\\\/2024\\\/08\\\/ABB-Large-Azipod_Propulsion_System_1.jpg\",\"contentUrl\":\"https:\\\/\\\/teknologiateollisuus.fi\\\/meriteollisuus\\\/wp-content\\\/uploads\\\/sites\\\/5\\\/2024\\\/08\\\/ABB-Large-Azipod_Propulsion_System_1.jpg\",\"width\":1280,\"height\":899},{\"@type\":\"BreadcrumbList\",\"@id\":\"https:\\\/\\\/teknologiateollisuus.fi\\\/meriteollisuus\\\/azipod\\\/#breadcrumb\",\"itemListElement\":[{\"@type\":\"ListItem\",\"position\":1,\"name\":\"Etusivu\",\"item\":\"https:\\\/\\\/teknologiateollisuus.fi\\\/meriteollisuus\\\/\"},{\"@type\":\"ListItem\",\"position\":2,\"name\":\"Azipod-ruoripotkurij\u00e4rjestelm\u00e4\"}]},{\"@type\":\"WebSite\",\"@id\":\"https:\\\/\\\/teknologiateollisuus.fi\\\/meriteollisuus\\\/#website\",\"url\":\"https:\\\/\\\/teknologiateollisuus.fi\\\/meriteollisuus\\\/\",\"name\":\"Meriteollisuus ry\",\"description\":\"\",\"potentialAction\":[{\"@type\":\"SearchAction\",\"target\":{\"@type\":\"EntryPoint\",\"urlTemplate\":\"https:\\\/\\\/teknologiateollisuus.fi\\\/meriteollisuus\\\/?s={search_term_string}\"},\"query-input\":{\"@type\":\"PropertyValueSpecification\",\"valueRequired\":true,\"valueName\":\"search_term_string\"}}],\"inLanguage\":\"fi\"}]}<\/script>\n<!-- \/ Yoast SEO Premium plugin. -->","yoast_head_json":{"title":"Azipod-ruoripotkurij\u00e4rjestelm\u00e4 - Meriteollisuus ry","robots":{"index":"index","follow":"follow","max-snippet":"max-snippet:-1","max-image-preview":"max-image-preview:large","max-video-preview":"max-video-preview:-1"},"canonical":"https:\/\/teknologiateollisuus.fi\/meriteollisuus\/azipod\/","og_locale":"fi_FI","og_type":"article","og_title":"Azipod-ruoripotkurij\u00e4rjestelm\u00e4","og_description":"Azipod\u00ae -ruoripotkurij\u00e4rjestelm\u00e4 on hyv\u00e4 esimerkki suomalaisesta innovoinnista ja laitetoimittajan, telakan ja laivan k\u00e4ytt\u00e4j\u00e4n yhteisty\u00f6st\u00e4 kehitett\u00e4ess\u00e4 uusia ja parempia ratkaisuja markkinoille. 1980-luvun lopussa ABB, Helsingin telakka ja silloinen Merenkulkulaitos ideoivat ruoripotkurilaitetta, jossa s\u00e4hk\u00f6moottori on laivan ulkopuolella suoraan py\u00f6ritt\u00e4m\u00e4ss\u00e4 potkuria. J\u00e4rjestelm\u00e4ll\u00e4 uskottiin saatavan parempi j\u00e4\u00e4nmurtokyky. Yhdess\u00e4 p\u00e4\u00e4tettiin tehd\u00e4 laitteesta prototyyppi, joka asennettiin v\u00e4yl\u00e4alus Seiliin vuonna 1990.&nbsp;Prototyyppi osoittautui [&hellip;]","og_url":"https:\/\/teknologiateollisuus.fi\/meriteollisuus\/azipod\/","og_site_name":"Meriteollisuus ry","article_modified_time":"2024-11-07T14:53:50+00:00","og_image":[{"width":1280,"height":899,"url":"https:\/\/teknologiateollisuus.fi\/meriteollisuus\/wp-content\/uploads\/sites\/5\/2024\/08\/ABB-Large-Azipod_Propulsion_System_1.jpg","type":"image\/jpeg"}],"twitter_card":"summary_large_image","twitter_misc":{"Arvioitu lukuaika":"2 minuuttia"},"schema":{"@context":"https:\/\/schema.org","@graph":[{"@type":"WebPage","@id":"https:\/\/teknologiateollisuus.fi\/meriteollisuus\/azipod\/","url":"https:\/\/teknologiateollisuus.fi\/meriteollisuus\/azipod\/","name":"Azipod-ruoripotkurij\u00e4rjestelm\u00e4 - Meriteollisuus ry","isPartOf":{"@id":"https:\/\/teknologiateollisuus.fi\/meriteollisuus\/#website"},"primaryImageOfPage":{"@id":"https:\/\/teknologiateollisuus.fi\/meriteollisuus\/azipod\/#primaryimage"},"image":{"@id":"https:\/\/teknologiateollisuus.fi\/meriteollisuus\/azipod\/#primaryimage"},"thumbnailUrl":"https:\/\/teknologiateollisuus.fi\/meriteollisuus\/wp-content\/uploads\/sites\/5\/2024\/08\/ABB-Large-Azipod_Propulsion_System_1.jpg","datePublished":"2024-08-29T11:23:18+00:00","dateModified":"2024-11-07T14:53:50+00:00","breadcrumb":{"@id":"https:\/\/teknologiateollisuus.fi\/meriteollisuus\/azipod\/#breadcrumb"},"inLanguage":"fi","potentialAction":[{"@type":"ReadAction","target":["https:\/\/teknologiateollisuus.fi\/meriteollisuus\/azipod\/"]}]},{"@type":"ImageObject","inLanguage":"fi","@id":"https:\/\/teknologiateollisuus.fi\/meriteollisuus\/azipod\/#primaryimage","url":"https:\/\/teknologiateollisuus.fi\/meriteollisuus\/wp-content\/uploads\/sites\/5\/2024\/08\/ABB-Large-Azipod_Propulsion_System_1.jpg","contentUrl":"https:\/\/teknologiateollisuus.fi\/meriteollisuus\/wp-content\/uploads\/sites\/5\/2024\/08\/ABB-Large-Azipod_Propulsion_System_1.jpg","width":1280,"height":899},{"@type":"BreadcrumbList","@id":"https:\/\/teknologiateollisuus.fi\/meriteollisuus\/azipod\/#breadcrumb","itemListElement":[{"@type":"ListItem","position":1,"name":"Etusivu","item":"https:\/\/teknologiateollisuus.fi\/meriteollisuus\/"},{"@type":"ListItem","position":2,"name":"Azipod-ruoripotkurij\u00e4rjestelm\u00e4"}]},{"@type":"WebSite","@id":"https:\/\/teknologiateollisuus.fi\/meriteollisuus\/#website","url":"https:\/\/teknologiateollisuus.fi\/meriteollisuus\/","name":"Meriteollisuus ry","description":"","potentialAction":[{"@type":"SearchAction","target":{"@type":"EntryPoint","urlTemplate":"https:\/\/teknologiateollisuus.fi\/meriteollisuus\/?s={search_term_string}"},"query-input":{"@type":"PropertyValueSpecification","valueRequired":true,"valueName":"search_term_string"}}],"inLanguage":"fi"}]}},"lang":"fi","translations":{"fi":1274},"pll_sync_post":[],"_links":{"self":[{"href":"https:\/\/teknologiateollisuus.fi\/meriteollisuus\/wp-json\/wp\/v2\/pages\/1274","targetHints":{"allow":["GET"]}}],"collection":[{"href":"https:\/\/teknologiateollisuus.fi\/meriteollisuus\/wp-json\/wp\/v2\/pages"}],"about":[{"href":"https:\/\/teknologiateollisuus.fi\/meriteollisuus\/wp-json\/wp\/v2\/types\/page"}],"author":[{"embeddable":true,"href":"https:\/\/teknologiateollisuus.fi\/meriteollisuus\/wp-json\/wp\/v2\/users\/49"}],"replies":[{"embeddable":true,"href":"https:\/\/teknologiateollisuus.fi\/meriteollisuus\/wp-json\/wp\/v2\/comments?post=1274"}],"version-history":[{"count":8,"href":"https:\/\/teknologiateollisuus.fi\/meriteollisuus\/wp-json\/wp\/v2\/pages\/1274\/revisions"}],"predecessor-version":[{"id":2181,"href":"https:\/\/teknologiateollisuus.fi\/meriteollisuus\/wp-json\/wp\/v2\/pages\/1274\/revisions\/2181"}],"wp:featuredmedia":[{"embeddable":true,"href":"https:\/\/teknologiateollisuus.fi\/meriteollisuus\/wp-json\/wp\/v2\/media\/238"}],"wp:attachment":[{"href":"https:\/\/teknologiateollisuus.fi\/meriteollisuus\/wp-json\/wp\/v2\/media?parent=1274"}],"curies":[{"name":"wp","href":"https:\/\/api.w.org\/{rel}","templated":true}]}}