{"id":1278,"date":"2024-08-29T14:28:00","date_gmt":"2024-08-29T11:28:00","guid":{"rendered":"https:\/\/meriteollisuus.teknologiateollisuus.fi\/?page_id=1278"},"modified":"2024-11-06T15:44:37","modified_gmt":"2024-11-06T13:44:37","slug":"sumusammutus","status":"publish","type":"page","link":"https:\/\/teknologiateollisuus.fi\/meriteollisuus\/sumusammutus\/","title":{"rendered":"Sumusammutusj\u00e4rjestelm\u00e4"},"content":{"rendered":"\n<div class=\"em-block-hero hero-has-background-color has-background has-petrol-background-color has-image media-position-right \">\n\t<div class=\"em-block-hero__container\">\n\t\t<div class=\"em-block-hero__content\">\n\t\t\t<div class=\"yoast-breadcrumbs\"><span><span><a href=\"https:\/\/teknologiateollisuus.fi\/meriteollisuus\/\">Etusivu<\/a><\/span> <span class=\"separator\"><\/span> <span class=\"breadcrumb_last\" aria-current=\"page\">Sumusammutusj\u00e4rjestelm\u00e4<\/span><\/span><\/div>\t\t\t\n<h1 class=\"wp-block-heading is-style-default has-h-1-font-size\" id=\"sumusammutusjarjestelma\">Sumusammutusj\u00e4rjestelm\u00e4<\/h1>\n\n<p>Ensin risteilyaluksissa ja my\u00f6hemmin muissakin aluksissa k\u00e4ytt\u00f6\u00f6notettu edistyksellinen sumusammutusj\u00e4rjestelm\u00e4 on suomalaisten keksim\u00e4 ja kehitt\u00e4m\u00e4<\/p>\n\t\t\t<div class=\"em-block-hero__modified-date\"> P\u00e4ivitetty 06.11.2024 klo 15:44<\/div>\t\t<\/div>\n\t\t\t\t\t<figure class=\"em-block-hero__image\">\n\t\t\t\t<img loading=\"lazy\" decoding=\"async\" width=\"759\" height=\"348\" src=\"https:\/\/teknologiateollisuus.fi\/meriteollisuus\/wp-content\/uploads\/sites\/5\/2024\/08\/marioff_0.png\" class=\"attachment-hero size-hero\" alt=\"\" srcset=\"https:\/\/teknologiateollisuus.fi\/meriteollisuus\/wp-content\/uploads\/sites\/5\/2024\/08\/marioff_0.png 759w, https:\/\/teknologiateollisuus.fi\/meriteollisuus\/wp-content\/uploads\/sites\/5\/2024\/08\/marioff_0-400x183.png 400w\" sizes=\"auto, (max-width: 759px) 100vw, 759px\" \/>\t\t\t<\/figure>\n\t\t\t<\/div>\n<\/div>\n\n\n\n<p>HI-FOG\u2013sammutusj\u00e4rjestelm\u00e4n periaate on suhteellisen yksinkertainen: tulipalon sammutukseen k\u00e4ytett\u00e4v\u00e4 vesi hajotetaan korkeassa paineessa hienojakoiseksi sumuksi, jolloin vett\u00e4 tarvitaan selv\u00e4sti v\u00e4hemm\u00e4n kuin perinteisiss\u00e4 sprinklerij\u00e4rjestelmiss\u00e4. Pienet pisarat maksimoivat veden sammutustehokkuuden. J\u00e4rjestelm\u00e4 on my\u00f6s ymp\u00e4rist\u00f6yst\u00e4v\u00e4llinen ja turvallinen verrattuna esimerkiksi kaasusammutukseen. V\u00e4hemm\u00e4n sammutusvett\u00e4 aluksessa tarkoittaa my\u00f6s v\u00e4hemm\u00e4n vakavuusongelmia.<\/p>\n\n\n\n<p>Sumusammutusj\u00e4rjestelm\u00e4n kehitti G\u00f6ran Sundholm, joka perusti Marioff Oy:n. Nyky\u00e4\u00e4n Vantaalla sijaitsevalla Marioffilla on satoja ty\u00f6ntekij\u00f6it\u00e4 ymp\u00e4ri maailmaa.<\/p>\n\n\n\n<p><a href=\"http:\/\/www.marioff.com\/\">www.marioff.com<\/a><\/p>\n","protected":false},"excerpt":{"rendered":"<p>HI-FOG\u2013sammutusj\u00e4rjestelm\u00e4n periaate on suhteellisen yksinkertainen: tulipalon sammutukseen k\u00e4ytett\u00e4v\u00e4 vesi hajotetaan korkeassa paineessa hienojakoiseksi sumuksi, jolloin vett\u00e4 tarvitaan selv\u00e4sti v\u00e4hemm\u00e4n kuin perinteisiss\u00e4 sprinklerij\u00e4rjestelmiss\u00e4. Pienet pisarat maksimoivat veden sammutustehokkuuden. J\u00e4rjestelm\u00e4 on my\u00f6s ymp\u00e4rist\u00f6yst\u00e4v\u00e4llinen ja turvallinen verrattuna esimerkiksi kaasusammutukseen. V\u00e4hemm\u00e4n sammutusvett\u00e4 aluksessa tarkoittaa my\u00f6s v\u00e4hemm\u00e4n vakavuusongelmia. Sumusammutusj\u00e4rjestelm\u00e4n kehitti G\u00f6ran Sundholm, joka perusti Marioff Oy:n. Nyky\u00e4\u00e4n Vantaalla sijaitsevalla Marioffilla [&hellip;]<\/p>\n","protected":false},"author":49,"featured_media":0,"parent":0,"menu_order":0,"comment_status":"closed","ping_status":"closed","template":"","meta":{"_acf_changed":false,"_relevanssi_hide_post":"","_relevanssi_hide_content":"","_relevanssi_pin_for_all":"","_relevanssi_pin_keywords":"","_relevanssi_unpin_keywords":"","_relevanssi_related_keywords":"","_relevanssi_related_include_ids":"","_relevanssi_related_exclude_ids":"","_relevanssi_related_no_append":"","_relevanssi_related_not_related":"","_relevanssi_related_posts":"57,55,56,54,48,53","_relevanssi_noindex_reason":"","inline_featured_image":false,"footnotes":""},"class_list":["post-1278","page","type-page","status-publish","hentry"],"acf":[],"yoast_head":"<!-- This site is optimized with the Yoast SEO Premium plugin v27.1 (Yoast SEO v27.3) - https:\/\/yoast.com\/product\/yoast-seo-premium-wordpress\/ -->\n<title>Sumusammutusj\u00e4rjestelm\u00e4 - Meriteollisuus ry<\/title>\n<meta name=\"robots\" content=\"index, follow, max-snippet:-1, max-image-preview:large, max-video-preview:-1\" \/>\n<link rel=\"canonical\" href=\"https:\/\/teknologiateollisuus.fi\/meriteollisuus\/sumusammutus\/\" \/>\n<meta property=\"og:locale\" content=\"fi_FI\" \/>\n<meta property=\"og:type\" content=\"article\" \/>\n<meta property=\"og:title\" content=\"Sumusammutusj\u00e4rjestelm\u00e4\" \/>\n<meta property=\"og:description\" content=\"HI-FOG\u2013sammutusj\u00e4rjestelm\u00e4n periaate on suhteellisen yksinkertainen: tulipalon sammutukseen k\u00e4ytett\u00e4v\u00e4 vesi hajotetaan korkeassa paineessa hienojakoiseksi sumuksi, jolloin vett\u00e4 tarvitaan selv\u00e4sti v\u00e4hemm\u00e4n kuin perinteisiss\u00e4 sprinklerij\u00e4rjestelmiss\u00e4. Pienet pisarat maksimoivat veden sammutustehokkuuden. J\u00e4rjestelm\u00e4 on my\u00f6s ymp\u00e4rist\u00f6yst\u00e4v\u00e4llinen ja turvallinen verrattuna esimerkiksi kaasusammutukseen. V\u00e4hemm\u00e4n sammutusvett\u00e4 aluksessa tarkoittaa my\u00f6s v\u00e4hemm\u00e4n vakavuusongelmia. Sumusammutusj\u00e4rjestelm\u00e4n kehitti G\u00f6ran Sundholm, joka perusti Marioff Oy:n. Nyky\u00e4\u00e4n Vantaalla sijaitsevalla Marioffilla [&hellip;]\" \/>\n<meta property=\"og:url\" content=\"https:\/\/teknologiateollisuus.fi\/meriteollisuus\/sumusammutus\/\" \/>\n<meta property=\"og:site_name\" content=\"Meriteollisuus ry\" \/>\n<meta property=\"article:modified_time\" content=\"2024-11-06T13:44:37+00:00\" \/>\n<meta name=\"twitter:card\" content=\"summary_large_image\" \/>\n<meta name=\"twitter:label1\" content=\"Arvioitu lukuaika\" \/>\n\t<meta name=\"twitter:data1\" content=\"1 minuutti\" \/>\n<script type=\"application\/ld+json\" class=\"yoast-schema-graph\">{\"@context\":\"https:\\\/\\\/schema.org\",\"@graph\":[{\"@type\":\"WebPage\",\"@id\":\"https:\\\/\\\/teknologiateollisuus.fi\\\/meriteollisuus\\\/sumusammutus\\\/\",\"url\":\"https:\\\/\\\/teknologiateollisuus.fi\\\/meriteollisuus\\\/sumusammutus\\\/\",\"name\":\"Sumusammutusj\u00e4rjestelm\u00e4 - Meriteollisuus ry\",\"isPartOf\":{\"@id\":\"https:\\\/\\\/teknologiateollisuus.fi\\\/meriteollisuus\\\/#website\"},\"datePublished\":\"2024-08-29T11:28:00+00:00\",\"dateModified\":\"2024-11-06T13:44:37+00:00\",\"breadcrumb\":{\"@id\":\"https:\\\/\\\/teknologiateollisuus.fi\\\/meriteollisuus\\\/sumusammutus\\\/#breadcrumb\"},\"inLanguage\":\"fi\",\"potentialAction\":[{\"@type\":\"ReadAction\",\"target\":[\"https:\\\/\\\/teknologiateollisuus.fi\\\/meriteollisuus\\\/sumusammutus\\\/\"]}]},{\"@type\":\"BreadcrumbList\",\"@id\":\"https:\\\/\\\/teknologiateollisuus.fi\\\/meriteollisuus\\\/sumusammutus\\\/#breadcrumb\",\"itemListElement\":[{\"@type\":\"ListItem\",\"position\":1,\"name\":\"Etusivu\",\"item\":\"https:\\\/\\\/teknologiateollisuus.fi\\\/meriteollisuus\\\/\"},{\"@type\":\"ListItem\",\"position\":2,\"name\":\"Sumusammutusj\u00e4rjestelm\u00e4\"}]},{\"@type\":\"WebSite\",\"@id\":\"https:\\\/\\\/teknologiateollisuus.fi\\\/meriteollisuus\\\/#website\",\"url\":\"https:\\\/\\\/teknologiateollisuus.fi\\\/meriteollisuus\\\/\",\"name\":\"Meriteollisuus ry\",\"description\":\"\",\"potentialAction\":[{\"@type\":\"SearchAction\",\"target\":{\"@type\":\"EntryPoint\",\"urlTemplate\":\"https:\\\/\\\/teknologiateollisuus.fi\\\/meriteollisuus\\\/?s={search_term_string}\"},\"query-input\":{\"@type\":\"PropertyValueSpecification\",\"valueRequired\":true,\"valueName\":\"search_term_string\"}}],\"inLanguage\":\"fi\"}]}<\/script>\n<!-- \/ Yoast SEO Premium plugin. -->","yoast_head_json":{"title":"Sumusammutusj\u00e4rjestelm\u00e4 - Meriteollisuus ry","robots":{"index":"index","follow":"follow","max-snippet":"max-snippet:-1","max-image-preview":"max-image-preview:large","max-video-preview":"max-video-preview:-1"},"canonical":"https:\/\/teknologiateollisuus.fi\/meriteollisuus\/sumusammutus\/","og_locale":"fi_FI","og_type":"article","og_title":"Sumusammutusj\u00e4rjestelm\u00e4","og_description":"HI-FOG\u2013sammutusj\u00e4rjestelm\u00e4n periaate on suhteellisen yksinkertainen: tulipalon sammutukseen k\u00e4ytett\u00e4v\u00e4 vesi hajotetaan korkeassa paineessa hienojakoiseksi sumuksi, jolloin vett\u00e4 tarvitaan selv\u00e4sti v\u00e4hemm\u00e4n kuin perinteisiss\u00e4 sprinklerij\u00e4rjestelmiss\u00e4. Pienet pisarat maksimoivat veden sammutustehokkuuden. J\u00e4rjestelm\u00e4 on my\u00f6s ymp\u00e4rist\u00f6yst\u00e4v\u00e4llinen ja turvallinen verrattuna esimerkiksi kaasusammutukseen. V\u00e4hemm\u00e4n sammutusvett\u00e4 aluksessa tarkoittaa my\u00f6s v\u00e4hemm\u00e4n vakavuusongelmia. Sumusammutusj\u00e4rjestelm\u00e4n kehitti G\u00f6ran Sundholm, joka perusti Marioff Oy:n. Nyky\u00e4\u00e4n Vantaalla sijaitsevalla Marioffilla [&hellip;]","og_url":"https:\/\/teknologiateollisuus.fi\/meriteollisuus\/sumusammutus\/","og_site_name":"Meriteollisuus ry","article_modified_time":"2024-11-06T13:44:37+00:00","twitter_card":"summary_large_image","twitter_misc":{"Arvioitu lukuaika":"1 minuutti"},"schema":{"@context":"https:\/\/schema.org","@graph":[{"@type":"WebPage","@id":"https:\/\/teknologiateollisuus.fi\/meriteollisuus\/sumusammutus\/","url":"https:\/\/teknologiateollisuus.fi\/meriteollisuus\/sumusammutus\/","name":"Sumusammutusj\u00e4rjestelm\u00e4 - Meriteollisuus ry","isPartOf":{"@id":"https:\/\/teknologiateollisuus.fi\/meriteollisuus\/#website"},"datePublished":"2024-08-29T11:28:00+00:00","dateModified":"2024-11-06T13:44:37+00:00","breadcrumb":{"@id":"https:\/\/teknologiateollisuus.fi\/meriteollisuus\/sumusammutus\/#breadcrumb"},"inLanguage":"fi","potentialAction":[{"@type":"ReadAction","target":["https:\/\/teknologiateollisuus.fi\/meriteollisuus\/sumusammutus\/"]}]},{"@type":"BreadcrumbList","@id":"https:\/\/teknologiateollisuus.fi\/meriteollisuus\/sumusammutus\/#breadcrumb","itemListElement":[{"@type":"ListItem","position":1,"name":"Etusivu","item":"https:\/\/teknologiateollisuus.fi\/meriteollisuus\/"},{"@type":"ListItem","position":2,"name":"Sumusammutusj\u00e4rjestelm\u00e4"}]},{"@type":"WebSite","@id":"https:\/\/teknologiateollisuus.fi\/meriteollisuus\/#website","url":"https:\/\/teknologiateollisuus.fi\/meriteollisuus\/","name":"Meriteollisuus ry","description":"","potentialAction":[{"@type":"SearchAction","target":{"@type":"EntryPoint","urlTemplate":"https:\/\/teknologiateollisuus.fi\/meriteollisuus\/?s={search_term_string}"},"query-input":{"@type":"PropertyValueSpecification","valueRequired":true,"valueName":"search_term_string"}}],"inLanguage":"fi"}]}},"lang":"fi","translations":{"fi":1278},"pll_sync_post":[],"_links":{"self":[{"href":"https:\/\/teknologiateollisuus.fi\/meriteollisuus\/wp-json\/wp\/v2\/pages\/1278","targetHints":{"allow":["GET"]}}],"collection":[{"href":"https:\/\/teknologiateollisuus.fi\/meriteollisuus\/wp-json\/wp\/v2\/pages"}],"about":[{"href":"https:\/\/teknologiateollisuus.fi\/meriteollisuus\/wp-json\/wp\/v2\/types\/page"}],"author":[{"embeddable":true,"href":"https:\/\/teknologiateollisuus.fi\/meriteollisuus\/wp-json\/wp\/v2\/users\/49"}],"replies":[{"embeddable":true,"href":"https:\/\/teknologiateollisuus.fi\/meriteollisuus\/wp-json\/wp\/v2\/comments?post=1278"}],"version-history":[{"count":4,"href":"https:\/\/teknologiateollisuus.fi\/meriteollisuus\/wp-json\/wp\/v2\/pages\/1278\/revisions"}],"predecessor-version":[{"id":2128,"href":"https:\/\/teknologiateollisuus.fi\/meriteollisuus\/wp-json\/wp\/v2\/pages\/1278\/revisions\/2128"}],"wp:attachment":[{"href":"https:\/\/teknologiateollisuus.fi\/meriteollisuus\/wp-json\/wp\/v2\/media?parent=1278"}],"curies":[{"name":"wp","href":"https:\/\/api.w.org\/{rel}","templated":true}]}}