{"id":1283,"date":"2024-08-29T14:29:25","date_gmt":"2024-08-29T11:29:25","guid":{"rendered":"https:\/\/meriteollisuus.teknologiateollisuus.fi\/?page_id=1283"},"modified":"2024-12-09T13:57:52","modified_gmt":"2024-12-09T11:57:52","slug":"baltika","status":"publish","type":"page","link":"https:\/\/teknologiateollisuus.fi\/meriteollisuus\/baltika\/","title":{"rendered":"Vinomurtaja Baltika"},"content":{"rendered":"\n<div class=\"em-block-hero hero-has-background-color has-background has-petrol-background-color has-image media-position-right \">\n\t<div class=\"em-block-hero__container\">\n\t\t<div class=\"em-block-hero__content\">\n\t\t\t<div class=\"yoast-breadcrumbs\"><span><span><a href=\"https:\/\/teknologiateollisuus.fi\/meriteollisuus\/\">Etusivu<\/a><\/span> <span class=\"separator\"><\/span> <span class=\"breadcrumb_last\" aria-current=\"page\">Vinomurtaja Baltika<\/span><\/span><\/div>\t\t\t\n<h1 class=\"wp-block-heading\" id=\"vinomurtaja-baltika\">Vinomurtaja Baltika<\/h1>\n\n<p>Vinomurtaja \u201cBaltika\u201d murtaa j\u00e4\u00e4t\u00e4 sivuttain<\/p>\n\t\t\t<div class=\"em-block-hero__modified-date\"> P\u00e4ivitetty 09.12.2024 klo 13:57<\/div>\t\t<\/div>\n\t\t\t\t\t<figure class=\"em-block-hero__image\">\n\t\t\t\t<img loading=\"lazy\" decoding=\"async\" width=\"770\" height=\"500\" src=\"https:\/\/teknologiateollisuus.fi\/meriteollisuus\/wp-content\/uploads\/sites\/5\/2024\/08\/baltika.jpg\" class=\"attachment-hero size-hero\" alt=\"\" srcset=\"https:\/\/teknologiateollisuus.fi\/meriteollisuus\/wp-content\/uploads\/sites\/5\/2024\/08\/baltika.jpg 770w, https:\/\/teknologiateollisuus.fi\/meriteollisuus\/wp-content\/uploads\/sites\/5\/2024\/08\/baltika-400x260.jpg 400w, https:\/\/teknologiateollisuus.fi\/meriteollisuus\/wp-content\/uploads\/sites\/5\/2024\/08\/baltika-768x499.jpg 768w\" sizes=\"auto, (max-width: 770px) 100vw, 770px\" \/>\t\t\t<\/figure>\n\t\t\t<\/div>\n<\/div>\n\n\n\n<p><strong>Baltika on ensimm\u00e4inen laiva maailmassa, joka pystyy murtamaan j\u00e4\u00e4t\u00e4 vinottain.<\/strong>&nbsp;Vinomurtamisen etu on leve\u00e4 v\u00e4yl\u00e4, jolloin pieni murtaja pystyy avaamaan v\u00e4yl\u00e4\u00e4 suurillekin aluksille. Lis\u00e4ksi vinomurtaja pystyy liikkumaan&nbsp;eteen- ja taaksep\u00e4in ep\u00e4symmetrisen runkomuotonsa ja edistyksellisen Steerpropin suunnitteleman ruoripotkurij\u00e4rjestelm\u00e4n ansiosta. J\u00e4rjestelm\u00e4ss\u00e4 on kolme ruoripotkuria, jotka k\u00e4\u00e4ntyv\u00e4t 360 astetta.<\/p>\n\n\n\n<p>Vinomurtaja Baltika on varusteltu my\u00f6s pelastus- ja \u00f6ljyntorjuntateht\u00e4viin. Aluksen etukannella on selv\u00e4sti erottuva helikopterikansi evakuointia varten. Aluksessa on my\u00f6s uutta teknologiaa k\u00e4ytt\u00e4v\u00e4, porvoolaisen Lamorin valmistama sis\u00e4\u00e4nrakennettu \u00f6ljynker\u00e4ysj\u00e4rjestelm\u00e4.<\/p>\n\n\n\n<p>Vinomurtajan poikkeuksellinen ideointi ja innovatiivisuutta vaatinut suunnitteluty\u00f6 on tehty Suomessa. Aker Arcticin kehityksen tuloksena syntyi ARC 100 -konsepti, johon vinomurtaja perustuu.&nbsp;Baltikan operointialue on Suomenlahti.<\/p>\n\n\n\n<p><strong>Tekniset tiedot:<\/strong><\/p>\n\n\n\n<ul class=\"wp-block-list\">\n<li>pituus 76,4 metri\u00e4<\/li>\n\n\n\n<li>leveys 20,5 metri\u00e4<\/li>\n\n\n\n<li>kokonaisteho 9 MW<\/li>\n\n\n\n<li>propulsioteho 7,5 MW<\/li>\n\n\n\n<li>j\u00e4\u00e4nmurtokapasiteetti: murtaa vinottain kulkien 50 metri\u00e4 leve\u00e4\u00e4 v\u00e4yl\u00e4\u00e4 0,6 metri\u00e4 paksussa j\u00e4\u00e4ss\u00e4, eteen- ja taaksep\u00e4in kulkien murtaa metrin vahvuista j\u00e4\u00e4t\u00e4<\/li>\n\n\n\n<li>miehist\u00f6 24 henke\u00e4<\/li>\n\n\n\n<li>nopeus avovedess\u00e4 14 solmua, j\u00e4iss\u00e4 3 solmua<\/li>\n\n\n\n<li>luovutus telakalta kev\u00e4\u00e4ll\u00e4 2014<\/li>\n<\/ul>\n\n\n\n<p>Lue lis\u00e4\u00e4 Baltikasta\u00a0<a href=\"https:\/\/akerarctic.fi\/\">Aker Arcticin<\/a>\u00a0tai\u00a0<a href=\"https:\/\/helsinkishipyard.fi\/tuotteet\/erikoisalukset\/\">Helsinki Shipyardin<\/a>\u00a0sivuilla.<\/p>\n\n\n\n<p><em>Kuva: Aker Arctic<\/em><\/p>\n\n\n\n<p><\/p>\n","protected":false},"excerpt":{"rendered":"<p>Baltika on ensimm\u00e4inen laiva maailmassa, joka pystyy murtamaan j\u00e4\u00e4t\u00e4 vinottain.&nbsp;Vinomurtamisen etu on leve\u00e4 v\u00e4yl\u00e4, jolloin pieni murtaja pystyy avaamaan v\u00e4yl\u00e4\u00e4 suurillekin aluksille. Lis\u00e4ksi vinomurtaja pystyy liikkumaan&nbsp;eteen- ja taaksep\u00e4in ep\u00e4symmetrisen runkomuotonsa ja edistyksellisen Steerpropin suunnitteleman ruoripotkurij\u00e4rjestelm\u00e4n ansiosta. J\u00e4rjestelm\u00e4ss\u00e4 on kolme ruoripotkuria, jotka k\u00e4\u00e4ntyv\u00e4t 360 astetta. Vinomurtaja Baltika on varusteltu my\u00f6s pelastus- ja \u00f6ljyntorjuntateht\u00e4viin. Aluksen etukannella on [&hellip;]<\/p>\n","protected":false},"author":49,"featured_media":0,"parent":0,"menu_order":0,"comment_status":"closed","ping_status":"closed","template":"","meta":{"_acf_changed":false,"_relevanssi_hide_post":"","_relevanssi_hide_content":"","_relevanssi_pin_for_all":"","_relevanssi_pin_keywords":"","_relevanssi_unpin_keywords":"","_relevanssi_related_keywords":"","_relevanssi_related_include_ids":"","_relevanssi_related_exclude_ids":"","_relevanssi_related_no_append":"","_relevanssi_related_not_related":"","_relevanssi_related_posts":"56,57,54,53,48,55","_relevanssi_noindex_reason":"","inline_featured_image":false,"footnotes":""},"class_list":["post-1283","page","type-page","status-publish","hentry"],"acf":[],"yoast_head":"<!-- This site is optimized with the Yoast SEO Premium plugin v27.1 (Yoast SEO v27.3) - https:\/\/yoast.com\/product\/yoast-seo-premium-wordpress\/ -->\n<title>Vinomurtaja Baltika - Meriteollisuus ry<\/title>\n<meta name=\"robots\" content=\"index, follow, max-snippet:-1, max-image-preview:large, max-video-preview:-1\" \/>\n<link rel=\"canonical\" href=\"https:\/\/teknologiateollisuus.fi\/meriteollisuus\/baltika\/\" \/>\n<meta property=\"og:locale\" content=\"fi_FI\" \/>\n<meta property=\"og:type\" content=\"article\" \/>\n<meta property=\"og:title\" content=\"Vinomurtaja Baltika\" \/>\n<meta property=\"og:description\" content=\"Baltika on ensimm\u00e4inen laiva maailmassa, joka pystyy murtamaan j\u00e4\u00e4t\u00e4 vinottain.&nbsp;Vinomurtamisen etu on leve\u00e4 v\u00e4yl\u00e4, jolloin pieni murtaja pystyy avaamaan v\u00e4yl\u00e4\u00e4 suurillekin aluksille. Lis\u00e4ksi vinomurtaja pystyy liikkumaan&nbsp;eteen- ja taaksep\u00e4in ep\u00e4symmetrisen runkomuotonsa ja edistyksellisen Steerpropin suunnitteleman ruoripotkurij\u00e4rjestelm\u00e4n ansiosta. J\u00e4rjestelm\u00e4ss\u00e4 on kolme ruoripotkuria, jotka k\u00e4\u00e4ntyv\u00e4t 360 astetta. Vinomurtaja Baltika on varusteltu my\u00f6s pelastus- ja \u00f6ljyntorjuntateht\u00e4viin. Aluksen etukannella on [&hellip;]\" \/>\n<meta property=\"og:url\" content=\"https:\/\/teknologiateollisuus.fi\/meriteollisuus\/baltika\/\" \/>\n<meta property=\"og:site_name\" content=\"Meriteollisuus ry\" \/>\n<meta property=\"article:modified_time\" content=\"2024-12-09T11:57:52+00:00\" \/>\n<meta name=\"twitter:card\" content=\"summary_large_image\" \/>\n<meta name=\"twitter:label1\" content=\"Arvioitu lukuaika\" \/>\n\t<meta name=\"twitter:data1\" content=\"2 minuuttia\" \/>\n<script type=\"application\/ld+json\" class=\"yoast-schema-graph\">{\"@context\":\"https:\\\/\\\/schema.org\",\"@graph\":[{\"@type\":\"WebPage\",\"@id\":\"https:\\\/\\\/teknologiateollisuus.fi\\\/meriteollisuus\\\/baltika\\\/\",\"url\":\"https:\\\/\\\/teknologiateollisuus.fi\\\/meriteollisuus\\\/baltika\\\/\",\"name\":\"Vinomurtaja Baltika - Meriteollisuus ry\",\"isPartOf\":{\"@id\":\"https:\\\/\\\/teknologiateollisuus.fi\\\/meriteollisuus\\\/#website\"},\"datePublished\":\"2024-08-29T11:29:25+00:00\",\"dateModified\":\"2024-12-09T11:57:52+00:00\",\"breadcrumb\":{\"@id\":\"https:\\\/\\\/teknologiateollisuus.fi\\\/meriteollisuus\\\/baltika\\\/#breadcrumb\"},\"inLanguage\":\"fi\",\"potentialAction\":[{\"@type\":\"ReadAction\",\"target\":[\"https:\\\/\\\/teknologiateollisuus.fi\\\/meriteollisuus\\\/baltika\\\/\"]}]},{\"@type\":\"BreadcrumbList\",\"@id\":\"https:\\\/\\\/teknologiateollisuus.fi\\\/meriteollisuus\\\/baltika\\\/#breadcrumb\",\"itemListElement\":[{\"@type\":\"ListItem\",\"position\":1,\"name\":\"Etusivu\",\"item\":\"https:\\\/\\\/teknologiateollisuus.fi\\\/meriteollisuus\\\/\"},{\"@type\":\"ListItem\",\"position\":2,\"name\":\"Vinomurtaja Baltika\"}]},{\"@type\":\"WebSite\",\"@id\":\"https:\\\/\\\/teknologiateollisuus.fi\\\/meriteollisuus\\\/#website\",\"url\":\"https:\\\/\\\/teknologiateollisuus.fi\\\/meriteollisuus\\\/\",\"name\":\"Meriteollisuus ry\",\"description\":\"\",\"potentialAction\":[{\"@type\":\"SearchAction\",\"target\":{\"@type\":\"EntryPoint\",\"urlTemplate\":\"https:\\\/\\\/teknologiateollisuus.fi\\\/meriteollisuus\\\/?s={search_term_string}\"},\"query-input\":{\"@type\":\"PropertyValueSpecification\",\"valueRequired\":true,\"valueName\":\"search_term_string\"}}],\"inLanguage\":\"fi\"}]}<\/script>\n<!-- \/ Yoast SEO Premium plugin. -->","yoast_head_json":{"title":"Vinomurtaja Baltika - Meriteollisuus ry","robots":{"index":"index","follow":"follow","max-snippet":"max-snippet:-1","max-image-preview":"max-image-preview:large","max-video-preview":"max-video-preview:-1"},"canonical":"https:\/\/teknologiateollisuus.fi\/meriteollisuus\/baltika\/","og_locale":"fi_FI","og_type":"article","og_title":"Vinomurtaja Baltika","og_description":"Baltika on ensimm\u00e4inen laiva maailmassa, joka pystyy murtamaan j\u00e4\u00e4t\u00e4 vinottain.&nbsp;Vinomurtamisen etu on leve\u00e4 v\u00e4yl\u00e4, jolloin pieni murtaja pystyy avaamaan v\u00e4yl\u00e4\u00e4 suurillekin aluksille. Lis\u00e4ksi vinomurtaja pystyy liikkumaan&nbsp;eteen- ja taaksep\u00e4in ep\u00e4symmetrisen runkomuotonsa ja edistyksellisen Steerpropin suunnitteleman ruoripotkurij\u00e4rjestelm\u00e4n ansiosta. J\u00e4rjestelm\u00e4ss\u00e4 on kolme ruoripotkuria, jotka k\u00e4\u00e4ntyv\u00e4t 360 astetta. Vinomurtaja Baltika on varusteltu my\u00f6s pelastus- ja \u00f6ljyntorjuntateht\u00e4viin. Aluksen etukannella on [&hellip;]","og_url":"https:\/\/teknologiateollisuus.fi\/meriteollisuus\/baltika\/","og_site_name":"Meriteollisuus ry","article_modified_time":"2024-12-09T11:57:52+00:00","twitter_card":"summary_large_image","twitter_misc":{"Arvioitu lukuaika":"2 minuuttia"},"schema":{"@context":"https:\/\/schema.org","@graph":[{"@type":"WebPage","@id":"https:\/\/teknologiateollisuus.fi\/meriteollisuus\/baltika\/","url":"https:\/\/teknologiateollisuus.fi\/meriteollisuus\/baltika\/","name":"Vinomurtaja Baltika - Meriteollisuus ry","isPartOf":{"@id":"https:\/\/teknologiateollisuus.fi\/meriteollisuus\/#website"},"datePublished":"2024-08-29T11:29:25+00:00","dateModified":"2024-12-09T11:57:52+00:00","breadcrumb":{"@id":"https:\/\/teknologiateollisuus.fi\/meriteollisuus\/baltika\/#breadcrumb"},"inLanguage":"fi","potentialAction":[{"@type":"ReadAction","target":["https:\/\/teknologiateollisuus.fi\/meriteollisuus\/baltika\/"]}]},{"@type":"BreadcrumbList","@id":"https:\/\/teknologiateollisuus.fi\/meriteollisuus\/baltika\/#breadcrumb","itemListElement":[{"@type":"ListItem","position":1,"name":"Etusivu","item":"https:\/\/teknologiateollisuus.fi\/meriteollisuus\/"},{"@type":"ListItem","position":2,"name":"Vinomurtaja Baltika"}]},{"@type":"WebSite","@id":"https:\/\/teknologiateollisuus.fi\/meriteollisuus\/#website","url":"https:\/\/teknologiateollisuus.fi\/meriteollisuus\/","name":"Meriteollisuus ry","description":"","potentialAction":[{"@type":"SearchAction","target":{"@type":"EntryPoint","urlTemplate":"https:\/\/teknologiateollisuus.fi\/meriteollisuus\/?s={search_term_string}"},"query-input":{"@type":"PropertyValueSpecification","valueRequired":true,"valueName":"search_term_string"}}],"inLanguage":"fi"}]}},"lang":"fi","translations":{"fi":1283},"pll_sync_post":[],"_links":{"self":[{"href":"https:\/\/teknologiateollisuus.fi\/meriteollisuus\/wp-json\/wp\/v2\/pages\/1283","targetHints":{"allow":["GET"]}}],"collection":[{"href":"https:\/\/teknologiateollisuus.fi\/meriteollisuus\/wp-json\/wp\/v2\/pages"}],"about":[{"href":"https:\/\/teknologiateollisuus.fi\/meriteollisuus\/wp-json\/wp\/v2\/types\/page"}],"author":[{"embeddable":true,"href":"https:\/\/teknologiateollisuus.fi\/meriteollisuus\/wp-json\/wp\/v2\/users\/49"}],"replies":[{"embeddable":true,"href":"https:\/\/teknologiateollisuus.fi\/meriteollisuus\/wp-json\/wp\/v2\/comments?post=1283"}],"version-history":[{"count":6,"href":"https:\/\/teknologiateollisuus.fi\/meriteollisuus\/wp-json\/wp\/v2\/pages\/1283\/revisions"}],"predecessor-version":[{"id":2456,"href":"https:\/\/teknologiateollisuus.fi\/meriteollisuus\/wp-json\/wp\/v2\/pages\/1283\/revisions\/2456"}],"wp:attachment":[{"href":"https:\/\/teknologiateollisuus.fi\/meriteollisuus\/wp-json\/wp\/v2\/media?parent=1283"}],"curies":[{"name":"wp","href":"https:\/\/api.w.org\/{rel}","templated":true}]}}