{"id":1286,"date":"2024-08-29T14:37:45","date_gmt":"2024-08-29T11:37:45","guid":{"rendered":"https:\/\/meriteollisuus.teknologiateollisuus.fi\/?page_id=1286"},"modified":"2024-11-07T11:37:40","modified_gmt":"2024-11-07T09:37:40","slug":"meriklusterihanke","status":"publish","type":"page","link":"https:\/\/teknologiateollisuus.fi\/meriteollisuus\/kehitys\/meriteollisuus-ryn-hankkeet\/meriklusterihanke\/","title":{"rendered":"Meriklusterihanke"},"content":{"rendered":"\n<div class=\"em-block-hero hero-has-background-color has-background has-petrol-background-color collapse media-position-right \">\n\t<div class=\"em-block-hero__container\">\n\t\t<div class=\"em-block-hero__content\">\n\t\t\t<div class=\"yoast-breadcrumbs\"><span><span><a href=\"https:\/\/teknologiateollisuus.fi\/meriteollisuus\/\">Etusivu<\/a><\/span> <span class=\"separator\"><\/span> <span><a href=\"https:\/\/teknologiateollisuus.fi\/meriteollisuus\/kehitys\/\">Kehitys<\/a><\/span> <span class=\"separator\"><\/span> <span><a href=\"https:\/\/teknologiateollisuus.fi\/meriteollisuus\/kehitys\/meriteollisuus-ryn-hankkeet\/\">Meriteollisuus ry:n hankkeet<\/a><\/span> <span class=\"separator\"><\/span> <span class=\"breadcrumb_last\" aria-current=\"page\">Meriklusterihanke<\/span><\/span><\/div>\t\t\t\n<h1 class=\"wp-block-heading\" id=\"suomen-meriklusterin-yhteishanke\">Suomen meriklusterin yhteishanke<\/h1>\n\n<p>Suomen Meriklusterin elinkeinotoimijoiden yhteisty\u00f6hanke pyrkii nostamaan Suomen Meriklusterin maailman johtavaksi suunnann\u00e4ytt\u00e4j\u00e4ksi erityisesti ymp\u00e4rist\u00f6teknologian ja digitalisaation alueilla<\/p>\n\t\t\t<div class=\"em-block-hero__modified-date\"> P\u00e4ivitetty 07.11.2024 klo 11:37<\/div>\t\t<\/div>\n\t\t\t\t\t<figure class=\"em-block-hero__image\">\n\t\t\t\t\t\t\t<\/figure>\n\t\t\t<\/div>\n<\/div>\n\n\n\n<p>Hankkeen tavoitteena on meriklusteriyhteisty\u00f6n edist\u00e4minen ja vahvistaminen kansallisesti ja kansainv\u00e4lisesti, toimijoiden verkostoituminen, tiedonvaihto sek\u00e4 osaamisen kehitt\u00e4minen ja jakaminen. Tavoitteena on my\u00f6s edist\u00e4\u00e4 sinist\u00e4 kasvua, It\u00e4meren suojelua ja Suomen meriklusterin kilpailukyky\u00e4 sek\u00e4 julkisen ja yksityisen sektorin toimijoiden yhteisty\u00f6t\u00e4. Hanke tukee uusien innovaatioiden syntymist\u00e4 v\u00e4h\u00e4p\u00e4\u00e4st\u00f6isen merenkulun edist\u00e4miseksi sek\u00e4 sinisen kasvun potentiaalin hy\u00f6dynt\u00e4mist\u00e4.<\/p>\n\n\n\n<p>Hanke vaikuttaa innovaatioiden syntyyn edist\u00e4m\u00e4ll\u00e4 yhteisty\u00f6t\u00e4 ja jakamalla tietoa EU-rahoituksen k\u00e4yt\u00e4nn\u00f6ist\u00e4 sek\u00e4 rahoituksen entist\u00e4 laajemmasta hy\u00f6dynt\u00e4misest\u00e4 erityisesti uusien ymp\u00e4rist\u00f6ratkaisujen pilotoinnissa.<\/p>\n\n\n\n<p><strong>Hankkeen projektipartnereina toimivat Suomen Varustamot ry, Meriteollisuus ry, Suomen Satamaliitto ry, Satamaoperaattorit ry sek\u00e4 Centrum Balticum -s\u00e4\u00e4ti\u00f6 tapahtumien osalta<\/strong>. Hanke on saanut rahoitusta Euroopan meri- ja kalatalousrahastolta sek\u00e4 Ely-keskukselta. Hankkeen varsinaisen toimintakauden p\u00e4\u00e4tytty\u00e4 toiminta on jatkunut yhdistysten omalla rahoituksella.<\/p>\n\n\n\n<p>Vieraile hankkeen nettisivuilla: <a href=\"http:\/\/www.finnishmaritimecluster.fi\">www.finnishmaritimecluster.fi<\/a><\/p>\n\n\n\n<figure class=\"wp-block-image size-full is-resized\"><img loading=\"lazy\" decoding=\"async\" width=\"750\" height=\"533\" src=\"https:\/\/meriteollisuus.teknologiateollisuus.fi\/wp-content\/uploads\/sites\/5\/2024\/08\/FMC-logo-750.jpg\" alt=\"\" class=\"wp-image-448\" style=\"width:348px;height:auto\" srcset=\"https:\/\/teknologiateollisuus.fi\/meriteollisuus\/wp-content\/uploads\/sites\/5\/2024\/08\/FMC-logo-750.jpg 750w, https:\/\/teknologiateollisuus.fi\/meriteollisuus\/wp-content\/uploads\/sites\/5\/2024\/08\/FMC-logo-750-400x284.jpg 400w\" sizes=\"auto, (max-width: 750px) 100vw, 750px\" \/><\/figure>\n","protected":false},"excerpt":{"rendered":"<p>Hankkeen tavoitteena on meriklusteriyhteisty\u00f6n edist\u00e4minen ja vahvistaminen kansallisesti ja kansainv\u00e4lisesti, toimijoiden verkostoituminen, tiedonvaihto sek\u00e4 osaamisen kehitt\u00e4minen ja jakaminen. Tavoitteena on my\u00f6s edist\u00e4\u00e4 sinist\u00e4 kasvua, It\u00e4meren suojelua ja Suomen meriklusterin kilpailukyky\u00e4 sek\u00e4 julkisen ja yksityisen sektorin toimijoiden yhteisty\u00f6t\u00e4. Hanke tukee uusien innovaatioiden syntymist\u00e4 v\u00e4h\u00e4p\u00e4\u00e4st\u00f6isen merenkulun edist\u00e4miseksi sek\u00e4 sinisen kasvun potentiaalin hy\u00f6dynt\u00e4mist\u00e4. Hanke vaikuttaa innovaatioiden syntyyn edist\u00e4m\u00e4ll\u00e4 [&hellip;]<\/p>\n","protected":false},"author":59,"featured_media":0,"parent":1245,"menu_order":2,"comment_status":"closed","ping_status":"closed","template":"","meta":{"_acf_changed":false,"_relevanssi_hide_post":"","_relevanssi_hide_content":"","_relevanssi_pin_for_all":"","_relevanssi_pin_keywords":"","_relevanssi_unpin_keywords":"","_relevanssi_related_keywords":"","_relevanssi_related_include_ids":"","_relevanssi_related_exclude_ids":"","_relevanssi_related_no_append":"","_relevanssi_related_not_related":"","_relevanssi_related_posts":"53,48,57,55,54,56","_relevanssi_noindex_reason":"","inline_featured_image":false,"footnotes":""},"class_list":["post-1286","page","type-page","status-publish","hentry"],"acf":[],"yoast_head":"<!-- This site is optimized with the Yoast SEO Premium plugin v27.1 (Yoast SEO v27.3) - https:\/\/yoast.com\/product\/yoast-seo-premium-wordpress\/ -->\n<title>Meriklusterihanke - Meriteollisuus ry<\/title>\n<meta name=\"robots\" content=\"index, follow, max-snippet:-1, max-image-preview:large, max-video-preview:-1\" \/>\n<link rel=\"canonical\" href=\"https:\/\/teknologiateollisuus.fi\/meriteollisuus\/kehitys\/meriteollisuus-ryn-hankkeet\/meriklusterihanke\/\" \/>\n<meta property=\"og:locale\" content=\"fi_FI\" \/>\n<meta property=\"og:type\" content=\"article\" \/>\n<meta property=\"og:title\" content=\"Meriklusterihanke\" \/>\n<meta property=\"og:description\" content=\"Hankkeen tavoitteena on meriklusteriyhteisty\u00f6n edist\u00e4minen ja vahvistaminen kansallisesti ja kansainv\u00e4lisesti, toimijoiden verkostoituminen, tiedonvaihto sek\u00e4 osaamisen kehitt\u00e4minen ja jakaminen. Tavoitteena on my\u00f6s edist\u00e4\u00e4 sinist\u00e4 kasvua, It\u00e4meren suojelua ja Suomen meriklusterin kilpailukyky\u00e4 sek\u00e4 julkisen ja yksityisen sektorin toimijoiden yhteisty\u00f6t\u00e4. Hanke tukee uusien innovaatioiden syntymist\u00e4 v\u00e4h\u00e4p\u00e4\u00e4st\u00f6isen merenkulun edist\u00e4miseksi sek\u00e4 sinisen kasvun potentiaalin hy\u00f6dynt\u00e4mist\u00e4. Hanke vaikuttaa innovaatioiden syntyyn edist\u00e4m\u00e4ll\u00e4 [&hellip;]\" \/>\n<meta property=\"og:url\" content=\"https:\/\/teknologiateollisuus.fi\/meriteollisuus\/kehitys\/meriteollisuus-ryn-hankkeet\/meriklusterihanke\/\" \/>\n<meta property=\"og:site_name\" content=\"Meriteollisuus ry\" \/>\n<meta property=\"article:modified_time\" content=\"2024-11-07T09:37:40+00:00\" \/>\n<meta property=\"og:image\" content=\"https:\/\/teknologiateollisuus.fi\/meriteollisuus\/wp-content\/uploads\/sites\/5\/2024\/08\/FMC-logo-750.jpg\" \/>\n\t<meta property=\"og:image:width\" content=\"750\" \/>\n\t<meta property=\"og:image:height\" content=\"533\" \/>\n\t<meta property=\"og:image:type\" content=\"image\/jpeg\" \/>\n<meta name=\"twitter:card\" content=\"summary_large_image\" \/>\n<meta name=\"twitter:label1\" content=\"Arvioitu lukuaika\" \/>\n\t<meta name=\"twitter:data1\" content=\"2 minuuttia\" \/>\n<script type=\"application\/ld+json\" class=\"yoast-schema-graph\">{\"@context\":\"https:\\\/\\\/schema.org\",\"@graph\":[{\"@type\":\"WebPage\",\"@id\":\"https:\\\/\\\/teknologiateollisuus.fi\\\/meriteollisuus\\\/kehitys\\\/meriteollisuus-ryn-hankkeet\\\/meriklusterihanke\\\/\",\"url\":\"https:\\\/\\\/teknologiateollisuus.fi\\\/meriteollisuus\\\/kehitys\\\/meriteollisuus-ryn-hankkeet\\\/meriklusterihanke\\\/\",\"name\":\"Meriklusterihanke - Meriteollisuus ry\",\"isPartOf\":{\"@id\":\"https:\\\/\\\/teknologiateollisuus.fi\\\/meriteollisuus\\\/#website\"},\"primaryImageOfPage\":{\"@id\":\"https:\\\/\\\/teknologiateollisuus.fi\\\/meriteollisuus\\\/kehitys\\\/meriteollisuus-ryn-hankkeet\\\/meriklusterihanke\\\/#primaryimage\"},\"image\":{\"@id\":\"https:\\\/\\\/teknologiateollisuus.fi\\\/meriteollisuus\\\/kehitys\\\/meriteollisuus-ryn-hankkeet\\\/meriklusterihanke\\\/#primaryimage\"},\"thumbnailUrl\":\"https:\\\/\\\/meriteollisuus.teknologiateollisuus.fi\\\/wp-content\\\/uploads\\\/sites\\\/5\\\/2024\\\/08\\\/FMC-logo-750.jpg\",\"datePublished\":\"2024-08-29T11:37:45+00:00\",\"dateModified\":\"2024-11-07T09:37:40+00:00\",\"breadcrumb\":{\"@id\":\"https:\\\/\\\/teknologiateollisuus.fi\\\/meriteollisuus\\\/kehitys\\\/meriteollisuus-ryn-hankkeet\\\/meriklusterihanke\\\/#breadcrumb\"},\"inLanguage\":\"fi\",\"potentialAction\":[{\"@type\":\"ReadAction\",\"target\":[\"https:\\\/\\\/teknologiateollisuus.fi\\\/meriteollisuus\\\/kehitys\\\/meriteollisuus-ryn-hankkeet\\\/meriklusterihanke\\\/\"]}]},{\"@type\":\"ImageObject\",\"inLanguage\":\"fi\",\"@id\":\"https:\\\/\\\/teknologiateollisuus.fi\\\/meriteollisuus\\\/kehitys\\\/meriteollisuus-ryn-hankkeet\\\/meriklusterihanke\\\/#primaryimage\",\"url\":\"https:\\\/\\\/meriteollisuus.teknologiateollisuus.fi\\\/wp-content\\\/uploads\\\/sites\\\/5\\\/2024\\\/08\\\/FMC-logo-750.jpg\",\"contentUrl\":\"https:\\\/\\\/meriteollisuus.teknologiateollisuus.fi\\\/wp-content\\\/uploads\\\/sites\\\/5\\\/2024\\\/08\\\/FMC-logo-750.jpg\"},{\"@type\":\"BreadcrumbList\",\"@id\":\"https:\\\/\\\/teknologiateollisuus.fi\\\/meriteollisuus\\\/kehitys\\\/meriteollisuus-ryn-hankkeet\\\/meriklusterihanke\\\/#breadcrumb\",\"itemListElement\":[{\"@type\":\"ListItem\",\"position\":1,\"name\":\"Etusivu\",\"item\":\"https:\\\/\\\/teknologiateollisuus.fi\\\/meriteollisuus\\\/\"},{\"@type\":\"ListItem\",\"position\":2,\"name\":\"Kehitys\",\"item\":\"https:\\\/\\\/teknologiateollisuus.fi\\\/meriteollisuus\\\/kehitys\\\/\"},{\"@type\":\"ListItem\",\"position\":3,\"name\":\"Meriteollisuus ry:n hankkeet\",\"item\":\"https:\\\/\\\/teknologiateollisuus.fi\\\/meriteollisuus\\\/kehitys\\\/meriteollisuus-ryn-hankkeet\\\/\"},{\"@type\":\"ListItem\",\"position\":4,\"name\":\"Meriklusterihanke\"}]},{\"@type\":\"WebSite\",\"@id\":\"https:\\\/\\\/teknologiateollisuus.fi\\\/meriteollisuus\\\/#website\",\"url\":\"https:\\\/\\\/teknologiateollisuus.fi\\\/meriteollisuus\\\/\",\"name\":\"Meriteollisuus ry\",\"description\":\"\",\"potentialAction\":[{\"@type\":\"SearchAction\",\"target\":{\"@type\":\"EntryPoint\",\"urlTemplate\":\"https:\\\/\\\/teknologiateollisuus.fi\\\/meriteollisuus\\\/?s={search_term_string}\"},\"query-input\":{\"@type\":\"PropertyValueSpecification\",\"valueRequired\":true,\"valueName\":\"search_term_string\"}}],\"inLanguage\":\"fi\"}]}<\/script>\n<!-- \/ Yoast SEO Premium plugin. -->","yoast_head_json":{"title":"Meriklusterihanke - Meriteollisuus ry","robots":{"index":"index","follow":"follow","max-snippet":"max-snippet:-1","max-image-preview":"max-image-preview:large","max-video-preview":"max-video-preview:-1"},"canonical":"https:\/\/teknologiateollisuus.fi\/meriteollisuus\/kehitys\/meriteollisuus-ryn-hankkeet\/meriklusterihanke\/","og_locale":"fi_FI","og_type":"article","og_title":"Meriklusterihanke","og_description":"Hankkeen tavoitteena on meriklusteriyhteisty\u00f6n edist\u00e4minen ja vahvistaminen kansallisesti ja kansainv\u00e4lisesti, toimijoiden verkostoituminen, tiedonvaihto sek\u00e4 osaamisen kehitt\u00e4minen ja jakaminen. Tavoitteena on my\u00f6s edist\u00e4\u00e4 sinist\u00e4 kasvua, It\u00e4meren suojelua ja Suomen meriklusterin kilpailukyky\u00e4 sek\u00e4 julkisen ja yksityisen sektorin toimijoiden yhteisty\u00f6t\u00e4. Hanke tukee uusien innovaatioiden syntymist\u00e4 v\u00e4h\u00e4p\u00e4\u00e4st\u00f6isen merenkulun edist\u00e4miseksi sek\u00e4 sinisen kasvun potentiaalin hy\u00f6dynt\u00e4mist\u00e4. Hanke vaikuttaa innovaatioiden syntyyn edist\u00e4m\u00e4ll\u00e4 [&hellip;]","og_url":"https:\/\/teknologiateollisuus.fi\/meriteollisuus\/kehitys\/meriteollisuus-ryn-hankkeet\/meriklusterihanke\/","og_site_name":"Meriteollisuus ry","article_modified_time":"2024-11-07T09:37:40+00:00","og_image":[{"width":750,"height":533,"url":"https:\/\/teknologiateollisuus.fi\/meriteollisuus\/wp-content\/uploads\/sites\/5\/2024\/08\/FMC-logo-750.jpg","type":"image\/jpeg"}],"twitter_card":"summary_large_image","twitter_misc":{"Arvioitu lukuaika":"2 minuuttia"},"schema":{"@context":"https:\/\/schema.org","@graph":[{"@type":"WebPage","@id":"https:\/\/teknologiateollisuus.fi\/meriteollisuus\/kehitys\/meriteollisuus-ryn-hankkeet\/meriklusterihanke\/","url":"https:\/\/teknologiateollisuus.fi\/meriteollisuus\/kehitys\/meriteollisuus-ryn-hankkeet\/meriklusterihanke\/","name":"Meriklusterihanke - Meriteollisuus ry","isPartOf":{"@id":"https:\/\/teknologiateollisuus.fi\/meriteollisuus\/#website"},"primaryImageOfPage":{"@id":"https:\/\/teknologiateollisuus.fi\/meriteollisuus\/kehitys\/meriteollisuus-ryn-hankkeet\/meriklusterihanke\/#primaryimage"},"image":{"@id":"https:\/\/teknologiateollisuus.fi\/meriteollisuus\/kehitys\/meriteollisuus-ryn-hankkeet\/meriklusterihanke\/#primaryimage"},"thumbnailUrl":"https:\/\/meriteollisuus.teknologiateollisuus.fi\/wp-content\/uploads\/sites\/5\/2024\/08\/FMC-logo-750.jpg","datePublished":"2024-08-29T11:37:45+00:00","dateModified":"2024-11-07T09:37:40+00:00","breadcrumb":{"@id":"https:\/\/teknologiateollisuus.fi\/meriteollisuus\/kehitys\/meriteollisuus-ryn-hankkeet\/meriklusterihanke\/#breadcrumb"},"inLanguage":"fi","potentialAction":[{"@type":"ReadAction","target":["https:\/\/teknologiateollisuus.fi\/meriteollisuus\/kehitys\/meriteollisuus-ryn-hankkeet\/meriklusterihanke\/"]}]},{"@type":"ImageObject","inLanguage":"fi","@id":"https:\/\/teknologiateollisuus.fi\/meriteollisuus\/kehitys\/meriteollisuus-ryn-hankkeet\/meriklusterihanke\/#primaryimage","url":"https:\/\/meriteollisuus.teknologiateollisuus.fi\/wp-content\/uploads\/sites\/5\/2024\/08\/FMC-logo-750.jpg","contentUrl":"https:\/\/meriteollisuus.teknologiateollisuus.fi\/wp-content\/uploads\/sites\/5\/2024\/08\/FMC-logo-750.jpg"},{"@type":"BreadcrumbList","@id":"https:\/\/teknologiateollisuus.fi\/meriteollisuus\/kehitys\/meriteollisuus-ryn-hankkeet\/meriklusterihanke\/#breadcrumb","itemListElement":[{"@type":"ListItem","position":1,"name":"Etusivu","item":"https:\/\/teknologiateollisuus.fi\/meriteollisuus\/"},{"@type":"ListItem","position":2,"name":"Kehitys","item":"https:\/\/teknologiateollisuus.fi\/meriteollisuus\/kehitys\/"},{"@type":"ListItem","position":3,"name":"Meriteollisuus ry:n hankkeet","item":"https:\/\/teknologiateollisuus.fi\/meriteollisuus\/kehitys\/meriteollisuus-ryn-hankkeet\/"},{"@type":"ListItem","position":4,"name":"Meriklusterihanke"}]},{"@type":"WebSite","@id":"https:\/\/teknologiateollisuus.fi\/meriteollisuus\/#website","url":"https:\/\/teknologiateollisuus.fi\/meriteollisuus\/","name":"Meriteollisuus ry","description":"","potentialAction":[{"@type":"SearchAction","target":{"@type":"EntryPoint","urlTemplate":"https:\/\/teknologiateollisuus.fi\/meriteollisuus\/?s={search_term_string}"},"query-input":{"@type":"PropertyValueSpecification","valueRequired":true,"valueName":"search_term_string"}}],"inLanguage":"fi"}]}},"lang":"fi","translations":{"fi":1286},"pll_sync_post":[],"_links":{"self":[{"href":"https:\/\/teknologiateollisuus.fi\/meriteollisuus\/wp-json\/wp\/v2\/pages\/1286","targetHints":{"allow":["GET"]}}],"collection":[{"href":"https:\/\/teknologiateollisuus.fi\/meriteollisuus\/wp-json\/wp\/v2\/pages"}],"about":[{"href":"https:\/\/teknologiateollisuus.fi\/meriteollisuus\/wp-json\/wp\/v2\/types\/page"}],"author":[{"embeddable":true,"href":"https:\/\/teknologiateollisuus.fi\/meriteollisuus\/wp-json\/wp\/v2\/users\/59"}],"replies":[{"embeddable":true,"href":"https:\/\/teknologiateollisuus.fi\/meriteollisuus\/wp-json\/wp\/v2\/comments?post=1286"}],"version-history":[{"count":4,"href":"https:\/\/teknologiateollisuus.fi\/meriteollisuus\/wp-json\/wp\/v2\/pages\/1286\/revisions"}],"predecessor-version":[{"id":2137,"href":"https:\/\/teknologiateollisuus.fi\/meriteollisuus\/wp-json\/wp\/v2\/pages\/1286\/revisions\/2137"}],"up":[{"embeddable":true,"href":"https:\/\/teknologiateollisuus.fi\/meriteollisuus\/wp-json\/wp\/v2\/pages\/1245"}],"wp:attachment":[{"href":"https:\/\/teknologiateollisuus.fi\/meriteollisuus\/wp-json\/wp\/v2\/media?parent=1286"}],"curies":[{"name":"wp","href":"https:\/\/api.w.org\/{rel}","templated":true}]}}