{"id":1293,"date":"2024-08-29T14:54:56","date_gmt":"2024-08-29T11:54:56","guid":{"rendered":"https:\/\/meriteollisuus.teknologiateollisuus.fi\/?page_id=1293"},"modified":"2024-11-12T13:18:07","modified_gmt":"2024-11-12T11:18:07","slug":"paattyneet-hankkeet","status":"publish","type":"page","link":"https:\/\/teknologiateollisuus.fi\/meriteollisuus\/kehitys\/meriteollisuus-ryn-hankkeet\/paattyneet-hankkeet\/","title":{"rendered":"P\u00e4\u00e4ttyneet hankkeet"},"content":{"rendered":"\n<div class=\"em-block-hero hero-has-background-color has-background has-petrol-background-color collapse media-position-right \">\n\t<div class=\"em-block-hero__container\">\n\t\t<div class=\"em-block-hero__content\">\n\t\t\t<div class=\"yoast-breadcrumbs\"><span><span><a href=\"https:\/\/teknologiateollisuus.fi\/meriteollisuus\/\">Etusivu<\/a><\/span> <span class=\"separator\"><\/span> <span><a href=\"https:\/\/teknologiateollisuus.fi\/meriteollisuus\/kehitys\/\">Kehitys<\/a><\/span> <span class=\"separator\"><\/span> <span><a href=\"https:\/\/teknologiateollisuus.fi\/meriteollisuus\/kehitys\/meriteollisuus-ryn-hankkeet\/\">Meriteollisuus ry:n hankkeet<\/a><\/span> <span class=\"separator\"><\/span> <span class=\"breadcrumb_last\" aria-current=\"page\">P\u00e4\u00e4ttyneet hankkeet<\/span><\/span><\/div>\t\t\t\n<h1 class=\"wp-block-heading\" id=\"paattyneet-hankkeet\">P\u00e4\u00e4ttyneet hankkeet<\/h1>\n\n<p><\/p>\n\t\t\t<div class=\"em-block-hero__modified-date\"> P\u00e4ivitetty 12.11.2024 klo 13:18<\/div>\t\t<\/div>\n\t\t\t\t\t<figure class=\"em-block-hero__image\">\n\t\t\t\t\t\t\t<\/figure>\n\t\t\t<\/div>\n<\/div>\n\n\n\n<div class=\"wp-block-evermade-accordion em-block-accordion js-accordion-group\">\n<div class=\"wp-block-evermade-accordion-item em-block-accordion-item js-accordion-item\"><h6 class=\"em-block-accordion-item__title-wrapper\"><button class=\"em-block-accordion-item__title js-accordion-controller\">SUSTIS &#8211; Sustainability and transparency in shipbuilding networks<\/button><\/h6><div id=\"accordion-item-content-0\" class=\"em-block-accordion-item__content js-accordion-content\">\n<p>SUSTIS oli meriteollisuuden vastuullisuutta tutkiva projekti, jota toteutettiin kahdessa vaiheessa. Ensimm\u00e4isess\u00e4 vaiheessa, joka linkittyi my\u00f6s Meyer Turun vastaavaan projektiin, keskityttiin tunnistamaan oleelliset vastuullisuuden mittarit. Ensimm\u00e4isen vaiheen p\u00e4\u00e4tavoitteena oli vahvistaa vastuullisuuden liiketoiminnalle tuomaa arvoa laivanrakennusverkostossa, ja ennen kaikkea risteilybisneksess\u00e4.<\/p>\n\n\n\n<p>Projektin toisessa vaiheessa tutkimus laajeni etsim\u00e4\u00e4n uusia tapoja ja ratkaisuja tiedonsiirrolle. Toisessa vaiheessa dataa pyrittiin hy\u00f6dynt\u00e4m\u00e4\u00e4n luomalla ja testaamalla useita eri pilottiaplikaatioita. Lis\u00e4ksi projektin toinen vaihe kannusti keskustelemaan erilaisten vastuullisuusargumenttien k\u00e4yt\u00f6st\u00e4 ja tarjosi tietoa laivanrakennusverkoston taloudellisen kest\u00e4vyyden lis\u00e4\u00e4miseksi. Projektissa luotiin vastuullisuusdatan pilottialusta parantamaan erilaisten vastuullisuuskysymysten l\u00e4pin\u00e4kyvyytt\u00e4 ja hy\u00f6dynnett\u00e4vyytt\u00e4. Toisessa vaiheessa data my\u00f6s kvantifikoitiin vastuullisuusmallinnuksella, sek\u00e4 etsittiin uusia, avoimen vastuullisuusdatan tuomia liiketoimintamahdollisuuksia.<\/p>\n\n\n\n<p>Projektia koordinoi Turun yliopiston Tulevaisuuden teknologioiden laitos. Laitoksen lis\u00e4ksi tutkimusyhteisty\u00f6kumppaneihin kuului yliopiston kaksi muuta yksikk\u00f6\u00e4, Centre for Collaborative Research ja Tulevaisuuden tutkimuskeskus, sek\u00e4 Teknologian tutkimuskeskus VTT. Lis\u00e4ksi useilla teollisuuden yhteisty\u00f6kumppaneilla oli omia rinnakkaisia projektejaan, jotka linkittyiv\u00e4t my\u00f6s SUSTIS-tutkimusprojektiin. My\u00f6s Meriteollisuus ry oli yksi hankkeen avustavista yhteisty\u00f6kumppaneista, tavoitteenaan innostaa koko meriteollisuusverkostoa vastuullisuuteen.<\/p>\n\n\n\n<p><strong>Tutkimuspartnerit<\/strong><\/p>\n\n\n\n<ul class=\"wp-block-list\">\n<li>Tulevaisuuden teknologioiden laitos \/ Sulautetut j\u00e4rjestelm\u00e4t (Turun yliopisto)<\/li>\n\n\n\n<li>Centre for Collaborative Research (CCR) (Turun yliopisto)<\/li>\n\n\n\n<li>Tulevaisuuden tutkimuskeskus (Turun yliopisto)<\/li>\n\n\n\n<li>Teknologian tutkimuskeskus VTT<\/li>\n<\/ul>\n\n\n\n<p><strong>Teollisuus- ja avustavat yhteisty\u00f6kumppanit<\/strong><\/p>\n\n\n\n<ul class=\"wp-block-list\">\n<li>DNV GL Business Assurance Finland Oy<\/li>\n\n\n\n<li>Evac Oy<\/li>\n\n\n\n<li>Lautex Oy<\/li>\n\n\n\n<li>Meriteollisuus ry<\/li>\n\n\n\n<li>Meyer Turku Oy<\/li>\n\n\n\n<li>NIT Naval Interior Team Oy<\/li>\n\n\n\n<li>Paattimaakarit Oy<\/li>\n\n\n\n<li>Piikkio Works Oy<\/li>\n\n\n\n<li>Sininen Polku Oy<\/li>\n\n\n\n<li>SSAB Europe Oy<\/li>\n<\/ul>\n<\/div><\/div>\n\n\n\n<div class=\"wp-block-evermade-accordion-item em-block-accordion-item js-accordion-item\"><h6 class=\"em-block-accordion-item__title-wrapper\"><button class=\"em-block-accordion-item__title js-accordion-controller\">SusCon \u2013 Sustainable Shipbuilding Concepts<\/button><\/h6><div id=\"accordion-item-content-1\" class=\"em-block-accordion-item__content js-accordion-content\">\n<p>Turun yliopiston koordinoimassa tutkimushankkeessa etsittiin toimintamalleja ja teknologisia ratkaisuja, jotka edist\u00e4isiv\u00e4t laivanrakennuksen tehokkuutta sek\u00e4 vastuullisuutta entisest\u00e4\u00e4n. Hankkeen tavoitteena oli tutkia uudenlaisia kest\u00e4vi\u00e4 ratkaisuja ja menetelmi\u00e4 kest\u00e4vyyden parantamiseksi jo laivan rakennusvaiheessa. Lopputuotteen lis\u00e4ksi hankkeessa keskityttiin laivanrakennusverkoston sosiaaliseen vastuullisuuteen sek\u00e4 uudenlaisiin, entist\u00e4 tehokkaampiin ty\u00f6skentelytapoihin.<\/p>\n\n\n\n<p>Hanke oli tutkimusorganisaatioiden, Turun yliopiston ja VTT:n johtama yhteisty\u00f6konsortiohanke, joka sis\u00e4lsi useita rinnakkaisia hankkeita alan sidosryhmilt\u00e4 l\u00e4pi koko arvoketjun. SusCon-hankkeen p\u00e4\u00e4rahoittajana oli Business Finland, ja se liittyi Sustainable Manufacturing Finland -ohjelmaan. Hanke oli k\u00e4ynniss\u00e4 06\/2020-12\/2022. My\u00f6s Meriteollisuus ry oli yksi hankkeen kumppaneista.<\/p>\n\n\n\n<p>Voit lukea lis\u00e4\u00e4 hankkeesta <a href=\"https:\/\/tt.utu.fi\/ar\/research\/suscon\/\">Turun yliopiston sivuilla<\/a>.<\/p>\n<\/div><\/div>\n\n\n\n<div class=\"wp-block-evermade-accordion-item em-block-accordion-item js-accordion-item\"><h6 class=\"em-block-accordion-item__title-wrapper\"><button class=\"em-block-accordion-item__title js-accordion-controller\">Team Arctic<\/button><\/h6><div id=\"accordion-item-content-2\" class=\"em-block-accordion-item__content js-accordion-content\">\n<p>Team Arctic Finland on arktisen huippuosaamisen yhteisty\u00f6ryhm\u00e4, joka hakee ryhm\u00e4n j\u00e4senille kasvumahdollisuuksia ja uusia asiakkuuksia kilpaillulla globaalilla markkinalla 1-3 vuoden t\u00e4ht\u00e4imell\u00e4. Yhteisty\u00f6 on n\u00e4hty strategiseksi keinoksi kehitt\u00e4\u00e4 kest\u00e4v\u00e4\u00e4 liiketoimintaa ja uusia ratkaisuja vaativien olosuhteiden tarpeisiin.<\/p>\n\n\n\n<p>Team Arctic kokoaa yhteen merkitt\u00e4vi\u00e4 organisaatioita kehitt\u00e4m\u00e4\u00e4n ratkaisuja, tuotteita, teknologioita ja palveluja investointikohteisiin, jotka ovat \u00e4\u00e4rimm\u00e4isiss\u00e4 olosuhteissa ja edellytt\u00e4v\u00e4t korkeaa laatua, kest\u00e4vyytt\u00e4, toimintavarmuutta ja luotettavuutta. N\u00e4iss\u00e4 kohteissa haasteina ovat usein kylmyys, tuuli, j\u00e4\u00e4tyminen, merellinen ymp\u00e4rist\u00f6 ja jopa arktiset olosuhteet. Team Arctic koottiin vuonna 2013 yhteisty\u00f6ss\u00e4 Teknologiateollisuus ry:n kanssa. Yhteisty\u00f6n taustalla on Gaia Consulting Oy:n laatima markkinakatsaus arktisen alueen markkinoista. Tavoitteeksi asetettiin sellaisen toimintamallin synnytt\u00e4minen, joka vahvistaisi yritysten kansainv\u00e4list\u00e4 markkina-asemaa ja mahdollisuuksia avata ovia merkitt\u00e4viin asiakkuuksiin.<\/p>\n\n\n\n<p>Team Arctic priorisoi ja m\u00e4\u00e4rittelee kokonaiskonseptit, jotka kokoavat Team Arctic -yritysten toisiaan t\u00e4ydent\u00e4v\u00e4t tuotteet, teknologiat ja palvelut asiakaskohtaisiksi ratkaisuiksi. Vuodesta 2015 Team Arctic on markkinoinut suomalaista osaamista globaalisti. Kokonaiskonsepteja on esitelty monille eri alojen ja maiden t\u00e4rkeille sijoittajille, p\u00e4\u00e4tt\u00e4jille ja avainyrityksille.<\/p>\n\n\n\n<p>Team Arctic on toiminut my\u00f6s t\u00e4rke\u00e4n\u00e4 foorumina kansalliselle keskustelulle esimerkiksi j\u00e4rjest\u00e4m\u00e4ll\u00e4 vuodesta 2013 l\u00e4htien vuosittain Arctic Business Intelligence -tapahtuman, jossa ryhm\u00e4n yritysedustajat ja Suomen suurl\u00e4hettil\u00e4\u00e4t jakavat tietoa ja n\u00e4kemyksi\u00e4 arktiseen osaamiseen liittyv\u00e4n markkinan kehitysn\u00e4kymist\u00e4. Team Arctic tukee aktiivisesti my\u00f6s Arktisen talousneuvoston (Arctic Economic Council, AEC) ty\u00f6t\u00e4. Tavoitteena on varmistaa, ett\u00e4 yritysten ja kest\u00e4v\u00e4n kehityksen n\u00e4kemykset otetaan huomioon my\u00f6s arktisen neuvoston toiminnassa. Yritykset p\u00e4\u00e4sev\u00e4t n\u00e4in vaikuttamaan arktisen alueen kest\u00e4v\u00e4\u00e4n kehitykseen, nostamaan cleantech-teknologian ja korkean turvallisuustason ratkaisujen profiilia ja luomaan kest\u00e4vi\u00e4 kansainv\u00e4lisi\u00e4 liikesuhteita globaalien j\u00e4ttiyritysten rinnalla.<\/p>\n\n\n\n<p>Ty\u00f6t\u00e4 koordinoi Gaia Consulting Oy Team Arctic -yritysten ohjauksessa. Meriteollisuus ry on ryhm\u00e4n yhteisty\u00f6kumppani yhdess\u00e4 Team Finland -verkoston kanssa.<\/p>\n<\/div><\/div>\n\n\n\n<div class=\"wp-block-evermade-accordion-item em-block-accordion-item js-accordion-item\"><h6 class=\"em-block-accordion-item__title-wrapper\"><button class=\"em-block-accordion-item__title js-accordion-controller\">Merien Markkinan\u00e4kym\u00e4t<\/button><\/h6><div id=\"accordion-item-content-3\" class=\"em-block-accordion-item__content js-accordion-content\">\n<p>Merien markkinan\u00e4kym\u00e4t -hankkeen tavoitteena oli kehitt\u00e4\u00e4 globaalien n\u00e4kymien seuraamista meriteollisuuden n\u00e4k\u00f6kulmasta sek\u00e4 jakaa tietoa n\u00e4kymien kehityksest\u00e4. Hankkeen kautta tarjottiin toimialalle ja sidosryhmille ajantasaista tietoa toimialan globaaleista n\u00e4kymist\u00e4 uusien mahdollisuuksien ja koko toimialaa koskevien uhkien tunnistamiseksi. Projekti toteutettiin osana ty\u00f6- ja elinkeinoministeri\u00f6n Meriteollisuuden toimintaymp\u00e4rist\u00f6n kehitt\u00e4misohjelmaa vuosina 2014-2016.<\/p>\n<\/div><\/div>\n\n\n\n<div class=\"wp-block-evermade-accordion-item em-block-accordion-item js-accordion-item\"><h6 class=\"em-block-accordion-item__title-wrapper\"><button class=\"em-block-accordion-item__title js-accordion-controller\">Arktiset meret -kehitysp\u00e4\u00e4llikk\u00f6<\/button><\/h6><div id=\"accordion-item-content-4\" class=\"em-block-accordion-item__content js-accordion-content\">\n<p>Projektin tavoitteena oli suomalaisen meriteknisen, ICT- ja ymp\u00e4rist\u00f6osaamisen vahvistaminen sek\u00e4 liiketoiminnan kasvattaminen ja laajentaminen uusille alueille.<\/p>\n\n\n\n<p>Tekesin Arktiset Meret -ohjelman fokus oli \u201dArktisten merien luonnonvarojen hy\u00f6dynt\u00e4mist\u00e4 ja logistiikan tarpeita palvelevat markkinat\u201d. Ohjelma oli nelivuotinen 2013-2017, ja sen budjetti oli 100m\u20ac, josta Tekesin rahoitus 45m\u20ac. Meriteollisuus ry:n Arktiset Meret -ohjelmaan kuuluvan Kehitysp\u00e4\u00e4llikk\u00f6-projektin tavoitteena oli koota kehityshankkeita ja auttaa yrityksi\u00e4 verkostoitumaan. Projektissa tuettiin yrityksi\u00e4 eri kehitysprosesseissa vuosina 2014-2016.<\/p>\n\n\n\n<p>Kehitysp\u00e4\u00e4llikk\u00f6-projektissa painotetut teemat ja teknologiat:<\/p>\n\n\n\n<ol class=\"wp-block-list\">\n<li>Lean meriteollisuuden yritysverkostoissa<\/li>\n\n\n\n<li>ICT ja Teollisen internetin (IoT) mahdollisuudet meriteollisuudessa<\/li>\n\n\n\n<li>Kansainv\u00e4listyminen, Team Finland -br\u00e4ndin ja Finpron k\u00e4ytt\u00f6<\/li>\n\n\n\n<li>Ymp\u00e4rist\u00f6 &#8211; \u00e4\u00e4ni &#8211; \u00f6ljyntorjunta &#8211; p\u00e4\u00e4st\u00f6t<\/li>\n\n\n\n<li>Offshore ja kelluvat rakenteet<\/li>\n<\/ol>\n\n\n\n<p>Tavoitteena osallistuville yrityksille:<\/p>\n\n\n\n<ol class=\"wp-block-list\">\n<li>Uusia tuotteita ja markkinoita<\/li>\n\n\n\n<li>Uusia palvelutuotteita &#8211; elinkaaripalvelut<\/li>\n\n\n\n<li>Toiminnan ja tuloksen kehitt\u00e4mist\u00e4<\/li>\n<\/ol>\n\n\n\n<p>Arktiset Meret -ohjelma teki tiivist\u00e4 yhteisty\u00f6t\u00e4 TEM-Meri -ohjelman ja Finpron Finland Maritime and Offshore -ohjelman kanssa.<\/p>\n<\/div><\/div>\n\n\n\n<div class=\"wp-block-evermade-accordion-item em-block-accordion-item js-accordion-item\"><h6 class=\"em-block-accordion-item__title-wrapper\"><button class=\"em-block-accordion-item__title js-accordion-controller\">Meriklusterin yhteisty\u00f6verkoston kehitt\u00e4minen<\/button><\/h6><div id=\"accordion-item-content-5\" class=\"em-block-accordion-item__content js-accordion-content\">\n<p>Meriklusterin yhteisty\u00f6verkoston kehitt\u00e4minen t\u00e4ht\u00e4si pysyv\u00e4n yhteisty\u00f6rakenteen luomiseen sek\u00e4 EU:n rahoitusmahdollisuuksien tehokkaaseen hy\u00f6dynt\u00e4miseen.<\/p>\n\n\n\n<p>Suomen Varustamot ry:n, Suomen Satamaliito ry:n ja Meriteollisuus ry:n hankkeessa tavoitteena oli vahvistaa koko meriklusterin yhteisty\u00f6verkostoa, luoda pysyv\u00e4 yhteisty\u00f6rakenne sek\u00e4 integroitua tiiviimmin osaksi kansainv\u00e4list\u00e4 It\u00e4meren alueen meriklusteria ja Zero Vision Tool (ZVT) -yhteisty\u00f6alustaa. Toimiva kansallinen yhteisty\u00f6 on avain luonnollisten pilotti-, investointi-, t&amp;k- ja tutkimusprojektien syntymiseen. Yhteisty\u00f6 ja sen my\u00f6t\u00e4 syntyneet projektit luovat mahdollisuuksia uudelle liiketoiminnalle ja investoinneille Suomeen. Yhteisty\u00f6verkosto auttaa toimijoita l\u00f6yt\u00e4m\u00e4\u00e4n kumppaneita ja liittym\u00e4\u00e4n osaksi kansainv\u00e4list\u00e4 yhteisty\u00f6verkostoa. Verkoston tavoitteena on auttaa suomalaisia toimijoita paremmin hy\u00f6dynt\u00e4m\u00e4\u00e4n eri rahoitusinstrumentteja. Kuljetusketjun toimijoiden v\u00e4linen yhteisty\u00f6 parantaa logistiikkaketjun kustannus- ja energiatehokkuutta.<\/p>\n\n\n\n<p>Projekti toteutettiin osana ty\u00f6- ja elinkeinoministeri\u00f6n Meriteollisuuden toimintaymp\u00e4rist\u00f6n kehitt\u00e4misohjelmaa 2014-2016.<\/p>\n<\/div><\/div>\n\n\n\n<div class=\"wp-block-evermade-accordion-item em-block-accordion-item js-accordion-item\"><h6 class=\"em-block-accordion-item__title-wrapper\"><button class=\"em-block-accordion-item__title js-accordion-controller\">Muita hankkeita lyhyesti<\/button><\/h6><div id=\"accordion-item-content-6\" class=\"em-block-accordion-item__content js-accordion-content\">\n<p><a href=\"https:\/\/cordis.europa.eu\/project\/id\/26101\">Martec<\/a> sek\u00e4 <a href=\"https:\/\/cordis.europa.eu\/project\/id\/266111\">Martec II<\/a><br>FIMECC I&amp;N: International Cooperation<br>Liiketoimintaa Luoteis-Ven\u00e4j\u00e4lle: Meriteollisuuden kansainv\u00e4listymishanke<\/p>\n<\/div><\/div>\n<\/div>\n","protected":false},"excerpt":{"rendered":"","protected":false},"author":59,"featured_media":0,"parent":1245,"menu_order":3,"comment_status":"closed","ping_status":"closed","template":"","meta":{"_acf_changed":false,"_relevanssi_hide_post":"","_relevanssi_hide_content":"","_relevanssi_pin_for_all":"","_relevanssi_pin_keywords":"","_relevanssi_unpin_keywords":"","_relevanssi_related_keywords":"","_relevanssi_related_include_ids":"","_relevanssi_related_exclude_ids":"","_relevanssi_related_no_append":"","_relevanssi_related_not_related":"","_relevanssi_related_posts":"48,57,55,56,53,54","_relevanssi_noindex_reason":"","inline_featured_image":false,"footnotes":""},"class_list":["post-1293","page","type-page","status-publish","hentry"],"acf":[],"yoast_head":"<!-- This site is optimized with the Yoast SEO Premium plugin v27.1 (Yoast SEO v27.3) - https:\/\/yoast.com\/product\/yoast-seo-premium-wordpress\/ -->\n<title>P\u00e4\u00e4ttyneet hankkeet - Meriteollisuus ry<\/title>\n<meta name=\"robots\" content=\"index, follow, max-snippet:-1, max-image-preview:large, max-video-preview:-1\" \/>\n<link rel=\"canonical\" href=\"https:\/\/teknologiateollisuus.fi\/meriteollisuus\/kehitys\/meriteollisuus-ryn-hankkeet\/paattyneet-hankkeet\/\" \/>\n<meta property=\"og:locale\" content=\"fi_FI\" \/>\n<meta property=\"og:type\" content=\"article\" \/>\n<meta property=\"og:title\" content=\"P\u00e4\u00e4ttyneet hankkeet\" \/>\n<meta property=\"og:url\" content=\"https:\/\/teknologiateollisuus.fi\/meriteollisuus\/kehitys\/meriteollisuus-ryn-hankkeet\/paattyneet-hankkeet\/\" \/>\n<meta property=\"og:site_name\" content=\"Meriteollisuus ry\" \/>\n<meta property=\"article:modified_time\" content=\"2024-11-12T11:18:07+00:00\" \/>\n<meta name=\"twitter:card\" content=\"summary_large_image\" \/>\n<meta name=\"twitter:label1\" content=\"Arvioitu lukuaika\" \/>\n\t<meta name=\"twitter:data1\" content=\"6 minuuttia\" \/>\n<script type=\"application\/ld+json\" class=\"yoast-schema-graph\">{\"@context\":\"https:\\\/\\\/schema.org\",\"@graph\":[{\"@type\":\"WebPage\",\"@id\":\"https:\\\/\\\/teknologiateollisuus.fi\\\/meriteollisuus\\\/kehitys\\\/meriteollisuus-ryn-hankkeet\\\/paattyneet-hankkeet\\\/\",\"url\":\"https:\\\/\\\/teknologiateollisuus.fi\\\/meriteollisuus\\\/kehitys\\\/meriteollisuus-ryn-hankkeet\\\/paattyneet-hankkeet\\\/\",\"name\":\"P\u00e4\u00e4ttyneet hankkeet - Meriteollisuus ry\",\"isPartOf\":{\"@id\":\"https:\\\/\\\/teknologiateollisuus.fi\\\/meriteollisuus\\\/#website\"},\"datePublished\":\"2024-08-29T11:54:56+00:00\",\"dateModified\":\"2024-11-12T11:18:07+00:00\",\"breadcrumb\":{\"@id\":\"https:\\\/\\\/teknologiateollisuus.fi\\\/meriteollisuus\\\/kehitys\\\/meriteollisuus-ryn-hankkeet\\\/paattyneet-hankkeet\\\/#breadcrumb\"},\"inLanguage\":\"fi\",\"potentialAction\":[{\"@type\":\"ReadAction\",\"target\":[\"https:\\\/\\\/teknologiateollisuus.fi\\\/meriteollisuus\\\/kehitys\\\/meriteollisuus-ryn-hankkeet\\\/paattyneet-hankkeet\\\/\"]}]},{\"@type\":\"BreadcrumbList\",\"@id\":\"https:\\\/\\\/teknologiateollisuus.fi\\\/meriteollisuus\\\/kehitys\\\/meriteollisuus-ryn-hankkeet\\\/paattyneet-hankkeet\\\/#breadcrumb\",\"itemListElement\":[{\"@type\":\"ListItem\",\"position\":1,\"name\":\"Etusivu\",\"item\":\"https:\\\/\\\/teknologiateollisuus.fi\\\/meriteollisuus\\\/\"},{\"@type\":\"ListItem\",\"position\":2,\"name\":\"Kehitys\",\"item\":\"https:\\\/\\\/teknologiateollisuus.fi\\\/meriteollisuus\\\/kehitys\\\/\"},{\"@type\":\"ListItem\",\"position\":3,\"name\":\"Meriteollisuus ry:n hankkeet\",\"item\":\"https:\\\/\\\/teknologiateollisuus.fi\\\/meriteollisuus\\\/kehitys\\\/meriteollisuus-ryn-hankkeet\\\/\"},{\"@type\":\"ListItem\",\"position\":4,\"name\":\"P\u00e4\u00e4ttyneet hankkeet\"}]},{\"@type\":\"WebSite\",\"@id\":\"https:\\\/\\\/teknologiateollisuus.fi\\\/meriteollisuus\\\/#website\",\"url\":\"https:\\\/\\\/teknologiateollisuus.fi\\\/meriteollisuus\\\/\",\"name\":\"Meriteollisuus ry\",\"description\":\"\",\"potentialAction\":[{\"@type\":\"SearchAction\",\"target\":{\"@type\":\"EntryPoint\",\"urlTemplate\":\"https:\\\/\\\/teknologiateollisuus.fi\\\/meriteollisuus\\\/?s={search_term_string}\"},\"query-input\":{\"@type\":\"PropertyValueSpecification\",\"valueRequired\":true,\"valueName\":\"search_term_string\"}}],\"inLanguage\":\"fi\"}]}<\/script>\n<!-- \/ Yoast SEO Premium plugin. -->","yoast_head_json":{"title":"P\u00e4\u00e4ttyneet hankkeet - Meriteollisuus ry","robots":{"index":"index","follow":"follow","max-snippet":"max-snippet:-1","max-image-preview":"max-image-preview:large","max-video-preview":"max-video-preview:-1"},"canonical":"https:\/\/teknologiateollisuus.fi\/meriteollisuus\/kehitys\/meriteollisuus-ryn-hankkeet\/paattyneet-hankkeet\/","og_locale":"fi_FI","og_type":"article","og_title":"P\u00e4\u00e4ttyneet hankkeet","og_url":"https:\/\/teknologiateollisuus.fi\/meriteollisuus\/kehitys\/meriteollisuus-ryn-hankkeet\/paattyneet-hankkeet\/","og_site_name":"Meriteollisuus ry","article_modified_time":"2024-11-12T11:18:07+00:00","twitter_card":"summary_large_image","twitter_misc":{"Arvioitu lukuaika":"6 minuuttia"},"schema":{"@context":"https:\/\/schema.org","@graph":[{"@type":"WebPage","@id":"https:\/\/teknologiateollisuus.fi\/meriteollisuus\/kehitys\/meriteollisuus-ryn-hankkeet\/paattyneet-hankkeet\/","url":"https:\/\/teknologiateollisuus.fi\/meriteollisuus\/kehitys\/meriteollisuus-ryn-hankkeet\/paattyneet-hankkeet\/","name":"P\u00e4\u00e4ttyneet hankkeet - Meriteollisuus ry","isPartOf":{"@id":"https:\/\/teknologiateollisuus.fi\/meriteollisuus\/#website"},"datePublished":"2024-08-29T11:54:56+00:00","dateModified":"2024-11-12T11:18:07+00:00","breadcrumb":{"@id":"https:\/\/teknologiateollisuus.fi\/meriteollisuus\/kehitys\/meriteollisuus-ryn-hankkeet\/paattyneet-hankkeet\/#breadcrumb"},"inLanguage":"fi","potentialAction":[{"@type":"ReadAction","target":["https:\/\/teknologiateollisuus.fi\/meriteollisuus\/kehitys\/meriteollisuus-ryn-hankkeet\/paattyneet-hankkeet\/"]}]},{"@type":"BreadcrumbList","@id":"https:\/\/teknologiateollisuus.fi\/meriteollisuus\/kehitys\/meriteollisuus-ryn-hankkeet\/paattyneet-hankkeet\/#breadcrumb","itemListElement":[{"@type":"ListItem","position":1,"name":"Etusivu","item":"https:\/\/teknologiateollisuus.fi\/meriteollisuus\/"},{"@type":"ListItem","position":2,"name":"Kehitys","item":"https:\/\/teknologiateollisuus.fi\/meriteollisuus\/kehitys\/"},{"@type":"ListItem","position":3,"name":"Meriteollisuus ry:n hankkeet","item":"https:\/\/teknologiateollisuus.fi\/meriteollisuus\/kehitys\/meriteollisuus-ryn-hankkeet\/"},{"@type":"ListItem","position":4,"name":"P\u00e4\u00e4ttyneet hankkeet"}]},{"@type":"WebSite","@id":"https:\/\/teknologiateollisuus.fi\/meriteollisuus\/#website","url":"https:\/\/teknologiateollisuus.fi\/meriteollisuus\/","name":"Meriteollisuus ry","description":"","potentialAction":[{"@type":"SearchAction","target":{"@type":"EntryPoint","urlTemplate":"https:\/\/teknologiateollisuus.fi\/meriteollisuus\/?s={search_term_string}"},"query-input":{"@type":"PropertyValueSpecification","valueRequired":true,"valueName":"search_term_string"}}],"inLanguage":"fi"}]}},"lang":"fi","translations":{"fi":1293},"pll_sync_post":[],"_links":{"self":[{"href":"https:\/\/teknologiateollisuus.fi\/meriteollisuus\/wp-json\/wp\/v2\/pages\/1293","targetHints":{"allow":["GET"]}}],"collection":[{"href":"https:\/\/teknologiateollisuus.fi\/meriteollisuus\/wp-json\/wp\/v2\/pages"}],"about":[{"href":"https:\/\/teknologiateollisuus.fi\/meriteollisuus\/wp-json\/wp\/v2\/types\/page"}],"author":[{"embeddable":true,"href":"https:\/\/teknologiateollisuus.fi\/meriteollisuus\/wp-json\/wp\/v2\/users\/59"}],"replies":[{"embeddable":true,"href":"https:\/\/teknologiateollisuus.fi\/meriteollisuus\/wp-json\/wp\/v2\/comments?post=1293"}],"version-history":[{"count":10,"href":"https:\/\/teknologiateollisuus.fi\/meriteollisuus\/wp-json\/wp\/v2\/pages\/1293\/revisions"}],"predecessor-version":[{"id":2319,"href":"https:\/\/teknologiateollisuus.fi\/meriteollisuus\/wp-json\/wp\/v2\/pages\/1293\/revisions\/2319"}],"up":[{"embeddable":true,"href":"https:\/\/teknologiateollisuus.fi\/meriteollisuus\/wp-json\/wp\/v2\/pages\/1245"}],"wp:attachment":[{"href":"https:\/\/teknologiateollisuus.fi\/meriteollisuus\/wp-json\/wp\/v2\/media?parent=1293"}],"curies":[{"name":"wp","href":"https:\/\/api.w.org\/{rel}","templated":true}]}}