{"id":1310,"date":"2024-09-04T14:22:13","date_gmt":"2024-09-04T11:22:13","guid":{"rendered":"https:\/\/meriteollisuus.teknologiateollisuus.fi\/?page_id=1310"},"modified":"2026-03-10T11:41:31","modified_gmt":"2026-03-10T09:41:31","slug":"tyopaikat","status":"publish","type":"page","link":"https:\/\/teknologiateollisuus.fi\/meriteollisuus\/toihin-meriteollisuuteen\/tyopaikat\/","title":{"rendered":"Ty\u00f6paikat"},"content":{"rendered":"\n<div class=\"em-block-hero hero-has-background-color has-background has-petrol-background-color has-image media-position-right \">\n\t<div class=\"em-block-hero__container\">\n\t\t<div class=\"em-block-hero__content\">\n\t\t\t<div class=\"yoast-breadcrumbs\"><span><span><a href=\"https:\/\/teknologiateollisuus.fi\/meriteollisuus\/\">Etusivu<\/a><\/span> <span class=\"separator\"><\/span> <span><a href=\"https:\/\/teknologiateollisuus.fi\/meriteollisuus\/toihin-meriteollisuuteen\/\">T\u00f6ihin meriteollisuuteen<\/a><\/span> <span class=\"separator\"><\/span> <span class=\"breadcrumb_last\" aria-current=\"page\">Ty\u00f6paikat<\/span><\/span><\/div>\t\t\t\n<h1 class=\"wp-block-heading\" id=\"h-meriteollisuuden-tyopaikat\">Meriteollisuuden ty\u00f6paikat<\/h1>\n\n<p><\/p>\n\t\t\t<div class=\"em-block-hero__modified-date\"> P\u00e4ivitetty 10.03.2026 klo 11:41<\/div>\t\t<\/div>\n\t\t\t\t\t<figure class=\"em-block-hero__image\">\n\t\t\t\t<img loading=\"lazy\" decoding=\"async\" width=\"1280\" height=\"771\" src=\"https:\/\/teknologiateollisuus.fi\/meriteollisuus\/wp-content\/uploads\/sites\/5\/2024\/10\/job-5382501_1280.jpg\" class=\"attachment-hero size-hero\" alt=\"\" srcset=\"https:\/\/teknologiateollisuus.fi\/meriteollisuus\/wp-content\/uploads\/sites\/5\/2024\/10\/job-5382501_1280.jpg 1280w, https:\/\/teknologiateollisuus.fi\/meriteollisuus\/wp-content\/uploads\/sites\/5\/2024\/10\/job-5382501_1280-400x241.jpg 400w, https:\/\/teknologiateollisuus.fi\/meriteollisuus\/wp-content\/uploads\/sites\/5\/2024\/10\/job-5382501_1280-968x583.jpg 968w, https:\/\/teknologiateollisuus.fi\/meriteollisuus\/wp-content\/uploads\/sites\/5\/2024\/10\/job-5382501_1280-768x463.jpg 768w\" sizes=\"auto, (max-width: 1280px) 100vw, 1280px\" \/>\t\t\t<\/figure>\n\t\t\t<\/div>\n<\/div>\n\n\n\n<p>Meriteollisuus tarjoaa monipuolisia ty\u00f6mahdollisuuksia ymp\u00e4ri vuoden.<\/p>\n\n\n\n<p>Klikkaamalla linkki\u00e4 p\u00e4\u00e4set j\u00e4senyrityksemme sivuille. Kaikilla yrityksill\u00e4 ei v\u00e4ltt\u00e4m\u00e4tt\u00e4 ole erillist\u00e4 ty\u00f6nhakuosiota. Onnea ty\u00f6nhakuun!<\/p>\n\n\n\n<p><\/p>\n\n\n\n<p><a href=\"http:\/\/new.abb.com\/fi\/uralle\/avoimet-tyopaikat\" target=\"_blank\" rel=\"noreferrer noopener\">ABB<\/a><\/p>\n\n\n\n<p><a href=\"https:\/\/adwatec.com\/about\/careers\/\">Adwate<\/a><a href=\"https:\/\/adwatec.com\/about\/careers\/\" target=\"_blank\" rel=\"noreferrer noopener\">c<\/a><\/p>\n\n\n\n<p><a href=\"https:\/\/afry.com\/fi-fi\/ura-afrylla\">AFRY Management Consulting Oy<\/a><\/p>\n\n\n\n<p><a href=\"https:\/\/www.akersolutions.com\/careers\/\">Aker Solutions Finlan<\/a><a href=\"https:\/\/www.akersolutions.com\/careers\/\" target=\"_blank\" rel=\"noreferrer noopener\">d<\/a><\/p>\n\n\n\n<p><a href=\"https:\/\/www.alfalaval.com\/career\/vacancies\/\" target=\"_blank\" rel=\"noreferrer noopener\">Alfa Laval Aalborg<\/a><\/p>\n\n\n\n<p><a href=\"https:\/\/www.aegroup.fi\/careers\/\">Allstars Engineeri<\/a><a href=\"https:\/\/www.aegroup.fi\/careers\/\" target=\"_blank\" rel=\"noreferrer noopener\">ng<\/a><\/p>\n\n\n\n<p><a href=\"https:\/\/www.almaco.cc\/careers\/\" target=\"_blank\" rel=\"noreferrer noopener\">Almaco Group<\/a><\/p>\n\n\n\n<p><a href=\"https:\/\/www.alumeco.fi\/alumeco\/tyopaikat\/?s=0\">Alumeco Finland Oy <\/a><a href=\"https:\/\/www.alumeco.fi\/alumeco\/tyopaikat\/?s=0\" target=\"_blank\" rel=\"noreferrer noopener\">Ab<\/a><\/p>\n\n\n\n<p><a href=\"https:\/\/antti.fi\/yritys\/rekrytointi\/\">Antti-Teollisuu<\/a><a href=\"https:\/\/antti.fi\/yritys\/rekrytointi\/\" target=\"_blank\" rel=\"noreferrer noopener\">s<\/a><\/p>\n\n\n\n<p><a href=\"https:\/\/apexmarine.fi\/\">Apex-Marin<\/a><a href=\"https:\/\/apexmarine.fi\/\" target=\"_blank\" rel=\"noreferrer noopener\">e<\/a><\/p>\n\n\n\n<p><a href=\"https:\/\/trafotek.fi\/\">AQ Trafote<\/a><a href=\"https:\/\/trafotek.fi\/\" target=\"_blank\" rel=\"noreferrer noopener\">k<\/a><\/p>\n\n\n\n<p><a href=\"https:\/\/www.auramarine.com\/company\/people-careers\/\">Auramar<\/a><a href=\"https:\/\/www.auramarine.com\/company\/people-careers\/\" target=\"_blank\" rel=\"noreferrer noopener\">ine<\/a><\/p>\n\n\n\n<p><a href=\"https:\/\/www.beaconfinland.com\/\">Beacon Finl<\/a><a href=\"https:\/\/www.beaconfinland.com\/\" target=\"_blank\" rel=\"noreferrer noopener\">and<\/a><\/p>\n\n\n\n<p><mark class=\"has-inline-color has-petrol-color\"><a href=\"https:\/\/www.bospower.com\/\" target=\"_blank\" rel=\"noreferrer noopener\">Bertel O. Steen Power Solutions Finland<\/a><\/mark><\/p>\n\n\n\n<p><a href=\"https:\/\/bluetechfinland.com\/careers\/\" target=\"_blank\" rel=\"noreferrer noopener\">Bluetech Finland<\/a><\/p>\n\n\n\n<p><a href=\"https:\/\/www.cadmatic.com\/en\/aboutus\/careers\/\">Cadma<\/a><a href=\"https:\/\/www.cadmatic.com\/en\/aboutus\/careers\/\" target=\"_blank\" rel=\"noreferrer noopener\">tic<\/a><\/p>\n\n\n\n<p><a href=\"https:\/\/comatec.teamtailor.com\/\">Comatec Industrial and Mari<\/a><a href=\"https:\/\/comatec.teamtailor.com\/\" target=\"_blank\" rel=\"noreferrer noopener\">ne<\/a><\/p>\n\n\n\n<p><a href=\"https:\/\/dekotel.com\/contact-2\/\">Dekotel Coating Oy<\/a><\/p>\n\n\n\n<p><a href=\"https:\/\/www.deltamarin.com\/corporate\/careers\/\" target=\"_blank\" rel=\"noreferrer noopener\">Deltamarin<\/a><\/p>\n\n\n\n<p><a href=\"https:\/\/helsinkishipyard.fi\/\">DNY Finland O<\/a><a href=\"https:\/\/helsinkishipyard.fi\/\" target=\"_blank\" rel=\"noreferrer noopener\">y<\/a><\/p>\n\n\n\n<p><a href=\"https:\/\/www.eie.fi\/etusivu\/\">EIE Maski<\/a><a href=\"https:\/\/www.eie.fi\/etusivu\/\" target=\"_blank\" rel=\"noreferrer noopener\">n<\/a><\/p>\n\n\n\n<p><a href=\"https:\/\/elcoline.fi\/\" target=\"_blank\" rel=\"noreferrer noopener\">Elcoline Oy<\/a><\/p>\n\n\n\n<p><a href=\"https:\/\/www.elena.fi\/\">Elena Yhti\u00f6t Oy<\/a><\/p>\n\n\n\n<p><a href=\"https:\/\/www.elomatic.com\/fi\/ura\/avoimet-tyopaikat\/\" target=\"_blank\" rel=\"noreferrer noopener\">Elomatic Consulting &amp; Engineering<\/a><\/p>\n\n\n\n<p><a href=\"https:\/\/www.adhoc.fi\/\">E.U. -Adhoc Proj<\/a><a href=\"https:\/\/www.adhoc.fi\/\" target=\"_blank\" rel=\"noreferrer noopener\">ect<\/a><\/p>\n\n\n\n<p><a href=\"https:\/\/euro-intention.fi\/\">Euro-Intention Oy Ltd<\/a><\/p>\n\n\n\n<p><a href=\"https:\/\/evac.com\/fi\/careers\/\">Eva<\/a><a href=\"https:\/\/evac.com\/fi\/careers\/\" target=\"_blank\" rel=\"noreferrer noopener\">c<\/a><\/p>\n\n\n\n<p><a href=\"https:\/\/www.everllence.com\/\">Everllence Sverige AB Suomen Sivuliike<\/a><\/p>\n\n\n\n<p><a href=\"https:\/\/www.foreship.com\/en\">Foreshi<\/a><a href=\"https:\/\/www.foreship.com\/en\" target=\"_blank\" rel=\"noreferrer noopener\">p<\/a><\/p>\n\n\n\n<p><a href=\"https:\/\/fi.freja.com\/freja\/toihin-frejalle\/\">FREJA Transport &amp; Logis<\/a><a href=\"https:\/\/fi.freja.com\/freja\/toihin-frejalle\/\" target=\"_blank\" rel=\"noreferrer noopener\">tics<\/a><\/p>\n\n\n\n<p><a href=\"https:\/\/furuno.eu\/fi-en\/contact\">Furuno<\/a><\/p>\n\n\n\n<p><a href=\"http:\/\/www.groke-tech.com\/\">Groke Technologie<\/a><a href=\"http:\/\/www.groke-tech.com\/\" target=\"_blank\" rel=\"noreferrer noopener\">s<\/a><\/p>\n\n\n\n<p><a href=\"https:\/\/www.halton.com\/careers\/\">Halton Marin<\/a><a href=\"https:\/\/www.halton.com\/careers\/\" target=\"_blank\" rel=\"noreferrer noopener\">e<\/a><\/p>\n\n\n\n<p><a href=\"https:\/\/careers.helmacab.com\/\">Helmacab<\/a><\/p>\n\n\n\n<p><a href=\"https:\/\/ismakinen.com\/career\/\">I.S. M\u00e4kin<\/a><a href=\"https:\/\/ismakinen.com\/career\/\" target=\"_blank\" rel=\"noreferrer noopener\">en<\/a><\/p>\n\n\n\n<p><a href=\"https:\/\/www.jalmare.com\/fi\/\">Jalmare O<\/a><a href=\"https:\/\/www.jalmare.com\/fi\/\" target=\"_blank\" rel=\"noreferrer noopener\">y<\/a><\/p>\n\n\n\n<p><a href=\"https:\/\/kaefer.fi\/online-application\/\">Kaefe<\/a><a href=\"https:\/\/kaefer.fi\/online-application\/\" target=\"_blank\" rel=\"noreferrer noopener\">r<\/a><\/p>\n\n\n\n<p><a href=\"https:\/\/www.kavika.fi\/\">Kavik<\/a><a href=\"https:\/\/www.kavika.fi\/\" target=\"_blank\" rel=\"noreferrer noopener\">a<\/a><\/p>\n\n\n\n<p><a href=\"http:\/\/www.kemppi.com\/fi-FI\/yritys\/tyopaikat\/avoimia-tyopaikkoja\/\" target=\"_blank\" rel=\"noreferrer noopener\">Kemppi<\/a><\/p>\n\n\n\n<p><a href=\"https:\/\/tyopaikat.kojagroup.fi\/\">Ko<\/a><a href=\"https:\/\/tyopaikat.kojagroup.fi\/\" target=\"_blank\" rel=\"noreferrer noopener\">ja<\/a><\/p>\n\n\n\n<p><a href=\"http:\/\/www.kone.com\/en\/careers\/?rel=nofollow\" target=\"_blank\" rel=\"noreferrer noopener\">Kone<\/a><\/p>\n\n\n\n<p><a href=\"https:\/\/www.kongsberg.com\/careers\/\" target=\"_blank\" rel=\"noreferrer noopener\">Kongsberg Maritime Finland<\/a><\/p>\n\n\n\n<p><a href=\"https:\/\/ura.lst.fi\/\">Laivas\u00e4hk\u00f6ty<\/a><a href=\"https:\/\/ura.lst.fi\/\" target=\"_blank\" rel=\"noreferrer noopener\">\u00f6<\/a><\/p>\n\n\n\n<p><a href=\"https:\/\/www.lamor.com\/careers\">Lamor Corporat<\/a><a href=\"https:\/\/www.lamor.com\/careers\" target=\"_blank\" rel=\"noreferrer noopener\">ion<\/a><\/p>\n\n\n\n<p><a href=\"https:\/\/lautex.com\/\">Laut<\/a><a href=\"https:\/\/lautex.com\/\" target=\"_blank\" rel=\"noreferrer noopener\">ex<\/a><\/p>\n\n\n\n<p><a href=\"https:\/\/litana.lt\/career\">Litana Finland O<\/a><a href=\"https:\/\/litana.lt\/career\" target=\"_blank\" rel=\"noreferrer noopener\">y<\/a><\/p>\n\n\n\n<p><a href=\"https:\/\/marinediesel.fi\/\">Marine Diesel Finland <\/a><a href=\"https:\/\/marinediesel.fi\/\" target=\"_blank\" rel=\"noreferrer noopener\">Oy<\/a><\/p>\n\n\n\n<p><a href=\"https:\/\/www.marioff.com\/fi\/\">Mariof<\/a><a href=\"https:\/\/www.marioff.com\/fi\/\" target=\"_blank\" rel=\"noreferrer noopener\">f<\/a><\/p>\n\n\n\n<p><a href=\"https:\/\/www.materialmaintenancemama.com\/\">Material Maintenance MaM<\/a><a href=\"https:\/\/www.materialmaintenancemama.com\/\" target=\"_blank\" rel=\"noreferrer noopener\">a<\/a><\/p>\n\n\n\n<p><a href=\"https:\/\/careers.mecaplan.fi\/\">Mecaplan O<\/a><a href=\"https:\/\/careers.mecaplan.fi\/\" target=\"_blank\" rel=\"noreferrer noopener\">y<\/a><\/p>\n\n\n\n<p><a href=\"https:\/\/www.merima.fi\/people-and-culture\/\">Meri<\/a><a href=\"https:\/\/www.merima.fi\/people-and-culture\/\" target=\"_blank\" rel=\"noreferrer noopener\">ma<\/a><\/p>\n\n\n\n<p><a href=\"http:\/\/www.huuhkaoy.com\/en\/home\/\">Metalliasennus Huuh<\/a><a href=\"http:\/\/www.huuhkaoy.com\/en\/home\/\" target=\"_blank\" rel=\"noreferrer noopener\">ka<\/a><\/p>\n\n\n\n<p><a href=\"https:\/\/www.metos.fi\/fi\/avoimet-tyopaikat\">Meto<\/a><a href=\"https:\/\/www.metos.fi\/fi\/avoimet-tyopaikat\" target=\"_blank\" rel=\"noreferrer noopener\">s<\/a><\/p>\n\n\n\n<p><a href=\"https:\/\/rekry.meyerturku.fi\/avoimet-tehtavat\/\" target=\"_blank\" rel=\"noreferrer noopener\">Meyer Turku<\/a><\/p>\n\n\n\n<p><a href=\"https:\/\/millog.fi\/avoimet-tyopaikat\/\">Millog Marine &amp; Power<\/a><a href=\"https:\/\/millog.fi\/avoimet-tyopaikat\/\" target=\"_blank\" rel=\"noreferrer noopener\"> Oy<\/a><\/p>\n\n\n\n<p><a href=\"https:\/\/www.mobimar.com\/\">Mobim<\/a><a href=\"https:\/\/www.mobimar.com\/\" target=\"_blank\" rel=\"noreferrer noopener\">ar<\/a><\/p>\n\n\n\n<p><a href=\"http:\/\/www.napa.fi\/Careers\/Open-Positions\" target=\"_blank\" rel=\"noreferrer noopener\">NAPA<\/a><\/p>\n\n\n\n<p><a href=\"https:\/\/navice.fi\/\">Navice <\/a><a href=\"https:\/\/navice.fi\/\" target=\"_blank\" rel=\"noreferrer noopener\">Oy<\/a><\/p>\n\n\n\n<p><a href=\"https:\/\/www.nora.com\/finland\/en\/company\/your-career\" target=\"_blank\" rel=\"noreferrer noopener\">Nora flooring systems<\/a><\/p>\n\n\n\n<p><a href=\"https:\/\/nordes.fi\/about\">Nordes Oy<\/a><\/p>\n\n\n\n<p><a href=\"https:\/\/careers.norsepower.com\/\">Norsepowe<\/a><a href=\"https:\/\/careers.norsepower.com\/\" target=\"_blank\" rel=\"noreferrer noopener\">r<\/a><\/p>\n\n\n\n<p><a href=\"https:\/\/www.nit.fi\/join-us\/\">Oy NIT Naval Interior Team Lt<\/a><a href=\"https:\/\/www.nit.fi\/join-us\/\" target=\"_blank\" rel=\"noreferrer noopener\">d<\/a><\/p>\n\n\n\n<p><a href=\"https:\/\/oilon.com\/fi\/ura-oilonilla\/\">Oilo<\/a><a href=\"https:\/\/oilon.com\/fi\/ura-oilonilla\/\" target=\"_blank\" rel=\"noreferrer noopener\">n<\/a><\/p>\n\n\n\n<p><a href=\"https:\/\/www.onninen.fi\/yritys\/onninen-tyopaikkana\">Onnine<\/a><a href=\"https:\/\/www.onninen.fi\/yritys\/onninen-tyopaikkana\" target=\"_blank\" rel=\"noreferrer noopener\">n<\/a><\/p>\n\n\n\n<p><a href=\"https:\/\/www.orsap.fi\/careers\/\">ORSA<\/a><a href=\"https:\/\/www.orsap.fi\/careers\/\" target=\"_blank\" rel=\"noreferrer noopener\">P<\/a><\/p>\n\n\n\n<p><a href=\"https:\/\/www.paramet.fi\/fi\/etusivu\">Paramet Konepaja O<\/a><a href=\"https:\/\/www.paramet.fi\/fi\/etusivu\" target=\"_blank\" rel=\"noreferrer noopener\">y<\/a><\/p>\n\n\n\n<p><a href=\"http:\/\/www.parmarine.fi\/fi\/yhteys\/tyonhakijoille\/\" target=\"_blank\" rel=\"noreferrer noopener\">Parmarine<\/a><\/p>\n\n\n\n<p><a href=\"http:\/\/www.pemamek.com\/about-us\/careers\" target=\"_blank\" rel=\"noreferrer noopener\">Pemamek<\/a><\/p>\n\n\n\n<p><a href=\"http:\/\/www.piikkioworks.fi\/company\/recruitment\/\" target=\"_blank\" rel=\"noreferrer noopener\">Piikkio Works<\/a><\/p>\n\n\n\n<p><a href=\"https:\/\/pipecloud.fi\/\">PipeCloud Oy<\/a><\/p>\n\n\n\n<p><a href=\"https:\/\/www.planneri-group.com\/meille-toihin\">Planneri Group <\/a><a href=\"https:\/\/www.planneri-group.com\/meille-toihin\" target=\"_blank\" rel=\"noreferrer noopener\">Oy<\/a><\/p>\n\n\n\n<p><a href=\"https:\/\/pocadel.fi\/\">Pocad<\/a><a href=\"https:\/\/pocadel.fi\/\" target=\"_blank\" rel=\"noreferrer noopener\">el<\/a><\/p>\n\n\n\n<p><a href=\"http:\/\/www.promeco.fi\/en\/careers\/#openpositions\" target=\"_blank\" rel=\"noreferrer noopener\">Promeco Group<\/a><\/p>\n\n\n\n<p><a href=\"https:\/\/propulco.com\/\">Propulco Oy<\/a><\/p>\n\n\n\n<p><a href=\"https:\/\/railotech.fi\/\">Railo Technology Oy<\/a><\/p>\n\n\n\n<p><a href=\"https:\/\/rmcfinland.fi\/fi\/ura-rmclla\/avoimet-tyopaikat\/\" target=\"_blank\" rel=\"noreferrer noopener\">Rauma Marine Constructions<\/a><\/p>\n\n\n\n<p><a href=\"https:\/\/www.seasideindustry.com\/\">Rauman Meriteollisuuskiinteis<\/a><a href=\"https:\/\/www.seasideindustry.com\/\" target=\"_blank\" rel=\"noreferrer noopener\">t\u00f6t<\/a><\/p>\n\n\n\n<p><a href=\"http:\/\/www.reddal.com\/join-reddal\/\" target=\"_blank\" rel=\"noreferrer noopener\">Reddal Helsinki<\/a><\/p>\n\n\n\n<p><a href=\"https:\/\/www.roxtec.com\/fi\/tietoja-meista\/tyopaikat\/\">Roxtec Finlan<\/a><a href=\"https:\/\/www.roxtec.com\/fi\/tietoja-meista\/tyopaikat\/\" target=\"_blank\" rel=\"noreferrer noopener\">d Oy<\/a><\/p>\n\n\n\n<p><a href=\"https:\/\/www.rrss.fi\/rekrytointi\/\" target=\"_blank\" rel=\"noreferrer noopener\">RR Site Service<\/a><\/p>\n\n\n\n<p><a href=\"https:\/\/saajos.fi\/\">Saajo<\/a><a href=\"https:\/\/saajos.fi\/\" target=\"_blank\" rel=\"noreferrer noopener\">s<\/a><\/p>\n\n\n\n<p><a href=\"https:\/\/www.saint-gobain.fi\/ura-saint-gobainilla\">Saint-Gobain Finlan<\/a><a href=\"https:\/\/www.saint-gobain.fi\/ura-saint-gobainilla\" target=\"_blank\" rel=\"noreferrer noopener\">d<\/a><\/p>\n\n\n\n<p><a href=\"https:\/\/sasvendsen.com\/\">S.A. Svends<\/a><a href=\"https:\/\/sasvendsen.com\/\" target=\"_blank\" rel=\"noreferrer noopener\">en<\/a><\/p>\n\n\n\n<p>Sata Shipbuilding Oy<\/p>\n\n\n\n<p><a href=\"http:\/\/www.sba.fi\/careers\" target=\"_blank\" rel=\"noreferrer noopener\">SBA Interior<\/a><\/p>\n\n\n\n<p><a href=\"http:\/\/www.seaking.net\/careers\/\" target=\"_blank\" rel=\"noreferrer noopener\">SeaKing<\/a><\/p>\n\n\n\n<p><a href=\"http:\/\/shipbuildingcompletion.fi\/job-openings\" target=\"_blank\" rel=\"noreferrer noopener\">Shipbuilding Completion<\/a><\/p>\n\n\n\n<p><a href=\"https:\/\/recruitmentssab.csod.com\/ux\/ats\/careersite\/12\/home?c=recruitmentssab&amp;lang=fi-FI\">SSAB<\/a><\/p>\n\n\n\n<p><a href=\"https:\/\/steerprop.com\/careers\/join-us\">Steerpro<\/a><a href=\"https:\/\/steerprop.com\/careers\/join-us\" target=\"_blank\" rel=\"noreferrer noopener\">p<\/a><\/p>\n\n\n\n<p><a href=\"https:\/\/www.tehohydro.fi\/avoimet-tyopaikat\/\">Tehohydro O<\/a><a href=\"https:\/\/www.tehohydro.fi\/avoimet-tyopaikat\/\" target=\"_blank\" rel=\"noreferrer noopener\">y<\/a><\/p>\n\n\n\n<p><a href=\"https:\/\/www.tejara.fi\/\">Telakka- ja rakennusty\u00f6t Tejara Oy<\/a><\/p>\n\n\n\n<p><a href=\"http:\/\/www.tevo.fi\/fi\/yritys\/rekry\" target=\"_blank\" rel=\"noreferrer noopener\">TEVO&nbsp;Lokomo<\/a><\/p>\n\n\n\n<p><a href=\"https:\/\/blrtyards.com\/fi\/\">Turun Korjaustelakk<\/a><a href=\"https:\/\/blrtyards.com\/fi\/\" target=\"_blank\" rel=\"noreferrer noopener\">a<\/a><\/p>\n\n\n\n<p><a href=\"https:\/\/tyovene.com\/about-us\/job-opportunities\/\">Uudenkaupungin Ty\u00f6ven<\/a><a href=\"https:\/\/tyovene.com\/about-us\/job-opportunities\/\" target=\"_blank\" rel=\"noreferrer noopener\">e<\/a><\/p>\n\n\n\n<p><a href=\"https:\/\/career.veo.fi\/#\/\">VEO O<\/a><a href=\"https:\/\/career.veo.fi\/#\/\" target=\"_blank\" rel=\"noreferrer noopener\">y<\/a><\/p>\n\n\n\n<p><a href=\"https:\/\/www.wiima.com\/careers\/\" target=\"_blank\" rel=\"noreferrer noopener\">Wiima Logistics<\/a><\/p>\n\n\n\n<p><a href=\"http:\/\/www.wartsila.com\/fi\/rekrytointi\" target=\"_blank\" rel=\"noreferrer noopener\">W\u00e4rtsil\u00e4<\/a><\/p>\n","protected":false},"excerpt":{"rendered":"<p>Meriteollisuus tarjoaa monipuolisia ty\u00f6mahdollisuuksia ymp\u00e4ri vuoden. Klikkaamalla linkki\u00e4 p\u00e4\u00e4set j\u00e4senyrityksemme sivuille. Kaikilla yrityksill\u00e4 ei v\u00e4ltt\u00e4m\u00e4tt\u00e4 ole erillist\u00e4 ty\u00f6nhakuosiota. Onnea ty\u00f6nhakuun! ABB Adwatec AFRY Management Consulting Oy Aker Solutions Finland Alfa Laval Aalborg Allstars Engineering Almaco Group Alumeco Finland Oy Ab Antti-Teollisuus Apex-Marine AQ Trafotek Auramarine Beacon Finland Bertel O. Steen Power Solutions Finland Bluetech Finland [&hellip;]<\/p>\n","protected":false},"author":49,"featured_media":0,"parent":1221,"menu_order":1,"comment_status":"closed","ping_status":"closed","template":"","meta":{"_acf_changed":false,"_relevanssi_hide_post":"","_relevanssi_hide_content":"","_relevanssi_pin_for_all":"","_relevanssi_pin_keywords":"","_relevanssi_unpin_keywords":"","_relevanssi_related_keywords":"","_relevanssi_related_include_ids":"","_relevanssi_related_exclude_ids":"","_relevanssi_related_no_append":"","_relevanssi_related_not_related":"","_relevanssi_related_posts":"56,1296,57,54,53,48","_relevanssi_noindex_reason":"","inline_featured_image":false,"footnotes":""},"class_list":["post-1310","page","type-page","status-publish","hentry"],"acf":[],"yoast_head":"<!-- This site is optimized with the Yoast SEO Premium plugin v27.1 (Yoast SEO v27.3) - https:\/\/yoast.com\/product\/yoast-seo-premium-wordpress\/ -->\n<title>Ty\u00f6paikat - Meriteollisuus ry<\/title>\n<meta name=\"robots\" content=\"index, follow, max-snippet:-1, max-image-preview:large, max-video-preview:-1\" \/>\n<link rel=\"canonical\" href=\"https:\/\/teknologiateollisuus.fi\/meriteollisuus\/toihin-meriteollisuuteen\/tyopaikat\/\" \/>\n<meta property=\"og:locale\" content=\"fi_FI\" \/>\n<meta property=\"og:type\" content=\"article\" \/>\n<meta property=\"og:title\" content=\"Ty\u00f6paikat\" \/>\n<meta property=\"og:description\" content=\"Meriteollisuus tarjoaa monipuolisia ty\u00f6mahdollisuuksia ymp\u00e4ri vuoden. Klikkaamalla linkki\u00e4 p\u00e4\u00e4set j\u00e4senyrityksemme sivuille. Kaikilla yrityksill\u00e4 ei v\u00e4ltt\u00e4m\u00e4tt\u00e4 ole erillist\u00e4 ty\u00f6nhakuosiota. Onnea ty\u00f6nhakuun! ABB Adwatec AFRY Management Consulting Oy Aker Solutions Finland Alfa Laval Aalborg Allstars Engineering Almaco Group Alumeco Finland Oy Ab Antti-Teollisuus Apex-Marine AQ Trafotek Auramarine Beacon Finland Bertel O. Steen Power Solutions Finland Bluetech Finland [&hellip;]\" \/>\n<meta property=\"og:url\" content=\"https:\/\/teknologiateollisuus.fi\/meriteollisuus\/toihin-meriteollisuuteen\/tyopaikat\/\" \/>\n<meta property=\"og:site_name\" content=\"Meriteollisuus ry\" \/>\n<meta property=\"article:modified_time\" content=\"2026-03-10T09:41:31+00:00\" \/>\n<meta name=\"twitter:card\" content=\"summary_large_image\" \/>\n<meta name=\"twitter:label1\" content=\"Arvioitu lukuaika\" \/>\n\t<meta name=\"twitter:data1\" content=\"2 minuuttia\" \/>\n<script type=\"application\/ld+json\" class=\"yoast-schema-graph\">{\"@context\":\"https:\\\/\\\/schema.org\",\"@graph\":[{\"@type\":\"WebPage\",\"@id\":\"https:\\\/\\\/teknologiateollisuus.fi\\\/meriteollisuus\\\/toihin-meriteollisuuteen\\\/tyopaikat\\\/\",\"url\":\"https:\\\/\\\/teknologiateollisuus.fi\\\/meriteollisuus\\\/toihin-meriteollisuuteen\\\/tyopaikat\\\/\",\"name\":\"Ty\u00f6paikat - Meriteollisuus ry\",\"isPartOf\":{\"@id\":\"https:\\\/\\\/teknologiateollisuus.fi\\\/meriteollisuus\\\/#website\"},\"datePublished\":\"2024-09-04T11:22:13+00:00\",\"dateModified\":\"2026-03-10T09:41:31+00:00\",\"breadcrumb\":{\"@id\":\"https:\\\/\\\/teknologiateollisuus.fi\\\/meriteollisuus\\\/toihin-meriteollisuuteen\\\/tyopaikat\\\/#breadcrumb\"},\"inLanguage\":\"fi\",\"potentialAction\":[{\"@type\":\"ReadAction\",\"target\":[\"https:\\\/\\\/teknologiateollisuus.fi\\\/meriteollisuus\\\/toihin-meriteollisuuteen\\\/tyopaikat\\\/\"]}]},{\"@type\":\"BreadcrumbList\",\"@id\":\"https:\\\/\\\/teknologiateollisuus.fi\\\/meriteollisuus\\\/toihin-meriteollisuuteen\\\/tyopaikat\\\/#breadcrumb\",\"itemListElement\":[{\"@type\":\"ListItem\",\"position\":1,\"name\":\"Etusivu\",\"item\":\"https:\\\/\\\/teknologiateollisuus.fi\\\/meriteollisuus\\\/\"},{\"@type\":\"ListItem\",\"position\":2,\"name\":\"T\u00f6ihin meriteollisuuteen\",\"item\":\"https:\\\/\\\/teknologiateollisuus.fi\\\/meriteollisuus\\\/toihin-meriteollisuuteen\\\/\"},{\"@type\":\"ListItem\",\"position\":3,\"name\":\"Ty\u00f6paikat\"}]},{\"@type\":\"WebSite\",\"@id\":\"https:\\\/\\\/teknologiateollisuus.fi\\\/meriteollisuus\\\/#website\",\"url\":\"https:\\\/\\\/teknologiateollisuus.fi\\\/meriteollisuus\\\/\",\"name\":\"Meriteollisuus ry\",\"description\":\"\",\"potentialAction\":[{\"@type\":\"SearchAction\",\"target\":{\"@type\":\"EntryPoint\",\"urlTemplate\":\"https:\\\/\\\/teknologiateollisuus.fi\\\/meriteollisuus\\\/?s={search_term_string}\"},\"query-input\":{\"@type\":\"PropertyValueSpecification\",\"valueRequired\":true,\"valueName\":\"search_term_string\"}}],\"inLanguage\":\"fi\"}]}<\/script>\n<!-- \/ Yoast SEO Premium plugin. -->","yoast_head_json":{"title":"Ty\u00f6paikat - Meriteollisuus ry","robots":{"index":"index","follow":"follow","max-snippet":"max-snippet:-1","max-image-preview":"max-image-preview:large","max-video-preview":"max-video-preview:-1"},"canonical":"https:\/\/teknologiateollisuus.fi\/meriteollisuus\/toihin-meriteollisuuteen\/tyopaikat\/","og_locale":"fi_FI","og_type":"article","og_title":"Ty\u00f6paikat","og_description":"Meriteollisuus tarjoaa monipuolisia ty\u00f6mahdollisuuksia ymp\u00e4ri vuoden. Klikkaamalla linkki\u00e4 p\u00e4\u00e4set j\u00e4senyrityksemme sivuille. Kaikilla yrityksill\u00e4 ei v\u00e4ltt\u00e4m\u00e4tt\u00e4 ole erillist\u00e4 ty\u00f6nhakuosiota. Onnea ty\u00f6nhakuun! ABB Adwatec AFRY Management Consulting Oy Aker Solutions Finland Alfa Laval Aalborg Allstars Engineering Almaco Group Alumeco Finland Oy Ab Antti-Teollisuus Apex-Marine AQ Trafotek Auramarine Beacon Finland Bertel O. Steen Power Solutions Finland Bluetech Finland [&hellip;]","og_url":"https:\/\/teknologiateollisuus.fi\/meriteollisuus\/toihin-meriteollisuuteen\/tyopaikat\/","og_site_name":"Meriteollisuus ry","article_modified_time":"2026-03-10T09:41:31+00:00","twitter_card":"summary_large_image","twitter_misc":{"Arvioitu lukuaika":"2 minuuttia"},"schema":{"@context":"https:\/\/schema.org","@graph":[{"@type":"WebPage","@id":"https:\/\/teknologiateollisuus.fi\/meriteollisuus\/toihin-meriteollisuuteen\/tyopaikat\/","url":"https:\/\/teknologiateollisuus.fi\/meriteollisuus\/toihin-meriteollisuuteen\/tyopaikat\/","name":"Ty\u00f6paikat - Meriteollisuus ry","isPartOf":{"@id":"https:\/\/teknologiateollisuus.fi\/meriteollisuus\/#website"},"datePublished":"2024-09-04T11:22:13+00:00","dateModified":"2026-03-10T09:41:31+00:00","breadcrumb":{"@id":"https:\/\/teknologiateollisuus.fi\/meriteollisuus\/toihin-meriteollisuuteen\/tyopaikat\/#breadcrumb"},"inLanguage":"fi","potentialAction":[{"@type":"ReadAction","target":["https:\/\/teknologiateollisuus.fi\/meriteollisuus\/toihin-meriteollisuuteen\/tyopaikat\/"]}]},{"@type":"BreadcrumbList","@id":"https:\/\/teknologiateollisuus.fi\/meriteollisuus\/toihin-meriteollisuuteen\/tyopaikat\/#breadcrumb","itemListElement":[{"@type":"ListItem","position":1,"name":"Etusivu","item":"https:\/\/teknologiateollisuus.fi\/meriteollisuus\/"},{"@type":"ListItem","position":2,"name":"T\u00f6ihin meriteollisuuteen","item":"https:\/\/teknologiateollisuus.fi\/meriteollisuus\/toihin-meriteollisuuteen\/"},{"@type":"ListItem","position":3,"name":"Ty\u00f6paikat"}]},{"@type":"WebSite","@id":"https:\/\/teknologiateollisuus.fi\/meriteollisuus\/#website","url":"https:\/\/teknologiateollisuus.fi\/meriteollisuus\/","name":"Meriteollisuus ry","description":"","potentialAction":[{"@type":"SearchAction","target":{"@type":"EntryPoint","urlTemplate":"https:\/\/teknologiateollisuus.fi\/meriteollisuus\/?s={search_term_string}"},"query-input":{"@type":"PropertyValueSpecification","valueRequired":true,"valueName":"search_term_string"}}],"inLanguage":"fi"}]}},"lang":"fi","translations":{"fi":1310},"pll_sync_post":[],"_links":{"self":[{"href":"https:\/\/teknologiateollisuus.fi\/meriteollisuus\/wp-json\/wp\/v2\/pages\/1310","targetHints":{"allow":["GET"]}}],"collection":[{"href":"https:\/\/teknologiateollisuus.fi\/meriteollisuus\/wp-json\/wp\/v2\/pages"}],"about":[{"href":"https:\/\/teknologiateollisuus.fi\/meriteollisuus\/wp-json\/wp\/v2\/types\/page"}],"author":[{"embeddable":true,"href":"https:\/\/teknologiateollisuus.fi\/meriteollisuus\/wp-json\/wp\/v2\/users\/49"}],"replies":[{"embeddable":true,"href":"https:\/\/teknologiateollisuus.fi\/meriteollisuus\/wp-json\/wp\/v2\/comments?post=1310"}],"version-history":[{"count":30,"href":"https:\/\/teknologiateollisuus.fi\/meriteollisuus\/wp-json\/wp\/v2\/pages\/1310\/revisions"}],"predecessor-version":[{"id":3452,"href":"https:\/\/teknologiateollisuus.fi\/meriteollisuus\/wp-json\/wp\/v2\/pages\/1310\/revisions\/3452"}],"up":[{"embeddable":true,"href":"https:\/\/teknologiateollisuus.fi\/meriteollisuus\/wp-json\/wp\/v2\/pages\/1221"}],"wp:attachment":[{"href":"https:\/\/teknologiateollisuus.fi\/meriteollisuus\/wp-json\/wp\/v2\/media?parent=1310"}],"curies":[{"name":"wp","href":"https:\/\/api.w.org\/{rel}","templated":true}]}}