{"id":1311,"date":"2024-09-04T14:40:20","date_gmt":"2024-09-04T11:40:20","guid":{"rendered":"https:\/\/meriteollisuus.teknologiateollisuus.fi\/?page_id=1311"},"modified":"2025-10-30T10:09:25","modified_gmt":"2025-10-30T08:09:25","slug":"opiskelupaikat","status":"publish","type":"page","link":"https:\/\/teknologiateollisuus.fi\/meriteollisuus\/toihin-meriteollisuuteen\/opiskelupaikat\/","title":{"rendered":"Opiskelupaikat"},"content":{"rendered":"\n<div class=\"em-block-hero hero-has-background-color has-background has-petrol-background-color has-image media-position-right \">\n\t<div class=\"em-block-hero__container\">\n\t\t<div class=\"em-block-hero__content\">\n\t\t\t<div class=\"yoast-breadcrumbs\"><span><span><a href=\"https:\/\/teknologiateollisuus.fi\/meriteollisuus\/\">Etusivu<\/a><\/span> <span class=\"separator\"><\/span> <span><a href=\"https:\/\/teknologiateollisuus.fi\/meriteollisuus\/toihin-meriteollisuuteen\/\">T\u00f6ihin meriteollisuuteen<\/a><\/span> <span class=\"separator\"><\/span> <span class=\"breadcrumb_last\" aria-current=\"page\">Opiskelupaikat<\/span><\/span><\/div>\t\t\t\n<h1 class=\"wp-block-heading\" id=\"h-meriteollisuuden-opiskelupaikat\">Meriteollisuuden opiskelupaikat<\/h1>\n\n<p>Meriteollisuuden menestykseen tarvitaan useiden eri alojen osaajia<\/p>\n\t\t\t<div class=\"em-block-hero__modified-date\"> P\u00e4ivitetty 30.10.2025 klo 10:09<\/div>\t\t<\/div>\n\t\t\t\t\t<figure class=\"em-block-hero__image\">\n\t\t\t\t<img loading=\"lazy\" decoding=\"async\" width=\"522\" height=\"340\" src=\"https:\/\/teknologiateollisuus.fi\/meriteollisuus\/wp-content\/uploads\/sites\/5\/2024\/08\/nuoret_0.jpg\" class=\"attachment-hero size-hero\" alt=\"\" srcset=\"https:\/\/teknologiateollisuus.fi\/meriteollisuus\/wp-content\/uploads\/sites\/5\/2024\/08\/nuoret_0.jpg 522w, https:\/\/teknologiateollisuus.fi\/meriteollisuus\/wp-content\/uploads\/sites\/5\/2024\/08\/nuoret_0-400x261.jpg 400w\" sizes=\"auto, (max-width: 522px) 100vw, 522px\" \/>\t\t\t<\/figure>\n\t\t\t<\/div>\n<\/div>\n\n\n\n<p>Meriteollisuudessa toteutetaan suuria ja monimutkaisia projekteja, ja osaajatarve kattaa l\u00e4hes koko teknologiateollisuuden kent\u00e4n. Meriteollisuuteen tarvitaan ammattilaisia kaikilta koulutusasteilta ja lukuisilla erilaisilla koulutustaustoilla. Meritekniikan insin\u00f6\u00f6rien ja diplomi-insin\u00f6\u00f6rien lis\u00e4ksi alan yritykset tarvitsevat esimerkiksi projektiosaamista, s\u00e4hk\u00f6- ja automaatio-osaamista, tietotekniikka- ja teko\u00e4lyosaamista, ymp\u00e4rist\u00f6osaamista, talousosaajia, juristeja, viestinn\u00e4n ammattilaisia sek\u00e4 suunnittelijoita erilaisilla painotuksilla. Keskeist\u00e4 on kokonaisuuksien ymm\u00e4rt\u00e4minen. Tuotannon osalta tarvitaan my\u00f6s monentyyppist\u00e4 teollista osaamista, esimerkiksi metallity\u00f6t, s\u00e4hk\u00f6, LVI ja automaatio. Koulutusmahdollisuuksia on toisen asteen koulutuksesta aina tohtoriopintoihin asti. Alalle voi tulla my\u00f6s muunto- tai t\u00e4ydennyskoulutuksen kautta. My\u00f6s alan yrityksill\u00e4 on omaa koulutustarjontaa.<\/p>\n\n\n\n<p>Meriteollisuuden osaajilla on laajat ty\u00f6skentelymahdollisuudet Suomessa ja ulkomailla. Ty\u00f6paikkoja tarjoavat muun muassa telakat, suunnittelutoimistot, j\u00e4rjestelm\u00e4- ja laitevalmistajat, alan ohjelmistoyritykset sek\u00e4 esimerkiksi luokituslaitokset ja tutkimuslaitokset.<\/p>\n\n\n\n<p>Suomessa meritekniikkaa opetetaan Aalto-yliopistossa ja Turun AMK:ssa, mutta alan teemoja on esill\u00e4 my\u00f6s esimerkiksi merenkulkualalle kouluttavissa oppilaitoksissa. Useimpiin koulutusohjelmiin voi hakea toisen asteen tutkinnon suorittamisen j\u00e4lkeen. Opintojen tarkka sis\u00e4lt\u00f6 ja hakuajat vaihtelevat oppilaitoksittain ja koulutusohjelmittain.<\/p>\n\n\n\n<p>Kysy lis\u00e4\u00e4 oppilaitoksesi opinto-ohjaajilta tai esimerkiksi ty\u00f6- ja elinkeinotoimistojen ammatinvalinta- ja urasuunnittelupalveluista.<\/p>\n\n\n\n<figure class=\"wp-block-image size-full\"><img loading=\"lazy\" decoding=\"async\" width=\"480\" height=\"290\" src=\"https:\/\/teknologiateollisuus.fi\/meriteollisuus\/wp-content\/uploads\/sites\/5\/2024\/10\/osaamiskuva_2_600.jpg\" alt=\"\" class=\"wp-image-1840\" srcset=\"https:\/\/teknologiateollisuus.fi\/meriteollisuus\/wp-content\/uploads\/sites\/5\/2024\/10\/osaamiskuva_2_600.jpg 480w, https:\/\/teknologiateollisuus.fi\/meriteollisuus\/wp-content\/uploads\/sites\/5\/2024\/10\/osaamiskuva_2_600-400x242.jpg 400w\" sizes=\"auto, (max-width: 480px) 100vw, 480px\" \/><\/figure>\n\n\n\n<div class=\"wp-block-media-text is-stacked-on-mobile\" style=\"grid-template-columns:25% auto\"><figure class=\"wp-block-media-text__media\"><img loading=\"lazy\" decoding=\"async\" width=\"852\" height=\"852\" src=\"https:\/\/teknologiateollisuus.fi\/meriteollisuus\/wp-content\/uploads\/sites\/5\/2024\/10\/Meriala-on-tulevaisuutta-kansi.jpg\" alt=\"\" class=\"wp-image-1711 size-full\" srcset=\"https:\/\/teknologiateollisuus.fi\/meriteollisuus\/wp-content\/uploads\/sites\/5\/2024\/10\/Meriala-on-tulevaisuutta-kansi.jpg 852w, https:\/\/teknologiateollisuus.fi\/meriteollisuus\/wp-content\/uploads\/sites\/5\/2024\/10\/Meriala-on-tulevaisuutta-kansi-400x400.jpg 400w, https:\/\/teknologiateollisuus.fi\/meriteollisuus\/wp-content\/uploads\/sites\/5\/2024\/10\/Meriala-on-tulevaisuutta-kansi-768x768.jpg 768w\" sizes=\"auto, (max-width: 852px) 100vw, 852px\" \/><\/figure><div class=\"wp-block-media-text__content\">\n<p class=\"is-style-pre-headline\"><\/p>\n\n\n\n<h2 class=\"wp-block-heading has-h-1-regular-font-size\" id=\"h-meriala-on-tulevaisuutta\" id=\"meriala-on-tulevaisuutta\">Meriala on tulevaisuutta<\/h2>\n\n\n\n<p class=\"mt-auto\">Meriklusterin toimijat ovat yhdess\u00e4 koonneet interaktiivisen esitteen, josta l\u00f6yd\u00e4t lis\u00e4tietoja erilaisista koulutusv\u00e4ylist\u00e4 merialalle.<\/p>\n\n\n\n<div class=\"wp-block-buttons is-layout-flex wp-block-buttons-is-layout-flex\">\n<div class=\"wp-block-button  icon-right\"><a class=\"wp-block-button__link wp-element-button\" href=\"https:\/\/www.esitteemme.fi\/meriala\/WebView\/\">Esitteeseen<\/a><\/div>\n<\/div>\n<\/div><\/div>\n\n\n\n<div class=\"wp-block-media-text is-stacked-on-mobile\" style=\"grid-template-columns:25% auto\"><figure class=\"wp-block-media-text__media\"><img loading=\"lazy\" decoding=\"async\" width=\"537\" height=\"707\" src=\"https:\/\/teknologiateollisuus.fi\/meriteollisuus\/wp-content\/uploads\/sites\/5\/2024\/10\/Monipuolinen-meriala.jpg\" alt=\"\" class=\"wp-image-1713 size-full\" srcset=\"https:\/\/teknologiateollisuus.fi\/meriteollisuus\/wp-content\/uploads\/sites\/5\/2024\/10\/Monipuolinen-meriala.jpg 537w, https:\/\/teknologiateollisuus.fi\/meriteollisuus\/wp-content\/uploads\/sites\/5\/2024\/10\/Monipuolinen-meriala-400x527.jpg 400w\" sizes=\"auto, (max-width: 537px) 100vw, 537px\" \/><\/figure><div class=\"wp-block-media-text__content\">\n<p class=\"is-style-pre-headline\"><\/p>\n\n\n\n<h2 class=\"wp-block-heading has-h-1-regular-font-size\" id=\"h-monipuolinen-meriala\" id=\"monipuolinen-meriala\">Monipuolinen meriala<\/h2>\n\n\n\n<p class=\"mt-auto\">Uratarinoiden lis\u00e4ksi voit lukea artikkeleita huoltovarmuudesta, meriteollisuudesta, merenkulkualan vastuullisuudesta ja innovaatioista sek\u00e4 vihre\u00e4st\u00e4 siirtym\u00e4st\u00e4. Julkaisu on luotu Suomen meriklusterin yhteisvoimin. <\/p>\n\n\n\n<div class=\"wp-block-buttons is-layout-flex wp-block-buttons-is-layout-flex\">\n<div class=\"wp-block-button  icon-right\"><a class=\"wp-block-button__link wp-element-button\" href=\"https:\/\/navigatormagazine.fi\/monipuolinen-meriala\/\">Julkaisuun<\/a><\/div>\n<\/div>\n<\/div><\/div>\n","protected":false},"excerpt":{"rendered":"<p>Meriteollisuudessa toteutetaan suuria ja monimutkaisia projekteja, ja osaajatarve kattaa l\u00e4hes koko teknologiateollisuuden kent\u00e4n. Meriteollisuuteen tarvitaan ammattilaisia kaikilta koulutusasteilta ja lukuisilla erilaisilla koulutustaustoilla. Meritekniikan insin\u00f6\u00f6rien ja diplomi-insin\u00f6\u00f6rien lis\u00e4ksi alan yritykset tarvitsevat esimerkiksi projektiosaamista, s\u00e4hk\u00f6- ja automaatio-osaamista, tietotekniikka- ja teko\u00e4lyosaamista, ymp\u00e4rist\u00f6osaamista, talousosaajia, juristeja, viestinn\u00e4n ammattilaisia sek\u00e4 suunnittelijoita erilaisilla painotuksilla. Keskeist\u00e4 on kokonaisuuksien ymm\u00e4rt\u00e4minen. Tuotannon osalta tarvitaan my\u00f6s [&hellip;]<\/p>\n","protected":false},"author":59,"featured_media":0,"parent":1221,"menu_order":2,"comment_status":"closed","ping_status":"closed","template":"","meta":{"_acf_changed":false,"_relevanssi_hide_post":"","_relevanssi_hide_content":"","_relevanssi_pin_for_all":"","_relevanssi_pin_keywords":"","_relevanssi_unpin_keywords":"","_relevanssi_related_keywords":"","_relevanssi_related_include_ids":"","_relevanssi_related_exclude_ids":"","_relevanssi_related_no_append":"","_relevanssi_related_not_related":"","_relevanssi_related_posts":"53,48,57,55,54,1296","_relevanssi_noindex_reason":"","inline_featured_image":false,"footnotes":""},"class_list":["post-1311","page","type-page","status-publish","hentry"],"acf":[],"yoast_head":"<!-- This site is optimized with the Yoast SEO Premium plugin v27.1 (Yoast SEO v27.3) - https:\/\/yoast.com\/product\/yoast-seo-premium-wordpress\/ -->\n<title>Opiskelupaikat - Meriteollisuus ry<\/title>\n<meta name=\"robots\" content=\"index, follow, max-snippet:-1, max-image-preview:large, max-video-preview:-1\" \/>\n<link rel=\"canonical\" href=\"https:\/\/teknologiateollisuus.fi\/meriteollisuus\/toihin-meriteollisuuteen\/opiskelupaikat\/\" \/>\n<meta property=\"og:locale\" content=\"fi_FI\" \/>\n<meta property=\"og:type\" content=\"article\" \/>\n<meta property=\"og:title\" content=\"Opiskelupaikat\" \/>\n<meta property=\"og:description\" content=\"Meriteollisuudessa toteutetaan suuria ja monimutkaisia projekteja, ja osaajatarve kattaa l\u00e4hes koko teknologiateollisuuden kent\u00e4n. Meriteollisuuteen tarvitaan ammattilaisia kaikilta koulutusasteilta ja lukuisilla erilaisilla koulutustaustoilla. Meritekniikan insin\u00f6\u00f6rien ja diplomi-insin\u00f6\u00f6rien lis\u00e4ksi alan yritykset tarvitsevat esimerkiksi projektiosaamista, s\u00e4hk\u00f6- ja automaatio-osaamista, tietotekniikka- ja teko\u00e4lyosaamista, ymp\u00e4rist\u00f6osaamista, talousosaajia, juristeja, viestinn\u00e4n ammattilaisia sek\u00e4 suunnittelijoita erilaisilla painotuksilla. Keskeist\u00e4 on kokonaisuuksien ymm\u00e4rt\u00e4minen. Tuotannon osalta tarvitaan my\u00f6s [&hellip;]\" \/>\n<meta property=\"og:url\" content=\"https:\/\/teknologiateollisuus.fi\/meriteollisuus\/toihin-meriteollisuuteen\/opiskelupaikat\/\" \/>\n<meta property=\"og:site_name\" content=\"Meriteollisuus ry\" \/>\n<meta property=\"article:modified_time\" content=\"2025-10-30T08:09:25+00:00\" \/>\n<meta property=\"og:image\" content=\"https:\/\/teknologiateollisuus.fi\/meriteollisuus\/wp-content\/uploads\/sites\/5\/2024\/10\/osaamiskuva_2_600.jpg\" \/>\n<meta name=\"twitter:card\" content=\"summary_large_image\" \/>\n<meta name=\"twitter:label1\" content=\"Arvioitu lukuaika\" \/>\n\t<meta name=\"twitter:data1\" content=\"2 minuuttia\" \/>\n<script type=\"application\/ld+json\" class=\"yoast-schema-graph\">{\"@context\":\"https:\\\/\\\/schema.org\",\"@graph\":[{\"@type\":\"WebPage\",\"@id\":\"https:\\\/\\\/teknologiateollisuus.fi\\\/meriteollisuus\\\/toihin-meriteollisuuteen\\\/opiskelupaikat\\\/\",\"url\":\"https:\\\/\\\/teknologiateollisuus.fi\\\/meriteollisuus\\\/toihin-meriteollisuuteen\\\/opiskelupaikat\\\/\",\"name\":\"Opiskelupaikat - Meriteollisuus ry\",\"isPartOf\":{\"@id\":\"https:\\\/\\\/teknologiateollisuus.fi\\\/meriteollisuus\\\/#website\"},\"primaryImageOfPage\":{\"@id\":\"https:\\\/\\\/teknologiateollisuus.fi\\\/meriteollisuus\\\/toihin-meriteollisuuteen\\\/opiskelupaikat\\\/#primaryimage\"},\"image\":{\"@id\":\"https:\\\/\\\/teknologiateollisuus.fi\\\/meriteollisuus\\\/toihin-meriteollisuuteen\\\/opiskelupaikat\\\/#primaryimage\"},\"thumbnailUrl\":\"https:\\\/\\\/teknologiateollisuus.fi\\\/meriteollisuus\\\/wp-content\\\/uploads\\\/sites\\\/5\\\/2024\\\/10\\\/osaamiskuva_2_600.jpg\",\"datePublished\":\"2024-09-04T11:40:20+00:00\",\"dateModified\":\"2025-10-30T08:09:25+00:00\",\"breadcrumb\":{\"@id\":\"https:\\\/\\\/teknologiateollisuus.fi\\\/meriteollisuus\\\/toihin-meriteollisuuteen\\\/opiskelupaikat\\\/#breadcrumb\"},\"inLanguage\":\"fi\",\"potentialAction\":[{\"@type\":\"ReadAction\",\"target\":[\"https:\\\/\\\/teknologiateollisuus.fi\\\/meriteollisuus\\\/toihin-meriteollisuuteen\\\/opiskelupaikat\\\/\"]}]},{\"@type\":\"ImageObject\",\"inLanguage\":\"fi\",\"@id\":\"https:\\\/\\\/teknologiateollisuus.fi\\\/meriteollisuus\\\/toihin-meriteollisuuteen\\\/opiskelupaikat\\\/#primaryimage\",\"url\":\"https:\\\/\\\/teknologiateollisuus.fi\\\/meriteollisuus\\\/wp-content\\\/uploads\\\/sites\\\/5\\\/2024\\\/10\\\/osaamiskuva_2_600.jpg\",\"contentUrl\":\"https:\\\/\\\/teknologiateollisuus.fi\\\/meriteollisuus\\\/wp-content\\\/uploads\\\/sites\\\/5\\\/2024\\\/10\\\/osaamiskuva_2_600.jpg\",\"width\":480,\"height\":290},{\"@type\":\"BreadcrumbList\",\"@id\":\"https:\\\/\\\/teknologiateollisuus.fi\\\/meriteollisuus\\\/toihin-meriteollisuuteen\\\/opiskelupaikat\\\/#breadcrumb\",\"itemListElement\":[{\"@type\":\"ListItem\",\"position\":1,\"name\":\"Etusivu\",\"item\":\"https:\\\/\\\/teknologiateollisuus.fi\\\/meriteollisuus\\\/\"},{\"@type\":\"ListItem\",\"position\":2,\"name\":\"T\u00f6ihin meriteollisuuteen\",\"item\":\"https:\\\/\\\/teknologiateollisuus.fi\\\/meriteollisuus\\\/toihin-meriteollisuuteen\\\/\"},{\"@type\":\"ListItem\",\"position\":3,\"name\":\"Opiskelupaikat\"}]},{\"@type\":\"WebSite\",\"@id\":\"https:\\\/\\\/teknologiateollisuus.fi\\\/meriteollisuus\\\/#website\",\"url\":\"https:\\\/\\\/teknologiateollisuus.fi\\\/meriteollisuus\\\/\",\"name\":\"Meriteollisuus ry\",\"description\":\"\",\"potentialAction\":[{\"@type\":\"SearchAction\",\"target\":{\"@type\":\"EntryPoint\",\"urlTemplate\":\"https:\\\/\\\/teknologiateollisuus.fi\\\/meriteollisuus\\\/?s={search_term_string}\"},\"query-input\":{\"@type\":\"PropertyValueSpecification\",\"valueRequired\":true,\"valueName\":\"search_term_string\"}}],\"inLanguage\":\"fi\"}]}<\/script>\n<!-- \/ Yoast SEO Premium plugin. -->","yoast_head_json":{"title":"Opiskelupaikat - Meriteollisuus ry","robots":{"index":"index","follow":"follow","max-snippet":"max-snippet:-1","max-image-preview":"max-image-preview:large","max-video-preview":"max-video-preview:-1"},"canonical":"https:\/\/teknologiateollisuus.fi\/meriteollisuus\/toihin-meriteollisuuteen\/opiskelupaikat\/","og_locale":"fi_FI","og_type":"article","og_title":"Opiskelupaikat","og_description":"Meriteollisuudessa toteutetaan suuria ja monimutkaisia projekteja, ja osaajatarve kattaa l\u00e4hes koko teknologiateollisuuden kent\u00e4n. Meriteollisuuteen tarvitaan ammattilaisia kaikilta koulutusasteilta ja lukuisilla erilaisilla koulutustaustoilla. Meritekniikan insin\u00f6\u00f6rien ja diplomi-insin\u00f6\u00f6rien lis\u00e4ksi alan yritykset tarvitsevat esimerkiksi projektiosaamista, s\u00e4hk\u00f6- ja automaatio-osaamista, tietotekniikka- ja teko\u00e4lyosaamista, ymp\u00e4rist\u00f6osaamista, talousosaajia, juristeja, viestinn\u00e4n ammattilaisia sek\u00e4 suunnittelijoita erilaisilla painotuksilla. Keskeist\u00e4 on kokonaisuuksien ymm\u00e4rt\u00e4minen. Tuotannon osalta tarvitaan my\u00f6s [&hellip;]","og_url":"https:\/\/teknologiateollisuus.fi\/meriteollisuus\/toihin-meriteollisuuteen\/opiskelupaikat\/","og_site_name":"Meriteollisuus ry","article_modified_time":"2025-10-30T08:09:25+00:00","og_image":[{"url":"https:\/\/teknologiateollisuus.fi\/meriteollisuus\/wp-content\/uploads\/sites\/5\/2024\/10\/osaamiskuva_2_600.jpg","type":"","width":"","height":""}],"twitter_card":"summary_large_image","twitter_misc":{"Arvioitu lukuaika":"2 minuuttia"},"schema":{"@context":"https:\/\/schema.org","@graph":[{"@type":"WebPage","@id":"https:\/\/teknologiateollisuus.fi\/meriteollisuus\/toihin-meriteollisuuteen\/opiskelupaikat\/","url":"https:\/\/teknologiateollisuus.fi\/meriteollisuus\/toihin-meriteollisuuteen\/opiskelupaikat\/","name":"Opiskelupaikat - Meriteollisuus ry","isPartOf":{"@id":"https:\/\/teknologiateollisuus.fi\/meriteollisuus\/#website"},"primaryImageOfPage":{"@id":"https:\/\/teknologiateollisuus.fi\/meriteollisuus\/toihin-meriteollisuuteen\/opiskelupaikat\/#primaryimage"},"image":{"@id":"https:\/\/teknologiateollisuus.fi\/meriteollisuus\/toihin-meriteollisuuteen\/opiskelupaikat\/#primaryimage"},"thumbnailUrl":"https:\/\/teknologiateollisuus.fi\/meriteollisuus\/wp-content\/uploads\/sites\/5\/2024\/10\/osaamiskuva_2_600.jpg","datePublished":"2024-09-04T11:40:20+00:00","dateModified":"2025-10-30T08:09:25+00:00","breadcrumb":{"@id":"https:\/\/teknologiateollisuus.fi\/meriteollisuus\/toihin-meriteollisuuteen\/opiskelupaikat\/#breadcrumb"},"inLanguage":"fi","potentialAction":[{"@type":"ReadAction","target":["https:\/\/teknologiateollisuus.fi\/meriteollisuus\/toihin-meriteollisuuteen\/opiskelupaikat\/"]}]},{"@type":"ImageObject","inLanguage":"fi","@id":"https:\/\/teknologiateollisuus.fi\/meriteollisuus\/toihin-meriteollisuuteen\/opiskelupaikat\/#primaryimage","url":"https:\/\/teknologiateollisuus.fi\/meriteollisuus\/wp-content\/uploads\/sites\/5\/2024\/10\/osaamiskuva_2_600.jpg","contentUrl":"https:\/\/teknologiateollisuus.fi\/meriteollisuus\/wp-content\/uploads\/sites\/5\/2024\/10\/osaamiskuva_2_600.jpg","width":480,"height":290},{"@type":"BreadcrumbList","@id":"https:\/\/teknologiateollisuus.fi\/meriteollisuus\/toihin-meriteollisuuteen\/opiskelupaikat\/#breadcrumb","itemListElement":[{"@type":"ListItem","position":1,"name":"Etusivu","item":"https:\/\/teknologiateollisuus.fi\/meriteollisuus\/"},{"@type":"ListItem","position":2,"name":"T\u00f6ihin meriteollisuuteen","item":"https:\/\/teknologiateollisuus.fi\/meriteollisuus\/toihin-meriteollisuuteen\/"},{"@type":"ListItem","position":3,"name":"Opiskelupaikat"}]},{"@type":"WebSite","@id":"https:\/\/teknologiateollisuus.fi\/meriteollisuus\/#website","url":"https:\/\/teknologiateollisuus.fi\/meriteollisuus\/","name":"Meriteollisuus ry","description":"","potentialAction":[{"@type":"SearchAction","target":{"@type":"EntryPoint","urlTemplate":"https:\/\/teknologiateollisuus.fi\/meriteollisuus\/?s={search_term_string}"},"query-input":{"@type":"PropertyValueSpecification","valueRequired":true,"valueName":"search_term_string"}}],"inLanguage":"fi"}]}},"lang":"fi","translations":{"fi":1311},"pll_sync_post":[],"_links":{"self":[{"href":"https:\/\/teknologiateollisuus.fi\/meriteollisuus\/wp-json\/wp\/v2\/pages\/1311","targetHints":{"allow":["GET"]}}],"collection":[{"href":"https:\/\/teknologiateollisuus.fi\/meriteollisuus\/wp-json\/wp\/v2\/pages"}],"about":[{"href":"https:\/\/teknologiateollisuus.fi\/meriteollisuus\/wp-json\/wp\/v2\/types\/page"}],"author":[{"embeddable":true,"href":"https:\/\/teknologiateollisuus.fi\/meriteollisuus\/wp-json\/wp\/v2\/users\/59"}],"replies":[{"embeddable":true,"href":"https:\/\/teknologiateollisuus.fi\/meriteollisuus\/wp-json\/wp\/v2\/comments?post=1311"}],"version-history":[{"count":16,"href":"https:\/\/teknologiateollisuus.fi\/meriteollisuus\/wp-json\/wp\/v2\/pages\/1311\/revisions"}],"predecessor-version":[{"id":3188,"href":"https:\/\/teknologiateollisuus.fi\/meriteollisuus\/wp-json\/wp\/v2\/pages\/1311\/revisions\/3188"}],"up":[{"embeddable":true,"href":"https:\/\/teknologiateollisuus.fi\/meriteollisuus\/wp-json\/wp\/v2\/pages\/1221"}],"wp:attachment":[{"href":"https:\/\/teknologiateollisuus.fi\/meriteollisuus\/wp-json\/wp\/v2\/media?parent=1311"}],"curies":[{"name":"wp","href":"https:\/\/api.w.org\/{rel}","templated":true}]}}