{"id":1315,"date":"2024-09-04T14:29:01","date_gmt":"2024-09-04T11:29:01","guid":{"rendered":"https:\/\/meriteollisuus.teknologiateollisuus.fi\/?page_id=1315"},"modified":"2026-03-24T09:02:23","modified_gmt":"2026-03-24T07:02:23","slug":"mytech","status":"publish","type":"page","link":"https:\/\/teknologiateollisuus.fi\/meriteollisuus\/toihin-meriteollisuuteen\/mytech\/","title":{"rendered":"MyTech"},"content":{"rendered":"\n<div class=\"em-block-hero hero-has-background-color has-background has-petrol-background-color has-image media-position-right \">\n\t<div class=\"em-block-hero__container\">\n\t\t<div class=\"em-block-hero__content\">\n\t\t\t<div class=\"yoast-breadcrumbs\"><span><span><a href=\"https:\/\/teknologiateollisuus.fi\/meriteollisuus\/\">Etusivu<\/a><\/span> <span class=\"separator\"><\/span> <span><a href=\"https:\/\/teknologiateollisuus.fi\/meriteollisuus\/toihin-meriteollisuuteen\/\">T\u00f6ihin meriteollisuuteen<\/a><\/span> <span class=\"separator\"><\/span> <span class=\"breadcrumb_last\" aria-current=\"page\">MyTech<\/span><\/span><\/div>\t\t\t\n<h1 class=\"wp-block-heading\" id=\"h-mytech\">MyTech<\/h1>\n\n<p><\/p>\n\t\t\t<div class=\"em-block-hero__modified-date\"> P\u00e4ivitetty 24.03.2026 klo 09:02<\/div>\t\t<\/div>\n\t\t\t\t\t<figure class=\"em-block-hero__image\">\n\t\t\t\t<img loading=\"lazy\" decoding=\"async\" width=\"700\" height=\"300\" src=\"https:\/\/teknologiateollisuus.fi\/meriteollisuus\/wp-content\/uploads\/sites\/5\/2024\/10\/Mytech.jpg\" class=\"attachment-hero size-hero\" alt=\"\" srcset=\"https:\/\/teknologiateollisuus.fi\/meriteollisuus\/wp-content\/uploads\/sites\/5\/2024\/10\/Mytech.jpg 700w, https:\/\/teknologiateollisuus.fi\/meriteollisuus\/wp-content\/uploads\/sites\/5\/2024\/10\/Mytech-400x171.jpg 400w\" sizes=\"auto, (max-width: 700px) 100vw, 700px\" \/>\t\t\t<\/figure>\n\t\t\t<\/div>\n<\/div>\n\n\n\n<h3 class=\"wp-block-heading\" id=\"h-mytech-innostaa-nuoria-tutustumaan-teknologia-alaan-ja-meriteollisuuteen\" id=\"mytech-innostaa-nuoria-tutustumaan-teknologia-alaan-ja-meriteollisuuteen\">MyTech innostaa nuoria tutustumaan teknologia-alaan ja meriteollisuuteen<\/h3>\n\n\n\n<p>Teknologia-alan ty\u00f6t eiv\u00e4t v\u00e4ltt\u00e4m\u00e4tt\u00e4 n\u00e4y nuorten arjessa samalla tavalla kuin monet muut ammatit. Sen vuoksi ala tarvitsee toimia joiden kautta nuoret saavat mahdollisuuden tutustua teknologia-alan ty\u00f6- ja opiskelumahdollisuuksiin. <a href=\"https:\/\/mytech.fi\/\">MyTech-sivulla<\/a> voit tutustua teknologia-alalla opiskelevien ja ty\u00f6skentelevien omiin kokemuksiin ja urapolkuihin.<\/p>\n\n\n\n<p>Nuorille t\u00e4rkeit\u00e4 teemoja ovat mm.<\/p>\n\n\n\n<ul class=\"wp-block-list\">\n<li>Kiertotalous ja ilmastonmuutos<\/li>\n\n\n\n<li>Kyberturvallisuus<\/li>\n\n\n\n<li>Terveys ja hyvinvointi<\/li>\n\n\n\n<li>Tulevaisuuden elinymp\u00e4rist\u00f6<\/li>\n<\/ul>\n\n\n\n<p>Voit tutustua teemoihin tarkemmin<mark class=\"has-inline-color has-petrol-color\">&nbsp;<\/mark><a href=\"https:\/\/mytechohjelma.fi\/teemat\/\">t\u00e4\u00e4ll\u00e4<\/a>.<\/p>\n\n\n\n<figure class=\"wp-block-embed is-type-video is-provider-vimeo wp-block-embed-vimeo wp-embed-aspect-16-9 wp-has-aspect-ratio\"><div class=\"wp-block-embed__wrapper\">\n<iframe loading=\"lazy\" title=\"Tulevaisuuden ammattiosaaminen\" src=\"https:\/\/player.vimeo.com\/video\/1174018337?h=50d0c54574&amp;dnt=1&amp;app_id=122963\" width=\"500\" height=\"281\" frameborder=\"0\" allow=\"autoplay; fullscreen; picture-in-picture; clipboard-write; encrypted-media; web-share\" referrerpolicy=\"strict-origin-when-cross-origin\"><\/iframe>\n<\/div><\/figure>\n\n\n\n<p><strong>#OsaajatT\u00f6iss\u00e4<\/strong><\/p>\n\n\n\n<p>MyTechin sivuilla esitell\u00e4\u00e4n teknologia-alan nuorten osaajien uratarinoita. Videoilla he kertovat ty\u00f6st\u00e4\u00e4n, sen merkityksest\u00e4 sek\u00e4 osaamisestaan ja opiskeluvalinnoistaan. Teknologiayrityksiss\u00e4 t\u00f6iss\u00e4 olevat ovat opiskelleet ammattioppilaitosten, ammattikorkeakoulujen tai yliopistojen monilla eri koulutusaloilla. Tutustu jo julkaistuihin tarinoihin&nbsp;<a href=\"https:\/\/mytech.fi\/uratarinat\/\">t\u00e4\u00e4ll\u00e4<\/a>.<\/p>\n\n\n\n<p><strong>Tutustu MyTech-l\u00e4hettil\u00e4isiin!<\/strong><\/p>\n\n\n\n<p>Millaista on opiskelu tekniikan alalla ammatillisessa koulutuksessa? MyTech-l\u00e4hettil\u00e4\u00e4t kertovat peruskouluissa millaisia mahdollisuuksia teknologia-alalla on. MyTech-l\u00e4hettil\u00e4\u00e4n voi pyyt\u00e4\u00e4 my\u00f6s vierailulle omaan kouluun. Lue lis\u00e4\u00e4&nbsp;<a href=\"https:\/\/mytechohjelma.fi\/lahettilastoiminta\/\">t\u00e4st\u00e4.<\/a><\/p>\n\n\n\n<p><strong>Yhteisty\u00f6mahdollisuudet yrityksille<\/strong><\/p>\n\n\n\n<p>Yrityksille osallistuminen MyTech-toimintaan on k\u00e4tev\u00e4 tapa toteuttaa oppilaitosyhteisty\u00f6t\u00e4 ja luoda mielikuvaa itsest\u00e4\u00e4n kiinnostavana tulevaisuuden ty\u00f6nantajana. Opintok\u00e4ynneill\u00e4 havainnollistetaan teknologian merkityksellisyytt\u00e4 nuoria kiinnostavien teemojen kautta. Lue lis\u00e4\u00e4 <a href=\"https:\/\/teknologiateollisuus.fi\/jasenille\/palvelut\/vetovoima-mytech\/\">t\u00e4\u00e4lt\u00e4<\/a>.<\/p>\n\n\n\n<p><strong>MyTech-tiimi auttaa sinua, olethan yhteydess\u00e4:<\/strong>&nbsp;mytech(a)teknologiateollisuus.fi<\/p>\n","protected":false},"excerpt":{"rendered":"<p>MyTech innostaa nuoria tutustumaan teknologia-alaan ja meriteollisuuteen Teknologia-alan ty\u00f6t eiv\u00e4t v\u00e4ltt\u00e4m\u00e4tt\u00e4 n\u00e4y nuorten arjessa samalla tavalla kuin monet muut ammatit. Sen vuoksi ala tarvitsee toimia joiden kautta nuoret saavat mahdollisuuden tutustua teknologia-alan ty\u00f6- ja opiskelumahdollisuuksiin. MyTech-sivulla voit tutustua teknologia-alalla opiskelevien ja ty\u00f6skentelevien omiin kokemuksiin ja urapolkuihin. Nuorille t\u00e4rkeit\u00e4 teemoja ovat mm. Voit tutustua teemoihin tarkemmin&nbsp;t\u00e4\u00e4ll\u00e4. [&hellip;]<\/p>\n","protected":false},"author":49,"featured_media":0,"parent":1221,"menu_order":3,"comment_status":"closed","ping_status":"closed","template":"","meta":{"_acf_changed":false,"_relevanssi_hide_post":"","_relevanssi_hide_content":"","_relevanssi_pin_for_all":"","_relevanssi_pin_keywords":"","_relevanssi_unpin_keywords":"","_relevanssi_related_keywords":"","_relevanssi_related_include_ids":"","_relevanssi_related_exclude_ids":"","_relevanssi_related_no_append":"","_relevanssi_related_not_related":"","_relevanssi_related_posts":"48,56,53,54,57,55","_relevanssi_noindex_reason":"","inline_featured_image":false,"footnotes":""},"class_list":["post-1315","page","type-page","status-publish","hentry"],"acf":[],"yoast_head":"<!-- This site is optimized with the Yoast SEO Premium plugin v27.1 (Yoast SEO v27.3) - https:\/\/yoast.com\/product\/yoast-seo-premium-wordpress\/ -->\n<title>MyTech - Meriteollisuus ry<\/title>\n<meta name=\"robots\" content=\"index, follow, max-snippet:-1, max-image-preview:large, max-video-preview:-1\" \/>\n<link rel=\"canonical\" href=\"https:\/\/teknologiateollisuus.fi\/meriteollisuus\/toihin-meriteollisuuteen\/mytech\/\" \/>\n<meta property=\"og:locale\" content=\"fi_FI\" \/>\n<meta property=\"og:type\" content=\"article\" \/>\n<meta property=\"og:title\" content=\"MyTech\" \/>\n<meta property=\"og:description\" content=\"MyTech innostaa nuoria tutustumaan teknologia-alaan ja meriteollisuuteen Teknologia-alan ty\u00f6t eiv\u00e4t v\u00e4ltt\u00e4m\u00e4tt\u00e4 n\u00e4y nuorten arjessa samalla tavalla kuin monet muut ammatit. Sen vuoksi ala tarvitsee toimia joiden kautta nuoret saavat mahdollisuuden tutustua teknologia-alan ty\u00f6- ja opiskelumahdollisuuksiin. MyTech-sivulla voit tutustua teknologia-alalla opiskelevien ja ty\u00f6skentelevien omiin kokemuksiin ja urapolkuihin. Nuorille t\u00e4rkeit\u00e4 teemoja ovat mm. Voit tutustua teemoihin tarkemmin&nbsp;t\u00e4\u00e4ll\u00e4. [&hellip;]\" \/>\n<meta property=\"og:url\" content=\"https:\/\/teknologiateollisuus.fi\/meriteollisuus\/toihin-meriteollisuuteen\/mytech\/\" \/>\n<meta property=\"og:site_name\" content=\"Meriteollisuus ry\" \/>\n<meta property=\"article:modified_time\" content=\"2026-03-24T07:02:23+00:00\" \/>\n<meta name=\"twitter:card\" content=\"summary_large_image\" \/>\n<meta name=\"twitter:label1\" content=\"Arvioitu lukuaika\" \/>\n\t<meta name=\"twitter:data1\" content=\"2 minuuttia\" \/>\n<script type=\"application\/ld+json\" class=\"yoast-schema-graph\">{\"@context\":\"https:\\\/\\\/schema.org\",\"@graph\":[{\"@type\":\"WebPage\",\"@id\":\"https:\\\/\\\/teknologiateollisuus.fi\\\/meriteollisuus\\\/toihin-meriteollisuuteen\\\/mytech\\\/\",\"url\":\"https:\\\/\\\/teknologiateollisuus.fi\\\/meriteollisuus\\\/toihin-meriteollisuuteen\\\/mytech\\\/\",\"name\":\"MyTech - Meriteollisuus ry\",\"isPartOf\":{\"@id\":\"https:\\\/\\\/teknologiateollisuus.fi\\\/meriteollisuus\\\/#website\"},\"datePublished\":\"2024-09-04T11:29:01+00:00\",\"dateModified\":\"2026-03-24T07:02:23+00:00\",\"breadcrumb\":{\"@id\":\"https:\\\/\\\/teknologiateollisuus.fi\\\/meriteollisuus\\\/toihin-meriteollisuuteen\\\/mytech\\\/#breadcrumb\"},\"inLanguage\":\"fi\",\"potentialAction\":[{\"@type\":\"ReadAction\",\"target\":[\"https:\\\/\\\/teknologiateollisuus.fi\\\/meriteollisuus\\\/toihin-meriteollisuuteen\\\/mytech\\\/\"]}]},{\"@type\":\"BreadcrumbList\",\"@id\":\"https:\\\/\\\/teknologiateollisuus.fi\\\/meriteollisuus\\\/toihin-meriteollisuuteen\\\/mytech\\\/#breadcrumb\",\"itemListElement\":[{\"@type\":\"ListItem\",\"position\":1,\"name\":\"Etusivu\",\"item\":\"https:\\\/\\\/teknologiateollisuus.fi\\\/meriteollisuus\\\/\"},{\"@type\":\"ListItem\",\"position\":2,\"name\":\"T\u00f6ihin meriteollisuuteen\",\"item\":\"https:\\\/\\\/teknologiateollisuus.fi\\\/meriteollisuus\\\/toihin-meriteollisuuteen\\\/\"},{\"@type\":\"ListItem\",\"position\":3,\"name\":\"MyTech\"}]},{\"@type\":\"WebSite\",\"@id\":\"https:\\\/\\\/teknologiateollisuus.fi\\\/meriteollisuus\\\/#website\",\"url\":\"https:\\\/\\\/teknologiateollisuus.fi\\\/meriteollisuus\\\/\",\"name\":\"Meriteollisuus ry\",\"description\":\"\",\"potentialAction\":[{\"@type\":\"SearchAction\",\"target\":{\"@type\":\"EntryPoint\",\"urlTemplate\":\"https:\\\/\\\/teknologiateollisuus.fi\\\/meriteollisuus\\\/?s={search_term_string}\"},\"query-input\":{\"@type\":\"PropertyValueSpecification\",\"valueRequired\":true,\"valueName\":\"search_term_string\"}}],\"inLanguage\":\"fi\"}]}<\/script>\n<!-- \/ Yoast SEO Premium plugin. -->","yoast_head_json":{"title":"MyTech - Meriteollisuus ry","robots":{"index":"index","follow":"follow","max-snippet":"max-snippet:-1","max-image-preview":"max-image-preview:large","max-video-preview":"max-video-preview:-1"},"canonical":"https:\/\/teknologiateollisuus.fi\/meriteollisuus\/toihin-meriteollisuuteen\/mytech\/","og_locale":"fi_FI","og_type":"article","og_title":"MyTech","og_description":"MyTech innostaa nuoria tutustumaan teknologia-alaan ja meriteollisuuteen Teknologia-alan ty\u00f6t eiv\u00e4t v\u00e4ltt\u00e4m\u00e4tt\u00e4 n\u00e4y nuorten arjessa samalla tavalla kuin monet muut ammatit. Sen vuoksi ala tarvitsee toimia joiden kautta nuoret saavat mahdollisuuden tutustua teknologia-alan ty\u00f6- ja opiskelumahdollisuuksiin. MyTech-sivulla voit tutustua teknologia-alalla opiskelevien ja ty\u00f6skentelevien omiin kokemuksiin ja urapolkuihin. Nuorille t\u00e4rkeit\u00e4 teemoja ovat mm. Voit tutustua teemoihin tarkemmin&nbsp;t\u00e4\u00e4ll\u00e4. [&hellip;]","og_url":"https:\/\/teknologiateollisuus.fi\/meriteollisuus\/toihin-meriteollisuuteen\/mytech\/","og_site_name":"Meriteollisuus ry","article_modified_time":"2026-03-24T07:02:23+00:00","twitter_card":"summary_large_image","twitter_misc":{"Arvioitu lukuaika":"2 minuuttia"},"schema":{"@context":"https:\/\/schema.org","@graph":[{"@type":"WebPage","@id":"https:\/\/teknologiateollisuus.fi\/meriteollisuus\/toihin-meriteollisuuteen\/mytech\/","url":"https:\/\/teknologiateollisuus.fi\/meriteollisuus\/toihin-meriteollisuuteen\/mytech\/","name":"MyTech - Meriteollisuus ry","isPartOf":{"@id":"https:\/\/teknologiateollisuus.fi\/meriteollisuus\/#website"},"datePublished":"2024-09-04T11:29:01+00:00","dateModified":"2026-03-24T07:02:23+00:00","breadcrumb":{"@id":"https:\/\/teknologiateollisuus.fi\/meriteollisuus\/toihin-meriteollisuuteen\/mytech\/#breadcrumb"},"inLanguage":"fi","potentialAction":[{"@type":"ReadAction","target":["https:\/\/teknologiateollisuus.fi\/meriteollisuus\/toihin-meriteollisuuteen\/mytech\/"]}]},{"@type":"BreadcrumbList","@id":"https:\/\/teknologiateollisuus.fi\/meriteollisuus\/toihin-meriteollisuuteen\/mytech\/#breadcrumb","itemListElement":[{"@type":"ListItem","position":1,"name":"Etusivu","item":"https:\/\/teknologiateollisuus.fi\/meriteollisuus\/"},{"@type":"ListItem","position":2,"name":"T\u00f6ihin meriteollisuuteen","item":"https:\/\/teknologiateollisuus.fi\/meriteollisuus\/toihin-meriteollisuuteen\/"},{"@type":"ListItem","position":3,"name":"MyTech"}]},{"@type":"WebSite","@id":"https:\/\/teknologiateollisuus.fi\/meriteollisuus\/#website","url":"https:\/\/teknologiateollisuus.fi\/meriteollisuus\/","name":"Meriteollisuus ry","description":"","potentialAction":[{"@type":"SearchAction","target":{"@type":"EntryPoint","urlTemplate":"https:\/\/teknologiateollisuus.fi\/meriteollisuus\/?s={search_term_string}"},"query-input":{"@type":"PropertyValueSpecification","valueRequired":true,"valueName":"search_term_string"}}],"inLanguage":"fi"}]}},"lang":"fi","translations":{"fi":1315},"pll_sync_post":[],"_links":{"self":[{"href":"https:\/\/teknologiateollisuus.fi\/meriteollisuus\/wp-json\/wp\/v2\/pages\/1315","targetHints":{"allow":["GET"]}}],"collection":[{"href":"https:\/\/teknologiateollisuus.fi\/meriteollisuus\/wp-json\/wp\/v2\/pages"}],"about":[{"href":"https:\/\/teknologiateollisuus.fi\/meriteollisuus\/wp-json\/wp\/v2\/types\/page"}],"author":[{"embeddable":true,"href":"https:\/\/teknologiateollisuus.fi\/meriteollisuus\/wp-json\/wp\/v2\/users\/49"}],"replies":[{"embeddable":true,"href":"https:\/\/teknologiateollisuus.fi\/meriteollisuus\/wp-json\/wp\/v2\/comments?post=1315"}],"version-history":[{"count":9,"href":"https:\/\/teknologiateollisuus.fi\/meriteollisuus\/wp-json\/wp\/v2\/pages\/1315\/revisions"}],"predecessor-version":[{"id":3469,"href":"https:\/\/teknologiateollisuus.fi\/meriteollisuus\/wp-json\/wp\/v2\/pages\/1315\/revisions\/3469"}],"up":[{"embeddable":true,"href":"https:\/\/teknologiateollisuus.fi\/meriteollisuus\/wp-json\/wp\/v2\/pages\/1221"}],"wp:attachment":[{"href":"https:\/\/teknologiateollisuus.fi\/meriteollisuus\/wp-json\/wp\/v2\/media?parent=1315"}],"curies":[{"name":"wp","href":"https:\/\/api.w.org\/{rel}","templated":true}]}}