{"id":1321,"date":"2024-09-04T14:34:31","date_gmt":"2024-09-04T11:34:31","guid":{"rendered":"https:\/\/meriteollisuus.teknologiateollisuus.fi\/?page_id=1321"},"modified":"2026-04-01T14:59:44","modified_gmt":"2026-04-01T11:59:44","slug":"messut","status":"publish","type":"page","link":"https:\/\/teknologiateollisuus.fi\/meriteollisuus\/messut\/","title":{"rendered":"Messut"},"content":{"rendered":"\n<div class=\"em-block-hero hero-has-background-color has-background has-petrol-background-color has-image media-position-right \">\n\t<div class=\"em-block-hero__container\">\n\t\t<div class=\"em-block-hero__content\">\n\t\t\t<div class=\"yoast-breadcrumbs\"><span><span><a href=\"https:\/\/teknologiateollisuus.fi\/meriteollisuus\/\">Etusivu<\/a><\/span> <span class=\"separator\"><\/span> <span class=\"breadcrumb_last\" aria-current=\"page\">Messut<\/span><\/span><\/div>\t\t\t\n<h1 class=\"wp-block-heading\" id=\"h-alan-tulevat-messutapahtumat\">Alan tulevat messutapahtumat<\/h1>\n\n<p><\/p>\n\t\t\t<div class=\"em-block-hero__modified-date\"> P\u00e4ivitetty 01.04.2026 klo 14:59<\/div>\t\t<\/div>\n\t\t\t\t\t<figure class=\"em-block-hero__image\">\n\t\t\t\t<img loading=\"lazy\" decoding=\"async\" width=\"1600\" height=\"790\" src=\"https:\/\/teknologiateollisuus.fi\/meriteollisuus\/wp-content\/uploads\/sites\/5\/2024\/12\/1733412267508.jpg\" class=\"attachment-hero size-hero\" alt=\"\" srcset=\"https:\/\/teknologiateollisuus.fi\/meriteollisuus\/wp-content\/uploads\/sites\/5\/2024\/12\/1733412267508.jpg 1600w, https:\/\/teknologiateollisuus.fi\/meriteollisuus\/wp-content\/uploads\/sites\/5\/2024\/12\/1733412267508-400x198.jpg 400w, https:\/\/teknologiateollisuus.fi\/meriteollisuus\/wp-content\/uploads\/sites\/5\/2024\/12\/1733412267508-968x478.jpg 968w, https:\/\/teknologiateollisuus.fi\/meriteollisuus\/wp-content\/uploads\/sites\/5\/2024\/12\/1733412267508-768x379.jpg 768w, https:\/\/teknologiateollisuus.fi\/meriteollisuus\/wp-content\/uploads\/sites\/5\/2024\/12\/1733412267508-1536x758.jpg 1536w, https:\/\/teknologiateollisuus.fi\/meriteollisuus\/wp-content\/uploads\/sites\/5\/2024\/12\/1733412267508-1300x642.jpg 1300w, https:\/\/teknologiateollisuus.fi\/meriteollisuus\/wp-content\/uploads\/sites\/5\/2024\/12\/1733412267508-1440x711.jpg 1440w\" sizes=\"auto, (max-width: 1600px) 100vw, 1600px\" \/>\t\t\t<\/figure>\n\t\t\t<\/div>\n<\/div>\n\n\n\n<p>Sivustoa p\u00e4ivitet\u00e4\u00e4n s\u00e4\u00e4nn\u00f6llisesti. Katso my\u00f6s Business Finlandin j\u00e4rjest\u00e4m\u00e4t tilaisuudet&nbsp;<a href=\"https:\/\/www.businessfinland.fi\/suomalaisille-asiakkaille\/ajankohtaista\/\">t\u00e4st\u00e4 linkist\u00e4<\/a>.<\/p>\n\n\n\n<p>Business Finland tarjoaa Exhibition Explorer -rahoitusta osallistumiseen kansainv\u00e4lisille, Suomen ulkopuolella j\u00e4rjestett\u00e4ville B2B-messuille.&nbsp;Rahoitus on tarkoitettu pk- ja midcap-yrityksille, jotka haluavat kasvattaa omien tuotteidensa tai palveluidensa vienti\u00e4.&nbsp;Lue lis\u00e4\u00e4&nbsp;<a href=\"https:\/\/www.businessfinland.fi\/suomalaisille-asiakkaille\/palvelut\/rahoitus\/explorer\/exhibition-explorer\">t\u00e4st\u00e4 linkist\u00e4<\/a>.<\/p>\n\n\n\n<h3 class=\"wp-block-heading\" id=\"h-2026\" id=\"2026\">2026<\/h3>\n\n\n\n<p>Huhtikuu<\/p>\n\n\n\n<ul class=\"wp-block-list\">\n<li>13.-15.4. Shipbuilding and aluminum conference, USA (<a href=\"https:\/\/www.aws.org\/community-and-events\/conferences-and-events\/shipbuilding-and-aluminum-conference\/\">Lis\u00e4tietoja<\/a>)<\/li>\n\n\n\n<li>13.-16.4. Seatrade Cruise Global, USA (<a href=\"https:\/\/www.seatradecruiseevents.com\/global\/en\/home.html\">Lis\u00e4tietoja<\/a>)<\/li>\n\n\n\n<li>20.-24.4. Singapore Maritime Week (<a href=\"https:\/\/www.smw.sg\/\">Lis\u00e4tietoja<\/a>)<\/li>\n\n\n\n<li>19.-22.4. Sea-Air-Space, USA (<a href=\"https:\/\/seaairspace.org\/\">Lis\u00e4tietoja<\/a>)<\/li>\n\n\n\n<li>21.-23.4. WindEurope, Spain (<a href=\"https:\/\/windeurope.org\/annual2026\/\">Lis\u00e4tietoja<\/a>)<\/li>\n\n\n\n<li>22.4. TradeWinds Shipowners Forum Singapore 2026 (<a href=\"https:\/\/www.tradewinds.events\/website\/9017\/upcoming\/\">Lis\u00e4tietoja<\/a>)<\/li>\n\n\n\n<li>22.-24.4. Sea Japan (<a href=\"https:\/\/www.seajapan.ne.jp\/en\/\">Lis\u00e4tietoja<\/a>)<\/li>\n\n\n\n<li>23.4. 6th Mare Forum Oslo (<a href=\"https:\/\/www.mareforum.com\/events\/6th-mare-forum-oslo-2026\">Lis\u00e4tietoja<\/a>)<\/li>\n<\/ul>\n\n\n\n<p>Toukokuu<\/p>\n\n\n\n<ul class=\"wp-block-list\">\n<li>4.-7.5. Offshore Technology Conference, USA (<a href=\"https:\/\/2026.otcnet.org\/\">Lis\u00e4tietoja<\/a>)<\/li>\n\n\n\n<li>5.5. TradeWinds Shipowners Forum USA 2026 (<a href=\"https:\/\/www.tradewinds.events\/website\/9017\/upcoming\/\">Lis\u00e4tietoja<\/a>)<\/li>\n\n\n\n<li>5.-6.5. Hamburg Maritime Forum (<a href=\"https:\/\/hamburgmaritimeforum.com\/\">Lis\u00e4tietoja<\/a>)<\/li>\n\n\n\n<li>5.-7.5. Shippax Ferry Conference, on board RHAPSODY, sailing between Genoa &#8211; Olbia and return (<a href=\"https:\/\/www.shippaxferryconference.com\/\">Lis\u00e4tietoja<\/a>)<\/li>\n\n\n\n<li>7.-8.5. Asia-Pacific Superyacht Summit, Japan (<a href=\"https:\/\/www.superyachttimes.com\/events\/asia-pacific-superyacht-summit-2026-3rd-edition\">Lis\u00e4tietoja<\/a>)<\/li>\n\n\n\n<li>8.5. 1st Mare Forum Chios (<a href=\"https:\/\/www.mareforum.com\/events\/1st-mare-forum-chios\">Lis\u00e4tietoja<\/a>)<\/li>\n\n\n\n<li>13.-15.5. Maritime Arctic: Future of Arctic Shipping, Canada (<a href=\"https:\/\/nautinst.ca\/conference-2026\/\">Lis\u00e4tietoja<\/a>)<\/li>\n\n\n\n<li>14.5. New York Maritime Security Conference&nbsp;(<a href=\"https:\/\/www.nymaritimesecurityconference.org\/\">Lis\u00e4tietoja<\/a>)<\/li>\n\n\n\n<li>18.-21.5. Transport Research Arena, Budapest, Hungary (<a href=\"https:\/\/traconference.eu\/\">Lis\u00e4tietoja<\/a>)<\/li>\n\n\n\n<li>19.-20.5. Wind Power Summit Asia-Pacific (<a href=\"https:\/\/www.futureenergy.events\/website\/18561\/home\/\">Lis\u00e4tietoja<\/a>)<\/li>\n\n\n\n<li>19.-21.5. Combined Naval Event, UK (<a href=\"https:\/\/navyleaders.com\/combined-naval-event-overview\/\">Lis\u00e4tietoja<\/a>)<\/li>\n\n\n\n<li>19.-23.5. Navalia, Spain (<a href=\"https:\/\/www.navalia.es\/en\/\">Lis\u00e4tietoja<\/a>)<\/li>\n\n\n\n<li>20.5. 10th Mare Forum Istanbul (<a href=\"https:\/\/www.mareforum.com\/events\/10th-mare-forum-istanbul-2026\">Lis\u00e4tietoja<\/a>)<\/li>\n\n\n\n<li>21.5. 4th Super Yacht Turkiye (<a href=\"https:\/\/www.mareforum.com\/events\/4th-super-yacht-turkiye-2026\">Lis\u00e4tietoja<\/a>)<\/li>\n\n\n\n<li>21.5. Sj\u00f6fartens Dag \/ The Maritime Day,&nbsp;Mariehamn (<a href=\"https:\/\/www.sjofart.ax\/maritime-day-aland-2026\/\">Lis\u00e4tietoja<\/a>)<\/li>\n<\/ul>\n\n\n\n<p>Kes\u00e4kuu<\/p>\n\n\n\n<ul class=\"wp-block-list\">\n<li>1.-5.6. Posidonia, Greece (<a href=\"https:\/\/posidonia-events.com\/\">Lis\u00e4tietoja<\/a>)<\/li>\n\n\n\n<li>2.6. TradeWinds Shipowners Forum Greece at Posidonia 2026 (<a href=\"https:\/\/www.tradewinds.events\/website\/9017\/upcoming\/\">Lis\u00e4tietoja<\/a>)<\/li>\n\n\n\n<li>2.-4.6. NavExpo International, France (<a href=\"https:\/\/www.navexpo.com\/en\/\">Lis\u00e4tietoja<\/a>)<\/li>\n\n\n\n<li>7.-12.6. 45th International Ocean Offshore and Arctic Engineering Conference, Japan (<a href=\"https:\/\/event.asme.org\/OMAE\">Lis\u00e4tietoja<\/a>)<\/li>\n\n\n\n<li>9.-10.6. Cruise Ship Interiors Expo, Miami (<a href=\"https:\/\/cruiseshipinteriors-expo.com\/\">Lis\u00e4tietoja<\/a>)<\/li>\n\n\n\n<li>9.-11.6. SeaWork, UK (<a href=\"https:\/\/seawork.com\/newfront\">Lis\u00e4tietoja<\/a>)<\/li>\n\n\n\n<li>10.-13.6. MTB Superyachts, Cyprus (<a href=\"https:\/\/www.mtbevents.com\/events\/mtb-superyachts-2026\/\">Lis\u00e4tietoja<\/a>)<\/li>\n\n\n\n<li>16.-17.6. Global Offshore Wind, UK (<a href=\"https:\/\/www.renewableuk.com\/events\/global-offshore-wind-2026\/gow26\/\">Lis\u00e4tietoja<\/a>)<\/li>\n\n\n\n<li>16.-18.6. Electric &amp; Hybrid Marine Expo &amp; Autonomous Ship Expo, Netherlands (<a href=\"https:\/\/electricandhybridmarineworldexpo.com\/\">Lis\u00e4tietoja<\/a>)<\/li>\n\n\n\n<li>24.6. Mare Forum Brussels (<a href=\"https:\/\/www.mareforum.com\/events\/3rd-mare-forum-brussels\">Lis\u00e4tietoja<\/a>)<\/li>\n\n\n\n<li>24.-25.6. Warship 2026 Submarines: Accelerating Underwater Capability through Collaboration (<a href=\"https:\/\/www.rina.org.uk\/Warship-2026-Submarines-Accelerating-Underwater-Capability-through-Collaboration.html\">Lis\u00e4tietoja<\/a>)<\/li>\n\n\n\n<li>25.-26.6. China International Cruise Shipbuilding Forum &amp; Expo, Shanghai (<a href=\"http:\/\/www.cruisechina.org\/Partners_en.html\">Lis\u00e4tietoja<\/a>)<\/li>\n<\/ul>\n\n\n\n<p>Elokuu<\/p>\n\n\n\n<ul class=\"wp-block-list\">\n<li>24.-27.8.&nbsp;ONS, Stavanger, Norway (<a href=\"https:\/\/www.ons.no\/\">Lis\u00e4tietoja<\/a>)<\/li>\n\n\n\n<li>28.8. 9th Mare Forum Mykonos (<a href=\"https:\/\/www.mareforum.com\/events\/9th-mare-forum-mykonos-2026\">Lis\u00e4tietoja<\/a>)<\/li>\n\n\n\n<li>31.8. 1st Mare Forum Germany (<a href=\"https:\/\/www.mareforum.com\/events\/1st-mare-forum-germany\">Lis\u00e4tietoja<\/a>)<\/li>\n<\/ul>\n\n\n\n<p>Syyskuu<\/p>\n\n\n\n<ul class=\"wp-block-list\">\n<li>1.-4.9. SMM, Hamburg (<a href=\"https:\/\/www.smm-hamburg.com\/\">Lis\u00e4tietoja<\/a>)<\/li>\n\n\n\n<li>1.9. TradeWinds Shipowners Forum Germany 2026 (<a href=\"https:\/\/www.tradewinds.events\/website\/9017\/upcoming\/\">Lis\u00e4tietoja<\/a>)<\/li>\n\n\n\n<li>14.-16.9. ICCAS 2026: International Conference on Computer Applications in Shipbuilding (<a href=\"https:\/\/www.rina.org.uk\/ICCAS-2026-International-Conference-on-Computer-Applications-in-Shipbuilding.html\">Lis\u00e4tietoja<\/a>)<\/li>\n\n\n\n<li>22.-25.9. WindEnergy, Hamburg (<a href=\"https:\/\/www.windenergyhamburg.com\/\/\">Lis\u00e4tietoja<\/a>)<\/li>\n\n\n\n<li>22.-23.9. IMPA, Maritime Procurement Event, London (<a href=\"https:\/\/www.impaevents.com\/event\/london\">Lis\u00e4tietoja<\/a>)<\/li>\n\n\n\n<li>23.9. 8th Super Yacht Europe (<a href=\"https:\/\/www.mareforum.com\/events\/8th-super-yacht-europe-2026\">Lis\u00e4tietoja<\/a>)<\/li>\n\n\n\n<li>23.-24.9. Seatrade Cruise Med&nbsp;(<a href=\"https:\/\/www.seatradecruiseevents.com\/med\/en\/home.html\">Lis\u00e4tietoja<\/a>)<\/li>\n\n\n\n<li>23.-26.9. Monaco Yacht Show (<a href=\"https:\/\/www.monacoyachtshow.com\/en\">Lis\u00e4tietoja<\/a>)<\/li>\n\n\n\n<li>30.9.-1.10. Warship 2026: Scaling the Fleet &#8211; Delivering Added Mass with Affordable Minor Warships (<a href=\"https:\/\/www.rina.org.uk\/Warship-2026-Scaling-the-Fleet-Delivering-Added-Mass-with-Affordable-Minor-Warships.html\">Lis\u00e4tietoja<\/a>)<\/li>\n<\/ul>\n\n\n\n<p>Lokakuu<\/p>\n\n\n\n<ul class=\"wp-block-list\">\n<li>8.-9.10. European Ferry Shipping Summit &amp; Ports, Greece (<a href=\"https:\/\/ferryshippingsummit.com\/\">Lis\u00e4tietoja<\/a>)<\/li>\n\n\n\n<li>14.-15.10. Offshore Technology Days, Norway (<a href=\"https:\/\/offshoredays.com\/\">Lis\u00e4tietoja<\/a>)<\/li>\n\n\n\n<li>22.10. TradeWinds Shipowners Forum Japan 2026 (<a href=\"https:\/\/www.tradewinds.events\/website\/9017\/upcoming\/\">Lis\u00e4tietoja<\/a>)<\/li>\n\n\n\n<li>27.10. TradeWinds Global Shipbuilding Forum, South Korea 2026 (<a href=\"https:\/\/www.tradewinds.events\/website\/9017\/upcoming\/\">Lis\u00e4tietoja<\/a>)<\/li>\n\n\n\n<li>28.10. 7th Super Yacht Americas (<a href=\"https:\/\/www.mareforum.com\/events\/7th-super-yacht-americas-2026\">Lis\u00e4tietoja<\/a>)<\/li>\n\n\n\n<li>29.-30.10. Aboa Mare Maritime Fair 2026, Turku (<a href=\"https:\/\/aboamare.fi\/maritime-fair-2026\">Lis\u00e4tietoja<\/a>)<\/li>\n\n\n\n<li>30.10.-4.11. Interferry 2026, Thailand (<a href=\"https:\/\/interferryconference.com\/\">Lis\u00e4tietoja<\/a>)<\/li>\n\n\n\n<li>American Maritime Forum, Miami, USA (<a href=\"https:\/\/americanmaritime-forum.com\/\">Lis\u00e4tietoja<\/a>)<\/li>\n<\/ul>\n\n\n\n<p>Marraskuu<\/p>\n\n\n\n<ul class=\"wp-block-list\">\n<li>3.-6.11. EURONAVAL, France (<a href=\"https:\/\/www.euronaval.fr\/\">Lis\u00e4tietoja<\/a>)<\/li>\n\n\n\n<li>5.11. TradeWinds Shipowners Forum Middle East, Dubai 2026 (<a href=\"https:\/\/www.tradewinds.events\/website\/9017\/upcoming\/\">Lis\u00e4tietoja<\/a>)<\/li>\n\n\n\n<li>12.11. 25th Mare Forum Ship Finance (<a href=\"https:\/\/www.mareforum.com\/events\/25th-mare-forum-shipfinance-2026\">Lis\u00e4tietoja<\/a>)<\/li>\n\n\n\n<li>17.11. 6th Mare Forum Hong Kong (<a href=\"https:\/\/www.mareforum.com\/events\/6th-mare-forum-hong-kong\">Lis\u00e4tietoja<\/a>)<\/li>\n\n\n\n<li>17.11. TradeWinds Shipowners Forum Hong Kong 2026 (<a href=\"https:\/\/www.tradewinds.events\/website\/9017\/upcoming\/\">Lis\u00e4tietoja<\/a>)<\/li>\n\n\n\n<li>17.-19.11. METSTRADE, Amsterdam (<a href=\"https:\/\/www.metstrade.com\/\">Lis\u00e4tietoja<\/a>)<\/li>\n\n\n\n<li>24.11. 9th Mare Forum Asia (<a href=\"https:\/\/www.mareforum.com\/events\/9th-mare-forum-asia\">Lis\u00e4tietoja<\/a>)<\/li>\n\n\n\n<li>24.-25.11. Navigate, Turku (<a href=\"https:\/\/navigate.fi\/\">Lis\u00e4tietoja<\/a>)<\/li>\n\n\n\n<li>24.-25.11. Offshore Energy Exhibition &amp; Conference, Amsterdam&nbsp;<a href=\"https:\/\/www.offshore-energy.biz\/oeec2023\/?_gl=1*13xocj9*_ga*MTQ4MzgzODI0Ni4xNjY5OTY2MzAw*_ga_LHH3T8BGBP*MTY2OTk2NjMwMC4xLjAuMTY2OTk2NjMwMC4wLjAuMA..&amp;_ga=2.12618167.1883904056.1669966300-1483838246.1669966300\">(<\/a><a href=\"https:\/\/www.offshore-energy.biz\/oeec2023\/\">Lis\u00e4tietoja<\/a><a href=\"https:\/\/www.offshore-energy.biz\/oeec2023\/?_gl=1*13xocj9*_ga*MTQ4MzgzODI0Ni4xNjY5OTY2MzAw*_ga_LHH3T8BGBP*MTY2OTk2NjMwMC4xLjAuMTY2OTk2NjMwMC4wLjAuMA..&amp;_ga=2.12618167.1883904056.1669966300-1483838246.1669966300\">)<\/a><\/li>\n<\/ul>\n\n\n\n<p>Joulukuu<\/p>\n\n\n\n<ul class=\"wp-block-list\">\n<li>1.-2.12. TradeWinds Ship Recycling Forum, Istanbul 2026 (<a href=\"https:\/\/www.tradewinds.events\/website\/9017\/upcoming\/\">Lis\u00e4tietoja<\/a>)<\/li>\n\n\n\n<li>2.12. International Workboat Show, USA (<a href=\"https:\/\/www.workboatshow.com\/\">Lis\u00e4tietoja<\/a>)<\/li>\n\n\n\n<li>2.-3.12. Cruise Ship Interiors Design Expo, Hamburg (<a href=\"https:\/\/cruiseshipinteriors-europe.com\/\">Lis\u00e4tietoja<\/a>)<\/li>\n<\/ul>\n\n\n\n<h4 class=\"wp-block-heading\" id=\"h-2027\" id=\"2027\">2027<\/h4>\n\n\n\n<p>Helmikuu<\/p>\n\n\n\n<ul class=\"wp-block-list\">\n<li>16.-17.2. World Maritime Forum, Copenhagen (<a href=\"https:\/\/worldmaritime-forum.com\/#section-id-1480327036\">Lis\u00e4tietoja<\/a>)<\/li>\n<\/ul>\n\n\n\n<p>Maaliskuu<\/p>\n\n\n\n<ul class=\"wp-block-list\">\n<li>16.-18.3. Sea Asia, Marina Bay Sands (<a href=\"https:\/\/www.sea-asia.com\/\">Lis\u00e4tietoja<\/a>)<\/li>\n<\/ul>\n\n\n\n<p>Kes\u00e4kuu<\/p>\n\n\n\n<ul class=\"wp-block-list\">\n<li>7.-11.6. NorShipping, Oslo (<a href=\"https:\/\/nor-shipping.com\/\">Lis\u00e4tietoja<\/a>)<\/li>\n<\/ul>\n\n\n\n<p>Syyskuu<\/p>\n\n\n\n<ul class=\"wp-block-list\">\n<li>6.-8.9. Dons\u00f6 Shipping Meet,&nbsp;Dons\u00f6 (<a href=\"https:\/\/donsoshippingmeet.com\/\">Lis\u00e4tietoja<\/a>)<\/li>\n\n\n\n<li>7.-9.9. SPE Offshore Europe, Scotland (<a href=\"https:\/\/www.offshore-europe.co.uk\/en-gb.html\">Lis\u00e4tietoja<\/a>)<\/li>\n\n\n\n<li>15.-17.9. Seatrade Europe, Hamburg, Germany (<a href=\"https:\/\/www.seatrade-europe.com\/\">Lis\u00e4tietoja<\/a>)<\/li>\n\n\n\n<li>22.-24.9. INMEX SMM India (<a href=\"https:\/\/www.inmex-smm-india.com\/home\">Lis\u00e4tietoja<\/a>)<\/li>\n<\/ul>\n\n\n\n<p>Lokakuu<\/p>\n\n\n\n<ul class=\"wp-block-list\">\n<li>19.-22.10. Kormarine, Korea (<a href=\"https:\/\/www.kormarine.com\/en-gb.html\">Lis\u00e4tietoja<\/a>)<\/li>\n<\/ul>\n\n\n\n<p>Marraskuu<\/p>\n\n\n\n<ul class=\"wp-block-list\">\n<li>2.-4.11. Indo Pacific, Sydney, Australia (<a href=\"https:\/\/indopacificexpo.com.au\/\">Lis\u00e4tietoja<\/a>)<\/li>\n\n\n\n<li>2.-5.11. Europort, Rotterdam (<a href=\"https:\/\/www.europort.nl\/\">Lis\u00e4tietoja<\/a>)<\/li>\n\n\n\n<li>30.11.-3.12. Marintec China, Shanghai&nbsp;<a href=\"https:\/\/www.marintecchina.com\/\">(Lis\u00e4tietoja)<\/a><\/li>\n<\/ul>\n\n\n\n<h4 class=\"wp-block-heading\" id=\"h-2028\" id=\"2028\">2028<\/h4>\n\n\n\n<p>Lokakuu<\/p>\n\n\n\n<ul class=\"wp-block-list\">\n<li>8.-12.10. Intelligent Transportation Systems&nbsp;ITS World Congress, Orlando, Florida <a href=\"https:\/\/www.itsamericaevents.com\/world-congress\/en-us.html#\/\">(Lis\u00e4tietoja)<\/a><\/li>\n<\/ul>\n\n\n\n<p><\/p>\n\n\n\n<p>Kuva: Suomalaiset osallistujat yhteiskuvassa vuoden 2024 Cruise Ship Interiors Expo -messuilla Lontoossa.<\/p>\n","protected":false},"excerpt":{"rendered":"<p>Sivustoa p\u00e4ivitet\u00e4\u00e4n s\u00e4\u00e4nn\u00f6llisesti. Katso my\u00f6s Business Finlandin j\u00e4rjest\u00e4m\u00e4t tilaisuudet&nbsp;t\u00e4st\u00e4 linkist\u00e4. Business Finland tarjoaa Exhibition Explorer -rahoitusta osallistumiseen kansainv\u00e4lisille, Suomen ulkopuolella j\u00e4rjestett\u00e4ville B2B-messuille.&nbsp;Rahoitus on tarkoitettu pk- ja midcap-yrityksille, jotka haluavat kasvattaa omien tuotteidensa tai palveluidensa vienti\u00e4.&nbsp;Lue lis\u00e4\u00e4&nbsp;t\u00e4st\u00e4 linkist\u00e4. 2026 Huhtikuu Toukokuu Kes\u00e4kuu Elokuu Syyskuu Lokakuu Marraskuu Joulukuu 2027 Helmikuu Maaliskuu Kes\u00e4kuu Syyskuu Lokakuu Marraskuu 2028 Lokakuu [&hellip;]<\/p>\n","protected":false},"author":49,"featured_media":0,"parent":0,"menu_order":0,"comment_status":"closed","ping_status":"closed","template":"","meta":{"_acf_changed":false,"_relevanssi_hide_post":"","_relevanssi_hide_content":"","_relevanssi_pin_for_all":"","_relevanssi_pin_keywords":"","_relevanssi_unpin_keywords":"","_relevanssi_related_keywords":"","_relevanssi_related_include_ids":"","_relevanssi_related_exclude_ids":"","_relevanssi_related_no_append":"","_relevanssi_related_not_related":"","_relevanssi_related_posts":"57,53,48,55,56,1296","_relevanssi_noindex_reason":"","inline_featured_image":false,"footnotes":""},"class_list":["post-1321","page","type-page","status-publish","hentry"],"acf":[],"yoast_head":"<!-- This site is optimized with the Yoast SEO Premium plugin v27.1 (Yoast SEO v27.3) - https:\/\/yoast.com\/product\/yoast-seo-premium-wordpress\/ -->\n<title>Messut - Meriteollisuus ry<\/title>\n<meta name=\"robots\" content=\"index, follow, max-snippet:-1, max-image-preview:large, max-video-preview:-1\" \/>\n<link rel=\"canonical\" href=\"https:\/\/teknologiateollisuus.fi\/meriteollisuus\/messut\/\" \/>\n<meta property=\"og:locale\" content=\"fi_FI\" \/>\n<meta property=\"og:type\" content=\"article\" \/>\n<meta property=\"og:title\" content=\"Messut\" \/>\n<meta property=\"og:description\" content=\"Sivustoa p\u00e4ivitet\u00e4\u00e4n s\u00e4\u00e4nn\u00f6llisesti. Katso my\u00f6s Business Finlandin j\u00e4rjest\u00e4m\u00e4t tilaisuudet&nbsp;t\u00e4st\u00e4 linkist\u00e4. Business Finland tarjoaa Exhibition Explorer -rahoitusta osallistumiseen kansainv\u00e4lisille, Suomen ulkopuolella j\u00e4rjestett\u00e4ville B2B-messuille.&nbsp;Rahoitus on tarkoitettu pk- ja midcap-yrityksille, jotka haluavat kasvattaa omien tuotteidensa tai palveluidensa vienti\u00e4.&nbsp;Lue lis\u00e4\u00e4&nbsp;t\u00e4st\u00e4 linkist\u00e4. 2026 Huhtikuu Toukokuu Kes\u00e4kuu Elokuu Syyskuu Lokakuu Marraskuu Joulukuu 2027 Helmikuu Maaliskuu Kes\u00e4kuu Syyskuu Lokakuu Marraskuu 2028 Lokakuu [&hellip;]\" \/>\n<meta property=\"og:url\" content=\"https:\/\/teknologiateollisuus.fi\/meriteollisuus\/messut\/\" \/>\n<meta property=\"og:site_name\" content=\"Meriteollisuus ry\" \/>\n<meta property=\"article:modified_time\" content=\"2026-04-01T11:59:44+00:00\" \/>\n<meta name=\"twitter:card\" content=\"summary_large_image\" \/>\n<meta name=\"twitter:label1\" content=\"Arvioitu lukuaika\" \/>\n\t<meta name=\"twitter:data1\" content=\"4 minuuttia\" \/>\n<script type=\"application\/ld+json\" class=\"yoast-schema-graph\">{\"@context\":\"https:\\\/\\\/schema.org\",\"@graph\":[{\"@type\":\"WebPage\",\"@id\":\"https:\\\/\\\/teknologiateollisuus.fi\\\/meriteollisuus\\\/messut\\\/\",\"url\":\"https:\\\/\\\/teknologiateollisuus.fi\\\/meriteollisuus\\\/messut\\\/\",\"name\":\"Messut - Meriteollisuus ry\",\"isPartOf\":{\"@id\":\"https:\\\/\\\/teknologiateollisuus.fi\\\/meriteollisuus\\\/#website\"},\"datePublished\":\"2024-09-04T11:34:31+00:00\",\"dateModified\":\"2026-04-01T11:59:44+00:00\",\"breadcrumb\":{\"@id\":\"https:\\\/\\\/teknologiateollisuus.fi\\\/meriteollisuus\\\/messut\\\/#breadcrumb\"},\"inLanguage\":\"fi\",\"potentialAction\":[{\"@type\":\"ReadAction\",\"target\":[\"https:\\\/\\\/teknologiateollisuus.fi\\\/meriteollisuus\\\/messut\\\/\"]}]},{\"@type\":\"BreadcrumbList\",\"@id\":\"https:\\\/\\\/teknologiateollisuus.fi\\\/meriteollisuus\\\/messut\\\/#breadcrumb\",\"itemListElement\":[{\"@type\":\"ListItem\",\"position\":1,\"name\":\"Etusivu\",\"item\":\"https:\\\/\\\/teknologiateollisuus.fi\\\/meriteollisuus\\\/\"},{\"@type\":\"ListItem\",\"position\":2,\"name\":\"Messut\"}]},{\"@type\":\"WebSite\",\"@id\":\"https:\\\/\\\/teknologiateollisuus.fi\\\/meriteollisuus\\\/#website\",\"url\":\"https:\\\/\\\/teknologiateollisuus.fi\\\/meriteollisuus\\\/\",\"name\":\"Meriteollisuus ry\",\"description\":\"\",\"potentialAction\":[{\"@type\":\"SearchAction\",\"target\":{\"@type\":\"EntryPoint\",\"urlTemplate\":\"https:\\\/\\\/teknologiateollisuus.fi\\\/meriteollisuus\\\/?s={search_term_string}\"},\"query-input\":{\"@type\":\"PropertyValueSpecification\",\"valueRequired\":true,\"valueName\":\"search_term_string\"}}],\"inLanguage\":\"fi\"}]}<\/script>\n<!-- \/ Yoast SEO Premium plugin. -->","yoast_head_json":{"title":"Messut - Meriteollisuus ry","robots":{"index":"index","follow":"follow","max-snippet":"max-snippet:-1","max-image-preview":"max-image-preview:large","max-video-preview":"max-video-preview:-1"},"canonical":"https:\/\/teknologiateollisuus.fi\/meriteollisuus\/messut\/","og_locale":"fi_FI","og_type":"article","og_title":"Messut","og_description":"Sivustoa p\u00e4ivitet\u00e4\u00e4n s\u00e4\u00e4nn\u00f6llisesti. Katso my\u00f6s Business Finlandin j\u00e4rjest\u00e4m\u00e4t tilaisuudet&nbsp;t\u00e4st\u00e4 linkist\u00e4. Business Finland tarjoaa Exhibition Explorer -rahoitusta osallistumiseen kansainv\u00e4lisille, Suomen ulkopuolella j\u00e4rjestett\u00e4ville B2B-messuille.&nbsp;Rahoitus on tarkoitettu pk- ja midcap-yrityksille, jotka haluavat kasvattaa omien tuotteidensa tai palveluidensa vienti\u00e4.&nbsp;Lue lis\u00e4\u00e4&nbsp;t\u00e4st\u00e4 linkist\u00e4. 2026 Huhtikuu Toukokuu Kes\u00e4kuu Elokuu Syyskuu Lokakuu Marraskuu Joulukuu 2027 Helmikuu Maaliskuu Kes\u00e4kuu Syyskuu Lokakuu Marraskuu 2028 Lokakuu [&hellip;]","og_url":"https:\/\/teknologiateollisuus.fi\/meriteollisuus\/messut\/","og_site_name":"Meriteollisuus ry","article_modified_time":"2026-04-01T11:59:44+00:00","twitter_card":"summary_large_image","twitter_misc":{"Arvioitu lukuaika":"4 minuuttia"},"schema":{"@context":"https:\/\/schema.org","@graph":[{"@type":"WebPage","@id":"https:\/\/teknologiateollisuus.fi\/meriteollisuus\/messut\/","url":"https:\/\/teknologiateollisuus.fi\/meriteollisuus\/messut\/","name":"Messut - Meriteollisuus ry","isPartOf":{"@id":"https:\/\/teknologiateollisuus.fi\/meriteollisuus\/#website"},"datePublished":"2024-09-04T11:34:31+00:00","dateModified":"2026-04-01T11:59:44+00:00","breadcrumb":{"@id":"https:\/\/teknologiateollisuus.fi\/meriteollisuus\/messut\/#breadcrumb"},"inLanguage":"fi","potentialAction":[{"@type":"ReadAction","target":["https:\/\/teknologiateollisuus.fi\/meriteollisuus\/messut\/"]}]},{"@type":"BreadcrumbList","@id":"https:\/\/teknologiateollisuus.fi\/meriteollisuus\/messut\/#breadcrumb","itemListElement":[{"@type":"ListItem","position":1,"name":"Etusivu","item":"https:\/\/teknologiateollisuus.fi\/meriteollisuus\/"},{"@type":"ListItem","position":2,"name":"Messut"}]},{"@type":"WebSite","@id":"https:\/\/teknologiateollisuus.fi\/meriteollisuus\/#website","url":"https:\/\/teknologiateollisuus.fi\/meriteollisuus\/","name":"Meriteollisuus ry","description":"","potentialAction":[{"@type":"SearchAction","target":{"@type":"EntryPoint","urlTemplate":"https:\/\/teknologiateollisuus.fi\/meriteollisuus\/?s={search_term_string}"},"query-input":{"@type":"PropertyValueSpecification","valueRequired":true,"valueName":"search_term_string"}}],"inLanguage":"fi"}]}},"lang":"fi","translations":{"fi":1321},"pll_sync_post":[],"_links":{"self":[{"href":"https:\/\/teknologiateollisuus.fi\/meriteollisuus\/wp-json\/wp\/v2\/pages\/1321","targetHints":{"allow":["GET"]}}],"collection":[{"href":"https:\/\/teknologiateollisuus.fi\/meriteollisuus\/wp-json\/wp\/v2\/pages"}],"about":[{"href":"https:\/\/teknologiateollisuus.fi\/meriteollisuus\/wp-json\/wp\/v2\/types\/page"}],"author":[{"embeddable":true,"href":"https:\/\/teknologiateollisuus.fi\/meriteollisuus\/wp-json\/wp\/v2\/users\/49"}],"replies":[{"embeddable":true,"href":"https:\/\/teknologiateollisuus.fi\/meriteollisuus\/wp-json\/wp\/v2\/comments?post=1321"}],"version-history":[{"count":30,"href":"https:\/\/teknologiateollisuus.fi\/meriteollisuus\/wp-json\/wp\/v2\/pages\/1321\/revisions"}],"predecessor-version":[{"id":3473,"href":"https:\/\/teknologiateollisuus.fi\/meriteollisuus\/wp-json\/wp\/v2\/pages\/1321\/revisions\/3473"}],"wp:attachment":[{"href":"https:\/\/teknologiateollisuus.fi\/meriteollisuus\/wp-json\/wp\/v2\/media?parent=1321"}],"curies":[{"name":"wp","href":"https:\/\/api.w.org\/{rel}","templated":true}]}}