{"id":1809,"date":"2024-10-17T10:36:48","date_gmt":"2024-10-17T07:36:48","guid":{"rendered":"https:\/\/teknologiateollisuus.fi\/meriteollisuus\/?page_id=1809"},"modified":"2026-03-10T11:42:59","modified_gmt":"2026-03-10T09:42:59","slug":"members","status":"publish","type":"page","link":"https:\/\/teknologiateollisuus.fi\/meriteollisuus\/en\/members\/","title":{"rendered":"Members"},"content":{"rendered":"\n<div class=\"em-block-hero hero-has-background-color has-background has-petrol-background-color has-image media-position-right \">\n\t<div class=\"em-block-hero__container\">\n\t\t<div class=\"em-block-hero__content\">\n\t\t\t<div class=\"yoast-breadcrumbs\"><span><span><a href=\"https:\/\/teknologiateollisuus.fi\/meriteollisuus\/\">Etusivu<\/a><\/span> <span class=\"separator\"><\/span> <span class=\"breadcrumb_last\" aria-current=\"page\">Members<\/span><\/span><\/div>\t\t\t\n<h1 class=\"wp-block-heading\" id=\"h-members\">Members<\/h1>\n\n<p><\/p>\n\t\t\t<div class=\"em-block-hero__modified-date\"> P\u00e4ivitetty 10.03.2026 klo 11:42<\/div>\t\t<\/div>\n\t\t\t\t\t<figure class=\"em-block-hero__image\">\n\t\t\t\t<img loading=\"lazy\" decoding=\"async\" width=\"1280\" height=\"853\" src=\"https:\/\/teknologiateollisuus.fi\/meriteollisuus\/wp-content\/uploads\/sites\/5\/2024\/10\/handshake-6701408_1280.jpg\" class=\"attachment-hero size-hero\" alt=\"\" srcset=\"https:\/\/teknologiateollisuus.fi\/meriteollisuus\/wp-content\/uploads\/sites\/5\/2024\/10\/handshake-6701408_1280.jpg 1280w, https:\/\/teknologiateollisuus.fi\/meriteollisuus\/wp-content\/uploads\/sites\/5\/2024\/10\/handshake-6701408_1280-400x267.jpg 400w, https:\/\/teknologiateollisuus.fi\/meriteollisuus\/wp-content\/uploads\/sites\/5\/2024\/10\/handshake-6701408_1280-968x645.jpg 968w, https:\/\/teknologiateollisuus.fi\/meriteollisuus\/wp-content\/uploads\/sites\/5\/2024\/10\/handshake-6701408_1280-768x512.jpg 768w\" sizes=\"auto, (max-width: 1280px) 100vw, 1280px\" \/>\t\t\t<\/figure>\n\t\t\t<\/div>\n<\/div>\n\n\n\n<p>Finnish marine industry comprises shipbuilding, ship repair and offshore yards, turn-key suppliers, design offices as well as software, system and equipment providers. The association&nbsp;has 100 member companies; have&nbsp;a look at our members&#8217; websites below or read a summary in our <strong><a href=\"https:\/\/teknologiateollisuus.fi\/meriteollisuus\/wp-content\/uploads\/sites\/5\/2024\/10\/Meriteollisuus_ryn_jasenet_2024_digi_final.pdf\">Member Directory<\/a><\/strong>.<\/p>\n\n\n\n<p><strong>A<\/strong><\/p>\n\n\n\n<p><a href=\"https:\/\/new.abb.com\/marine-ports\" target=\"_blank\" rel=\"noreferrer noopener\">ABB Oy<\/a><\/p>\n\n\n\n<p><a href=\"https:\/\/adwatec.com\/\">Adwatec O<\/a><a href=\"https:\/\/adwatec.com\/\" target=\"_blank\" rel=\"noreferrer noopener\">y<\/a><\/p>\n\n\n\n<p><a href=\"https:\/\/afry.com\/en\/offerings\/management-consulting\">AFRY Management Consulting Oy<\/a><\/p>\n\n\n\n<p><a href=\"https:\/\/www.akersolutions.com\/\">Aker Solutions Finland<\/a><a href=\"https:\/\/www.akersolutions.com\/\" target=\"_blank\" rel=\"noreferrer noopener\"> Oy<\/a><\/p>\n\n\n\n<p><a href=\"http:\/\/www.alfalaval.com\/industries\/marine-transportation\/marine\/\" target=\"_blank\" rel=\"noreferrer noopener\">Alfa Laval Aalborg Oy<\/a><\/p>\n\n\n\n<p><a href=\"https:\/\/www.aegroup.fi\/\" target=\"_blank\" rel=\"noreferrer noopener\">Allstars Engineering Oy<\/a><\/p>\n\n\n\n<p><a href=\"http:\/\/www.almaco.cc\/\" target=\"_blank\" rel=\"noreferrer noopener\">ALMACO Group Oy<\/a><\/p>\n\n\n\n<p><a href=\"https:\/\/www.alumeco.fi\/\">Alumeco Finland Oy A<\/a><a href=\"https:\/\/www.alumeco.fi\/\" target=\"_blank\" rel=\"noreferrer noopener\">b<\/a><\/p>\n\n\n\n<p><a href=\"https:\/\/languages.antti.fi\/en\/marine\/\">Antti-Teollisuus <\/a><a href=\"https:\/\/languages.antti.fi\/en\/marine\/\" target=\"_blank\" rel=\"noreferrer noopener\">Oy<\/a><\/p>\n\n\n\n<p><a href=\"https:\/\/apexmarine.fi\/\">Apex-Marine <\/a><a href=\"https:\/\/apexmarine.fi\/\" target=\"_blank\" rel=\"noreferrer noopener\">Oy<\/a><\/p>\n\n\n\n<p><a href=\"https:\/\/www.aqg.se\/\">AQ Trafotek<\/a><a href=\"https:\/\/www.aqg.se\/\" target=\"_blank\" rel=\"noreferrer noopener\"> Oy<\/a><\/p>\n\n\n\n<p><a href=\"https:\/\/www.auramarine.com\/\">Auramarine O<\/a><a href=\"https:\/\/www.auramarine.com\/\" target=\"_blank\" rel=\"noreferrer noopener\">y<\/a><\/p>\n\n\n\n<p><strong>B<\/strong><\/p>\n\n\n\n<p><a href=\"https:\/\/www.beaconfinland.com\/\" target=\"_blank\" rel=\"noreferrer noopener\">Beacon Finland Ltd Oy<\/a><\/p>\n\n\n\n<p><a href=\"https:\/\/www.bospower.com\/\">Bertel O. Steen Power Solutions Finland O<\/a><a href=\"https:\/\/www.bospower.com\/\" target=\"_blank\" rel=\"noreferrer noopener\">y<\/a><\/p>\n\n\n\n<p><a href=\"https:\/\/bluetechfinland.com\/\" target=\"_blank\" rel=\"noreferrer noopener\">Bluetech Finland Ltd<\/a><\/p>\n\n\n\n<p><strong>C<\/strong><\/p>\n\n\n\n<p><a href=\"https:\/\/www.cadmatic.com\/en\/\">Cadmatic Oy<\/a><\/p>\n\n\n\n<p><a href=\"https:\/\/www.comatec.fi\/en\/\">Comatec Industrial and Marin<\/a><a href=\"https:\/\/www.comatec.fi\/en\/\" target=\"_blank\" rel=\"noreferrer noopener\">e Oy<\/a><\/p>\n\n\n\n<p><strong>D<\/strong><\/p>\n\n\n\n<p><a href=\"https:\/\/dekotel.com\/company\/\">Dekotel Coating Oy<\/a><\/p>\n\n\n\n<p><a href=\"http:\/\/www.deltamarin.com\/\" target=\"_blank\" rel=\"noreferrer noopener\">Deltamarin Ltd<\/a><\/p>\n\n\n\n<p><a href=\"https:\/\/helsinkishipyard.fi\/\">DNY Finland <\/a><a href=\"https:\/\/helsinkishipyard.fi\/\" target=\"_blank\" rel=\"noreferrer noopener\">Oy<\/a><\/p>\n\n\n\n<p><strong>E<\/strong><\/p>\n\n\n\n<p><a href=\"https:\/\/www.eiemaskin.com\/start\/\">EIE Maskin <\/a><a href=\"https:\/\/www.eiemaskin.com\/start\/\" target=\"_blank\" rel=\"noreferrer noopener\">Oy<\/a><\/p>\n\n\n\n<p><a href=\"https:\/\/elcoline.fi\/\" target=\"_blank\" rel=\"noreferrer noopener\">Elcoline Oy<\/a><\/p>\n\n\n\n<p><a href=\"https:\/\/www.elena.fi\/home-eng\">Elena Yhti\u00f6t Oy<\/a><\/p>\n\n\n\n<p><a href=\"https:\/\/www.elomatic.com\/en\/\" target=\"_blank\" rel=\"noreferrer noopener\">Elomatic Consulting &amp; Engineering Oy<\/a><\/p>\n\n\n\n<p>Emmanoa Oy<\/p>\n\n\n\n<p><a href=\"http:\/\/www.adhoc.fi\/\" target=\"_blank\" rel=\"noreferrer noopener\">E.U. -Adhoc Project Oy<\/a><\/p>\n\n\n\n<p><a href=\"https:\/\/euro-intention.fi\/\">Euro-Intention Oy Ltd<\/a><\/p>\n\n\n\n<p><a href=\"http:\/\/www.evac.com\/\" target=\"_blank\" rel=\"noreferrer noopener\">Evac Oy<\/a><\/p>\n\n\n\n<p><a href=\"https:\/\/www.everllence.com\/\">Everllence Sverige AB Suomen Sivuliike<\/a><\/p>\n\n\n\n<p><strong>F<\/strong><\/p>\n\n\n\n<p><a href=\"https:\/\/www.foreship.com\/en\">Foreship Ltd<\/a><a href=\"https:\/\/www.foreship.com\/en\" target=\"_blank\" rel=\"noreferrer noopener\">.<\/a><\/p>\n\n\n\n<p><a href=\"https:\/\/en.freja.com\/\">FREJA Transport &amp; Logist<\/a><a href=\"https:\/\/en.freja.com\/\" target=\"_blank\" rel=\"noreferrer noopener\">ics Oy<\/a><\/p>\n\n\n\n<p><a href=\"https:\/\/furuno.eu\/fi-en\/home\">Furuno Finland Oy<\/a><\/p>\n\n\n\n<p><strong>G<\/strong><\/p>\n\n\n\n<p><a href=\"http:\/\/www.groke-tech.com\/\">Groke Technologies <\/a><a href=\"http:\/\/www.groke-tech.com\/\" target=\"_blank\" rel=\"noreferrer noopener\">Oy<\/a><\/p>\n\n\n\n<p><strong>H<\/strong><\/p>\n\n\n\n<p><a href=\"https:\/\/www.halton.com\/\">Halton Marine <\/a><a href=\"https:\/\/www.halton.com\/\" target=\"_blank\" rel=\"noreferrer noopener\">Oy<\/a><\/p>\n\n\n\n<p><a href=\"https:\/\/helmacab.com\/\">Helmacab<\/a><\/p>\n\n\n\n<p><strong>I<\/strong><\/p>\n\n\n\n<p><a href=\"https:\/\/ismakinen.com\/\">I.S.&nbsp;M\u00e4kinen<\/a><a href=\"https:\/\/ismakinen.com\/\" target=\"_blank\" rel=\"noreferrer noopener\"> Oy<\/a><\/p>\n\n\n\n<p><strong>J<\/strong><\/p>\n\n\n\n<p><a href=\"https:\/\/www.jalmare.com\/\" target=\"_blank\" rel=\"noreferrer noopener\">Jalmare Oy<\/a><\/p>\n\n\n\n<p><strong>K<\/strong><\/p>\n\n\n\n<p><a href=\"http:\/\/www.kaefer.fi\/\" target=\"_blank\" rel=\"noreferrer noopener\">Kaefer Oy<\/a><\/p>\n\n\n\n<p><a href=\"http:\/\/www.kavika.fi\/en\/\" target=\"_blank\" rel=\"noreferrer noopener\">Kavika Oy<\/a><\/p>\n\n\n\n<p><a href=\"http:\/\/www.kemppi.com\/\" target=\"_blank\" rel=\"noreferrer noopener\">Kemppi Oy<\/a><\/p>\n\n\n\n<p><a href=\"http:\/\/www.koja.fi\/en\/\" target=\"_blank\" rel=\"noreferrer noopener\">Koja Oy<\/a><\/p>\n\n\n\n<p><a href=\"https:\/\/www.kone-marine.com\/\" target=\"_blank\" rel=\"noreferrer noopener\">KONE Hissit Oy<\/a><\/p>\n\n\n\n<p><a href=\"https:\/\/www.kongsberg.com\/\" target=\"_blank\" rel=\"noreferrer noopener\">Kongsberg Maritime Finland Oy<\/a><\/p>\n\n\n\n<p><strong>L<\/strong><\/p>\n\n\n\n<p><a href=\"https:\/\/lst.fi\/\">Laivas\u00e4hk\u00f6ty\u00f6 O<\/a><a href=\"https:\/\/lst.fi\/\" target=\"_blank\" rel=\"noreferrer noopener\">y<\/a><\/p>\n\n\n\n<p><a href=\"https:\/\/www.lamor.com\/\">Lamor Corporation<\/a><a href=\"https:\/\/www.lamor.com\/\" target=\"_blank\" rel=\"noreferrer noopener\"> Plc<\/a><\/p>\n\n\n\n<p><a href=\"https:\/\/lautex.com\/en\/home\/\">Lautex <\/a><a href=\"https:\/\/lautex.com\/en\/home\/\" target=\"_blank\" rel=\"noreferrer noopener\">Oy<\/a><\/p>\n\n\n\n<p><a href=\"https:\/\/litana.lt\/\">Litana Finland O<\/a><a href=\"https:\/\/litana.lt\/\" target=\"_blank\" rel=\"noreferrer noopener\">y<\/a><\/p>\n\n\n\n<p><strong>M<\/strong><\/p>\n\n\n\n<p><a href=\"https:\/\/marinediesel.fi\/\">Marine Diesel Finland<\/a><a href=\"https:\/\/marinediesel.fi\/\" target=\"_blank\" rel=\"noreferrer noopener\"> Oy<\/a><\/p>\n\n\n\n<p><a href=\"https:\/\/www.marioff.com\/en\/\" target=\"_blank\" rel=\"noreferrer noopener\">Marioff Corporation Oy<\/a><\/p>\n\n\n\n<p><a href=\"https:\/\/www.materialmaintenancemama.com\/\">Material Maintenance MaM<\/a><a href=\"https:\/\/www.materialmaintenancemama.com\/\" target=\"_blank\" rel=\"noreferrer noopener\">a Oy<\/a><\/p>\n\n\n\n<p><a href=\"https:\/\/www.merem.fi\/en\/\">MEREM Maritime Consulting Oy<\/a><\/p>\n\n\n\n<p><a href=\"https:\/\/mecaplan.fi\/en\/mecaplan-en\/\">Mecaplan O<\/a><a href=\"https:\/\/mecaplan.fi\/en\/mecaplan-en\/\" target=\"_blank\" rel=\"noreferrer noopener\">y<\/a><\/p>\n\n\n\n<p><a href=\"https:\/\/meriled.fi\/\">Meriled Oy<\/a><\/p>\n\n\n\n<p><a href=\"http:\/\/www.merima.fi\/\" target=\"_blank\" rel=\"noreferrer noopener\">Merima Oy<\/a><\/p>\n\n\n\n<p><a href=\"http:\/\/www.huuhkaoy.com\/en\/home\/\" target=\"_blank\" rel=\"noreferrer noopener\">Metalliasennus Huuhka Oy<\/a><\/p>\n\n\n\n<p><a href=\"https:\/\/www.metos.fi\/en\/\">Metos Oy Ab<\/a><\/p>\n\n\n\n<p><a href=\"http:\/\/www.meyerturku.fi\/en\/meyerturku_com\/index.jsp\" target=\"_blank\" rel=\"noreferrer noopener\">Meyer Turku Oy<\/a><\/p>\n\n\n\n<p><a href=\"https:\/\/millog.fi\/en\/marinepower\/\">Millog Marine &amp; Power O<\/a><a href=\"https:\/\/millog.fi\/en\/marinepower\/\" target=\"_blank\" rel=\"noreferrer noopener\">y<\/a><\/p>\n\n\n\n<p><a href=\"http:\/\/www.mobimar.com\/\" target=\"_blank\" rel=\"noreferrer noopener\">Mobimar Oy<\/a><\/p>\n\n\n\n<p><strong>N<\/strong><\/p>\n\n\n\n<p><a href=\"http:\/\/www.napa.fi\/\" target=\"_blank\" rel=\"noreferrer noopener\">Napa Oy<\/a><\/p>\n\n\n\n<p><a href=\"https:\/\/navice.fi\/\">Navice <\/a><a href=\"https:\/\/navice.fi\/\" target=\"_blank\" rel=\"noreferrer noopener\">Oy<\/a><\/p>\n\n\n\n<p><a href=\"http:\/\/www.nit.fi\/\" target=\"_blank\" rel=\"noreferrer noopener\">Oy NIT Naval Interior Team Ltd<\/a><\/p>\n\n\n\n<p><a href=\"https:\/\/www.nora.com\/finland\/en\" target=\"_blank\" rel=\"noreferrer noopener\">Nora flooring systems Oy<\/a><\/p>\n\n\n\n<p><a href=\"https:\/\/nordes.fi\/?lang=en\">Nordes Oy<\/a><\/p>\n\n\n\n<p><a href=\"https:\/\/www.norsepower.com\/\" target=\"_blank\" rel=\"noreferrer noopener\">Norsepower Oy Ltd.<\/a><\/p>\n\n\n\n<p><strong>O<\/strong><\/p>\n\n\n\n<p><a href=\"https:\/\/oilon.com\/en-gb\/\">Oilon <\/a><a href=\"https:\/\/oilon.com\/en-gb\/\" target=\"_blank\" rel=\"noreferrer noopener\">Oy<\/a><\/p>\n\n\n\n<p><a href=\"http:\/\/www.onninen.com\/group\/Pages\/Default.aspx\" target=\"_blank\" rel=\"noreferrer noopener\">Onninen Oy<\/a><\/p>\n\n\n\n<p><a href=\"https:\/\/www.orsap.fi\/\">ORSAP <\/a><a href=\"https:\/\/www.orsap.fi\/\" target=\"_blank\" rel=\"noreferrer noopener\">Oy<\/a><\/p>\n\n\n\n<p><strong>P<\/strong><\/p>\n\n\n\n<p><a href=\"https:\/\/www.paramet.fi\/en\/home\/\">Paramet Konepaja O<\/a><a href=\"https:\/\/www.paramet.fi\/en\/home\/\" target=\"_blank\" rel=\"noreferrer noopener\">y<\/a><\/p>\n\n\n\n<p><a href=\"http:\/\/www.parmarine.fi\/\" target=\"_blank\" rel=\"noreferrer noopener\">Parmarine Ltd<\/a><\/p>\n\n\n\n<p><a href=\"http:\/\/www.pemamek.com\/\" target=\"_blank\" rel=\"noreferrer noopener\">Pemamek Oy<\/a><\/p>\n\n\n\n<p><a href=\"http:\/\/www.piikkioworks.fi\/\" target=\"_blank\" rel=\"noreferrer noopener\">Piikkio Works Oy<\/a><\/p>\n\n\n\n<p><a href=\"https:\/\/pipecloud.fi\/\">PipeCloud Oy<\/a><\/p>\n\n\n\n<p><a href=\"https:\/\/www.planneri-group.com\/home\">Planneri Group <\/a><a href=\"https:\/\/www.planneri-group.com\/home\" target=\"_blank\" rel=\"noreferrer noopener\">Oy<\/a><\/p>\n\n\n\n<p><a href=\"https:\/\/pocadel.fi\/\">Pocadel O<\/a><a href=\"https:\/\/pocadel.fi\/\" target=\"_blank\" rel=\"noreferrer noopener\">y<\/a><\/p>\n\n\n\n<p><a href=\"http:\/\/www.promeco.fi\/en\/home\/\" target=\"_blank\" rel=\"noreferrer noopener\">Promeco Group Oy<\/a><\/p>\n\n\n\n<p><a href=\"https:\/\/propulco.com\/\">Propulco Oy<\/a><\/p>\n\n\n\n<p><strong>R<\/strong><\/p>\n\n\n\n<p><a href=\"https:\/\/railotech.fi\/\">Railo Technology Oy<\/a><\/p>\n\n\n\n<p><a href=\"http:\/\/rmcfinland.fi\/\" target=\"_blank\" rel=\"noreferrer noopener\">Rauma Marine Constructions Oy<\/a><\/p>\n\n\n\n<p><a href=\"https:\/\/www.seasideindustry.com\/en\/home\">Rauman Meriteollisuuskiinteist\u00f6t <\/a><a href=\"https:\/\/www.seasideindustry.com\/en\/home\" target=\"_blank\" rel=\"noreferrer noopener\">Oy<\/a><\/p>\n\n\n\n<p><a href=\"http:\/\/www.reddal.com\/\">Reddal Helsinki O<\/a><a href=\"http:\/\/www.reddal.com\/\" target=\"_blank\" rel=\"noreferrer noopener\">y<\/a><\/p>\n\n\n\n<p><a href=\"https:\/\/www.roxtec.com\/en\/?changelanguage=en\">Roxtec Finland O<\/a><a href=\"https:\/\/www.roxtec.com\/en\/?changelanguage=en\" target=\"_blank\" rel=\"noreferrer noopener\">y<\/a><\/p>\n\n\n\n<p><a href=\"https:\/\/www.rrss.fi\/en\">RR Site Service&nbsp;<\/a><a href=\"https:\/\/www.rrss.fi\/en\" target=\"_blank\" rel=\"noreferrer noopener\">Oy<\/a><\/p>\n\n\n\n<p><strong>S<\/strong><\/p>\n\n\n\n<p><a href=\"https:\/\/saajos.fi\/en\/\" target=\"_blank\" rel=\"noreferrer noopener\">Saajos Oy<\/a><\/p>\n\n\n\n<p><a href=\"https:\/\/www.saint-gobain.com\/en\">Saint-Gobain Finland <\/a><a href=\"https:\/\/www.saint-gobain.com\/en\" target=\"_blank\" rel=\"noreferrer noopener\">Oy<\/a><\/p>\n\n\n\n<p><a href=\"http:\/\/www.sasvendsen.com\/\" target=\"_blank\" rel=\"noreferrer noopener\">S.A. Svendsen Oy<\/a><\/p>\n\n\n\n<p>Sata Shipbuilding Oy<\/p>\n\n\n\n<p><a href=\"http:\/\/www.sba.fi\/\" target=\"_blank\" rel=\"noreferrer noopener\">SBA Interior Oy<\/a><\/p>\n\n\n\n<p><a href=\"http:\/\/www.seaking.net\/\" target=\"_blank\" rel=\"noreferrer noopener\">SeaKing Oy<\/a><\/p>\n\n\n\n<p><a href=\"https:\/\/shipbuildingcompletion.fi\/en\/\" target=\"_blank\" rel=\"noreferrer noopener\">Shipbuilding Completion Oy<\/a><\/p>\n\n\n\n<p><a href=\"http:\/\/www.ssab.com\/\" target=\"_blank\" rel=\"noreferrer noopener\">SSAB Europe Oy<\/a><\/p>\n\n\n\n<p><a href=\"http:\/\/www.steerprop.com\/\" target=\"_blank\" rel=\"noreferrer noopener\">Steerprop Ltd.<\/a><\/p>\n\n\n\n<p>Oy Stellio Ab<\/p>\n\n\n\n<p><strong>T<\/strong><\/p>\n\n\n\n<p><a href=\"https:\/\/www.tehohydro.fi\/in-english\/\">Tehohydro <\/a><a href=\"https:\/\/www.tehohydro.fi\/in-english\/\" target=\"_blank\" rel=\"noreferrer noopener\">Oy<\/a><\/p>\n\n\n\n<p><a href=\"https:\/\/www.tejara.fi\/\">Telakka- ja rakennusty\u00f6t Tejara Oy<\/a><\/p>\n\n\n\n<p><a href=\"http:\/\/www.tevo.fi\/en\" target=\"_blank\" rel=\"noreferrer noopener\">TEVO Lokomo Oy<\/a><\/p>\n\n\n\n<p><a href=\"https:\/\/www.turkurepairyard.com\/\">Turku Repair Yard L<\/a><a href=\"https:\/\/www.turkurepairyard.com\/\" target=\"_blank\" rel=\"noreferrer noopener\">td<\/a><\/p>\n\n\n\n<p><strong>U<\/strong><\/p>\n\n\n\n<p><a href=\"http:\/\/www.tyovene.com\/en\/\" target=\"_blank\" rel=\"noreferrer noopener\">Uki Workboat<\/a><\/p>\n\n\n\n<p><strong>VW<\/strong><\/p>\n\n\n\n<p><a href=\"https:\/\/veo.fi\/\">VEO O<\/a><a href=\"https:\/\/veo.fi\/\" target=\"_blank\" rel=\"noreferrer noopener\">y<\/a><\/p>\n\n\n\n<p><a href=\"https:\/\/www.wiima.com\/\">Wiima Logistics <\/a><a href=\"https:\/\/www.wiima.com\/\" target=\"_blank\" rel=\"noreferrer noopener\">Oy<\/a><\/p>\n\n\n\n<p><a href=\"https:\/\/www.wartsila.com\/marine\" target=\"_blank\" rel=\"noreferrer noopener\">W\u00e4rtsil\u00e4 Oyj Abp<\/a><\/p>\n","protected":false},"excerpt":{"rendered":"<p>Finnish marine industry comprises shipbuilding, ship repair and offshore yards, turn-key suppliers, design offices as well as software, system and equipment providers. The association&nbsp;has 100 member companies; have&nbsp;a look at our members&#8217; websites below or read a summary in our Member Directory. A ABB Oy Adwatec Oy AFRY Management Consulting Oy Aker Solutions Finland Oy [&hellip;]<\/p>\n","protected":false},"author":49,"featured_media":0,"parent":0,"menu_order":0,"comment_status":"closed","ping_status":"closed","template":"","meta":{"_acf_changed":false,"_relevanssi_hide_post":"","_relevanssi_hide_content":"","_relevanssi_pin_for_all":"","_relevanssi_pin_keywords":"","_relevanssi_unpin_keywords":"","_relevanssi_related_keywords":"","_relevanssi_related_include_ids":"","_relevanssi_related_exclude_ids":"","_relevanssi_related_no_append":"","_relevanssi_related_not_related":"","_relevanssi_related_posts":"1524,1410,1471,1456,1393,1479","_relevanssi_noindex_reason":"","inline_featured_image":false,"footnotes":""},"class_list":["post-1809","page","type-page","status-publish","hentry"],"acf":[],"yoast_head":"<!-- This site is optimized with the Yoast SEO Premium plugin v27.1 (Yoast SEO v27.3) - https:\/\/yoast.com\/product\/yoast-seo-premium-wordpress\/ -->\n<title>Members - Meriteollisuus ry<\/title>\n<meta name=\"robots\" content=\"index, follow, max-snippet:-1, max-image-preview:large, max-video-preview:-1\" \/>\n<link rel=\"canonical\" href=\"https:\/\/teknologiateollisuus.fi\/meriteollisuus\/en\/members\/\" \/>\n<meta property=\"og:locale\" content=\"fi_FI\" \/>\n<meta property=\"og:type\" content=\"article\" \/>\n<meta property=\"og:title\" content=\"Members\" \/>\n<meta property=\"og:description\" content=\"Finnish marine industry comprises shipbuilding, ship repair and offshore yards, turn-key suppliers, design offices as well as software, system and equipment providers. The association&nbsp;has 100 member companies; have&nbsp;a look at our members&#8217; websites below or read a summary in our Member Directory. A ABB Oy Adwatec Oy AFRY Management Consulting Oy Aker Solutions Finland Oy [&hellip;]\" \/>\n<meta property=\"og:url\" content=\"https:\/\/teknologiateollisuus.fi\/meriteollisuus\/en\/members\/\" \/>\n<meta property=\"og:site_name\" content=\"Meriteollisuus ry\" \/>\n<meta property=\"article:modified_time\" content=\"2026-03-10T09:42:59+00:00\" \/>\n<meta name=\"twitter:card\" content=\"summary_large_image\" \/>\n<meta name=\"twitter:label1\" content=\"Arvioitu lukuaika\" \/>\n\t<meta name=\"twitter:data1\" content=\"3 minuuttia\" \/>\n<script type=\"application\/ld+json\" class=\"yoast-schema-graph\">{\"@context\":\"https:\\\/\\\/schema.org\",\"@graph\":[{\"@type\":\"WebPage\",\"@id\":\"https:\\\/\\\/teknologiateollisuus.fi\\\/meriteollisuus\\\/en\\\/members\\\/\",\"url\":\"https:\\\/\\\/teknologiateollisuus.fi\\\/meriteollisuus\\\/en\\\/members\\\/\",\"name\":\"Members - Meriteollisuus ry\",\"isPartOf\":{\"@id\":\"https:\\\/\\\/teknologiateollisuus.fi\\\/meriteollisuus\\\/#website\"},\"datePublished\":\"2024-10-17T07:36:48+00:00\",\"dateModified\":\"2026-03-10T09:42:59+00:00\",\"breadcrumb\":{\"@id\":\"https:\\\/\\\/teknologiateollisuus.fi\\\/meriteollisuus\\\/en\\\/members\\\/#breadcrumb\"},\"inLanguage\":\"fi\",\"potentialAction\":[{\"@type\":\"ReadAction\",\"target\":[\"https:\\\/\\\/teknologiateollisuus.fi\\\/meriteollisuus\\\/en\\\/members\\\/\"]}]},{\"@type\":\"BreadcrumbList\",\"@id\":\"https:\\\/\\\/teknologiateollisuus.fi\\\/meriteollisuus\\\/en\\\/members\\\/#breadcrumb\",\"itemListElement\":[{\"@type\":\"ListItem\",\"position\":1,\"name\":\"Etusivu\",\"item\":\"https:\\\/\\\/teknologiateollisuus.fi\\\/meriteollisuus\\\/\"},{\"@type\":\"ListItem\",\"position\":2,\"name\":\"Members\"}]},{\"@type\":\"WebSite\",\"@id\":\"https:\\\/\\\/teknologiateollisuus.fi\\\/meriteollisuus\\\/#website\",\"url\":\"https:\\\/\\\/teknologiateollisuus.fi\\\/meriteollisuus\\\/\",\"name\":\"Meriteollisuus ry\",\"description\":\"\",\"potentialAction\":[{\"@type\":\"SearchAction\",\"target\":{\"@type\":\"EntryPoint\",\"urlTemplate\":\"https:\\\/\\\/teknologiateollisuus.fi\\\/meriteollisuus\\\/?s={search_term_string}\"},\"query-input\":{\"@type\":\"PropertyValueSpecification\",\"valueRequired\":true,\"valueName\":\"search_term_string\"}}],\"inLanguage\":\"fi\"}]}<\/script>\n<!-- \/ Yoast SEO Premium plugin. -->","yoast_head_json":{"title":"Members - Meriteollisuus ry","robots":{"index":"index","follow":"follow","max-snippet":"max-snippet:-1","max-image-preview":"max-image-preview:large","max-video-preview":"max-video-preview:-1"},"canonical":"https:\/\/teknologiateollisuus.fi\/meriteollisuus\/en\/members\/","og_locale":"fi_FI","og_type":"article","og_title":"Members","og_description":"Finnish marine industry comprises shipbuilding, ship repair and offshore yards, turn-key suppliers, design offices as well as software, system and equipment providers. The association&nbsp;has 100 member companies; have&nbsp;a look at our members&#8217; websites below or read a summary in our Member Directory. A ABB Oy Adwatec Oy AFRY Management Consulting Oy Aker Solutions Finland Oy [&hellip;]","og_url":"https:\/\/teknologiateollisuus.fi\/meriteollisuus\/en\/members\/","og_site_name":"Meriteollisuus ry","article_modified_time":"2026-03-10T09:42:59+00:00","twitter_card":"summary_large_image","twitter_misc":{"Arvioitu lukuaika":"3 minuuttia"},"schema":{"@context":"https:\/\/schema.org","@graph":[{"@type":"WebPage","@id":"https:\/\/teknologiateollisuus.fi\/meriteollisuus\/en\/members\/","url":"https:\/\/teknologiateollisuus.fi\/meriteollisuus\/en\/members\/","name":"Members - Meriteollisuus ry","isPartOf":{"@id":"https:\/\/teknologiateollisuus.fi\/meriteollisuus\/#website"},"datePublished":"2024-10-17T07:36:48+00:00","dateModified":"2026-03-10T09:42:59+00:00","breadcrumb":{"@id":"https:\/\/teknologiateollisuus.fi\/meriteollisuus\/en\/members\/#breadcrumb"},"inLanguage":"fi","potentialAction":[{"@type":"ReadAction","target":["https:\/\/teknologiateollisuus.fi\/meriteollisuus\/en\/members\/"]}]},{"@type":"BreadcrumbList","@id":"https:\/\/teknologiateollisuus.fi\/meriteollisuus\/en\/members\/#breadcrumb","itemListElement":[{"@type":"ListItem","position":1,"name":"Etusivu","item":"https:\/\/teknologiateollisuus.fi\/meriteollisuus\/"},{"@type":"ListItem","position":2,"name":"Members"}]},{"@type":"WebSite","@id":"https:\/\/teknologiateollisuus.fi\/meriteollisuus\/#website","url":"https:\/\/teknologiateollisuus.fi\/meriteollisuus\/","name":"Meriteollisuus ry","description":"","potentialAction":[{"@type":"SearchAction","target":{"@type":"EntryPoint","urlTemplate":"https:\/\/teknologiateollisuus.fi\/meriteollisuus\/?s={search_term_string}"},"query-input":{"@type":"PropertyValueSpecification","valueRequired":true,"valueName":"search_term_string"}}],"inLanguage":"fi"}]}},"lang":"en","translations":{"en":1809},"pll_sync_post":[],"_links":{"self":[{"href":"https:\/\/teknologiateollisuus.fi\/meriteollisuus\/wp-json\/wp\/v2\/pages\/1809","targetHints":{"allow":["GET"]}}],"collection":[{"href":"https:\/\/teknologiateollisuus.fi\/meriteollisuus\/wp-json\/wp\/v2\/pages"}],"about":[{"href":"https:\/\/teknologiateollisuus.fi\/meriteollisuus\/wp-json\/wp\/v2\/types\/page"}],"author":[{"embeddable":true,"href":"https:\/\/teknologiateollisuus.fi\/meriteollisuus\/wp-json\/wp\/v2\/users\/49"}],"replies":[{"embeddable":true,"href":"https:\/\/teknologiateollisuus.fi\/meriteollisuus\/wp-json\/wp\/v2\/comments?post=1809"}],"version-history":[{"count":30,"href":"https:\/\/teknologiateollisuus.fi\/meriteollisuus\/wp-json\/wp\/v2\/pages\/1809\/revisions"}],"predecessor-version":[{"id":3453,"href":"https:\/\/teknologiateollisuus.fi\/meriteollisuus\/wp-json\/wp\/v2\/pages\/1809\/revisions\/3453"}],"wp:attachment":[{"href":"https:\/\/teknologiateollisuus.fi\/meriteollisuus\/wp-json\/wp\/v2\/media?parent=1809"}],"curies":[{"name":"wp","href":"https:\/\/api.w.org\/{rel}","templated":true}]}}