{"id":2802,"date":"2025-04-22T09:03:19","date_gmt":"2025-04-22T06:03:19","guid":{"rendered":"https:\/\/teknologiateollisuus.fi\/meriteollisuus\/?page_id=2802"},"modified":"2025-04-23T11:58:33","modified_gmt":"2025-04-23T08:58:33","slug":"suomen-meriklusteri","status":"publish","type":"page","link":"https:\/\/teknologiateollisuus.fi\/meriteollisuus\/meriteollisuus-uusi\/suomen-meriklusteri\/","title":{"rendered":"Suomen meriklusteri"},"content":{"rendered":"\n<div class=\"em-block-hero hero-has-background-color has-background has-petrol-background-color collapse media-position-right \">\n\t<div class=\"em-block-hero__container\">\n\t\t<div class=\"em-block-hero__content\">\n\t\t\t<div class=\"yoast-breadcrumbs\"><span><span><a href=\"https:\/\/teknologiateollisuus.fi\/meriteollisuus\/\">Etusivu<\/a><\/span> <span class=\"separator\"><\/span> <span><a href=\"https:\/\/teknologiateollisuus.fi\/meriteollisuus\/meriteollisuus-uusi\/\">Toimiala<\/a><\/span> <span class=\"separator\"><\/span> <span class=\"breadcrumb_last\" aria-current=\"page\">Suomen meriklusteri<\/span><\/span><\/div>\t\t\t\n<h1 class=\"wp-block-heading\" id=\"h-meriklusteri\">Meriklusteri<\/h1>\n\n<p><\/p>\n\t\t\t<div class=\"em-block-hero__modified-date\"> P\u00e4ivitetty 23.04.2025 klo 11:58<\/div>\t\t<\/div>\n\t\t\t\t\t<figure class=\"em-block-hero__image\">\n\t\t\t\t\t\t\t<\/figure>\n\t\t\t<\/div>\n<\/div>\n\n\n\n<p>Merellisten elinkeinojen muodostamaa kokonaisuutta kutsutaan meriklusteriksi. Siihen kuuluvat meriteollisuuden ohella varustamot, satamat ja satamaoperaattorit sek\u00e4 muut meriklusteria tukevat toiminnot.<\/p>\n\n\n\n<p><strong>Suomen Varustamot ry<\/strong> edustaa ulkomaanliikennett\u00e4 harjoittavia varustamoja. <a href=\"https:\/\/shipowners.fi\/\">Lue lis\u00e4\u00e4<\/a><\/p>\n\n\n\n<p><strong>Suomen Satamat ry<\/strong> edustaa meri- ja sis\u00e4vesisatamia, jotka kehitt\u00e4v\u00e4t satamainfrastruktuuriaan ja tarjoavat satamapalveluita. <a href=\"https:\/\/www.satamaliitto.fi\/fin\/\">Lue lis\u00e4\u00e4<\/a><\/p>\n\n\n\n<p><strong>Satamaoperaattorit ry<\/strong> on ahtaus- ja terminaalitoimintaa harjoittavien sek\u00e4 satamien muita tavarank\u00e4sittely- ja logistiikkapalveluja tuottavien yhteis\u00f6jen valtakunnallinen edunvalvontaj\u00e4rjest\u00f6. <a href=\"https:\/\/satamaoperaattorit.fi\/\">Lue lis\u00e4\u00e4<\/a><\/p>\n\n\n\n<blockquote class=\"wp-block-quote is-layout-flow wp-block-quote-is-layout-flow\">\n<p>96 prosenttia Suomen viennist\u00e4 ja tuonnista kulkee meriteitse<\/p>\n<\/blockquote>\n\n\n\n<p>Suomen meriklusterin liikevaihto oli yli 17 miljardia euroa vuonna 2023. Kokonaisliikevaihto on palannut koronavuosien aiheuttamasta notkahduksesta takaisin kasvuk\u00e4yr\u00e4lle. Meriteollisuuden osuus meriklusterin liikevaihdosta on merkitt\u00e4v\u00e4.<\/p>\n\n\n\n<p>Meriklusteri on merkitt\u00e4v\u00e4 ty\u00f6llist\u00e4j\u00e4, sill\u00e4 vuoden 2023 yhteenlaskettu henkil\u00f6st\u00f6m\u00e4\u00e4r\u00e4 oli noin 46 500 henkil\u00f6\u00e4. Ty\u00f6llist\u00e4vyydelt\u00e4\u00e4n meriklusteri vastaakin esimerkiksi mets\u00e4teollisuuden ja finanssi- ja vakuutusalan suuruusluokkaa.<\/p>\n\n\n\n<figure class=\"wp-block-image size-large is-resized\"><img loading=\"lazy\" decoding=\"async\" width=\"968\" height=\"600\" src=\"https:\/\/teknologiateollisuus.fi\/meriteollisuus\/wp-content\/uploads\/sites\/5\/2025\/04\/Meriklusteri-2048x1270-1-968x600.jpg\" alt=\"\" class=\"wp-image-2813\" style=\"width:621px;height:auto\" srcset=\"https:\/\/teknologiateollisuus.fi\/meriteollisuus\/wp-content\/uploads\/sites\/5\/2025\/04\/Meriklusteri-2048x1270-1-968x600.jpg 968w, https:\/\/teknologiateollisuus.fi\/meriteollisuus\/wp-content\/uploads\/sites\/5\/2025\/04\/Meriklusteri-2048x1270-1-400x248.jpg 400w, https:\/\/teknologiateollisuus.fi\/meriteollisuus\/wp-content\/uploads\/sites\/5\/2025\/04\/Meriklusteri-2048x1270-1-768x476.jpg 768w, https:\/\/teknologiateollisuus.fi\/meriteollisuus\/wp-content\/uploads\/sites\/5\/2025\/04\/Meriklusteri-2048x1270-1-1536x953.jpg 1536w, https:\/\/teknologiateollisuus.fi\/meriteollisuus\/wp-content\/uploads\/sites\/5\/2025\/04\/Meriklusteri-2048x1270-1-1300x806.jpg 1300w, https:\/\/teknologiateollisuus.fi\/meriteollisuus\/wp-content\/uploads\/sites\/5\/2025\/04\/Meriklusteri-2048x1270-1-1440x893.jpg 1440w, https:\/\/teknologiateollisuus.fi\/meriteollisuus\/wp-content\/uploads\/sites\/5\/2025\/04\/Meriklusteri-2048x1270-1.jpg 2048w\" sizes=\"auto, (max-width: 968px) 100vw, 968px\" \/><figcaption class=\"wp-element-caption\">Suomen meriklusterin toimialaryhm\u00e4t. \u00a9 Turun yliopiston Brahea-keskus<\/figcaption><\/figure>\n","protected":false},"excerpt":{"rendered":"<p>Merellisten elinkeinojen muodostamaa kokonaisuutta kutsutaan meriklusteriksi. Siihen kuuluvat meriteollisuuden ohella varustamot, satamat ja satamaoperaattorit sek\u00e4 muut meriklusteria tukevat toiminnot. Suomen Varustamot ry edustaa ulkomaanliikennett\u00e4 harjoittavia varustamoja. Lue lis\u00e4\u00e4 Suomen Satamat ry edustaa meri- ja sis\u00e4vesisatamia, jotka kehitt\u00e4v\u00e4t satamainfrastruktuuriaan ja tarjoavat satamapalveluita. Lue lis\u00e4\u00e4 Satamaoperaattorit ry on ahtaus- ja terminaalitoimintaa harjoittavien sek\u00e4 satamien muita tavarank\u00e4sittely- ja [&hellip;]<\/p>\n","protected":false},"author":59,"featured_media":0,"parent":1197,"menu_order":5,"comment_status":"closed","ping_status":"closed","template":"","meta":{"_acf_changed":false,"_relevanssi_hide_post":"","_relevanssi_hide_content":"","_relevanssi_pin_for_all":"","_relevanssi_pin_keywords":"","_relevanssi_unpin_keywords":"","_relevanssi_related_keywords":"","_relevanssi_related_include_ids":"","_relevanssi_related_exclude_ids":"","_relevanssi_related_no_append":"","_relevanssi_related_not_related":"","_relevanssi_related_posts":"2006,1452,2782,2774,1960,2457","_relevanssi_noindex_reason":"","inline_featured_image":false,"footnotes":""},"class_list":["post-2802","page","type-page","status-publish","hentry"],"acf":[],"yoast_head":"<!-- This site is optimized with the Yoast SEO Premium plugin v27.1 (Yoast SEO v27.3) - https:\/\/yoast.com\/product\/yoast-seo-premium-wordpress\/ -->\n<title>Suomen meriklusteri - Meriteollisuus ry<\/title>\n<meta name=\"robots\" content=\"index, follow, max-snippet:-1, max-image-preview:large, max-video-preview:-1\" \/>\n<link rel=\"canonical\" href=\"https:\/\/teknologiateollisuus.fi\/meriteollisuus\/meriteollisuus-uusi\/suomen-meriklusteri\/\" \/>\n<meta property=\"og:locale\" content=\"fi_FI\" \/>\n<meta property=\"og:type\" content=\"article\" \/>\n<meta property=\"og:title\" content=\"Suomen meriklusteri\" \/>\n<meta property=\"og:description\" content=\"Merellisten elinkeinojen muodostamaa kokonaisuutta kutsutaan meriklusteriksi. Siihen kuuluvat meriteollisuuden ohella varustamot, satamat ja satamaoperaattorit sek\u00e4 muut meriklusteria tukevat toiminnot. Suomen Varustamot ry edustaa ulkomaanliikennett\u00e4 harjoittavia varustamoja. Lue lis\u00e4\u00e4 Suomen Satamat ry edustaa meri- ja sis\u00e4vesisatamia, jotka kehitt\u00e4v\u00e4t satamainfrastruktuuriaan ja tarjoavat satamapalveluita. Lue lis\u00e4\u00e4 Satamaoperaattorit ry on ahtaus- ja terminaalitoimintaa harjoittavien sek\u00e4 satamien muita tavarank\u00e4sittely- ja [&hellip;]\" \/>\n<meta property=\"og:url\" content=\"https:\/\/teknologiateollisuus.fi\/meriteollisuus\/meriteollisuus-uusi\/suomen-meriklusteri\/\" \/>\n<meta property=\"og:site_name\" content=\"Meriteollisuus ry\" \/>\n<meta property=\"article:modified_time\" content=\"2025-04-23T08:58:33+00:00\" \/>\n<meta property=\"og:image\" content=\"https:\/\/teknologiateollisuus.fi\/meriteollisuus\/wp-content\/uploads\/sites\/5\/2025\/04\/Meriklusteri-2048x1270-1.jpg\" \/>\n\t<meta property=\"og:image:width\" content=\"2048\" \/>\n\t<meta property=\"og:image:height\" content=\"1270\" \/>\n\t<meta property=\"og:image:type\" content=\"image\/jpeg\" \/>\n<meta name=\"twitter:card\" content=\"summary_large_image\" \/>\n<meta name=\"twitter:label1\" content=\"Arvioitu lukuaika\" \/>\n\t<meta name=\"twitter:data1\" content=\"1 minuutti\" \/>\n<script type=\"application\/ld+json\" class=\"yoast-schema-graph\">{\"@context\":\"https:\\\/\\\/schema.org\",\"@graph\":[{\"@type\":\"WebPage\",\"@id\":\"https:\\\/\\\/teknologiateollisuus.fi\\\/meriteollisuus\\\/meriteollisuus-uusi\\\/suomen-meriklusteri\\\/\",\"url\":\"https:\\\/\\\/teknologiateollisuus.fi\\\/meriteollisuus\\\/meriteollisuus-uusi\\\/suomen-meriklusteri\\\/\",\"name\":\"Suomen meriklusteri - Meriteollisuus ry\",\"isPartOf\":{\"@id\":\"https:\\\/\\\/teknologiateollisuus.fi\\\/meriteollisuus\\\/#website\"},\"primaryImageOfPage\":{\"@id\":\"https:\\\/\\\/teknologiateollisuus.fi\\\/meriteollisuus\\\/meriteollisuus-uusi\\\/suomen-meriklusteri\\\/#primaryimage\"},\"image\":{\"@id\":\"https:\\\/\\\/teknologiateollisuus.fi\\\/meriteollisuus\\\/meriteollisuus-uusi\\\/suomen-meriklusteri\\\/#primaryimage\"},\"thumbnailUrl\":\"https:\\\/\\\/teknologiateollisuus.fi\\\/meriteollisuus\\\/wp-content\\\/uploads\\\/sites\\\/5\\\/2025\\\/04\\\/Meriklusteri-2048x1270-1-968x600.jpg\",\"datePublished\":\"2025-04-22T06:03:19+00:00\",\"dateModified\":\"2025-04-23T08:58:33+00:00\",\"breadcrumb\":{\"@id\":\"https:\\\/\\\/teknologiateollisuus.fi\\\/meriteollisuus\\\/meriteollisuus-uusi\\\/suomen-meriklusteri\\\/#breadcrumb\"},\"inLanguage\":\"fi\",\"potentialAction\":[{\"@type\":\"ReadAction\",\"target\":[\"https:\\\/\\\/teknologiateollisuus.fi\\\/meriteollisuus\\\/meriteollisuus-uusi\\\/suomen-meriklusteri\\\/\"]}]},{\"@type\":\"ImageObject\",\"inLanguage\":\"fi\",\"@id\":\"https:\\\/\\\/teknologiateollisuus.fi\\\/meriteollisuus\\\/meriteollisuus-uusi\\\/suomen-meriklusteri\\\/#primaryimage\",\"url\":\"https:\\\/\\\/teknologiateollisuus.fi\\\/meriteollisuus\\\/wp-content\\\/uploads\\\/sites\\\/5\\\/2025\\\/04\\\/Meriklusteri-2048x1270-1.jpg\",\"contentUrl\":\"https:\\\/\\\/teknologiateollisuus.fi\\\/meriteollisuus\\\/wp-content\\\/uploads\\\/sites\\\/5\\\/2025\\\/04\\\/Meriklusteri-2048x1270-1.jpg\",\"width\":2048,\"height\":1270},{\"@type\":\"BreadcrumbList\",\"@id\":\"https:\\\/\\\/teknologiateollisuus.fi\\\/meriteollisuus\\\/meriteollisuus-uusi\\\/suomen-meriklusteri\\\/#breadcrumb\",\"itemListElement\":[{\"@type\":\"ListItem\",\"position\":1,\"name\":\"Etusivu\",\"item\":\"https:\\\/\\\/teknologiateollisuus.fi\\\/meriteollisuus\\\/\"},{\"@type\":\"ListItem\",\"position\":2,\"name\":\"Toimiala\",\"item\":\"https:\\\/\\\/teknologiateollisuus.fi\\\/meriteollisuus\\\/meriteollisuus-uusi\\\/\"},{\"@type\":\"ListItem\",\"position\":3,\"name\":\"Suomen meriklusteri\"}]},{\"@type\":\"WebSite\",\"@id\":\"https:\\\/\\\/teknologiateollisuus.fi\\\/meriteollisuus\\\/#website\",\"url\":\"https:\\\/\\\/teknologiateollisuus.fi\\\/meriteollisuus\\\/\",\"name\":\"Meriteollisuus ry\",\"description\":\"\",\"potentialAction\":[{\"@type\":\"SearchAction\",\"target\":{\"@type\":\"EntryPoint\",\"urlTemplate\":\"https:\\\/\\\/teknologiateollisuus.fi\\\/meriteollisuus\\\/?s={search_term_string}\"},\"query-input\":{\"@type\":\"PropertyValueSpecification\",\"valueRequired\":true,\"valueName\":\"search_term_string\"}}],\"inLanguage\":\"fi\"}]}<\/script>\n<!-- \/ Yoast SEO Premium plugin. -->","yoast_head_json":{"title":"Suomen meriklusteri - Meriteollisuus ry","robots":{"index":"index","follow":"follow","max-snippet":"max-snippet:-1","max-image-preview":"max-image-preview:large","max-video-preview":"max-video-preview:-1"},"canonical":"https:\/\/teknologiateollisuus.fi\/meriteollisuus\/meriteollisuus-uusi\/suomen-meriklusteri\/","og_locale":"fi_FI","og_type":"article","og_title":"Suomen meriklusteri","og_description":"Merellisten elinkeinojen muodostamaa kokonaisuutta kutsutaan meriklusteriksi. Siihen kuuluvat meriteollisuuden ohella varustamot, satamat ja satamaoperaattorit sek\u00e4 muut meriklusteria tukevat toiminnot. Suomen Varustamot ry edustaa ulkomaanliikennett\u00e4 harjoittavia varustamoja. Lue lis\u00e4\u00e4 Suomen Satamat ry edustaa meri- ja sis\u00e4vesisatamia, jotka kehitt\u00e4v\u00e4t satamainfrastruktuuriaan ja tarjoavat satamapalveluita. Lue lis\u00e4\u00e4 Satamaoperaattorit ry on ahtaus- ja terminaalitoimintaa harjoittavien sek\u00e4 satamien muita tavarank\u00e4sittely- ja [&hellip;]","og_url":"https:\/\/teknologiateollisuus.fi\/meriteollisuus\/meriteollisuus-uusi\/suomen-meriklusteri\/","og_site_name":"Meriteollisuus ry","article_modified_time":"2025-04-23T08:58:33+00:00","og_image":[{"width":2048,"height":1270,"url":"https:\/\/teknologiateollisuus.fi\/meriteollisuus\/wp-content\/uploads\/sites\/5\/2025\/04\/Meriklusteri-2048x1270-1.jpg","type":"image\/jpeg"}],"twitter_card":"summary_large_image","twitter_misc":{"Arvioitu lukuaika":"1 minuutti"},"schema":{"@context":"https:\/\/schema.org","@graph":[{"@type":"WebPage","@id":"https:\/\/teknologiateollisuus.fi\/meriteollisuus\/meriteollisuus-uusi\/suomen-meriklusteri\/","url":"https:\/\/teknologiateollisuus.fi\/meriteollisuus\/meriteollisuus-uusi\/suomen-meriklusteri\/","name":"Suomen meriklusteri - Meriteollisuus ry","isPartOf":{"@id":"https:\/\/teknologiateollisuus.fi\/meriteollisuus\/#website"},"primaryImageOfPage":{"@id":"https:\/\/teknologiateollisuus.fi\/meriteollisuus\/meriteollisuus-uusi\/suomen-meriklusteri\/#primaryimage"},"image":{"@id":"https:\/\/teknologiateollisuus.fi\/meriteollisuus\/meriteollisuus-uusi\/suomen-meriklusteri\/#primaryimage"},"thumbnailUrl":"https:\/\/teknologiateollisuus.fi\/meriteollisuus\/wp-content\/uploads\/sites\/5\/2025\/04\/Meriklusteri-2048x1270-1-968x600.jpg","datePublished":"2025-04-22T06:03:19+00:00","dateModified":"2025-04-23T08:58:33+00:00","breadcrumb":{"@id":"https:\/\/teknologiateollisuus.fi\/meriteollisuus\/meriteollisuus-uusi\/suomen-meriklusteri\/#breadcrumb"},"inLanguage":"fi","potentialAction":[{"@type":"ReadAction","target":["https:\/\/teknologiateollisuus.fi\/meriteollisuus\/meriteollisuus-uusi\/suomen-meriklusteri\/"]}]},{"@type":"ImageObject","inLanguage":"fi","@id":"https:\/\/teknologiateollisuus.fi\/meriteollisuus\/meriteollisuus-uusi\/suomen-meriklusteri\/#primaryimage","url":"https:\/\/teknologiateollisuus.fi\/meriteollisuus\/wp-content\/uploads\/sites\/5\/2025\/04\/Meriklusteri-2048x1270-1.jpg","contentUrl":"https:\/\/teknologiateollisuus.fi\/meriteollisuus\/wp-content\/uploads\/sites\/5\/2025\/04\/Meriklusteri-2048x1270-1.jpg","width":2048,"height":1270},{"@type":"BreadcrumbList","@id":"https:\/\/teknologiateollisuus.fi\/meriteollisuus\/meriteollisuus-uusi\/suomen-meriklusteri\/#breadcrumb","itemListElement":[{"@type":"ListItem","position":1,"name":"Etusivu","item":"https:\/\/teknologiateollisuus.fi\/meriteollisuus\/"},{"@type":"ListItem","position":2,"name":"Toimiala","item":"https:\/\/teknologiateollisuus.fi\/meriteollisuus\/meriteollisuus-uusi\/"},{"@type":"ListItem","position":3,"name":"Suomen meriklusteri"}]},{"@type":"WebSite","@id":"https:\/\/teknologiateollisuus.fi\/meriteollisuus\/#website","url":"https:\/\/teknologiateollisuus.fi\/meriteollisuus\/","name":"Meriteollisuus ry","description":"","potentialAction":[{"@type":"SearchAction","target":{"@type":"EntryPoint","urlTemplate":"https:\/\/teknologiateollisuus.fi\/meriteollisuus\/?s={search_term_string}"},"query-input":{"@type":"PropertyValueSpecification","valueRequired":true,"valueName":"search_term_string"}}],"inLanguage":"fi"}]}},"lang":"fi","translations":{"fi":2802},"pll_sync_post":[],"_links":{"self":[{"href":"https:\/\/teknologiateollisuus.fi\/meriteollisuus\/wp-json\/wp\/v2\/pages\/2802","targetHints":{"allow":["GET"]}}],"collection":[{"href":"https:\/\/teknologiateollisuus.fi\/meriteollisuus\/wp-json\/wp\/v2\/pages"}],"about":[{"href":"https:\/\/teknologiateollisuus.fi\/meriteollisuus\/wp-json\/wp\/v2\/types\/page"}],"author":[{"embeddable":true,"href":"https:\/\/teknologiateollisuus.fi\/meriteollisuus\/wp-json\/wp\/v2\/users\/59"}],"replies":[{"embeddable":true,"href":"https:\/\/teknologiateollisuus.fi\/meriteollisuus\/wp-json\/wp\/v2\/comments?post=2802"}],"version-history":[{"count":4,"href":"https:\/\/teknologiateollisuus.fi\/meriteollisuus\/wp-json\/wp\/v2\/pages\/2802\/revisions"}],"predecessor-version":[{"id":2816,"href":"https:\/\/teknologiateollisuus.fi\/meriteollisuus\/wp-json\/wp\/v2\/pages\/2802\/revisions\/2816"}],"up":[{"embeddable":true,"href":"https:\/\/teknologiateollisuus.fi\/meriteollisuus\/wp-json\/wp\/v2\/pages\/1197"}],"wp:attachment":[{"href":"https:\/\/teknologiateollisuus.fi\/meriteollisuus\/wp-json\/wp\/v2\/media?parent=2802"}],"curies":[{"name":"wp","href":"https:\/\/api.w.org\/{rel}","templated":true}]}}