{"id":183,"date":"2024-06-27T13:37:52","date_gmt":"2024-06-27T10:37:52","guid":{"rendered":"https:\/\/metallinjalostajat.teknologiateollisuus.fi\/?page_id=183"},"modified":"2025-10-22T14:22:09","modified_gmt":"2025-10-22T11:22:09","slug":"tavoitteemme","status":"publish","type":"page","link":"https:\/\/teknologiateollisuus.fi\/metallinjalostajat\/tavoitteemme\/","title":{"rendered":"Tavoitteemme"},"content":{"rendered":"\n<div class=\"em-block-hero hero-has-background-color has-background has-violet-background-color has-image media-position-background \">\n\t<div class=\"em-block-hero__container\">\n\t\t<div class=\"em-block-hero__content\">\n\t\t\t<div class=\"yoast-breadcrumbs\"><span><span><a href=\"https:\/\/teknologiateollisuus.fi\/metallinjalostajat\/\">Etusivu<\/a><\/span> <span class=\"separator\"><\/span> <span class=\"breadcrumb_last\" aria-current=\"page\">Tavoitteemme<\/span><\/span><\/div>\t\t\t\n<h1 class=\"wp-block-heading\" id=\"h-tavoitteemme\">Tavoitteemme<\/h1>\n\n<p><\/p>\n\t\t\t<div class=\"em-block-hero__modified-date\"> P\u00e4ivitetty 22.10.2025 klo 14:22<\/div>\t\t<\/div>\n\t\t\t\t\t<figure class=\"em-block-hero__image\">\n\t\t\t\t<img loading=\"lazy\" decoding=\"async\" width=\"1044\" height=\"696\" src=\"https:\/\/teknologiateollisuus.fi\/metallinjalostajat\/wp-content\/uploads\/sites\/10\/2025\/04\/Pienitiedosto_Metalli_0249.jpeg\" class=\"attachment-hero size-hero\" alt=\"Edell\u00e4k\u00e4vijyys kannattaa\" srcset=\"https:\/\/teknologiateollisuus.fi\/metallinjalostajat\/wp-content\/uploads\/sites\/10\/2025\/04\/Pienitiedosto_Metalli_0249.jpeg 1044w, https:\/\/teknologiateollisuus.fi\/metallinjalostajat\/wp-content\/uploads\/sites\/10\/2025\/04\/Pienitiedosto_Metalli_0249-400x267.jpeg 400w, https:\/\/teknologiateollisuus.fi\/metallinjalostajat\/wp-content\/uploads\/sites\/10\/2025\/04\/Pienitiedosto_Metalli_0249-968x645.jpeg 968w, https:\/\/teknologiateollisuus.fi\/metallinjalostajat\/wp-content\/uploads\/sites\/10\/2025\/04\/Pienitiedosto_Metalli_0249-768x512.jpeg 768w\" sizes=\"auto, (max-width: 1044px) 100vw, 1044px\" \/>\t\t\t<\/figure>\n\t\t\t<\/div>\n<\/div>\n\n\n\n<figure class=\"wp-block-image size-full is-resized\"><img loading=\"lazy\" decoding=\"async\" width=\"1280\" height=\"720\" src=\"https:\/\/teknologiateollisuus.fi\/metallinjalostajat\/wp-content\/uploads\/sites\/10\/2024\/11\/Metallinjalostajat_Narratiivi-kuva_paivitetty.jpg\" alt=\"\" class=\"wp-image-735\" style=\"width:1200px;height:auto\" srcset=\"https:\/\/teknologiateollisuus.fi\/metallinjalostajat\/wp-content\/uploads\/sites\/10\/2024\/11\/Metallinjalostajat_Narratiivi-kuva_paivitetty.jpg 1280w, https:\/\/teknologiateollisuus.fi\/metallinjalostajat\/wp-content\/uploads\/sites\/10\/2024\/11\/Metallinjalostajat_Narratiivi-kuva_paivitetty-400x225.jpg 400w, https:\/\/teknologiateollisuus.fi\/metallinjalostajat\/wp-content\/uploads\/sites\/10\/2024\/11\/Metallinjalostajat_Narratiivi-kuva_paivitetty-968x545.jpg 968w, https:\/\/teknologiateollisuus.fi\/metallinjalostajat\/wp-content\/uploads\/sites\/10\/2024\/11\/Metallinjalostajat_Narratiivi-kuva_paivitetty-768x432.jpg 768w\" sizes=\"auto, (max-width: 1280px) 100vw, 1280px\" \/><\/figure>\n\n\n\n<p>Metallien tarve ja merkitys ovat kasvaneet maailmassa merkitt\u00e4v\u00e4sti, erityisesti energiamurroksen ja geopoliittisten j\u00e4nnitteiden vuoksi. Kyky jalostaa metalleja luo resilienssi\u00e4 Suomelle ja Euroopalle: raaka-ainetarpeisiin pystyt\u00e4\u00e4n vastaamaan ja kiertotalous toimii. Tarvitsemme investointeja edist\u00e4v\u00e4\u00e4 vahvaa eurooppalaista ja kotimaista teollisuuspolitiikkaa. Sen keskeiset kokonaisuudet ovat seuraavat: &nbsp;<\/p>\n\n\n\n<ul class=\"wp-block-list\">\n<li>Tasaisesti saatavilla oleva puhdas ja edullinen s\u00e4hk\u00f6 on yksi keskeinen tekij\u00e4 j\u00e4senyritystemme kilpailukyvylle. Energia- ja s\u00e4hk\u00f6markkinan tulee kehitty\u00e4 raskaan teollisuuden toimintaedellytyksi\u00e4 edist\u00e4v\u00e4sti ja johdonmukaisen ilmastopolitiikan suosia teollisuuden uudistumista. <a href=\"https:\/\/teknologiateollisuus.fi\/metallinjalostajat\/tavoitteemme\/energia-keskioon\/\">Lue lis\u00e4\u00e4<\/a><\/li>\n\n\n\n<li>Olemme merkitt\u00e4v\u00e4 osa vientiteollisuutta ja kilpailemme kansainv\u00e4lisill\u00e4 markkinoilla. Tavoittelemme menestyst\u00e4 uudistamalla jatkuvasti toimintaamme yh\u00e4 kest\u00e4v\u00e4mm\u00e4ksi. Reilun kilpailun tulee tuottaa etua edell\u00e4k\u00e4vij\u00e4lle, se kannustaa osaltaan uudistumiseen t\u00e4ht\u00e4\u00e4viin investointeihin.&nbsp;<a href=\"https:\/\/teknologiateollisuus.fi\/metallinjalostajat\/tavoitteemme\/edellakavijyys-kannattaa\/\">Lue lis\u00e4\u00e4<\/a><\/li>\n\n\n\n<li>S\u00e4\u00e4ntelyn ennakoitavuudella ja sujuvalla luvituksella on mahdollista edist\u00e4\u00e4 kilpailukykyisen toimintaymp\u00e4rist\u00f6n rakentumista. Vastuullisuuteen ohjaava, mutta uudistumisen mahdollistava s\u00e4\u00e4ntely on kaikkien etu. <a href=\"https:\/\/teknologiateollisuus.fi\/metallinjalostajat\/tavoitteemme\/sujuvaa-luvitusta\/\">Lue lis\u00e4\u00e4<\/a><\/li>\n\n\n\n<li>Metallit mahdollistavat puhtaamman tulevaisuuden. Tutkimuksen ja koulutuksen tulee vastata toimialamme tarpeisiin, jotta metallit ja niiden valmistuksen teknologiat pystyv\u00e4t vastaamaan k\u00e4sill\u00e4 oleviin maailmanlaajuisiin haasteisiin. <a href=\"https:\/\/teknologiateollisuus.fi\/metallinjalostajat\/tavoitteemme\/osaajat-ratkaisevat\/\">Lue lis\u00e4\u00e4<\/a><\/li>\n<\/ul>\n\n\n\n<p>Toimintaymp\u00e4rist\u00f6mme kannalta keskeisi\u00e4 on mink\u00e4laiset sis\u00e4lt\u00f6t tai toimeenpanon esimerkiksi seuraavat komission aloitteet saavat: Clean Industrial Deal, Steel and metals action plan, European Climate Law and Post-2030 climate policy, Energy Union, European Competitiveness Fund, Implementatation of Critical Raw Materials Act, EU trade policy ja European Innovation Act.<\/p>\n\n\n\n<p>Lue tarkemmat tavoitteemme vasemman laidan linkeist\u00e4.<\/p>\n","protected":false},"excerpt":{"rendered":"<p>Metallien tarve ja merkitys ovat kasvaneet maailmassa merkitt\u00e4v\u00e4sti, erityisesti energiamurroksen ja geopoliittisten j\u00e4nnitteiden vuoksi. Kyky jalostaa metalleja luo resilienssi\u00e4 Suomelle ja Euroopalle: raaka-ainetarpeisiin pystyt\u00e4\u00e4n vastaamaan ja kiertotalous toimii. Tarvitsemme investointeja edist\u00e4v\u00e4\u00e4 vahvaa eurooppalaista ja kotimaista teollisuuspolitiikkaa. Sen keskeiset kokonaisuudet ovat seuraavat: &nbsp; Toimintaymp\u00e4rist\u00f6mme kannalta keskeisi\u00e4 on mink\u00e4laiset sis\u00e4lt\u00f6t tai toimeenpanon esimerkiksi seuraavat komission aloitteet saavat: [&hellip;]<\/p>\n","protected":false},"author":52,"featured_media":0,"parent":0,"menu_order":0,"comment_status":"closed","ping_status":"closed","template":"","meta":{"_acf_changed":false,"_relevanssi_hide_post":"","_relevanssi_hide_content":"","_relevanssi_pin_for_all":"","_relevanssi_pin_keywords":"","_relevanssi_unpin_keywords":"","_relevanssi_related_keywords":"","_relevanssi_related_include_ids":"","_relevanssi_related_exclude_ids":"","_relevanssi_related_no_append":"","_relevanssi_related_not_related":"","_relevanssi_related_posts":"55,56,48,53,57,54","_relevanssi_noindex_reason":"","inline_featured_image":false,"footnotes":""},"class_list":["post-183","page","type-page","status-publish","hentry"],"acf":[],"yoast_head":"<!-- This site is optimized with the Yoast SEO Premium plugin v27.1 (Yoast SEO v27.3) - https:\/\/yoast.com\/product\/yoast-seo-premium-wordpress\/ -->\n<title>Tavoitteemme - Metallinjalostajat<\/title>\n<meta name=\"robots\" content=\"index, follow, max-snippet:-1, max-image-preview:large, max-video-preview:-1\" \/>\n<link rel=\"canonical\" href=\"https:\/\/teknologiateollisuus.fi\/metallinjalostajat\/tavoitteemme\/\" \/>\n<meta property=\"og:locale\" content=\"fi_FI\" \/>\n<meta property=\"og:type\" content=\"article\" \/>\n<meta property=\"og:title\" content=\"Tavoitteemme\" \/>\n<meta property=\"og:description\" content=\"Metallien tarve ja merkitys ovat kasvaneet maailmassa merkitt\u00e4v\u00e4sti, erityisesti energiamurroksen ja geopoliittisten j\u00e4nnitteiden vuoksi. Kyky jalostaa metalleja luo resilienssi\u00e4 Suomelle ja Euroopalle: raaka-ainetarpeisiin pystyt\u00e4\u00e4n vastaamaan ja kiertotalous toimii. Tarvitsemme investointeja edist\u00e4v\u00e4\u00e4 vahvaa eurooppalaista ja kotimaista teollisuuspolitiikkaa. Sen keskeiset kokonaisuudet ovat seuraavat: &nbsp; Toimintaymp\u00e4rist\u00f6mme kannalta keskeisi\u00e4 on mink\u00e4laiset sis\u00e4lt\u00f6t tai toimeenpanon esimerkiksi seuraavat komission aloitteet saavat: [&hellip;]\" \/>\n<meta property=\"og:url\" content=\"https:\/\/teknologiateollisuus.fi\/metallinjalostajat\/tavoitteemme\/\" \/>\n<meta property=\"og:site_name\" content=\"Metallinjalostajat\" \/>\n<meta property=\"article:modified_time\" content=\"2025-10-22T11:22:09+00:00\" \/>\n<meta property=\"og:image\" content=\"https:\/\/teknologiateollisuus.fi\/metallinjalostajat\/wp-content\/uploads\/sites\/10\/2024\/11\/Metallinjalostajat_Narratiivi-kuva_paivitetty.jpg\" \/>\n<meta name=\"twitter:card\" content=\"summary_large_image\" \/>\n<meta name=\"twitter:label1\" content=\"Arvioitu lukuaika\" \/>\n\t<meta name=\"twitter:data1\" content=\"2 minuuttia\" \/>\n<script type=\"application\/ld+json\" class=\"yoast-schema-graph\">{\"@context\":\"https:\\\/\\\/schema.org\",\"@graph\":[{\"@type\":\"WebPage\",\"@id\":\"https:\\\/\\\/teknologiateollisuus.fi\\\/metallinjalostajat\\\/tavoitteemme\\\/\",\"url\":\"https:\\\/\\\/teknologiateollisuus.fi\\\/metallinjalostajat\\\/tavoitteemme\\\/\",\"name\":\"Tavoitteemme - Metallinjalostajat\",\"isPartOf\":{\"@id\":\"https:\\\/\\\/teknologiateollisuus.fi\\\/metallinjalostajat\\\/#website\"},\"primaryImageOfPage\":{\"@id\":\"https:\\\/\\\/teknologiateollisuus.fi\\\/metallinjalostajat\\\/tavoitteemme\\\/#primaryimage\"},\"image\":{\"@id\":\"https:\\\/\\\/teknologiateollisuus.fi\\\/metallinjalostajat\\\/tavoitteemme\\\/#primaryimage\"},\"thumbnailUrl\":\"https:\\\/\\\/teknologiateollisuus.fi\\\/metallinjalostajat\\\/wp-content\\\/uploads\\\/sites\\\/10\\\/2024\\\/11\\\/Metallinjalostajat_Narratiivi-kuva_paivitetty.jpg\",\"datePublished\":\"2024-06-27T10:37:52+00:00\",\"dateModified\":\"2025-10-22T11:22:09+00:00\",\"breadcrumb\":{\"@id\":\"https:\\\/\\\/teknologiateollisuus.fi\\\/metallinjalostajat\\\/tavoitteemme\\\/#breadcrumb\"},\"inLanguage\":\"fi\",\"potentialAction\":[{\"@type\":\"ReadAction\",\"target\":[\"https:\\\/\\\/teknologiateollisuus.fi\\\/metallinjalostajat\\\/tavoitteemme\\\/\"]}]},{\"@type\":\"ImageObject\",\"inLanguage\":\"fi\",\"@id\":\"https:\\\/\\\/teknologiateollisuus.fi\\\/metallinjalostajat\\\/tavoitteemme\\\/#primaryimage\",\"url\":\"https:\\\/\\\/teknologiateollisuus.fi\\\/metallinjalostajat\\\/wp-content\\\/uploads\\\/sites\\\/10\\\/2024\\\/11\\\/Metallinjalostajat_Narratiivi-kuva_paivitetty.jpg\",\"contentUrl\":\"https:\\\/\\\/teknologiateollisuus.fi\\\/metallinjalostajat\\\/wp-content\\\/uploads\\\/sites\\\/10\\\/2024\\\/11\\\/Metallinjalostajat_Narratiivi-kuva_paivitetty.jpg\",\"width\":1280,\"height\":720},{\"@type\":\"BreadcrumbList\",\"@id\":\"https:\\\/\\\/teknologiateollisuus.fi\\\/metallinjalostajat\\\/tavoitteemme\\\/#breadcrumb\",\"itemListElement\":[{\"@type\":\"ListItem\",\"position\":1,\"name\":\"Etusivu\",\"item\":\"https:\\\/\\\/teknologiateollisuus.fi\\\/metallinjalostajat\\\/\"},{\"@type\":\"ListItem\",\"position\":2,\"name\":\"Tavoitteemme\"}]},{\"@type\":\"WebSite\",\"@id\":\"https:\\\/\\\/teknologiateollisuus.fi\\\/metallinjalostajat\\\/#website\",\"url\":\"https:\\\/\\\/teknologiateollisuus.fi\\\/metallinjalostajat\\\/\",\"name\":\"Metallinjalostajat\",\"description\":\"\",\"potentialAction\":[{\"@type\":\"SearchAction\",\"target\":{\"@type\":\"EntryPoint\",\"urlTemplate\":\"https:\\\/\\\/teknologiateollisuus.fi\\\/metallinjalostajat\\\/?s={search_term_string}\"},\"query-input\":{\"@type\":\"PropertyValueSpecification\",\"valueRequired\":true,\"valueName\":\"search_term_string\"}}],\"inLanguage\":\"fi\"}]}<\/script>\n<!-- \/ Yoast SEO Premium plugin. -->","yoast_head_json":{"title":"Tavoitteemme - Metallinjalostajat","robots":{"index":"index","follow":"follow","max-snippet":"max-snippet:-1","max-image-preview":"max-image-preview:large","max-video-preview":"max-video-preview:-1"},"canonical":"https:\/\/teknologiateollisuus.fi\/metallinjalostajat\/tavoitteemme\/","og_locale":"fi_FI","og_type":"article","og_title":"Tavoitteemme","og_description":"Metallien tarve ja merkitys ovat kasvaneet maailmassa merkitt\u00e4v\u00e4sti, erityisesti energiamurroksen ja geopoliittisten j\u00e4nnitteiden vuoksi. Kyky jalostaa metalleja luo resilienssi\u00e4 Suomelle ja Euroopalle: raaka-ainetarpeisiin pystyt\u00e4\u00e4n vastaamaan ja kiertotalous toimii. Tarvitsemme investointeja edist\u00e4v\u00e4\u00e4 vahvaa eurooppalaista ja kotimaista teollisuuspolitiikkaa. Sen keskeiset kokonaisuudet ovat seuraavat: &nbsp; Toimintaymp\u00e4rist\u00f6mme kannalta keskeisi\u00e4 on mink\u00e4laiset sis\u00e4lt\u00f6t tai toimeenpanon esimerkiksi seuraavat komission aloitteet saavat: [&hellip;]","og_url":"https:\/\/teknologiateollisuus.fi\/metallinjalostajat\/tavoitteemme\/","og_site_name":"Metallinjalostajat","article_modified_time":"2025-10-22T11:22:09+00:00","og_image":[{"url":"https:\/\/teknologiateollisuus.fi\/metallinjalostajat\/wp-content\/uploads\/sites\/10\/2024\/11\/Metallinjalostajat_Narratiivi-kuva_paivitetty.jpg","type":"","width":"","height":""}],"twitter_card":"summary_large_image","twitter_misc":{"Arvioitu lukuaika":"2 minuuttia"},"schema":{"@context":"https:\/\/schema.org","@graph":[{"@type":"WebPage","@id":"https:\/\/teknologiateollisuus.fi\/metallinjalostajat\/tavoitteemme\/","url":"https:\/\/teknologiateollisuus.fi\/metallinjalostajat\/tavoitteemme\/","name":"Tavoitteemme - Metallinjalostajat","isPartOf":{"@id":"https:\/\/teknologiateollisuus.fi\/metallinjalostajat\/#website"},"primaryImageOfPage":{"@id":"https:\/\/teknologiateollisuus.fi\/metallinjalostajat\/tavoitteemme\/#primaryimage"},"image":{"@id":"https:\/\/teknologiateollisuus.fi\/metallinjalostajat\/tavoitteemme\/#primaryimage"},"thumbnailUrl":"https:\/\/teknologiateollisuus.fi\/metallinjalostajat\/wp-content\/uploads\/sites\/10\/2024\/11\/Metallinjalostajat_Narratiivi-kuva_paivitetty.jpg","datePublished":"2024-06-27T10:37:52+00:00","dateModified":"2025-10-22T11:22:09+00:00","breadcrumb":{"@id":"https:\/\/teknologiateollisuus.fi\/metallinjalostajat\/tavoitteemme\/#breadcrumb"},"inLanguage":"fi","potentialAction":[{"@type":"ReadAction","target":["https:\/\/teknologiateollisuus.fi\/metallinjalostajat\/tavoitteemme\/"]}]},{"@type":"ImageObject","inLanguage":"fi","@id":"https:\/\/teknologiateollisuus.fi\/metallinjalostajat\/tavoitteemme\/#primaryimage","url":"https:\/\/teknologiateollisuus.fi\/metallinjalostajat\/wp-content\/uploads\/sites\/10\/2024\/11\/Metallinjalostajat_Narratiivi-kuva_paivitetty.jpg","contentUrl":"https:\/\/teknologiateollisuus.fi\/metallinjalostajat\/wp-content\/uploads\/sites\/10\/2024\/11\/Metallinjalostajat_Narratiivi-kuva_paivitetty.jpg","width":1280,"height":720},{"@type":"BreadcrumbList","@id":"https:\/\/teknologiateollisuus.fi\/metallinjalostajat\/tavoitteemme\/#breadcrumb","itemListElement":[{"@type":"ListItem","position":1,"name":"Etusivu","item":"https:\/\/teknologiateollisuus.fi\/metallinjalostajat\/"},{"@type":"ListItem","position":2,"name":"Tavoitteemme"}]},{"@type":"WebSite","@id":"https:\/\/teknologiateollisuus.fi\/metallinjalostajat\/#website","url":"https:\/\/teknologiateollisuus.fi\/metallinjalostajat\/","name":"Metallinjalostajat","description":"","potentialAction":[{"@type":"SearchAction","target":{"@type":"EntryPoint","urlTemplate":"https:\/\/teknologiateollisuus.fi\/metallinjalostajat\/?s={search_term_string}"},"query-input":{"@type":"PropertyValueSpecification","valueRequired":true,"valueName":"search_term_string"}}],"inLanguage":"fi"}]}},"lang":"fi","translations":{"fi":183},"pll_sync_post":[],"_links":{"self":[{"href":"https:\/\/teknologiateollisuus.fi\/metallinjalostajat\/wp-json\/wp\/v2\/pages\/183","targetHints":{"allow":["GET"]}}],"collection":[{"href":"https:\/\/teknologiateollisuus.fi\/metallinjalostajat\/wp-json\/wp\/v2\/pages"}],"about":[{"href":"https:\/\/teknologiateollisuus.fi\/metallinjalostajat\/wp-json\/wp\/v2\/types\/page"}],"author":[{"embeddable":true,"href":"https:\/\/teknologiateollisuus.fi\/metallinjalostajat\/wp-json\/wp\/v2\/users\/52"}],"replies":[{"embeddable":true,"href":"https:\/\/teknologiateollisuus.fi\/metallinjalostajat\/wp-json\/wp\/v2\/comments?post=183"}],"version-history":[{"count":12,"href":"https:\/\/teknologiateollisuus.fi\/metallinjalostajat\/wp-json\/wp\/v2\/pages\/183\/revisions"}],"predecessor-version":[{"id":1030,"href":"https:\/\/teknologiateollisuus.fi\/metallinjalostajat\/wp-json\/wp\/v2\/pages\/183\/revisions\/1030"}],"wp:attachment":[{"href":"https:\/\/teknologiateollisuus.fi\/metallinjalostajat\/wp-json\/wp\/v2\/media?parent=183"}],"curies":[{"name":"wp","href":"https:\/\/api.w.org\/{rel}","templated":true}]}}