{"id":223,"date":"2024-09-19T10:56:29","date_gmt":"2024-09-19T07:56:29","guid":{"rendered":"https:\/\/teknologiateollisuus.fi\/metallinjalostajat\/?page_id=223"},"modified":"2025-04-15T14:55:03","modified_gmt":"2025-04-15T11:55:03","slug":"energia-keskioon","status":"publish","type":"page","link":"https:\/\/teknologiateollisuus.fi\/metallinjalostajat\/tavoitteemme\/energia-keskioon\/","title":{"rendered":"Energia keski\u00f6\u00f6n"},"content":{"rendered":"\n<div class=\"em-block-hero hero-has-background-color has-background has-tangerine-background-color has-image media-position-right \">\n\t<div class=\"em-block-hero__container\">\n\t\t<div class=\"em-block-hero__content\">\n\t\t\t<div class=\"yoast-breadcrumbs\"><span><span><a href=\"https:\/\/teknologiateollisuus.fi\/metallinjalostajat\/\">Etusivu<\/a><\/span> <span class=\"separator\"><\/span> <span><a href=\"https:\/\/teknologiateollisuus.fi\/metallinjalostajat\/tavoitteemme\/\">Tavoitteemme<\/a><\/span> <span class=\"separator\"><\/span> <span class=\"breadcrumb_last\" aria-current=\"page\">Energia keski\u00f6\u00f6n<\/span><\/span><\/div>\t\t\t\n<h1 class=\"wp-block-heading\" id=\"h-energia-keskioon\">Energia keski\u00f6\u00f6n<\/h1>\n\n<p><\/p>\n\t\t\t<div class=\"em-block-hero__modified-date\"> P\u00e4ivitetty 15.04.2025 klo 14:55<\/div>\t\t<\/div>\n\t\t\t\t\t<figure class=\"em-block-hero__image\">\n\t\t\t\t<img loading=\"lazy\" decoding=\"async\" width=\"1044\" height=\"696\" src=\"https:\/\/teknologiateollisuus.fi\/metallinjalostajat\/wp-content\/uploads\/sites\/10\/2025\/04\/Pienitiedosto_Metalli_5046.jpeg\" class=\"attachment-hero size-hero\" alt=\"Varma, v\u00e4h\u00e4p\u00e4\u00e4st\u00f6inen ja kohtuuhintainen energia on vientiteollisuudelle elint\u00e4rke\u00e4\u00e4\" srcset=\"https:\/\/teknologiateollisuus.fi\/metallinjalostajat\/wp-content\/uploads\/sites\/10\/2025\/04\/Pienitiedosto_Metalli_5046.jpeg 1044w, https:\/\/teknologiateollisuus.fi\/metallinjalostajat\/wp-content\/uploads\/sites\/10\/2025\/04\/Pienitiedosto_Metalli_5046-400x267.jpeg 400w, https:\/\/teknologiateollisuus.fi\/metallinjalostajat\/wp-content\/uploads\/sites\/10\/2025\/04\/Pienitiedosto_Metalli_5046-968x645.jpeg 968w, https:\/\/teknologiateollisuus.fi\/metallinjalostajat\/wp-content\/uploads\/sites\/10\/2025\/04\/Pienitiedosto_Metalli_5046-768x512.jpeg 768w\" sizes=\"auto, (max-width: 1044px) 100vw, 1044px\" \/>\t\t\t<\/figure>\n\t\t\t<\/div>\n<\/div>\n\n\n\n<h2 class=\"wp-block-heading\" id=\"h-paaviestimme\"><strong>P\u00e4\u00e4viestimme<\/strong><\/h2>\n\n\n\n<p>Tasaisesti saatavilla oleva puhdas ja edullinen s\u00e4hk\u00f6 on keskeinen tekij\u00e4 j\u00e4senyritystemme kilpailukyvylle ja s\u00e4hk\u00f6ist\u00e4m\u00e4ll\u00e4 saataville p\u00e4\u00e4st\u00f6v\u00e4hennyksille. Sen varmistamiseksi tarvitaan muun muassa kasvavan uusituvan s\u00e4hk\u00f6ntuotannon lis\u00e4ksi parempaa kyky\u00e4 varastoida energiaa ja l\u00f6yt\u00e4\u00e4 kannusteita raskaan prosessiteollisuuden joustokyky\u00e4 nopeammille s\u00e4hk\u00f6n kulutusjoustoille.<\/p>\n\n\n\n<p>Energiaj\u00e4rjestelm\u00e4n kehityksess\u00e4 puhtaan s\u00e4hk\u00f6ntuotannon riitt\u00e4v\u00e4 ja kilpailukykyinen omavaraisuus sek\u00e4 toimivat jakeluverkot, niin maan sis\u00e4ll\u00e4 kuin naapurimaihinkin, ovat t\u00e4rkeit\u00e4 tekij\u00f6it\u00e4 vihre\u00e4n vedyn sek\u00e4 biohiilten ja -kaasun ohella. Pienten modulaaristen ydinvoimaloiden k\u00e4ytt\u00f6\u00f6nottoa tulee edist\u00e4\u00e4 ja lis\u00e4ksi ydinvoimalla valmistettu vety tulisi lukea vihre\u00e4n siirtym\u00e4n mukaiseksi tuotteeksi.<\/p>\n\n\n\n<h2 class=\"wp-block-heading\" id=\"h-paatoksenteon-suuntalinjat\"><strong>P\u00e4\u00e4t\u00f6ksenteon suuntalinjat<\/strong><\/h2>\n\n\n\n<ul class=\"wp-block-list\">\n<li><em>Pidet\u00e4\u00e4n johdonmukaisesti kiinni kasvihuonekaasujen p\u00e4\u00e4st\u00f6v\u00e4hennystavoitteista.<\/em><\/li>\n\n\n\n<li><em>Teollisuuden s\u00e4hk\u00f6n k\u00e4ytt\u00f6 tulee k\u00e4\u00e4nt\u00e4\u00e4 kasvu-uralle. Suomen energia- ja ilmastopolitiikan sek\u00e4 teollisuuspolitiikan toimeenpanon tulee rakentaa kilpailukykyinen toimintaymp\u00e4rist\u00f6 energiaintensiiviselle, mutta v\u00e4h\u00e4hiiliselle metallien tuotannolle.<\/em><\/li>\n\n\n\n<li><em>P\u00e4\u00e4st\u00f6kauppaj\u00e4rjestelm\u00e4ll\u00e4 ker\u00e4tyt tulot energiaintensiiviselt\u00e4 teollisuudelta tulisi ohjata n\u00e4iden teollisuudenalojen p\u00e4\u00e4st\u00f6v\u00e4hennysten edist\u00e4miseen kuten esimerkiksi s\u00e4hk\u00f6ist\u00e4misen tukeen.<\/em><\/li>\n<\/ul>\n\n\n\n<h2 class=\"wp-block-heading\" id=\"h-keskeiset-eu-aloitteet-ja-uudistukset\"><strong>Keskeiset EU-aloitteet ja uudistukset<\/strong><\/h2>\n\n\n\n<ul class=\"wp-block-list\">\n<li>European Climate Law and Post-2030 climate policy<\/li>\n\n\n\n<li>Decarbonisation Accelerator Act<\/li>\n\n\n\n<li>Action Plan for Affordable Energy Prices<\/li>\n\n\n\n<li>Revision of Energy Taxation directive<\/li>\n\n\n\n<li>Electrification Action Plan<\/li>\n\n\n\n<li>Electricity Market Design<\/li>\n<\/ul>\n","protected":false},"excerpt":{"rendered":"<p>P\u00e4\u00e4viestimme Tasaisesti saatavilla oleva puhdas ja edullinen s\u00e4hk\u00f6 on keskeinen tekij\u00e4 j\u00e4senyritystemme kilpailukyvylle ja s\u00e4hk\u00f6ist\u00e4m\u00e4ll\u00e4 saataville p\u00e4\u00e4st\u00f6v\u00e4hennyksille. Sen varmistamiseksi tarvitaan muun muassa kasvavan uusituvan s\u00e4hk\u00f6ntuotannon lis\u00e4ksi parempaa kyky\u00e4 varastoida energiaa ja l\u00f6yt\u00e4\u00e4 kannusteita raskaan prosessiteollisuuden joustokyky\u00e4 nopeammille s\u00e4hk\u00f6n kulutusjoustoille. Energiaj\u00e4rjestelm\u00e4n kehityksess\u00e4 puhtaan s\u00e4hk\u00f6ntuotannon riitt\u00e4v\u00e4 ja kilpailukykyinen omavaraisuus sek\u00e4 toimivat jakeluverkot, niin maan sis\u00e4ll\u00e4 kuin naapurimaihinkin, [&hellip;]<\/p>\n","protected":false},"author":52,"featured_media":988,"parent":183,"menu_order":1,"comment_status":"closed","ping_status":"closed","template":"","meta":{"_acf_changed":false,"_relevanssi_hide_post":"","_relevanssi_hide_content":"","_relevanssi_pin_for_all":"","_relevanssi_pin_keywords":"","_relevanssi_unpin_keywords":"","_relevanssi_related_keywords":"","_relevanssi_related_include_ids":"","_relevanssi_related_exclude_ids":"","_relevanssi_related_no_append":"","_relevanssi_related_not_related":"","_relevanssi_related_posts":"212,181,201","_relevanssi_noindex_reason":"","inline_featured_image":false,"footnotes":""},"class_list":["post-223","page","type-page","status-publish","has-post-thumbnail","hentry"],"acf":[],"yoast_head":"<!-- This site is optimized with the Yoast SEO Premium plugin v27.1 (Yoast SEO v27.3) - https:\/\/yoast.com\/product\/yoast-seo-premium-wordpress\/ -->\n<title>Energia keski\u00f6\u00f6n - Metallinjalostajat<\/title>\n<meta name=\"robots\" content=\"index, follow, max-snippet:-1, max-image-preview:large, max-video-preview:-1\" \/>\n<link rel=\"canonical\" href=\"https:\/\/teknologiateollisuus.fi\/metallinjalostajat\/tavoitteemme\/energia-keskioon\/\" \/>\n<meta property=\"og:locale\" content=\"fi_FI\" \/>\n<meta property=\"og:type\" content=\"article\" \/>\n<meta property=\"og:title\" content=\"Energia keski\u00f6\u00f6n\" \/>\n<meta property=\"og:description\" content=\"P\u00e4\u00e4viestimme Tasaisesti saatavilla oleva puhdas ja edullinen s\u00e4hk\u00f6 on keskeinen tekij\u00e4 j\u00e4senyritystemme kilpailukyvylle ja s\u00e4hk\u00f6ist\u00e4m\u00e4ll\u00e4 saataville p\u00e4\u00e4st\u00f6v\u00e4hennyksille. Sen varmistamiseksi tarvitaan muun muassa kasvavan uusituvan s\u00e4hk\u00f6ntuotannon lis\u00e4ksi parempaa kyky\u00e4 varastoida energiaa ja l\u00f6yt\u00e4\u00e4 kannusteita raskaan prosessiteollisuuden joustokyky\u00e4 nopeammille s\u00e4hk\u00f6n kulutusjoustoille. Energiaj\u00e4rjestelm\u00e4n kehityksess\u00e4 puhtaan s\u00e4hk\u00f6ntuotannon riitt\u00e4v\u00e4 ja kilpailukykyinen omavaraisuus sek\u00e4 toimivat jakeluverkot, niin maan sis\u00e4ll\u00e4 kuin naapurimaihinkin, [&hellip;]\" \/>\n<meta property=\"og:url\" content=\"https:\/\/teknologiateollisuus.fi\/metallinjalostajat\/tavoitteemme\/energia-keskioon\/\" \/>\n<meta property=\"og:site_name\" content=\"Metallinjalostajat\" \/>\n<meta property=\"article:modified_time\" content=\"2025-04-15T11:55:03+00:00\" \/>\n<meta property=\"og:image\" content=\"https:\/\/teknologiateollisuus.fi\/metallinjalostajat\/wp-content\/uploads\/sites\/10\/2025\/04\/Pienitiedosto_Metalli_5046.jpeg\" \/>\n\t<meta property=\"og:image:width\" content=\"1044\" \/>\n\t<meta property=\"og:image:height\" content=\"696\" \/>\n\t<meta property=\"og:image:type\" content=\"image\/jpeg\" \/>\n<meta name=\"twitter:card\" content=\"summary_large_image\" \/>\n<meta name=\"twitter:label1\" content=\"Arvioitu lukuaika\" \/>\n\t<meta name=\"twitter:data1\" content=\"2 minuuttia\" \/>\n<script type=\"application\/ld+json\" class=\"yoast-schema-graph\">{\"@context\":\"https:\\\/\\\/schema.org\",\"@graph\":[{\"@type\":\"WebPage\",\"@id\":\"https:\\\/\\\/teknologiateollisuus.fi\\\/metallinjalostajat\\\/tavoitteemme\\\/energia-keskioon\\\/\",\"url\":\"https:\\\/\\\/teknologiateollisuus.fi\\\/metallinjalostajat\\\/tavoitteemme\\\/energia-keskioon\\\/\",\"name\":\"Energia keski\u00f6\u00f6n - Metallinjalostajat\",\"isPartOf\":{\"@id\":\"https:\\\/\\\/teknologiateollisuus.fi\\\/metallinjalostajat\\\/#website\"},\"primaryImageOfPage\":{\"@id\":\"https:\\\/\\\/teknologiateollisuus.fi\\\/metallinjalostajat\\\/tavoitteemme\\\/energia-keskioon\\\/#primaryimage\"},\"image\":{\"@id\":\"https:\\\/\\\/teknologiateollisuus.fi\\\/metallinjalostajat\\\/tavoitteemme\\\/energia-keskioon\\\/#primaryimage\"},\"thumbnailUrl\":\"https:\\\/\\\/teknologiateollisuus.fi\\\/metallinjalostajat\\\/wp-content\\\/uploads\\\/sites\\\/10\\\/2025\\\/04\\\/Pienitiedosto_Metalli_5046.jpeg\",\"datePublished\":\"2024-09-19T07:56:29+00:00\",\"dateModified\":\"2025-04-15T11:55:03+00:00\",\"breadcrumb\":{\"@id\":\"https:\\\/\\\/teknologiateollisuus.fi\\\/metallinjalostajat\\\/tavoitteemme\\\/energia-keskioon\\\/#breadcrumb\"},\"inLanguage\":\"fi\",\"potentialAction\":[{\"@type\":\"ReadAction\",\"target\":[\"https:\\\/\\\/teknologiateollisuus.fi\\\/metallinjalostajat\\\/tavoitteemme\\\/energia-keskioon\\\/\"]}]},{\"@type\":\"ImageObject\",\"inLanguage\":\"fi\",\"@id\":\"https:\\\/\\\/teknologiateollisuus.fi\\\/metallinjalostajat\\\/tavoitteemme\\\/energia-keskioon\\\/#primaryimage\",\"url\":\"https:\\\/\\\/teknologiateollisuus.fi\\\/metallinjalostajat\\\/wp-content\\\/uploads\\\/sites\\\/10\\\/2025\\\/04\\\/Pienitiedosto_Metalli_5046.jpeg\",\"contentUrl\":\"https:\\\/\\\/teknologiateollisuus.fi\\\/metallinjalostajat\\\/wp-content\\\/uploads\\\/sites\\\/10\\\/2025\\\/04\\\/Pienitiedosto_Metalli_5046.jpeg\",\"width\":1044,\"height\":696,\"caption\":\"Varma, v\u00e4h\u00e4p\u00e4\u00e4st\u00f6inen ja kohtuuhintainen energia on vientiteollisuudelle elint\u00e4rke\u00e4\u00e4\"},{\"@type\":\"BreadcrumbList\",\"@id\":\"https:\\\/\\\/teknologiateollisuus.fi\\\/metallinjalostajat\\\/tavoitteemme\\\/energia-keskioon\\\/#breadcrumb\",\"itemListElement\":[{\"@type\":\"ListItem\",\"position\":1,\"name\":\"Etusivu\",\"item\":\"https:\\\/\\\/teknologiateollisuus.fi\\\/metallinjalostajat\\\/\"},{\"@type\":\"ListItem\",\"position\":2,\"name\":\"Tavoitteemme\",\"item\":\"https:\\\/\\\/teknologiateollisuus.fi\\\/metallinjalostajat\\\/tavoitteemme\\\/\"},{\"@type\":\"ListItem\",\"position\":3,\"name\":\"Energia keski\u00f6\u00f6n\"}]},{\"@type\":\"WebSite\",\"@id\":\"https:\\\/\\\/teknologiateollisuus.fi\\\/metallinjalostajat\\\/#website\",\"url\":\"https:\\\/\\\/teknologiateollisuus.fi\\\/metallinjalostajat\\\/\",\"name\":\"Metallinjalostajat\",\"description\":\"\",\"potentialAction\":[{\"@type\":\"SearchAction\",\"target\":{\"@type\":\"EntryPoint\",\"urlTemplate\":\"https:\\\/\\\/teknologiateollisuus.fi\\\/metallinjalostajat\\\/?s={search_term_string}\"},\"query-input\":{\"@type\":\"PropertyValueSpecification\",\"valueRequired\":true,\"valueName\":\"search_term_string\"}}],\"inLanguage\":\"fi\"}]}<\/script>\n<!-- \/ Yoast SEO Premium plugin. -->","yoast_head_json":{"title":"Energia keski\u00f6\u00f6n - Metallinjalostajat","robots":{"index":"index","follow":"follow","max-snippet":"max-snippet:-1","max-image-preview":"max-image-preview:large","max-video-preview":"max-video-preview:-1"},"canonical":"https:\/\/teknologiateollisuus.fi\/metallinjalostajat\/tavoitteemme\/energia-keskioon\/","og_locale":"fi_FI","og_type":"article","og_title":"Energia keski\u00f6\u00f6n","og_description":"P\u00e4\u00e4viestimme Tasaisesti saatavilla oleva puhdas ja edullinen s\u00e4hk\u00f6 on keskeinen tekij\u00e4 j\u00e4senyritystemme kilpailukyvylle ja s\u00e4hk\u00f6ist\u00e4m\u00e4ll\u00e4 saataville p\u00e4\u00e4st\u00f6v\u00e4hennyksille. Sen varmistamiseksi tarvitaan muun muassa kasvavan uusituvan s\u00e4hk\u00f6ntuotannon lis\u00e4ksi parempaa kyky\u00e4 varastoida energiaa ja l\u00f6yt\u00e4\u00e4 kannusteita raskaan prosessiteollisuuden joustokyky\u00e4 nopeammille s\u00e4hk\u00f6n kulutusjoustoille. Energiaj\u00e4rjestelm\u00e4n kehityksess\u00e4 puhtaan s\u00e4hk\u00f6ntuotannon riitt\u00e4v\u00e4 ja kilpailukykyinen omavaraisuus sek\u00e4 toimivat jakeluverkot, niin maan sis\u00e4ll\u00e4 kuin naapurimaihinkin, [&hellip;]","og_url":"https:\/\/teknologiateollisuus.fi\/metallinjalostajat\/tavoitteemme\/energia-keskioon\/","og_site_name":"Metallinjalostajat","article_modified_time":"2025-04-15T11:55:03+00:00","og_image":[{"width":1044,"height":696,"url":"https:\/\/teknologiateollisuus.fi\/metallinjalostajat\/wp-content\/uploads\/sites\/10\/2025\/04\/Pienitiedosto_Metalli_5046.jpeg","type":"image\/jpeg"}],"twitter_card":"summary_large_image","twitter_misc":{"Arvioitu lukuaika":"2 minuuttia"},"schema":{"@context":"https:\/\/schema.org","@graph":[{"@type":"WebPage","@id":"https:\/\/teknologiateollisuus.fi\/metallinjalostajat\/tavoitteemme\/energia-keskioon\/","url":"https:\/\/teknologiateollisuus.fi\/metallinjalostajat\/tavoitteemme\/energia-keskioon\/","name":"Energia keski\u00f6\u00f6n - Metallinjalostajat","isPartOf":{"@id":"https:\/\/teknologiateollisuus.fi\/metallinjalostajat\/#website"},"primaryImageOfPage":{"@id":"https:\/\/teknologiateollisuus.fi\/metallinjalostajat\/tavoitteemme\/energia-keskioon\/#primaryimage"},"image":{"@id":"https:\/\/teknologiateollisuus.fi\/metallinjalostajat\/tavoitteemme\/energia-keskioon\/#primaryimage"},"thumbnailUrl":"https:\/\/teknologiateollisuus.fi\/metallinjalostajat\/wp-content\/uploads\/sites\/10\/2025\/04\/Pienitiedosto_Metalli_5046.jpeg","datePublished":"2024-09-19T07:56:29+00:00","dateModified":"2025-04-15T11:55:03+00:00","breadcrumb":{"@id":"https:\/\/teknologiateollisuus.fi\/metallinjalostajat\/tavoitteemme\/energia-keskioon\/#breadcrumb"},"inLanguage":"fi","potentialAction":[{"@type":"ReadAction","target":["https:\/\/teknologiateollisuus.fi\/metallinjalostajat\/tavoitteemme\/energia-keskioon\/"]}]},{"@type":"ImageObject","inLanguage":"fi","@id":"https:\/\/teknologiateollisuus.fi\/metallinjalostajat\/tavoitteemme\/energia-keskioon\/#primaryimage","url":"https:\/\/teknologiateollisuus.fi\/metallinjalostajat\/wp-content\/uploads\/sites\/10\/2025\/04\/Pienitiedosto_Metalli_5046.jpeg","contentUrl":"https:\/\/teknologiateollisuus.fi\/metallinjalostajat\/wp-content\/uploads\/sites\/10\/2025\/04\/Pienitiedosto_Metalli_5046.jpeg","width":1044,"height":696,"caption":"Varma, v\u00e4h\u00e4p\u00e4\u00e4st\u00f6inen ja kohtuuhintainen energia on vientiteollisuudelle elint\u00e4rke\u00e4\u00e4"},{"@type":"BreadcrumbList","@id":"https:\/\/teknologiateollisuus.fi\/metallinjalostajat\/tavoitteemme\/energia-keskioon\/#breadcrumb","itemListElement":[{"@type":"ListItem","position":1,"name":"Etusivu","item":"https:\/\/teknologiateollisuus.fi\/metallinjalostajat\/"},{"@type":"ListItem","position":2,"name":"Tavoitteemme","item":"https:\/\/teknologiateollisuus.fi\/metallinjalostajat\/tavoitteemme\/"},{"@type":"ListItem","position":3,"name":"Energia keski\u00f6\u00f6n"}]},{"@type":"WebSite","@id":"https:\/\/teknologiateollisuus.fi\/metallinjalostajat\/#website","url":"https:\/\/teknologiateollisuus.fi\/metallinjalostajat\/","name":"Metallinjalostajat","description":"","potentialAction":[{"@type":"SearchAction","target":{"@type":"EntryPoint","urlTemplate":"https:\/\/teknologiateollisuus.fi\/metallinjalostajat\/?s={search_term_string}"},"query-input":{"@type":"PropertyValueSpecification","valueRequired":true,"valueName":"search_term_string"}}],"inLanguage":"fi"}]}},"lang":"fi","translations":{"fi":223},"pll_sync_post":[],"_links":{"self":[{"href":"https:\/\/teknologiateollisuus.fi\/metallinjalostajat\/wp-json\/wp\/v2\/pages\/223","targetHints":{"allow":["GET"]}}],"collection":[{"href":"https:\/\/teknologiateollisuus.fi\/metallinjalostajat\/wp-json\/wp\/v2\/pages"}],"about":[{"href":"https:\/\/teknologiateollisuus.fi\/metallinjalostajat\/wp-json\/wp\/v2\/types\/page"}],"author":[{"embeddable":true,"href":"https:\/\/teknologiateollisuus.fi\/metallinjalostajat\/wp-json\/wp\/v2\/users\/52"}],"replies":[{"embeddable":true,"href":"https:\/\/teknologiateollisuus.fi\/metallinjalostajat\/wp-json\/wp\/v2\/comments?post=223"}],"version-history":[{"count":9,"href":"https:\/\/teknologiateollisuus.fi\/metallinjalostajat\/wp-json\/wp\/v2\/pages\/223\/revisions"}],"predecessor-version":[{"id":990,"href":"https:\/\/teknologiateollisuus.fi\/metallinjalostajat\/wp-json\/wp\/v2\/pages\/223\/revisions\/990"}],"up":[{"embeddable":true,"href":"https:\/\/teknologiateollisuus.fi\/metallinjalostajat\/wp-json\/wp\/v2\/pages\/183"}],"wp:featuredmedia":[{"embeddable":true,"href":"https:\/\/teknologiateollisuus.fi\/metallinjalostajat\/wp-json\/wp\/v2\/media\/988"}],"wp:attachment":[{"href":"https:\/\/teknologiateollisuus.fi\/metallinjalostajat\/wp-json\/wp\/v2\/media?parent=223"}],"curies":[{"name":"wp","href":"https:\/\/api.w.org\/{rel}","templated":true}]}}