{"id":226,"date":"2024-09-19T10:58:14","date_gmt":"2024-09-19T07:58:14","guid":{"rendered":"https:\/\/teknologiateollisuus.fi\/metallinjalostajat\/?page_id=226"},"modified":"2025-04-15T14:56:22","modified_gmt":"2025-04-15T11:56:22","slug":"edellakavijyys-kannattaa","status":"publish","type":"page","link":"https:\/\/teknologiateollisuus.fi\/metallinjalostajat\/tavoitteemme\/edellakavijyys-kannattaa\/","title":{"rendered":"Edell\u00e4k\u00e4vijyys kannattaa"},"content":{"rendered":"\n<div class=\"em-block-hero hero-has-background-color has-background has-tangerine-background-color has-image media-position-right \">\n\t<div class=\"em-block-hero__container\">\n\t\t<div class=\"em-block-hero__content\">\n\t\t\t<div class=\"yoast-breadcrumbs\"><span><span><a href=\"https:\/\/teknologiateollisuus.fi\/metallinjalostajat\/\">Etusivu<\/a><\/span> <span class=\"separator\"><\/span> <span><a href=\"https:\/\/teknologiateollisuus.fi\/metallinjalostajat\/tavoitteemme\/\">Tavoitteemme<\/a><\/span> <span class=\"separator\"><\/span> <span class=\"breadcrumb_last\" aria-current=\"page\">Edell\u00e4k\u00e4vijyys kannattaa<\/span><\/span><\/div>\t\t\t\n<h1 class=\"wp-block-heading\" id=\"h-edellakavijyys-kannattaa\"><strong>Edell\u00e4k\u00e4vijyys kannattaa<\/strong><\/h1>\n\n<p><\/p>\n\t\t\t<div class=\"em-block-hero__modified-date\"> P\u00e4ivitetty 15.04.2025 klo 14:56<\/div>\t\t<\/div>\n\t\t\t\t\t<figure class=\"em-block-hero__image\">\n\t\t\t\t<img loading=\"lazy\" decoding=\"async\" width=\"1044\" height=\"696\" src=\"https:\/\/teknologiateollisuus.fi\/metallinjalostajat\/wp-content\/uploads\/sites\/10\/2025\/04\/Pienitiedosto_Metalli_0249.jpeg\" class=\"attachment-hero size-hero\" alt=\"Edell\u00e4k\u00e4vijyys kannattaa\" srcset=\"https:\/\/teknologiateollisuus.fi\/metallinjalostajat\/wp-content\/uploads\/sites\/10\/2025\/04\/Pienitiedosto_Metalli_0249.jpeg 1044w, https:\/\/teknologiateollisuus.fi\/metallinjalostajat\/wp-content\/uploads\/sites\/10\/2025\/04\/Pienitiedosto_Metalli_0249-400x267.jpeg 400w, https:\/\/teknologiateollisuus.fi\/metallinjalostajat\/wp-content\/uploads\/sites\/10\/2025\/04\/Pienitiedosto_Metalli_0249-968x645.jpeg 968w, https:\/\/teknologiateollisuus.fi\/metallinjalostajat\/wp-content\/uploads\/sites\/10\/2025\/04\/Pienitiedosto_Metalli_0249-768x512.jpeg 768w\" sizes=\"auto, (max-width: 1044px) 100vw, 1044px\" \/>\t\t\t<\/figure>\n\t\t\t<\/div>\n<\/div>\n\n\n\n<h2 class=\"wp-block-heading\" id=\"h-paaviestimme\"><strong>P\u00e4\u00e4viestimme<\/strong><\/h2>\n\n\n\n<p>Olemme merkitt\u00e4v\u00e4 osa vientiteollisuutta, ja menestyminen kansainv\u00e4lisess\u00e4 kilpailussa edellytt\u00e4\u00e4 jatkuvaa uudistumista kest\u00e4v\u00e4mp\u00e4\u00e4n suuntaan. Kilpailukyvyn varmistamiseksi tarvitsemme vahvaa teollisuuspolitiikkaa sek\u00e4 Suomessa ett\u00e4 EU:ssa, joka tukee reilua kilpailua ja edell\u00e4k\u00e4vij\u00f6it\u00e4. T\u00e4m\u00e4 on t\u00e4rke\u00e4 edellytys uudistumiseen t\u00e4ht\u00e4\u00e4vien investointien toteutumiselle.&nbsp;Euroopan teollisuuden p\u00e4\u00e4st\u00f6v\u00e4hennysten vauhdittaminen ei saisi johtaa valtiontukikilpailun kiihtymiseen.<\/p>\n\n\n\n<p>Erikoistuminen ja ymp\u00e4rist\u00f6suorituskyvylt\u00e4\u00e4n edistyneiden tuotteiden valmistus tarjoaa kasvua ja kilpailukyky\u00e4, siksi on t\u00e4rke\u00e4\u00e4 my\u00f6s minimoida hiilivuotoriski hyvin toimivalla hiilirajamekanismilla. Samaan aikaan EU:n tulee suojautua aktiivisesti ep\u00e4reilulta kilpailulta ja k\u00e4ytt\u00e4\u00e4 kaupan suojamekanismeja aina tarvittaessa. Rakeenteelliset ongelmat yll\u00e4pit\u00e4v\u00e4t ep\u00e4reilua kilpailua, kuten esimerkiksi erityisesti Kiinassa esiintyv\u00e4, tuettu ylikapasiteetti ja ylituotanto monien raaka-aineiden ja jatkojalosteiden osalta. Suomen ja EU:n raaka-ainetuontiriippuvuus korostaa metallien saatuuden varmistamista toimintamme jatkuvuuden kannalta.<\/p>\n\n\n\n<h2 class=\"wp-block-heading\" id=\"h-paatoksenteon-suuntalinjat\"><strong>P\u00e4\u00e4t\u00f6ksenteon suuntalinjat<\/strong><\/h2>\n\n\n\n<ul class=\"wp-block-list\">\n<li><em>Teollisuuspolitiikan toimeenpanon tulee vahvistaa v\u00e4h\u00e4hiilisten ja kest\u00e4v\u00e4sti tuotettujen metallien arvoketjun kilpailukyky<\/em>\u00e4.<\/li>\n\n\n\n<li><em>Johdonmukainen siirtym\u00e4 v\u00e4h\u00e4hiilisyyteen edellytt\u00e4\u00e4 v\u00e4h\u00e4hiilisesti tuotettujen metallien tarjonnan ja k\u00e4yt\u00f6n kasvua. Samalla tarvitaan parannuksia hiilirajamekanismiin (CBAM) kiert\u00e4misen ehk\u00e4isemiseksi.<\/em><\/li>\n\n\n\n<li><em>Reilun kilpailun tulee tuottaa kilpailuetua edell\u00e4k\u00e4vij\u00e4lle. Tarvitaan nopeammin k\u00e4ytt\u00f6\u00f6n otettavia ja vahvempia WTO-yhteensopivia toimenpiteit\u00e4 ep\u00e4reilulta kilpailulta suojautumiseksi sek\u00e4 suojaustoimien kiert\u00e4misen est\u00e4miseksi osana EU:n kauppapolitiikkaa<\/em><\/li>\n\n\n\n<li><em>EU:n kriittisten raaka-aineiden asetuksen toimeenpanoa tulee jatkaa m\u00e4\u00e4r\u00e4tietoisesti<\/em> <em><em>ja <\/em>vahvistaa turvallisuutta ja omavaraisuutta v\u00e4hent\u00e4m\u00e4ll\u00e4 EU:n raaka-aineriippuvuutta muusta maailmasta<\/em>.<\/li>\n<\/ul>\n\n\n\n<h2 class=\"wp-block-heading\" id=\"h-keskeiset-eu-aloitteet-ja-uudistukset\"><strong>Keskeiset EU-aloitteet ja uudistukset<\/strong><\/h2>\n\n\n\n<ul class=\"wp-block-list\">\n<li>Clean Industrial Deal (including New State aid framework)<\/li>\n\n\n\n<li>European Competitiveness Fund<\/li>\n\n\n\n<li>Important Projects of Common Interest (IPCEI)<\/li>\n\n\n\n<li>Steel and metals action plan<\/li>\n\n\n\n<li>Decarbonisation Accelerator Act<\/li>\n\n\n\n<li>New foreign economic policy \/ EU trade policy<\/li>\n\n\n\n<li>Clean Trade and Investment Partnerships<\/li>\n\n\n\n<li>Aggregated demand mechanism (Hydrogen and critical raw materials)<\/li>\n\n\n\n<li>Public procurement Directive (Single market for sustainable products)<\/li>\n<\/ul>\n","protected":false},"excerpt":{"rendered":"<p>P\u00e4\u00e4viestimme Olemme merkitt\u00e4v\u00e4 osa vientiteollisuutta, ja menestyminen kansainv\u00e4lisess\u00e4 kilpailussa edellytt\u00e4\u00e4 jatkuvaa uudistumista kest\u00e4v\u00e4mp\u00e4\u00e4n suuntaan. Kilpailukyvyn varmistamiseksi tarvitsemme vahvaa teollisuuspolitiikkaa sek\u00e4 Suomessa ett\u00e4 EU:ssa, joka tukee reilua kilpailua ja edell\u00e4k\u00e4vij\u00f6it\u00e4. T\u00e4m\u00e4 on t\u00e4rke\u00e4 edellytys uudistumiseen t\u00e4ht\u00e4\u00e4vien investointien toteutumiselle.&nbsp;Euroopan teollisuuden p\u00e4\u00e4st\u00f6v\u00e4hennysten vauhdittaminen ei saisi johtaa valtiontukikilpailun kiihtymiseen. Erikoistuminen ja ymp\u00e4rist\u00f6suorituskyvylt\u00e4\u00e4n edistyneiden tuotteiden valmistus tarjoaa kasvua ja kilpailukyky\u00e4, [&hellip;]<\/p>\n","protected":false},"author":52,"featured_media":991,"parent":183,"menu_order":2,"comment_status":"closed","ping_status":"closed","template":"","meta":{"_acf_changed":false,"_relevanssi_hide_post":"","_relevanssi_hide_content":"","_relevanssi_pin_for_all":"","_relevanssi_pin_keywords":"","_relevanssi_unpin_keywords":"","_relevanssi_related_keywords":"","_relevanssi_related_include_ids":"","_relevanssi_related_exclude_ids":"","_relevanssi_related_no_append":"","_relevanssi_related_not_related":"","_relevanssi_related_posts":"181,201,212","_relevanssi_noindex_reason":"","inline_featured_image":false,"footnotes":""},"class_list":["post-226","page","type-page","status-publish","has-post-thumbnail","hentry"],"acf":[],"yoast_head":"<!-- This site is optimized with the Yoast SEO Premium plugin v27.1 (Yoast SEO v27.3) - https:\/\/yoast.com\/product\/yoast-seo-premium-wordpress\/ -->\n<title>Edell\u00e4k\u00e4vijyys kannattaa - Metallinjalostajat<\/title>\n<meta name=\"robots\" content=\"index, follow, max-snippet:-1, max-image-preview:large, max-video-preview:-1\" \/>\n<link rel=\"canonical\" href=\"https:\/\/teknologiateollisuus.fi\/metallinjalostajat\/tavoitteemme\/edellakavijyys-kannattaa\/\" \/>\n<meta property=\"og:locale\" content=\"fi_FI\" \/>\n<meta property=\"og:type\" content=\"article\" \/>\n<meta property=\"og:title\" content=\"Edell\u00e4k\u00e4vijyys kannattaa\" \/>\n<meta property=\"og:description\" content=\"P\u00e4\u00e4viestimme Olemme merkitt\u00e4v\u00e4 osa vientiteollisuutta, ja menestyminen kansainv\u00e4lisess\u00e4 kilpailussa edellytt\u00e4\u00e4 jatkuvaa uudistumista kest\u00e4v\u00e4mp\u00e4\u00e4n suuntaan. Kilpailukyvyn varmistamiseksi tarvitsemme vahvaa teollisuuspolitiikkaa sek\u00e4 Suomessa ett\u00e4 EU:ssa, joka tukee reilua kilpailua ja edell\u00e4k\u00e4vij\u00f6it\u00e4. T\u00e4m\u00e4 on t\u00e4rke\u00e4 edellytys uudistumiseen t\u00e4ht\u00e4\u00e4vien investointien toteutumiselle.&nbsp;Euroopan teollisuuden p\u00e4\u00e4st\u00f6v\u00e4hennysten vauhdittaminen ei saisi johtaa valtiontukikilpailun kiihtymiseen. Erikoistuminen ja ymp\u00e4rist\u00f6suorituskyvylt\u00e4\u00e4n edistyneiden tuotteiden valmistus tarjoaa kasvua ja kilpailukyky\u00e4, [&hellip;]\" \/>\n<meta property=\"og:url\" content=\"https:\/\/teknologiateollisuus.fi\/metallinjalostajat\/tavoitteemme\/edellakavijyys-kannattaa\/\" \/>\n<meta property=\"og:site_name\" content=\"Metallinjalostajat\" \/>\n<meta property=\"article:modified_time\" content=\"2025-04-15T11:56:22+00:00\" \/>\n<meta property=\"og:image\" content=\"https:\/\/teknologiateollisuus.fi\/metallinjalostajat\/wp-content\/uploads\/sites\/10\/2025\/04\/Pienitiedosto_Metalli_0249.jpeg\" \/>\n\t<meta property=\"og:image:width\" content=\"1044\" \/>\n\t<meta property=\"og:image:height\" content=\"696\" \/>\n\t<meta property=\"og:image:type\" content=\"image\/jpeg\" \/>\n<meta name=\"twitter:card\" content=\"summary_large_image\" \/>\n<meta name=\"twitter:label1\" content=\"Arvioitu lukuaika\" \/>\n\t<meta name=\"twitter:data1\" content=\"2 minuuttia\" \/>\n<script type=\"application\/ld+json\" class=\"yoast-schema-graph\">{\"@context\":\"https:\\\/\\\/schema.org\",\"@graph\":[{\"@type\":\"WebPage\",\"@id\":\"https:\\\/\\\/teknologiateollisuus.fi\\\/metallinjalostajat\\\/tavoitteemme\\\/edellakavijyys-kannattaa\\\/\",\"url\":\"https:\\\/\\\/teknologiateollisuus.fi\\\/metallinjalostajat\\\/tavoitteemme\\\/edellakavijyys-kannattaa\\\/\",\"name\":\"Edell\u00e4k\u00e4vijyys kannattaa - Metallinjalostajat\",\"isPartOf\":{\"@id\":\"https:\\\/\\\/teknologiateollisuus.fi\\\/metallinjalostajat\\\/#website\"},\"primaryImageOfPage\":{\"@id\":\"https:\\\/\\\/teknologiateollisuus.fi\\\/metallinjalostajat\\\/tavoitteemme\\\/edellakavijyys-kannattaa\\\/#primaryimage\"},\"image\":{\"@id\":\"https:\\\/\\\/teknologiateollisuus.fi\\\/metallinjalostajat\\\/tavoitteemme\\\/edellakavijyys-kannattaa\\\/#primaryimage\"},\"thumbnailUrl\":\"https:\\\/\\\/teknologiateollisuus.fi\\\/metallinjalostajat\\\/wp-content\\\/uploads\\\/sites\\\/10\\\/2025\\\/04\\\/Pienitiedosto_Metalli_0249.jpeg\",\"datePublished\":\"2024-09-19T07:58:14+00:00\",\"dateModified\":\"2025-04-15T11:56:22+00:00\",\"breadcrumb\":{\"@id\":\"https:\\\/\\\/teknologiateollisuus.fi\\\/metallinjalostajat\\\/tavoitteemme\\\/edellakavijyys-kannattaa\\\/#breadcrumb\"},\"inLanguage\":\"fi\",\"potentialAction\":[{\"@type\":\"ReadAction\",\"target\":[\"https:\\\/\\\/teknologiateollisuus.fi\\\/metallinjalostajat\\\/tavoitteemme\\\/edellakavijyys-kannattaa\\\/\"]}]},{\"@type\":\"ImageObject\",\"inLanguage\":\"fi\",\"@id\":\"https:\\\/\\\/teknologiateollisuus.fi\\\/metallinjalostajat\\\/tavoitteemme\\\/edellakavijyys-kannattaa\\\/#primaryimage\",\"url\":\"https:\\\/\\\/teknologiateollisuus.fi\\\/metallinjalostajat\\\/wp-content\\\/uploads\\\/sites\\\/10\\\/2025\\\/04\\\/Pienitiedosto_Metalli_0249.jpeg\",\"contentUrl\":\"https:\\\/\\\/teknologiateollisuus.fi\\\/metallinjalostajat\\\/wp-content\\\/uploads\\\/sites\\\/10\\\/2025\\\/04\\\/Pienitiedosto_Metalli_0249.jpeg\",\"width\":1044,\"height\":696,\"caption\":\"Edell\u00e4k\u00e4vijyys kannattaa\"},{\"@type\":\"BreadcrumbList\",\"@id\":\"https:\\\/\\\/teknologiateollisuus.fi\\\/metallinjalostajat\\\/tavoitteemme\\\/edellakavijyys-kannattaa\\\/#breadcrumb\",\"itemListElement\":[{\"@type\":\"ListItem\",\"position\":1,\"name\":\"Etusivu\",\"item\":\"https:\\\/\\\/teknologiateollisuus.fi\\\/metallinjalostajat\\\/\"},{\"@type\":\"ListItem\",\"position\":2,\"name\":\"Tavoitteemme\",\"item\":\"https:\\\/\\\/teknologiateollisuus.fi\\\/metallinjalostajat\\\/tavoitteemme\\\/\"},{\"@type\":\"ListItem\",\"position\":3,\"name\":\"Edell\u00e4k\u00e4vijyys kannattaa\"}]},{\"@type\":\"WebSite\",\"@id\":\"https:\\\/\\\/teknologiateollisuus.fi\\\/metallinjalostajat\\\/#website\",\"url\":\"https:\\\/\\\/teknologiateollisuus.fi\\\/metallinjalostajat\\\/\",\"name\":\"Metallinjalostajat\",\"description\":\"\",\"potentialAction\":[{\"@type\":\"SearchAction\",\"target\":{\"@type\":\"EntryPoint\",\"urlTemplate\":\"https:\\\/\\\/teknologiateollisuus.fi\\\/metallinjalostajat\\\/?s={search_term_string}\"},\"query-input\":{\"@type\":\"PropertyValueSpecification\",\"valueRequired\":true,\"valueName\":\"search_term_string\"}}],\"inLanguage\":\"fi\"}]}<\/script>\n<!-- \/ Yoast SEO Premium plugin. -->","yoast_head_json":{"title":"Edell\u00e4k\u00e4vijyys kannattaa - Metallinjalostajat","robots":{"index":"index","follow":"follow","max-snippet":"max-snippet:-1","max-image-preview":"max-image-preview:large","max-video-preview":"max-video-preview:-1"},"canonical":"https:\/\/teknologiateollisuus.fi\/metallinjalostajat\/tavoitteemme\/edellakavijyys-kannattaa\/","og_locale":"fi_FI","og_type":"article","og_title":"Edell\u00e4k\u00e4vijyys kannattaa","og_description":"P\u00e4\u00e4viestimme Olemme merkitt\u00e4v\u00e4 osa vientiteollisuutta, ja menestyminen kansainv\u00e4lisess\u00e4 kilpailussa edellytt\u00e4\u00e4 jatkuvaa uudistumista kest\u00e4v\u00e4mp\u00e4\u00e4n suuntaan. Kilpailukyvyn varmistamiseksi tarvitsemme vahvaa teollisuuspolitiikkaa sek\u00e4 Suomessa ett\u00e4 EU:ssa, joka tukee reilua kilpailua ja edell\u00e4k\u00e4vij\u00f6it\u00e4. T\u00e4m\u00e4 on t\u00e4rke\u00e4 edellytys uudistumiseen t\u00e4ht\u00e4\u00e4vien investointien toteutumiselle.&nbsp;Euroopan teollisuuden p\u00e4\u00e4st\u00f6v\u00e4hennysten vauhdittaminen ei saisi johtaa valtiontukikilpailun kiihtymiseen. Erikoistuminen ja ymp\u00e4rist\u00f6suorituskyvylt\u00e4\u00e4n edistyneiden tuotteiden valmistus tarjoaa kasvua ja kilpailukyky\u00e4, [&hellip;]","og_url":"https:\/\/teknologiateollisuus.fi\/metallinjalostajat\/tavoitteemme\/edellakavijyys-kannattaa\/","og_site_name":"Metallinjalostajat","article_modified_time":"2025-04-15T11:56:22+00:00","og_image":[{"width":1044,"height":696,"url":"https:\/\/teknologiateollisuus.fi\/metallinjalostajat\/wp-content\/uploads\/sites\/10\/2025\/04\/Pienitiedosto_Metalli_0249.jpeg","type":"image\/jpeg"}],"twitter_card":"summary_large_image","twitter_misc":{"Arvioitu lukuaika":"2 minuuttia"},"schema":{"@context":"https:\/\/schema.org","@graph":[{"@type":"WebPage","@id":"https:\/\/teknologiateollisuus.fi\/metallinjalostajat\/tavoitteemme\/edellakavijyys-kannattaa\/","url":"https:\/\/teknologiateollisuus.fi\/metallinjalostajat\/tavoitteemme\/edellakavijyys-kannattaa\/","name":"Edell\u00e4k\u00e4vijyys kannattaa - Metallinjalostajat","isPartOf":{"@id":"https:\/\/teknologiateollisuus.fi\/metallinjalostajat\/#website"},"primaryImageOfPage":{"@id":"https:\/\/teknologiateollisuus.fi\/metallinjalostajat\/tavoitteemme\/edellakavijyys-kannattaa\/#primaryimage"},"image":{"@id":"https:\/\/teknologiateollisuus.fi\/metallinjalostajat\/tavoitteemme\/edellakavijyys-kannattaa\/#primaryimage"},"thumbnailUrl":"https:\/\/teknologiateollisuus.fi\/metallinjalostajat\/wp-content\/uploads\/sites\/10\/2025\/04\/Pienitiedosto_Metalli_0249.jpeg","datePublished":"2024-09-19T07:58:14+00:00","dateModified":"2025-04-15T11:56:22+00:00","breadcrumb":{"@id":"https:\/\/teknologiateollisuus.fi\/metallinjalostajat\/tavoitteemme\/edellakavijyys-kannattaa\/#breadcrumb"},"inLanguage":"fi","potentialAction":[{"@type":"ReadAction","target":["https:\/\/teknologiateollisuus.fi\/metallinjalostajat\/tavoitteemme\/edellakavijyys-kannattaa\/"]}]},{"@type":"ImageObject","inLanguage":"fi","@id":"https:\/\/teknologiateollisuus.fi\/metallinjalostajat\/tavoitteemme\/edellakavijyys-kannattaa\/#primaryimage","url":"https:\/\/teknologiateollisuus.fi\/metallinjalostajat\/wp-content\/uploads\/sites\/10\/2025\/04\/Pienitiedosto_Metalli_0249.jpeg","contentUrl":"https:\/\/teknologiateollisuus.fi\/metallinjalostajat\/wp-content\/uploads\/sites\/10\/2025\/04\/Pienitiedosto_Metalli_0249.jpeg","width":1044,"height":696,"caption":"Edell\u00e4k\u00e4vijyys kannattaa"},{"@type":"BreadcrumbList","@id":"https:\/\/teknologiateollisuus.fi\/metallinjalostajat\/tavoitteemme\/edellakavijyys-kannattaa\/#breadcrumb","itemListElement":[{"@type":"ListItem","position":1,"name":"Etusivu","item":"https:\/\/teknologiateollisuus.fi\/metallinjalostajat\/"},{"@type":"ListItem","position":2,"name":"Tavoitteemme","item":"https:\/\/teknologiateollisuus.fi\/metallinjalostajat\/tavoitteemme\/"},{"@type":"ListItem","position":3,"name":"Edell\u00e4k\u00e4vijyys kannattaa"}]},{"@type":"WebSite","@id":"https:\/\/teknologiateollisuus.fi\/metallinjalostajat\/#website","url":"https:\/\/teknologiateollisuus.fi\/metallinjalostajat\/","name":"Metallinjalostajat","description":"","potentialAction":[{"@type":"SearchAction","target":{"@type":"EntryPoint","urlTemplate":"https:\/\/teknologiateollisuus.fi\/metallinjalostajat\/?s={search_term_string}"},"query-input":{"@type":"PropertyValueSpecification","valueRequired":true,"valueName":"search_term_string"}}],"inLanguage":"fi"}]}},"lang":"fi","translations":{"fi":226},"pll_sync_post":[],"_links":{"self":[{"href":"https:\/\/teknologiateollisuus.fi\/metallinjalostajat\/wp-json\/wp\/v2\/pages\/226","targetHints":{"allow":["GET"]}}],"collection":[{"href":"https:\/\/teknologiateollisuus.fi\/metallinjalostajat\/wp-json\/wp\/v2\/pages"}],"about":[{"href":"https:\/\/teknologiateollisuus.fi\/metallinjalostajat\/wp-json\/wp\/v2\/types\/page"}],"author":[{"embeddable":true,"href":"https:\/\/teknologiateollisuus.fi\/metallinjalostajat\/wp-json\/wp\/v2\/users\/52"}],"replies":[{"embeddable":true,"href":"https:\/\/teknologiateollisuus.fi\/metallinjalostajat\/wp-json\/wp\/v2\/comments?post=226"}],"version-history":[{"count":10,"href":"https:\/\/teknologiateollisuus.fi\/metallinjalostajat\/wp-json\/wp\/v2\/pages\/226\/revisions"}],"predecessor-version":[{"id":993,"href":"https:\/\/teknologiateollisuus.fi\/metallinjalostajat\/wp-json\/wp\/v2\/pages\/226\/revisions\/993"}],"up":[{"embeddable":true,"href":"https:\/\/teknologiateollisuus.fi\/metallinjalostajat\/wp-json\/wp\/v2\/pages\/183"}],"wp:featuredmedia":[{"embeddable":true,"href":"https:\/\/teknologiateollisuus.fi\/metallinjalostajat\/wp-json\/wp\/v2\/media\/991"}],"wp:attachment":[{"href":"https:\/\/teknologiateollisuus.fi\/metallinjalostajat\/wp-json\/wp\/v2\/media?parent=226"}],"curies":[{"name":"wp","href":"https:\/\/api.w.org\/{rel}","templated":true}]}}