{"id":233,"date":"2024-09-19T11:08:27","date_gmt":"2024-09-19T08:08:27","guid":{"rendered":"https:\/\/teknologiateollisuus.fi\/metallinjalostajat\/?page_id=233"},"modified":"2026-02-02T13:24:39","modified_gmt":"2026-02-02T11:24:39","slug":"sujuvaa-luvitusta","status":"publish","type":"page","link":"https:\/\/teknologiateollisuus.fi\/metallinjalostajat\/tavoitteemme\/sujuvaa-luvitusta\/","title":{"rendered":"Sujuvaa luvitusta"},"content":{"rendered":"\n<div class=\"em-block-hero hero-has-background-color has-background has-tangerine-background-color has-image media-position-right \">\n\t<div class=\"em-block-hero__container\">\n\t\t<div class=\"em-block-hero__content\">\n\t\t\t<div class=\"yoast-breadcrumbs\"><span><span><a href=\"https:\/\/teknologiateollisuus.fi\/metallinjalostajat\/\">Etusivu<\/a><\/span> <span class=\"separator\"><\/span> <span><a href=\"https:\/\/teknologiateollisuus.fi\/metallinjalostajat\/tavoitteemme\/\">Tavoitteemme<\/a><\/span> <span class=\"separator\"><\/span> <span class=\"breadcrumb_last\" aria-current=\"page\">Sujuvaa luvitusta<\/span><\/span><\/div>\t\t\t\n<h1 class=\"wp-block-heading\" id=\"h-sujuvaa-luvitusta\"><strong>Sujuvaa luvitusta<\/strong><\/h1>\n\n<p><\/p>\n\t\t\t<div class=\"em-block-hero__modified-date\"> P\u00e4ivitetty 02.02.2026 klo 13:24<\/div>\t\t<\/div>\n\t\t\t\t\t<figure class=\"em-block-hero__image\">\n\t\t\t\t<img loading=\"lazy\" decoding=\"async\" width=\"1044\" height=\"696\" src=\"https:\/\/teknologiateollisuus.fi\/metallinjalostajat\/wp-content\/uploads\/sites\/10\/2025\/04\/Pienitiedosto_Metalli_0226.jpeg\" class=\"attachment-hero size-hero\" alt=\"Kuparia talon aulassa\" srcset=\"https:\/\/teknologiateollisuus.fi\/metallinjalostajat\/wp-content\/uploads\/sites\/10\/2025\/04\/Pienitiedosto_Metalli_0226.jpeg 1044w, https:\/\/teknologiateollisuus.fi\/metallinjalostajat\/wp-content\/uploads\/sites\/10\/2025\/04\/Pienitiedosto_Metalli_0226-400x267.jpeg 400w, https:\/\/teknologiateollisuus.fi\/metallinjalostajat\/wp-content\/uploads\/sites\/10\/2025\/04\/Pienitiedosto_Metalli_0226-968x645.jpeg 968w, https:\/\/teknologiateollisuus.fi\/metallinjalostajat\/wp-content\/uploads\/sites\/10\/2025\/04\/Pienitiedosto_Metalli_0226-768x512.jpeg 768w\" sizes=\"auto, (max-width: 1044px) 100vw, 1044px\" \/>\t\t\t<\/figure>\n\t\t\t<\/div>\n<\/div>\n\n\n\n<h2 class=\"wp-block-heading\" id=\"h-paaviestimme\"><strong>P\u00e4\u00e4viestimme<\/strong><\/h2>\n\n\n\n<p>Suomalaisella metallinjalostusalalla on jo tehty paljon p\u00e4\u00e4st\u00f6jen v\u00e4hent\u00e4miseksi. Kaikkein suurimmat investoinnit p\u00e4\u00e4st\u00f6tt\u00f6miin ratkaisuihin ovat kuitenkin viel\u00e4 edess\u00e4. Yritysten hallinnollisen taakan kasvua tulee v\u00e4ltt\u00e4\u00e4. Sen sijaan on keskitytt\u00e4v\u00e4 vaikuttavaan ja kustannustehokkaaseen s\u00e4\u00e4ntelyyn ja luvitukseen, joka edist\u00e4\u00e4 johdonmukaisesti teollisuuden uudistumista sek\u00e4 kest\u00e4vyydest\u00e4 saatavaa kilpailuetua. T\u00e4m\u00e4 koskee erityisesti EU-tason s\u00e4\u00e4ntely\u00e4 mutta my\u00f6s EU-s\u00e4\u00e4ntelyn kansallista toimeenpanoa sek\u00e4 mahdollisten poikkeamistarpeiden huomiointia alueellisten erityispiirteiden takia.<\/p>\n\n\n\n<p>Tutkittuun tietoon perustuva p\u00e4\u00e4t\u00f6ksenteko ja ilmasto- sek\u00e4 ymp\u00e4rist\u00f6haasteiden kokonaisvaltainen \u2013 rajat ylitt\u00e4v\u00e4 \u2013 hahmottaminen on olennaista kest\u00e4v\u00e4n kehityksen onnistuneeksi edist\u00e4miseksi. Suomalainen metallinjalostusteollisuus on jo nyt ymp\u00e4rist\u00f6suorituskyvylt\u00e4\u00e4n maailman huippua ja t\u00e4rke\u00e4 osa vientiteollisuuttamme sek\u00e4 k\u00e4denj\u00e4lkemme kasvattamista.<\/p>\n\n\n\n<p>Pid\u00e4mme teollisuuspuistojen kehittymismahdollisuuksien vahvistamista yhten\u00e4 keskeisen\u00e4 tapana edist\u00e4\u00e4 kiertotaloutta sek\u00e4 luoda kilpailuetua niiss\u00e4 toimiville j\u00e4senyrityksillemme.<\/p>\n\n\n\n<p>Kiertotalouden edist\u00e4miseksi tulee purkaa s\u00e4\u00e4ntelyn esteit\u00e4 ja varmistaa, ett\u00e4 j\u00e4te-, tuote- ja kemikaalis\u00e4\u00e4ntely muodostavat selke\u00e4n ja mahdollistavan kokonaisuuden.<\/p>\n\n\n\n<p>Teollisuuden raskasmetallip\u00e4\u00e4st\u00f6t veteen ja ilmaan ovat v\u00e4hentyneet. Vesien laadun arvioinnin osalta tulee jatkossa tunnistaa entist\u00e4 paremmin ilmaston muutoksen tuoma luontaisen kuormituksen kasvu muista tekij\u00f6ist\u00e4.<\/p>\n\n\n\n<h2 class=\"wp-block-heading\" id=\"h-paatoksenteon-suuntalinjat\"><strong>P\u00e4\u00e4t\u00f6ksenteon suuntalinjat<\/strong><\/h2>\n\n\n\n<ul class=\"wp-block-list\">\n<li>V\u00e4h\u00e4hiilisyydess\u00e4 tulee siirt\u00e4\u00e4 painotus s\u00e4\u00e4ntelyst\u00e4 tavoitteiden toimeenpanoon ja uudistumisen tarvittavien mahdollistavien edellytysten rakentamiseen.<\/li>\n\n\n\n<li>Hyv\u00e4\u00e4 investointiymp\u00e4rist\u00f6\u00e4 rakennetaan s\u00e4\u00e4ntelyn johdonmukaisuudella sek\u00e4 sujuvilla ja ennustettavilla viranomais- ja luvitusprosesseilla.<\/li>\n\n\n\n<li>V\u00e4ltet\u00e4\u00e4n EU-lains\u00e4\u00e4d\u00e4nn\u00f6n toimeenpanon yhteydess\u00e4 kansallista lis\u00e4s\u00e4\u00e4ntely\u00e4. Kansallisia joustoja tulee k\u00e4ytt\u00e4\u00e4 mahdollisuuksien mukaan v\u00e4h\u00e4hiilisyyden edist\u00e4miseksi.<\/li>\n\n\n\n<li>Kiertotalous ei toimi ilman metallinjalostusta. Toimintaedellytystemme kehitt\u00e4misen kautta rakennetaan pohja my\u00f6s kiertotalouden kasvulle.<\/li>\n\n\n\n<li>J\u00e4te ja sivumateriaalit tulee n\u00e4hd\u00e4 ensisijaisesti raaka-aineina ja saada entist\u00e4 helpommin kiertotalouden k\u00e4ytt\u00f6\u00f6n.<\/li>\n<\/ul>\n\n\n\n<h2 class=\"wp-block-heading\" id=\"h-keskeiset-eu-aloitteet-ja-uudistukset\"><strong>Keskeiset EU-aloitteet ja uudistukset<\/strong><\/h2>\n\n\n\n<ul class=\"wp-block-list\">\n<li>Circular Economy Act<\/li>\n\n\n\n<li>New Chemicals Industry Package<\/li>\n\n\n\n<li>European Water Resilience Strategy<\/li>\n\n\n\n<li>Soil Monitoring Law<\/li>\n<\/ul>\n","protected":false},"excerpt":{"rendered":"<p>P\u00e4\u00e4viestimme Suomalaisella metallinjalostusalalla on jo tehty paljon p\u00e4\u00e4st\u00f6jen v\u00e4hent\u00e4miseksi. Kaikkein suurimmat investoinnit p\u00e4\u00e4st\u00f6tt\u00f6miin ratkaisuihin ovat kuitenkin viel\u00e4 edess\u00e4. Yritysten hallinnollisen taakan kasvua tulee v\u00e4ltt\u00e4\u00e4. Sen sijaan on keskitytt\u00e4v\u00e4 vaikuttavaan ja kustannustehokkaaseen s\u00e4\u00e4ntelyyn ja luvitukseen, joka edist\u00e4\u00e4 johdonmukaisesti teollisuuden uudistumista sek\u00e4 kest\u00e4vyydest\u00e4 saatavaa kilpailuetua. T\u00e4m\u00e4 koskee erityisesti EU-tason s\u00e4\u00e4ntely\u00e4 mutta my\u00f6s EU-s\u00e4\u00e4ntelyn kansallista toimeenpanoa sek\u00e4 mahdollisten [&hellip;]<\/p>\n","protected":false},"author":52,"featured_media":994,"parent":183,"menu_order":3,"comment_status":"closed","ping_status":"closed","template":"","meta":{"_acf_changed":false,"_relevanssi_hide_post":"","_relevanssi_hide_content":"","_relevanssi_pin_for_all":"","_relevanssi_pin_keywords":"","_relevanssi_unpin_keywords":"","_relevanssi_related_keywords":"","_relevanssi_related_include_ids":"","_relevanssi_related_exclude_ids":"","_relevanssi_related_no_append":"","_relevanssi_related_not_related":"","_relevanssi_related_posts":"181,212,201","_relevanssi_noindex_reason":"","inline_featured_image":false,"footnotes":""},"class_list":["post-233","page","type-page","status-publish","has-post-thumbnail","hentry"],"acf":[],"yoast_head":"<!-- This site is optimized with the Yoast SEO Premium plugin v27.1 (Yoast SEO v27.3) - https:\/\/yoast.com\/product\/yoast-seo-premium-wordpress\/ -->\n<title>Sujuvaa luvitusta - Metallinjalostajat<\/title>\n<meta name=\"robots\" content=\"index, follow, max-snippet:-1, max-image-preview:large, max-video-preview:-1\" \/>\n<link rel=\"canonical\" href=\"https:\/\/teknologiateollisuus.fi\/metallinjalostajat\/tavoitteemme\/sujuvaa-luvitusta\/\" \/>\n<meta property=\"og:locale\" content=\"fi_FI\" \/>\n<meta property=\"og:type\" content=\"article\" \/>\n<meta property=\"og:title\" content=\"Sujuvaa luvitusta\" \/>\n<meta property=\"og:description\" content=\"P\u00e4\u00e4viestimme Suomalaisella metallinjalostusalalla on jo tehty paljon p\u00e4\u00e4st\u00f6jen v\u00e4hent\u00e4miseksi. Kaikkein suurimmat investoinnit p\u00e4\u00e4st\u00f6tt\u00f6miin ratkaisuihin ovat kuitenkin viel\u00e4 edess\u00e4. Yritysten hallinnollisen taakan kasvua tulee v\u00e4ltt\u00e4\u00e4. Sen sijaan on keskitytt\u00e4v\u00e4 vaikuttavaan ja kustannustehokkaaseen s\u00e4\u00e4ntelyyn ja luvitukseen, joka edist\u00e4\u00e4 johdonmukaisesti teollisuuden uudistumista sek\u00e4 kest\u00e4vyydest\u00e4 saatavaa kilpailuetua. T\u00e4m\u00e4 koskee erityisesti EU-tason s\u00e4\u00e4ntely\u00e4 mutta my\u00f6s EU-s\u00e4\u00e4ntelyn kansallista toimeenpanoa sek\u00e4 mahdollisten [&hellip;]\" \/>\n<meta property=\"og:url\" content=\"https:\/\/teknologiateollisuus.fi\/metallinjalostajat\/tavoitteemme\/sujuvaa-luvitusta\/\" \/>\n<meta property=\"og:site_name\" content=\"Metallinjalostajat\" \/>\n<meta property=\"article:modified_time\" content=\"2026-02-02T11:24:39+00:00\" \/>\n<meta property=\"og:image\" content=\"https:\/\/teknologiateollisuus.fi\/metallinjalostajat\/wp-content\/uploads\/sites\/10\/2025\/04\/Pienitiedosto_Metalli_0226.jpeg\" \/>\n\t<meta property=\"og:image:width\" content=\"1044\" \/>\n\t<meta property=\"og:image:height\" content=\"696\" \/>\n\t<meta property=\"og:image:type\" content=\"image\/jpeg\" \/>\n<meta name=\"twitter:card\" content=\"summary_large_image\" \/>\n<meta name=\"twitter:label1\" content=\"Arvioitu lukuaika\" \/>\n\t<meta name=\"twitter:data1\" content=\"2 minuuttia\" \/>\n<script type=\"application\/ld+json\" class=\"yoast-schema-graph\">{\"@context\":\"https:\\\/\\\/schema.org\",\"@graph\":[{\"@type\":\"WebPage\",\"@id\":\"https:\\\/\\\/teknologiateollisuus.fi\\\/metallinjalostajat\\\/tavoitteemme\\\/sujuvaa-luvitusta\\\/\",\"url\":\"https:\\\/\\\/teknologiateollisuus.fi\\\/metallinjalostajat\\\/tavoitteemme\\\/sujuvaa-luvitusta\\\/\",\"name\":\"Sujuvaa luvitusta - Metallinjalostajat\",\"isPartOf\":{\"@id\":\"https:\\\/\\\/teknologiateollisuus.fi\\\/metallinjalostajat\\\/#website\"},\"primaryImageOfPage\":{\"@id\":\"https:\\\/\\\/teknologiateollisuus.fi\\\/metallinjalostajat\\\/tavoitteemme\\\/sujuvaa-luvitusta\\\/#primaryimage\"},\"image\":{\"@id\":\"https:\\\/\\\/teknologiateollisuus.fi\\\/metallinjalostajat\\\/tavoitteemme\\\/sujuvaa-luvitusta\\\/#primaryimage\"},\"thumbnailUrl\":\"https:\\\/\\\/teknologiateollisuus.fi\\\/metallinjalostajat\\\/wp-content\\\/uploads\\\/sites\\\/10\\\/2025\\\/04\\\/Pienitiedosto_Metalli_0226.jpeg\",\"datePublished\":\"2024-09-19T08:08:27+00:00\",\"dateModified\":\"2026-02-02T11:24:39+00:00\",\"breadcrumb\":{\"@id\":\"https:\\\/\\\/teknologiateollisuus.fi\\\/metallinjalostajat\\\/tavoitteemme\\\/sujuvaa-luvitusta\\\/#breadcrumb\"},\"inLanguage\":\"fi\",\"potentialAction\":[{\"@type\":\"ReadAction\",\"target\":[\"https:\\\/\\\/teknologiateollisuus.fi\\\/metallinjalostajat\\\/tavoitteemme\\\/sujuvaa-luvitusta\\\/\"]}]},{\"@type\":\"ImageObject\",\"inLanguage\":\"fi\",\"@id\":\"https:\\\/\\\/teknologiateollisuus.fi\\\/metallinjalostajat\\\/tavoitteemme\\\/sujuvaa-luvitusta\\\/#primaryimage\",\"url\":\"https:\\\/\\\/teknologiateollisuus.fi\\\/metallinjalostajat\\\/wp-content\\\/uploads\\\/sites\\\/10\\\/2025\\\/04\\\/Pienitiedosto_Metalli_0226.jpeg\",\"contentUrl\":\"https:\\\/\\\/teknologiateollisuus.fi\\\/metallinjalostajat\\\/wp-content\\\/uploads\\\/sites\\\/10\\\/2025\\\/04\\\/Pienitiedosto_Metalli_0226.jpeg\",\"width\":1044,\"height\":696,\"caption\":\"Kuparia talon aulassa\"},{\"@type\":\"BreadcrumbList\",\"@id\":\"https:\\\/\\\/teknologiateollisuus.fi\\\/metallinjalostajat\\\/tavoitteemme\\\/sujuvaa-luvitusta\\\/#breadcrumb\",\"itemListElement\":[{\"@type\":\"ListItem\",\"position\":1,\"name\":\"Etusivu\",\"item\":\"https:\\\/\\\/teknologiateollisuus.fi\\\/metallinjalostajat\\\/\"},{\"@type\":\"ListItem\",\"position\":2,\"name\":\"Tavoitteemme\",\"item\":\"https:\\\/\\\/teknologiateollisuus.fi\\\/metallinjalostajat\\\/tavoitteemme\\\/\"},{\"@type\":\"ListItem\",\"position\":3,\"name\":\"Sujuvaa luvitusta\"}]},{\"@type\":\"WebSite\",\"@id\":\"https:\\\/\\\/teknologiateollisuus.fi\\\/metallinjalostajat\\\/#website\",\"url\":\"https:\\\/\\\/teknologiateollisuus.fi\\\/metallinjalostajat\\\/\",\"name\":\"Metallinjalostajat\",\"description\":\"\",\"potentialAction\":[{\"@type\":\"SearchAction\",\"target\":{\"@type\":\"EntryPoint\",\"urlTemplate\":\"https:\\\/\\\/teknologiateollisuus.fi\\\/metallinjalostajat\\\/?s={search_term_string}\"},\"query-input\":{\"@type\":\"PropertyValueSpecification\",\"valueRequired\":true,\"valueName\":\"search_term_string\"}}],\"inLanguage\":\"fi\"}]}<\/script>\n<!-- \/ Yoast SEO Premium plugin. -->","yoast_head_json":{"title":"Sujuvaa luvitusta - Metallinjalostajat","robots":{"index":"index","follow":"follow","max-snippet":"max-snippet:-1","max-image-preview":"max-image-preview:large","max-video-preview":"max-video-preview:-1"},"canonical":"https:\/\/teknologiateollisuus.fi\/metallinjalostajat\/tavoitteemme\/sujuvaa-luvitusta\/","og_locale":"fi_FI","og_type":"article","og_title":"Sujuvaa luvitusta","og_description":"P\u00e4\u00e4viestimme Suomalaisella metallinjalostusalalla on jo tehty paljon p\u00e4\u00e4st\u00f6jen v\u00e4hent\u00e4miseksi. Kaikkein suurimmat investoinnit p\u00e4\u00e4st\u00f6tt\u00f6miin ratkaisuihin ovat kuitenkin viel\u00e4 edess\u00e4. Yritysten hallinnollisen taakan kasvua tulee v\u00e4ltt\u00e4\u00e4. Sen sijaan on keskitytt\u00e4v\u00e4 vaikuttavaan ja kustannustehokkaaseen s\u00e4\u00e4ntelyyn ja luvitukseen, joka edist\u00e4\u00e4 johdonmukaisesti teollisuuden uudistumista sek\u00e4 kest\u00e4vyydest\u00e4 saatavaa kilpailuetua. T\u00e4m\u00e4 koskee erityisesti EU-tason s\u00e4\u00e4ntely\u00e4 mutta my\u00f6s EU-s\u00e4\u00e4ntelyn kansallista toimeenpanoa sek\u00e4 mahdollisten [&hellip;]","og_url":"https:\/\/teknologiateollisuus.fi\/metallinjalostajat\/tavoitteemme\/sujuvaa-luvitusta\/","og_site_name":"Metallinjalostajat","article_modified_time":"2026-02-02T11:24:39+00:00","og_image":[{"width":1044,"height":696,"url":"https:\/\/teknologiateollisuus.fi\/metallinjalostajat\/wp-content\/uploads\/sites\/10\/2025\/04\/Pienitiedosto_Metalli_0226.jpeg","type":"image\/jpeg"}],"twitter_card":"summary_large_image","twitter_misc":{"Arvioitu lukuaika":"2 minuuttia"},"schema":{"@context":"https:\/\/schema.org","@graph":[{"@type":"WebPage","@id":"https:\/\/teknologiateollisuus.fi\/metallinjalostajat\/tavoitteemme\/sujuvaa-luvitusta\/","url":"https:\/\/teknologiateollisuus.fi\/metallinjalostajat\/tavoitteemme\/sujuvaa-luvitusta\/","name":"Sujuvaa luvitusta - Metallinjalostajat","isPartOf":{"@id":"https:\/\/teknologiateollisuus.fi\/metallinjalostajat\/#website"},"primaryImageOfPage":{"@id":"https:\/\/teknologiateollisuus.fi\/metallinjalostajat\/tavoitteemme\/sujuvaa-luvitusta\/#primaryimage"},"image":{"@id":"https:\/\/teknologiateollisuus.fi\/metallinjalostajat\/tavoitteemme\/sujuvaa-luvitusta\/#primaryimage"},"thumbnailUrl":"https:\/\/teknologiateollisuus.fi\/metallinjalostajat\/wp-content\/uploads\/sites\/10\/2025\/04\/Pienitiedosto_Metalli_0226.jpeg","datePublished":"2024-09-19T08:08:27+00:00","dateModified":"2026-02-02T11:24:39+00:00","breadcrumb":{"@id":"https:\/\/teknologiateollisuus.fi\/metallinjalostajat\/tavoitteemme\/sujuvaa-luvitusta\/#breadcrumb"},"inLanguage":"fi","potentialAction":[{"@type":"ReadAction","target":["https:\/\/teknologiateollisuus.fi\/metallinjalostajat\/tavoitteemme\/sujuvaa-luvitusta\/"]}]},{"@type":"ImageObject","inLanguage":"fi","@id":"https:\/\/teknologiateollisuus.fi\/metallinjalostajat\/tavoitteemme\/sujuvaa-luvitusta\/#primaryimage","url":"https:\/\/teknologiateollisuus.fi\/metallinjalostajat\/wp-content\/uploads\/sites\/10\/2025\/04\/Pienitiedosto_Metalli_0226.jpeg","contentUrl":"https:\/\/teknologiateollisuus.fi\/metallinjalostajat\/wp-content\/uploads\/sites\/10\/2025\/04\/Pienitiedosto_Metalli_0226.jpeg","width":1044,"height":696,"caption":"Kuparia talon aulassa"},{"@type":"BreadcrumbList","@id":"https:\/\/teknologiateollisuus.fi\/metallinjalostajat\/tavoitteemme\/sujuvaa-luvitusta\/#breadcrumb","itemListElement":[{"@type":"ListItem","position":1,"name":"Etusivu","item":"https:\/\/teknologiateollisuus.fi\/metallinjalostajat\/"},{"@type":"ListItem","position":2,"name":"Tavoitteemme","item":"https:\/\/teknologiateollisuus.fi\/metallinjalostajat\/tavoitteemme\/"},{"@type":"ListItem","position":3,"name":"Sujuvaa luvitusta"}]},{"@type":"WebSite","@id":"https:\/\/teknologiateollisuus.fi\/metallinjalostajat\/#website","url":"https:\/\/teknologiateollisuus.fi\/metallinjalostajat\/","name":"Metallinjalostajat","description":"","potentialAction":[{"@type":"SearchAction","target":{"@type":"EntryPoint","urlTemplate":"https:\/\/teknologiateollisuus.fi\/metallinjalostajat\/?s={search_term_string}"},"query-input":{"@type":"PropertyValueSpecification","valueRequired":true,"valueName":"search_term_string"}}],"inLanguage":"fi"}]}},"lang":"fi","translations":{"fi":233},"pll_sync_post":[],"_links":{"self":[{"href":"https:\/\/teknologiateollisuus.fi\/metallinjalostajat\/wp-json\/wp\/v2\/pages\/233","targetHints":{"allow":["GET"]}}],"collection":[{"href":"https:\/\/teknologiateollisuus.fi\/metallinjalostajat\/wp-json\/wp\/v2\/pages"}],"about":[{"href":"https:\/\/teknologiateollisuus.fi\/metallinjalostajat\/wp-json\/wp\/v2\/types\/page"}],"author":[{"embeddable":true,"href":"https:\/\/teknologiateollisuus.fi\/metallinjalostajat\/wp-json\/wp\/v2\/users\/52"}],"replies":[{"embeddable":true,"href":"https:\/\/teknologiateollisuus.fi\/metallinjalostajat\/wp-json\/wp\/v2\/comments?post=233"}],"version-history":[{"count":9,"href":"https:\/\/teknologiateollisuus.fi\/metallinjalostajat\/wp-json\/wp\/v2\/pages\/233\/revisions"}],"predecessor-version":[{"id":1054,"href":"https:\/\/teknologiateollisuus.fi\/metallinjalostajat\/wp-json\/wp\/v2\/pages\/233\/revisions\/1054"}],"up":[{"embeddable":true,"href":"https:\/\/teknologiateollisuus.fi\/metallinjalostajat\/wp-json\/wp\/v2\/pages\/183"}],"wp:featuredmedia":[{"embeddable":true,"href":"https:\/\/teknologiateollisuus.fi\/metallinjalostajat\/wp-json\/wp\/v2\/media\/994"}],"wp:attachment":[{"href":"https:\/\/teknologiateollisuus.fi\/metallinjalostajat\/wp-json\/wp\/v2\/media?parent=233"}],"curies":[{"name":"wp","href":"https:\/\/api.w.org\/{rel}","templated":true}]}}