{"id":238,"date":"2024-09-19T11:13:42","date_gmt":"2024-09-19T08:13:42","guid":{"rendered":"https:\/\/teknologiateollisuus.fi\/metallinjalostajat\/?page_id=238"},"modified":"2025-11-03T11:10:11","modified_gmt":"2025-11-03T09:10:11","slug":"tietoa-yrityksistamme","status":"publish","type":"page","link":"https:\/\/teknologiateollisuus.fi\/metallinjalostajat\/tietoa-meista\/tietoa-yrityksistamme\/","title":{"rendered":"Tietoa yrityksist\u00e4mme"},"content":{"rendered":"\n<div class=\"em-block-hero hero-has-background-color has-background has-tangerine-background-color collapse media-position-right \">\n\t<div class=\"em-block-hero__container\">\n\t\t<div class=\"em-block-hero__content\">\n\t\t\t<div class=\"yoast-breadcrumbs\"><span><span><a href=\"https:\/\/teknologiateollisuus.fi\/metallinjalostajat\/\">Etusivu<\/a><\/span> <span class=\"separator\"><\/span> <span><a href=\"https:\/\/teknologiateollisuus.fi\/metallinjalostajat\/tietoa-meista\/\">Tietoa meist\u00e4<\/a><\/span> <span class=\"separator\"><\/span> <span class=\"breadcrumb_last\" aria-current=\"page\">Tietoa yrityksist\u00e4mme<\/span><\/span><\/div>\t\t\t\n<h1 class=\"wp-block-heading\" id=\"h-tietoa-yrityksistamme\">Tietoa yrityksist\u00e4mme<\/h1>\n\n<p><\/p>\n\t\t\t<div class=\"em-block-hero__modified-date\"> P\u00e4ivitetty 03.11.2025 klo 11:10<\/div>\t\t<\/div>\n\t\t\t\t\t<figure class=\"em-block-hero__image\">\n\t\t\t\t\t\t\t<\/figure>\n\t\t\t<\/div>\n<\/div>\n\n\n\n<h2 class=\"wp-block-heading\" id=\"h-toimintaymparistomme\"><strong>Toimintaymp\u00e4rist\u00f6mme<\/strong><\/h2>\n\n\n\n<p>Metallinjalostajat ry:n j\u00e4senet valmistavat, muokkaavat ter\u00e4ksi\u00e4 ja muita metalleja sek\u00e4 kehitt\u00e4v\u00e4t ja markkinoivat niiden jalostukseen liittyvi\u00e4 teknologioita. Suomalaiset metallinjalostajat toimivat avoimilla, globaaleilla markkinoilla kaikilla mantereilla. Toimintaymp\u00e4rist\u00f6mme muutostekij\u00e4t ovat siten my\u00f6s hyvin monipuolisia (yksinkertaistettuna kuvassa).<\/p>\n\n\n\n<p>Toimintaymp\u00e4rist\u00f6mme jatkuvan muutoksen takia hyv\u00e4 yhteisty\u00f6 p\u00e4\u00e4t\u00f6ksentekij\u00f6iden, viranomaisten, tuotantolaitosten paikallisten sidosryhmien ja tutkimus- ja koulutusorganisaatioiden kanssa on meille t\u00e4rke\u00e4\u00e4. Yrityksemme toimivat my\u00f6s aktiivisesti maailmanlaajuisissa, Eurooppalaisissa ja kotimaisissa yhteisty\u00f6verkostoissa muun muassa parantaakseen kyky\u00e4 vastata toimintaymp\u00e4rist\u00f6n muutoksiin kilpailukyvyn turvaamiseksi ja edelleen kehitt\u00e4miseksi.<\/p>\n\n\n\n<figure class=\"wp-block-image size-full is-resized\"><img loading=\"lazy\" decoding=\"async\" width=\"839\" height=\"683\" src=\"https:\/\/teknologiateollisuus.fi\/metallinjalostajat\/wp-content\/uploads\/sites\/10\/2024\/11\/Toimintaymaristo_paivitetty.png\" alt=\"\" class=\"wp-image-736\" style=\"width:1065px;height:auto\" srcset=\"https:\/\/teknologiateollisuus.fi\/metallinjalostajat\/wp-content\/uploads\/sites\/10\/2024\/11\/Toimintaymaristo_paivitetty.png 839w, https:\/\/teknologiateollisuus.fi\/metallinjalostajat\/wp-content\/uploads\/sites\/10\/2024\/11\/Toimintaymaristo_paivitetty-400x326.png 400w, https:\/\/teknologiateollisuus.fi\/metallinjalostajat\/wp-content\/uploads\/sites\/10\/2024\/11\/Toimintaymaristo_paivitetty-768x625.png 768w\" sizes=\"auto, (max-width: 839px) 100vw, 839px\" \/><\/figure>\n\n\n\n<h2 class=\"wp-block-heading\" id=\"h-jasenyrityksemme\"><strong>J\u00e4senyrityksemme<\/strong><\/h2>\n\n\n\n<p>J\u00e4senyrityksiemme toiminnassa korostuvat monipuolinen osaaminen ja innovatiivisuus. Lue alta ja j\u00e4senyritystemme&nbsp;verkkosivuilta lis\u00e4\u00e4 (Aurubis Finland, Boliden Harjavalta, Boliden Kokkola, Metso, Norilsk Nickel Harjavalta, Outokumpu, Ovako Imatra ja SSAB Europe).<\/p>\n\n\n\n<h2 class=\"wp-block-heading\" id=\"h-aurubis-finland\" id=\"aurubis-finland\">Aurubis Finland<\/h2>\n\n\n\n<p>Aurubis Finland Oy:n p\u00e4\u00e4tuotteita ovat valssatut kuparituotteet teollisille asiakkaille ja arkkitehtuurituotteet muun muassa rakennusten julkisivuihin. Yhti\u00f6 on erikoistunut puhtaisiin kuparilajeihin. Tuotannossamme avainsanoja ovat korkea laatu, kest\u00e4vyys ja mittatarkkuus. Pohjoismaiden ainoassa kuparivalssaamossa ja siihen integroidussa valimossa valmistamiamme tuotteita k\u00e4ytet\u00e4\u00e4n mm. s\u00e4hk\u00f6autoissa, tuulivoimaloissa ja arkkitehtuurisissa ratkaisuissa kansainv\u00e4lisesti useissa eri maissa. Aurubis Finland toimittaa raaka-aineita Cuporille ja ostaa Luvatalta valssattujen tuotteiden valuaihioita ja myy takaisin valssattuja tuotteita. Aurubis Finland syntyi vuonna 2011 liiketoimintakaupalla, jolla Luvatan kuparisulaton kuilu-uuni ja kuparivalssaamo siirtyiv\u00e4t Luvatalta saksalaiselle Aurubis AG -konsernille, joka on yksi maailman suurimmista kuparin kierr\u00e4tykseen keskittyneist\u00e4 yrityksist\u00e4.<br><a href=\"https:\/\/www.aurubis.fi\/\" target=\"_blank\" rel=\"noreferrer noopener\">Aurubis Finland<\/a><\/p>\n\n\n\n<h2 class=\"wp-block-heading\" id=\"h-boliden\" id=\"boliden\">Boliden<\/h2>\n\n\n\n<p>Boliden Harjavalta on yksi maailman tehokkaimmista kuparin ja nikkelin jalostajista. P\u00e4\u00e4tuotteittamme ovat kupari, nikkeli, kulta ja hopea. Lis\u00e4ksi valmistamme sivutuotteena rikkihappoa. Nikkelisulattomme on ainut L\u00e4nsi-Euroopassa. Tuotamme korkealaatuista nikkelikive\u00e4 alan viimeisint\u00e4 teknologiaa hy\u00f6dynt\u00e4en. Tehokkaan ja ymp\u00e4rist\u00f6yst\u00e4v\u00e4llisen tuotantoprosessin ansiosta rikkidioksidip\u00e4\u00e4st\u00f6t nikkelitonnia kohden ovat maailman alhaisimpia muihin nikkelisulattoihin verrattuna. Raaka-aineina k\u00e4yt\u00e4mme kierr\u00e4tysmetalleja ja rikasteita, jotka ovat per\u00e4isin Bolidenin kaivoksilta sek\u00e4 ulkopuolisilta kaivoksilta.<br><a href=\"https:\/\/www.boliden.com\/operations\/smelters\/boliden-harjavalta\/\" target=\"_blank\" rel=\"noreferrer noopener\">Boliden Harjavalta <\/a><\/p>\n\n\n\n<p>Boliden Kokkola on maailmanluokan sinkkitehdas ja tuottaa korkealaatuisia sinkkituotteita uusiutuvan energiantuotannon, vihre\u00e4n siirtym\u00e4n ja modernin yhteiskunnan tarpeisiin. Tuottamaamme sinkki\u00e4\u202fk\u00e4ytet\u00e4\u00e4n autoihin, siltoihin, paristoihin, valopylv\u00e4isiin, rakentamiseen \u2013 kaikkeen siihen, mit\u00e4 moderni el\u00e4m\u00e4ntapamme tarvitsee.&nbsp;Kokkolan sinkkitehtaalla on vuosikymmenten kokemus sinkin tuottamisesta. Vankan osaamisen ansiosta toimintamme on vakaata ja pystymme kehittym\u00e4\u00e4n alan edell\u00e4k\u00e4vij\u00f6iden joukossa.&nbsp;<br><a href=\"https:\/\/www.boliden.com\/operations\/smelters\/boliden-kokkola\/\" target=\"_blank\" rel=\"noreferrer noopener\">Boliden Kokkola<\/a><\/p>\n\n\n\n<h2 class=\"wp-block-heading\" id=\"h-metso\" id=\"metso\">Metso<\/h2>\n\n\n\n<p>Metson asiantuntemus kattaa k\u00e4yt\u00e4nn\u00f6ss\u00e4 kaikkien malmien, rikasteiden ja raaka-aineiden jalostamiseen puhtaiksi metalleiksi. Metallinjalostussegmentiss\u00e4 asiakkaitamme ovat suuret ja keskisuuret kaivosyhti\u00f6t sek\u00e4 paikalliset kaivos- ja metallurgiayhti\u00f6t. Metallinjalostuksessa Metso tarjoaa nykyaikaisia sulatusratkaisuja, jotka kattavat kaikki hapettavat, pelkist\u00e4v\u00e4t ja kaasutusprosessit prim\u00e4\u00e4risten ja sekund\u00e4\u00e4risten raaka-aineiden k\u00e4sittelyyn. Metson kest\u00e4v\u00e4 liekkisulatusprosessi on t\u00e4ll\u00e4 hetkell\u00e4 maailman k\u00e4ytetyin kuparinsulatusmenetelm\u00e4, mik\u00e4 mahdollistaa korkean metallien talteenoton ja alhaisimmat omistamisen kokonaiskustannukset.<br><a href=\"https:\/\/www.metso.com\/fi\/metallinjalostus\/\" target=\"_blank\" rel=\"noreferrer noopener\">Metso<\/a><\/p>\n\n\n\n<h2 class=\"wp-block-heading\" id=\"h-nornickel-harjavalta\" id=\"nornickel-harjavalta\">Nornickel Harjavalta<\/h2>\n\n\n\n<p>Nornickel Harjavalta on merkitt\u00e4v\u00e4 ja monipuolinen nikkelimetallien ja -kemikaalien jalostaja. Tuotamme&nbsp;nikkeli\u00e4 raaka-aineeksi ruostumattoman ter\u00e4ksen, erilaisten erikoismetalliseosten valmistukseen ja metallien pintak\u00e4sittelytarkoituksiin. Lis\u00e4ksi valmistamme nikkeli- ja kobolttikemikaaleja&nbsp;modernin&nbsp;katalyytti- ja akkuteollisuuden tarpeisiin. Useista hydrometallurgisista osaprosesseista koostuvassa tuotantolinjassa jatkojalostetaan nikkelikive\u00e4, nikkelisakkoja ja erin\u00e4isi\u00e4 sekund\u00e4\u00e4risi\u00e4 raaka-aineita. Tuotamme raaka-aineista laadukkaita ja k\u00e4ytt\u00f6tarkoitusta varten r\u00e4\u00e4t\u00e4l\u00f6ityj\u00e4 tuotteita, joihin asiakkaamme ovat tyytyv\u00e4isi\u00e4. Tuotteemme auttavat tekem\u00e4\u00e4n teknologisesta edistyksest\u00e4 ja kehityksest\u00e4 totta.&nbsp; Olemme kasvaneet Satakunnassa modernin teknologian, ammattitaitoisen henkil\u00f6kunnan ja jatkuvan tuotekehityksen ansiosta. Jatkuvalla uuden oppimisella, yhteisty\u00f6ll\u00e4 ja ty\u00f6tapojen kehitt\u00e4misell\u00e4 pysymme nikkelijalostuksen maailmanluokan huipulla.<br><a href=\"https:\/\/www.nornickel.fi\/\" target=\"_blank\" rel=\"noreferrer noopener\">Nornickel Harjavalta<\/a><\/p>\n\n\n\n<h2 class=\"wp-block-heading\" id=\"h-outokumpu\" id=\"outokumpu\">Outokumpu<\/h2>\n\n\n\n<p>Outokumpu kiihdytt\u00e4\u00e4 vihre\u00e4\u00e4 siirtym\u00e4\u00e4 vastuullisen ruostumattoman ter\u00e4ksen globaalina johtajana. Liiketoimintamme perustuu kiertotalouteen: ruostumaton ter\u00e4ksemme on tehty 95-prosenttisesti kierr\u00e4tetyist\u00e4 materiaaleista ja on pitk\u00e4n k\u00e4ytt\u00f6ik\u00e4ns\u00e4 lopuksi t\u00e4ysin kierr\u00e4tett\u00e4viss\u00e4. Ter\u00e4st\u00e4mme k\u00e4ytet\u00e4\u00e4n lukuisissa k\u00e4ytt\u00f6kohteissa yhteiskunnassa, kuten rakentamisessa, liikenteess\u00e4 ja kodintarvikkeissa. Koska hiilijalanj\u00e4lkemme on jopa 75 % pienempi kuin teollisuudenalan globaali keskiarvo, autamme asiakkaitamme v\u00e4hent\u00e4m\u00e4\u00e4n p\u00e4\u00e4st\u00f6j\u00e4\u00e4n.&nbsp;Outokumpu on vuosikymmeni\u00e4 johtanut muutosta kohti vastuullista ruostumattoman ter\u00e4ksen valmistusta, l\u00e4pimurto toisensa j\u00e4lkeen. Viimeisin innovaatio on maailman ensimm\u00e4inen v\u00e4h\u00e4p\u00e4\u00e4st\u00f6inen ruostumaton ter\u00e4s Outokumpu Circle Green\u00ae, jonka hiilijalanj\u00e4lki on jopa 93 % pienempi maailmanlaajuiseen alan keskiarvoon verrattuna, joten se ylitt\u00e4\u00e4 vastuullisuudellaan kaikki muut ratkaisut ja asettaa uuden vertailukohdan. Kemi-Tornion laitokset muodostavat maailman suurimman yhten\u00e4isen ruostumattoman ter\u00e4ksen tuotantoketjun.&nbsp;<br><a href=\"https:\/\/www.outokumpu.com\/fi-fi\" target=\"_blank\" rel=\"noreferrer noopener\">Outokumpu<\/a><\/p>\n\n\n\n<h2 class=\"wp-block-heading\" id=\"h-ovako\" id=\"ovako\">Ovako<\/h2>\n\n\n\n<p>Ovako on johtava eurooppalainen koneenrakennuster\u00e4sten valmistaja, jonka asiakkaita ovat esimerkiksi laakeri-, ajoneuvo- ja konepajateollisuus. Fyysisesti olemme l\u00e4sn\u00e4 Euroopassa, Pohjois-Amerikassa ja Aasiassa. Ovakon ter\u00e4stuotteet ovat niche-tuotteita ja r\u00e4\u00e4t\u00e4l\u00f6ityj\u00e4 ratkaisuja, joilla luomme lis\u00e4arvoa asiakkaillemme ja n\u00e4iden asiakkaille kaikkialla maailmassa. Valmistamme kest\u00e4v\u00e4sti ja vastuullisesti puhdasta ja lujaa ter\u00e4st\u00e4. Tuotantomme vastuullisuus perustuu p\u00e4\u00e4raaka-aineena k\u00e4ytett\u00e4v\u00e4\u00e4n kierr\u00e4tysromuun ja v\u00e4h\u00e4hiiliseen pohjoismaiseen s\u00e4hk\u00f6ntuotantoon. Ovakon ter\u00e4stuotteiden hiilijalanj\u00e4lki on per\u00e4ti 80&nbsp;prosenttia maailmanlaajuista keskiarvoa pienempi. Ter\u00e4ksemme ovat kuonapuhtaita ja lujia, koska minimoimme ter\u00e4kseen tuotantoprosessin aikana joutuvat ep\u00e4puhtaudet. T\u00e4m\u00e4 antaa Ovakon ter\u00e4ksille korkealuokkaiset ominaisuudet, jotka auttavat asiakkaita valmistamaan keve\u00e4mpi\u00e4, lujempia ja kest\u00e4v\u00e4mpi\u00e4 lopputuotteita. Maaliskuusta 2019 l\u00e4htien Ovako on ollut&nbsp;Sanyo Special Steelin&nbsp;tyt\u00e4ryhti\u00f6.&nbsp;<br><a href=\"https:\/\/www.ovako.com\/fi\/\" target=\"_blank\" rel=\"noreferrer noopener\">Ovako<\/a><\/p>\n\n\n\n<h2 class=\"wp-block-heading\" id=\"h-ssab\" id=\"ssab\">SSAB<\/h2>\n\n\n\n<p>SSAB on maailmanlaajuisesti toimiva ter\u00e4syhti\u00f6 ja johtava erikoislujien ter\u00e4sten ja niihin liittyvien palveluiden toimittaja. Visionamme on entist\u00e4 vahvempi, kevyempi ja kest\u00e4v\u00e4mpi maailma. Yhteisty\u00f6ss\u00e4 kumppaneidensa kanssa SSAB on kehitt\u00e4nyt fossiilivapaan ter\u00e4ksen (SSAB Fossil-free\u2122 steel) ja aikoo luoda fossiilivapaan arvoketjun kaivoksesta loppuasiakkaalle. Samalla poistamme suurelta osin oman toimintamme hiilidioksidip\u00e4\u00e4st\u00f6t. SSAB Zero\u2122, suurelta osin hiilidioksidip\u00e4\u00e4st\u00f6t\u00f6n kierr\u00e4tyster\u00e4kseen perustuva ter\u00e4s, vahvistaa entisest\u00e4\u00e4n SSAB:n johtoasemaa ja kattavaa, raaka-aineesta riippumatonta kest\u00e4v\u00e4n kehityksen mukaista tarjontaamme. SSAB:ll\u00e4 on ty\u00f6ntekij\u00f6it\u00e4 yli 50 maassa ja tuotantolaitoksia Ruotsissa, Suomessa ja Yhdysvalloissa. Vuosittainen ter\u00e4stuotantokapasiteetti on noin 8,8 miljoonaa tonnia. Yhti\u00f6 on noteerattu Nasdaq Tukholmassa ja toissijaisesti Nasdaq Helsingiss\u00e4.<br><a href=\"https:\/\/www.ssab.com\/fi-fi\" target=\"_blank\" rel=\"noreferrer noopener\">SSAB<\/a><\/p>\n","protected":false},"excerpt":{"rendered":"<p>Toimintaymp\u00e4rist\u00f6mme Metallinjalostajat ry:n j\u00e4senet valmistavat, muokkaavat ter\u00e4ksi\u00e4 ja muita metalleja sek\u00e4 kehitt\u00e4v\u00e4t ja markkinoivat niiden jalostukseen liittyvi\u00e4 teknologioita. Suomalaiset metallinjalostajat toimivat avoimilla, globaaleilla markkinoilla kaikilla mantereilla. Toimintaymp\u00e4rist\u00f6mme muutostekij\u00e4t ovat siten my\u00f6s hyvin monipuolisia (yksinkertaistettuna kuvassa). Toimintaymp\u00e4rist\u00f6mme jatkuvan muutoksen takia hyv\u00e4 yhteisty\u00f6 p\u00e4\u00e4t\u00f6ksentekij\u00f6iden, viranomaisten, tuotantolaitosten paikallisten sidosryhmien ja tutkimus- ja koulutusorganisaatioiden kanssa on meille t\u00e4rke\u00e4\u00e4. Yrityksemme [&hellip;]<\/p>\n","protected":false},"author":52,"featured_media":0,"parent":120,"menu_order":2,"comment_status":"closed","ping_status":"closed","template":"","meta":{"_acf_changed":false,"_relevanssi_hide_post":"","_relevanssi_hide_content":"","_relevanssi_pin_for_all":"","_relevanssi_pin_keywords":"","_relevanssi_unpin_keywords":"","_relevanssi_related_keywords":"","_relevanssi_related_include_ids":"","_relevanssi_related_exclude_ids":"","_relevanssi_related_no_append":"","_relevanssi_related_not_related":"","_relevanssi_related_posts":"212,201,181","_relevanssi_noindex_reason":"","inline_featured_image":false,"footnotes":""},"class_list":["post-238","page","type-page","status-publish","hentry"],"acf":[],"yoast_head":"<!-- This site is optimized with the Yoast SEO Premium plugin v27.1 (Yoast SEO v27.3) - https:\/\/yoast.com\/product\/yoast-seo-premium-wordpress\/ -->\n<title>Tietoa yrityksist\u00e4mme - Metallinjalostajat<\/title>\n<meta name=\"robots\" content=\"index, follow, max-snippet:-1, max-image-preview:large, max-video-preview:-1\" \/>\n<link rel=\"canonical\" href=\"https:\/\/teknologiateollisuus.fi\/metallinjalostajat\/tietoa-meista\/tietoa-yrityksistamme\/\" \/>\n<meta property=\"og:locale\" content=\"fi_FI\" \/>\n<meta property=\"og:type\" content=\"article\" \/>\n<meta property=\"og:title\" content=\"Tietoa yrityksist\u00e4mme\" \/>\n<meta property=\"og:description\" content=\"Toimintaymp\u00e4rist\u00f6mme Metallinjalostajat ry:n j\u00e4senet valmistavat, muokkaavat ter\u00e4ksi\u00e4 ja muita metalleja sek\u00e4 kehitt\u00e4v\u00e4t ja markkinoivat niiden jalostukseen liittyvi\u00e4 teknologioita. Suomalaiset metallinjalostajat toimivat avoimilla, globaaleilla markkinoilla kaikilla mantereilla. Toimintaymp\u00e4rist\u00f6mme muutostekij\u00e4t ovat siten my\u00f6s hyvin monipuolisia (yksinkertaistettuna kuvassa). Toimintaymp\u00e4rist\u00f6mme jatkuvan muutoksen takia hyv\u00e4 yhteisty\u00f6 p\u00e4\u00e4t\u00f6ksentekij\u00f6iden, viranomaisten, tuotantolaitosten paikallisten sidosryhmien ja tutkimus- ja koulutusorganisaatioiden kanssa on meille t\u00e4rke\u00e4\u00e4. Yrityksemme [&hellip;]\" \/>\n<meta property=\"og:url\" content=\"https:\/\/teknologiateollisuus.fi\/metallinjalostajat\/tietoa-meista\/tietoa-yrityksistamme\/\" \/>\n<meta property=\"og:site_name\" content=\"Metallinjalostajat\" \/>\n<meta property=\"article:modified_time\" content=\"2025-11-03T09:10:11+00:00\" \/>\n<meta property=\"og:image\" content=\"https:\/\/teknologiateollisuus.fi\/metallinjalostajat\/wp-content\/uploads\/sites\/10\/2024\/11\/Toimintaymaristo_paivitetty.png\" \/>\n\t<meta property=\"og:image:width\" content=\"839\" \/>\n\t<meta property=\"og:image:height\" content=\"683\" \/>\n\t<meta property=\"og:image:type\" content=\"image\/png\" \/>\n<meta name=\"twitter:card\" content=\"summary_large_image\" \/>\n<meta name=\"twitter:label1\" content=\"Arvioitu lukuaika\" \/>\n\t<meta name=\"twitter:data1\" content=\"6 minuuttia\" \/>\n<script type=\"application\/ld+json\" class=\"yoast-schema-graph\">{\"@context\":\"https:\\\/\\\/schema.org\",\"@graph\":[{\"@type\":\"WebPage\",\"@id\":\"https:\\\/\\\/teknologiateollisuus.fi\\\/metallinjalostajat\\\/tietoa-meista\\\/tietoa-yrityksistamme\\\/\",\"url\":\"https:\\\/\\\/teknologiateollisuus.fi\\\/metallinjalostajat\\\/tietoa-meista\\\/tietoa-yrityksistamme\\\/\",\"name\":\"Tietoa yrityksist\u00e4mme - Metallinjalostajat\",\"isPartOf\":{\"@id\":\"https:\\\/\\\/teknologiateollisuus.fi\\\/metallinjalostajat\\\/#website\"},\"primaryImageOfPage\":{\"@id\":\"https:\\\/\\\/teknologiateollisuus.fi\\\/metallinjalostajat\\\/tietoa-meista\\\/tietoa-yrityksistamme\\\/#primaryimage\"},\"image\":{\"@id\":\"https:\\\/\\\/teknologiateollisuus.fi\\\/metallinjalostajat\\\/tietoa-meista\\\/tietoa-yrityksistamme\\\/#primaryimage\"},\"thumbnailUrl\":\"https:\\\/\\\/teknologiateollisuus.fi\\\/metallinjalostajat\\\/wp-content\\\/uploads\\\/sites\\\/10\\\/2024\\\/11\\\/Toimintaymaristo_paivitetty.png\",\"datePublished\":\"2024-09-19T08:13:42+00:00\",\"dateModified\":\"2025-11-03T09:10:11+00:00\",\"breadcrumb\":{\"@id\":\"https:\\\/\\\/teknologiateollisuus.fi\\\/metallinjalostajat\\\/tietoa-meista\\\/tietoa-yrityksistamme\\\/#breadcrumb\"},\"inLanguage\":\"fi\",\"potentialAction\":[{\"@type\":\"ReadAction\",\"target\":[\"https:\\\/\\\/teknologiateollisuus.fi\\\/metallinjalostajat\\\/tietoa-meista\\\/tietoa-yrityksistamme\\\/\"]}]},{\"@type\":\"ImageObject\",\"inLanguage\":\"fi\",\"@id\":\"https:\\\/\\\/teknologiateollisuus.fi\\\/metallinjalostajat\\\/tietoa-meista\\\/tietoa-yrityksistamme\\\/#primaryimage\",\"url\":\"https:\\\/\\\/teknologiateollisuus.fi\\\/metallinjalostajat\\\/wp-content\\\/uploads\\\/sites\\\/10\\\/2024\\\/11\\\/Toimintaymaristo_paivitetty.png\",\"contentUrl\":\"https:\\\/\\\/teknologiateollisuus.fi\\\/metallinjalostajat\\\/wp-content\\\/uploads\\\/sites\\\/10\\\/2024\\\/11\\\/Toimintaymaristo_paivitetty.png\",\"width\":839,\"height\":683},{\"@type\":\"BreadcrumbList\",\"@id\":\"https:\\\/\\\/teknologiateollisuus.fi\\\/metallinjalostajat\\\/tietoa-meista\\\/tietoa-yrityksistamme\\\/#breadcrumb\",\"itemListElement\":[{\"@type\":\"ListItem\",\"position\":1,\"name\":\"Etusivu\",\"item\":\"https:\\\/\\\/teknologiateollisuus.fi\\\/metallinjalostajat\\\/\"},{\"@type\":\"ListItem\",\"position\":2,\"name\":\"Tietoa meist\u00e4\",\"item\":\"https:\\\/\\\/teknologiateollisuus.fi\\\/metallinjalostajat\\\/tietoa-meista\\\/\"},{\"@type\":\"ListItem\",\"position\":3,\"name\":\"Tietoa yrityksist\u00e4mme\"}]},{\"@type\":\"WebSite\",\"@id\":\"https:\\\/\\\/teknologiateollisuus.fi\\\/metallinjalostajat\\\/#website\",\"url\":\"https:\\\/\\\/teknologiateollisuus.fi\\\/metallinjalostajat\\\/\",\"name\":\"Metallinjalostajat\",\"description\":\"\",\"potentialAction\":[{\"@type\":\"SearchAction\",\"target\":{\"@type\":\"EntryPoint\",\"urlTemplate\":\"https:\\\/\\\/teknologiateollisuus.fi\\\/metallinjalostajat\\\/?s={search_term_string}\"},\"query-input\":{\"@type\":\"PropertyValueSpecification\",\"valueRequired\":true,\"valueName\":\"search_term_string\"}}],\"inLanguage\":\"fi\"}]}<\/script>\n<!-- \/ Yoast SEO Premium plugin. -->","yoast_head_json":{"title":"Tietoa yrityksist\u00e4mme - Metallinjalostajat","robots":{"index":"index","follow":"follow","max-snippet":"max-snippet:-1","max-image-preview":"max-image-preview:large","max-video-preview":"max-video-preview:-1"},"canonical":"https:\/\/teknologiateollisuus.fi\/metallinjalostajat\/tietoa-meista\/tietoa-yrityksistamme\/","og_locale":"fi_FI","og_type":"article","og_title":"Tietoa yrityksist\u00e4mme","og_description":"Toimintaymp\u00e4rist\u00f6mme Metallinjalostajat ry:n j\u00e4senet valmistavat, muokkaavat ter\u00e4ksi\u00e4 ja muita metalleja sek\u00e4 kehitt\u00e4v\u00e4t ja markkinoivat niiden jalostukseen liittyvi\u00e4 teknologioita. Suomalaiset metallinjalostajat toimivat avoimilla, globaaleilla markkinoilla kaikilla mantereilla. Toimintaymp\u00e4rist\u00f6mme muutostekij\u00e4t ovat siten my\u00f6s hyvin monipuolisia (yksinkertaistettuna kuvassa). Toimintaymp\u00e4rist\u00f6mme jatkuvan muutoksen takia hyv\u00e4 yhteisty\u00f6 p\u00e4\u00e4t\u00f6ksentekij\u00f6iden, viranomaisten, tuotantolaitosten paikallisten sidosryhmien ja tutkimus- ja koulutusorganisaatioiden kanssa on meille t\u00e4rke\u00e4\u00e4. Yrityksemme [&hellip;]","og_url":"https:\/\/teknologiateollisuus.fi\/metallinjalostajat\/tietoa-meista\/tietoa-yrityksistamme\/","og_site_name":"Metallinjalostajat","article_modified_time":"2025-11-03T09:10:11+00:00","og_image":[{"width":839,"height":683,"url":"https:\/\/teknologiateollisuus.fi\/metallinjalostajat\/wp-content\/uploads\/sites\/10\/2024\/11\/Toimintaymaristo_paivitetty.png","type":"image\/png"}],"twitter_card":"summary_large_image","twitter_misc":{"Arvioitu lukuaika":"6 minuuttia"},"schema":{"@context":"https:\/\/schema.org","@graph":[{"@type":"WebPage","@id":"https:\/\/teknologiateollisuus.fi\/metallinjalostajat\/tietoa-meista\/tietoa-yrityksistamme\/","url":"https:\/\/teknologiateollisuus.fi\/metallinjalostajat\/tietoa-meista\/tietoa-yrityksistamme\/","name":"Tietoa yrityksist\u00e4mme - Metallinjalostajat","isPartOf":{"@id":"https:\/\/teknologiateollisuus.fi\/metallinjalostajat\/#website"},"primaryImageOfPage":{"@id":"https:\/\/teknologiateollisuus.fi\/metallinjalostajat\/tietoa-meista\/tietoa-yrityksistamme\/#primaryimage"},"image":{"@id":"https:\/\/teknologiateollisuus.fi\/metallinjalostajat\/tietoa-meista\/tietoa-yrityksistamme\/#primaryimage"},"thumbnailUrl":"https:\/\/teknologiateollisuus.fi\/metallinjalostajat\/wp-content\/uploads\/sites\/10\/2024\/11\/Toimintaymaristo_paivitetty.png","datePublished":"2024-09-19T08:13:42+00:00","dateModified":"2025-11-03T09:10:11+00:00","breadcrumb":{"@id":"https:\/\/teknologiateollisuus.fi\/metallinjalostajat\/tietoa-meista\/tietoa-yrityksistamme\/#breadcrumb"},"inLanguage":"fi","potentialAction":[{"@type":"ReadAction","target":["https:\/\/teknologiateollisuus.fi\/metallinjalostajat\/tietoa-meista\/tietoa-yrityksistamme\/"]}]},{"@type":"ImageObject","inLanguage":"fi","@id":"https:\/\/teknologiateollisuus.fi\/metallinjalostajat\/tietoa-meista\/tietoa-yrityksistamme\/#primaryimage","url":"https:\/\/teknologiateollisuus.fi\/metallinjalostajat\/wp-content\/uploads\/sites\/10\/2024\/11\/Toimintaymaristo_paivitetty.png","contentUrl":"https:\/\/teknologiateollisuus.fi\/metallinjalostajat\/wp-content\/uploads\/sites\/10\/2024\/11\/Toimintaymaristo_paivitetty.png","width":839,"height":683},{"@type":"BreadcrumbList","@id":"https:\/\/teknologiateollisuus.fi\/metallinjalostajat\/tietoa-meista\/tietoa-yrityksistamme\/#breadcrumb","itemListElement":[{"@type":"ListItem","position":1,"name":"Etusivu","item":"https:\/\/teknologiateollisuus.fi\/metallinjalostajat\/"},{"@type":"ListItem","position":2,"name":"Tietoa meist\u00e4","item":"https:\/\/teknologiateollisuus.fi\/metallinjalostajat\/tietoa-meista\/"},{"@type":"ListItem","position":3,"name":"Tietoa yrityksist\u00e4mme"}]},{"@type":"WebSite","@id":"https:\/\/teknologiateollisuus.fi\/metallinjalostajat\/#website","url":"https:\/\/teknologiateollisuus.fi\/metallinjalostajat\/","name":"Metallinjalostajat","description":"","potentialAction":[{"@type":"SearchAction","target":{"@type":"EntryPoint","urlTemplate":"https:\/\/teknologiateollisuus.fi\/metallinjalostajat\/?s={search_term_string}"},"query-input":{"@type":"PropertyValueSpecification","valueRequired":true,"valueName":"search_term_string"}}],"inLanguage":"fi"}]}},"lang":"fi","translations":{"fi":238},"pll_sync_post":[],"_links":{"self":[{"href":"https:\/\/teknologiateollisuus.fi\/metallinjalostajat\/wp-json\/wp\/v2\/pages\/238","targetHints":{"allow":["GET"]}}],"collection":[{"href":"https:\/\/teknologiateollisuus.fi\/metallinjalostajat\/wp-json\/wp\/v2\/pages"}],"about":[{"href":"https:\/\/teknologiateollisuus.fi\/metallinjalostajat\/wp-json\/wp\/v2\/types\/page"}],"author":[{"embeddable":true,"href":"https:\/\/teknologiateollisuus.fi\/metallinjalostajat\/wp-json\/wp\/v2\/users\/52"}],"replies":[{"embeddable":true,"href":"https:\/\/teknologiateollisuus.fi\/metallinjalostajat\/wp-json\/wp\/v2\/comments?post=238"}],"version-history":[{"count":17,"href":"https:\/\/teknologiateollisuus.fi\/metallinjalostajat\/wp-json\/wp\/v2\/pages\/238\/revisions"}],"predecessor-version":[{"id":1038,"href":"https:\/\/teknologiateollisuus.fi\/metallinjalostajat\/wp-json\/wp\/v2\/pages\/238\/revisions\/1038"}],"up":[{"embeddable":true,"href":"https:\/\/teknologiateollisuus.fi\/metallinjalostajat\/wp-json\/wp\/v2\/pages\/120"}],"wp:attachment":[{"href":"https:\/\/teknologiateollisuus.fi\/metallinjalostajat\/wp-json\/wp\/v2\/media?parent=238"}],"curies":[{"name":"wp","href":"https:\/\/api.w.org\/{rel}","templated":true}]}}