{"id":323,"date":"2024-10-10T16:55:40","date_gmt":"2024-10-10T13:55:40","guid":{"rendered":"https:\/\/teknologiateollisuus.fi\/metallinjalostajat\/?page_id=323"},"modified":"2025-04-15T14:48:59","modified_gmt":"2025-04-15T11:48:59","slug":"innostu-alalle","status":"publish","type":"page","link":"https:\/\/teknologiateollisuus.fi\/metallinjalostajat\/innostu-alalle\/innostu-alalle\/","title":{"rendered":"Tule opiskelemaan"},"content":{"rendered":"\n<div class=\"em-block-hero hero-has-background-color has-background has-tangerine-background-color has-image media-position-right \">\n\t<div class=\"em-block-hero__container\">\n\t\t<div class=\"em-block-hero__content\">\n\t\t\t<div class=\"yoast-breadcrumbs\"><span><span><a href=\"https:\/\/teknologiateollisuus.fi\/metallinjalostajat\/\">Etusivu<\/a><\/span> <span class=\"separator\"><\/span> <span><a href=\"https:\/\/teknologiateollisuus.fi\/metallinjalostajat\/innostu-alalle\/\">Innostu alalle<\/a><\/span> <span class=\"separator\"><\/span> <span class=\"breadcrumb_last\" aria-current=\"page\">Tule opiskelemaan<\/span><\/span><\/div>\t\t\t\n<h1 class=\"wp-block-heading\" id=\"h-tule-opiskelemaan\">Tule opiskelemaan<\/h1>\n\n<p><\/p>\n\t\t\t<div class=\"em-block-hero__modified-date\"> P\u00e4ivitetty 15.04.2025 klo 14:48<\/div>\t\t<\/div>\n\t\t\t\t\t<figure class=\"em-block-hero__image\">\n\t\t\t\t<img loading=\"lazy\" decoding=\"async\" width=\"1044\" height=\"696\" src=\"https:\/\/teknologiateollisuus.fi\/metallinjalostajat\/wp-content\/uploads\/sites\/10\/2025\/04\/Pienitiedosto_Metalli_4920.jpeg\" class=\"attachment-hero size-hero\" alt=\"Metallinjalostus on Suomen vahva vientiala\" srcset=\"https:\/\/teknologiateollisuus.fi\/metallinjalostajat\/wp-content\/uploads\/sites\/10\/2025\/04\/Pienitiedosto_Metalli_4920.jpeg 1044w, https:\/\/teknologiateollisuus.fi\/metallinjalostajat\/wp-content\/uploads\/sites\/10\/2025\/04\/Pienitiedosto_Metalli_4920-400x267.jpeg 400w, https:\/\/teknologiateollisuus.fi\/metallinjalostajat\/wp-content\/uploads\/sites\/10\/2025\/04\/Pienitiedosto_Metalli_4920-968x645.jpeg 968w, https:\/\/teknologiateollisuus.fi\/metallinjalostajat\/wp-content\/uploads\/sites\/10\/2025\/04\/Pienitiedosto_Metalli_4920-768x512.jpeg 768w\" sizes=\"auto, (max-width: 1044px) 100vw, 1044px\" \/>\t\t\t<\/figure>\n\t\t\t<\/div>\n<\/div>\n\n\n\n<p>Alalle erikoistumisen syit\u00e4 ovat usein hyv\u00e4t ty\u00f6llistymisen mahdollisuudet ja globaalisti toimivat monipuolisia teht\u00e4vi\u00e4 tarjoavat yritykset sek\u00e4 yh\u00e4 useammin kest\u00e4vyyden edist\u00e4minen, on kyse sitten v\u00e4h\u00e4hiilisyyden mahdollistamisesta metallien avulla, tuotantoprosessien kehitt\u00e4misest\u00e4, ymp\u00e4rist\u00f6haittojen v\u00e4hent\u00e4misest\u00e4, huipputuotteista tai kierr\u00e4tysratkaisuista.<\/p>\n\n\n\n<p>Automaation kasvu muuttaa jatkuvasti alamme osaamistarpeita. Alan ytimess\u00e4 s\u00e4ilyv\u00e4t kuitenkin vahva metallurgian, prosessitekniikan ja kemian osaaminen, jotka luovat perustan my\u00f6s automaation ja teko\u00e4lyn hy\u00f6tyjen t\u00e4ysim\u00e4\u00e4r\u00e4isen toteutumisen.<\/p>\n\n\n\n<p>Kilpailemme osaamisen ja erikoistumisen kautta. Suomessa toimivat metallinjalostusyritykset ja teknologiavalmistajat ovat alansa edell\u00e4k\u00e4vij\u00f6it\u00e4 niin teknisesti kuin innovaatioiden osalta ja tuotteet ovat omaa luokkaansa \u2013 t\u00e4m\u00e4 kaikki perustuu kovaan osaamiseen my\u00f6s jatkossakin ja siksi osaavaa ty\u00f6voimaa tarvitaan.<\/p>\n\n\n\n<h2 class=\"wp-block-heading\" id=\"h-hakemisesta-opiskelijaksi\"><strong>Hakemisesta opiskelijaksi<\/strong><\/h2>\n\n\n\n<p>Tietoa diplomi-insin\u00f6\u00f6ri- ja arkkitehtikoulutuksen yhteisvalinnasta <a href=\"https:\/\/dia.fi\/\" target=\"_blank\" rel=\"noreferrer noopener\">Dia.fi<\/a>-sivulta: yliopistot, hakeminen, valintakokeet, tulospalvelu, hakuaikataulu, p\u00e4\u00e4sykoearkisto.<\/p>\n\n\n\n<p>Teknillisten yliopistojen nettisivut kertovat omilla sivuilla hakemisesta teknillistieteelliselle koulutusalalle, lue lis\u00e4\u00e4:&nbsp;<\/p>\n\n\n\n<ul class=\"wp-block-list\">\n<li>Aalto-yliopisto (Espoo): <a href=\"https:\/\/www.aalto.fi\/fi\/opiskelu-aallossa\" target=\"_blank\" rel=\"noreferrer noopener\">Haku tekniikan kandidaatin ja diplomi-insin\u00f6\u00f6rin tutkintoon<\/a>&nbsp;\u2013&nbsp;Kemian tekniikan korkeakoulu: <a href=\"https:\/\/www.aalto.fi\/fi\/kemian-tekniikan-ja-metallurgian-laitos\" target=\"_blank\" rel=\"noreferrer noopener\">Materiaalitekniikan laitos<\/a><\/li>\n\n\n\n<li>Lappeenrannan teknillinen yliopisto: <a href=\"https:\/\/www.lut.fi\/fi\/opiskelu\/hae-yliopistoon\" target=\"_blank\" rel=\"noreferrer noopener\">Hakeminen<\/a>&nbsp;\u2013&nbsp;Lappeenrannassa <a href=\"https:\/\/www.lut.fi\/fi\/opiskelu\" target=\"_blank\" rel=\"noreferrer noopener\">opiskelusta<\/a><\/li>\n\n\n\n<li>Oulun yliopisto: <a href=\"https:\/\/www.oulu.fi\/fi\/hae\" target=\"_blank\" rel=\"noreferrer noopener\">Hae opiskelijaksi<\/a>&nbsp;\u2013&nbsp;Oulun yliopisto: <a href=\"https:\/\/www.oulu.fi\/fi\/yliopisto\/tiedekunnat-ja-yksikot\/teknillinen-tiedekunta\" target=\"_blank\" rel=\"noreferrer noopener\">Teknillinen tiedekunta<\/a><\/li>\n\n\n\n<li>Tampereen yliopisto: <a href=\"https:\/\/www.tuni.fi\/fi\/tule-opiskelemaan\" target=\"_blank\" rel=\"noreferrer noopener\">Hae<\/a>&nbsp;\u2013 <a href=\"https:\/\/www.tuni.fi\/fi\/tutustu-meihin\/materiaalioppi\" target=\"_blank\" rel=\"noreferrer noopener\">Materiaalioppi<\/a><\/li>\n\n\n\n<li>\u00c5bo Akademi: Kemian-\u00ad ja\u00ad prosessi\u00adtekniikan <a href=\"https:\/\/www.abo.fi\/fi\/koulutusohjelmat\/kemian-ja-prosessitekniikka\/\" target=\"_blank\" rel=\"noreferrer noopener\">koulutus\u00adohjelma<\/a> <\/li>\n\n\n\n<li>Turun yliopisto: <a href=\"https:\/\/www.utu.fi\/fi\/opiskelijaksi\/materiaalitekniikka-tekniikan-kandidaatti-ja-diplomi-insinoori-3-v-2-v\" target=\"_blank\" rel=\"noreferrer noopener\">materiaalitekniikka<\/a> <\/li>\n<\/ul>\n\n\n\n<h2 class=\"wp-block-heading\" id=\"h-opiskelijakillat\"><strong>Opiskelijakillat<\/strong><\/h2>\n\n\n\n<p>Opintojen ohessa verkottuminen muiden opiskelijoiden kanssa on t\u00e4rke\u00e4\u00e4, hy\u00f6dyllist\u00e4 ja hauskaa &#8211; killoista l\u00f6yd\u00e4t tukea ja yhteist\u00e4 tekemist\u00e4. Killat pit\u00e4v\u00e4t huolen uusien opiskelijoiden kotiutumisesta ja viihtyvyydest\u00e4 uudessa opinahjossa. Killat ja ammattiainekerhot j\u00e4rjest\u00e4v\u00e4t ekskursioita yritysmaailmaan niin kotimaassa kuin ulkomaillakin.<\/p>\n\n\n\n<p>Lue lis\u00e4\u00e4 kiltojen toiminnasta:<\/p>\n\n\n\n<ul class=\"wp-block-list\">\n<li>Aalto-yliopiston Kemian tekniikan korkeakoulussa <a href=\"https:\/\/vuorimieskilta.fi\/\" target=\"_blank\" rel=\"noreferrer noopener\">Vuorimieskilta<\/a>&nbsp;on materiaalitekniikan tutkinto-ohjelman opiskelijoiden yhdistys.<\/li>\n\n\n\n<li>Lappeenrannan teknillisen yliopiston&nbsp;(LUT) <a href=\"https:\/\/www.koneenrakennuskilta.fi\/fi\" target=\"_blank\" rel=\"noreferrer noopener\">Koneenrakennuskilta<\/a>&nbsp;on konetekniikan opiskelijoiden ainej\u00e4rjest\u00f6.<\/li>\n\n\n\n<li>Oulun yliopiston <a href=\"https:\/\/www.prosessikilta.fi\/\" target=\"_blank\" rel=\"noreferrer noopener\">Prosessikilta<\/a>&nbsp;toimii&nbsp;prosessitekniikan koulutusohjelman&nbsp;opiskelijoiden yhdyssiteen\u00e4.<\/li>\n\n\n\n<li>Tampereen&nbsp;yliopiston <a href=\"https:\/\/materiaali-insinoorikilta.fi\/\" target=\"_blank\" rel=\"noreferrer noopener\">Materiaali-insin\u00f6\u00f6rikilta<\/a>&nbsp;edist\u00e4\u00e4 materiaalitekniikan opiskelijoiden yhteistoimintaa.<\/li>\n\n\n\n<li>Turun yliopisto. Materiaalitekniikan kilta Adamas ry. <a href=\"https:\/\/www.adamas.fi\/\" target=\"_blank\" rel=\"noreferrer noopener\">https:\/\/www.adamas.fi\/<\/a><\/li>\n<\/ul>\n","protected":false},"excerpt":{"rendered":"<p>Alalle erikoistumisen syit\u00e4 ovat usein hyv\u00e4t ty\u00f6llistymisen mahdollisuudet ja globaalisti toimivat monipuolisia teht\u00e4vi\u00e4 tarjoavat yritykset sek\u00e4 yh\u00e4 useammin kest\u00e4vyyden edist\u00e4minen, on kyse sitten v\u00e4h\u00e4hiilisyyden mahdollistamisesta metallien avulla, tuotantoprosessien kehitt\u00e4misest\u00e4, ymp\u00e4rist\u00f6haittojen v\u00e4hent\u00e4misest\u00e4, huipputuotteista tai kierr\u00e4tysratkaisuista. Automaation kasvu muuttaa jatkuvasti alamme osaamistarpeita. Alan ytimess\u00e4 s\u00e4ilyv\u00e4t kuitenkin vahva metallurgian, prosessitekniikan ja kemian osaaminen, jotka luovat perustan my\u00f6s automaation [&hellip;]<\/p>\n","protected":false},"author":52,"featured_media":982,"parent":484,"menu_order":2,"comment_status":"closed","ping_status":"closed","template":"","meta":{"_acf_changed":false,"_relevanssi_hide_post":"","_relevanssi_hide_content":"","_relevanssi_pin_for_all":"","_relevanssi_pin_keywords":"","_relevanssi_unpin_keywords":"","_relevanssi_related_keywords":"","_relevanssi_related_include_ids":"","_relevanssi_related_exclude_ids":"","_relevanssi_related_no_append":"","_relevanssi_related_not_related":"","_relevanssi_related_posts":"264,278,273,258,256,212","_relevanssi_noindex_reason":"","inline_featured_image":false,"footnotes":""},"class_list":["post-323","page","type-page","status-publish","has-post-thumbnail","hentry"],"acf":[],"yoast_head":"<!-- This site is optimized with the Yoast SEO Premium plugin v27.1 (Yoast SEO v27.3) - https:\/\/yoast.com\/product\/yoast-seo-premium-wordpress\/ -->\n<title>Tule opiskelemaan - Metallinjalostajat<\/title>\n<meta name=\"robots\" content=\"index, follow, max-snippet:-1, max-image-preview:large, max-video-preview:-1\" \/>\n<link rel=\"canonical\" href=\"https:\/\/teknologiateollisuus.fi\/metallinjalostajat\/innostu-alalle\/innostu-alalle\/\" \/>\n<meta property=\"og:locale\" content=\"fi_FI\" \/>\n<meta property=\"og:type\" content=\"article\" \/>\n<meta property=\"og:title\" content=\"Tule opiskelemaan\" \/>\n<meta property=\"og:description\" content=\"Alalle erikoistumisen syit\u00e4 ovat usein hyv\u00e4t ty\u00f6llistymisen mahdollisuudet ja globaalisti toimivat monipuolisia teht\u00e4vi\u00e4 tarjoavat yritykset sek\u00e4 yh\u00e4 useammin kest\u00e4vyyden edist\u00e4minen, on kyse sitten v\u00e4h\u00e4hiilisyyden mahdollistamisesta metallien avulla, tuotantoprosessien kehitt\u00e4misest\u00e4, ymp\u00e4rist\u00f6haittojen v\u00e4hent\u00e4misest\u00e4, huipputuotteista tai kierr\u00e4tysratkaisuista. Automaation kasvu muuttaa jatkuvasti alamme osaamistarpeita. Alan ytimess\u00e4 s\u00e4ilyv\u00e4t kuitenkin vahva metallurgian, prosessitekniikan ja kemian osaaminen, jotka luovat perustan my\u00f6s automaation [&hellip;]\" \/>\n<meta property=\"og:url\" content=\"https:\/\/teknologiateollisuus.fi\/metallinjalostajat\/innostu-alalle\/innostu-alalle\/\" \/>\n<meta property=\"og:site_name\" content=\"Metallinjalostajat\" \/>\n<meta property=\"article:modified_time\" content=\"2025-04-15T11:48:59+00:00\" \/>\n<meta property=\"og:image\" content=\"https:\/\/teknologiateollisuus.fi\/metallinjalostajat\/wp-content\/uploads\/sites\/10\/2025\/04\/Pienitiedosto_Metalli_4920.jpeg\" \/>\n\t<meta property=\"og:image:width\" content=\"1044\" \/>\n\t<meta property=\"og:image:height\" content=\"696\" \/>\n\t<meta property=\"og:image:type\" content=\"image\/jpeg\" \/>\n<meta name=\"twitter:card\" content=\"summary_large_image\" \/>\n<meta name=\"twitter:label1\" content=\"Arvioitu lukuaika\" \/>\n\t<meta name=\"twitter:data1\" content=\"2 minuuttia\" \/>\n<script type=\"application\/ld+json\" class=\"yoast-schema-graph\">{\"@context\":\"https:\\\/\\\/schema.org\",\"@graph\":[{\"@type\":\"WebPage\",\"@id\":\"https:\\\/\\\/teknologiateollisuus.fi\\\/metallinjalostajat\\\/innostu-alalle\\\/innostu-alalle\\\/\",\"url\":\"https:\\\/\\\/teknologiateollisuus.fi\\\/metallinjalostajat\\\/innostu-alalle\\\/innostu-alalle\\\/\",\"name\":\"Tule opiskelemaan - Metallinjalostajat\",\"isPartOf\":{\"@id\":\"https:\\\/\\\/teknologiateollisuus.fi\\\/metallinjalostajat\\\/#website\"},\"primaryImageOfPage\":{\"@id\":\"https:\\\/\\\/teknologiateollisuus.fi\\\/metallinjalostajat\\\/innostu-alalle\\\/innostu-alalle\\\/#primaryimage\"},\"image\":{\"@id\":\"https:\\\/\\\/teknologiateollisuus.fi\\\/metallinjalostajat\\\/innostu-alalle\\\/innostu-alalle\\\/#primaryimage\"},\"thumbnailUrl\":\"https:\\\/\\\/teknologiateollisuus.fi\\\/metallinjalostajat\\\/wp-content\\\/uploads\\\/sites\\\/10\\\/2025\\\/04\\\/Pienitiedosto_Metalli_4920.jpeg\",\"datePublished\":\"2024-10-10T13:55:40+00:00\",\"dateModified\":\"2025-04-15T11:48:59+00:00\",\"breadcrumb\":{\"@id\":\"https:\\\/\\\/teknologiateollisuus.fi\\\/metallinjalostajat\\\/innostu-alalle\\\/innostu-alalle\\\/#breadcrumb\"},\"inLanguage\":\"fi\",\"potentialAction\":[{\"@type\":\"ReadAction\",\"target\":[\"https:\\\/\\\/teknologiateollisuus.fi\\\/metallinjalostajat\\\/innostu-alalle\\\/innostu-alalle\\\/\"]}]},{\"@type\":\"ImageObject\",\"inLanguage\":\"fi\",\"@id\":\"https:\\\/\\\/teknologiateollisuus.fi\\\/metallinjalostajat\\\/innostu-alalle\\\/innostu-alalle\\\/#primaryimage\",\"url\":\"https:\\\/\\\/teknologiateollisuus.fi\\\/metallinjalostajat\\\/wp-content\\\/uploads\\\/sites\\\/10\\\/2025\\\/04\\\/Pienitiedosto_Metalli_4920.jpeg\",\"contentUrl\":\"https:\\\/\\\/teknologiateollisuus.fi\\\/metallinjalostajat\\\/wp-content\\\/uploads\\\/sites\\\/10\\\/2025\\\/04\\\/Pienitiedosto_Metalli_4920.jpeg\",\"width\":1044,\"height\":696,\"caption\":\"Metallinjalostus on Suomen vahva vientiala\"},{\"@type\":\"BreadcrumbList\",\"@id\":\"https:\\\/\\\/teknologiateollisuus.fi\\\/metallinjalostajat\\\/innostu-alalle\\\/innostu-alalle\\\/#breadcrumb\",\"itemListElement\":[{\"@type\":\"ListItem\",\"position\":1,\"name\":\"Etusivu\",\"item\":\"https:\\\/\\\/teknologiateollisuus.fi\\\/metallinjalostajat\\\/\"},{\"@type\":\"ListItem\",\"position\":2,\"name\":\"Innostu alalle\",\"item\":\"https:\\\/\\\/teknologiateollisuus.fi\\\/metallinjalostajat\\\/innostu-alalle\\\/\"},{\"@type\":\"ListItem\",\"position\":3,\"name\":\"Tule opiskelemaan\"}]},{\"@type\":\"WebSite\",\"@id\":\"https:\\\/\\\/teknologiateollisuus.fi\\\/metallinjalostajat\\\/#website\",\"url\":\"https:\\\/\\\/teknologiateollisuus.fi\\\/metallinjalostajat\\\/\",\"name\":\"Metallinjalostajat\",\"description\":\"\",\"potentialAction\":[{\"@type\":\"SearchAction\",\"target\":{\"@type\":\"EntryPoint\",\"urlTemplate\":\"https:\\\/\\\/teknologiateollisuus.fi\\\/metallinjalostajat\\\/?s={search_term_string}\"},\"query-input\":{\"@type\":\"PropertyValueSpecification\",\"valueRequired\":true,\"valueName\":\"search_term_string\"}}],\"inLanguage\":\"fi\"}]}<\/script>\n<!-- \/ Yoast SEO Premium plugin. -->","yoast_head_json":{"title":"Tule opiskelemaan - Metallinjalostajat","robots":{"index":"index","follow":"follow","max-snippet":"max-snippet:-1","max-image-preview":"max-image-preview:large","max-video-preview":"max-video-preview:-1"},"canonical":"https:\/\/teknologiateollisuus.fi\/metallinjalostajat\/innostu-alalle\/innostu-alalle\/","og_locale":"fi_FI","og_type":"article","og_title":"Tule opiskelemaan","og_description":"Alalle erikoistumisen syit\u00e4 ovat usein hyv\u00e4t ty\u00f6llistymisen mahdollisuudet ja globaalisti toimivat monipuolisia teht\u00e4vi\u00e4 tarjoavat yritykset sek\u00e4 yh\u00e4 useammin kest\u00e4vyyden edist\u00e4minen, on kyse sitten v\u00e4h\u00e4hiilisyyden mahdollistamisesta metallien avulla, tuotantoprosessien kehitt\u00e4misest\u00e4, ymp\u00e4rist\u00f6haittojen v\u00e4hent\u00e4misest\u00e4, huipputuotteista tai kierr\u00e4tysratkaisuista. Automaation kasvu muuttaa jatkuvasti alamme osaamistarpeita. Alan ytimess\u00e4 s\u00e4ilyv\u00e4t kuitenkin vahva metallurgian, prosessitekniikan ja kemian osaaminen, jotka luovat perustan my\u00f6s automaation [&hellip;]","og_url":"https:\/\/teknologiateollisuus.fi\/metallinjalostajat\/innostu-alalle\/innostu-alalle\/","og_site_name":"Metallinjalostajat","article_modified_time":"2025-04-15T11:48:59+00:00","og_image":[{"width":1044,"height":696,"url":"https:\/\/teknologiateollisuus.fi\/metallinjalostajat\/wp-content\/uploads\/sites\/10\/2025\/04\/Pienitiedosto_Metalli_4920.jpeg","type":"image\/jpeg"}],"twitter_card":"summary_large_image","twitter_misc":{"Arvioitu lukuaika":"2 minuuttia"},"schema":{"@context":"https:\/\/schema.org","@graph":[{"@type":"WebPage","@id":"https:\/\/teknologiateollisuus.fi\/metallinjalostajat\/innostu-alalle\/innostu-alalle\/","url":"https:\/\/teknologiateollisuus.fi\/metallinjalostajat\/innostu-alalle\/innostu-alalle\/","name":"Tule opiskelemaan - Metallinjalostajat","isPartOf":{"@id":"https:\/\/teknologiateollisuus.fi\/metallinjalostajat\/#website"},"primaryImageOfPage":{"@id":"https:\/\/teknologiateollisuus.fi\/metallinjalostajat\/innostu-alalle\/innostu-alalle\/#primaryimage"},"image":{"@id":"https:\/\/teknologiateollisuus.fi\/metallinjalostajat\/innostu-alalle\/innostu-alalle\/#primaryimage"},"thumbnailUrl":"https:\/\/teknologiateollisuus.fi\/metallinjalostajat\/wp-content\/uploads\/sites\/10\/2025\/04\/Pienitiedosto_Metalli_4920.jpeg","datePublished":"2024-10-10T13:55:40+00:00","dateModified":"2025-04-15T11:48:59+00:00","breadcrumb":{"@id":"https:\/\/teknologiateollisuus.fi\/metallinjalostajat\/innostu-alalle\/innostu-alalle\/#breadcrumb"},"inLanguage":"fi","potentialAction":[{"@type":"ReadAction","target":["https:\/\/teknologiateollisuus.fi\/metallinjalostajat\/innostu-alalle\/innostu-alalle\/"]}]},{"@type":"ImageObject","inLanguage":"fi","@id":"https:\/\/teknologiateollisuus.fi\/metallinjalostajat\/innostu-alalle\/innostu-alalle\/#primaryimage","url":"https:\/\/teknologiateollisuus.fi\/metallinjalostajat\/wp-content\/uploads\/sites\/10\/2025\/04\/Pienitiedosto_Metalli_4920.jpeg","contentUrl":"https:\/\/teknologiateollisuus.fi\/metallinjalostajat\/wp-content\/uploads\/sites\/10\/2025\/04\/Pienitiedosto_Metalli_4920.jpeg","width":1044,"height":696,"caption":"Metallinjalostus on Suomen vahva vientiala"},{"@type":"BreadcrumbList","@id":"https:\/\/teknologiateollisuus.fi\/metallinjalostajat\/innostu-alalle\/innostu-alalle\/#breadcrumb","itemListElement":[{"@type":"ListItem","position":1,"name":"Etusivu","item":"https:\/\/teknologiateollisuus.fi\/metallinjalostajat\/"},{"@type":"ListItem","position":2,"name":"Innostu alalle","item":"https:\/\/teknologiateollisuus.fi\/metallinjalostajat\/innostu-alalle\/"},{"@type":"ListItem","position":3,"name":"Tule opiskelemaan"}]},{"@type":"WebSite","@id":"https:\/\/teknologiateollisuus.fi\/metallinjalostajat\/#website","url":"https:\/\/teknologiateollisuus.fi\/metallinjalostajat\/","name":"Metallinjalostajat","description":"","potentialAction":[{"@type":"SearchAction","target":{"@type":"EntryPoint","urlTemplate":"https:\/\/teknologiateollisuus.fi\/metallinjalostajat\/?s={search_term_string}"},"query-input":{"@type":"PropertyValueSpecification","valueRequired":true,"valueName":"search_term_string"}}],"inLanguage":"fi"}]}},"lang":"fi","translations":{"fi":323},"pll_sync_post":[],"_links":{"self":[{"href":"https:\/\/teknologiateollisuus.fi\/metallinjalostajat\/wp-json\/wp\/v2\/pages\/323","targetHints":{"allow":["GET"]}}],"collection":[{"href":"https:\/\/teknologiateollisuus.fi\/metallinjalostajat\/wp-json\/wp\/v2\/pages"}],"about":[{"href":"https:\/\/teknologiateollisuus.fi\/metallinjalostajat\/wp-json\/wp\/v2\/types\/page"}],"author":[{"embeddable":true,"href":"https:\/\/teknologiateollisuus.fi\/metallinjalostajat\/wp-json\/wp\/v2\/users\/52"}],"replies":[{"embeddable":true,"href":"https:\/\/teknologiateollisuus.fi\/metallinjalostajat\/wp-json\/wp\/v2\/comments?post=323"}],"version-history":[{"count":24,"href":"https:\/\/teknologiateollisuus.fi\/metallinjalostajat\/wp-json\/wp\/v2\/pages\/323\/revisions"}],"predecessor-version":[{"id":983,"href":"https:\/\/teknologiateollisuus.fi\/metallinjalostajat\/wp-json\/wp\/v2\/pages\/323\/revisions\/983"}],"up":[{"embeddable":true,"href":"https:\/\/teknologiateollisuus.fi\/metallinjalostajat\/wp-json\/wp\/v2\/pages\/484"}],"wp:featuredmedia":[{"embeddable":true,"href":"https:\/\/teknologiateollisuus.fi\/metallinjalostajat\/wp-json\/wp\/v2\/media\/982"}],"wp:attachment":[{"href":"https:\/\/teknologiateollisuus.fi\/metallinjalostajat\/wp-json\/wp\/v2\/media?parent=323"}],"curies":[{"name":"wp","href":"https:\/\/api.w.org\/{rel}","templated":true}]}}