{"id":345,"date":"2024-10-11T13:07:17","date_gmt":"2024-10-11T10:07:17","guid":{"rendered":"https:\/\/teknologiateollisuus.fi\/metallinjalostajat\/?page_id=345"},"modified":"2025-04-15T14:49:26","modified_gmt":"2025-04-15T11:49:26","slug":"toihin-alalle","status":"publish","type":"page","link":"https:\/\/teknologiateollisuus.fi\/metallinjalostajat\/innostu-alalle\/toihin-alalle\/","title":{"rendered":"Ty\u00f6llisty alalle"},"content":{"rendered":"\n<div class=\"em-block-hero hero-has-background-color has-background has-tangerine-background-color has-image media-position-right \">\n\t<div class=\"em-block-hero__container\">\n\t\t<div class=\"em-block-hero__content\">\n\t\t\t<div class=\"yoast-breadcrumbs\"><span><span><a href=\"https:\/\/teknologiateollisuus.fi\/metallinjalostajat\/\">Etusivu<\/a><\/span> <span class=\"separator\"><\/span> <span><a href=\"https:\/\/teknologiateollisuus.fi\/metallinjalostajat\/innostu-alalle\/\">Innostu alalle<\/a><\/span> <span class=\"separator\"><\/span> <span class=\"breadcrumb_last\" aria-current=\"page\">Ty\u00f6llisty alalle<\/span><\/span><\/div>\t\t\t\n<h1 class=\"wp-block-heading\" id=\"h-tyollisty-alalle\">Ty\u00f6llisty alalle<\/h1>\n\n<p><\/p>\n\t\t\t<div class=\"em-block-hero__modified-date\"> P\u00e4ivitetty 15.04.2025 klo 14:49<\/div>\t\t<\/div>\n\t\t\t\t\t<figure class=\"em-block-hero__image\">\n\t\t\t\t<img loading=\"lazy\" decoding=\"async\" width=\"1044\" height=\"696\" src=\"https:\/\/teknologiateollisuus.fi\/metallinjalostajat\/wp-content\/uploads\/sites\/10\/2025\/04\/Pienitiedosto_Metalli_0236.jpeg\" class=\"attachment-hero size-hero\" alt=\"Ovi auki ty\u00f6el\u00e4m\u00e4\u00e4n\" srcset=\"https:\/\/teknologiateollisuus.fi\/metallinjalostajat\/wp-content\/uploads\/sites\/10\/2025\/04\/Pienitiedosto_Metalli_0236.jpeg 1044w, https:\/\/teknologiateollisuus.fi\/metallinjalostajat\/wp-content\/uploads\/sites\/10\/2025\/04\/Pienitiedosto_Metalli_0236-400x267.jpeg 400w, https:\/\/teknologiateollisuus.fi\/metallinjalostajat\/wp-content\/uploads\/sites\/10\/2025\/04\/Pienitiedosto_Metalli_0236-968x645.jpeg 968w, https:\/\/teknologiateollisuus.fi\/metallinjalostajat\/wp-content\/uploads\/sites\/10\/2025\/04\/Pienitiedosto_Metalli_0236-768x512.jpeg 768w\" sizes=\"auto, (max-width: 1044px) 100vw, 1044px\" \/>\t\t\t<\/figure>\n\t\t\t<\/div>\n<\/div>\n\n\n\n<p>Haluatko tehd\u00e4 t\u00f6it\u00e4 toimialalla, jossa yhdistyv\u00e4t teknologinen kehitys, kest\u00e4v\u00e4 tuotanto ja maailmanluokan ammattitaito? Suomalainen metallinjalostusteollisuus ja alan teknologiavalmistus tarjoavat juuri t\u00e4t\u00e4 ja paljon enemm\u00e4n, olitpa sitten kokenut ammattilainen tai uraasi aloitteleva nuori osaaja.<\/p>\n\n\n\n<p>Suomessa ty\u00f6skentelet turvallisessa, vastuullisessa ja hyvin johdetussa ty\u00f6ymp\u00e4rist\u00f6ss\u00e4, jossa arvostetaan ty\u00f6ntekij\u00f6it\u00e4 ja panostetaan hyvinvointiin. Ty\u00f6turvallisuus on meille ensisijainen asia. T\u00e4ll\u00e4 alalla voit kehitty\u00e4 moniosaajaksi, oppia uutta ja syvent\u00e4\u00e4 ammattitaitoasi alan johtavien ammattilaisten kanssa.<\/p>\n\n\n\n<p>Suomessa valmistettu metalli t\u00e4ytt\u00e4\u00e4 tiukat ymp\u00e4rist\u00f6vaatimukset ja on maailman v\u00e4h\u00e4p\u00e4\u00e4st\u00f6isimpi\u00e4 \u2013 se on kest\u00e4v\u00e4 valinta niin tuotteille kuin ty\u00f6urallekin!<\/p>\n\n\n\n<p><strong>T\u00e4\u00e4lt\u00e4 l\u00f6yd\u00e4t tietoa avoimista teht\u00e4vist\u00e4:<\/strong><\/p>\n\n\n\n<p><a href=\"https:\/\/www.aurubis.fi\/careers\/\" target=\"_blank\" rel=\"noreferrer noopener\">Aurubis<\/a><br><a href=\"http:\/\/www.boliden.com\/Career\/\" target=\"_blank\" rel=\"noreferrer noopener\">Boliden<\/a><br><a href=\"https:\/\/www.nornickel.fi\/ura-meilla\" target=\"_blank\" rel=\"noreferrer noopener\">Norilsk Nickel Harjavalta<\/a><br><a href=\"http:\/\/www.outokumpu.com\/en\/careers\/Pages\/default.aspx\" target=\"_blank\" rel=\"noreferrer noopener\">Outokumpu<\/a><br><a href=\"https:\/\/www.mogroup.com\/fi\/yritys\/ura\/\" target=\"_blank\" rel=\"noreferrer noopener\">Metso<\/a><br><a href=\"http:\/\/www.ovako.com\/fi\/Tyopaikat\/\" target=\"_blank\" rel=\"noreferrer noopener\">Ovako Imatra<\/a><br><a href=\"https:\/\/www.ssab.com\/fi-fi\/ssab-konserni\/tyopaikat\" target=\"_blank\" rel=\"noreferrer noopener\">SSAB<\/a><\/p>\n\n\n\n<h2 class=\"wp-block-heading\" id=\"h-tutustu-uratarinoihin\"><strong>Tutustu uratarinoihin<\/strong><\/h2>\n\n\n\n<p><a href=\"https:\/\/teknologiateollisuus.fi\/metallinjalostajat\/diana-kasymova-academic-researcher-metso-outotec\/\">Diana Kasymova, Academic Researcher, Metso Outotec<\/a><\/p>\n\n\n\n<p><a href=\"https:\/\/teknologiateollisuus.fi\/metallinjalostajat\/anni-salminen-vientikoordinaattori-outokumpu\/\">Anni Salminen, vientikoordinaattori, Outokumpu<\/a><\/p>\n\n\n\n<p><a href=\"https:\/\/teknologiateollisuus.fi\/metallinjalostajat\/jaakko-kemppainen-satamatyojohdon-harjoittelija-outokumpu\/\">Jaakko Kemppainen, satamaty\u00f6johdon harjoittelija, Outokumpu<\/a><\/p>\n\n\n\n<p><a href=\"https:\/\/vimeo.com\/1060797627\">Anu Kallio, Production manager, SSAB Raahe<\/a><\/p>\n\n\n\n<p><a href=\"https:\/\/vimeo.com\/1060799744\">Olli Oja, Product development engineer, SSAB H\u00e4meenlinna<\/a> <\/p>\n\n\n\n<p><a href=\"https:\/\/teknologiateollisuus.fi\/metallinjalostajat\/miia-kivio-technology-manager-aurubis\/\">Miia Kivi\u00f6, Technology Manager, Aurubis<\/a><\/p>\n\n\n\n<p><a href=\"https:\/\/teknologiateollisuus.fi\/metallinjalostajat\/perttu-heinila-production-manager-aurubis\/\">Perttu Heinil\u00e4, Production Manager, Aurubis<\/a><\/p>\n\n\n\n<p><a href=\"https:\/\/teknologiateollisuus.fi\/metallinjalostajat\/diplomityon-keskiossa-suotaumien-synnyt-syvat\/\">Diplomity\u00f6ntekj\u00e4 Marjut Hautam\u00e4ki, Ovako<\/a><\/p>\n\n\n\n<p><a href=\"https:\/\/teknologiateollisuus.fi\/metallinjalostajat\/mauri-kostiainen-digitalization-and-process-modelling-specialist-and-katariina-tarkkio-process-metallurgist-metso-outotec\/\">Mauri Kostiainen, Digitalization and Process Modeling Specialist, and Katariina Tarkkio, Process Metallurgist, Metso Outotec<\/a><\/p>\n\n\n\n<p>&nbsp;<\/p>\n","protected":false},"excerpt":{"rendered":"<p>Haluatko tehd\u00e4 t\u00f6it\u00e4 toimialalla, jossa yhdistyv\u00e4t teknologinen kehitys, kest\u00e4v\u00e4 tuotanto ja maailmanluokan ammattitaito? Suomalainen metallinjalostusteollisuus ja alan teknologiavalmistus tarjoavat juuri t\u00e4t\u00e4 ja paljon enemm\u00e4n, olitpa sitten kokenut ammattilainen tai uraasi aloitteleva nuori osaaja. Suomessa ty\u00f6skentelet turvallisessa, vastuullisessa ja hyvin johdetussa ty\u00f6ymp\u00e4rist\u00f6ss\u00e4, jossa arvostetaan ty\u00f6ntekij\u00f6it\u00e4 ja panostetaan hyvinvointiin. Ty\u00f6turvallisuus on meille ensisijainen asia. T\u00e4ll\u00e4 alalla voit [&hellip;]<\/p>\n","protected":false},"author":52,"featured_media":978,"parent":484,"menu_order":4,"comment_status":"closed","ping_status":"closed","template":"","meta":{"_acf_changed":false,"_relevanssi_hide_post":"","_relevanssi_hide_content":"","_relevanssi_pin_for_all":"","_relevanssi_pin_keywords":"","_relevanssi_unpin_keywords":"","_relevanssi_related_keywords":"","_relevanssi_related_include_ids":"","_relevanssi_related_exclude_ids":"","_relevanssi_related_no_append":"","_relevanssi_related_not_related":"","_relevanssi_related_posts":"338,278,256,264,336,266","_relevanssi_noindex_reason":"","inline_featured_image":false,"footnotes":""},"class_list":["post-345","page","type-page","status-publish","has-post-thumbnail","hentry"],"acf":[],"yoast_head":"<!-- This site is optimized with the Yoast SEO Premium plugin v27.1 (Yoast SEO v27.3) - https:\/\/yoast.com\/product\/yoast-seo-premium-wordpress\/ -->\n<title>Ty\u00f6llisty alalle - Metallinjalostajat<\/title>\n<meta name=\"robots\" content=\"index, follow, max-snippet:-1, max-image-preview:large, max-video-preview:-1\" \/>\n<link rel=\"canonical\" href=\"https:\/\/teknologiateollisuus.fi\/metallinjalostajat\/innostu-alalle\/toihin-alalle\/\" \/>\n<meta property=\"og:locale\" content=\"fi_FI\" \/>\n<meta property=\"og:type\" content=\"article\" \/>\n<meta property=\"og:title\" content=\"Ty\u00f6llisty alalle\" \/>\n<meta property=\"og:description\" content=\"Haluatko tehd\u00e4 t\u00f6it\u00e4 toimialalla, jossa yhdistyv\u00e4t teknologinen kehitys, kest\u00e4v\u00e4 tuotanto ja maailmanluokan ammattitaito? Suomalainen metallinjalostusteollisuus ja alan teknologiavalmistus tarjoavat juuri t\u00e4t\u00e4 ja paljon enemm\u00e4n, olitpa sitten kokenut ammattilainen tai uraasi aloitteleva nuori osaaja. Suomessa ty\u00f6skentelet turvallisessa, vastuullisessa ja hyvin johdetussa ty\u00f6ymp\u00e4rist\u00f6ss\u00e4, jossa arvostetaan ty\u00f6ntekij\u00f6it\u00e4 ja panostetaan hyvinvointiin. Ty\u00f6turvallisuus on meille ensisijainen asia. T\u00e4ll\u00e4 alalla voit [&hellip;]\" \/>\n<meta property=\"og:url\" content=\"https:\/\/teknologiateollisuus.fi\/metallinjalostajat\/innostu-alalle\/toihin-alalle\/\" \/>\n<meta property=\"og:site_name\" content=\"Metallinjalostajat\" \/>\n<meta property=\"article:modified_time\" content=\"2025-04-15T11:49:26+00:00\" \/>\n<meta property=\"og:image\" content=\"https:\/\/teknologiateollisuus.fi\/metallinjalostajat\/wp-content\/uploads\/sites\/10\/2025\/04\/Pienitiedosto_Metalli_0236.jpeg\" \/>\n\t<meta property=\"og:image:width\" content=\"1044\" \/>\n\t<meta property=\"og:image:height\" content=\"696\" \/>\n\t<meta property=\"og:image:type\" content=\"image\/jpeg\" \/>\n<meta name=\"twitter:card\" content=\"summary_large_image\" \/>\n<meta name=\"twitter:label1\" content=\"Arvioitu lukuaika\" \/>\n\t<meta name=\"twitter:data1\" content=\"1 minuutti\" \/>\n<script type=\"application\/ld+json\" class=\"yoast-schema-graph\">{\"@context\":\"https:\\\/\\\/schema.org\",\"@graph\":[{\"@type\":\"WebPage\",\"@id\":\"https:\\\/\\\/teknologiateollisuus.fi\\\/metallinjalostajat\\\/innostu-alalle\\\/toihin-alalle\\\/\",\"url\":\"https:\\\/\\\/teknologiateollisuus.fi\\\/metallinjalostajat\\\/innostu-alalle\\\/toihin-alalle\\\/\",\"name\":\"Ty\u00f6llisty alalle - Metallinjalostajat\",\"isPartOf\":{\"@id\":\"https:\\\/\\\/teknologiateollisuus.fi\\\/metallinjalostajat\\\/#website\"},\"primaryImageOfPage\":{\"@id\":\"https:\\\/\\\/teknologiateollisuus.fi\\\/metallinjalostajat\\\/innostu-alalle\\\/toihin-alalle\\\/#primaryimage\"},\"image\":{\"@id\":\"https:\\\/\\\/teknologiateollisuus.fi\\\/metallinjalostajat\\\/innostu-alalle\\\/toihin-alalle\\\/#primaryimage\"},\"thumbnailUrl\":\"https:\\\/\\\/teknologiateollisuus.fi\\\/metallinjalostajat\\\/wp-content\\\/uploads\\\/sites\\\/10\\\/2025\\\/04\\\/Pienitiedosto_Metalli_0236.jpeg\",\"datePublished\":\"2024-10-11T10:07:17+00:00\",\"dateModified\":\"2025-04-15T11:49:26+00:00\",\"breadcrumb\":{\"@id\":\"https:\\\/\\\/teknologiateollisuus.fi\\\/metallinjalostajat\\\/innostu-alalle\\\/toihin-alalle\\\/#breadcrumb\"},\"inLanguage\":\"fi\",\"potentialAction\":[{\"@type\":\"ReadAction\",\"target\":[\"https:\\\/\\\/teknologiateollisuus.fi\\\/metallinjalostajat\\\/innostu-alalle\\\/toihin-alalle\\\/\"]}]},{\"@type\":\"ImageObject\",\"inLanguage\":\"fi\",\"@id\":\"https:\\\/\\\/teknologiateollisuus.fi\\\/metallinjalostajat\\\/innostu-alalle\\\/toihin-alalle\\\/#primaryimage\",\"url\":\"https:\\\/\\\/teknologiateollisuus.fi\\\/metallinjalostajat\\\/wp-content\\\/uploads\\\/sites\\\/10\\\/2025\\\/04\\\/Pienitiedosto_Metalli_0236.jpeg\",\"contentUrl\":\"https:\\\/\\\/teknologiateollisuus.fi\\\/metallinjalostajat\\\/wp-content\\\/uploads\\\/sites\\\/10\\\/2025\\\/04\\\/Pienitiedosto_Metalli_0236.jpeg\",\"width\":1044,\"height\":696,\"caption\":\"Ovi auki ty\u00f6el\u00e4m\u00e4\u00e4n\"},{\"@type\":\"BreadcrumbList\",\"@id\":\"https:\\\/\\\/teknologiateollisuus.fi\\\/metallinjalostajat\\\/innostu-alalle\\\/toihin-alalle\\\/#breadcrumb\",\"itemListElement\":[{\"@type\":\"ListItem\",\"position\":1,\"name\":\"Etusivu\",\"item\":\"https:\\\/\\\/teknologiateollisuus.fi\\\/metallinjalostajat\\\/\"},{\"@type\":\"ListItem\",\"position\":2,\"name\":\"Innostu alalle\",\"item\":\"https:\\\/\\\/teknologiateollisuus.fi\\\/metallinjalostajat\\\/innostu-alalle\\\/\"},{\"@type\":\"ListItem\",\"position\":3,\"name\":\"Ty\u00f6llisty alalle\"}]},{\"@type\":\"WebSite\",\"@id\":\"https:\\\/\\\/teknologiateollisuus.fi\\\/metallinjalostajat\\\/#website\",\"url\":\"https:\\\/\\\/teknologiateollisuus.fi\\\/metallinjalostajat\\\/\",\"name\":\"Metallinjalostajat\",\"description\":\"\",\"potentialAction\":[{\"@type\":\"SearchAction\",\"target\":{\"@type\":\"EntryPoint\",\"urlTemplate\":\"https:\\\/\\\/teknologiateollisuus.fi\\\/metallinjalostajat\\\/?s={search_term_string}\"},\"query-input\":{\"@type\":\"PropertyValueSpecification\",\"valueRequired\":true,\"valueName\":\"search_term_string\"}}],\"inLanguage\":\"fi\"}]}<\/script>\n<!-- \/ Yoast SEO Premium plugin. -->","yoast_head_json":{"title":"Ty\u00f6llisty alalle - Metallinjalostajat","robots":{"index":"index","follow":"follow","max-snippet":"max-snippet:-1","max-image-preview":"max-image-preview:large","max-video-preview":"max-video-preview:-1"},"canonical":"https:\/\/teknologiateollisuus.fi\/metallinjalostajat\/innostu-alalle\/toihin-alalle\/","og_locale":"fi_FI","og_type":"article","og_title":"Ty\u00f6llisty alalle","og_description":"Haluatko tehd\u00e4 t\u00f6it\u00e4 toimialalla, jossa yhdistyv\u00e4t teknologinen kehitys, kest\u00e4v\u00e4 tuotanto ja maailmanluokan ammattitaito? Suomalainen metallinjalostusteollisuus ja alan teknologiavalmistus tarjoavat juuri t\u00e4t\u00e4 ja paljon enemm\u00e4n, olitpa sitten kokenut ammattilainen tai uraasi aloitteleva nuori osaaja. Suomessa ty\u00f6skentelet turvallisessa, vastuullisessa ja hyvin johdetussa ty\u00f6ymp\u00e4rist\u00f6ss\u00e4, jossa arvostetaan ty\u00f6ntekij\u00f6it\u00e4 ja panostetaan hyvinvointiin. Ty\u00f6turvallisuus on meille ensisijainen asia. T\u00e4ll\u00e4 alalla voit [&hellip;]","og_url":"https:\/\/teknologiateollisuus.fi\/metallinjalostajat\/innostu-alalle\/toihin-alalle\/","og_site_name":"Metallinjalostajat","article_modified_time":"2025-04-15T11:49:26+00:00","og_image":[{"width":1044,"height":696,"url":"https:\/\/teknologiateollisuus.fi\/metallinjalostajat\/wp-content\/uploads\/sites\/10\/2025\/04\/Pienitiedosto_Metalli_0236.jpeg","type":"image\/jpeg"}],"twitter_card":"summary_large_image","twitter_misc":{"Arvioitu lukuaika":"1 minuutti"},"schema":{"@context":"https:\/\/schema.org","@graph":[{"@type":"WebPage","@id":"https:\/\/teknologiateollisuus.fi\/metallinjalostajat\/innostu-alalle\/toihin-alalle\/","url":"https:\/\/teknologiateollisuus.fi\/metallinjalostajat\/innostu-alalle\/toihin-alalle\/","name":"Ty\u00f6llisty alalle - Metallinjalostajat","isPartOf":{"@id":"https:\/\/teknologiateollisuus.fi\/metallinjalostajat\/#website"},"primaryImageOfPage":{"@id":"https:\/\/teknologiateollisuus.fi\/metallinjalostajat\/innostu-alalle\/toihin-alalle\/#primaryimage"},"image":{"@id":"https:\/\/teknologiateollisuus.fi\/metallinjalostajat\/innostu-alalle\/toihin-alalle\/#primaryimage"},"thumbnailUrl":"https:\/\/teknologiateollisuus.fi\/metallinjalostajat\/wp-content\/uploads\/sites\/10\/2025\/04\/Pienitiedosto_Metalli_0236.jpeg","datePublished":"2024-10-11T10:07:17+00:00","dateModified":"2025-04-15T11:49:26+00:00","breadcrumb":{"@id":"https:\/\/teknologiateollisuus.fi\/metallinjalostajat\/innostu-alalle\/toihin-alalle\/#breadcrumb"},"inLanguage":"fi","potentialAction":[{"@type":"ReadAction","target":["https:\/\/teknologiateollisuus.fi\/metallinjalostajat\/innostu-alalle\/toihin-alalle\/"]}]},{"@type":"ImageObject","inLanguage":"fi","@id":"https:\/\/teknologiateollisuus.fi\/metallinjalostajat\/innostu-alalle\/toihin-alalle\/#primaryimage","url":"https:\/\/teknologiateollisuus.fi\/metallinjalostajat\/wp-content\/uploads\/sites\/10\/2025\/04\/Pienitiedosto_Metalli_0236.jpeg","contentUrl":"https:\/\/teknologiateollisuus.fi\/metallinjalostajat\/wp-content\/uploads\/sites\/10\/2025\/04\/Pienitiedosto_Metalli_0236.jpeg","width":1044,"height":696,"caption":"Ovi auki ty\u00f6el\u00e4m\u00e4\u00e4n"},{"@type":"BreadcrumbList","@id":"https:\/\/teknologiateollisuus.fi\/metallinjalostajat\/innostu-alalle\/toihin-alalle\/#breadcrumb","itemListElement":[{"@type":"ListItem","position":1,"name":"Etusivu","item":"https:\/\/teknologiateollisuus.fi\/metallinjalostajat\/"},{"@type":"ListItem","position":2,"name":"Innostu alalle","item":"https:\/\/teknologiateollisuus.fi\/metallinjalostajat\/innostu-alalle\/"},{"@type":"ListItem","position":3,"name":"Ty\u00f6llisty alalle"}]},{"@type":"WebSite","@id":"https:\/\/teknologiateollisuus.fi\/metallinjalostajat\/#website","url":"https:\/\/teknologiateollisuus.fi\/metallinjalostajat\/","name":"Metallinjalostajat","description":"","potentialAction":[{"@type":"SearchAction","target":{"@type":"EntryPoint","urlTemplate":"https:\/\/teknologiateollisuus.fi\/metallinjalostajat\/?s={search_term_string}"},"query-input":{"@type":"PropertyValueSpecification","valueRequired":true,"valueName":"search_term_string"}}],"inLanguage":"fi"}]}},"lang":"fi","translations":{"fi":345},"pll_sync_post":[],"_links":{"self":[{"href":"https:\/\/teknologiateollisuus.fi\/metallinjalostajat\/wp-json\/wp\/v2\/pages\/345","targetHints":{"allow":["GET"]}}],"collection":[{"href":"https:\/\/teknologiateollisuus.fi\/metallinjalostajat\/wp-json\/wp\/v2\/pages"}],"about":[{"href":"https:\/\/teknologiateollisuus.fi\/metallinjalostajat\/wp-json\/wp\/v2\/types\/page"}],"author":[{"embeddable":true,"href":"https:\/\/teknologiateollisuus.fi\/metallinjalostajat\/wp-json\/wp\/v2\/users\/52"}],"replies":[{"embeddable":true,"href":"https:\/\/teknologiateollisuus.fi\/metallinjalostajat\/wp-json\/wp\/v2\/comments?post=345"}],"version-history":[{"count":8,"href":"https:\/\/teknologiateollisuus.fi\/metallinjalostajat\/wp-json\/wp\/v2\/pages\/345\/revisions"}],"predecessor-version":[{"id":979,"href":"https:\/\/teknologiateollisuus.fi\/metallinjalostajat\/wp-json\/wp\/v2\/pages\/345\/revisions\/979"}],"up":[{"embeddable":true,"href":"https:\/\/teknologiateollisuus.fi\/metallinjalostajat\/wp-json\/wp\/v2\/pages\/484"}],"wp:featuredmedia":[{"embeddable":true,"href":"https:\/\/teknologiateollisuus.fi\/metallinjalostajat\/wp-json\/wp\/v2\/media\/978"}],"wp:attachment":[{"href":"https:\/\/teknologiateollisuus.fi\/metallinjalostajat\/wp-json\/wp\/v2\/media?parent=345"}],"curies":[{"name":"wp","href":"https:\/\/api.w.org\/{rel}","templated":true}]}}