{"id":383,"date":"2024-10-16T15:22:37","date_gmt":"2024-10-16T12:22:37","guid":{"rendered":"https:\/\/teknologiateollisuus.fi\/metallinjalostajat\/?page_id=383"},"modified":"2024-11-12T13:47:53","modified_gmt":"2024-11-12T11:47:53","slug":"anni-salminen-vientikoordinaattori-outokumpu","status":"publish","type":"page","link":"https:\/\/teknologiateollisuus.fi\/metallinjalostajat\/anni-salminen-vientikoordinaattori-outokumpu\/","title":{"rendered":"Anni Salminen, vientikoordinaattori, Outokumpu"},"content":{"rendered":"\n<div class=\"em-block-hero hero-has-background-color has-background has-black-background-color collapse media-position-right \">\n\t<div class=\"em-block-hero__container\">\n\t\t<div class=\"em-block-hero__content\">\n\t\t\t<div class=\"yoast-breadcrumbs\"><span><span><a href=\"https:\/\/teknologiateollisuus.fi\/metallinjalostajat\/\">Etusivu<\/a><\/span> <span class=\"separator\"><\/span> <span class=\"breadcrumb_last\" aria-current=\"page\">Anni Salminen, vientikoordinaattori, Outokumpu<\/span><\/span><\/div>\t\t\t\n<h1 class=\"wp-block-heading\" id=\"anni-salminen-vientikoordinaattori-outokumpu\">Anni Salminen, vientikoordinaattori, Outokumpu<\/h1>\n\n<p><\/p>\n\t\t\t<div class=\"em-block-hero__modified-date\"> P\u00e4ivitetty 12.11.2024 klo 13:47<\/div>\t\t<\/div>\n\t\t\t\t\t<figure class=\"em-block-hero__image\">\n\t\t\t\t\t\t\t<\/figure>\n\t\t\t<\/div>\n<\/div>\n\n\n\n<h2 class=\"wp-block-heading\" id=\"anni-salminen-loysi-outokummun-kesatoiden-kautta-oman-alansa-ja-suunnan-uralleen\">Anni Salminen l\u00f6ysi Outokummun kes\u00e4t\u00f6iden kautta oman alansa ja suunnan uralleen<\/h2>\n\n\n\n<figure class=\"wp-block-image size-full\"><img loading=\"lazy\" decoding=\"async\" width=\"700\" height=\"300\" src=\"https:\/\/teknologiateollisuus.fi\/metallinjalostajat\/wp-content\/uploads\/sites\/10\/2024\/10\/Anni_Salminen.jpg\" alt=\"\" class=\"wp-image-382\" srcset=\"https:\/\/teknologiateollisuus.fi\/metallinjalostajat\/wp-content\/uploads\/sites\/10\/2024\/10\/Anni_Salminen.jpg 700w, https:\/\/teknologiateollisuus.fi\/metallinjalostajat\/wp-content\/uploads\/sites\/10\/2024\/10\/Anni_Salminen-400x171.jpg 400w\" sizes=\"auto, (max-width: 700px) 100vw, 700px\" \/><\/figure>\n\n\n\n<p>Tradenomiopiskelija Anni Salminen aloitti ty\u00f6uransa Outokummulla jo lukiolaisena.<\/p>\n\n\n\n<p>\u2013 Ensimm\u00e4isen\u00e4 kes\u00e4n\u00e4 kuittasin rahtikirjoja ja laitoin tavaraa eteenp\u00e4in tehtaalle, Anni muistelee.<\/p>\n\n\n\n<p>Kahden varastolla vietetyn kes\u00e4n j\u00e4lkeen lukio p\u00e4\u00e4ttyi ja tulevaisuudestaan ep\u00e4varma Anni p\u00e4\u00e4tyi Outokummulle varastokirjanpit\u00e4j\u00e4ksi.<\/p>\n\n\n\n<p>\u2013 Siell\u00e4 v\u00e4livuosi sujahti nopeasti ohi, Anni iloitsee.<\/p>\n\n\n\n<p>Syksyll\u00e4 2018 Anni oli ehtinyt varastosaldoja hallinnoidessaan mietti\u00e4 omia kiinnostuksenkohteitaan ja opiskelut tradenomiksi alkoivat. Outokummun vientikoordinaattoriharjoittelijana h\u00e4n ty\u00f6skentelee oman alan hommissa.&nbsp;<\/p>\n\n\n\n<p>\u2013 Teht\u00e4vi\u00e4ni ovat mm. kuljetuksien suunnittelu, dokumentointi ja laskutus. Kun tavara valmistuu, mietin sille kuljetuksen maa-, vesiteitse tai lent\u00e4en, Anni selitt\u00e4\u00e4.<br>H\u00e4n lis\u00e4\u00e4, ett\u00e4 Outokummulla p\u00e4\u00e4see&nbsp;\u201dAina v\u00e4h\u00e4n etteenp\u00e4in\u201d.<\/p>\n\n\n\n<p>\u2013 Ensin olin purkamassa rekkoja ja nyt olen suunnittelemassa kuljetuksia muualle. Kes\u00e4 kes\u00e4lt\u00e4 on annettu enemm\u00e4n vastuuta, ja sit\u00e4 kautta tulee itsekin rohkeammaksi, Anni hehkuttaa.<\/p>\n\n\n\n<p>Outokummun vahvuuksiksi Anni nime\u00e4\u00e4 luottamuksen, joka ty\u00f6ntekij\u00f6ihin heijastuu.<\/p>\n\n\n\n<p>\u2013 Vaikka me olemme nuoria, annetaan ohjat silti rohkeasti kes\u00e4ty\u00f6ntekij\u00e4n omiin k\u00e4siin.<\/p>\n\n\n\n<p>H\u00e4n jatkaa, ett\u00e4 vastuun antaminen onnistuu, koska ty\u00f6yhteis\u00f6ss\u00e4 vallitsee niin avoin ilmapiiri ja tukea l\u00f6ytyy aina tarvittaessa.<\/p>\n\n\n\n<p>\u2013 Alkuaikoina olin varovaisempi, enk\u00e4 uskaltanut tehd\u00e4 ratkaisuja itse. Onneksi ty\u00f6kavereilta sai aina kysy\u00e4&nbsp;ja varmuus omaa ammattitaitoa kohtaan on kasvanut, h\u00e4n tuumaa.<\/p>\n\n\n\n<p>\u2013 Parasta ty\u00f6ss\u00e4 on, ett\u00e4 vaikka istun yksin kopissa, on kontakteja esimerkiksi backofficeen ja myyntitiimiin paljon. Lis\u00e4ksi ty\u00f6kavereita l\u00f6ytyy ymp\u00e4ri maapallon, kuten Afrikasta, Amerikasta ja Australiastakin. T\u00e4\u00e4ll\u00e4 on kansainv\u00e4linen meininki! Anni iloitsee.<\/p>\n\n\n\n<p><em>Teksti ja kuva: Outokumpu<\/em><\/p>\n","protected":false},"excerpt":{"rendered":"<p>Anni Salminen l\u00f6ysi Outokummun kes\u00e4t\u00f6iden kautta oman alansa ja suunnan uralleen Tradenomiopiskelija Anni Salminen aloitti ty\u00f6uransa Outokummulla jo lukiolaisena. \u2013 Ensimm\u00e4isen\u00e4 kes\u00e4n\u00e4 kuittasin rahtikirjoja ja laitoin tavaraa eteenp\u00e4in tehtaalle, Anni muistelee. Kahden varastolla vietetyn kes\u00e4n j\u00e4lkeen lukio p\u00e4\u00e4ttyi ja tulevaisuudestaan ep\u00e4varma Anni p\u00e4\u00e4tyi Outokummulle varastokirjanpit\u00e4j\u00e4ksi. \u2013 Siell\u00e4 v\u00e4livuosi sujahti nopeasti ohi, Anni iloitsee. Syksyll\u00e4 2018 [&hellip;]<\/p>\n","protected":false},"author":52,"featured_media":0,"parent":0,"menu_order":0,"comment_status":"closed","ping_status":"closed","template":"","meta":{"_acf_changed":false,"_relevanssi_hide_post":"","_relevanssi_hide_content":"","_relevanssi_pin_for_all":"","_relevanssi_pin_keywords":"","_relevanssi_unpin_keywords":"","_relevanssi_related_keywords":"","_relevanssi_related_include_ids":"","_relevanssi_related_exclude_ids":"","_relevanssi_related_no_append":"","_relevanssi_related_not_related":"","_relevanssi_related_posts":"201,264,338,212,273,336","_relevanssi_noindex_reason":"","inline_featured_image":false,"footnotes":""},"class_list":["post-383","page","type-page","status-publish","hentry"],"acf":[],"yoast_head":"<!-- This site is optimized with the Yoast SEO Premium plugin v27.1 (Yoast SEO v27.3) - https:\/\/yoast.com\/product\/yoast-seo-premium-wordpress\/ -->\n<title>Anni Salminen, vientikoordinaattori, Outokumpu - Metallinjalostajat<\/title>\n<meta name=\"robots\" content=\"index, follow, max-snippet:-1, max-image-preview:large, max-video-preview:-1\" \/>\n<link rel=\"canonical\" href=\"https:\/\/teknologiateollisuus.fi\/metallinjalostajat\/anni-salminen-vientikoordinaattori-outokumpu\/\" \/>\n<meta property=\"og:locale\" content=\"fi_FI\" \/>\n<meta property=\"og:type\" content=\"article\" \/>\n<meta property=\"og:title\" content=\"Anni Salminen, vientikoordinaattori, Outokumpu\" \/>\n<meta property=\"og:description\" content=\"Anni Salminen l\u00f6ysi Outokummun kes\u00e4t\u00f6iden kautta oman alansa ja suunnan uralleen Tradenomiopiskelija Anni Salminen aloitti ty\u00f6uransa Outokummulla jo lukiolaisena. \u2013 Ensimm\u00e4isen\u00e4 kes\u00e4n\u00e4 kuittasin rahtikirjoja ja laitoin tavaraa eteenp\u00e4in tehtaalle, Anni muistelee. Kahden varastolla vietetyn kes\u00e4n j\u00e4lkeen lukio p\u00e4\u00e4ttyi ja tulevaisuudestaan ep\u00e4varma Anni p\u00e4\u00e4tyi Outokummulle varastokirjanpit\u00e4j\u00e4ksi. \u2013 Siell\u00e4 v\u00e4livuosi sujahti nopeasti ohi, Anni iloitsee. Syksyll\u00e4 2018 [&hellip;]\" \/>\n<meta property=\"og:url\" content=\"https:\/\/teknologiateollisuus.fi\/metallinjalostajat\/anni-salminen-vientikoordinaattori-outokumpu\/\" \/>\n<meta property=\"og:site_name\" content=\"Metallinjalostajat\" \/>\n<meta property=\"article:modified_time\" content=\"2024-11-12T11:47:53+00:00\" \/>\n<meta property=\"og:image\" content=\"https:\/\/teknologiateollisuus.fi\/metallinjalostajat\/wp-content\/uploads\/sites\/10\/2024\/10\/Anni_Salminen.jpg\" \/>\n\t<meta property=\"og:image:width\" content=\"700\" \/>\n\t<meta property=\"og:image:height\" content=\"300\" \/>\n\t<meta property=\"og:image:type\" content=\"image\/jpeg\" \/>\n<meta name=\"twitter:card\" content=\"summary_large_image\" \/>\n<meta name=\"twitter:label1\" content=\"Arvioitu lukuaika\" \/>\n\t<meta name=\"twitter:data1\" content=\"2 minuuttia\" \/>\n<script type=\"application\/ld+json\" class=\"yoast-schema-graph\">{\"@context\":\"https:\\\/\\\/schema.org\",\"@graph\":[{\"@type\":\"WebPage\",\"@id\":\"https:\\\/\\\/teknologiateollisuus.fi\\\/metallinjalostajat\\\/anni-salminen-vientikoordinaattori-outokumpu\\\/\",\"url\":\"https:\\\/\\\/teknologiateollisuus.fi\\\/metallinjalostajat\\\/anni-salminen-vientikoordinaattori-outokumpu\\\/\",\"name\":\"Anni Salminen, vientikoordinaattori, Outokumpu - Metallinjalostajat\",\"isPartOf\":{\"@id\":\"https:\\\/\\\/teknologiateollisuus.fi\\\/metallinjalostajat\\\/#website\"},\"primaryImageOfPage\":{\"@id\":\"https:\\\/\\\/teknologiateollisuus.fi\\\/metallinjalostajat\\\/anni-salminen-vientikoordinaattori-outokumpu\\\/#primaryimage\"},\"image\":{\"@id\":\"https:\\\/\\\/teknologiateollisuus.fi\\\/metallinjalostajat\\\/anni-salminen-vientikoordinaattori-outokumpu\\\/#primaryimage\"},\"thumbnailUrl\":\"https:\\\/\\\/teknologiateollisuus.fi\\\/metallinjalostajat\\\/wp-content\\\/uploads\\\/sites\\\/10\\\/2024\\\/10\\\/Anni_Salminen.jpg\",\"datePublished\":\"2024-10-16T12:22:37+00:00\",\"dateModified\":\"2024-11-12T11:47:53+00:00\",\"breadcrumb\":{\"@id\":\"https:\\\/\\\/teknologiateollisuus.fi\\\/metallinjalostajat\\\/anni-salminen-vientikoordinaattori-outokumpu\\\/#breadcrumb\"},\"inLanguage\":\"fi\",\"potentialAction\":[{\"@type\":\"ReadAction\",\"target\":[\"https:\\\/\\\/teknologiateollisuus.fi\\\/metallinjalostajat\\\/anni-salminen-vientikoordinaattori-outokumpu\\\/\"]}]},{\"@type\":\"ImageObject\",\"inLanguage\":\"fi\",\"@id\":\"https:\\\/\\\/teknologiateollisuus.fi\\\/metallinjalostajat\\\/anni-salminen-vientikoordinaattori-outokumpu\\\/#primaryimage\",\"url\":\"https:\\\/\\\/teknologiateollisuus.fi\\\/metallinjalostajat\\\/wp-content\\\/uploads\\\/sites\\\/10\\\/2024\\\/10\\\/Anni_Salminen.jpg\",\"contentUrl\":\"https:\\\/\\\/teknologiateollisuus.fi\\\/metallinjalostajat\\\/wp-content\\\/uploads\\\/sites\\\/10\\\/2024\\\/10\\\/Anni_Salminen.jpg\",\"width\":700,\"height\":300},{\"@type\":\"BreadcrumbList\",\"@id\":\"https:\\\/\\\/teknologiateollisuus.fi\\\/metallinjalostajat\\\/anni-salminen-vientikoordinaattori-outokumpu\\\/#breadcrumb\",\"itemListElement\":[{\"@type\":\"ListItem\",\"position\":1,\"name\":\"Etusivu\",\"item\":\"https:\\\/\\\/teknologiateollisuus.fi\\\/metallinjalostajat\\\/\"},{\"@type\":\"ListItem\",\"position\":2,\"name\":\"Anni Salminen, vientikoordinaattori, Outokumpu\"}]},{\"@type\":\"WebSite\",\"@id\":\"https:\\\/\\\/teknologiateollisuus.fi\\\/metallinjalostajat\\\/#website\",\"url\":\"https:\\\/\\\/teknologiateollisuus.fi\\\/metallinjalostajat\\\/\",\"name\":\"Metallinjalostajat\",\"description\":\"\",\"potentialAction\":[{\"@type\":\"SearchAction\",\"target\":{\"@type\":\"EntryPoint\",\"urlTemplate\":\"https:\\\/\\\/teknologiateollisuus.fi\\\/metallinjalostajat\\\/?s={search_term_string}\"},\"query-input\":{\"@type\":\"PropertyValueSpecification\",\"valueRequired\":true,\"valueName\":\"search_term_string\"}}],\"inLanguage\":\"fi\"}]}<\/script>\n<!-- \/ Yoast SEO Premium plugin. -->","yoast_head_json":{"title":"Anni Salminen, vientikoordinaattori, Outokumpu - Metallinjalostajat","robots":{"index":"index","follow":"follow","max-snippet":"max-snippet:-1","max-image-preview":"max-image-preview:large","max-video-preview":"max-video-preview:-1"},"canonical":"https:\/\/teknologiateollisuus.fi\/metallinjalostajat\/anni-salminen-vientikoordinaattori-outokumpu\/","og_locale":"fi_FI","og_type":"article","og_title":"Anni Salminen, vientikoordinaattori, Outokumpu","og_description":"Anni Salminen l\u00f6ysi Outokummun kes\u00e4t\u00f6iden kautta oman alansa ja suunnan uralleen Tradenomiopiskelija Anni Salminen aloitti ty\u00f6uransa Outokummulla jo lukiolaisena. \u2013 Ensimm\u00e4isen\u00e4 kes\u00e4n\u00e4 kuittasin rahtikirjoja ja laitoin tavaraa eteenp\u00e4in tehtaalle, Anni muistelee. Kahden varastolla vietetyn kes\u00e4n j\u00e4lkeen lukio p\u00e4\u00e4ttyi ja tulevaisuudestaan ep\u00e4varma Anni p\u00e4\u00e4tyi Outokummulle varastokirjanpit\u00e4j\u00e4ksi. \u2013 Siell\u00e4 v\u00e4livuosi sujahti nopeasti ohi, Anni iloitsee. Syksyll\u00e4 2018 [&hellip;]","og_url":"https:\/\/teknologiateollisuus.fi\/metallinjalostajat\/anni-salminen-vientikoordinaattori-outokumpu\/","og_site_name":"Metallinjalostajat","article_modified_time":"2024-11-12T11:47:53+00:00","og_image":[{"width":700,"height":300,"url":"https:\/\/teknologiateollisuus.fi\/metallinjalostajat\/wp-content\/uploads\/sites\/10\/2024\/10\/Anni_Salminen.jpg","type":"image\/jpeg"}],"twitter_card":"summary_large_image","twitter_misc":{"Arvioitu lukuaika":"2 minuuttia"},"schema":{"@context":"https:\/\/schema.org","@graph":[{"@type":"WebPage","@id":"https:\/\/teknologiateollisuus.fi\/metallinjalostajat\/anni-salminen-vientikoordinaattori-outokumpu\/","url":"https:\/\/teknologiateollisuus.fi\/metallinjalostajat\/anni-salminen-vientikoordinaattori-outokumpu\/","name":"Anni Salminen, vientikoordinaattori, Outokumpu - Metallinjalostajat","isPartOf":{"@id":"https:\/\/teknologiateollisuus.fi\/metallinjalostajat\/#website"},"primaryImageOfPage":{"@id":"https:\/\/teknologiateollisuus.fi\/metallinjalostajat\/anni-salminen-vientikoordinaattori-outokumpu\/#primaryimage"},"image":{"@id":"https:\/\/teknologiateollisuus.fi\/metallinjalostajat\/anni-salminen-vientikoordinaattori-outokumpu\/#primaryimage"},"thumbnailUrl":"https:\/\/teknologiateollisuus.fi\/metallinjalostajat\/wp-content\/uploads\/sites\/10\/2024\/10\/Anni_Salminen.jpg","datePublished":"2024-10-16T12:22:37+00:00","dateModified":"2024-11-12T11:47:53+00:00","breadcrumb":{"@id":"https:\/\/teknologiateollisuus.fi\/metallinjalostajat\/anni-salminen-vientikoordinaattori-outokumpu\/#breadcrumb"},"inLanguage":"fi","potentialAction":[{"@type":"ReadAction","target":["https:\/\/teknologiateollisuus.fi\/metallinjalostajat\/anni-salminen-vientikoordinaattori-outokumpu\/"]}]},{"@type":"ImageObject","inLanguage":"fi","@id":"https:\/\/teknologiateollisuus.fi\/metallinjalostajat\/anni-salminen-vientikoordinaattori-outokumpu\/#primaryimage","url":"https:\/\/teknologiateollisuus.fi\/metallinjalostajat\/wp-content\/uploads\/sites\/10\/2024\/10\/Anni_Salminen.jpg","contentUrl":"https:\/\/teknologiateollisuus.fi\/metallinjalostajat\/wp-content\/uploads\/sites\/10\/2024\/10\/Anni_Salminen.jpg","width":700,"height":300},{"@type":"BreadcrumbList","@id":"https:\/\/teknologiateollisuus.fi\/metallinjalostajat\/anni-salminen-vientikoordinaattori-outokumpu\/#breadcrumb","itemListElement":[{"@type":"ListItem","position":1,"name":"Etusivu","item":"https:\/\/teknologiateollisuus.fi\/metallinjalostajat\/"},{"@type":"ListItem","position":2,"name":"Anni Salminen, vientikoordinaattori, Outokumpu"}]},{"@type":"WebSite","@id":"https:\/\/teknologiateollisuus.fi\/metallinjalostajat\/#website","url":"https:\/\/teknologiateollisuus.fi\/metallinjalostajat\/","name":"Metallinjalostajat","description":"","potentialAction":[{"@type":"SearchAction","target":{"@type":"EntryPoint","urlTemplate":"https:\/\/teknologiateollisuus.fi\/metallinjalostajat\/?s={search_term_string}"},"query-input":{"@type":"PropertyValueSpecification","valueRequired":true,"valueName":"search_term_string"}}],"inLanguage":"fi"}]}},"lang":"fi","translations":{"fi":383},"pll_sync_post":[],"_links":{"self":[{"href":"https:\/\/teknologiateollisuus.fi\/metallinjalostajat\/wp-json\/wp\/v2\/pages\/383","targetHints":{"allow":["GET"]}}],"collection":[{"href":"https:\/\/teknologiateollisuus.fi\/metallinjalostajat\/wp-json\/wp\/v2\/pages"}],"about":[{"href":"https:\/\/teknologiateollisuus.fi\/metallinjalostajat\/wp-json\/wp\/v2\/types\/page"}],"author":[{"embeddable":true,"href":"https:\/\/teknologiateollisuus.fi\/metallinjalostajat\/wp-json\/wp\/v2\/users\/52"}],"replies":[{"embeddable":true,"href":"https:\/\/teknologiateollisuus.fi\/metallinjalostajat\/wp-json\/wp\/v2\/comments?post=383"}],"version-history":[{"count":2,"href":"https:\/\/teknologiateollisuus.fi\/metallinjalostajat\/wp-json\/wp\/v2\/pages\/383\/revisions"}],"predecessor-version":[{"id":673,"href":"https:\/\/teknologiateollisuus.fi\/metallinjalostajat\/wp-json\/wp\/v2\/pages\/383\/revisions\/673"}],"wp:attachment":[{"href":"https:\/\/teknologiateollisuus.fi\/metallinjalostajat\/wp-json\/wp\/v2\/media?parent=383"}],"curies":[{"name":"wp","href":"https:\/\/api.w.org\/{rel}","templated":true}]}}