{"id":387,"date":"2024-10-18T13:45:08","date_gmt":"2024-10-18T10:45:08","guid":{"rendered":"https:\/\/teknologiateollisuus.fi\/metallinjalostajat\/?page_id=387"},"modified":"2024-11-12T13:46:05","modified_gmt":"2024-11-12T11:46:05","slug":"jaakko-kemppainen-satamatyojohdon-harjoittelija-outokumpu","status":"publish","type":"page","link":"https:\/\/teknologiateollisuus.fi\/metallinjalostajat\/jaakko-kemppainen-satamatyojohdon-harjoittelija-outokumpu\/","title":{"rendered":"Jaakko Kemppainen, satamaty\u00f6johdon harjoittelija, Outokumpu"},"content":{"rendered":"\n<div class=\"em-block-hero hero-has-background-color has-background has-black-background-color collapse media-position-right \">\n\t<div class=\"em-block-hero__container\">\n\t\t<div class=\"em-block-hero__content\">\n\t\t\t<div class=\"yoast-breadcrumbs\"><span><span><a href=\"https:\/\/teknologiateollisuus.fi\/metallinjalostajat\/\">Etusivu<\/a><\/span> <span class=\"separator\"><\/span> <span class=\"breadcrumb_last\" aria-current=\"page\">Jaakko Kemppainen, satamaty\u00f6johdon harjoittelija, Outokumpu<\/span><\/span><\/div>\t\t\t\n<h1 class=\"wp-block-heading\" id=\"jaakko-kemppainen-satamatyojohdon-harjoittelija-outokumpu\">Jaakko Kemppainen, satamaty\u00f6johdon harjoittelija, Outokumpu<\/h1>\n\n<p><\/p>\n\t\t\t<div class=\"em-block-hero__modified-date\"> P\u00e4ivitetty 12.11.2024 klo 13:46<\/div>\t\t<\/div>\n\t\t\t\t\t<figure class=\"em-block-hero__image\">\n\t\t\t\t\t\t\t<\/figure>\n\t\t\t<\/div>\n<\/div>\n\n\n\n<h2 class=\"wp-block-heading\" id=\"kokeile-tehtavia-ennakkoluulottomasti-sinusta-saattaa-olla-isompiin-saappaisiin-kuin-kuvittelet\">Kokeile teht\u00e4vi\u00e4 ennakkoluulottomasti, sinusta saattaa olla isompiin saappaisiin kuin kuvittelet!&nbsp;<\/h2>\n\n\n\n<figure class=\"wp-block-image size-full\"><img loading=\"lazy\" decoding=\"async\" width=\"700\" height=\"300\" src=\"https:\/\/teknologiateollisuus.fi\/metallinjalostajat\/wp-content\/uploads\/sites\/10\/2024\/10\/Jaakko_Kemppainen_Outokumpu_2021.jpg\" alt=\"\" class=\"wp-image-389\" srcset=\"https:\/\/teknologiateollisuus.fi\/metallinjalostajat\/wp-content\/uploads\/sites\/10\/2024\/10\/Jaakko_Kemppainen_Outokumpu_2021.jpg 700w, https:\/\/teknologiateollisuus.fi\/metallinjalostajat\/wp-content\/uploads\/sites\/10\/2024\/10\/Jaakko_Kemppainen_Outokumpu_2021-400x171.jpg 400w\" sizes=\"auto, (max-width: 700px) 100vw, 700px\" \/><\/figure>\n\n\n\n<p>N\u00e4in uskoo ainakin&nbsp;<strong>Jaakko Kemppainen<\/strong>, Outokummun satamaty\u00f6johdon harjoittelija. Konetekniikkaa opiskellut Jaakko aloitti uransa Outokummulla tuotannon teht\u00e4viss\u00e4 kes\u00e4ll\u00e4 2017. Kaksi vuotta my\u00f6hemmin satamasta tarjottiin haastavampaa kes\u00e4ty\u00f6teht\u00e4v\u00e4\u00e4 satamaty\u00f6johdon harjoittelijana. Nyky\u00e4\u00e4n purku- ja lastausty\u00f6st\u00e4 vastaava esimies toteaa, ett\u00e4 hyppy tuntemattomaan kannatti.<\/p>\n\n\n\n<p>\u2013 Minulla on aina ollut tietynlainen kiinnostus logistiikassa k\u00e4ytett\u00e4viin ajoneuvoihin ja laivoihin, mutta en ollut edes ajatellut ty\u00f6skentely\u00e4 niiden parissa. Teht\u00e4v\u00e4 tuntui heti omalta, vaikken t\u00e4nne olisi osannut hakea, Jaakko muistelee.<br>&nbsp;<br>Satamassa kes\u00e4ty\u00f6ntekij\u00f6idenkin esimiehen\u00e4 toimiva Jaakko toteaa, ett\u00e4 ennakkoluulot esimiesty\u00f6st\u00e4 ovat olleet v\u00e4\u00e4ristyneit\u00e4.<\/p>\n\n\n\n<p>\u2013 Hierarkiaa oli kuvittelemaani v\u00e4hemm\u00e4n, eik\u00e4 esimies meill\u00e4 ole niink\u00e4\u00e4n jyrkk\u00e4 johtaja, vaan alaisten onnistumisten mahdollistaja. Meill\u00e4 on todella oma-aloitteista porukkaa ja oma roolini on enimm\u00e4kseen ohjata, neuvoa ja auttaa, Jaakko pohtii omaa ty\u00f6t\u00e4\u00e4n.<br>&nbsp;<br>Esimiesharjoittelijana Jaakko arvostaa suoraselk\u00e4isyytt\u00e4 ja intoa uuden oppimiseen.<\/p>\n\n\n\n<p>\u2013 Ongelmia on helppo ratkoa porukalla, kunhan niist\u00e4 uskalletaan mainita ja ollaan rehellisi\u00e4. Outokummulla parasta onkin, ettei ikin\u00e4 tarvitse j\u00e4\u00e4d\u00e4 yksin. Meit\u00e4 kuunnellaan kaikilla tasoilla, eik\u00e4 selk\u00e4\u00e4 k\u00e4\u00e4nnet\u00e4, jos asioihin tarvitsee tarttua, Jaakko painottaa.<br>&nbsp;<br>H\u00e4n lis\u00e4\u00e4, ett\u00e4 uusiin haasteisiin kannattaa heitt\u00e4yty\u00e4 ennakkoluulottomasti.<\/p>\n\n\n\n<p>\u2013 Meid\u00e4n henkil\u00f6st\u00f6osasto kyll\u00e4 tiet\u00e4\u00e4, mik\u00e4 teht\u00e4v\u00e4 sopii kullekin hakijalle. Aloitin itsekin t\u00e4ss\u00e4 teht\u00e4v\u00e4ss\u00e4 nollatasolta, ilman kokemuspohjaa, mutta lopputulos oli paras mahdollinen, h\u00e4n iloitsee.<\/p>\n\n\n\n<p>\u2013 Olkaa siis avoimia \u00e4lk\u00e4\u00e4k\u00e4 jumittuko vain siihen teht\u00e4v\u00e4\u00e4n, mit\u00e4 alun perin ajattelitte hakea. Omalla tekemisell\u00e4 ja mielenkiinnolla voi vaikuttaa siihen, mill\u00e4 osa-alueella p\u00e4\u00e4tyy ty\u00f6skentelem\u00e4\u00e4n. Maailma on avoin, jos Outokummulla viihtyy!<\/p>\n\n\n\n<p><em>Teksti ja kuva:&nbsp;Outokumpu<\/em><\/p>\n","protected":false},"excerpt":{"rendered":"<p>Kokeile teht\u00e4vi\u00e4 ennakkoluulottomasti, sinusta saattaa olla isompiin saappaisiin kuin kuvittelet!&nbsp; N\u00e4in uskoo ainakin&nbsp;Jaakko Kemppainen, Outokummun satamaty\u00f6johdon harjoittelija. Konetekniikkaa opiskellut Jaakko aloitti uransa Outokummulla tuotannon teht\u00e4viss\u00e4 kes\u00e4ll\u00e4 2017. Kaksi vuotta my\u00f6hemmin satamasta tarjottiin haastavampaa kes\u00e4ty\u00f6teht\u00e4v\u00e4\u00e4 satamaty\u00f6johdon harjoittelijana. Nyky\u00e4\u00e4n purku- ja lastausty\u00f6st\u00e4 vastaava esimies toteaa, ett\u00e4 hyppy tuntemattomaan kannatti. \u2013 Minulla on aina ollut tietynlainen kiinnostus logistiikassa [&hellip;]<\/p>\n","protected":false},"author":52,"featured_media":0,"parent":0,"menu_order":0,"comment_status":"closed","ping_status":"closed","template":"","meta":{"_acf_changed":false,"_relevanssi_hide_post":"","_relevanssi_hide_content":"","_relevanssi_pin_for_all":"","_relevanssi_pin_keywords":"","_relevanssi_unpin_keywords":"","_relevanssi_related_keywords":"","_relevanssi_related_include_ids":"","_relevanssi_related_exclude_ids":"","_relevanssi_related_no_append":"","_relevanssi_related_not_related":"","_relevanssi_related_posts":"336,264,248,201,212,258","_relevanssi_noindex_reason":"","inline_featured_image":false,"footnotes":""},"class_list":["post-387","page","type-page","status-publish","hentry"],"acf":[],"yoast_head":"<!-- This site is optimized with the Yoast SEO Premium plugin v27.1 (Yoast SEO v27.3) - https:\/\/yoast.com\/product\/yoast-seo-premium-wordpress\/ -->\n<title>Jaakko Kemppainen, satamaty\u00f6johdon harjoittelija, Outokumpu - Metallinjalostajat<\/title>\n<meta name=\"robots\" content=\"index, follow, max-snippet:-1, max-image-preview:large, max-video-preview:-1\" \/>\n<link rel=\"canonical\" href=\"https:\/\/teknologiateollisuus.fi\/metallinjalostajat\/jaakko-kemppainen-satamatyojohdon-harjoittelija-outokumpu\/\" \/>\n<meta property=\"og:locale\" content=\"fi_FI\" \/>\n<meta property=\"og:type\" content=\"article\" \/>\n<meta property=\"og:title\" content=\"Jaakko Kemppainen, satamaty\u00f6johdon harjoittelija, Outokumpu\" \/>\n<meta property=\"og:description\" content=\"Kokeile teht\u00e4vi\u00e4 ennakkoluulottomasti, sinusta saattaa olla isompiin saappaisiin kuin kuvittelet!&nbsp; N\u00e4in uskoo ainakin&nbsp;Jaakko Kemppainen, Outokummun satamaty\u00f6johdon harjoittelija. Konetekniikkaa opiskellut Jaakko aloitti uransa Outokummulla tuotannon teht\u00e4viss\u00e4 kes\u00e4ll\u00e4 2017. Kaksi vuotta my\u00f6hemmin satamasta tarjottiin haastavampaa kes\u00e4ty\u00f6teht\u00e4v\u00e4\u00e4 satamaty\u00f6johdon harjoittelijana. Nyky\u00e4\u00e4n purku- ja lastausty\u00f6st\u00e4 vastaava esimies toteaa, ett\u00e4 hyppy tuntemattomaan kannatti. \u2013 Minulla on aina ollut tietynlainen kiinnostus logistiikassa [&hellip;]\" \/>\n<meta property=\"og:url\" content=\"https:\/\/teknologiateollisuus.fi\/metallinjalostajat\/jaakko-kemppainen-satamatyojohdon-harjoittelija-outokumpu\/\" \/>\n<meta property=\"og:site_name\" content=\"Metallinjalostajat\" \/>\n<meta property=\"article:modified_time\" content=\"2024-11-12T11:46:05+00:00\" \/>\n<meta property=\"og:image\" content=\"https:\/\/teknologiateollisuus.fi\/metallinjalostajat\/wp-content\/uploads\/sites\/10\/2024\/10\/Jaakko_Kemppainen_Outokumpu_2021.jpg\" \/>\n\t<meta property=\"og:image:width\" content=\"700\" \/>\n\t<meta property=\"og:image:height\" content=\"300\" \/>\n\t<meta property=\"og:image:type\" content=\"image\/jpeg\" \/>\n<meta name=\"twitter:card\" content=\"summary_large_image\" \/>\n<meta name=\"twitter:label1\" content=\"Arvioitu lukuaika\" \/>\n\t<meta name=\"twitter:data1\" content=\"2 minuuttia\" \/>\n<script type=\"application\/ld+json\" class=\"yoast-schema-graph\">{\"@context\":\"https:\\\/\\\/schema.org\",\"@graph\":[{\"@type\":\"WebPage\",\"@id\":\"https:\\\/\\\/teknologiateollisuus.fi\\\/metallinjalostajat\\\/jaakko-kemppainen-satamatyojohdon-harjoittelija-outokumpu\\\/\",\"url\":\"https:\\\/\\\/teknologiateollisuus.fi\\\/metallinjalostajat\\\/jaakko-kemppainen-satamatyojohdon-harjoittelija-outokumpu\\\/\",\"name\":\"Jaakko Kemppainen, satamaty\u00f6johdon harjoittelija, Outokumpu - Metallinjalostajat\",\"isPartOf\":{\"@id\":\"https:\\\/\\\/teknologiateollisuus.fi\\\/metallinjalostajat\\\/#website\"},\"primaryImageOfPage\":{\"@id\":\"https:\\\/\\\/teknologiateollisuus.fi\\\/metallinjalostajat\\\/jaakko-kemppainen-satamatyojohdon-harjoittelija-outokumpu\\\/#primaryimage\"},\"image\":{\"@id\":\"https:\\\/\\\/teknologiateollisuus.fi\\\/metallinjalostajat\\\/jaakko-kemppainen-satamatyojohdon-harjoittelija-outokumpu\\\/#primaryimage\"},\"thumbnailUrl\":\"https:\\\/\\\/teknologiateollisuus.fi\\\/metallinjalostajat\\\/wp-content\\\/uploads\\\/sites\\\/10\\\/2024\\\/10\\\/Jaakko_Kemppainen_Outokumpu_2021.jpg\",\"datePublished\":\"2024-10-18T10:45:08+00:00\",\"dateModified\":\"2024-11-12T11:46:05+00:00\",\"breadcrumb\":{\"@id\":\"https:\\\/\\\/teknologiateollisuus.fi\\\/metallinjalostajat\\\/jaakko-kemppainen-satamatyojohdon-harjoittelija-outokumpu\\\/#breadcrumb\"},\"inLanguage\":\"fi\",\"potentialAction\":[{\"@type\":\"ReadAction\",\"target\":[\"https:\\\/\\\/teknologiateollisuus.fi\\\/metallinjalostajat\\\/jaakko-kemppainen-satamatyojohdon-harjoittelija-outokumpu\\\/\"]}]},{\"@type\":\"ImageObject\",\"inLanguage\":\"fi\",\"@id\":\"https:\\\/\\\/teknologiateollisuus.fi\\\/metallinjalostajat\\\/jaakko-kemppainen-satamatyojohdon-harjoittelija-outokumpu\\\/#primaryimage\",\"url\":\"https:\\\/\\\/teknologiateollisuus.fi\\\/metallinjalostajat\\\/wp-content\\\/uploads\\\/sites\\\/10\\\/2024\\\/10\\\/Jaakko_Kemppainen_Outokumpu_2021.jpg\",\"contentUrl\":\"https:\\\/\\\/teknologiateollisuus.fi\\\/metallinjalostajat\\\/wp-content\\\/uploads\\\/sites\\\/10\\\/2024\\\/10\\\/Jaakko_Kemppainen_Outokumpu_2021.jpg\",\"width\":700,\"height\":300},{\"@type\":\"BreadcrumbList\",\"@id\":\"https:\\\/\\\/teknologiateollisuus.fi\\\/metallinjalostajat\\\/jaakko-kemppainen-satamatyojohdon-harjoittelija-outokumpu\\\/#breadcrumb\",\"itemListElement\":[{\"@type\":\"ListItem\",\"position\":1,\"name\":\"Etusivu\",\"item\":\"https:\\\/\\\/teknologiateollisuus.fi\\\/metallinjalostajat\\\/\"},{\"@type\":\"ListItem\",\"position\":2,\"name\":\"Jaakko Kemppainen, satamaty\u00f6johdon harjoittelija, Outokumpu\"}]},{\"@type\":\"WebSite\",\"@id\":\"https:\\\/\\\/teknologiateollisuus.fi\\\/metallinjalostajat\\\/#website\",\"url\":\"https:\\\/\\\/teknologiateollisuus.fi\\\/metallinjalostajat\\\/\",\"name\":\"Metallinjalostajat\",\"description\":\"\",\"potentialAction\":[{\"@type\":\"SearchAction\",\"target\":{\"@type\":\"EntryPoint\",\"urlTemplate\":\"https:\\\/\\\/teknologiateollisuus.fi\\\/metallinjalostajat\\\/?s={search_term_string}\"},\"query-input\":{\"@type\":\"PropertyValueSpecification\",\"valueRequired\":true,\"valueName\":\"search_term_string\"}}],\"inLanguage\":\"fi\"}]}<\/script>\n<!-- \/ Yoast SEO Premium plugin. -->","yoast_head_json":{"title":"Jaakko Kemppainen, satamaty\u00f6johdon harjoittelija, Outokumpu - Metallinjalostajat","robots":{"index":"index","follow":"follow","max-snippet":"max-snippet:-1","max-image-preview":"max-image-preview:large","max-video-preview":"max-video-preview:-1"},"canonical":"https:\/\/teknologiateollisuus.fi\/metallinjalostajat\/jaakko-kemppainen-satamatyojohdon-harjoittelija-outokumpu\/","og_locale":"fi_FI","og_type":"article","og_title":"Jaakko Kemppainen, satamaty\u00f6johdon harjoittelija, Outokumpu","og_description":"Kokeile teht\u00e4vi\u00e4 ennakkoluulottomasti, sinusta saattaa olla isompiin saappaisiin kuin kuvittelet!&nbsp; N\u00e4in uskoo ainakin&nbsp;Jaakko Kemppainen, Outokummun satamaty\u00f6johdon harjoittelija. Konetekniikkaa opiskellut Jaakko aloitti uransa Outokummulla tuotannon teht\u00e4viss\u00e4 kes\u00e4ll\u00e4 2017. Kaksi vuotta my\u00f6hemmin satamasta tarjottiin haastavampaa kes\u00e4ty\u00f6teht\u00e4v\u00e4\u00e4 satamaty\u00f6johdon harjoittelijana. Nyky\u00e4\u00e4n purku- ja lastausty\u00f6st\u00e4 vastaava esimies toteaa, ett\u00e4 hyppy tuntemattomaan kannatti. \u2013 Minulla on aina ollut tietynlainen kiinnostus logistiikassa [&hellip;]","og_url":"https:\/\/teknologiateollisuus.fi\/metallinjalostajat\/jaakko-kemppainen-satamatyojohdon-harjoittelija-outokumpu\/","og_site_name":"Metallinjalostajat","article_modified_time":"2024-11-12T11:46:05+00:00","og_image":[{"width":700,"height":300,"url":"https:\/\/teknologiateollisuus.fi\/metallinjalostajat\/wp-content\/uploads\/sites\/10\/2024\/10\/Jaakko_Kemppainen_Outokumpu_2021.jpg","type":"image\/jpeg"}],"twitter_card":"summary_large_image","twitter_misc":{"Arvioitu lukuaika":"2 minuuttia"},"schema":{"@context":"https:\/\/schema.org","@graph":[{"@type":"WebPage","@id":"https:\/\/teknologiateollisuus.fi\/metallinjalostajat\/jaakko-kemppainen-satamatyojohdon-harjoittelija-outokumpu\/","url":"https:\/\/teknologiateollisuus.fi\/metallinjalostajat\/jaakko-kemppainen-satamatyojohdon-harjoittelija-outokumpu\/","name":"Jaakko Kemppainen, satamaty\u00f6johdon harjoittelija, Outokumpu - Metallinjalostajat","isPartOf":{"@id":"https:\/\/teknologiateollisuus.fi\/metallinjalostajat\/#website"},"primaryImageOfPage":{"@id":"https:\/\/teknologiateollisuus.fi\/metallinjalostajat\/jaakko-kemppainen-satamatyojohdon-harjoittelija-outokumpu\/#primaryimage"},"image":{"@id":"https:\/\/teknologiateollisuus.fi\/metallinjalostajat\/jaakko-kemppainen-satamatyojohdon-harjoittelija-outokumpu\/#primaryimage"},"thumbnailUrl":"https:\/\/teknologiateollisuus.fi\/metallinjalostajat\/wp-content\/uploads\/sites\/10\/2024\/10\/Jaakko_Kemppainen_Outokumpu_2021.jpg","datePublished":"2024-10-18T10:45:08+00:00","dateModified":"2024-11-12T11:46:05+00:00","breadcrumb":{"@id":"https:\/\/teknologiateollisuus.fi\/metallinjalostajat\/jaakko-kemppainen-satamatyojohdon-harjoittelija-outokumpu\/#breadcrumb"},"inLanguage":"fi","potentialAction":[{"@type":"ReadAction","target":["https:\/\/teknologiateollisuus.fi\/metallinjalostajat\/jaakko-kemppainen-satamatyojohdon-harjoittelija-outokumpu\/"]}]},{"@type":"ImageObject","inLanguage":"fi","@id":"https:\/\/teknologiateollisuus.fi\/metallinjalostajat\/jaakko-kemppainen-satamatyojohdon-harjoittelija-outokumpu\/#primaryimage","url":"https:\/\/teknologiateollisuus.fi\/metallinjalostajat\/wp-content\/uploads\/sites\/10\/2024\/10\/Jaakko_Kemppainen_Outokumpu_2021.jpg","contentUrl":"https:\/\/teknologiateollisuus.fi\/metallinjalostajat\/wp-content\/uploads\/sites\/10\/2024\/10\/Jaakko_Kemppainen_Outokumpu_2021.jpg","width":700,"height":300},{"@type":"BreadcrumbList","@id":"https:\/\/teknologiateollisuus.fi\/metallinjalostajat\/jaakko-kemppainen-satamatyojohdon-harjoittelija-outokumpu\/#breadcrumb","itemListElement":[{"@type":"ListItem","position":1,"name":"Etusivu","item":"https:\/\/teknologiateollisuus.fi\/metallinjalostajat\/"},{"@type":"ListItem","position":2,"name":"Jaakko Kemppainen, satamaty\u00f6johdon harjoittelija, Outokumpu"}]},{"@type":"WebSite","@id":"https:\/\/teknologiateollisuus.fi\/metallinjalostajat\/#website","url":"https:\/\/teknologiateollisuus.fi\/metallinjalostajat\/","name":"Metallinjalostajat","description":"","potentialAction":[{"@type":"SearchAction","target":{"@type":"EntryPoint","urlTemplate":"https:\/\/teknologiateollisuus.fi\/metallinjalostajat\/?s={search_term_string}"},"query-input":{"@type":"PropertyValueSpecification","valueRequired":true,"valueName":"search_term_string"}}],"inLanguage":"fi"}]}},"lang":"fi","translations":{"fi":387},"pll_sync_post":[],"_links":{"self":[{"href":"https:\/\/teknologiateollisuus.fi\/metallinjalostajat\/wp-json\/wp\/v2\/pages\/387","targetHints":{"allow":["GET"]}}],"collection":[{"href":"https:\/\/teknologiateollisuus.fi\/metallinjalostajat\/wp-json\/wp\/v2\/pages"}],"about":[{"href":"https:\/\/teknologiateollisuus.fi\/metallinjalostajat\/wp-json\/wp\/v2\/types\/page"}],"author":[{"embeddable":true,"href":"https:\/\/teknologiateollisuus.fi\/metallinjalostajat\/wp-json\/wp\/v2\/users\/52"}],"replies":[{"embeddable":true,"href":"https:\/\/teknologiateollisuus.fi\/metallinjalostajat\/wp-json\/wp\/v2\/comments?post=387"}],"version-history":[{"count":4,"href":"https:\/\/teknologiateollisuus.fi\/metallinjalostajat\/wp-json\/wp\/v2\/pages\/387\/revisions"}],"predecessor-version":[{"id":669,"href":"https:\/\/teknologiateollisuus.fi\/metallinjalostajat\/wp-json\/wp\/v2\/pages\/387\/revisions\/669"}],"wp:attachment":[{"href":"https:\/\/teknologiateollisuus.fi\/metallinjalostajat\/wp-json\/wp\/v2\/media?parent=387"}],"curies":[{"name":"wp","href":"https:\/\/api.w.org\/{rel}","templated":true}]}}