{"id":397,"date":"2024-10-18T13:58:39","date_gmt":"2024-10-18T10:58:39","guid":{"rendered":"https:\/\/teknologiateollisuus.fi\/metallinjalostajat\/?page_id=397"},"modified":"2024-11-12T13:45:42","modified_gmt":"2024-11-12T11:45:42","slug":"katri-kivihaka-tuotekehitysinsinoori-ssab-hameenlinna","status":"publish","type":"page","link":"https:\/\/teknologiateollisuus.fi\/metallinjalostajat\/katri-kivihaka-tuotekehitysinsinoori-ssab-hameenlinna\/","title":{"rendered":"Katri Kivihaka, tuotekehitysinsin\u00f6\u00f6ri, SSAB, H\u00e4meenlinna"},"content":{"rendered":"\n<div class=\"em-block-hero hero-has-background-color has-background has-black-background-color collapse media-position-right \">\n\t<div class=\"em-block-hero__container\">\n\t\t<div class=\"em-block-hero__content\">\n\t\t\t<div class=\"yoast-breadcrumbs\"><span><span><a href=\"https:\/\/teknologiateollisuus.fi\/metallinjalostajat\/\">Etusivu<\/a><\/span> <span class=\"separator\"><\/span> <span class=\"breadcrumb_last\" aria-current=\"page\">Katri Kivihaka, tuotekehitysinsin\u00f6\u00f6ri, SSAB, H\u00e4meenlinna<\/span><\/span><\/div>\t\t\t\n<h1 class=\"wp-block-heading\" id=\"katri-kivihaka-tuotekehitysinsinoori-ssab-hameenlinna\">Katri Kivihaka, tuotekehitysinsin\u00f6\u00f6ri, SSAB, H\u00e4meenlinna<\/h1>\n\n<p><\/p>\n\t\t\t<div class=\"em-block-hero__modified-date\"> P\u00e4ivitetty 12.11.2024 klo 13:45<\/div>\t\t<\/div>\n\t\t\t\t\t<figure class=\"em-block-hero__image\">\n\t\t\t\t\t\t\t<\/figure>\n\t\t\t<\/div>\n<\/div>\n\n\n\n<figure class=\"wp-block-image size-full\"><img loading=\"lazy\" decoding=\"async\" width=\"700\" height=\"300\" src=\"https:\/\/teknologiateollisuus.fi\/metallinjalostajat\/wp-content\/uploads\/sites\/10\/2024\/10\/katri_kivihaka_SSAB.jpg\" alt=\"\" class=\"wp-image-399\" srcset=\"https:\/\/teknologiateollisuus.fi\/metallinjalostajat\/wp-content\/uploads\/sites\/10\/2024\/10\/katri_kivihaka_SSAB.jpg 700w, https:\/\/teknologiateollisuus.fi\/metallinjalostajat\/wp-content\/uploads\/sites\/10\/2024\/10\/katri_kivihaka_SSAB-400x171.jpg 400w\" sizes=\"auto, (max-width: 700px) 100vw, 700px\" \/><\/figure>\n\n\n\n<p>KLO 9 MAANANTAIAAMUNA MIN\u00c4 YLEENS\u00c4\u2026<br>tarkistan s\u00e4hk\u00f6postit, laadin viikon To do -listaa ja juon kupposen kahvia ty\u00f6kavereiden kanssa.<\/p>\n\n\n\n<p>MIT\u00c4 TEET SSAB:LL\u00c4?<br>Ty\u00f6skentelen maalipinnoitettujen tuotteiden tuotekehityksess\u00e4, miss\u00e4 kehit\u00e4mme esimerkiksi t\u00e4ysin uusia pinnoitteita tai parannamme jo olemassa olevia tuotteitamme.<\/p>\n\n\n\n<p>MINK\u00c4LAINEN URAPOLKU TOI SINUT T\u00c4H\u00c4N TEHT\u00c4V\u00c4\u00c4N?<br>Pian valmistuttuani yliopistosta sain nykyisen paikkani vastaamalla ty\u00f6paikkailmoitukseen. Siit\u00e4 l\u00e4htien olen p\u00e4\u00e4ssyt kehitt\u00e4m\u00e4\u00e4n osaamistani t\u00e4m\u00e4n teht\u00e4v\u00e4n vaihtelevien haasteiden parissa.<\/p>\n\n\n\n<p>MIT\u00c4 OLET OPISKELLUT?<br>Minulla on diplomi-insin\u00f6\u00f6rin tutkinto materiaalitekniikasta. Opiskelin Tampereen teknillisess\u00e4 yliopistossa p\u00e4\u00e4aineenani polymeeriteknologia.<\/p>\n\n\n\n<p>MILLOIN TULIT SSAB:LLE T\u00d6IHIN?<br>Tulin entisen Ruukin palvelukseen vuonna 2006.<\/p>\n\n\n\n<p>MIST\u00c4 PID\u00c4T ENITEN NYKYISESS\u00c4 TY\u00d6SS\u00c4SI?<br>Siit\u00e4, kuinka teht\u00e4v\u00e4ni ovat muuttuneet sit\u00e4 mukaa, kun tietoni ja kokemukseni ovat kehittyneet. Teht\u00e4v\u00e4ni ovat entist\u00e4 monipuolisemmat ja uusia haasteita tulee vastaan koko ajan. Minusta on my\u00f6s mukava ty\u00f6skennell\u00e4 tiimin\u00e4 muiden kanssa kohti yhteist\u00e4 p\u00e4\u00e4m\u00e4\u00e4r\u00e4\u00e4.<\/p>\n\n\n\n<p>MITEN PID\u00c4T OSAAMISESI AJAN TASALLA?<br>Olen osallistunut useisiin koulutuksiin, esimerkiksi projektinhallinnan koulutukseen, ja olen p\u00e4ivitt\u00e4nyt tietotekniikkataitojani, jotta ty\u00f6ntekoni olisi tehokkaampaa. Lis\u00e4ksi luen alan uutisia ammattilehdist\u00e4 ja osallistun mahdollisuuksien mukaan konferensseihin ja seminaareihin.<\/p>\n\n\n\n<p>KERRO JOKIN ESIMERKKI SIIT\u00c4, MITEN OTAT TURVALLISUUDEN HUOMIOON ARJESSASI.<br>K\u00e4yt\u00e4n oikeanlaisia suojavarusteita laboratoriossa tai tuotannossa ty\u00f6skennelless\u00e4ni, ja pyyd\u00e4n neuvoja ja ohjeita etuk\u00e4teen, jos olen ep\u00e4varma jostakin.<\/p>\n\n\n\n<p>MIK\u00c4 HAASTAA SINUT T\u00c4SS\u00c4 TY\u00d6SS\u00c4?<br>Tilanteen tasalla pysyminen, kun projekti on laaja kokonaisuus, ja aikataulu on tiukka.<\/p>\n\n\n\n<p>MITEN TEET T\u00d6IT\u00c4 ASIAKKAIDEN KANSSA?<br>Tapaan asiakkaita yleens\u00e4 koeprofilointien tai muiden koemateriaalin arviointien yhteydess\u00e4. Silloin teht\u00e4v\u00e4n\u00e4ni on tietysti kuunnella asiakkaan kokemuksia tuotteesta ja vastata tuotetta koskeviin teknisiin kysymyksiin, ja lis\u00e4ksi arvioida, kuinka hyvin pinnoite toimii tuotekehityksen n\u00e4k\u00f6kulmasta.<\/p>\n\n\n\n<p>SSAB ON GLOBAALI YRITYS. MITEN T\u00c4M\u00c4 N\u00c4KYY ROOLISSASI?<br>Yhteisty\u00f6 tiimimme uusien, kansainv\u00e4listen j\u00e4senten ja uusien kollegoiden kanssa on ollut mielenkiintoista.<\/p>\n\n\n\n<p>MIK\u00c4 ON SINUN SUURIN PANOKSESI SSAB:N MENESTYKSEN ETEEN?<br>Parhaillaan t\u00e4rkein teht\u00e4v\u00e4ni on vastata suomalaisilla tuotantolinjoilla teht\u00e4vist\u00e4 koeajoista, joissa testataan ruotsalaisten maalipinnoitettujen tuotteiden valmistamista maalipinnoituslinjoillamme siten, ett\u00e4 laatuvaatimukset t\u00e4yttyv\u00e4t, vaikka tuotantopaikka vaihtuukin.<\/p>\n\n\n\n<p>TY\u00d6P\u00c4IV\u00c4 TAKANA \u2013 MIT\u00c4 TEET?<br>Nautin perhe-el\u00e4m\u00e4st\u00e4 mieheni ja kahden poikani kanssa sek\u00e4 harrastan liikuntaa ja teen k\u00e4sit\u00f6it\u00e4 aina, kun se on mahdollista.<\/p>\n\n\n\n<p>TER\u00c4ST\u00c4 ON KAIKKIALLA. NIME\u00c4 OMA SUOSIKKISI TAI ENITEN K\u00c4YTT\u00c4M\u00c4SI TER\u00c4STUOTE.<br>Jokin, mit\u00e4 ilman en voisi el\u00e4\u00e4? J\u00e4\u00e4kaappi!\u263a<\/p>\n\n\n\n<p>MINK\u00c4 NEUVON ANTAISIT POTENTIAALISELLE TULEVALLE KOLLEGALLESI?<br>Suuressa yrityksess\u00e4 on paljon opittavaa, mutta kysy tarvittaessa rohkeasti neuvoa. Yhdess\u00e4 voimme ratkaista ongelmat, sill\u00e4 kukaan ei tied\u00e4 kaikkea.<\/p>\n\n\n\n<p>KENELLE HALUAISIT L\u00c4HETT\u00c4\u00c4 TERVEISI\u00c4?<br>Haluaisin kiitt\u00e4\u00e4 Kankaanp\u00e4\u00e4n maalipinnoituslinjan ty\u00f6ntekij\u00f6it\u00e4 hienosta yhteisty\u00f6st\u00e4 kev\u00e4\u00e4ll\u00e4 ja kes\u00e4ll\u00e4 tekemiemme linjakoeajojen aikana. Jatketaan samaan malliin!<\/p>\n\n\n\n<p><em>Teksti ja kuva: SSAB<\/em><\/p>\n","protected":false},"excerpt":{"rendered":"<p>KLO 9 MAANANTAIAAMUNA MIN\u00c4 YLEENS\u00c4\u2026tarkistan s\u00e4hk\u00f6postit, laadin viikon To do -listaa ja juon kupposen kahvia ty\u00f6kavereiden kanssa. MIT\u00c4 TEET SSAB:LL\u00c4?Ty\u00f6skentelen maalipinnoitettujen tuotteiden tuotekehityksess\u00e4, miss\u00e4 kehit\u00e4mme esimerkiksi t\u00e4ysin uusia pinnoitteita tai parannamme jo olemassa olevia tuotteitamme. MINK\u00c4LAINEN URAPOLKU TOI SINUT T\u00c4H\u00c4N TEHT\u00c4V\u00c4\u00c4N?Pian valmistuttuani yliopistosta sain nykyisen paikkani vastaamalla ty\u00f6paikkailmoitukseen. Siit\u00e4 l\u00e4htien olen p\u00e4\u00e4ssyt kehitt\u00e4m\u00e4\u00e4n osaamistani t\u00e4m\u00e4n [&hellip;]<\/p>\n","protected":false},"author":52,"featured_media":0,"parent":0,"menu_order":0,"comment_status":"closed","ping_status":"closed","template":"","meta":{"_acf_changed":false,"_relevanssi_hide_post":"","_relevanssi_hide_content":"","_relevanssi_pin_for_all":"","_relevanssi_pin_keywords":"","_relevanssi_unpin_keywords":"","_relevanssi_related_keywords":"","_relevanssi_related_include_ids":"","_relevanssi_related_exclude_ids":"","_relevanssi_related_no_append":"","_relevanssi_related_not_related":"","_relevanssi_related_posts":"258,264,336,212,273,338","_relevanssi_noindex_reason":"","inline_featured_image":false,"footnotes":""},"class_list":["post-397","page","type-page","status-publish","hentry"],"acf":[],"yoast_head":"<!-- This site is optimized with the Yoast SEO Premium plugin v27.1 (Yoast SEO v27.5) - https:\/\/yoast.com\/product\/yoast-seo-premium-wordpress\/ -->\n<title>Katri Kivihaka, tuotekehitysinsin\u00f6\u00f6ri, SSAB, H\u00e4meenlinna - Metallinjalostajat<\/title>\n<meta name=\"robots\" content=\"index, follow, max-snippet:-1, max-image-preview:large, max-video-preview:-1\" \/>\n<link rel=\"canonical\" href=\"https:\/\/teknologiateollisuus.fi\/metallinjalostajat\/katri-kivihaka-tuotekehitysinsinoori-ssab-hameenlinna\/\" \/>\n<meta property=\"og:locale\" content=\"fi_FI\" \/>\n<meta property=\"og:type\" content=\"article\" \/>\n<meta property=\"og:title\" content=\"Katri Kivihaka, tuotekehitysinsin\u00f6\u00f6ri, SSAB, H\u00e4meenlinna\" \/>\n<meta property=\"og:description\" content=\"KLO 9 MAANANTAIAAMUNA MIN\u00c4 YLEENS\u00c4\u2026tarkistan s\u00e4hk\u00f6postit, laadin viikon To do -listaa ja juon kupposen kahvia ty\u00f6kavereiden kanssa. MIT\u00c4 TEET SSAB:LL\u00c4?Ty\u00f6skentelen maalipinnoitettujen tuotteiden tuotekehityksess\u00e4, miss\u00e4 kehit\u00e4mme esimerkiksi t\u00e4ysin uusia pinnoitteita tai parannamme jo olemassa olevia tuotteitamme. MINK\u00c4LAINEN URAPOLKU TOI SINUT T\u00c4H\u00c4N TEHT\u00c4V\u00c4\u00c4N?Pian valmistuttuani yliopistosta sain nykyisen paikkani vastaamalla ty\u00f6paikkailmoitukseen. Siit\u00e4 l\u00e4htien olen p\u00e4\u00e4ssyt kehitt\u00e4m\u00e4\u00e4n osaamistani t\u00e4m\u00e4n [&hellip;]\" \/>\n<meta property=\"og:url\" content=\"https:\/\/teknologiateollisuus.fi\/metallinjalostajat\/katri-kivihaka-tuotekehitysinsinoori-ssab-hameenlinna\/\" \/>\n<meta property=\"og:site_name\" content=\"Metallinjalostajat\" \/>\n<meta property=\"article:modified_time\" content=\"2024-11-12T11:45:42+00:00\" \/>\n<meta property=\"og:image\" content=\"https:\/\/teknologiateollisuus.fi\/metallinjalostajat\/wp-content\/uploads\/sites\/10\/2024\/10\/katri_kivihaka_SSAB.jpg\" \/>\n\t<meta property=\"og:image:width\" content=\"700\" \/>\n\t<meta property=\"og:image:height\" content=\"300\" \/>\n\t<meta property=\"og:image:type\" content=\"image\/jpeg\" \/>\n<meta name=\"twitter:card\" content=\"summary_large_image\" \/>\n<meta name=\"twitter:label1\" content=\"Arvioitu lukuaika\" \/>\n\t<meta name=\"twitter:data1\" content=\"3 minuuttia\" \/>\n<script type=\"application\/ld+json\" class=\"yoast-schema-graph\">{\"@context\":\"https:\\\/\\\/schema.org\",\"@graph\":[{\"@type\":\"WebPage\",\"@id\":\"https:\\\/\\\/teknologiateollisuus.fi\\\/metallinjalostajat\\\/katri-kivihaka-tuotekehitysinsinoori-ssab-hameenlinna\\\/\",\"url\":\"https:\\\/\\\/teknologiateollisuus.fi\\\/metallinjalostajat\\\/katri-kivihaka-tuotekehitysinsinoori-ssab-hameenlinna\\\/\",\"name\":\"Katri Kivihaka, tuotekehitysinsin\u00f6\u00f6ri, SSAB, H\u00e4meenlinna - Metallinjalostajat\",\"isPartOf\":{\"@id\":\"https:\\\/\\\/teknologiateollisuus.fi\\\/metallinjalostajat\\\/#website\"},\"primaryImageOfPage\":{\"@id\":\"https:\\\/\\\/teknologiateollisuus.fi\\\/metallinjalostajat\\\/katri-kivihaka-tuotekehitysinsinoori-ssab-hameenlinna\\\/#primaryimage\"},\"image\":{\"@id\":\"https:\\\/\\\/teknologiateollisuus.fi\\\/metallinjalostajat\\\/katri-kivihaka-tuotekehitysinsinoori-ssab-hameenlinna\\\/#primaryimage\"},\"thumbnailUrl\":\"https:\\\/\\\/teknologiateollisuus.fi\\\/metallinjalostajat\\\/wp-content\\\/uploads\\\/sites\\\/10\\\/2024\\\/10\\\/katri_kivihaka_SSAB.jpg\",\"datePublished\":\"2024-10-18T10:58:39+00:00\",\"dateModified\":\"2024-11-12T11:45:42+00:00\",\"breadcrumb\":{\"@id\":\"https:\\\/\\\/teknologiateollisuus.fi\\\/metallinjalostajat\\\/katri-kivihaka-tuotekehitysinsinoori-ssab-hameenlinna\\\/#breadcrumb\"},\"inLanguage\":\"fi\",\"potentialAction\":[{\"@type\":\"ReadAction\",\"target\":[\"https:\\\/\\\/teknologiateollisuus.fi\\\/metallinjalostajat\\\/katri-kivihaka-tuotekehitysinsinoori-ssab-hameenlinna\\\/\"]}]},{\"@type\":\"ImageObject\",\"inLanguage\":\"fi\",\"@id\":\"https:\\\/\\\/teknologiateollisuus.fi\\\/metallinjalostajat\\\/katri-kivihaka-tuotekehitysinsinoori-ssab-hameenlinna\\\/#primaryimage\",\"url\":\"https:\\\/\\\/teknologiateollisuus.fi\\\/metallinjalostajat\\\/wp-content\\\/uploads\\\/sites\\\/10\\\/2024\\\/10\\\/katri_kivihaka_SSAB.jpg\",\"contentUrl\":\"https:\\\/\\\/teknologiateollisuus.fi\\\/metallinjalostajat\\\/wp-content\\\/uploads\\\/sites\\\/10\\\/2024\\\/10\\\/katri_kivihaka_SSAB.jpg\",\"width\":700,\"height\":300},{\"@type\":\"BreadcrumbList\",\"@id\":\"https:\\\/\\\/teknologiateollisuus.fi\\\/metallinjalostajat\\\/katri-kivihaka-tuotekehitysinsinoori-ssab-hameenlinna\\\/#breadcrumb\",\"itemListElement\":[{\"@type\":\"ListItem\",\"position\":1,\"name\":\"Etusivu\",\"item\":\"https:\\\/\\\/teknologiateollisuus.fi\\\/metallinjalostajat\\\/\"},{\"@type\":\"ListItem\",\"position\":2,\"name\":\"Katri Kivihaka, tuotekehitysinsin\u00f6\u00f6ri, SSAB, H\u00e4meenlinna\"}]},{\"@type\":\"WebSite\",\"@id\":\"https:\\\/\\\/teknologiateollisuus.fi\\\/metallinjalostajat\\\/#website\",\"url\":\"https:\\\/\\\/teknologiateollisuus.fi\\\/metallinjalostajat\\\/\",\"name\":\"Metallinjalostajat\",\"description\":\"\",\"potentialAction\":[{\"@type\":\"SearchAction\",\"target\":{\"@type\":\"EntryPoint\",\"urlTemplate\":\"https:\\\/\\\/teknologiateollisuus.fi\\\/metallinjalostajat\\\/?s={search_term_string}\"},\"query-input\":{\"@type\":\"PropertyValueSpecification\",\"valueRequired\":true,\"valueName\":\"search_term_string\"}}],\"inLanguage\":\"fi\"}]}<\/script>\n<!-- \/ Yoast SEO Premium plugin. -->","yoast_head_json":{"title":"Katri Kivihaka, tuotekehitysinsin\u00f6\u00f6ri, SSAB, H\u00e4meenlinna - Metallinjalostajat","robots":{"index":"index","follow":"follow","max-snippet":"max-snippet:-1","max-image-preview":"max-image-preview:large","max-video-preview":"max-video-preview:-1"},"canonical":"https:\/\/teknologiateollisuus.fi\/metallinjalostajat\/katri-kivihaka-tuotekehitysinsinoori-ssab-hameenlinna\/","og_locale":"fi_FI","og_type":"article","og_title":"Katri Kivihaka, tuotekehitysinsin\u00f6\u00f6ri, SSAB, H\u00e4meenlinna","og_description":"KLO 9 MAANANTAIAAMUNA MIN\u00c4 YLEENS\u00c4\u2026tarkistan s\u00e4hk\u00f6postit, laadin viikon To do -listaa ja juon kupposen kahvia ty\u00f6kavereiden kanssa. MIT\u00c4 TEET SSAB:LL\u00c4?Ty\u00f6skentelen maalipinnoitettujen tuotteiden tuotekehityksess\u00e4, miss\u00e4 kehit\u00e4mme esimerkiksi t\u00e4ysin uusia pinnoitteita tai parannamme jo olemassa olevia tuotteitamme. MINK\u00c4LAINEN URAPOLKU TOI SINUT T\u00c4H\u00c4N TEHT\u00c4V\u00c4\u00c4N?Pian valmistuttuani yliopistosta sain nykyisen paikkani vastaamalla ty\u00f6paikkailmoitukseen. Siit\u00e4 l\u00e4htien olen p\u00e4\u00e4ssyt kehitt\u00e4m\u00e4\u00e4n osaamistani t\u00e4m\u00e4n [&hellip;]","og_url":"https:\/\/teknologiateollisuus.fi\/metallinjalostajat\/katri-kivihaka-tuotekehitysinsinoori-ssab-hameenlinna\/","og_site_name":"Metallinjalostajat","article_modified_time":"2024-11-12T11:45:42+00:00","og_image":[{"width":700,"height":300,"url":"https:\/\/teknologiateollisuus.fi\/metallinjalostajat\/wp-content\/uploads\/sites\/10\/2024\/10\/katri_kivihaka_SSAB.jpg","type":"image\/jpeg"}],"twitter_card":"summary_large_image","twitter_misc":{"Arvioitu lukuaika":"3 minuuttia"},"schema":{"@context":"https:\/\/schema.org","@graph":[{"@type":"WebPage","@id":"https:\/\/teknologiateollisuus.fi\/metallinjalostajat\/katri-kivihaka-tuotekehitysinsinoori-ssab-hameenlinna\/","url":"https:\/\/teknologiateollisuus.fi\/metallinjalostajat\/katri-kivihaka-tuotekehitysinsinoori-ssab-hameenlinna\/","name":"Katri Kivihaka, tuotekehitysinsin\u00f6\u00f6ri, SSAB, H\u00e4meenlinna - Metallinjalostajat","isPartOf":{"@id":"https:\/\/teknologiateollisuus.fi\/metallinjalostajat\/#website"},"primaryImageOfPage":{"@id":"https:\/\/teknologiateollisuus.fi\/metallinjalostajat\/katri-kivihaka-tuotekehitysinsinoori-ssab-hameenlinna\/#primaryimage"},"image":{"@id":"https:\/\/teknologiateollisuus.fi\/metallinjalostajat\/katri-kivihaka-tuotekehitysinsinoori-ssab-hameenlinna\/#primaryimage"},"thumbnailUrl":"https:\/\/teknologiateollisuus.fi\/metallinjalostajat\/wp-content\/uploads\/sites\/10\/2024\/10\/katri_kivihaka_SSAB.jpg","datePublished":"2024-10-18T10:58:39+00:00","dateModified":"2024-11-12T11:45:42+00:00","breadcrumb":{"@id":"https:\/\/teknologiateollisuus.fi\/metallinjalostajat\/katri-kivihaka-tuotekehitysinsinoori-ssab-hameenlinna\/#breadcrumb"},"inLanguage":"fi","potentialAction":[{"@type":"ReadAction","target":["https:\/\/teknologiateollisuus.fi\/metallinjalostajat\/katri-kivihaka-tuotekehitysinsinoori-ssab-hameenlinna\/"]}]},{"@type":"ImageObject","inLanguage":"fi","@id":"https:\/\/teknologiateollisuus.fi\/metallinjalostajat\/katri-kivihaka-tuotekehitysinsinoori-ssab-hameenlinna\/#primaryimage","url":"https:\/\/teknologiateollisuus.fi\/metallinjalostajat\/wp-content\/uploads\/sites\/10\/2024\/10\/katri_kivihaka_SSAB.jpg","contentUrl":"https:\/\/teknologiateollisuus.fi\/metallinjalostajat\/wp-content\/uploads\/sites\/10\/2024\/10\/katri_kivihaka_SSAB.jpg","width":700,"height":300},{"@type":"BreadcrumbList","@id":"https:\/\/teknologiateollisuus.fi\/metallinjalostajat\/katri-kivihaka-tuotekehitysinsinoori-ssab-hameenlinna\/#breadcrumb","itemListElement":[{"@type":"ListItem","position":1,"name":"Etusivu","item":"https:\/\/teknologiateollisuus.fi\/metallinjalostajat\/"},{"@type":"ListItem","position":2,"name":"Katri Kivihaka, tuotekehitysinsin\u00f6\u00f6ri, SSAB, H\u00e4meenlinna"}]},{"@type":"WebSite","@id":"https:\/\/teknologiateollisuus.fi\/metallinjalostajat\/#website","url":"https:\/\/teknologiateollisuus.fi\/metallinjalostajat\/","name":"Metallinjalostajat","description":"","potentialAction":[{"@type":"SearchAction","target":{"@type":"EntryPoint","urlTemplate":"https:\/\/teknologiateollisuus.fi\/metallinjalostajat\/?s={search_term_string}"},"query-input":{"@type":"PropertyValueSpecification","valueRequired":true,"valueName":"search_term_string"}}],"inLanguage":"fi"}]}},"lang":"fi","translations":{"fi":397},"pll_sync_post":{},"_links":{"self":[{"href":"https:\/\/teknologiateollisuus.fi\/metallinjalostajat\/wp-json\/wp\/v2\/pages\/397","targetHints":{"allow":["GET"]}}],"collection":[{"href":"https:\/\/teknologiateollisuus.fi\/metallinjalostajat\/wp-json\/wp\/v2\/pages"}],"about":[{"href":"https:\/\/teknologiateollisuus.fi\/metallinjalostajat\/wp-json\/wp\/v2\/types\/page"}],"author":[{"embeddable":true,"href":"https:\/\/teknologiateollisuus.fi\/metallinjalostajat\/wp-json\/wp\/v2\/users\/52"}],"replies":[{"embeddable":true,"href":"https:\/\/teknologiateollisuus.fi\/metallinjalostajat\/wp-json\/wp\/v2\/comments?post=397"}],"version-history":[{"count":3,"href":"https:\/\/teknologiateollisuus.fi\/metallinjalostajat\/wp-json\/wp\/v2\/pages\/397\/revisions"}],"predecessor-version":[{"id":668,"href":"https:\/\/teknologiateollisuus.fi\/metallinjalostajat\/wp-json\/wp\/v2\/pages\/397\/revisions\/668"}],"wp:attachment":[{"href":"https:\/\/teknologiateollisuus.fi\/metallinjalostajat\/wp-json\/wp\/v2\/media?parent=397"}],"curies":[{"name":"wp","href":"https:\/\/api.w.org\/{rel}","templated":true}]}}