{"id":408,"date":"2024-10-18T14:11:25","date_gmt":"2024-10-18T11:11:25","guid":{"rendered":"https:\/\/teknologiateollisuus.fi\/metallinjalostajat\/?page_id=408"},"modified":"2024-11-12T13:42:43","modified_gmt":"2024-11-12T11:42:43","slug":"miia-kivio-technology-manager-aurubis","status":"publish","type":"page","link":"https:\/\/teknologiateollisuus.fi\/metallinjalostajat\/miia-kivio-technology-manager-aurubis\/","title":{"rendered":"Miia Kivi\u00f6, Technology Manager, Aurubis"},"content":{"rendered":"\n<div class=\"em-block-hero hero-has-background-color has-background has-black-background-color collapse media-position-right \">\n\t<div class=\"em-block-hero__container\">\n\t\t<div class=\"em-block-hero__content\">\n\t\t\t<div class=\"yoast-breadcrumbs\"><span><span><a href=\"https:\/\/teknologiateollisuus.fi\/metallinjalostajat\/\">Etusivu<\/a><\/span> <span class=\"separator\"><\/span> <span class=\"breadcrumb_last\" aria-current=\"page\">Miia Kivi\u00f6, Technology Manager, Aurubis<\/span><\/span><\/div>\t\t\t\n<h1 class=\"wp-block-heading\" id=\"miia-kivio-technology-manager-aurubis\">Miia Kivi\u00f6, Technology Manager, Aurubis<\/h1>\n\n<p><\/p>\n\t\t\t<div class=\"em-block-hero__modified-date\"> P\u00e4ivitetty 12.11.2024 klo 13:42<\/div>\t\t<\/div>\n\t\t\t\t\t<figure class=\"em-block-hero__image\">\n\t\t\t\t\t\t\t<\/figure>\n\t\t\t<\/div>\n<\/div>\n\n\n\n<figure class=\"wp-block-image size-full\"><img loading=\"lazy\" decoding=\"async\" width=\"700\" height=\"300\" src=\"https:\/\/teknologiateollisuus.fi\/metallinjalostajat\/wp-content\/uploads\/sites\/10\/2024\/10\/Miia_Kivio_Aurubis.jpg\" alt=\"\" class=\"wp-image-410\" srcset=\"https:\/\/teknologiateollisuus.fi\/metallinjalostajat\/wp-content\/uploads\/sites\/10\/2024\/10\/Miia_Kivio_Aurubis.jpg 700w, https:\/\/teknologiateollisuus.fi\/metallinjalostajat\/wp-content\/uploads\/sites\/10\/2024\/10\/Miia_Kivio_Aurubis-400x171.jpg 400w\" sizes=\"auto, (max-width: 700px) 100vw, 700px\" \/><\/figure>\n\n\n\n<p>Moni yritys ymp\u00e4ri Suomea on kansainv\u00e4linen yhti\u00f6 \u2013 ainakin esittelypuheissaan.<br>My\u00f6s Aurubis on kansainv\u00e4linen yhti\u00f6, eik\u00e4 se ole teknologiap\u00e4\u00e4llikk\u00f6 Miia Kivi\u00f6n kohdalla pelkk\u00e4\u00e4 sananhelin\u00e4\u00e4.<\/p>\n\n\n\n<p>\u2013 Halutessani voisin k\u00e4ytt\u00e4\u00e4 suomen lis\u00e4ksi nelj\u00e4\u00e4kin eri kielt\u00e4 p\u00e4ivitt\u00e4isess\u00e4 ty\u00f6ss\u00e4ni: englantia, saksaa, ranskaa ja ruotsia, naurahtaa Kivi\u00f6.<\/p>\n\n\n\n<p>Kivi\u00f6 vastaa Aurubiksen Porin-tehtaalla tuotteiden laadusta, teknisest\u00e4 kehityksest\u00e4, prosessi- ja tuotekehityksest\u00e4, investoinneista sek\u00e4 ymp\u00e4rist\u00f6st\u00e4. H\u00e4n johtaa yhdeks\u00e4n asiantuntijan tiimi\u00e4.<\/p>\n\n\n\n<figure class=\"wp-block-pullquote\"><blockquote><p>&#8221;Halutessani voisin k\u00e4ytt\u00e4\u00e4 suomen lis\u00e4ksi nelj\u00e4\u00e4kin eri kielt\u00e4.&#8221;<\/p><\/blockquote><\/figure>\n\n\n\n<p>Ty\u00f6teht\u00e4v\u00e4 on monipuolinen. Se tarkoittaa isojen linjavetojen suunnitteluja ja valvomista, mutta my\u00f6s pienien yksityiskohtien hiomista. Toisinaan h\u00e4n tekee t\u00e4t\u00e4 yhteydenpidossa konsernin muiden yksik\u00f6iden kanssa.<\/p>\n\n\n\n<p>\u2013 Roolissani on viikoittain raportoida koko konsernin bisnes-puolen johdolle Saksassa. Muiden, ymp\u00e4ri maailmaa olevien valssaamoiden kanssa olen tekemisiss\u00e4 kuukausittain, kertoo diplomi-insin\u00f6\u00f6rin koulutuksen hankkinut Kivi\u00f6.<\/p>\n\n\n\n<p>Kansainv\u00e4liset teht\u00e4v\u00e4t sopivat h\u00e4nelle hyvin, sill\u00e4 p\u00e4\u00e4kaupunkiseudulla nuoruutensa viett\u00e4nyt Kivi\u00f6 on asunut my\u00f6s Saksassa, Japanissa ja Malesiassa.<\/p>\n\n\n\n<p>Tropiikista tie toi kuitenkin Poriin ja Aurubikseen kev\u00e4\u00e4ll\u00e4 2015. Miljoonakaupunkien vaihtuminen l\u00e4nsirannikon helmeen ei tuottanut ongelmia, vaikka elo Porissa saattaakin olla hieman erilaisempaa kuin esimerkiksi Malesiassa.<\/p>\n\n\n\n<p>\u2013 Tietenkin alussa hieman j\u00e4nnitti, miten t\u00e4nne sopeutuu, kun ei tiet\u00e4nyt Porista oikein mit\u00e4\u00e4n. Eiv\u00e4tk\u00e4 kaikki ennakkoajatukset olleet vain positiivisia.<\/p>\n\n\n\n<p>Pelot olivat kuitenkin turhia. Kivi\u00f6 on perheineen l\u00f6yt\u00e4nyt Porista itselleen uuden kodin, jossa on hyv\u00e4 asua ja el\u00e4\u00e4.<\/p>\n\n\n\n<p>\u2013 Varsinkin pienten lasten perheille t\u00e4m\u00e4 on todella hyv\u00e4 kaupunki. T\u00e4\u00e4ll\u00e4 on kaikki tarvittavat palvelut ja erinomaiset harrastusmahdollisuudet, mutta ei ole sit\u00e4 samaa ruuhkaa, kiirett\u00e4 ja stressi\u00e4 kuin esimerkiksi p\u00e4\u00e4kaupunkiseudulla.<\/p>\n\n\n\n<p>Mutta ei perhe- ja ty\u00f6arki t\u00e4ysin stressit\u00f6nt\u00e4 Porissakaan ole. Siihen Kivi\u00f6ll\u00e4 on kuitenkin keino, mill\u00e4 viimeisetkin stressinrippeet l\u00e4htev\u00e4t.<\/p>\n\n\n\n<p>\u2013 Harrastan joogaa! Jooga on fyysisesti haastavaa ja saa p\u00e4\u00e4n tyhjentym\u00e4\u00e4n kaikesta muusta. Namaste.<\/p>\n\n\n\n<p><em>Teksti ja kuva: Aurubis<\/em><\/p>\n","protected":false},"excerpt":{"rendered":"<p>Moni yritys ymp\u00e4ri Suomea on kansainv\u00e4linen yhti\u00f6 \u2013 ainakin esittelypuheissaan.My\u00f6s Aurubis on kansainv\u00e4linen yhti\u00f6, eik\u00e4 se ole teknologiap\u00e4\u00e4llikk\u00f6 Miia Kivi\u00f6n kohdalla pelkk\u00e4\u00e4 sananhelin\u00e4\u00e4. \u2013 Halutessani voisin k\u00e4ytt\u00e4\u00e4 suomen lis\u00e4ksi nelj\u00e4\u00e4kin eri kielt\u00e4 p\u00e4ivitt\u00e4isess\u00e4 ty\u00f6ss\u00e4ni: englantia, saksaa, ranskaa ja ruotsia, naurahtaa Kivi\u00f6. Kivi\u00f6 vastaa Aurubiksen Porin-tehtaalla tuotteiden laadusta, teknisest\u00e4 kehityksest\u00e4, prosessi- ja tuotekehityksest\u00e4, investoinneista sek\u00e4 ymp\u00e4rist\u00f6st\u00e4. [&hellip;]<\/p>\n","protected":false},"author":52,"featured_media":0,"parent":0,"menu_order":0,"comment_status":"closed","ping_status":"closed","template":"","meta":{"_acf_changed":false,"_relevanssi_hide_post":"","_relevanssi_hide_content":"","_relevanssi_pin_for_all":"","_relevanssi_pin_keywords":"","_relevanssi_unpin_keywords":"","_relevanssi_related_keywords":"","_relevanssi_related_include_ids":"","_relevanssi_related_exclude_ids":"","_relevanssi_related_no_append":"","_relevanssi_related_not_related":"","_relevanssi_related_posts":"336,248,256,264,201,266","_relevanssi_noindex_reason":"","inline_featured_image":false,"footnotes":""},"class_list":["post-408","page","type-page","status-publish","hentry"],"acf":[],"yoast_head":"<!-- This site is optimized with the Yoast SEO Premium plugin v27.1 (Yoast SEO v27.3) - https:\/\/yoast.com\/product\/yoast-seo-premium-wordpress\/ -->\n<title>Miia Kivi\u00f6, Technology Manager, Aurubis - Metallinjalostajat<\/title>\n<meta name=\"robots\" content=\"index, follow, max-snippet:-1, max-image-preview:large, max-video-preview:-1\" \/>\n<link rel=\"canonical\" href=\"https:\/\/teknologiateollisuus.fi\/metallinjalostajat\/miia-kivio-technology-manager-aurubis\/\" \/>\n<meta property=\"og:locale\" content=\"fi_FI\" \/>\n<meta property=\"og:type\" content=\"article\" \/>\n<meta property=\"og:title\" content=\"Miia Kivi\u00f6, Technology Manager, Aurubis\" \/>\n<meta property=\"og:description\" content=\"Moni yritys ymp\u00e4ri Suomea on kansainv\u00e4linen yhti\u00f6 \u2013 ainakin esittelypuheissaan.My\u00f6s Aurubis on kansainv\u00e4linen yhti\u00f6, eik\u00e4 se ole teknologiap\u00e4\u00e4llikk\u00f6 Miia Kivi\u00f6n kohdalla pelkk\u00e4\u00e4 sananhelin\u00e4\u00e4. \u2013 Halutessani voisin k\u00e4ytt\u00e4\u00e4 suomen lis\u00e4ksi nelj\u00e4\u00e4kin eri kielt\u00e4 p\u00e4ivitt\u00e4isess\u00e4 ty\u00f6ss\u00e4ni: englantia, saksaa, ranskaa ja ruotsia, naurahtaa Kivi\u00f6. Kivi\u00f6 vastaa Aurubiksen Porin-tehtaalla tuotteiden laadusta, teknisest\u00e4 kehityksest\u00e4, prosessi- ja tuotekehityksest\u00e4, investoinneista sek\u00e4 ymp\u00e4rist\u00f6st\u00e4. [&hellip;]\" \/>\n<meta property=\"og:url\" content=\"https:\/\/teknologiateollisuus.fi\/metallinjalostajat\/miia-kivio-technology-manager-aurubis\/\" \/>\n<meta property=\"og:site_name\" content=\"Metallinjalostajat\" \/>\n<meta property=\"article:modified_time\" content=\"2024-11-12T11:42:43+00:00\" \/>\n<meta property=\"og:image\" content=\"https:\/\/teknologiateollisuus.fi\/metallinjalostajat\/wp-content\/uploads\/sites\/10\/2024\/10\/Miia_Kivio_Aurubis.jpg\" \/>\n\t<meta property=\"og:image:width\" content=\"700\" \/>\n\t<meta property=\"og:image:height\" content=\"300\" \/>\n\t<meta property=\"og:image:type\" content=\"image\/jpeg\" \/>\n<meta name=\"twitter:card\" content=\"summary_large_image\" \/>\n<meta name=\"twitter:label1\" content=\"Arvioitu lukuaika\" \/>\n\t<meta name=\"twitter:data1\" content=\"2 minuuttia\" \/>\n<script type=\"application\/ld+json\" class=\"yoast-schema-graph\">{\"@context\":\"https:\\\/\\\/schema.org\",\"@graph\":[{\"@type\":\"WebPage\",\"@id\":\"https:\\\/\\\/teknologiateollisuus.fi\\\/metallinjalostajat\\\/miia-kivio-technology-manager-aurubis\\\/\",\"url\":\"https:\\\/\\\/teknologiateollisuus.fi\\\/metallinjalostajat\\\/miia-kivio-technology-manager-aurubis\\\/\",\"name\":\"Miia Kivi\u00f6, Technology Manager, Aurubis - Metallinjalostajat\",\"isPartOf\":{\"@id\":\"https:\\\/\\\/teknologiateollisuus.fi\\\/metallinjalostajat\\\/#website\"},\"primaryImageOfPage\":{\"@id\":\"https:\\\/\\\/teknologiateollisuus.fi\\\/metallinjalostajat\\\/miia-kivio-technology-manager-aurubis\\\/#primaryimage\"},\"image\":{\"@id\":\"https:\\\/\\\/teknologiateollisuus.fi\\\/metallinjalostajat\\\/miia-kivio-technology-manager-aurubis\\\/#primaryimage\"},\"thumbnailUrl\":\"https:\\\/\\\/teknologiateollisuus.fi\\\/metallinjalostajat\\\/wp-content\\\/uploads\\\/sites\\\/10\\\/2024\\\/10\\\/Miia_Kivio_Aurubis.jpg\",\"datePublished\":\"2024-10-18T11:11:25+00:00\",\"dateModified\":\"2024-11-12T11:42:43+00:00\",\"breadcrumb\":{\"@id\":\"https:\\\/\\\/teknologiateollisuus.fi\\\/metallinjalostajat\\\/miia-kivio-technology-manager-aurubis\\\/#breadcrumb\"},\"inLanguage\":\"fi\",\"potentialAction\":[{\"@type\":\"ReadAction\",\"target\":[\"https:\\\/\\\/teknologiateollisuus.fi\\\/metallinjalostajat\\\/miia-kivio-technology-manager-aurubis\\\/\"]}]},{\"@type\":\"ImageObject\",\"inLanguage\":\"fi\",\"@id\":\"https:\\\/\\\/teknologiateollisuus.fi\\\/metallinjalostajat\\\/miia-kivio-technology-manager-aurubis\\\/#primaryimage\",\"url\":\"https:\\\/\\\/teknologiateollisuus.fi\\\/metallinjalostajat\\\/wp-content\\\/uploads\\\/sites\\\/10\\\/2024\\\/10\\\/Miia_Kivio_Aurubis.jpg\",\"contentUrl\":\"https:\\\/\\\/teknologiateollisuus.fi\\\/metallinjalostajat\\\/wp-content\\\/uploads\\\/sites\\\/10\\\/2024\\\/10\\\/Miia_Kivio_Aurubis.jpg\",\"width\":700,\"height\":300},{\"@type\":\"BreadcrumbList\",\"@id\":\"https:\\\/\\\/teknologiateollisuus.fi\\\/metallinjalostajat\\\/miia-kivio-technology-manager-aurubis\\\/#breadcrumb\",\"itemListElement\":[{\"@type\":\"ListItem\",\"position\":1,\"name\":\"Etusivu\",\"item\":\"https:\\\/\\\/teknologiateollisuus.fi\\\/metallinjalostajat\\\/\"},{\"@type\":\"ListItem\",\"position\":2,\"name\":\"Miia Kivi\u00f6, Technology Manager, Aurubis\"}]},{\"@type\":\"WebSite\",\"@id\":\"https:\\\/\\\/teknologiateollisuus.fi\\\/metallinjalostajat\\\/#website\",\"url\":\"https:\\\/\\\/teknologiateollisuus.fi\\\/metallinjalostajat\\\/\",\"name\":\"Metallinjalostajat\",\"description\":\"\",\"potentialAction\":[{\"@type\":\"SearchAction\",\"target\":{\"@type\":\"EntryPoint\",\"urlTemplate\":\"https:\\\/\\\/teknologiateollisuus.fi\\\/metallinjalostajat\\\/?s={search_term_string}\"},\"query-input\":{\"@type\":\"PropertyValueSpecification\",\"valueRequired\":true,\"valueName\":\"search_term_string\"}}],\"inLanguage\":\"fi\"}]}<\/script>\n<!-- \/ Yoast SEO Premium plugin. -->","yoast_head_json":{"title":"Miia Kivi\u00f6, Technology Manager, Aurubis - Metallinjalostajat","robots":{"index":"index","follow":"follow","max-snippet":"max-snippet:-1","max-image-preview":"max-image-preview:large","max-video-preview":"max-video-preview:-1"},"canonical":"https:\/\/teknologiateollisuus.fi\/metallinjalostajat\/miia-kivio-technology-manager-aurubis\/","og_locale":"fi_FI","og_type":"article","og_title":"Miia Kivi\u00f6, Technology Manager, Aurubis","og_description":"Moni yritys ymp\u00e4ri Suomea on kansainv\u00e4linen yhti\u00f6 \u2013 ainakin esittelypuheissaan.My\u00f6s Aurubis on kansainv\u00e4linen yhti\u00f6, eik\u00e4 se ole teknologiap\u00e4\u00e4llikk\u00f6 Miia Kivi\u00f6n kohdalla pelkk\u00e4\u00e4 sananhelin\u00e4\u00e4. \u2013 Halutessani voisin k\u00e4ytt\u00e4\u00e4 suomen lis\u00e4ksi nelj\u00e4\u00e4kin eri kielt\u00e4 p\u00e4ivitt\u00e4isess\u00e4 ty\u00f6ss\u00e4ni: englantia, saksaa, ranskaa ja ruotsia, naurahtaa Kivi\u00f6. Kivi\u00f6 vastaa Aurubiksen Porin-tehtaalla tuotteiden laadusta, teknisest\u00e4 kehityksest\u00e4, prosessi- ja tuotekehityksest\u00e4, investoinneista sek\u00e4 ymp\u00e4rist\u00f6st\u00e4. [&hellip;]","og_url":"https:\/\/teknologiateollisuus.fi\/metallinjalostajat\/miia-kivio-technology-manager-aurubis\/","og_site_name":"Metallinjalostajat","article_modified_time":"2024-11-12T11:42:43+00:00","og_image":[{"width":700,"height":300,"url":"https:\/\/teknologiateollisuus.fi\/metallinjalostajat\/wp-content\/uploads\/sites\/10\/2024\/10\/Miia_Kivio_Aurubis.jpg","type":"image\/jpeg"}],"twitter_card":"summary_large_image","twitter_misc":{"Arvioitu lukuaika":"2 minuuttia"},"schema":{"@context":"https:\/\/schema.org","@graph":[{"@type":"WebPage","@id":"https:\/\/teknologiateollisuus.fi\/metallinjalostajat\/miia-kivio-technology-manager-aurubis\/","url":"https:\/\/teknologiateollisuus.fi\/metallinjalostajat\/miia-kivio-technology-manager-aurubis\/","name":"Miia Kivi\u00f6, Technology Manager, Aurubis - Metallinjalostajat","isPartOf":{"@id":"https:\/\/teknologiateollisuus.fi\/metallinjalostajat\/#website"},"primaryImageOfPage":{"@id":"https:\/\/teknologiateollisuus.fi\/metallinjalostajat\/miia-kivio-technology-manager-aurubis\/#primaryimage"},"image":{"@id":"https:\/\/teknologiateollisuus.fi\/metallinjalostajat\/miia-kivio-technology-manager-aurubis\/#primaryimage"},"thumbnailUrl":"https:\/\/teknologiateollisuus.fi\/metallinjalostajat\/wp-content\/uploads\/sites\/10\/2024\/10\/Miia_Kivio_Aurubis.jpg","datePublished":"2024-10-18T11:11:25+00:00","dateModified":"2024-11-12T11:42:43+00:00","breadcrumb":{"@id":"https:\/\/teknologiateollisuus.fi\/metallinjalostajat\/miia-kivio-technology-manager-aurubis\/#breadcrumb"},"inLanguage":"fi","potentialAction":[{"@type":"ReadAction","target":["https:\/\/teknologiateollisuus.fi\/metallinjalostajat\/miia-kivio-technology-manager-aurubis\/"]}]},{"@type":"ImageObject","inLanguage":"fi","@id":"https:\/\/teknologiateollisuus.fi\/metallinjalostajat\/miia-kivio-technology-manager-aurubis\/#primaryimage","url":"https:\/\/teknologiateollisuus.fi\/metallinjalostajat\/wp-content\/uploads\/sites\/10\/2024\/10\/Miia_Kivio_Aurubis.jpg","contentUrl":"https:\/\/teknologiateollisuus.fi\/metallinjalostajat\/wp-content\/uploads\/sites\/10\/2024\/10\/Miia_Kivio_Aurubis.jpg","width":700,"height":300},{"@type":"BreadcrumbList","@id":"https:\/\/teknologiateollisuus.fi\/metallinjalostajat\/miia-kivio-technology-manager-aurubis\/#breadcrumb","itemListElement":[{"@type":"ListItem","position":1,"name":"Etusivu","item":"https:\/\/teknologiateollisuus.fi\/metallinjalostajat\/"},{"@type":"ListItem","position":2,"name":"Miia Kivi\u00f6, Technology Manager, Aurubis"}]},{"@type":"WebSite","@id":"https:\/\/teknologiateollisuus.fi\/metallinjalostajat\/#website","url":"https:\/\/teknologiateollisuus.fi\/metallinjalostajat\/","name":"Metallinjalostajat","description":"","potentialAction":[{"@type":"SearchAction","target":{"@type":"EntryPoint","urlTemplate":"https:\/\/teknologiateollisuus.fi\/metallinjalostajat\/?s={search_term_string}"},"query-input":{"@type":"PropertyValueSpecification","valueRequired":true,"valueName":"search_term_string"}}],"inLanguage":"fi"}]}},"lang":"fi","translations":{"fi":408},"pll_sync_post":[],"_links":{"self":[{"href":"https:\/\/teknologiateollisuus.fi\/metallinjalostajat\/wp-json\/wp\/v2\/pages\/408","targetHints":{"allow":["GET"]}}],"collection":[{"href":"https:\/\/teknologiateollisuus.fi\/metallinjalostajat\/wp-json\/wp\/v2\/pages"}],"about":[{"href":"https:\/\/teknologiateollisuus.fi\/metallinjalostajat\/wp-json\/wp\/v2\/types\/page"}],"author":[{"embeddable":true,"href":"https:\/\/teknologiateollisuus.fi\/metallinjalostajat\/wp-json\/wp\/v2\/users\/52"}],"replies":[{"embeddable":true,"href":"https:\/\/teknologiateollisuus.fi\/metallinjalostajat\/wp-json\/wp\/v2\/comments?post=408"}],"version-history":[{"count":4,"href":"https:\/\/teknologiateollisuus.fi\/metallinjalostajat\/wp-json\/wp\/v2\/pages\/408\/revisions"}],"predecessor-version":[{"id":664,"href":"https:\/\/teknologiateollisuus.fi\/metallinjalostajat\/wp-json\/wp\/v2\/pages\/408\/revisions\/664"}],"wp:attachment":[{"href":"https:\/\/teknologiateollisuus.fi\/metallinjalostajat\/wp-json\/wp\/v2\/media?parent=408"}],"curies":[{"name":"wp","href":"https:\/\/api.w.org\/{rel}","templated":true}]}}