{"id":414,"date":"2024-10-18T14:15:50","date_gmt":"2024-10-18T11:15:50","guid":{"rendered":"https:\/\/teknologiateollisuus.fi\/metallinjalostajat\/?page_id=414"},"modified":"2024-11-12T13:42:15","modified_gmt":"2024-11-12T11:42:15","slug":"perttu-heinila-production-manager-aurubis","status":"publish","type":"page","link":"https:\/\/teknologiateollisuus.fi\/metallinjalostajat\/perttu-heinila-production-manager-aurubis\/","title":{"rendered":"Perttu Heinil\u00e4, Production Manager, Aurubis"},"content":{"rendered":"\n<div class=\"em-block-hero hero-has-background-color has-background has-black-background-color collapse media-position-right \">\n\t<div class=\"em-block-hero__container\">\n\t\t<div class=\"em-block-hero__content\">\n\t\t\t<div class=\"yoast-breadcrumbs\"><span><span><a href=\"https:\/\/teknologiateollisuus.fi\/metallinjalostajat\/\">Etusivu<\/a><\/span> <span class=\"separator\"><\/span> <span class=\"breadcrumb_last\" aria-current=\"page\">Perttu Heinil\u00e4, Production Manager, Aurubis<\/span><\/span><\/div>\t\t\t\n<h1 class=\"wp-block-heading\" id=\"perttu-heinila-production-manager-aurubis\">Perttu Heinil\u00e4, Production Manager, Aurubis<\/h1>\n\n<p><\/p>\n\t\t\t<div class=\"em-block-hero__modified-date\"> P\u00e4ivitetty 12.11.2024 klo 13:42<\/div>\t\t<\/div>\n\t\t\t\t\t<figure class=\"em-block-hero__image\">\n\t\t\t\t\t\t\t<\/figure>\n\t\t\t<\/div>\n<\/div>\n\n\n\n<figure class=\"wp-block-image size-full\"><img loading=\"lazy\" decoding=\"async\" width=\"700\" height=\"300\" src=\"https:\/\/teknologiateollisuus.fi\/metallinjalostajat\/wp-content\/uploads\/sites\/10\/2024\/10\/Perttu_Heinila_Aurubis.jpg\" alt=\"\" class=\"wp-image-413\" srcset=\"https:\/\/teknologiateollisuus.fi\/metallinjalostajat\/wp-content\/uploads\/sites\/10\/2024\/10\/Perttu_Heinila_Aurubis.jpg 700w, https:\/\/teknologiateollisuus.fi\/metallinjalostajat\/wp-content\/uploads\/sites\/10\/2024\/10\/Perttu_Heinila_Aurubis-400x171.jpg 400w\" sizes=\"auto, (max-width: 700px) 100vw, 700px\" \/><\/figure>\n\n\n\n<p>Aurubiksen Porin-tehtaan valssaamolla on k\u00e4ynniss\u00e4 kova tohina, kun kuparinauha kulkee valssaimen telojen v\u00e4liss\u00e4.<\/p>\n\n\n\n<p>Valssauksella tarkoitetaan metallin muokkaamista haluttuun muotoon. Kuparia ei valssata koko Pohjoismaissa miss\u00e4\u00e4n muualla kuin Porissa.<\/p>\n\n\n\n<p>\u2013 Me olemme paljon vartijana t\u00e4m\u00e4n korkean teknologian erityisosaamisen s\u00e4ilytt\u00e4miseksi Suomessa \u2013 se tuntuu aika juhlalliseltakin, Perttu Heinil\u00e4 pohtii.<\/p>\n\n\n\n<p>Tuotantop\u00e4\u00e4llikk\u00f6n\u00e4 ty\u00f6skentelev\u00e4n Heinil\u00e4n t\u00e4rkein teht\u00e4v\u00e4 on vastata ja varmistaa, ett\u00e4 valssaamolla p\u00e4\u00e4st\u00e4\u00e4n asetettuihin tuotantotavoitteisiin. T\u00e4m\u00e4 puolestaan tarkoittaa monien eri prosessien ja henkil\u00f6iden saumatonta yhteisty\u00f6t\u00e4.<\/p>\n\n\n\n<p>Esimerkiksi yhti\u00f6n kuuluisien, valssattujen kuparilevyjen ja -nauhojen tuotanto on tarkkaa ty\u00f6t\u00e4.<\/p>\n\n\n\n<p>\u2013 Prosessit koostuvat todella monesta osaprosessista, tuotantotalouden diplomi-insin\u00f6\u00f6ri Heinil\u00e4 naurahtaa<\/p>\n\n\n\n<figure class=\"wp-block-pullquote\"><blockquote><p>&#8221;Olemme paljon vartijana t\u00e4m\u00e4n korkean teknologian erityisosaamisen s\u00e4ilytt\u00e4miseksi.&#8221;<\/p><\/blockquote><\/figure>\n\n\n\n<p>\u2013 Arkisen ty\u00f6nteon ohessa pyrit\u00e4\u00e4n my\u00f6s kaiken aikaa kehitt\u00e4m\u00e4\u00e4n omaa toimintaa ja tuotteita. Oivallukset ja onnistumiset yhdess\u00e4 oman henkil\u00f6st\u00f6n ja tiimin kanssa ovatkin t\u00e4m\u00e4n ty\u00f6n suola: ensiksi etsit\u00e4\u00e4n yhdess\u00e4 ratkaisuja, sitten n\u00e4hd\u00e4\u00e4n niiden toimivuus k\u00e4yt\u00e4nn\u00f6ss\u00e4 ja my\u00f6hemmin esimerkiksi parempi tuote asiakkaalla asti.<\/p>\n\n\n\n<p>Aurubiksella ty\u00f6 on merkityksellist\u00e4, mink\u00e4 takia h\u00e4n onkin viihtynyt yhti\u00f6ss\u00e4 jo toistakymment\u00e4 vuotta. Satakunnassa ja Porissa valtaosan el\u00e4m\u00e4st\u00e4\u00e4n asunut Heinil\u00e4 ei ole haikaillut muiden kaupunkien per\u00e4\u00e4n. Ty\u00f6 ja el\u00e4m\u00e4 ovat maistuneet synnynseuduilla hyvilt\u00e4.<\/p>\n\n\n\n<p>\u2013 Ei ole tarvetta muuttaa pois. Pori on tarpeeksi iso kaupunki, jossa kaikki tarvittavat palvelut ovat saatavilla. Samaan aikaan Pori on tarpeeksi pieni kaupunki, jolloin el\u00e4m\u00e4 on helppoa ja elinkustannukset monta muuta paikkakuntaa alhaisempia.<\/p>\n\n\n\n<p>Kaiken t\u00e4m\u00e4n p\u00e4\u00e4lle maakunta osaa aina tarpeen tullen yll\u00e4tt\u00e4\u00e4 paljasjalkaisen satakuntalaisenkin. Heinil\u00e4 on vasta my\u00f6hemmin, vanhemmalla i\u00e4ll\u00e4 l\u00f6yt\u00e4nyt Porin seudun monimuotoisen luonnon.<\/p>\n\n\n\n<p>\u2013 Yyteri, meri ja Kokem\u00e4enjoki ovat ihan oikeasti ainutlaatuisia paikkoja koko Suomessa. Minulta meni aika kauan oivaltaa, kuinka komeaa luontoa t\u00e4\u00e4ll\u00e4 on.<\/p>\n\n\n\n<p>Luonnon parissa Heinil\u00e4 viihtyykin mielell\u00e4\u00e4n vapaa-aikanaan. Ty\u00f6p\u00e4ivien p\u00e4\u00e4tteeksi h\u00e4n saattaa l\u00e4hte\u00e4 l\u00e4hiseutujen metsiin suunnistamaan. Toisinaan taas mets\u00e4t vaihtuvat varsin erilaiseen ymp\u00e4rist\u00f6\u00f6n: crossfit-salien tunnelmiin.<\/p>\n\n\n\n<p><em>Teksti ja kuva:&nbsp;<\/em><em>Aurubis<\/em><\/p>\n","protected":false},"excerpt":{"rendered":"<p>Aurubiksen Porin-tehtaan valssaamolla on k\u00e4ynniss\u00e4 kova tohina, kun kuparinauha kulkee valssaimen telojen v\u00e4liss\u00e4. Valssauksella tarkoitetaan metallin muokkaamista haluttuun muotoon. Kuparia ei valssata koko Pohjoismaissa miss\u00e4\u00e4n muualla kuin Porissa. \u2013 Me olemme paljon vartijana t\u00e4m\u00e4n korkean teknologian erityisosaamisen s\u00e4ilytt\u00e4miseksi Suomessa \u2013 se tuntuu aika juhlalliseltakin, Perttu Heinil\u00e4 pohtii. Tuotantop\u00e4\u00e4llikk\u00f6n\u00e4 ty\u00f6skentelev\u00e4n Heinil\u00e4n t\u00e4rkein teht\u00e4v\u00e4 on vastata ja [&hellip;]<\/p>\n","protected":false},"author":52,"featured_media":0,"parent":0,"menu_order":0,"comment_status":"closed","ping_status":"closed","template":"","meta":{"_acf_changed":false,"_relevanssi_hide_post":"","_relevanssi_hide_content":"","_relevanssi_pin_for_all":"","_relevanssi_pin_keywords":"","_relevanssi_unpin_keywords":"","_relevanssi_related_keywords":"","_relevanssi_related_include_ids":"","_relevanssi_related_exclude_ids":"","_relevanssi_related_no_append":"","_relevanssi_related_not_related":"","_relevanssi_related_posts":"258,181,336,201,338,212","_relevanssi_noindex_reason":"","inline_featured_image":false,"footnotes":""},"class_list":["post-414","page","type-page","status-publish","hentry"],"acf":[],"yoast_head":"<!-- This site is optimized with the Yoast SEO Premium plugin v27.1 (Yoast SEO v27.3) - https:\/\/yoast.com\/product\/yoast-seo-premium-wordpress\/ -->\n<title>Perttu Heinil\u00e4, Production Manager, Aurubis - Metallinjalostajat<\/title>\n<meta name=\"robots\" content=\"index, follow, max-snippet:-1, max-image-preview:large, max-video-preview:-1\" \/>\n<link rel=\"canonical\" href=\"https:\/\/teknologiateollisuus.fi\/metallinjalostajat\/perttu-heinila-production-manager-aurubis\/\" \/>\n<meta property=\"og:locale\" content=\"fi_FI\" \/>\n<meta property=\"og:type\" content=\"article\" \/>\n<meta property=\"og:title\" content=\"Perttu Heinil\u00e4, Production Manager, Aurubis\" \/>\n<meta property=\"og:description\" content=\"Aurubiksen Porin-tehtaan valssaamolla on k\u00e4ynniss\u00e4 kova tohina, kun kuparinauha kulkee valssaimen telojen v\u00e4liss\u00e4. Valssauksella tarkoitetaan metallin muokkaamista haluttuun muotoon. Kuparia ei valssata koko Pohjoismaissa miss\u00e4\u00e4n muualla kuin Porissa. \u2013 Me olemme paljon vartijana t\u00e4m\u00e4n korkean teknologian erityisosaamisen s\u00e4ilytt\u00e4miseksi Suomessa \u2013 se tuntuu aika juhlalliseltakin, Perttu Heinil\u00e4 pohtii. Tuotantop\u00e4\u00e4llikk\u00f6n\u00e4 ty\u00f6skentelev\u00e4n Heinil\u00e4n t\u00e4rkein teht\u00e4v\u00e4 on vastata ja [&hellip;]\" \/>\n<meta property=\"og:url\" content=\"https:\/\/teknologiateollisuus.fi\/metallinjalostajat\/perttu-heinila-production-manager-aurubis\/\" \/>\n<meta property=\"og:site_name\" content=\"Metallinjalostajat\" \/>\n<meta property=\"article:modified_time\" content=\"2024-11-12T11:42:15+00:00\" \/>\n<meta property=\"og:image\" content=\"https:\/\/teknologiateollisuus.fi\/metallinjalostajat\/wp-content\/uploads\/sites\/10\/2024\/10\/Perttu_Heinila_Aurubis.jpg\" \/>\n\t<meta property=\"og:image:width\" content=\"700\" \/>\n\t<meta property=\"og:image:height\" content=\"300\" \/>\n\t<meta property=\"og:image:type\" content=\"image\/jpeg\" \/>\n<meta name=\"twitter:card\" content=\"summary_large_image\" \/>\n<meta name=\"twitter:label1\" content=\"Arvioitu lukuaika\" \/>\n\t<meta name=\"twitter:data1\" content=\"2 minuuttia\" \/>\n<script type=\"application\/ld+json\" class=\"yoast-schema-graph\">{\"@context\":\"https:\\\/\\\/schema.org\",\"@graph\":[{\"@type\":\"WebPage\",\"@id\":\"https:\\\/\\\/teknologiateollisuus.fi\\\/metallinjalostajat\\\/perttu-heinila-production-manager-aurubis\\\/\",\"url\":\"https:\\\/\\\/teknologiateollisuus.fi\\\/metallinjalostajat\\\/perttu-heinila-production-manager-aurubis\\\/\",\"name\":\"Perttu Heinil\u00e4, Production Manager, Aurubis - Metallinjalostajat\",\"isPartOf\":{\"@id\":\"https:\\\/\\\/teknologiateollisuus.fi\\\/metallinjalostajat\\\/#website\"},\"primaryImageOfPage\":{\"@id\":\"https:\\\/\\\/teknologiateollisuus.fi\\\/metallinjalostajat\\\/perttu-heinila-production-manager-aurubis\\\/#primaryimage\"},\"image\":{\"@id\":\"https:\\\/\\\/teknologiateollisuus.fi\\\/metallinjalostajat\\\/perttu-heinila-production-manager-aurubis\\\/#primaryimage\"},\"thumbnailUrl\":\"https:\\\/\\\/teknologiateollisuus.fi\\\/metallinjalostajat\\\/wp-content\\\/uploads\\\/sites\\\/10\\\/2024\\\/10\\\/Perttu_Heinila_Aurubis.jpg\",\"datePublished\":\"2024-10-18T11:15:50+00:00\",\"dateModified\":\"2024-11-12T11:42:15+00:00\",\"breadcrumb\":{\"@id\":\"https:\\\/\\\/teknologiateollisuus.fi\\\/metallinjalostajat\\\/perttu-heinila-production-manager-aurubis\\\/#breadcrumb\"},\"inLanguage\":\"fi\",\"potentialAction\":[{\"@type\":\"ReadAction\",\"target\":[\"https:\\\/\\\/teknologiateollisuus.fi\\\/metallinjalostajat\\\/perttu-heinila-production-manager-aurubis\\\/\"]}]},{\"@type\":\"ImageObject\",\"inLanguage\":\"fi\",\"@id\":\"https:\\\/\\\/teknologiateollisuus.fi\\\/metallinjalostajat\\\/perttu-heinila-production-manager-aurubis\\\/#primaryimage\",\"url\":\"https:\\\/\\\/teknologiateollisuus.fi\\\/metallinjalostajat\\\/wp-content\\\/uploads\\\/sites\\\/10\\\/2024\\\/10\\\/Perttu_Heinila_Aurubis.jpg\",\"contentUrl\":\"https:\\\/\\\/teknologiateollisuus.fi\\\/metallinjalostajat\\\/wp-content\\\/uploads\\\/sites\\\/10\\\/2024\\\/10\\\/Perttu_Heinila_Aurubis.jpg\",\"width\":700,\"height\":300},{\"@type\":\"BreadcrumbList\",\"@id\":\"https:\\\/\\\/teknologiateollisuus.fi\\\/metallinjalostajat\\\/perttu-heinila-production-manager-aurubis\\\/#breadcrumb\",\"itemListElement\":[{\"@type\":\"ListItem\",\"position\":1,\"name\":\"Etusivu\",\"item\":\"https:\\\/\\\/teknologiateollisuus.fi\\\/metallinjalostajat\\\/\"},{\"@type\":\"ListItem\",\"position\":2,\"name\":\"Perttu Heinil\u00e4, Production Manager, Aurubis\"}]},{\"@type\":\"WebSite\",\"@id\":\"https:\\\/\\\/teknologiateollisuus.fi\\\/metallinjalostajat\\\/#website\",\"url\":\"https:\\\/\\\/teknologiateollisuus.fi\\\/metallinjalostajat\\\/\",\"name\":\"Metallinjalostajat\",\"description\":\"\",\"potentialAction\":[{\"@type\":\"SearchAction\",\"target\":{\"@type\":\"EntryPoint\",\"urlTemplate\":\"https:\\\/\\\/teknologiateollisuus.fi\\\/metallinjalostajat\\\/?s={search_term_string}\"},\"query-input\":{\"@type\":\"PropertyValueSpecification\",\"valueRequired\":true,\"valueName\":\"search_term_string\"}}],\"inLanguage\":\"fi\"}]}<\/script>\n<!-- \/ Yoast SEO Premium plugin. -->","yoast_head_json":{"title":"Perttu Heinil\u00e4, Production Manager, Aurubis - Metallinjalostajat","robots":{"index":"index","follow":"follow","max-snippet":"max-snippet:-1","max-image-preview":"max-image-preview:large","max-video-preview":"max-video-preview:-1"},"canonical":"https:\/\/teknologiateollisuus.fi\/metallinjalostajat\/perttu-heinila-production-manager-aurubis\/","og_locale":"fi_FI","og_type":"article","og_title":"Perttu Heinil\u00e4, Production Manager, Aurubis","og_description":"Aurubiksen Porin-tehtaan valssaamolla on k\u00e4ynniss\u00e4 kova tohina, kun kuparinauha kulkee valssaimen telojen v\u00e4liss\u00e4. Valssauksella tarkoitetaan metallin muokkaamista haluttuun muotoon. Kuparia ei valssata koko Pohjoismaissa miss\u00e4\u00e4n muualla kuin Porissa. \u2013 Me olemme paljon vartijana t\u00e4m\u00e4n korkean teknologian erityisosaamisen s\u00e4ilytt\u00e4miseksi Suomessa \u2013 se tuntuu aika juhlalliseltakin, Perttu Heinil\u00e4 pohtii. Tuotantop\u00e4\u00e4llikk\u00f6n\u00e4 ty\u00f6skentelev\u00e4n Heinil\u00e4n t\u00e4rkein teht\u00e4v\u00e4 on vastata ja [&hellip;]","og_url":"https:\/\/teknologiateollisuus.fi\/metallinjalostajat\/perttu-heinila-production-manager-aurubis\/","og_site_name":"Metallinjalostajat","article_modified_time":"2024-11-12T11:42:15+00:00","og_image":[{"width":700,"height":300,"url":"https:\/\/teknologiateollisuus.fi\/metallinjalostajat\/wp-content\/uploads\/sites\/10\/2024\/10\/Perttu_Heinila_Aurubis.jpg","type":"image\/jpeg"}],"twitter_card":"summary_large_image","twitter_misc":{"Arvioitu lukuaika":"2 minuuttia"},"schema":{"@context":"https:\/\/schema.org","@graph":[{"@type":"WebPage","@id":"https:\/\/teknologiateollisuus.fi\/metallinjalostajat\/perttu-heinila-production-manager-aurubis\/","url":"https:\/\/teknologiateollisuus.fi\/metallinjalostajat\/perttu-heinila-production-manager-aurubis\/","name":"Perttu Heinil\u00e4, Production Manager, Aurubis - Metallinjalostajat","isPartOf":{"@id":"https:\/\/teknologiateollisuus.fi\/metallinjalostajat\/#website"},"primaryImageOfPage":{"@id":"https:\/\/teknologiateollisuus.fi\/metallinjalostajat\/perttu-heinila-production-manager-aurubis\/#primaryimage"},"image":{"@id":"https:\/\/teknologiateollisuus.fi\/metallinjalostajat\/perttu-heinila-production-manager-aurubis\/#primaryimage"},"thumbnailUrl":"https:\/\/teknologiateollisuus.fi\/metallinjalostajat\/wp-content\/uploads\/sites\/10\/2024\/10\/Perttu_Heinila_Aurubis.jpg","datePublished":"2024-10-18T11:15:50+00:00","dateModified":"2024-11-12T11:42:15+00:00","breadcrumb":{"@id":"https:\/\/teknologiateollisuus.fi\/metallinjalostajat\/perttu-heinila-production-manager-aurubis\/#breadcrumb"},"inLanguage":"fi","potentialAction":[{"@type":"ReadAction","target":["https:\/\/teknologiateollisuus.fi\/metallinjalostajat\/perttu-heinila-production-manager-aurubis\/"]}]},{"@type":"ImageObject","inLanguage":"fi","@id":"https:\/\/teknologiateollisuus.fi\/metallinjalostajat\/perttu-heinila-production-manager-aurubis\/#primaryimage","url":"https:\/\/teknologiateollisuus.fi\/metallinjalostajat\/wp-content\/uploads\/sites\/10\/2024\/10\/Perttu_Heinila_Aurubis.jpg","contentUrl":"https:\/\/teknologiateollisuus.fi\/metallinjalostajat\/wp-content\/uploads\/sites\/10\/2024\/10\/Perttu_Heinila_Aurubis.jpg","width":700,"height":300},{"@type":"BreadcrumbList","@id":"https:\/\/teknologiateollisuus.fi\/metallinjalostajat\/perttu-heinila-production-manager-aurubis\/#breadcrumb","itemListElement":[{"@type":"ListItem","position":1,"name":"Etusivu","item":"https:\/\/teknologiateollisuus.fi\/metallinjalostajat\/"},{"@type":"ListItem","position":2,"name":"Perttu Heinil\u00e4, Production Manager, Aurubis"}]},{"@type":"WebSite","@id":"https:\/\/teknologiateollisuus.fi\/metallinjalostajat\/#website","url":"https:\/\/teknologiateollisuus.fi\/metallinjalostajat\/","name":"Metallinjalostajat","description":"","potentialAction":[{"@type":"SearchAction","target":{"@type":"EntryPoint","urlTemplate":"https:\/\/teknologiateollisuus.fi\/metallinjalostajat\/?s={search_term_string}"},"query-input":{"@type":"PropertyValueSpecification","valueRequired":true,"valueName":"search_term_string"}}],"inLanguage":"fi"}]}},"lang":"fi","translations":{"fi":414},"pll_sync_post":[],"_links":{"self":[{"href":"https:\/\/teknologiateollisuus.fi\/metallinjalostajat\/wp-json\/wp\/v2\/pages\/414","targetHints":{"allow":["GET"]}}],"collection":[{"href":"https:\/\/teknologiateollisuus.fi\/metallinjalostajat\/wp-json\/wp\/v2\/pages"}],"about":[{"href":"https:\/\/teknologiateollisuus.fi\/metallinjalostajat\/wp-json\/wp\/v2\/types\/page"}],"author":[{"embeddable":true,"href":"https:\/\/teknologiateollisuus.fi\/metallinjalostajat\/wp-json\/wp\/v2\/users\/52"}],"replies":[{"embeddable":true,"href":"https:\/\/teknologiateollisuus.fi\/metallinjalostajat\/wp-json\/wp\/v2\/comments?post=414"}],"version-history":[{"count":2,"href":"https:\/\/teknologiateollisuus.fi\/metallinjalostajat\/wp-json\/wp\/v2\/pages\/414\/revisions"}],"predecessor-version":[{"id":663,"href":"https:\/\/teknologiateollisuus.fi\/metallinjalostajat\/wp-json\/wp\/v2\/pages\/414\/revisions\/663"}],"wp:attachment":[{"href":"https:\/\/teknologiateollisuus.fi\/metallinjalostajat\/wp-json\/wp\/v2\/media?parent=414"}],"curies":[{"name":"wp","href":"https:\/\/api.w.org\/{rel}","templated":true}]}}