{"id":7,"date":"2024-06-04T09:33:20","date_gmt":"2024-06-04T06:33:20","guid":{"rendered":"https:\/\/metallinjalostajat.teknologiateollisuus.fi\/?page_id=7"},"modified":"2024-11-12T14:05:23","modified_gmt":"2024-11-12T12:05:23","slug":"ajankohtaista","status":"publish","type":"page","link":"https:\/\/teknologiateollisuus.fi\/metallinjalostajat\/ajankohtaista\/","title":{"rendered":"Ajankohtaista"},"content":{"rendered":"\n<div class=\"em-block-hero hero-has-background-color has-background has-petrol-background-color has-image media-position-background \">\n\t<div class=\"em-block-hero__container\">\n\t\t<div class=\"em-block-hero__content\">\n\t\t\t<div class=\"yoast-breadcrumbs\"><span><span><a href=\"https:\/\/teknologiateollisuus.fi\/metallinjalostajat\/\">Etusivu<\/a><\/span> <span class=\"separator\"><\/span> <span class=\"breadcrumb_last\" aria-current=\"page\">Ajankohtaista<\/span><\/span><\/div>\t\t\t\n<h1 class=\"wp-block-heading\" id=\"ajankohtaista\">Ajankohtaista<\/h1>\n\n<p><\/p>\n\t\t\t\t\t<\/div>\n\t\t\t\t\t<figure class=\"em-block-hero__image\">\n\t\t\t\t<img loading=\"lazy\" decoding=\"async\" width=\"1200\" height=\"800\" src=\"https:\/\/teknologiateollisuus.fi\/metallinjalostajat\/wp-content\/uploads\/sites\/10\/2024\/11\/Teknologia-shutterstock_5.jpg\" class=\"attachment-hero size-hero\" alt=\"\" srcset=\"https:\/\/teknologiateollisuus.fi\/metallinjalostajat\/wp-content\/uploads\/sites\/10\/2024\/11\/Teknologia-shutterstock_5.jpg 1200w, https:\/\/teknologiateollisuus.fi\/metallinjalostajat\/wp-content\/uploads\/sites\/10\/2024\/11\/Teknologia-shutterstock_5-400x267.jpg 400w, https:\/\/teknologiateollisuus.fi\/metallinjalostajat\/wp-content\/uploads\/sites\/10\/2024\/11\/Teknologia-shutterstock_5-968x645.jpg 968w, https:\/\/teknologiateollisuus.fi\/metallinjalostajat\/wp-content\/uploads\/sites\/10\/2024\/11\/Teknologia-shutterstock_5-768x512.jpg 768w\" sizes=\"auto, (max-width: 1200px) 100vw, 1200px\" \/>\t\t\t<\/figure>\n\t\t\t<\/div>\n<\/div>\n\n\n\n<div class=\"wp-block-evermade-post-feed em-block-post-feed em-block-feed\" data-per-page=\"9\" data-texts=\"{&quot;searchLabel&quot;:&quot;Hae ajankohtaisista&quot;,&quot;searchPlaceholder&quot;:&quot;Kirjoita t\u00e4h\u00e4n&quot;,&quot;showAllButtonText&quot;:&quot;N\u00e4yt\u00e4 kaikki&quot;,&quot;industriesLabel&quot;:&quot;Ala&quot;,&quot;industriesPlaceholder&quot;:&quot;Valitse ala&quot;,&quot;categoriesLabel&quot;:&quot;Categories&quot;,&quot;categoriesPlaceholder&quot;:&quot;Choose categories&quot;,&quot;tagsLabel&quot;:&quot;Asiasanat&quot;,&quot;tagsPlaceholder&quot;:&quot;Valitse asiasanat&quot;,&quot;themesLabel&quot;:&quot;Aiheet&quot;,&quot;themesPlaceholder&quot;:&quot;Valitse aihe&quot;,&quot;loadMoreButtonText&quot;:&quot;Lataa lis\u00e4\u00e4&quot;,&quot;filtersToggleLabel&quot;:&quot;Suodattimet&quot;,&quot;filterErrorTitle&quot;:&quot;Error loading filter data.&quot;,&quot;filterErrorText&quot;:&quot;Please try again later.&quot;,&quot;postsErrorTitle&quot;:&quot;Error loading Post data.&quot;,&quot;postsErrorText&quot;:&quot;Please try again later.&quot;,&quot;noPostsFoundTitle&quot;:&quot;No posts found.&quot;,&quot;noPostsFoundText&quot;:&quot;Please try again with different search terms.&quot;,&quot;gridLayoutLabel&quot;:&quot;Grid layout&quot;,&quot;listLayoutLabel&quot;:&quot;List layout&quot;}\"><\/div>\n","protected":false},"excerpt":{"rendered":"","protected":false},"author":1,"featured_media":0,"parent":0,"menu_order":0,"comment_status":"closed","ping_status":"closed","template":"","meta":{"_acf_changed":false,"_relevanssi_hide_post":"","_relevanssi_hide_content":"","_relevanssi_pin_for_all":"","_relevanssi_pin_keywords":"","_relevanssi_unpin_keywords":"","_relevanssi_related_keywords":"","_relevanssi_related_include_ids":"","_relevanssi_related_exclude_ids":"","_relevanssi_related_no_append":"","_relevanssi_related_not_related":"","_relevanssi_related_posts":"1","_relevanssi_noindex_reason":"","inline_featured_image":false,"footnotes":""},"class_list":["post-7","page","type-page","status-publish","hentry"],"acf":[],"yoast_head":"<!-- This site is optimized with the Yoast SEO Premium plugin v27.1 (Yoast SEO v27.3) - https:\/\/yoast.com\/product\/yoast-seo-premium-wordpress\/ -->\n<title>Ajankohtaista - Metallinjalostajat<\/title>\n<meta name=\"robots\" content=\"index, follow, max-snippet:-1, max-image-preview:large, max-video-preview:-1\" \/>\n<link rel=\"canonical\" href=\"https:\/\/teknologiateollisuus.fi\/metallinjalostajat\/ajankohtaista\/\" \/>\n<meta property=\"og:locale\" content=\"fi_FI\" \/>\n<meta property=\"og:type\" content=\"article\" \/>\n<meta property=\"og:title\" content=\"Ajankohtaista\" \/>\n<meta property=\"og:url\" content=\"https:\/\/teknologiateollisuus.fi\/metallinjalostajat\/ajankohtaista\/\" \/>\n<meta property=\"og:site_name\" content=\"Metallinjalostajat\" \/>\n<meta property=\"article:modified_time\" content=\"2024-11-12T12:05:23+00:00\" \/>\n<meta name=\"twitter:card\" content=\"summary_large_image\" \/>\n<meta name=\"twitter:label1\" content=\"Arvioitu lukuaika\" \/>\n\t<meta name=\"twitter:data1\" content=\"1 minuutti\" \/>\n<script type=\"application\/ld+json\" class=\"yoast-schema-graph\">{\"@context\":\"https:\\\/\\\/schema.org\",\"@graph\":[{\"@type\":\"WebPage\",\"@id\":\"https:\\\/\\\/teknologiateollisuus.fi\\\/metallinjalostajat\\\/ajankohtaista\\\/\",\"url\":\"https:\\\/\\\/teknologiateollisuus.fi\\\/metallinjalostajat\\\/ajankohtaista\\\/\",\"name\":\"Ajankohtaista - Metallinjalostajat\",\"isPartOf\":{\"@id\":\"https:\\\/\\\/teknologiateollisuus.fi\\\/metallinjalostajat\\\/#website\"},\"datePublished\":\"2024-06-04T06:33:20+00:00\",\"dateModified\":\"2024-11-12T12:05:23+00:00\",\"breadcrumb\":{\"@id\":\"https:\\\/\\\/teknologiateollisuus.fi\\\/metallinjalostajat\\\/ajankohtaista\\\/#breadcrumb\"},\"inLanguage\":\"fi\",\"potentialAction\":[{\"@type\":\"ReadAction\",\"target\":[\"https:\\\/\\\/teknologiateollisuus.fi\\\/metallinjalostajat\\\/ajankohtaista\\\/\"]}]},{\"@type\":\"BreadcrumbList\",\"@id\":\"https:\\\/\\\/teknologiateollisuus.fi\\\/metallinjalostajat\\\/ajankohtaista\\\/#breadcrumb\",\"itemListElement\":[{\"@type\":\"ListItem\",\"position\":1,\"name\":\"Etusivu\",\"item\":\"https:\\\/\\\/teknologiateollisuus.fi\\\/metallinjalostajat\\\/\"},{\"@type\":\"ListItem\",\"position\":2,\"name\":\"Ajankohtaista\"}]},{\"@type\":\"WebSite\",\"@id\":\"https:\\\/\\\/teknologiateollisuus.fi\\\/metallinjalostajat\\\/#website\",\"url\":\"https:\\\/\\\/teknologiateollisuus.fi\\\/metallinjalostajat\\\/\",\"name\":\"Metallinjalostajat\",\"description\":\"\",\"potentialAction\":[{\"@type\":\"SearchAction\",\"target\":{\"@type\":\"EntryPoint\",\"urlTemplate\":\"https:\\\/\\\/teknologiateollisuus.fi\\\/metallinjalostajat\\\/?s={search_term_string}\"},\"query-input\":{\"@type\":\"PropertyValueSpecification\",\"valueRequired\":true,\"valueName\":\"search_term_string\"}}],\"inLanguage\":\"fi\"}]}<\/script>\n<!-- \/ Yoast SEO Premium plugin. -->","yoast_head_json":{"title":"Ajankohtaista - Metallinjalostajat","robots":{"index":"index","follow":"follow","max-snippet":"max-snippet:-1","max-image-preview":"max-image-preview:large","max-video-preview":"max-video-preview:-1"},"canonical":"https:\/\/teknologiateollisuus.fi\/metallinjalostajat\/ajankohtaista\/","og_locale":"fi_FI","og_type":"article","og_title":"Ajankohtaista","og_url":"https:\/\/teknologiateollisuus.fi\/metallinjalostajat\/ajankohtaista\/","og_site_name":"Metallinjalostajat","article_modified_time":"2024-11-12T12:05:23+00:00","twitter_card":"summary_large_image","twitter_misc":{"Arvioitu lukuaika":"1 minuutti"},"schema":{"@context":"https:\/\/schema.org","@graph":[{"@type":"WebPage","@id":"https:\/\/teknologiateollisuus.fi\/metallinjalostajat\/ajankohtaista\/","url":"https:\/\/teknologiateollisuus.fi\/metallinjalostajat\/ajankohtaista\/","name":"Ajankohtaista - Metallinjalostajat","isPartOf":{"@id":"https:\/\/teknologiateollisuus.fi\/metallinjalostajat\/#website"},"datePublished":"2024-06-04T06:33:20+00:00","dateModified":"2024-11-12T12:05:23+00:00","breadcrumb":{"@id":"https:\/\/teknologiateollisuus.fi\/metallinjalostajat\/ajankohtaista\/#breadcrumb"},"inLanguage":"fi","potentialAction":[{"@type":"ReadAction","target":["https:\/\/teknologiateollisuus.fi\/metallinjalostajat\/ajankohtaista\/"]}]},{"@type":"BreadcrumbList","@id":"https:\/\/teknologiateollisuus.fi\/metallinjalostajat\/ajankohtaista\/#breadcrumb","itemListElement":[{"@type":"ListItem","position":1,"name":"Etusivu","item":"https:\/\/teknologiateollisuus.fi\/metallinjalostajat\/"},{"@type":"ListItem","position":2,"name":"Ajankohtaista"}]},{"@type":"WebSite","@id":"https:\/\/teknologiateollisuus.fi\/metallinjalostajat\/#website","url":"https:\/\/teknologiateollisuus.fi\/metallinjalostajat\/","name":"Metallinjalostajat","description":"","potentialAction":[{"@type":"SearchAction","target":{"@type":"EntryPoint","urlTemplate":"https:\/\/teknologiateollisuus.fi\/metallinjalostajat\/?s={search_term_string}"},"query-input":{"@type":"PropertyValueSpecification","valueRequired":true,"valueName":"search_term_string"}}],"inLanguage":"fi"}]}},"lang":"fi","translations":{"fi":7},"pll_sync_post":[],"_links":{"self":[{"href":"https:\/\/teknologiateollisuus.fi\/metallinjalostajat\/wp-json\/wp\/v2\/pages\/7","targetHints":{"allow":["GET"]}}],"collection":[{"href":"https:\/\/teknologiateollisuus.fi\/metallinjalostajat\/wp-json\/wp\/v2\/pages"}],"about":[{"href":"https:\/\/teknologiateollisuus.fi\/metallinjalostajat\/wp-json\/wp\/v2\/types\/page"}],"author":[{"embeddable":true,"href":"https:\/\/teknologiateollisuus.fi\/metallinjalostajat\/wp-json\/wp\/v2\/users\/1"}],"replies":[{"embeddable":true,"href":"https:\/\/teknologiateollisuus.fi\/metallinjalostajat\/wp-json\/wp\/v2\/comments?post=7"}],"version-history":[{"count":7,"href":"https:\/\/teknologiateollisuus.fi\/metallinjalostajat\/wp-json\/wp\/v2\/pages\/7\/revisions"}],"predecessor-version":[{"id":679,"href":"https:\/\/teknologiateollisuus.fi\/metallinjalostajat\/wp-json\/wp\/v2\/pages\/7\/revisions\/679"}],"wp:attachment":[{"href":"https:\/\/teknologiateollisuus.fi\/metallinjalostajat\/wp-json\/wp\/v2\/media?parent=7"}],"curies":[{"name":"wp","href":"https:\/\/api.w.org\/{rel}","templated":true}]}}