{"id":892,"date":"2025-03-06T11:48:18","date_gmt":"2025-03-06T09:48:18","guid":{"rendered":"https:\/\/teknologiateollisuus.fi\/metallinjalostajat\/?page_id=892"},"modified":"2025-03-06T11:48:19","modified_gmt":"2025-03-06T09:48:19","slug":"members-of-the-board","status":"publish","type":"page","link":"https:\/\/teknologiateollisuus.fi\/metallinjalostajat\/en\/about-us\/members-of-the-board\/","title":{"rendered":"Members of the Board"},"content":{"rendered":"\n<div class=\"em-block-hero hero-has-background-color has-background has-tangerine-background-color collapse media-position-right \">\n\t<div class=\"em-block-hero__container\">\n\t\t<div class=\"em-block-hero__content\">\n\t\t\t<div class=\"yoast-breadcrumbs\"><span><span><a href=\"https:\/\/teknologiateollisuus.fi\/metallinjalostajat\/\">Etusivu<\/a><\/span> <span class=\"separator\"><\/span> <span><a href=\"https:\/\/teknologiateollisuus.fi\/metallinjalostajat\/en\/about-us\/\">About Us<\/a><\/span> <span class=\"separator\"><\/span> <span class=\"breadcrumb_last\" aria-current=\"page\">Members of the Board<\/span><\/span><\/div>\t\t\t\n<h1 class=\"wp-block-heading\" id=\"h-members-of-the-board\"><strong>Members of the Board<\/strong><\/h1>\n\n<p><\/p>\n\t\t\t<div class=\"em-block-hero__modified-date\"> P\u00e4ivitetty 06.03.2025 klo 11:48<\/div>\t\t<\/div>\n\t\t\t\t\t<figure class=\"em-block-hero__image\">\n\t\t\t\t\t\t\t<\/figure>\n\t\t\t<\/div>\n<\/div>\n\n\n\n<h2 class=\"wp-block-heading\" id=\"h-members-of-the-board-2025\"><strong>Members of the Board 2025<\/strong><\/h2>\n\n\n\n<p>Martti Sassi, President, Business Area Ferrochrome, Outokumpu (chair of the board)<br>Klaus Enwald, President and CEO, Ovako Imatra<br>Reima M\u00e4kel\u00e4, Production Manager, Aurubis Finland<br>Antti Kontiainen, General Manager, Boliden Harjavalta<br>Jyrki Makkonen, Vice President, Business line Smelting, Metso<br>Joni Hautoj\u00e4rvi, Managing Director, Norilsk Nickel Harjavalta<br>Janne Pirttijoki, Head of Business Unit, SSAB Europe<\/p>\n\n\n\n<h2 class=\"wp-block-heading\" id=\"h-deputy-members-of-the-board\"><strong>Deputy Members of the Board\u00a0<\/strong><\/h2>\n\n\n\n<p>Juha Erkkil\u00e4, Vice President, Market Strategy &amp; Development, Outokumpu<br>Ilkka Uitti, Vice President and Head of Product Unit, Ovako Imatra<br>Hannu Heiskanen, Vice President, Multimetal Recycling, Aurubis<br>Vesa T\u00f6r\u00f6l\u00e4, General Manager, Boliden Kokkola<br>Lauri N\u00e4rhi, Vice President, Performance Solutions, Metso<br>Juha Parkkinen, Manager, Raw Materials &amp; Customers, Norilsk Nickel Harjavalta<br>Antti Kiilakoski, Head Of Supply Chain Management, SSAB Europe<\/p>\n\n\n\n<p>The Secretary of the Board is <strong>Saku Vuori<\/strong>, CEO of the Finnish Steel and Metal Producers Association.<\/p>\n\n\n\n<p><\/p>\n","protected":false},"excerpt":{"rendered":"<p>Members of the Board 2025 Martti Sassi, President, Business Area Ferrochrome, Outokumpu (chair of the board)Klaus Enwald, President and CEO, Ovako ImatraReima M\u00e4kel\u00e4, Production Manager, Aurubis FinlandAntti Kontiainen, General Manager, Boliden HarjavaltaJyrki Makkonen, Vice President, Business line Smelting, MetsoJoni Hautoj\u00e4rvi, Managing Director, Norilsk Nickel HarjavaltaJanne Pirttijoki, Head of Business Unit, SSAB Europe Deputy Members of [&hellip;]<\/p>\n","protected":false},"author":52,"featured_media":0,"parent":802,"menu_order":0,"comment_status":"closed","ping_status":"closed","template":"","meta":{"_acf_changed":false,"_relevanssi_hide_post":"","_relevanssi_hide_content":"","_relevanssi_pin_for_all":"","_relevanssi_pin_keywords":"","_relevanssi_unpin_keywords":"","_relevanssi_related_keywords":"","_relevanssi_related_include_ids":"","_relevanssi_related_exclude_ids":"","_relevanssi_related_no_append":"","_relevanssi_related_not_related":"","_relevanssi_related_posts":"212,256,264,248,754,201","_relevanssi_noindex_reason":"","inline_featured_image":false,"footnotes":""},"class_list":["post-892","page","type-page","status-publish","hentry"],"acf":[],"yoast_head":"<!-- This site is optimized with the Yoast SEO Premium plugin v27.1 (Yoast SEO v27.3) - https:\/\/yoast.com\/product\/yoast-seo-premium-wordpress\/ -->\n<title>Members of the Board - Metallinjalostajat<\/title>\n<meta name=\"robots\" content=\"index, follow, max-snippet:-1, max-image-preview:large, max-video-preview:-1\" \/>\n<link rel=\"canonical\" href=\"https:\/\/teknologiateollisuus.fi\/metallinjalostajat\/en\/about-us\/members-of-the-board\/\" \/>\n<meta property=\"og:locale\" content=\"fi_FI\" \/>\n<meta property=\"og:type\" content=\"article\" \/>\n<meta property=\"og:title\" content=\"Members of the Board\" \/>\n<meta property=\"og:description\" content=\"Members of the Board 2025 Martti Sassi, President, Business Area Ferrochrome, Outokumpu (chair of the board)Klaus Enwald, President and CEO, Ovako ImatraReima M\u00e4kel\u00e4, Production Manager, Aurubis FinlandAntti Kontiainen, General Manager, Boliden HarjavaltaJyrki Makkonen, Vice President, Business line Smelting, MetsoJoni Hautoj\u00e4rvi, Managing Director, Norilsk Nickel HarjavaltaJanne Pirttijoki, Head of Business Unit, SSAB Europe Deputy Members of [&hellip;]\" \/>\n<meta property=\"og:url\" content=\"https:\/\/teknologiateollisuus.fi\/metallinjalostajat\/en\/about-us\/members-of-the-board\/\" \/>\n<meta property=\"og:site_name\" content=\"Metallinjalostajat\" \/>\n<meta property=\"article:modified_time\" content=\"2025-03-06T09:48:19+00:00\" \/>\n<meta name=\"twitter:card\" content=\"summary_large_image\" \/>\n<meta name=\"twitter:label1\" content=\"Arvioitu lukuaika\" \/>\n\t<meta name=\"twitter:data1\" content=\"1 minuutti\" \/>\n<script type=\"application\/ld+json\" class=\"yoast-schema-graph\">{\"@context\":\"https:\\\/\\\/schema.org\",\"@graph\":[{\"@type\":\"WebPage\",\"@id\":\"https:\\\/\\\/teknologiateollisuus.fi\\\/metallinjalostajat\\\/en\\\/about-us\\\/members-of-the-board\\\/\",\"url\":\"https:\\\/\\\/teknologiateollisuus.fi\\\/metallinjalostajat\\\/en\\\/about-us\\\/members-of-the-board\\\/\",\"name\":\"Members of the Board - Metallinjalostajat\",\"isPartOf\":{\"@id\":\"https:\\\/\\\/teknologiateollisuus.fi\\\/metallinjalostajat\\\/#website\"},\"datePublished\":\"2025-03-06T09:48:18+00:00\",\"dateModified\":\"2025-03-06T09:48:19+00:00\",\"breadcrumb\":{\"@id\":\"https:\\\/\\\/teknologiateollisuus.fi\\\/metallinjalostajat\\\/en\\\/about-us\\\/members-of-the-board\\\/#breadcrumb\"},\"inLanguage\":\"fi\",\"potentialAction\":[{\"@type\":\"ReadAction\",\"target\":[\"https:\\\/\\\/teknologiateollisuus.fi\\\/metallinjalostajat\\\/en\\\/about-us\\\/members-of-the-board\\\/\"]}]},{\"@type\":\"BreadcrumbList\",\"@id\":\"https:\\\/\\\/teknologiateollisuus.fi\\\/metallinjalostajat\\\/en\\\/about-us\\\/members-of-the-board\\\/#breadcrumb\",\"itemListElement\":[{\"@type\":\"ListItem\",\"position\":1,\"name\":\"Etusivu\",\"item\":\"https:\\\/\\\/teknologiateollisuus.fi\\\/metallinjalostajat\\\/\"},{\"@type\":\"ListItem\",\"position\":2,\"name\":\"About Us\",\"item\":\"https:\\\/\\\/teknologiateollisuus.fi\\\/metallinjalostajat\\\/en\\\/about-us\\\/\"},{\"@type\":\"ListItem\",\"position\":3,\"name\":\"Members of the Board\"}]},{\"@type\":\"WebSite\",\"@id\":\"https:\\\/\\\/teknologiateollisuus.fi\\\/metallinjalostajat\\\/#website\",\"url\":\"https:\\\/\\\/teknologiateollisuus.fi\\\/metallinjalostajat\\\/\",\"name\":\"Metallinjalostajat\",\"description\":\"\",\"potentialAction\":[{\"@type\":\"SearchAction\",\"target\":{\"@type\":\"EntryPoint\",\"urlTemplate\":\"https:\\\/\\\/teknologiateollisuus.fi\\\/metallinjalostajat\\\/?s={search_term_string}\"},\"query-input\":{\"@type\":\"PropertyValueSpecification\",\"valueRequired\":true,\"valueName\":\"search_term_string\"}}],\"inLanguage\":\"fi\"}]}<\/script>\n<!-- \/ Yoast SEO Premium plugin. -->","yoast_head_json":{"title":"Members of the Board - Metallinjalostajat","robots":{"index":"index","follow":"follow","max-snippet":"max-snippet:-1","max-image-preview":"max-image-preview:large","max-video-preview":"max-video-preview:-1"},"canonical":"https:\/\/teknologiateollisuus.fi\/metallinjalostajat\/en\/about-us\/members-of-the-board\/","og_locale":"fi_FI","og_type":"article","og_title":"Members of the Board","og_description":"Members of the Board 2025 Martti Sassi, President, Business Area Ferrochrome, Outokumpu (chair of the board)Klaus Enwald, President and CEO, Ovako ImatraReima M\u00e4kel\u00e4, Production Manager, Aurubis FinlandAntti Kontiainen, General Manager, Boliden HarjavaltaJyrki Makkonen, Vice President, Business line Smelting, MetsoJoni Hautoj\u00e4rvi, Managing Director, Norilsk Nickel HarjavaltaJanne Pirttijoki, Head of Business Unit, SSAB Europe Deputy Members of [&hellip;]","og_url":"https:\/\/teknologiateollisuus.fi\/metallinjalostajat\/en\/about-us\/members-of-the-board\/","og_site_name":"Metallinjalostajat","article_modified_time":"2025-03-06T09:48:19+00:00","twitter_card":"summary_large_image","twitter_misc":{"Arvioitu lukuaika":"1 minuutti"},"schema":{"@context":"https:\/\/schema.org","@graph":[{"@type":"WebPage","@id":"https:\/\/teknologiateollisuus.fi\/metallinjalostajat\/en\/about-us\/members-of-the-board\/","url":"https:\/\/teknologiateollisuus.fi\/metallinjalostajat\/en\/about-us\/members-of-the-board\/","name":"Members of the Board - Metallinjalostajat","isPartOf":{"@id":"https:\/\/teknologiateollisuus.fi\/metallinjalostajat\/#website"},"datePublished":"2025-03-06T09:48:18+00:00","dateModified":"2025-03-06T09:48:19+00:00","breadcrumb":{"@id":"https:\/\/teknologiateollisuus.fi\/metallinjalostajat\/en\/about-us\/members-of-the-board\/#breadcrumb"},"inLanguage":"fi","potentialAction":[{"@type":"ReadAction","target":["https:\/\/teknologiateollisuus.fi\/metallinjalostajat\/en\/about-us\/members-of-the-board\/"]}]},{"@type":"BreadcrumbList","@id":"https:\/\/teknologiateollisuus.fi\/metallinjalostajat\/en\/about-us\/members-of-the-board\/#breadcrumb","itemListElement":[{"@type":"ListItem","position":1,"name":"Etusivu","item":"https:\/\/teknologiateollisuus.fi\/metallinjalostajat\/"},{"@type":"ListItem","position":2,"name":"About Us","item":"https:\/\/teknologiateollisuus.fi\/metallinjalostajat\/en\/about-us\/"},{"@type":"ListItem","position":3,"name":"Members of the Board"}]},{"@type":"WebSite","@id":"https:\/\/teknologiateollisuus.fi\/metallinjalostajat\/#website","url":"https:\/\/teknologiateollisuus.fi\/metallinjalostajat\/","name":"Metallinjalostajat","description":"","potentialAction":[{"@type":"SearchAction","target":{"@type":"EntryPoint","urlTemplate":"https:\/\/teknologiateollisuus.fi\/metallinjalostajat\/?s={search_term_string}"},"query-input":{"@type":"PropertyValueSpecification","valueRequired":true,"valueName":"search_term_string"}}],"inLanguage":"fi"}]}},"lang":"en","translations":{"en":892},"pll_sync_post":[],"_links":{"self":[{"href":"https:\/\/teknologiateollisuus.fi\/metallinjalostajat\/wp-json\/wp\/v2\/pages\/892","targetHints":{"allow":["GET"]}}],"collection":[{"href":"https:\/\/teknologiateollisuus.fi\/metallinjalostajat\/wp-json\/wp\/v2\/pages"}],"about":[{"href":"https:\/\/teknologiateollisuus.fi\/metallinjalostajat\/wp-json\/wp\/v2\/types\/page"}],"author":[{"embeddable":true,"href":"https:\/\/teknologiateollisuus.fi\/metallinjalostajat\/wp-json\/wp\/v2\/users\/52"}],"replies":[{"embeddable":true,"href":"https:\/\/teknologiateollisuus.fi\/metallinjalostajat\/wp-json\/wp\/v2\/comments?post=892"}],"version-history":[{"count":1,"href":"https:\/\/teknologiateollisuus.fi\/metallinjalostajat\/wp-json\/wp\/v2\/pages\/892\/revisions"}],"predecessor-version":[{"id":893,"href":"https:\/\/teknologiateollisuus.fi\/metallinjalostajat\/wp-json\/wp\/v2\/pages\/892\/revisions\/893"}],"up":[{"embeddable":true,"href":"https:\/\/teknologiateollisuus.fi\/metallinjalostajat\/wp-json\/wp\/v2\/pages\/802"}],"wp:attachment":[{"href":"https:\/\/teknologiateollisuus.fi\/metallinjalostajat\/wp-json\/wp\/v2\/media?parent=892"}],"curies":[{"name":"wp","href":"https:\/\/api.w.org\/{rel}","templated":true}]}}