{"id":337,"date":"2024-11-27T00:17:21","date_gmt":"2024-11-26T22:17:21","guid":{"rendered":"https:\/\/teknologiateollisuus.fi\/pia\/?page_id=337"},"modified":"2025-10-21T13:17:12","modified_gmt":"2025-10-21T10:17:12","slug":"toihin-puolustusteollisuudelle","status":"publish","type":"page","link":"https:\/\/teknologiateollisuus.fi\/pia\/toimiala\/toihin-puolustusteollisuudelle\/","title":{"rendered":"T\u00f6ihin toimialalle"},"content":{"rendered":"\n<div class=\"em-block-hero hero-has-background-color has-background has-petrol-background-color has-image media-position-right \">\n\t<div class=\"em-block-hero__container\">\n\t\t<div class=\"em-block-hero__content\">\n\t\t\t<div class=\"yoast-breadcrumbs\"><span><span><a href=\"https:\/\/teknologiateollisuus.fi\/pia\/\">Etusivu<\/a><\/span> <span class=\"separator\"><\/span> <span><a href=\"https:\/\/teknologiateollisuus.fi\/pia\/toimiala\/\">Toimiala<\/a><\/span> <span class=\"separator\"><\/span> <span class=\"breadcrumb_last\" aria-current=\"page\">T\u00f6ihin toimialalle<\/span><\/span><\/div>\t\t\t\n<h1 class=\"wp-block-heading\" id=\"h-puolustus-ilmailu-avaruus-ja-turvallisuusteollisuuden-merkitys-kasvaa-ala-tarvitsee-uusia-osaajia\">Puolustus-, ilmailu-, avaruus- ja turvallisuusteollisuuden merkitys kasvaa &#8211; ala tarvitsee uusia osaajia<\/h1>\n\n<p>Tervetuloa tekem\u00e4\u00e4n t\u00f6it\u00e4 kokonaisturvallisuuden ytimeen.<\/p>\n\t\t\t\t\t<\/div>\n\t\t\t\t\t<figure class=\"em-block-hero__image\">\n\t\t\t\t<img loading=\"lazy\" decoding=\"async\" width=\"1044\" height=\"696\" src=\"https:\/\/teknologiateollisuus.fi\/pia\/wp-content\/uploads\/sites\/13\/2025\/02\/Contact-laalaa.jpeg\" class=\"attachment-hero size-hero\" alt=\"\" srcset=\"https:\/\/teknologiateollisuus.fi\/pia\/wp-content\/uploads\/sites\/13\/2025\/02\/Contact-laalaa.jpeg 1044w, https:\/\/teknologiateollisuus.fi\/pia\/wp-content\/uploads\/sites\/13\/2025\/02\/Contact-laalaa-400x267.jpeg 400w, https:\/\/teknologiateollisuus.fi\/pia\/wp-content\/uploads\/sites\/13\/2025\/02\/Contact-laalaa-968x645.jpeg 968w, https:\/\/teknologiateollisuus.fi\/pia\/wp-content\/uploads\/sites\/13\/2025\/02\/Contact-laalaa-768x512.jpeg 768w\" sizes=\"auto, (max-width: 1044px) 100vw, 1044px\" \/>\t\t\t<\/figure>\n\t\t\t<\/div>\n<\/div>\n\n\n\n<h2 class=\"wp-block-heading\" id=\"h-toimialan-tyopaikat\" id=\"toimialan-tyopaikat\">Toimialan ty\u00f6paikat<\/h2>\n\n\n\n<p>Puolustus-, ilmailu, avaruus- ja turvallisuusteollisuus tarjoaa monipuolisia ty\u00f6mahdollisuuksia erilaisille osaamistaustoille.<\/p>\n\n\n\n<p>Klikkaamalla <a href=\"https:\/\/teknologiateollisuus.fi\/pia\/toimiala\/\">linkki\u00e4<\/a> p\u00e4\u00e4set j\u00e4senyritystemme verkkosivuille. Kaikilla yrityksill\u00e4 ei v\u00e4ltt\u00e4m\u00e4tt\u00e4 ole erillist\u00e4 ty\u00f6nhakuosiota.<\/p>\n\n\n\n<p>Tule tekem\u00e4\u00e4n merkityksellist\u00e4 ty\u00f6t\u00e4 Suomen edun puolesta!<\/p>\n\n\n\n<p><br><em>Yl\u00e4kuva: Liisa Takala<\/em><\/p>\n","protected":false},"excerpt":{"rendered":"<p>Toimialan ty\u00f6paikat Puolustus-, ilmailu, avaruus- ja turvallisuusteollisuus tarjoaa monipuolisia ty\u00f6mahdollisuuksia erilaisille osaamistaustoille. Klikkaamalla linkki\u00e4 p\u00e4\u00e4set j\u00e4senyritystemme verkkosivuille. Kaikilla yrityksill\u00e4 ei v\u00e4ltt\u00e4m\u00e4tt\u00e4 ole erillist\u00e4 ty\u00f6nhakuosiota. Tule tekem\u00e4\u00e4n merkityksellist\u00e4 ty\u00f6t\u00e4 Suomen edun puolesta! Yl\u00e4kuva: Liisa Takala<\/p>\n","protected":false},"author":355,"featured_media":0,"parent":120,"menu_order":0,"comment_status":"closed","ping_status":"closed","template":"","meta":{"_acf_changed":false,"_relevanssi_hide_post":"","_relevanssi_hide_content":"","_relevanssi_pin_for_all":"","_relevanssi_pin_keywords":"","_relevanssi_unpin_keywords":"","_relevanssi_related_keywords":"","_relevanssi_related_include_ids":"","_relevanssi_related_exclude_ids":"","_relevanssi_related_no_append":"","_relevanssi_related_not_related":"","_relevanssi_related_posts":"54,48,53","_relevanssi_noindex_reason":"","inline_featured_image":false,"footnotes":""},"class_list":["post-337","page","type-page","status-publish","hentry"],"acf":[],"yoast_head":"<!-- This site is optimized with the Yoast SEO Premium plugin v27.1 (Yoast SEO v27.3) - https:\/\/yoast.com\/product\/yoast-seo-premium-wordpress\/ -->\n<title>T\u00f6ihin toimialalle - Pia-ry.fi<\/title>\n<meta name=\"robots\" content=\"index, follow, max-snippet:-1, max-image-preview:large, max-video-preview:-1\" \/>\n<link rel=\"canonical\" href=\"https:\/\/teknologiateollisuus.fi\/pia\/toimiala\/toihin-puolustusteollisuudelle\/\" \/>\n<meta property=\"og:locale\" content=\"fi_FI\" \/>\n<meta property=\"og:type\" content=\"article\" \/>\n<meta property=\"og:title\" content=\"T\u00f6ihin toimialalle\" \/>\n<meta property=\"og:description\" content=\"Toimialan ty\u00f6paikat Puolustus-, ilmailu, avaruus- ja turvallisuusteollisuus tarjoaa monipuolisia ty\u00f6mahdollisuuksia erilaisille osaamistaustoille. Klikkaamalla linkki\u00e4 p\u00e4\u00e4set j\u00e4senyritystemme verkkosivuille. Kaikilla yrityksill\u00e4 ei v\u00e4ltt\u00e4m\u00e4tt\u00e4 ole erillist\u00e4 ty\u00f6nhakuosiota. Tule tekem\u00e4\u00e4n merkityksellist\u00e4 ty\u00f6t\u00e4 Suomen edun puolesta! Yl\u00e4kuva: Liisa Takala\" \/>\n<meta property=\"og:url\" content=\"https:\/\/teknologiateollisuus.fi\/pia\/toimiala\/toihin-puolustusteollisuudelle\/\" \/>\n<meta property=\"og:site_name\" content=\"Pia-ry.fi\" \/>\n<meta property=\"article:modified_time\" content=\"2025-10-21T10:17:12+00:00\" \/>\n<meta name=\"twitter:card\" content=\"summary_large_image\" \/>\n<meta name=\"twitter:label1\" content=\"Arvioitu lukuaika\" \/>\n\t<meta name=\"twitter:data1\" content=\"1 minuutti\" \/>\n<script type=\"application\/ld+json\" class=\"yoast-schema-graph\">{\"@context\":\"https:\\\/\\\/schema.org\",\"@graph\":[{\"@type\":\"WebPage\",\"@id\":\"https:\\\/\\\/teknologiateollisuus.fi\\\/pia\\\/toimiala\\\/toihin-puolustusteollisuudelle\\\/\",\"url\":\"https:\\\/\\\/teknologiateollisuus.fi\\\/pia\\\/toimiala\\\/toihin-puolustusteollisuudelle\\\/\",\"name\":\"T\u00f6ihin toimialalle - Pia-ry.fi\",\"isPartOf\":{\"@id\":\"https:\\\/\\\/teknologiateollisuus.fi\\\/pia\\\/#website\"},\"datePublished\":\"2024-11-26T22:17:21+00:00\",\"dateModified\":\"2025-10-21T10:17:12+00:00\",\"breadcrumb\":{\"@id\":\"https:\\\/\\\/teknologiateollisuus.fi\\\/pia\\\/toimiala\\\/toihin-puolustusteollisuudelle\\\/#breadcrumb\"},\"inLanguage\":\"fi\",\"potentialAction\":[{\"@type\":\"ReadAction\",\"target\":[\"https:\\\/\\\/teknologiateollisuus.fi\\\/pia\\\/toimiala\\\/toihin-puolustusteollisuudelle\\\/\"]}]},{\"@type\":\"BreadcrumbList\",\"@id\":\"https:\\\/\\\/teknologiateollisuus.fi\\\/pia\\\/toimiala\\\/toihin-puolustusteollisuudelle\\\/#breadcrumb\",\"itemListElement\":[{\"@type\":\"ListItem\",\"position\":1,\"name\":\"Etusivu\",\"item\":\"https:\\\/\\\/teknologiateollisuus.fi\\\/pia\\\/\"},{\"@type\":\"ListItem\",\"position\":2,\"name\":\"Toimiala\",\"item\":\"https:\\\/\\\/teknologiateollisuus.fi\\\/pia\\\/toimiala\\\/\"},{\"@type\":\"ListItem\",\"position\":3,\"name\":\"T\u00f6ihin toimialalle\"}]},{\"@type\":\"WebSite\",\"@id\":\"https:\\\/\\\/teknologiateollisuus.fi\\\/pia\\\/#website\",\"url\":\"https:\\\/\\\/teknologiateollisuus.fi\\\/pia\\\/\",\"name\":\"Pia-ry.fi\",\"description\":\"\",\"potentialAction\":[{\"@type\":\"SearchAction\",\"target\":{\"@type\":\"EntryPoint\",\"urlTemplate\":\"https:\\\/\\\/teknologiateollisuus.fi\\\/pia\\\/?s={search_term_string}\"},\"query-input\":{\"@type\":\"PropertyValueSpecification\",\"valueRequired\":true,\"valueName\":\"search_term_string\"}}],\"inLanguage\":\"fi\"}]}<\/script>\n<!-- \/ Yoast SEO Premium plugin. -->","yoast_head_json":{"title":"T\u00f6ihin toimialalle - Pia-ry.fi","robots":{"index":"index","follow":"follow","max-snippet":"max-snippet:-1","max-image-preview":"max-image-preview:large","max-video-preview":"max-video-preview:-1"},"canonical":"https:\/\/teknologiateollisuus.fi\/pia\/toimiala\/toihin-puolustusteollisuudelle\/","og_locale":"fi_FI","og_type":"article","og_title":"T\u00f6ihin toimialalle","og_description":"Toimialan ty\u00f6paikat Puolustus-, ilmailu, avaruus- ja turvallisuusteollisuus tarjoaa monipuolisia ty\u00f6mahdollisuuksia erilaisille osaamistaustoille. Klikkaamalla linkki\u00e4 p\u00e4\u00e4set j\u00e4senyritystemme verkkosivuille. Kaikilla yrityksill\u00e4 ei v\u00e4ltt\u00e4m\u00e4tt\u00e4 ole erillist\u00e4 ty\u00f6nhakuosiota. Tule tekem\u00e4\u00e4n merkityksellist\u00e4 ty\u00f6t\u00e4 Suomen edun puolesta! Yl\u00e4kuva: Liisa Takala","og_url":"https:\/\/teknologiateollisuus.fi\/pia\/toimiala\/toihin-puolustusteollisuudelle\/","og_site_name":"Pia-ry.fi","article_modified_time":"2025-10-21T10:17:12+00:00","twitter_card":"summary_large_image","twitter_misc":{"Arvioitu lukuaika":"1 minuutti"},"schema":{"@context":"https:\/\/schema.org","@graph":[{"@type":"WebPage","@id":"https:\/\/teknologiateollisuus.fi\/pia\/toimiala\/toihin-puolustusteollisuudelle\/","url":"https:\/\/teknologiateollisuus.fi\/pia\/toimiala\/toihin-puolustusteollisuudelle\/","name":"T\u00f6ihin toimialalle - Pia-ry.fi","isPartOf":{"@id":"https:\/\/teknologiateollisuus.fi\/pia\/#website"},"datePublished":"2024-11-26T22:17:21+00:00","dateModified":"2025-10-21T10:17:12+00:00","breadcrumb":{"@id":"https:\/\/teknologiateollisuus.fi\/pia\/toimiala\/toihin-puolustusteollisuudelle\/#breadcrumb"},"inLanguage":"fi","potentialAction":[{"@type":"ReadAction","target":["https:\/\/teknologiateollisuus.fi\/pia\/toimiala\/toihin-puolustusteollisuudelle\/"]}]},{"@type":"BreadcrumbList","@id":"https:\/\/teknologiateollisuus.fi\/pia\/toimiala\/toihin-puolustusteollisuudelle\/#breadcrumb","itemListElement":[{"@type":"ListItem","position":1,"name":"Etusivu","item":"https:\/\/teknologiateollisuus.fi\/pia\/"},{"@type":"ListItem","position":2,"name":"Toimiala","item":"https:\/\/teknologiateollisuus.fi\/pia\/toimiala\/"},{"@type":"ListItem","position":3,"name":"T\u00f6ihin toimialalle"}]},{"@type":"WebSite","@id":"https:\/\/teknologiateollisuus.fi\/pia\/#website","url":"https:\/\/teknologiateollisuus.fi\/pia\/","name":"Pia-ry.fi","description":"","potentialAction":[{"@type":"SearchAction","target":{"@type":"EntryPoint","urlTemplate":"https:\/\/teknologiateollisuus.fi\/pia\/?s={search_term_string}"},"query-input":{"@type":"PropertyValueSpecification","valueRequired":true,"valueName":"search_term_string"}}],"inLanguage":"fi"}]}},"lang":"fi","translations":{"fi":337},"pll_sync_post":[],"_links":{"self":[{"href":"https:\/\/teknologiateollisuus.fi\/pia\/wp-json\/wp\/v2\/pages\/337","targetHints":{"allow":["GET"]}}],"collection":[{"href":"https:\/\/teknologiateollisuus.fi\/pia\/wp-json\/wp\/v2\/pages"}],"about":[{"href":"https:\/\/teknologiateollisuus.fi\/pia\/wp-json\/wp\/v2\/types\/page"}],"author":[{"embeddable":true,"href":"https:\/\/teknologiateollisuus.fi\/pia\/wp-json\/wp\/v2\/users\/355"}],"replies":[{"embeddable":true,"href":"https:\/\/teknologiateollisuus.fi\/pia\/wp-json\/wp\/v2\/comments?post=337"}],"version-history":[{"count":18,"href":"https:\/\/teknologiateollisuus.fi\/pia\/wp-json\/wp\/v2\/pages\/337\/revisions"}],"predecessor-version":[{"id":1002,"href":"https:\/\/teknologiateollisuus.fi\/pia\/wp-json\/wp\/v2\/pages\/337\/revisions\/1002"}],"up":[{"embeddable":true,"href":"https:\/\/teknologiateollisuus.fi\/pia\/wp-json\/wp\/v2\/pages\/120"}],"wp:attachment":[{"href":"https:\/\/teknologiateollisuus.fi\/pia\/wp-json\/wp\/v2\/media?parent=337"}],"curies":[{"name":"wp","href":"https:\/\/api.w.org\/{rel}","templated":true}]}}