{"id":120,"date":"2024-06-06T12:03:19","date_gmt":"2024-06-06T09:03:19","guid":{"rendered":"https:\/\/teknologiateollisuus.fi\/skol\/?page_id=120"},"modified":"2026-03-12T10:33:32","modified_gmt":"2026-03-12T08:33:32","slug":"tietoa-meista","status":"publish","type":"page","link":"https:\/\/teknologiateollisuus.fi\/skol\/tietoa-meista\/","title":{"rendered":"Tietoa meist\u00e4"},"content":{"rendered":"\n<div class=\"em-block-hero hero-has-background-color has-background has-violet-background-color has-image media-position-background \">\n\t<div class=\"em-block-hero__container\">\n\t\t<div class=\"em-block-hero__content\">\n\t\t\t<div class=\"yoast-breadcrumbs\"><span><span><a href=\"https:\/\/teknologiateollisuus.fi\/skol\/\">Etusivu<\/a><\/span> <span class=\"separator\"><\/span> <span class=\"breadcrumb_last\" aria-current=\"page\">Tietoa meist\u00e4<\/span><\/span><\/div>\t\t\t\n<h1 class=\"wp-block-heading\" id=\"h-skol-ry\">SKOL ry<\/h1>\n\t\t\t<div class=\"em-block-hero__modified-date\"> P\u00e4ivitetty 12.03.2026 klo 10:33<\/div>\t\t<\/div>\n\t\t\t\t\t<figure class=\"em-block-hero__image\">\n\t\t\t\t<img loading=\"lazy\" decoding=\"async\" width=\"8192\" height=\"5464\" src=\"https:\/\/teknologiateollisuus.fi\/skol\/wp-content\/uploads\/sites\/6\/2025\/02\/SKOL_7793.jpg\" class=\"attachment-hero size-hero\" alt=\"Lasikattoinen k\u00e4yt\u00e4v\u00e4, josta avautuu n\u00e4kym\u00e4 kahden modernin toimistorakennuksen v\u00e4liin.\" srcset=\"https:\/\/teknologiateollisuus.fi\/skol\/wp-content\/uploads\/sites\/6\/2025\/02\/SKOL_7793.jpg 8192w, https:\/\/teknologiateollisuus.fi\/skol\/wp-content\/uploads\/sites\/6\/2025\/02\/SKOL_7793-400x267.jpg 400w, https:\/\/teknologiateollisuus.fi\/skol\/wp-content\/uploads\/sites\/6\/2025\/02\/SKOL_7793-968x646.jpg 968w, https:\/\/teknologiateollisuus.fi\/skol\/wp-content\/uploads\/sites\/6\/2025\/02\/SKOL_7793-768x512.jpg 768w, https:\/\/teknologiateollisuus.fi\/skol\/wp-content\/uploads\/sites\/6\/2025\/02\/SKOL_7793-1536x1025.jpg 1536w, https:\/\/teknologiateollisuus.fi\/skol\/wp-content\/uploads\/sites\/6\/2025\/02\/SKOL_7793-1300x867.jpg 1300w, https:\/\/teknologiateollisuus.fi\/skol\/wp-content\/uploads\/sites\/6\/2025\/02\/SKOL_7793-1440x960.jpg 1440w\" sizes=\"auto, (max-width: 8192px) 100vw, 8192px\" \/>\t\t\t<\/figure>\n\t\t\t<\/div>\n<\/div>\n\n\n\n<p>SKOL ry on suunnittelu- ja konsultointialan yritysten toimialaj\u00e4rjest\u00f6. Edist\u00e4mme hyv\u00e4\u00e4 suomalaista suunnittelua ja konsultointia, joka ratkaisee yhteiskunnan ja elinkeinoel\u00e4m\u00e4n merkitt\u00e4vi\u00e4 tulevaisuuden haasteita. SKOL on&nbsp;<a href=\"https:\/\/teknologiateollisuus.fi\/\">Teknologiateollisuuden<\/a>&nbsp;j\u00e4sen&nbsp;ja suunnittelu- ja konsultointiala on yksi Teknologiateollisuuden viidest\u00e4 p\u00e4\u00e4toimialasta.<\/p>\n\n\n\n<p>SKOL ry:n toimisto sijaitsee osoitteessa Etel\u00e4ranta 10, 00130 Helsinki.<\/p>\n\n\n\n<p>SKOLiin kuuluu 108 yrityst\u00e4, jotka ty\u00f6llist\u00e4v\u00e4t noin 21\u00a0000 henke\u00e4. Liikevaihdon n\u00e4k\u00f6kulmasta suurin sektori on teollisuus, toiseksi suurin on talonrakentaminen ja kolmantena tulee infrasektori.\u00a0Tarkempia tietoja SKOLin j\u00e4senyritysten toimialajakaumasta ja henkil\u00f6st\u00f6m\u00e4\u00e4rist\u00e4 l\u00f6yd\u00e4t\u00a0SKOLin liikevaihtotilastosta.<\/p>\n\n\n\n<p>SKOLin teht\u00e4v\u00e4n\u00e4 on muun muassa<\/p>\n\n\n\n<ul class=\"wp-block-list is-style-styled\">\n<li>edist\u00e4\u00e4 suunnittelu- ja konsultointialan toimintaymp\u00e4rist\u00f6n kehittymist\u00e4 vaikuttamalla j\u00e4seni\u00e4 koskevaan lains\u00e4\u00e4d\u00e4nt\u00f6\u00f6n, viranomaism\u00e4\u00e4r\u00e4yksiin ja -k\u00e4yt\u00e4nt\u00f6\u00f6n sek\u00e4 vallitsevaan sopimus- ja toimintakulttuuriin<\/li>\n\n\n\n<li>edist\u00e4\u00e4 asiakkaille lis\u00e4arvoa tuottavien kumppanuuksien syntymist\u00e4 SKOLin j\u00e4senyritysten ja asiakkaiden v\u00e4lill\u00e4<\/li>\n\n\n\n<li>vaikuttaa yliopisto- ja ammattikorkeakoulutuksen sis\u00e4lt\u00f6\u00f6n ja opiskelijam\u00e4\u00e4riin<\/li>\n\n\n\n<li>parantaa suunnittelu- ja konsultointialan&nbsp;vetovoimaisuutta parhaiden osaajien saamiseksi alalle<\/li>\n\n\n\n<li>edist\u00e4\u00e4 j\u00e4senyritysten kansainv\u00e4listymist\u00e4<\/li>\n\n\n\n<li>toimia n\u00e4kyv\u00e4n\u00e4&nbsp;ja arvostettuna edunvalvojana osana Teknologiateollisuutta.&nbsp;&nbsp;&nbsp;<\/li>\n<\/ul>\n\n\n\n<p>J\u00e4senyrityksemme toimivat puolueettomasti, riippumattomasti ja yhteiskunnan asettamien velvoitteiden mukaisesti sek\u00e4 noudattavat toiminnassaan SKOLin eettisi\u00e4 s\u00e4\u00e4nt\u00f6j\u00e4. &nbsp;&nbsp;<\/p>\n\n\n\n<p><em>Yl\u00e4kuva: Liisa Takala<\/em><\/p>\n","protected":false},"excerpt":{"rendered":"<p>SKOL ry on suunnittelu- ja konsultointialan yritysten toimialaj\u00e4rjest\u00f6. Edist\u00e4mme hyv\u00e4\u00e4 suomalaista suunnittelua ja konsultointia, joka ratkaisee yhteiskunnan ja elinkeinoel\u00e4m\u00e4n merkitt\u00e4vi\u00e4 tulevaisuuden haasteita. SKOL on&nbsp;Teknologiateollisuuden&nbsp;j\u00e4sen&nbsp;ja suunnittelu- ja konsultointiala on yksi Teknologiateollisuuden viidest\u00e4 p\u00e4\u00e4toimialasta. SKOL ry:n toimisto sijaitsee osoitteessa Etel\u00e4ranta 10, 00130 Helsinki. SKOLiin kuuluu 108 yrityst\u00e4, jotka ty\u00f6llist\u00e4v\u00e4t noin 21\u00a0000 henke\u00e4. Liikevaihdon n\u00e4k\u00f6kulmasta suurin sektori on [&hellip;]<\/p>\n","protected":false},"author":50,"featured_media":0,"parent":0,"menu_order":0,"comment_status":"closed","ping_status":"closed","template":"","meta":{"_acf_changed":false,"_relevanssi_hide_post":"","_relevanssi_hide_content":"","_relevanssi_pin_for_all":"","_relevanssi_pin_keywords":"","_relevanssi_unpin_keywords":"","_relevanssi_related_keywords":"","_relevanssi_related_include_ids":"","_relevanssi_related_exclude_ids":"","_relevanssi_related_no_append":"","_relevanssi_related_not_related":"","_relevanssi_related_posts":"56,53,55,54,57,48","_relevanssi_noindex_reason":"Yoast SEO Relevanssin indeksointiesto","inline_featured_image":false,"footnotes":""},"class_list":["post-120","page","type-page","status-publish","hentry"],"acf":[],"yoast_head":"<!-- This site is optimized with the Yoast SEO Premium plugin v27.1 (Yoast SEO v27.4) - https:\/\/yoast.com\/product\/yoast-seo-premium-wordpress\/ -->\n<title>Tietoa meist\u00e4 - Skol<\/title>\n<meta name=\"robots\" content=\"index, follow, max-snippet:-1, max-image-preview:large, max-video-preview:-1\" \/>\n<link rel=\"canonical\" href=\"https:\/\/teknologiateollisuus.fi\/skol\/tietoa-meista\/\" \/>\n<meta property=\"og:locale\" content=\"fi_FI\" \/>\n<meta property=\"og:type\" content=\"article\" \/>\n<meta property=\"og:title\" content=\"Tietoa meist\u00e4\" \/>\n<meta property=\"og:description\" content=\"SKOL ry on suunnittelu- ja konsultointialan yritysten toimialaj\u00e4rjest\u00f6. Edist\u00e4mme hyv\u00e4\u00e4 suomalaista suunnittelua ja konsultointia, joka ratkaisee yhteiskunnan ja elinkeinoel\u00e4m\u00e4n merkitt\u00e4vi\u00e4 tulevaisuuden haasteita. SKOL on&nbsp;Teknologiateollisuuden&nbsp;j\u00e4sen&nbsp;ja suunnittelu- ja konsultointiala on yksi Teknologiateollisuuden viidest\u00e4 p\u00e4\u00e4toimialasta. SKOL ry:n toimisto sijaitsee osoitteessa Etel\u00e4ranta 10, 00130 Helsinki. SKOLiin kuuluu 108 yrityst\u00e4, jotka ty\u00f6llist\u00e4v\u00e4t noin 21\u00a0000 henke\u00e4. Liikevaihdon n\u00e4k\u00f6kulmasta suurin sektori on [&hellip;]\" \/>\n<meta property=\"og:url\" content=\"https:\/\/teknologiateollisuus.fi\/skol\/tietoa-meista\/\" \/>\n<meta property=\"og:site_name\" content=\"Skol\" \/>\n<meta property=\"article:modified_time\" content=\"2026-03-12T08:33:32+00:00\" \/>\n<meta name=\"twitter:card\" content=\"summary_large_image\" \/>\n<meta name=\"twitter:label1\" content=\"Arvioitu lukuaika\" \/>\n\t<meta name=\"twitter:data1\" content=\"1 minuutti\" \/>\n<script type=\"application\/ld+json\" class=\"yoast-schema-graph\">{\"@context\":\"https:\\\/\\\/schema.org\",\"@graph\":[{\"@type\":\"WebPage\",\"@id\":\"https:\\\/\\\/teknologiateollisuus.fi\\\/skol\\\/tietoa-meista\\\/\",\"url\":\"https:\\\/\\\/teknologiateollisuus.fi\\\/skol\\\/tietoa-meista\\\/\",\"name\":\"Tietoa meist\u00e4 - Skol\",\"isPartOf\":{\"@id\":\"https:\\\/\\\/teknologiateollisuus.fi\\\/skol\\\/#website\"},\"datePublished\":\"2024-06-06T09:03:19+00:00\",\"dateModified\":\"2026-03-12T08:33:32+00:00\",\"breadcrumb\":{\"@id\":\"https:\\\/\\\/teknologiateollisuus.fi\\\/skol\\\/tietoa-meista\\\/#breadcrumb\"},\"inLanguage\":\"fi\",\"potentialAction\":[{\"@type\":\"ReadAction\",\"target\":[\"https:\\\/\\\/teknologiateollisuus.fi\\\/skol\\\/tietoa-meista\\\/\"]}]},{\"@type\":\"BreadcrumbList\",\"@id\":\"https:\\\/\\\/teknologiateollisuus.fi\\\/skol\\\/tietoa-meista\\\/#breadcrumb\",\"itemListElement\":[{\"@type\":\"ListItem\",\"position\":1,\"name\":\"Etusivu\",\"item\":\"https:\\\/\\\/teknologiateollisuus.fi\\\/skol\\\/\"},{\"@type\":\"ListItem\",\"position\":2,\"name\":\"Tietoa meist\u00e4\"}]},{\"@type\":\"WebSite\",\"@id\":\"https:\\\/\\\/teknologiateollisuus.fi\\\/skol\\\/#website\",\"url\":\"https:\\\/\\\/teknologiateollisuus.fi\\\/skol\\\/\",\"name\":\"Skol\",\"description\":\"\",\"potentialAction\":[{\"@type\":\"SearchAction\",\"target\":{\"@type\":\"EntryPoint\",\"urlTemplate\":\"https:\\\/\\\/teknologiateollisuus.fi\\\/skol\\\/?s={search_term_string}\"},\"query-input\":{\"@type\":\"PropertyValueSpecification\",\"valueRequired\":true,\"valueName\":\"search_term_string\"}}],\"inLanguage\":\"fi\"}]}<\/script>\n<!-- \/ Yoast SEO Premium plugin. -->","yoast_head_json":{"title":"Tietoa meist\u00e4 - Skol","robots":{"index":"index","follow":"follow","max-snippet":"max-snippet:-1","max-image-preview":"max-image-preview:large","max-video-preview":"max-video-preview:-1"},"canonical":"https:\/\/teknologiateollisuus.fi\/skol\/tietoa-meista\/","og_locale":"fi_FI","og_type":"article","og_title":"Tietoa meist\u00e4","og_description":"SKOL ry on suunnittelu- ja konsultointialan yritysten toimialaj\u00e4rjest\u00f6. Edist\u00e4mme hyv\u00e4\u00e4 suomalaista suunnittelua ja konsultointia, joka ratkaisee yhteiskunnan ja elinkeinoel\u00e4m\u00e4n merkitt\u00e4vi\u00e4 tulevaisuuden haasteita. SKOL on&nbsp;Teknologiateollisuuden&nbsp;j\u00e4sen&nbsp;ja suunnittelu- ja konsultointiala on yksi Teknologiateollisuuden viidest\u00e4 p\u00e4\u00e4toimialasta. SKOL ry:n toimisto sijaitsee osoitteessa Etel\u00e4ranta 10, 00130 Helsinki. SKOLiin kuuluu 108 yrityst\u00e4, jotka ty\u00f6llist\u00e4v\u00e4t noin 21\u00a0000 henke\u00e4. Liikevaihdon n\u00e4k\u00f6kulmasta suurin sektori on [&hellip;]","og_url":"https:\/\/teknologiateollisuus.fi\/skol\/tietoa-meista\/","og_site_name":"Skol","article_modified_time":"2026-03-12T08:33:32+00:00","twitter_card":"summary_large_image","twitter_misc":{"Arvioitu lukuaika":"1 minuutti"},"schema":{"@context":"https:\/\/schema.org","@graph":[{"@type":"WebPage","@id":"https:\/\/teknologiateollisuus.fi\/skol\/tietoa-meista\/","url":"https:\/\/teknologiateollisuus.fi\/skol\/tietoa-meista\/","name":"Tietoa meist\u00e4 - Skol","isPartOf":{"@id":"https:\/\/teknologiateollisuus.fi\/skol\/#website"},"datePublished":"2024-06-06T09:03:19+00:00","dateModified":"2026-03-12T08:33:32+00:00","breadcrumb":{"@id":"https:\/\/teknologiateollisuus.fi\/skol\/tietoa-meista\/#breadcrumb"},"inLanguage":"fi","potentialAction":[{"@type":"ReadAction","target":["https:\/\/teknologiateollisuus.fi\/skol\/tietoa-meista\/"]}]},{"@type":"BreadcrumbList","@id":"https:\/\/teknologiateollisuus.fi\/skol\/tietoa-meista\/#breadcrumb","itemListElement":[{"@type":"ListItem","position":1,"name":"Etusivu","item":"https:\/\/teknologiateollisuus.fi\/skol\/"},{"@type":"ListItem","position":2,"name":"Tietoa meist\u00e4"}]},{"@type":"WebSite","@id":"https:\/\/teknologiateollisuus.fi\/skol\/#website","url":"https:\/\/teknologiateollisuus.fi\/skol\/","name":"Skol","description":"","potentialAction":[{"@type":"SearchAction","target":{"@type":"EntryPoint","urlTemplate":"https:\/\/teknologiateollisuus.fi\/skol\/?s={search_term_string}"},"query-input":{"@type":"PropertyValueSpecification","valueRequired":true,"valueName":"search_term_string"}}],"inLanguage":"fi"}]}},"lang":"fi","translations":{"fi":120},"pll_sync_post":[],"_links":{"self":[{"href":"https:\/\/teknologiateollisuus.fi\/skol\/wp-json\/wp\/v2\/pages\/120","targetHints":{"allow":["GET"]}}],"collection":[{"href":"https:\/\/teknologiateollisuus.fi\/skol\/wp-json\/wp\/v2\/pages"}],"about":[{"href":"https:\/\/teknologiateollisuus.fi\/skol\/wp-json\/wp\/v2\/types\/page"}],"author":[{"embeddable":true,"href":"https:\/\/teknologiateollisuus.fi\/skol\/wp-json\/wp\/v2\/users\/50"}],"replies":[{"embeddable":true,"href":"https:\/\/teknologiateollisuus.fi\/skol\/wp-json\/wp\/v2\/comments?post=120"}],"version-history":[{"count":20,"href":"https:\/\/teknologiateollisuus.fi\/skol\/wp-json\/wp\/v2\/pages\/120\/revisions"}],"predecessor-version":[{"id":3322,"href":"https:\/\/teknologiateollisuus.fi\/skol\/wp-json\/wp\/v2\/pages\/120\/revisions\/3322"}],"wp:attachment":[{"href":"https:\/\/teknologiateollisuus.fi\/skol\/wp-json\/wp\/v2\/media?parent=120"}],"curies":[{"name":"wp","href":"https:\/\/api.w.org\/{rel}","templated":true}]}}